{"id":16907,"date":"2024-07-10T14:05:58","date_gmt":"2024-07-10T14:05:58","guid":{"rendered":"https:\/\/www.karinibutiik.ee\/?post_type=product&#038;p=16907"},"modified":"2025-07-01T00:50:17","modified_gmt":"2025-06-30T21:50:17","slug":"pikkade-varrukatega-maksikleit","status":"publish","type":"product","link":"https:\/\/www.karinibutiik.ee\/lt\/produktas\/pikkade-varrukatega-maksikleit\/","title":{"rendered":"PIKKADE VARRUKATEGA MAKSIKLEIT"},"content":{"rendered":"<p>Elegantne ja mugav maksikleit, millel on pikad varrukad ja v\u00f6\u00f6, mis r\u00f5hutab kaunilt taljet. Piha osa elastne kumm tagab t\u00e4iusliku istuvuse ja kandmismugavuse kogu p\u00e4eva v\u00e4ltel. Ideaalne valik nii igap\u00e4evaseks kandmiseks kui ka pidulikeks s\u00fcndmusteks, lisades stiili ja graatsiat igasse hetke.<\/p>","protected":false},"excerpt":{"rendered":"<p>Elegantne ja mugav maksikleit, millel on pikad varrukad ja v\u00f6\u00f6, mis r\u00f5hutab kaunilt taljet. Piha osa elastne kumm tagab t\u00e4iusliku [&hellip;]<\/p>\n","protected":false},"featured_media":16912,"template":"","meta":{"site-sidebar-layout":"default","site-content-layout":"","ast-site-content-layout":"default","site-content-style":"default","site-sidebar-style":"default","ast-global-header-display":"","ast-banner-title-visibility":"","ast-main-header-display":"","ast-hfb-above-header-display":"","ast-hfb-below-header-display":"","ast-hfb-mobile-header-display":"","site-post-title":"","ast-breadcrumbs-content":"","ast-featured-img":"","footer-sml-layout":"","ast-disable-related-posts":"","theme-transparent-header-meta":"default","adv-header-id-meta":"","stick-header-meta":"default","header-above-stick-meta":"","header-main-stick-meta":"","header-below-stick-meta":"","astra-migrate-meta-layouts":"set","ast-page-background-enabled":"default","ast-page-background-meta":{"desktop":{"background-color":"var(--ast-global-color-4)","background-image":"","background-repeat":"repeat","background-position":"center center","background-size":"auto","background-attachment":"scroll","background-type":"","background-media":"","overlay-type":"","overlay-color":"","overlay-opacity":"","overlay-gradient":""},"tablet":{"background-color":"","background-image":"","background-repeat":"repeat","background-position":"center center","background-size":"auto","background-attachment":"scroll","background-type":"","background-media":"","overlay-type":"","overlay-color":"","overlay-opacity":"","overlay-gradient":""},"mobile":{"background-color":"","background-image":"","background-repeat":"repeat","background-position":"center center","background-size":"auto","background-attachment":"scroll","background-type":"","background-media":"","overlay-type":"","overlay-color":"","overlay-opacity":"","overlay-gradient":""}},"ast-content-background-meta":{"desktop":{"background-color":"var(--ast-global-color-5)","background-image":"","background-repeat":"repeat","background-position":"center center","background-size":"auto","background-attachment":"scroll","background-type":"","background-media":"","overlay-type":"","overlay-color":"","overlay-opacity":"","overlay-gradient":""},"tablet":{"background-color":"var(--ast-global-color-5)","background-image":"","background-repeat":"repeat","background-position":"center center","background-size":"auto","background-attachment":"scroll","background-type":"","background-media":"","overlay-type":"","overlay-color":"","overlay-opacity":"","overlay-gradient":""},"mobile":{"background-color":"var(--ast-global-color-5)","background-image":"","background-repeat":"repeat","background-position":"center center","background-size":"auto","background-attachment":"scroll","background-type":"","background-media":"","overlay-type":"","overlay-color":"","overlay-opacity":"","overlay-gradient":""}}},"product_brand":[],"product_cat":[348,357,346],"product_tag":[475,476,477,485,493,91,486,254],"class_list":{"0":"post-16907","1":"product","2":"type-product","3":"status-publish","4":"has-post-thumbnail","6":"product_cat-lopukleidid","7":"product_cat-maksikleidid","8":"product_cat-naised","9":"product_tag-dresshouse","10":"product_tag-getdressed","11":"product_tag-kleidibutiik","12":"product_tag-kleidipood","13":"product_tag-kleiditurg","14":"product_tag-koolilopukleit","15":"product_tag-maksikleidid","16":"product_tag-ohtukleidid","17":"desktop-align-center","18":"tablet-align-center","19":"mobile-align-center","20":"ast-product-gallery-layout-horizontal-slider","21":"ast-product-single-variable","22":"ast-product-tabs-layout-horizontal","24":"first","25":"outofstock","26":"taxable","27":"shipping-taxable","28":"product-type-variable"},"supplier_id":null,"supplier_sku":"","barcode":null,"atum_controlled":true,"out_stock_date":null,"out_stock_threshold":null,"inheritable":true,"inbound_stock":0,"stock_on_hold":0,"sold_today":0,"sales_last_days":0,"reserved_stock":0,"customer_returns":0,"warehouse_damage":0,"lost_in_post":0,"other_logs":0,"out_stock_days":0,"lost_sales":0,"has_location":false,"update_date":"2025-12-04T01:45:38","atum_locations":[],"atum_stock_status":"outofstock","restock_status":false,"low_stock_amount":"","sales_update_date":"2025-12-04T01:45:38","calc_backorders":null,"yoast_head":"<!-- This site is optimized with the Yoast SEO plugin v26.9 - https:\/\/yoast.com\/product\/yoast-seo-wordpress\/ -->\n<title>PIKKADE VARRUKATEGA MAKSIKLEIT - Karini Butiik<\/title>\n<meta name=\"description\" content=\"Maksikleit pikkade varrukatega - ideaalne valik elegantsi ja mugavuse kombinatsiooniks. T\u00e4iuslik igap\u00e4evaseks v\u00f5i pidulikuks kandmiseks.\" \/>\n<meta name=\"robots\" content=\"index, follow, max-snippet:-1, max-image-preview:large, max-video-preview:-1\" \/>\n<link rel=\"canonical\" href=\"https:\/\/www.karinibutiik.ee\/lt\/produktas\/pikkade-varrukatega-maksikleit\/\" \/>\n<meta property=\"og:locale\" content=\"lt_LT\" \/>\n<meta property=\"og:type\" content=\"article\" \/>\n<meta property=\"og:title\" content=\"PIKKADE VARRUKATEGA MAKSIKLEIT - Karini Butiik\" \/>\n<meta property=\"og:description\" content=\"Maksikleit pikkade varrukatega - ideaalne valik elegantsi ja mugavuse kombinatsiooniks. T\u00e4iuslik igap\u00e4evaseks v\u00f5i pidulikuks kandmiseks.\" \/>\n<meta property=\"og:url\" content=\"https:\/\/www.karinibutiik.ee\/lt\/produktas\/pikkade-varrukatega-maksikleit\/\" \/>\n<meta property=\"og:site_name\" content=\"Karini Butiik\" \/>\n<meta property=\"article:publisher\" content=\"https:\/\/www.facebook.com\/karinibutiik.ee\" \/>\n<meta property=\"article:modified_time\" content=\"2025-06-30T21:50:17+00:00\" \/>\n<meta property=\"og:image\" content=\"https:\/\/www.karinibutiik.ee\/wp-content\/uploads\/2024\/07\/EC725691-378F-4ECC-A076-6FD0C054F514-e1720620090494.jpeg\" \/>\n\t<meta property=\"og:image:width\" content=\"1000\" \/>\n\t<meta property=\"og:image:height\" content=\"1500\" \/>\n\t<meta property=\"og:image:type\" content=\"image\/jpeg\" \/>\n<meta name=\"twitter:card\" content=\"summary_large_image\" \/>\n<meta name=\"twitter:label1\" content=\"Availability\" \/>\n\t<meta name=\"twitter:data1\" content=\"Out of stock\" \/>\n<script type=\"application\/ld+json\" class=\"yoast-schema-graph\">{\"@context\":\"https:\/\/schema.org\",\"@graph\":[{\"@type\":\"WebPage\",\"@id\":\"https:\/\/www.karinibutiik.ee\/toode\/pikkade-varrukatega-maksikleit\/\",\"url\":\"https:\/\/www.karinibutiik.ee\/toode\/pikkade-varrukatega-maksikleit\/\",\"name\":\"PIKKADE VARRUKATEGA MAKSIKLEIT - Karini Butiik\",\"isPartOf\":{\"@id\":\"https:\/\/www.karinibutiik.ee\/#website\"},\"primaryImageOfPage\":{\"@id\":\"https:\/\/www.karinibutiik.ee\/toode\/pikkade-varrukatega-maksikleit\/#primaryimage\"},\"image\":{\"@id\":\"https:\/\/www.karinibutiik.ee\/toode\/pikkade-varrukatega-maksikleit\/#primaryimage\"},\"thumbnailUrl\":\"https:\/\/www.karinibutiik.ee\/wp-content\/uploads\/2024\/07\/EC725691-378F-4ECC-A076-6FD0C054F514-e1720620090494.jpeg\",\"datePublished\":\"2024-07-10T14:05:58+00:00\",\"dateModified\":\"2025-06-30T21:50:17+00:00\",\"description\":\"Maksikleit pikkade varrukatega - ideaalne valik elegantsi ja mugavuse kombinatsiooniks. T\u00e4iuslik igap\u00e4evaseks v\u00f5i pidulikuks kandmiseks.\",\"breadcrumb\":{\"@id\":\"https:\/\/www.karinibutiik.ee\/toode\/pikkade-varrukatega-maksikleit\/#breadcrumb\"},\"inLanguage\":\"lt-LT\",\"potentialAction\":[{\"@type\":\"ReadAction\",\"target\":[\"https:\/\/www.karinibutiik.ee\/toode\/pikkade-varrukatega-maksikleit\/\"]}]},{\"@type\":\"ImageObject\",\"inLanguage\":\"lt-LT\",\"@id\":\"https:\/\/www.karinibutiik.ee\/toode\/pikkade-varrukatega-maksikleit\/#primaryimage\",\"url\":\"https:\/\/www.karinibutiik.ee\/wp-content\/uploads\/2024\/07\/EC725691-378F-4ECC-A076-6FD0C054F514-e1720620090494.jpeg\",\"contentUrl\":\"https:\/\/www.karinibutiik.ee\/wp-content\/uploads\/2024\/07\/EC725691-378F-4ECC-A076-6FD0C054F514-e1720620090494.jpeg\",\"width\":1000,\"height\":1500},{\"@type\":\"BreadcrumbList\",\"@id\":\"https:\/\/www.karinibutiik.ee\/toode\/pikkade-varrukatega-maksikleit\/#breadcrumb\",\"itemListElement\":[{\"@type\":\"ListItem\",\"position\":1,\"name\":\"Home\",\"item\":\"https:\/\/www.karinibutiik.ee\/\"},{\"@type\":\"ListItem\",\"position\":2,\"name\":\"Pood\",\"item\":\"https:\/\/www.karinibutiik.ee\/pood\/\"},{\"@type\":\"ListItem\",\"position\":3,\"name\":\"PIKKADE VARRUKATEGA MAKSIKLEIT\"}]},{\"@type\":\"WebSite\",\"@id\":\"https:\/\/www.karinibutiik.ee\/#website\",\"url\":\"https:\/\/www.karinibutiik.ee\/\",\"name\":\"Karini Butiik\",\"description\":\"\",\"publisher\":{\"@id\":\"https:\/\/www.karinibutiik.ee\/#organization\"},\"potentialAction\":[{\"@type\":\"SearchAction\",\"target\":{\"@type\":\"EntryPoint\",\"urlTemplate\":\"https:\/\/www.karinibutiik.ee\/?s={search_term_string}\"},\"query-input\":{\"@type\":\"PropertyValueSpecification\",\"valueRequired\":true,\"valueName\":\"search_term_string\"}}],\"inLanguage\":\"lt-LT\"},{\"@type\":\"Organization\",\"@id\":\"https:\/\/www.karinibutiik.ee\/#organization\",\"name\":\"Karini Butiik\",\"url\":\"https:\/\/www.karinibutiik.ee\/\",\"logo\":{\"@type\":\"ImageObject\",\"inLanguage\":\"lt-LT\",\"@id\":\"https:\/\/www.karinibutiik.ee\/#\/schema\/logo\/image\/\",\"url\":\"https:\/\/www.karinibutiik.ee\/wp-content\/uploads\/2024\/10\/Kuj.-K-koopia.png\",\"contentUrl\":\"https:\/\/www.karinibutiik.ee\/wp-content\/uploads\/2024\/10\/Kuj.-K-koopia.png\",\"width\":500,\"height\":500,\"caption\":\"Karini Butiik\"},\"image\":{\"@id\":\"https:\/\/www.karinibutiik.ee\/#\/schema\/logo\/image\/\"},\"sameAs\":[\"https:\/\/www.facebook.com\/karinibutiik.ee\",\"https:\/\/www.instagram.com\/karinibutiik\"]}]}<\/script>\n<meta property=\"og:availability\" content=\"out of stock\" \/>\n<meta property=\"product:availability\" content=\"out of stock\" \/>\n<meta property=\"product:retailer_item_id\" content=\"0789\" \/>\n<meta property=\"product:condition\" content=\"new\" \/>\n<!-- \/ Yoast SEO plugin. -->","yoast_head_json":{"title":"PIKKADE VARRUKATEGA MAKSIKLEIT - Karini Butiik","description":"Maksikleit pikkade varrukatega - ideaalne valik elegantsi ja mugavuse kombinatsiooniks. T\u00e4iuslik igap\u00e4evaseks v\u00f5i pidulikuks kandmiseks.","robots":{"index":"index","follow":"follow","max-snippet":"max-snippet:-1","max-image-preview":"max-image-preview:large","max-video-preview":"max-video-preview:-1"},"canonical":"https:\/\/www.karinibutiik.ee\/lt\/produktas\/pikkade-varrukatega-maksikleit\/","og_locale":"lt_LT","og_type":"article","og_title":"PIKKADE VARRUKATEGA MAKSIKLEIT - Karini Butiik","og_description":"Maksikleit pikkade varrukatega - ideaalne valik elegantsi ja mugavuse kombinatsiooniks. T\u00e4iuslik igap\u00e4evaseks v\u00f5i pidulikuks kandmiseks.","og_url":"https:\/\/www.karinibutiik.ee\/lt\/produktas\/pikkade-varrukatega-maksikleit\/","og_site_name":"Karini Butiik","article_publisher":"https:\/\/www.facebook.com\/karinibutiik.ee","article_modified_time":"2025-06-30T21:50:17+00:00","og_image":[{"width":1000,"height":1500,"url":"https:\/\/www.karinibutiik.ee\/wp-content\/uploads\/2024\/07\/EC725691-378F-4ECC-A076-6FD0C054F514-e1720620090494.jpeg","type":"image\/jpeg"}],"twitter_card":"summary_large_image","twitter_misc":{"Availability":"Out of stock"},"schema":{"@context":"https:\/\/schema.org","@graph":[{"@type":"WebPage","@id":"https:\/\/www.karinibutiik.ee\/toode\/pikkade-varrukatega-maksikleit\/","url":"https:\/\/www.karinibutiik.ee\/toode\/pikkade-varrukatega-maksikleit\/","name":"PIKKADE VARRUKATEGA MAKSIKLEIT - Karini Butiik","isPartOf":{"@id":"https:\/\/www.karinibutiik.ee\/#website"},"primaryImageOfPage":{"@id":"https:\/\/www.karinibutiik.ee\/toode\/pikkade-varrukatega-maksikleit\/#primaryimage"},"image":{"@id":"https:\/\/www.karinibutiik.ee\/toode\/pikkade-varrukatega-maksikleit\/#primaryimage"},"thumbnailUrl":"https:\/\/www.karinibutiik.ee\/wp-content\/uploads\/2024\/07\/EC725691-378F-4ECC-A076-6FD0C054F514-e1720620090494.jpeg","datePublished":"2024-07-10T14:05:58+00:00","dateModified":"2025-06-30T21:50:17+00:00","description":"Maksikleit pikkade varrukatega - ideaalne valik elegantsi ja mugavuse kombinatsiooniks. T\u00e4iuslik igap\u00e4evaseks v\u00f5i pidulikuks kandmiseks.","breadcrumb":{"@id":"https:\/\/www.karinibutiik.ee\/toode\/pikkade-varrukatega-maksikleit\/#breadcrumb"},"inLanguage":"lt-LT","potentialAction":[{"@type":"ReadAction","target":["https:\/\/www.karinibutiik.ee\/toode\/pikkade-varrukatega-maksikleit\/"]}]},{"@type":"ImageObject","inLanguage":"lt-LT","@id":"https:\/\/www.karinibutiik.ee\/toode\/pikkade-varrukatega-maksikleit\/#primaryimage","url":"https:\/\/www.karinibutiik.ee\/wp-content\/uploads\/2024\/07\/EC725691-378F-4ECC-A076-6FD0C054F514-e1720620090494.jpeg","contentUrl":"https:\/\/www.karinibutiik.ee\/wp-content\/uploads\/2024\/07\/EC725691-378F-4ECC-A076-6FD0C054F514-e1720620090494.jpeg","width":1000,"height":1500},{"@type":"BreadcrumbList","@id":"https:\/\/www.karinibutiik.ee\/toode\/pikkade-varrukatega-maksikleit\/#breadcrumb","itemListElement":[{"@type":"ListItem","position":1,"name":"Home","item":"https:\/\/www.karinibutiik.ee\/"},{"@type":"ListItem","position":2,"name":"Pood","item":"https:\/\/www.karinibutiik.ee\/pood\/"},{"@type":"ListItem","position":3,"name":"PIKKADE VARRUKATEGA MAKSIKLEIT"}]},{"@type":"WebSite","@id":"https:\/\/www.karinibutiik.ee\/#website","url":"https:\/\/www.karinibutiik.ee\/","name":"Karini Butiik","description":"","publisher":{"@id":"https:\/\/www.karinibutiik.ee\/#organization"},"potentialAction":[{"@type":"SearchAction","target":{"@type":"EntryPoint","urlTemplate":"https:\/\/www.karinibutiik.ee\/?s={search_term_string}"},"query-input":{"@type":"PropertyValueSpecification","valueRequired":true,"valueName":"search_term_string"}}],"inLanguage":"lt-LT"},{"@type":"Organization","@id":"https:\/\/www.karinibutiik.ee\/#organization","name":"Karini Butiik","url":"https:\/\/www.karinibutiik.ee\/","logo":{"@type":"ImageObject","inLanguage":"lt-LT","@id":"https:\/\/www.karinibutiik.ee\/#\/schema\/logo\/image\/","url":"https:\/\/www.karinibutiik.ee\/wp-content\/uploads\/2024\/10\/Kuj.-K-koopia.png","contentUrl":"https:\/\/www.karinibutiik.ee\/wp-content\/uploads\/2024\/10\/Kuj.-K-koopia.png","width":500,"height":500,"caption":"Karini Butiik"},"image":{"@id":"https:\/\/www.karinibutiik.ee\/#\/schema\/logo\/image\/"},"sameAs":["https:\/\/www.facebook.com\/karinibutiik.ee","https:\/\/www.instagram.com\/karinibutiik"]}]},"og_availability":"out of stock","product_availability":"out of stock","product_retailer_item_id":"0789","product_condition":"new"},"_links":{"self":[{"href":"https:\/\/www.karinibutiik.ee\/lt\/wp-json\/wp\/v2\/product\/16907","targetHints":{"allow":["GET"]}}],"collection":[{"href":"https:\/\/www.karinibutiik.ee\/lt\/wp-json\/wp\/v2\/product"}],"about":[{"href":"https:\/\/www.karinibutiik.ee\/lt\/wp-json\/wp\/v2\/types\/product"}],"version-history":[{"count":1,"href":"https:\/\/www.karinibutiik.ee\/lt\/wp-json\/wp\/v2\/product\/16907\/revisions"}],"predecessor-version":[{"id":16917,"href":"https:\/\/www.karinibutiik.ee\/lt\/wp-json\/wp\/v2\/product\/16907\/revisions\/16917"}],"wp:featuredmedia":[{"embeddable":true,"href":"https:\/\/www.karinibutiik.ee\/lt\/wp-json\/wp\/v2\/media\/16912"}],"wp:attachment":[{"href":"https:\/\/www.karinibutiik.ee\/lt\/wp-json\/wp\/v2\/media?parent=16907"}],"wp:term":[{"taxonomy":"product_brand","embeddable":true,"href":"https:\/\/www.karinibutiik.ee\/lt\/wp-json\/wp\/v2\/product_brand?post=16907"},{"taxonomy":"product_cat","embeddable":true,"href":"https:\/\/www.karinibutiik.ee\/lt\/wp-json\/wp\/v2\/product_cat?post=16907"},{"taxonomy":"product_tag","embeddable":true,"href":"https:\/\/www.karinibutiik.ee\/lt\/wp-json\/wp\/v2\/product_tag?post=16907"}],"curies":[{"name":"wp","href":"https:\/\/api.w.org\/{rel}","templated":true}]}}