{"id":18069,"date":"2024-08-13T09:34:53","date_gmt":"2024-08-13T09:34:53","guid":{"rendered":"https:\/\/www.karinibutiik.ee\/?post_type=product&#038;p=18069"},"modified":"2025-07-01T07:00:27","modified_gmt":"2025-07-01T04:00:27","slug":"stretch-teksaseelik-2","status":"publish","type":"product","link":"https:\/\/www.karinibutiik.ee\/lt\/produktas\/stretch-teksaseelik-2\/","title":{"rendered":"\u012etempto d\u017einso sijonas"},"content":{"rendered":"<p>See kulutatud mini teksaseelik on trendikas ja mitmek\u00fclgne lisand sinu garderoobi. Valmistatud kvaliteetsest stretch teksakangast, see seelik tagab mugava ja liibuva istuvuse, mis kohandub suurep\u00e4raselt sinu kehakujuga. Kulutatud detailid lisavad seelikule stiilset ja veidi m\u00e4ssumeelset nooti, tehes sellest ideaalse valiku nii igap\u00e4evaseks kandmiseks kui ka stiilsemateks s\u00fcndmusteks. Kombineeri see seelik t-s\u00e4rkide, toppide v\u00f5i kampsunitega, et luua moodne ja enesekindel v\u00e4limus igaks olukorraks.<\/p>","protected":false},"excerpt":{"rendered":"<p>See kulutatud mini teksaseelik on trendikas ja mitmek\u00fclgne lisand sinu garderoobi. Valmistatud kvaliteetsest stretch teksakangast, see seelik tagab mugava ja [&hellip;]<\/p>\n","protected":false},"featured_media":18067,"template":"","meta":{"site-sidebar-layout":"default","site-content-layout":"","ast-site-content-layout":"default","site-content-style":"default","site-sidebar-style":"default","ast-global-header-display":"","ast-banner-title-visibility":"","ast-main-header-display":"","ast-hfb-above-header-display":"","ast-hfb-below-header-display":"","ast-hfb-mobile-header-display":"","site-post-title":"","ast-breadcrumbs-content":"","ast-featured-img":"","footer-sml-layout":"","ast-disable-related-posts":"","theme-transparent-header-meta":"default","adv-header-id-meta":"","stick-header-meta":"default","header-above-stick-meta":"","header-main-stick-meta":"","header-below-stick-meta":"","astra-migrate-meta-layouts":"set","ast-page-background-enabled":"default","ast-page-background-meta":{"desktop":{"background-color":"var(--ast-global-color-4)","background-image":"","background-repeat":"repeat","background-position":"center center","background-size":"auto","background-attachment":"scroll","background-type":"","background-media":"","overlay-type":"","overlay-color":"","overlay-opacity":"","overlay-gradient":""},"tablet":{"background-color":"","background-image":"","background-repeat":"repeat","background-position":"center center","background-size":"auto","background-attachment":"scroll","background-type":"","background-media":"","overlay-type":"","overlay-color":"","overlay-opacity":"","overlay-gradient":""},"mobile":{"background-color":"","background-image":"","background-repeat":"repeat","background-position":"center center","background-size":"auto","background-attachment":"scroll","background-type":"","background-media":"","overlay-type":"","overlay-color":"","overlay-opacity":"","overlay-gradient":""}},"ast-content-background-meta":{"desktop":{"background-color":"var(--ast-global-color-5)","background-image":"","background-repeat":"repeat","background-position":"center center","background-size":"auto","background-attachment":"scroll","background-type":"","background-media":"","overlay-type":"","overlay-color":"","overlay-opacity":"","overlay-gradient":""},"tablet":{"background-color":"var(--ast-global-color-5)","background-image":"","background-repeat":"repeat","background-position":"center center","background-size":"auto","background-attachment":"scroll","background-type":"","background-media":"","overlay-type":"","overlay-color":"","overlay-opacity":"","overlay-gradient":""},"mobile":{"background-color":"var(--ast-global-color-5)","background-image":"","background-repeat":"repeat","background-position":"center center","background-size":"auto","background-attachment":"scroll","background-type":"","background-media":"","overlay-type":"","overlay-color":"","overlay-opacity":"","overlay-gradient":""}}},"product_brand":[],"product_cat":[367,430,346,354,384,453],"product_tag":[501,814,819,824,811],"class_list":{"0":"post-18069","1":"product","2":"type-product","3":"status-publish","4":"has-post-thumbnail","6":"product_cat-allahindlus","7":"product_cat-lopumuuk","8":"product_cat-naised","9":"product_cat-puksid-seelikud","10":"product_cat-seelikud","11":"product_cat-soodus","12":"product_tag-karini-butiik","13":"product_tag-seelikud","14":"product_tag-teksaseelik","15":"product_tag-vabaaja-riided-naistele","16":"product_tag-zara","17":"desktop-align-center","18":"tablet-align-center","19":"mobile-align-center","20":"ast-product-gallery-layout-horizontal-slider","21":"ast-product-single-variable","22":"ast-product-tabs-layout-horizontal","24":"first","25":"instock","26":"sale","27":"taxable","28":"shipping-taxable","29":"purchasable","30":"product-type-variable"},"supplier_id":null,"supplier_sku":"","barcode":null,"atum_controlled":true,"out_stock_date":null,"out_stock_threshold":null,"inheritable":true,"inbound_stock":0,"stock_on_hold":0,"sold_today":0,"sales_last_days":0,"reserved_stock":0,"customer_returns":0,"warehouse_damage":0,"lost_in_post":0,"other_logs":0,"out_stock_days":0,"lost_sales":0,"has_location":false,"update_date":"2025-12-03T01:20:32","atum_locations":[],"atum_stock_status":"instock","restock_status":false,"low_stock_amount":"","sales_update_date":"2025-12-03T01:20:32","calc_backorders":null,"yoast_head":"<!-- This site is optimized with the Yoast SEO plugin v26.9 - https:\/\/yoast.com\/product\/yoast-seo-wordpress\/ -->\n<title>Stretch teksaseelik - Karini Butiik<\/title>\n<meta name=\"description\" content=\"Moodne ja mitmek\u00fclgne teksaseelik naistele - unikaalne lisand Sinu garderoobile. Lisage stiili ja enesekindlust oma v\u00e4limusele Karini Butiigis! \ud83d\udc83\" \/>\n<meta name=\"robots\" content=\"index, follow, max-snippet:-1, max-image-preview:large, max-video-preview:-1\" \/>\n<link rel=\"canonical\" href=\"https:\/\/www.karinibutiik.ee\/lt\/produktas\/stretch-teksaseelik-2\/\" \/>\n<meta property=\"og:locale\" content=\"lt_LT\" \/>\n<meta property=\"og:type\" content=\"article\" \/>\n<meta property=\"og:title\" content=\"Stretch teksaseelik - Karini Butiik\" \/>\n<meta property=\"og:description\" content=\"Moodne ja mitmek\u00fclgne teksaseelik naistele - unikaalne lisand Sinu garderoobile. Lisage stiili ja enesekindlust oma v\u00e4limusele Karini Butiigis! \ud83d\udc83\" \/>\n<meta property=\"og:url\" content=\"https:\/\/www.karinibutiik.ee\/lt\/produktas\/stretch-teksaseelik-2\/\" \/>\n<meta property=\"og:site_name\" content=\"Karini Butiik\" \/>\n<meta property=\"article:publisher\" content=\"https:\/\/www.facebook.com\/karinibutiik.ee\" \/>\n<meta property=\"article:modified_time\" content=\"2025-07-01T04:00:27+00:00\" \/>\n<meta property=\"og:image\" content=\"https:\/\/www.karinibutiik.ee\/wp-content\/uploads\/2024\/08\/194298854_3831160077003066_5916949834832722156_niuytrgh-e1723541361612.jpg\" \/>\n\t<meta property=\"og:image:width\" content=\"325\" \/>\n\t<meta property=\"og:image:height\" content=\"490\" \/>\n\t<meta property=\"og:image:type\" content=\"image\/jpeg\" \/>\n<meta name=\"twitter:card\" content=\"summary_large_image\" \/>\n<meta name=\"twitter:label1\" content=\"Availability\" \/>\n\t<meta name=\"twitter:data1\" content=\"In stock\" \/>\n<script type=\"application\/ld+json\" class=\"yoast-schema-graph\">{\"@context\":\"https:\/\/schema.org\",\"@graph\":[{\"@type\":\"WebPage\",\"@id\":\"https:\/\/www.karinibutiik.ee\/toode\/stretch-teksaseelik-2\/\",\"url\":\"https:\/\/www.karinibutiik.ee\/toode\/stretch-teksaseelik-2\/\",\"name\":\"Stretch teksaseelik - Karini Butiik\",\"isPartOf\":{\"@id\":\"https:\/\/www.karinibutiik.ee\/#website\"},\"primaryImageOfPage\":{\"@id\":\"https:\/\/www.karinibutiik.ee\/toode\/stretch-teksaseelik-2\/#primaryimage\"},\"image\":{\"@id\":\"https:\/\/www.karinibutiik.ee\/toode\/stretch-teksaseelik-2\/#primaryimage\"},\"thumbnailUrl\":\"https:\/\/www.karinibutiik.ee\/wp-content\/uploads\/2024\/08\/194298854_3831160077003066_5916949834832722156_niuytrgh-e1723541361612.jpg\",\"datePublished\":\"2024-08-13T09:34:53+00:00\",\"dateModified\":\"2025-07-01T04:00:27+00:00\",\"description\":\"Moodne ja mitmek\u00fclgne teksaseelik naistele - unikaalne lisand Sinu garderoobile. Lisage stiili ja enesekindlust oma v\u00e4limusele Karini Butiigis! \ud83d\udc83\",\"breadcrumb\":{\"@id\":\"https:\/\/www.karinibutiik.ee\/toode\/stretch-teksaseelik-2\/#breadcrumb\"},\"inLanguage\":\"lt-LT\",\"potentialAction\":[{\"@type\":\"ReadAction\",\"target\":[\"https:\/\/www.karinibutiik.ee\/toode\/stretch-teksaseelik-2\/\"]}]},{\"@type\":\"ImageObject\",\"inLanguage\":\"lt-LT\",\"@id\":\"https:\/\/www.karinibutiik.ee\/toode\/stretch-teksaseelik-2\/#primaryimage\",\"url\":\"https:\/\/www.karinibutiik.ee\/wp-content\/uploads\/2024\/08\/194298854_3831160077003066_5916949834832722156_niuytrgh-e1723541361612.jpg\",\"contentUrl\":\"https:\/\/www.karinibutiik.ee\/wp-content\/uploads\/2024\/08\/194298854_3831160077003066_5916949834832722156_niuytrgh-e1723541361612.jpg\",\"width\":325,\"height\":490},{\"@type\":\"BreadcrumbList\",\"@id\":\"https:\/\/www.karinibutiik.ee\/toode\/stretch-teksaseelik-2\/#breadcrumb\",\"itemListElement\":[{\"@type\":\"ListItem\",\"position\":1,\"name\":\"Home\",\"item\":\"https:\/\/www.karinibutiik.ee\/\"},{\"@type\":\"ListItem\",\"position\":2,\"name\":\"Pood\",\"item\":\"https:\/\/www.karinibutiik.ee\/pood\/\"},{\"@type\":\"ListItem\",\"position\":3,\"name\":\"Stretch teksaseelik\"}]},{\"@type\":\"WebSite\",\"@id\":\"https:\/\/www.karinibutiik.ee\/#website\",\"url\":\"https:\/\/www.karinibutiik.ee\/\",\"name\":\"Karini Butiik\",\"description\":\"\",\"publisher\":{\"@id\":\"https:\/\/www.karinibutiik.ee\/#organization\"},\"potentialAction\":[{\"@type\":\"SearchAction\",\"target\":{\"@type\":\"EntryPoint\",\"urlTemplate\":\"https:\/\/www.karinibutiik.ee\/?s={search_term_string}\"},\"query-input\":{\"@type\":\"PropertyValueSpecification\",\"valueRequired\":true,\"valueName\":\"search_term_string\"}}],\"inLanguage\":\"lt-LT\"},{\"@type\":\"Organization\",\"@id\":\"https:\/\/www.karinibutiik.ee\/#organization\",\"name\":\"Karini Butiik\",\"url\":\"https:\/\/www.karinibutiik.ee\/\",\"logo\":{\"@type\":\"ImageObject\",\"inLanguage\":\"lt-LT\",\"@id\":\"https:\/\/www.karinibutiik.ee\/#\/schema\/logo\/image\/\",\"url\":\"https:\/\/www.karinibutiik.ee\/wp-content\/uploads\/2024\/10\/Kuj.-K-koopia.png\",\"contentUrl\":\"https:\/\/www.karinibutiik.ee\/wp-content\/uploads\/2024\/10\/Kuj.-K-koopia.png\",\"width\":500,\"height\":500,\"caption\":\"Karini Butiik\"},\"image\":{\"@id\":\"https:\/\/www.karinibutiik.ee\/#\/schema\/logo\/image\/\"},\"sameAs\":[\"https:\/\/www.facebook.com\/karinibutiik.ee\",\"https:\/\/www.instagram.com\/karinibutiik\"]}]}<\/script>\n<meta property=\"og:availability\" content=\"instock\" \/>\n<meta property=\"product:availability\" content=\"instock\" \/>\n<meta property=\"product:retailer_item_id\" content=\"0630-E1707\" \/>\n<meta property=\"product:condition\" content=\"new\" \/>\n<!-- \/ Yoast SEO plugin. -->","yoast_head_json":{"title":"Stretch teksaseelik - Karini Butiik","description":"Moodne ja mitmek\u00fclgne teksaseelik naistele - unikaalne lisand Sinu garderoobile. Lisage stiili ja enesekindlust oma v\u00e4limusele Karini Butiigis! \ud83d\udc83","robots":{"index":"index","follow":"follow","max-snippet":"max-snippet:-1","max-image-preview":"max-image-preview:large","max-video-preview":"max-video-preview:-1"},"canonical":"https:\/\/www.karinibutiik.ee\/lt\/produktas\/stretch-teksaseelik-2\/","og_locale":"lt_LT","og_type":"article","og_title":"Stretch teksaseelik - Karini Butiik","og_description":"Moodne ja mitmek\u00fclgne teksaseelik naistele - unikaalne lisand Sinu garderoobile. Lisage stiili ja enesekindlust oma v\u00e4limusele Karini Butiigis! \ud83d\udc83","og_url":"https:\/\/www.karinibutiik.ee\/lt\/produktas\/stretch-teksaseelik-2\/","og_site_name":"Karini Butiik","article_publisher":"https:\/\/www.facebook.com\/karinibutiik.ee","article_modified_time":"2025-07-01T04:00:27+00:00","og_image":[{"width":325,"height":490,"url":"https:\/\/www.karinibutiik.ee\/wp-content\/uploads\/2024\/08\/194298854_3831160077003066_5916949834832722156_niuytrgh-e1723541361612.jpg","type":"image\/jpeg"}],"twitter_card":"summary_large_image","twitter_misc":{"Availability":"In stock"},"schema":{"@context":"https:\/\/schema.org","@graph":[{"@type":"WebPage","@id":"https:\/\/www.karinibutiik.ee\/toode\/stretch-teksaseelik-2\/","url":"https:\/\/www.karinibutiik.ee\/toode\/stretch-teksaseelik-2\/","name":"Stretch teksaseelik - Karini Butiik","isPartOf":{"@id":"https:\/\/www.karinibutiik.ee\/#website"},"primaryImageOfPage":{"@id":"https:\/\/www.karinibutiik.ee\/toode\/stretch-teksaseelik-2\/#primaryimage"},"image":{"@id":"https:\/\/www.karinibutiik.ee\/toode\/stretch-teksaseelik-2\/#primaryimage"},"thumbnailUrl":"https:\/\/www.karinibutiik.ee\/wp-content\/uploads\/2024\/08\/194298854_3831160077003066_5916949834832722156_niuytrgh-e1723541361612.jpg","datePublished":"2024-08-13T09:34:53+00:00","dateModified":"2025-07-01T04:00:27+00:00","description":"Moodne ja mitmek\u00fclgne teksaseelik naistele - unikaalne lisand Sinu garderoobile. Lisage stiili ja enesekindlust oma v\u00e4limusele Karini Butiigis! \ud83d\udc83","breadcrumb":{"@id":"https:\/\/www.karinibutiik.ee\/toode\/stretch-teksaseelik-2\/#breadcrumb"},"inLanguage":"lt-LT","potentialAction":[{"@type":"ReadAction","target":["https:\/\/www.karinibutiik.ee\/toode\/stretch-teksaseelik-2\/"]}]},{"@type":"ImageObject","inLanguage":"lt-LT","@id":"https:\/\/www.karinibutiik.ee\/toode\/stretch-teksaseelik-2\/#primaryimage","url":"https:\/\/www.karinibutiik.ee\/wp-content\/uploads\/2024\/08\/194298854_3831160077003066_5916949834832722156_niuytrgh-e1723541361612.jpg","contentUrl":"https:\/\/www.karinibutiik.ee\/wp-content\/uploads\/2024\/08\/194298854_3831160077003066_5916949834832722156_niuytrgh-e1723541361612.jpg","width":325,"height":490},{"@type":"BreadcrumbList","@id":"https:\/\/www.karinibutiik.ee\/toode\/stretch-teksaseelik-2\/#breadcrumb","itemListElement":[{"@type":"ListItem","position":1,"name":"Home","item":"https:\/\/www.karinibutiik.ee\/"},{"@type":"ListItem","position":2,"name":"Pood","item":"https:\/\/www.karinibutiik.ee\/pood\/"},{"@type":"ListItem","position":3,"name":"Stretch teksaseelik"}]},{"@type":"WebSite","@id":"https:\/\/www.karinibutiik.ee\/#website","url":"https:\/\/www.karinibutiik.ee\/","name":"Karini Butiik","description":"","publisher":{"@id":"https:\/\/www.karinibutiik.ee\/#organization"},"potentialAction":[{"@type":"SearchAction","target":{"@type":"EntryPoint","urlTemplate":"https:\/\/www.karinibutiik.ee\/?s={search_term_string}"},"query-input":{"@type":"PropertyValueSpecification","valueRequired":true,"valueName":"search_term_string"}}],"inLanguage":"lt-LT"},{"@type":"Organization","@id":"https:\/\/www.karinibutiik.ee\/#organization","name":"Karini Butiik","url":"https:\/\/www.karinibutiik.ee\/","logo":{"@type":"ImageObject","inLanguage":"lt-LT","@id":"https:\/\/www.karinibutiik.ee\/#\/schema\/logo\/image\/","url":"https:\/\/www.karinibutiik.ee\/wp-content\/uploads\/2024\/10\/Kuj.-K-koopia.png","contentUrl":"https:\/\/www.karinibutiik.ee\/wp-content\/uploads\/2024\/10\/Kuj.-K-koopia.png","width":500,"height":500,"caption":"Karini Butiik"},"image":{"@id":"https:\/\/www.karinibutiik.ee\/#\/schema\/logo\/image\/"},"sameAs":["https:\/\/www.facebook.com\/karinibutiik.ee","https:\/\/www.instagram.com\/karinibutiik"]}]},"og_availability":"instock","product_availability":"instock","product_retailer_item_id":"0630-E1707","product_condition":"new"},"_links":{"self":[{"href":"https:\/\/www.karinibutiik.ee\/lt\/wp-json\/wp\/v2\/product\/18069","targetHints":{"allow":["GET"]}}],"collection":[{"href":"https:\/\/www.karinibutiik.ee\/lt\/wp-json\/wp\/v2\/product"}],"about":[{"href":"https:\/\/www.karinibutiik.ee\/lt\/wp-json\/wp\/v2\/types\/product"}],"version-history":[{"count":1,"href":"https:\/\/www.karinibutiik.ee\/lt\/wp-json\/wp\/v2\/product\/18069\/revisions"}],"predecessor-version":[{"id":18071,"href":"https:\/\/www.karinibutiik.ee\/lt\/wp-json\/wp\/v2\/product\/18069\/revisions\/18071"}],"wp:featuredmedia":[{"embeddable":true,"href":"https:\/\/www.karinibutiik.ee\/lt\/wp-json\/wp\/v2\/media\/18067"}],"wp:attachment":[{"href":"https:\/\/www.karinibutiik.ee\/lt\/wp-json\/wp\/v2\/media?parent=18069"}],"wp:term":[{"taxonomy":"product_brand","embeddable":true,"href":"https:\/\/www.karinibutiik.ee\/lt\/wp-json\/wp\/v2\/product_brand?post=18069"},{"taxonomy":"product_cat","embeddable":true,"href":"https:\/\/www.karinibutiik.ee\/lt\/wp-json\/wp\/v2\/product_cat?post=18069"},{"taxonomy":"product_tag","embeddable":true,"href":"https:\/\/www.karinibutiik.ee\/lt\/wp-json\/wp\/v2\/product_tag?post=18069"}],"curies":[{"name":"wp","href":"https:\/\/api.w.org\/{rel}","templated":true}]}}