{"id":18861,"date":"2025-06-11T06:54:39","date_gmt":"2025-06-11T06:54:39","guid":{"rendered":"https:\/\/www.karinibutiik.ee\/?post_type=product&#038;p=18861"},"modified":"2026-03-28T10:30:58","modified_gmt":"2026-03-28T08:30:58","slug":"sirge-loikega-tekstiilpuksid","status":"publish","type":"product","link":"https:\/\/www.karinibutiik.ee\/lt\/produktas\/sirge-loikega-tekstiilpuksid\/","title":{"rendered":"TIESAUS KIRPIMO KELN\u0116S"},"content":{"rendered":"<p>Klassikalised sirge l\u00f5ikega viigip\u00fcksid.<\/p>\n<p>Tekstiilp\u00fcksid\/Viigip\u00fcksid sirgel\u00f5ikega<\/p>\n<div class=\"xuk3077 x78zum5 x1q0g3np x13a6bvl x2lwn1j xeuugli x1jchvi3 xlxfd2w x1gslohp x126k92a\">\n<div class=\"x6s0dn4 x78zum5 x15zctf7 x2lwn1j xeuugli x193iq5w xh8yej3\">\n<div class=\"xuk3077 x78zum5 xdt5ytf x2lwn1j xeuugli xdl72j9 x1c4vz4f x2lah0s x16fdfms x161msgk x1s9ed0f x1eapu41 x1r944mn\">\n<div id=\"js_2q\" class=\"x1rg5ohu x67bb7w\">\n<div class=\"x1y1aw1k xn6708d xwib8y2 x1ye3gou x13faqbe x1eied1y xca6lcq x1pdtjp8 xpctjk2 xg32yw2 x1fr600 xt0e3qv\">Mugav l\u00f5ige ja stiilne disain tagavad, et tunned end enesekindlalt ja moekalt igal hetkel. Kombineeri neid lihtsa topi v\u00f5i elegantse pluusiga, et luua unustamatu ja efektne v\u00e4limus.<\/div>\n<div>Stiilsed ja elegantsed k\u00f5rge v\u00f6\u00f6kohaga naiste p\u00fcksid, mis sobivad ideaalselt nii kontorisse kui ka vabaaja outfitiks. Klassikalise l\u00f5ikega laiad p\u00fcksid on valmistatud kergest ja kvaliteetsest kangast, mis langeb ilusti ja tagab kandmismugavuse kogu p\u00e4eva v\u00e4ltel. Esiosas on viik, eesmine kinnis koos lukuga ning v\u00f6\u00f6aasad v\u00f5imaldavad soovi korral lisada lemmikv\u00f6\u00f6.<\/div>\n<\/div>\n<\/div>\n<\/div>\n<\/div>","protected":false},"excerpt":{"rendered":"<p>Klassikalised sirge l\u00f5ikega viigip\u00fcksid. Tekstiilp\u00fcksid\/Viigip\u00fcksid sirgel\u00f5ikega Mugav l\u00f5ige ja stiilne disain tagavad, et tunned end enesekindlalt ja moekalt igal hetkel. [&hellip;]<\/p>\n","protected":false},"featured_media":22505,"template":"","meta":{"site-sidebar-layout":"default","site-content-layout":"","ast-site-content-layout":"default","site-content-style":"default","site-sidebar-style":"default","ast-global-header-display":"","ast-banner-title-visibility":"","ast-main-header-display":"","ast-hfb-above-header-display":"","ast-hfb-below-header-display":"","ast-hfb-mobile-header-display":"","site-post-title":"","ast-breadcrumbs-content":"","ast-featured-img":"","footer-sml-layout":"","ast-disable-related-posts":"","theme-transparent-header-meta":"default","adv-header-id-meta":"","stick-header-meta":"default","header-above-stick-meta":"","header-main-stick-meta":"","header-below-stick-meta":"","astra-migrate-meta-layouts":"set","ast-page-background-enabled":"default","ast-page-background-meta":{"desktop":{"background-color":"var(--ast-global-color-4)","background-image":"","background-repeat":"repeat","background-position":"center center","background-size":"auto","background-attachment":"scroll","background-type":"","background-media":"","overlay-type":"","overlay-color":"","overlay-opacity":"","overlay-gradient":""},"tablet":{"background-color":"","background-image":"","background-repeat":"repeat","background-position":"center center","background-size":"auto","background-attachment":"scroll","background-type":"","background-media":"","overlay-type":"","overlay-color":"","overlay-opacity":"","overlay-gradient":""},"mobile":{"background-color":"","background-image":"","background-repeat":"repeat","background-position":"center center","background-size":"auto","background-attachment":"scroll","background-type":"","background-media":"","overlay-type":"","overlay-color":"","overlay-opacity":"","overlay-gradient":""}},"ast-content-background-meta":{"desktop":{"background-color":"var(--ast-global-color-5)","background-image":"","background-repeat":"repeat","background-position":"center center","background-size":"auto","background-attachment":"scroll","background-type":"","background-media":"","overlay-type":"","overlay-color":"","overlay-opacity":"","overlay-gradient":""},"tablet":{"background-color":"var(--ast-global-color-5)","background-image":"","background-repeat":"repeat","background-position":"center center","background-size":"auto","background-attachment":"scroll","background-type":"","background-media":"","overlay-type":"","overlay-color":"","overlay-opacity":"","overlay-gradient":""},"mobile":{"background-color":"var(--ast-global-color-5)","background-image":"","background-repeat":"repeat","background-position":"center center","background-size":"auto","background-attachment":"scroll","background-type":"","background-media":"","overlay-type":"","overlay-color":"","overlay-opacity":"","overlay-gradient":""}}},"product_brand":[],"product_cat":[346,354,356],"product_tag":[594,1311,1305,1309,1306,1304,1307,1303,1310,1308,600],"class_list":{"0":"post-18861","1":"product","2":"type-product","3":"status-publish","4":"has-post-thumbnail","6":"product_cat-naised","7":"product_cat-puksid-seelikud","8":"product_cat-tekstiilpuksid","9":"product_tag-helesinised-puksid","10":"product_tag-kontoripuksid-naistele","11":"product_tag-mustad-viigipuksid","12":"product_tag-naiste-laiad-puksid","13":"product_tag-pidulikd-puksid","14":"product_tag-puksd","15":"product_tag-sirge-loikega-viigi-puksid","16":"product_tag-tekstiil-puksid","17":"product_tag-trendikad-puksid","18":"product_tag-viigi-puksid","19":"product_tag-viigipuksid","20":"desktop-align-center","21":"tablet-align-center","22":"mobile-align-center","23":"ast-product-gallery-layout-horizontal-slider","24":"ast-product-single-variable","25":"ast-product-tabs-layout-horizontal","27":"first","28":"instock","29":"taxable","30":"shipping-taxable","31":"purchasable","32":"product-type-variable"},"supplier_id":null,"supplier_sku":"","barcode":null,"atum_controlled":true,"out_stock_date":null,"out_stock_threshold":null,"inheritable":true,"inbound_stock":0,"stock_on_hold":0,"sold_today":0,"sales_last_days":0,"reserved_stock":0,"customer_returns":0,"warehouse_damage":0,"lost_in_post":0,"other_logs":0,"out_stock_days":0,"lost_sales":0,"has_location":false,"update_date":"2026-03-28T08:31:00","atum_locations":[],"atum_stock_status":"instock","restock_status":false,"low_stock_amount":"","sales_update_date":"2025-12-02T12:01:38","calc_backorders":null,"yoast_head":"<!-- This site is optimized with the Yoast SEO plugin v26.9 - https:\/\/yoast.com\/product\/yoast-seo-wordpress\/ -->\n<title>SIRGE L\u00d5IKEGA VIIGIP\u00dcKSID - Karini Butiik<\/title>\n<meta name=\"description\" content=\"Avasta Karini Butiigi stiilsed helesinised naiste p\u00fcksid - lai l\u00f5ige ja mugav istuvus.ideaalne valik igap\u00e4evaseks v\u00f5i t\u00f6\u00f6le kandmiseks.\" \/>\n<meta name=\"robots\" content=\"index, follow, max-snippet:-1, max-image-preview:large, max-video-preview:-1\" \/>\n<link rel=\"canonical\" href=\"https:\/\/www.karinibutiik.ee\/lt\/produktas\/sirge-loikega-tekstiilpuksid\/\" \/>\n<meta property=\"og:locale\" content=\"lt_LT\" \/>\n<meta property=\"og:type\" content=\"article\" \/>\n<meta property=\"og:title\" content=\"SIRGE L\u00d5IKEGA VIIGIP\u00dcKSID - Karini Butiik\" \/>\n<meta property=\"og:description\" content=\"Avasta Karini Butiigi stiilsed helesinised naiste p\u00fcksid - lai l\u00f5ige ja mugav istuvus.ideaalne valik igap\u00e4evaseks v\u00f5i t\u00f6\u00f6le kandmiseks.\" \/>\n<meta property=\"og:url\" content=\"https:\/\/www.karinibutiik.ee\/lt\/produktas\/sirge-loikega-tekstiilpuksid\/\" \/>\n<meta property=\"og:site_name\" content=\"Karini Butiik\" \/>\n<meta property=\"article:publisher\" content=\"https:\/\/www.facebook.com\/karinibutiik.ee\" \/>\n<meta property=\"article:modified_time\" content=\"2026-03-28T08:30:58+00:00\" \/>\n<meta property=\"og:image\" content=\"https:\/\/www.karinibutiik.ee\/wp-content\/uploads\/2025\/06\/FB263DB1-F745-4E67-9D1C-0E2419370A9E.jpeg\" \/>\n\t<meta property=\"og:image:width\" content=\"1516\" \/>\n\t<meta property=\"og:image:height\" content=\"2050\" \/>\n\t<meta property=\"og:image:type\" content=\"image\/jpeg\" \/>\n<meta name=\"twitter:card\" content=\"summary_large_image\" \/>\n<meta name=\"twitter:label1\" content=\"Availability\" \/>\n\t<meta name=\"twitter:data1\" content=\"In stock\" \/>\n<script type=\"application\/ld+json\" class=\"yoast-schema-graph\">{\"@context\":\"https:\/\/schema.org\",\"@graph\":[{\"@type\":\"WebPage\",\"@id\":\"https:\/\/www.karinibutiik.ee\/toode\/sirge-loikega-tekstiilpuksid\/\",\"url\":\"https:\/\/www.karinibutiik.ee\/toode\/sirge-loikega-tekstiilpuksid\/\",\"name\":\"SIRGE L\u00d5IKEGA VIIGIP\u00dcKSID - Karini Butiik\",\"isPartOf\":{\"@id\":\"https:\/\/www.karinibutiik.ee\/#website\"},\"primaryImageOfPage\":{\"@id\":\"https:\/\/www.karinibutiik.ee\/toode\/sirge-loikega-tekstiilpuksid\/#primaryimage\"},\"image\":{\"@id\":\"https:\/\/www.karinibutiik.ee\/toode\/sirge-loikega-tekstiilpuksid\/#primaryimage\"},\"thumbnailUrl\":\"https:\/\/www.karinibutiik.ee\/wp-content\/uploads\/2025\/06\/FB263DB1-F745-4E67-9D1C-0E2419370A9E.jpeg\",\"datePublished\":\"2025-06-11T06:54:39+00:00\",\"dateModified\":\"2026-03-28T08:30:58+00:00\",\"description\":\"Avasta Karini Butiigi stiilsed helesinised naiste p\u00fcksid - lai l\u00f5ige ja mugav istuvus.ideaalne valik igap\u00e4evaseks v\u00f5i t\u00f6\u00f6le kandmiseks.\",\"breadcrumb\":{\"@id\":\"https:\/\/www.karinibutiik.ee\/toode\/sirge-loikega-tekstiilpuksid\/#breadcrumb\"},\"inLanguage\":\"lt-LT\",\"potentialAction\":[{\"@type\":\"ReadAction\",\"target\":[\"https:\/\/www.karinibutiik.ee\/toode\/sirge-loikega-tekstiilpuksid\/\"]}]},{\"@type\":\"ImageObject\",\"inLanguage\":\"lt-LT\",\"@id\":\"https:\/\/www.karinibutiik.ee\/toode\/sirge-loikega-tekstiilpuksid\/#primaryimage\",\"url\":\"https:\/\/www.karinibutiik.ee\/wp-content\/uploads\/2025\/06\/FB263DB1-F745-4E67-9D1C-0E2419370A9E.jpeg\",\"contentUrl\":\"https:\/\/www.karinibutiik.ee\/wp-content\/uploads\/2025\/06\/FB263DB1-F745-4E67-9D1C-0E2419370A9E.jpeg\",\"width\":1516,\"height\":2050},{\"@type\":\"BreadcrumbList\",\"@id\":\"https:\/\/www.karinibutiik.ee\/toode\/sirge-loikega-tekstiilpuksid\/#breadcrumb\",\"itemListElement\":[{\"@type\":\"ListItem\",\"position\":1,\"name\":\"Home\",\"item\":\"https:\/\/www.karinibutiik.ee\/\"},{\"@type\":\"ListItem\",\"position\":2,\"name\":\"Pood\",\"item\":\"https:\/\/www.karinibutiik.ee\/pood\/\"},{\"@type\":\"ListItem\",\"position\":3,\"name\":\"SIRGE L\u00d5IKEGA VIIGIP\u00dcKSID\"}]},{\"@type\":\"WebSite\",\"@id\":\"https:\/\/www.karinibutiik.ee\/#website\",\"url\":\"https:\/\/www.karinibutiik.ee\/\",\"name\":\"Karini Butiik\",\"description\":\"\",\"publisher\":{\"@id\":\"https:\/\/www.karinibutiik.ee\/#organization\"},\"potentialAction\":[{\"@type\":\"SearchAction\",\"target\":{\"@type\":\"EntryPoint\",\"urlTemplate\":\"https:\/\/www.karinibutiik.ee\/?s={search_term_string}\"},\"query-input\":{\"@type\":\"PropertyValueSpecification\",\"valueRequired\":true,\"valueName\":\"search_term_string\"}}],\"inLanguage\":\"lt-LT\"},{\"@type\":\"Organization\",\"@id\":\"https:\/\/www.karinibutiik.ee\/#organization\",\"name\":\"Karini Butiik\",\"url\":\"https:\/\/www.karinibutiik.ee\/\",\"logo\":{\"@type\":\"ImageObject\",\"inLanguage\":\"lt-LT\",\"@id\":\"https:\/\/www.karinibutiik.ee\/#\/schema\/logo\/image\/\",\"url\":\"https:\/\/www.karinibutiik.ee\/wp-content\/uploads\/2024\/10\/Kuj.-K-koopia.png\",\"contentUrl\":\"https:\/\/www.karinibutiik.ee\/wp-content\/uploads\/2024\/10\/Kuj.-K-koopia.png\",\"width\":500,\"height\":500,\"caption\":\"Karini Butiik\"},\"image\":{\"@id\":\"https:\/\/www.karinibutiik.ee\/#\/schema\/logo\/image\/\"},\"sameAs\":[\"https:\/\/www.facebook.com\/karinibutiik.ee\",\"https:\/\/www.instagram.com\/karinibutiik\"]}]}<\/script>\n<meta property=\"og:availability\" content=\"instock\" \/>\n<meta property=\"product:availability\" content=\"instock\" \/>\n<meta property=\"product:retailer_item_id\" content=\"6102-2\" \/>\n<meta property=\"product:condition\" content=\"new\" \/>\n<!-- \/ Yoast SEO plugin. -->","yoast_head_json":{"title":"SIRGE L\u00d5IKEGA VIIGIP\u00dcKSID - Karini Butiik","description":"Avasta Karini Butiigi stiilsed helesinised naiste p\u00fcksid - lai l\u00f5ige ja mugav istuvus.ideaalne valik igap\u00e4evaseks v\u00f5i t\u00f6\u00f6le kandmiseks.","robots":{"index":"index","follow":"follow","max-snippet":"max-snippet:-1","max-image-preview":"max-image-preview:large","max-video-preview":"max-video-preview:-1"},"canonical":"https:\/\/www.karinibutiik.ee\/lt\/produktas\/sirge-loikega-tekstiilpuksid\/","og_locale":"lt_LT","og_type":"article","og_title":"SIRGE L\u00d5IKEGA VIIGIP\u00dcKSID - Karini Butiik","og_description":"Avasta Karini Butiigi stiilsed helesinised naiste p\u00fcksid - lai l\u00f5ige ja mugav istuvus.ideaalne valik igap\u00e4evaseks v\u00f5i t\u00f6\u00f6le kandmiseks.","og_url":"https:\/\/www.karinibutiik.ee\/lt\/produktas\/sirge-loikega-tekstiilpuksid\/","og_site_name":"Karini Butiik","article_publisher":"https:\/\/www.facebook.com\/karinibutiik.ee","article_modified_time":"2026-03-28T08:30:58+00:00","og_image":[{"width":1516,"height":2050,"url":"https:\/\/www.karinibutiik.ee\/wp-content\/uploads\/2025\/06\/FB263DB1-F745-4E67-9D1C-0E2419370A9E.jpeg","type":"image\/jpeg"}],"twitter_card":"summary_large_image","twitter_misc":{"Availability":"In stock"},"schema":{"@context":"https:\/\/schema.org","@graph":[{"@type":"WebPage","@id":"https:\/\/www.karinibutiik.ee\/toode\/sirge-loikega-tekstiilpuksid\/","url":"https:\/\/www.karinibutiik.ee\/toode\/sirge-loikega-tekstiilpuksid\/","name":"SIRGE L\u00d5IKEGA VIIGIP\u00dcKSID - Karini Butiik","isPartOf":{"@id":"https:\/\/www.karinibutiik.ee\/#website"},"primaryImageOfPage":{"@id":"https:\/\/www.karinibutiik.ee\/toode\/sirge-loikega-tekstiilpuksid\/#primaryimage"},"image":{"@id":"https:\/\/www.karinibutiik.ee\/toode\/sirge-loikega-tekstiilpuksid\/#primaryimage"},"thumbnailUrl":"https:\/\/www.karinibutiik.ee\/wp-content\/uploads\/2025\/06\/FB263DB1-F745-4E67-9D1C-0E2419370A9E.jpeg","datePublished":"2025-06-11T06:54:39+00:00","dateModified":"2026-03-28T08:30:58+00:00","description":"Avasta Karini Butiigi stiilsed helesinised naiste p\u00fcksid - lai l\u00f5ige ja mugav istuvus.ideaalne valik igap\u00e4evaseks v\u00f5i t\u00f6\u00f6le kandmiseks.","breadcrumb":{"@id":"https:\/\/www.karinibutiik.ee\/toode\/sirge-loikega-tekstiilpuksid\/#breadcrumb"},"inLanguage":"lt-LT","potentialAction":[{"@type":"ReadAction","target":["https:\/\/www.karinibutiik.ee\/toode\/sirge-loikega-tekstiilpuksid\/"]}]},{"@type":"ImageObject","inLanguage":"lt-LT","@id":"https:\/\/www.karinibutiik.ee\/toode\/sirge-loikega-tekstiilpuksid\/#primaryimage","url":"https:\/\/www.karinibutiik.ee\/wp-content\/uploads\/2025\/06\/FB263DB1-F745-4E67-9D1C-0E2419370A9E.jpeg","contentUrl":"https:\/\/www.karinibutiik.ee\/wp-content\/uploads\/2025\/06\/FB263DB1-F745-4E67-9D1C-0E2419370A9E.jpeg","width":1516,"height":2050},{"@type":"BreadcrumbList","@id":"https:\/\/www.karinibutiik.ee\/toode\/sirge-loikega-tekstiilpuksid\/#breadcrumb","itemListElement":[{"@type":"ListItem","position":1,"name":"Home","item":"https:\/\/www.karinibutiik.ee\/"},{"@type":"ListItem","position":2,"name":"Pood","item":"https:\/\/www.karinibutiik.ee\/pood\/"},{"@type":"ListItem","position":3,"name":"SIRGE L\u00d5IKEGA VIIGIP\u00dcKSID"}]},{"@type":"WebSite","@id":"https:\/\/www.karinibutiik.ee\/#website","url":"https:\/\/www.karinibutiik.ee\/","name":"Karini Butiik","description":"","publisher":{"@id":"https:\/\/www.karinibutiik.ee\/#organization"},"potentialAction":[{"@type":"SearchAction","target":{"@type":"EntryPoint","urlTemplate":"https:\/\/www.karinibutiik.ee\/?s={search_term_string}"},"query-input":{"@type":"PropertyValueSpecification","valueRequired":true,"valueName":"search_term_string"}}],"inLanguage":"lt-LT"},{"@type":"Organization","@id":"https:\/\/www.karinibutiik.ee\/#organization","name":"Karini Butiik","url":"https:\/\/www.karinibutiik.ee\/","logo":{"@type":"ImageObject","inLanguage":"lt-LT","@id":"https:\/\/www.karinibutiik.ee\/#\/schema\/logo\/image\/","url":"https:\/\/www.karinibutiik.ee\/wp-content\/uploads\/2024\/10\/Kuj.-K-koopia.png","contentUrl":"https:\/\/www.karinibutiik.ee\/wp-content\/uploads\/2024\/10\/Kuj.-K-koopia.png","width":500,"height":500,"caption":"Karini Butiik"},"image":{"@id":"https:\/\/www.karinibutiik.ee\/#\/schema\/logo\/image\/"},"sameAs":["https:\/\/www.facebook.com\/karinibutiik.ee","https:\/\/www.instagram.com\/karinibutiik"]}]},"og_availability":"instock","product_availability":"instock","product_retailer_item_id":"6102-2","product_condition":"new"},"_links":{"self":[{"href":"https:\/\/www.karinibutiik.ee\/lt\/wp-json\/wp\/v2\/product\/18861","targetHints":{"allow":["GET"]}}],"collection":[{"href":"https:\/\/www.karinibutiik.ee\/lt\/wp-json\/wp\/v2\/product"}],"about":[{"href":"https:\/\/www.karinibutiik.ee\/lt\/wp-json\/wp\/v2\/types\/product"}],"version-history":[{"count":3,"href":"https:\/\/www.karinibutiik.ee\/lt\/wp-json\/wp\/v2\/product\/18861\/revisions"}],"predecessor-version":[{"id":22513,"href":"https:\/\/www.karinibutiik.ee\/lt\/wp-json\/wp\/v2\/product\/18861\/revisions\/22513"}],"wp:featuredmedia":[{"embeddable":true,"href":"https:\/\/www.karinibutiik.ee\/lt\/wp-json\/wp\/v2\/media\/22505"}],"wp:attachment":[{"href":"https:\/\/www.karinibutiik.ee\/lt\/wp-json\/wp\/v2\/media?parent=18861"}],"wp:term":[{"taxonomy":"product_brand","embeddable":true,"href":"https:\/\/www.karinibutiik.ee\/lt\/wp-json\/wp\/v2\/product_brand?post=18861"},{"taxonomy":"product_cat","embeddable":true,"href":"https:\/\/www.karinibutiik.ee\/lt\/wp-json\/wp\/v2\/product_cat?post=18861"},{"taxonomy":"product_tag","embeddable":true,"href":"https:\/\/www.karinibutiik.ee\/lt\/wp-json\/wp\/v2\/product_tag?post=18861"}],"curies":[{"name":"wp","href":"https:\/\/api.w.org\/{rel}","templated":true}]}}