{"id":19370,"date":"2024-10-10T08:12:34","date_gmt":"2024-10-10T08:12:34","guid":{"rendered":"https:\/\/www.karinibutiik.ee\/?post_type=product&#038;p=19370"},"modified":"2025-07-01T00:47:14","modified_gmt":"2025-06-30T21:47:14","slug":"mini-pikkuses-litterkleit-pikkade-varrukatega-3","status":"publish","type":"product","link":"https:\/\/www.karinibutiik.ee\/lt\/produktas\/mini-pikkuses-litterkleit-pikkade-varrukatega-3\/","title":{"rendered":"Mini ilgio \u0161iuk\u0161li\u0173 suknel\u0117 ilgomis rankov\u0117mis"},"content":{"rendered":"<p>S\u00e4rav ja pilkup\u00fc\u00fcdev mini pikkuses litterkleit, mis \u00fchendab endas glamuuri ja elegantsi. Kleidil on pikad varrukad ja efektne avatud seljaosa, lisades v\u00e4limusele dramaatilist ja julget nooti. Ideaalne valik erilisteks s\u00fcndmusteks ja pidudeks, kus soovid silma paista ja tunda end t\u00f5elise staarina.<\/p>","protected":false},"excerpt":{"rendered":"<p>S\u00e4rav ja pilkup\u00fc\u00fcdev mini pikkuses litterkleit, mis \u00fchendab endas glamuuri ja elegantsi. Kleidil on pikad varrukad ja efektne avatud seljaosa, [&hellip;]<\/p>\n","protected":false},"featured_media":19527,"template":"","meta":{"site-sidebar-layout":"default","site-content-layout":"","ast-site-content-layout":"default","site-content-style":"default","site-sidebar-style":"default","ast-global-header-display":"","ast-banner-title-visibility":"","ast-main-header-display":"","ast-hfb-above-header-display":"","ast-hfb-below-header-display":"","ast-hfb-mobile-header-display":"","site-post-title":"","ast-breadcrumbs-content":"","ast-featured-img":"","footer-sml-layout":"","ast-disable-related-posts":"","theme-transparent-header-meta":"default","adv-header-id-meta":"","stick-header-meta":"default","header-above-stick-meta":"","header-main-stick-meta":"","header-below-stick-meta":"","astra-migrate-meta-layouts":"set","ast-page-background-enabled":"default","ast-page-background-meta":{"desktop":{"background-color":"var(--ast-global-color-4)","background-image":"","background-repeat":"repeat","background-position":"center center","background-size":"auto","background-attachment":"scroll","background-type":"","background-media":"","overlay-type":"","overlay-color":"","overlay-opacity":"","overlay-gradient":""},"tablet":{"background-color":"","background-image":"","background-repeat":"repeat","background-position":"center center","background-size":"auto","background-attachment":"scroll","background-type":"","background-media":"","overlay-type":"","overlay-color":"","overlay-opacity":"","overlay-gradient":""},"mobile":{"background-color":"","background-image":"","background-repeat":"repeat","background-position":"center center","background-size":"auto","background-attachment":"scroll","background-type":"","background-media":"","overlay-type":"","overlay-color":"","overlay-opacity":"","overlay-gradient":""}},"ast-content-background-meta":{"desktop":{"background-color":"var(--ast-global-color-5)","background-image":"","background-repeat":"repeat","background-position":"center center","background-size":"auto","background-attachment":"scroll","background-type":"","background-media":"","overlay-type":"","overlay-color":"","overlay-opacity":"","overlay-gradient":""},"tablet":{"background-color":"var(--ast-global-color-5)","background-image":"","background-repeat":"repeat","background-position":"center center","background-size":"auto","background-attachment":"scroll","background-type":"","background-media":"","overlay-type":"","overlay-color":"","overlay-opacity":"","overlay-gradient":""},"mobile":{"background-color":"var(--ast-global-color-5)","background-image":"","background-repeat":"repeat","background-position":"center center","background-size":"auto","background-attachment":"scroll","background-type":"","background-media":"","overlay-type":"","overlay-color":"","overlay-opacity":"","overlay-gradient":""}}},"product_brand":[],"product_cat":[346,347,377,349,351],"product_tag":[879,475,878,501,640,907,507,1050,883,995,1046,1058],"class_list":{"0":"post-19370","1":"product","2":"type-product","3":"status-publish","4":"has-post-thumbnail","6":"product_cat-naised","7":"product_cat-kleidid","8":"product_cat-litter-ja-glitterkleidid","9":"product_cat-midikleidid","10":"product_cat-uued-tooted","11":"product_tag-aastavahetuse-kleidid","12":"product_tag-dresshouse","13":"product_tag-joulupeo-kleidid","14":"product_tag-karini-butiik","15":"product_tag-litterkleidid","16":"product_tag-midikleidid","17":"product_tag-must-kleit","18":"product_tag-peokleidid","19":"product_tag-sadelevad-kleidid","20":"product_tag-stiilsed-kleidid","21":"product_tag-stiilsed-peokleidid","22":"product_tag-suurim-kleididpood-tallinnas","23":"desktop-align-center","24":"tablet-align-center","25":"mobile-align-center","26":"ast-product-gallery-layout-horizontal-slider","27":"ast-product-single-variable","28":"ast-product-tabs-layout-horizontal","30":"first","31":"outofstock","32":"taxable","33":"shipping-taxable","34":"product-type-variable"},"supplier_id":null,"supplier_sku":"","barcode":null,"atum_controlled":true,"out_stock_date":null,"out_stock_threshold":null,"inheritable":true,"inbound_stock":0,"stock_on_hold":0,"sold_today":0,"sales_last_days":0,"reserved_stock":0,"customer_returns":0,"warehouse_damage":0,"lost_in_post":0,"other_logs":0,"out_stock_days":0,"lost_sales":0,"has_location":false,"update_date":"2025-12-04T01:26:40","atum_locations":[],"atum_stock_status":"outofstock","restock_status":false,"low_stock_amount":"","sales_update_date":"2025-12-04T01:26:40","calc_backorders":null,"yoast_head":"<!-- This site is optimized with the Yoast SEO plugin v26.9 - https:\/\/yoast.com\/product\/yoast-seo-wordpress\/ -->\n<title>Mini pikkuses litterkleit pikkade varrukatega - Karini Butiik<\/title>\n<meta name=\"description\" content=\"S\u00e4rav ja pilkup\u00fc\u00fcdev mini pikkuses litterkleit, mis \u00fchendab endas glamuuri ja elegantsi. Kleidil on pikad varrukad ja efektne avatud seljaosa, lisades v\u00e4limusele dramaatilist ja julget nooti. Ideaalne valik erilisteks s\u00fcndmusteks ja pidudeks, kus soovid silma paista ja tunda end t\u00f5elise staarina.\" \/>\n<meta name=\"robots\" content=\"index, follow, max-snippet:-1, max-image-preview:large, max-video-preview:-1\" \/>\n<link rel=\"canonical\" href=\"https:\/\/www.karinibutiik.ee\/lt\/produktas\/mini-pikkuses-litterkleit-pikkade-varrukatega-3\/\" \/>\n<meta property=\"og:locale\" content=\"lt_LT\" \/>\n<meta property=\"og:type\" content=\"article\" \/>\n<meta property=\"og:title\" content=\"Mini pikkuses litterkleit pikkade varrukatega - Karini Butiik\" \/>\n<meta property=\"og:description\" content=\"S\u00e4rav ja pilkup\u00fc\u00fcdev mini pikkuses litterkleit, mis \u00fchendab endas glamuuri ja elegantsi. Kleidil on pikad varrukad ja efektne avatud seljaosa, lisades v\u00e4limusele dramaatilist ja julget nooti. Ideaalne valik erilisteks s\u00fcndmusteks ja pidudeks, kus soovid silma paista ja tunda end t\u00f5elise staarina.\" \/>\n<meta property=\"og:url\" content=\"https:\/\/www.karinibutiik.ee\/lt\/produktas\/mini-pikkuses-litterkleit-pikkade-varrukatega-3\/\" \/>\n<meta property=\"og:site_name\" content=\"Karini Butiik\" \/>\n<meta property=\"article:publisher\" content=\"https:\/\/www.facebook.com\/karinibutiik.ee\" \/>\n<meta property=\"article:modified_time\" content=\"2025-06-30T21:47:14+00:00\" \/>\n<meta property=\"og:image\" content=\"https:\/\/www.karinibutiik.ee\/wp-content\/uploads\/2024\/10\/241009_Karini_Butiik_Erlend_Staub120-scaled.jpg\" \/>\n\t<meta property=\"og:image:width\" content=\"2048\" \/>\n\t<meta property=\"og:image:height\" content=\"2560\" \/>\n\t<meta property=\"og:image:type\" content=\"image\/jpeg\" \/>\n<meta name=\"twitter:card\" content=\"summary_large_image\" \/>\n<meta name=\"twitter:label1\" content=\"Availability\" \/>\n\t<meta name=\"twitter:data1\" content=\"Out of stock\" \/>\n<script type=\"application\/ld+json\" class=\"yoast-schema-graph\">{\"@context\":\"https:\/\/schema.org\",\"@graph\":[{\"@type\":\"WebPage\",\"@id\":\"https:\/\/www.karinibutiik.ee\/toode\/mini-pikkuses-litterkleit-pikkade-varrukatega-3\/\",\"url\":\"https:\/\/www.karinibutiik.ee\/toode\/mini-pikkuses-litterkleit-pikkade-varrukatega-3\/\",\"name\":\"Mini pikkuses litterkleit pikkade varrukatega - Karini Butiik\",\"isPartOf\":{\"@id\":\"https:\/\/www.karinibutiik.ee\/#website\"},\"primaryImageOfPage\":{\"@id\":\"https:\/\/www.karinibutiik.ee\/toode\/mini-pikkuses-litterkleit-pikkade-varrukatega-3\/#primaryimage\"},\"image\":{\"@id\":\"https:\/\/www.karinibutiik.ee\/toode\/mini-pikkuses-litterkleit-pikkade-varrukatega-3\/#primaryimage\"},\"thumbnailUrl\":\"https:\/\/www.karinibutiik.ee\/wp-content\/uploads\/2024\/10\/241009_Karini_Butiik_Erlend_Staub120-scaled.jpg\",\"datePublished\":\"2024-10-10T08:12:34+00:00\",\"dateModified\":\"2025-06-30T21:47:14+00:00\",\"description\":\"S\u00e4rav ja pilkup\u00fc\u00fcdev mini pikkuses litterkleit, mis \u00fchendab endas glamuuri ja elegantsi. Kleidil on pikad varrukad ja efektne avatud seljaosa, lisades v\u00e4limusele dramaatilist ja julget nooti. Ideaalne valik erilisteks s\u00fcndmusteks ja pidudeks, kus soovid silma paista ja tunda end t\u00f5elise staarina.\",\"breadcrumb\":{\"@id\":\"https:\/\/www.karinibutiik.ee\/toode\/mini-pikkuses-litterkleit-pikkade-varrukatega-3\/#breadcrumb\"},\"inLanguage\":\"lt-LT\",\"potentialAction\":[{\"@type\":\"ReadAction\",\"target\":[\"https:\/\/www.karinibutiik.ee\/toode\/mini-pikkuses-litterkleit-pikkade-varrukatega-3\/\"]}]},{\"@type\":\"ImageObject\",\"inLanguage\":\"lt-LT\",\"@id\":\"https:\/\/www.karinibutiik.ee\/toode\/mini-pikkuses-litterkleit-pikkade-varrukatega-3\/#primaryimage\",\"url\":\"https:\/\/www.karinibutiik.ee\/wp-content\/uploads\/2024\/10\/241009_Karini_Butiik_Erlend_Staub120-scaled.jpg\",\"contentUrl\":\"https:\/\/www.karinibutiik.ee\/wp-content\/uploads\/2024\/10\/241009_Karini_Butiik_Erlend_Staub120-scaled.jpg\",\"width\":2048,\"height\":2560,\"caption\":\"litterkleit, litritega kleit\"},{\"@type\":\"BreadcrumbList\",\"@id\":\"https:\/\/www.karinibutiik.ee\/toode\/mini-pikkuses-litterkleit-pikkade-varrukatega-3\/#breadcrumb\",\"itemListElement\":[{\"@type\":\"ListItem\",\"position\":1,\"name\":\"Home\",\"item\":\"https:\/\/www.karinibutiik.ee\/\"},{\"@type\":\"ListItem\",\"position\":2,\"name\":\"Pood\",\"item\":\"https:\/\/www.karinibutiik.ee\/pood\/\"},{\"@type\":\"ListItem\",\"position\":3,\"name\":\"Mini pikkuses litterkleit pikkade varrukatega\"}]},{\"@type\":\"WebSite\",\"@id\":\"https:\/\/www.karinibutiik.ee\/#website\",\"url\":\"https:\/\/www.karinibutiik.ee\/\",\"name\":\"Karini Butiik\",\"description\":\"\",\"publisher\":{\"@id\":\"https:\/\/www.karinibutiik.ee\/#organization\"},\"potentialAction\":[{\"@type\":\"SearchAction\",\"target\":{\"@type\":\"EntryPoint\",\"urlTemplate\":\"https:\/\/www.karinibutiik.ee\/?s={search_term_string}\"},\"query-input\":{\"@type\":\"PropertyValueSpecification\",\"valueRequired\":true,\"valueName\":\"search_term_string\"}}],\"inLanguage\":\"lt-LT\"},{\"@type\":\"Organization\",\"@id\":\"https:\/\/www.karinibutiik.ee\/#organization\",\"name\":\"Karini Butiik\",\"url\":\"https:\/\/www.karinibutiik.ee\/\",\"logo\":{\"@type\":\"ImageObject\",\"inLanguage\":\"lt-LT\",\"@id\":\"https:\/\/www.karinibutiik.ee\/#\/schema\/logo\/image\/\",\"url\":\"https:\/\/www.karinibutiik.ee\/wp-content\/uploads\/2024\/10\/Kuj.-K-koopia.png\",\"contentUrl\":\"https:\/\/www.karinibutiik.ee\/wp-content\/uploads\/2024\/10\/Kuj.-K-koopia.png\",\"width\":500,\"height\":500,\"caption\":\"Karini Butiik\"},\"image\":{\"@id\":\"https:\/\/www.karinibutiik.ee\/#\/schema\/logo\/image\/\"},\"sameAs\":[\"https:\/\/www.facebook.com\/karinibutiik.ee\",\"https:\/\/www.instagram.com\/karinibutiik\"]}]}<\/script>\n<meta property=\"og:availability\" content=\"out of stock\" \/>\n<meta property=\"product:availability\" content=\"out of stock\" \/>\n<meta property=\"product:retailer_item_id\" content=\"2905\" \/>\n<meta property=\"product:condition\" content=\"new\" \/>\n<!-- \/ Yoast SEO plugin. -->","yoast_head_json":{"title":"Mini pikkuses litterkleit pikkade varrukatega - Karini Butiik","description":"S\u00e4rav ja pilkup\u00fc\u00fcdev mini pikkuses litterkleit, mis \u00fchendab endas glamuuri ja elegantsi. Kleidil on pikad varrukad ja efektne avatud seljaosa, lisades v\u00e4limusele dramaatilist ja julget nooti. Ideaalne valik erilisteks s\u00fcndmusteks ja pidudeks, kus soovid silma paista ja tunda end t\u00f5elise staarina.","robots":{"index":"index","follow":"follow","max-snippet":"max-snippet:-1","max-image-preview":"max-image-preview:large","max-video-preview":"max-video-preview:-1"},"canonical":"https:\/\/www.karinibutiik.ee\/lt\/produktas\/mini-pikkuses-litterkleit-pikkade-varrukatega-3\/","og_locale":"lt_LT","og_type":"article","og_title":"Mini pikkuses litterkleit pikkade varrukatega - Karini Butiik","og_description":"S\u00e4rav ja pilkup\u00fc\u00fcdev mini pikkuses litterkleit, mis \u00fchendab endas glamuuri ja elegantsi. Kleidil on pikad varrukad ja efektne avatud seljaosa, lisades v\u00e4limusele dramaatilist ja julget nooti. Ideaalne valik erilisteks s\u00fcndmusteks ja pidudeks, kus soovid silma paista ja tunda end t\u00f5elise staarina.","og_url":"https:\/\/www.karinibutiik.ee\/lt\/produktas\/mini-pikkuses-litterkleit-pikkade-varrukatega-3\/","og_site_name":"Karini Butiik","article_publisher":"https:\/\/www.facebook.com\/karinibutiik.ee","article_modified_time":"2025-06-30T21:47:14+00:00","og_image":[{"width":2048,"height":2560,"url":"https:\/\/www.karinibutiik.ee\/wp-content\/uploads\/2024\/10\/241009_Karini_Butiik_Erlend_Staub120-scaled.jpg","type":"image\/jpeg"}],"twitter_card":"summary_large_image","twitter_misc":{"Availability":"Out of stock"},"schema":{"@context":"https:\/\/schema.org","@graph":[{"@type":"WebPage","@id":"https:\/\/www.karinibutiik.ee\/toode\/mini-pikkuses-litterkleit-pikkade-varrukatega-3\/","url":"https:\/\/www.karinibutiik.ee\/toode\/mini-pikkuses-litterkleit-pikkade-varrukatega-3\/","name":"Mini pikkuses litterkleit pikkade varrukatega - Karini Butiik","isPartOf":{"@id":"https:\/\/www.karinibutiik.ee\/#website"},"primaryImageOfPage":{"@id":"https:\/\/www.karinibutiik.ee\/toode\/mini-pikkuses-litterkleit-pikkade-varrukatega-3\/#primaryimage"},"image":{"@id":"https:\/\/www.karinibutiik.ee\/toode\/mini-pikkuses-litterkleit-pikkade-varrukatega-3\/#primaryimage"},"thumbnailUrl":"https:\/\/www.karinibutiik.ee\/wp-content\/uploads\/2024\/10\/241009_Karini_Butiik_Erlend_Staub120-scaled.jpg","datePublished":"2024-10-10T08:12:34+00:00","dateModified":"2025-06-30T21:47:14+00:00","description":"S\u00e4rav ja pilkup\u00fc\u00fcdev mini pikkuses litterkleit, mis \u00fchendab endas glamuuri ja elegantsi. Kleidil on pikad varrukad ja efektne avatud seljaosa, lisades v\u00e4limusele dramaatilist ja julget nooti. Ideaalne valik erilisteks s\u00fcndmusteks ja pidudeks, kus soovid silma paista ja tunda end t\u00f5elise staarina.","breadcrumb":{"@id":"https:\/\/www.karinibutiik.ee\/toode\/mini-pikkuses-litterkleit-pikkade-varrukatega-3\/#breadcrumb"},"inLanguage":"lt-LT","potentialAction":[{"@type":"ReadAction","target":["https:\/\/www.karinibutiik.ee\/toode\/mini-pikkuses-litterkleit-pikkade-varrukatega-3\/"]}]},{"@type":"ImageObject","inLanguage":"lt-LT","@id":"https:\/\/www.karinibutiik.ee\/toode\/mini-pikkuses-litterkleit-pikkade-varrukatega-3\/#primaryimage","url":"https:\/\/www.karinibutiik.ee\/wp-content\/uploads\/2024\/10\/241009_Karini_Butiik_Erlend_Staub120-scaled.jpg","contentUrl":"https:\/\/www.karinibutiik.ee\/wp-content\/uploads\/2024\/10\/241009_Karini_Butiik_Erlend_Staub120-scaled.jpg","width":2048,"height":2560,"caption":"litterkleit, litritega kleit"},{"@type":"BreadcrumbList","@id":"https:\/\/www.karinibutiik.ee\/toode\/mini-pikkuses-litterkleit-pikkade-varrukatega-3\/#breadcrumb","itemListElement":[{"@type":"ListItem","position":1,"name":"Home","item":"https:\/\/www.karinibutiik.ee\/"},{"@type":"ListItem","position":2,"name":"Pood","item":"https:\/\/www.karinibutiik.ee\/pood\/"},{"@type":"ListItem","position":3,"name":"Mini pikkuses litterkleit pikkade varrukatega"}]},{"@type":"WebSite","@id":"https:\/\/www.karinibutiik.ee\/#website","url":"https:\/\/www.karinibutiik.ee\/","name":"Karini Butiik","description":"","publisher":{"@id":"https:\/\/www.karinibutiik.ee\/#organization"},"potentialAction":[{"@type":"SearchAction","target":{"@type":"EntryPoint","urlTemplate":"https:\/\/www.karinibutiik.ee\/?s={search_term_string}"},"query-input":{"@type":"PropertyValueSpecification","valueRequired":true,"valueName":"search_term_string"}}],"inLanguage":"lt-LT"},{"@type":"Organization","@id":"https:\/\/www.karinibutiik.ee\/#organization","name":"Karini Butiik","url":"https:\/\/www.karinibutiik.ee\/","logo":{"@type":"ImageObject","inLanguage":"lt-LT","@id":"https:\/\/www.karinibutiik.ee\/#\/schema\/logo\/image\/","url":"https:\/\/www.karinibutiik.ee\/wp-content\/uploads\/2024\/10\/Kuj.-K-koopia.png","contentUrl":"https:\/\/www.karinibutiik.ee\/wp-content\/uploads\/2024\/10\/Kuj.-K-koopia.png","width":500,"height":500,"caption":"Karini Butiik"},"image":{"@id":"https:\/\/www.karinibutiik.ee\/#\/schema\/logo\/image\/"},"sameAs":["https:\/\/www.facebook.com\/karinibutiik.ee","https:\/\/www.instagram.com\/karinibutiik"]}]},"og_availability":"out of stock","product_availability":"out of stock","product_retailer_item_id":"2905","product_condition":"new"},"_links":{"self":[{"href":"https:\/\/www.karinibutiik.ee\/lt\/wp-json\/wp\/v2\/product\/19370","targetHints":{"allow":["GET"]}}],"collection":[{"href":"https:\/\/www.karinibutiik.ee\/lt\/wp-json\/wp\/v2\/product"}],"about":[{"href":"https:\/\/www.karinibutiik.ee\/lt\/wp-json\/wp\/v2\/types\/product"}],"version-history":[{"count":2,"href":"https:\/\/www.karinibutiik.ee\/lt\/wp-json\/wp\/v2\/product\/19370\/revisions"}],"predecessor-version":[{"id":19941,"href":"https:\/\/www.karinibutiik.ee\/lt\/wp-json\/wp\/v2\/product\/19370\/revisions\/19941"}],"wp:featuredmedia":[{"embeddable":true,"href":"https:\/\/www.karinibutiik.ee\/lt\/wp-json\/wp\/v2\/media\/19527"}],"wp:attachment":[{"href":"https:\/\/www.karinibutiik.ee\/lt\/wp-json\/wp\/v2\/media?parent=19370"}],"wp:term":[{"taxonomy":"product_brand","embeddable":true,"href":"https:\/\/www.karinibutiik.ee\/lt\/wp-json\/wp\/v2\/product_brand?post=19370"},{"taxonomy":"product_cat","embeddable":true,"href":"https:\/\/www.karinibutiik.ee\/lt\/wp-json\/wp\/v2\/product_cat?post=19370"},{"taxonomy":"product_tag","embeddable":true,"href":"https:\/\/www.karinibutiik.ee\/lt\/wp-json\/wp\/v2\/product_tag?post=19370"}],"curies":[{"name":"wp","href":"https:\/\/api.w.org\/{rel}","templated":true}]}}