{"id":20325,"date":"2024-11-18T15:11:47","date_gmt":"2024-11-18T15:11:47","guid":{"rendered":"https:\/\/www.karinibutiik.ee\/?post_type=product&#038;p=20325"},"modified":"2026-03-10T10:43:42","modified_gmt":"2026-03-10T08:43:42","slug":"kolmveerand-varrukatega-litterpluus","status":"publish","type":"product","link":"https:\/\/www.karinibutiik.ee\/lt\/produktas\/kolmveerand-varrukatega-litterpluus\/","title":{"rendered":"PALAIDIN\u0116 SU TRIJ\u0172 KETVIR\u010cI\u0172 RANKOV\u0116MIS"},"content":{"rendered":"<p>Stiilne kolmveerandvarrukatega ja avara kaelusega litterpluus, saadaval neljas v\u00e4rvitoonis. \u00dcks universaalne suurus, sobib erinevatele kehat\u00fc\u00fcpidele. T\u00e4iuslik valik s\u00e4ravateks pidudeks ja eriliseks stiiliks!<\/p>","protected":false},"excerpt":{"rendered":"<p>Stiilne kolmveerandvarrukatega ja avara kaelusega litterpluus, saadaval neljas v\u00e4rvitoonis. \u00dcks universaalne suurus, sobib erinevatele kehat\u00fc\u00fcpidele. T\u00e4iuslik valik s\u00e4ravateks pidudeks ja [&hellip;]<\/p>\n","protected":false},"featured_media":20316,"template":"","meta":{"site-sidebar-layout":"default","site-content-layout":"","ast-site-content-layout":"default","site-content-style":"default","site-sidebar-style":"default","ast-global-header-display":"","ast-banner-title-visibility":"","ast-main-header-display":"","ast-hfb-above-header-display":"","ast-hfb-below-header-display":"","ast-hfb-mobile-header-display":"","site-post-title":"","ast-breadcrumbs-content":"","ast-featured-img":"","footer-sml-layout":"","ast-disable-related-posts":"","theme-transparent-header-meta":"default","adv-header-id-meta":"","stick-header-meta":"default","header-above-stick-meta":"","header-main-stick-meta":"","header-below-stick-meta":"","astra-migrate-meta-layouts":"set","ast-page-background-enabled":"default","ast-page-background-meta":{"desktop":{"background-color":"var(--ast-global-color-4)","background-image":"","background-repeat":"repeat","background-position":"center center","background-size":"auto","background-attachment":"scroll","background-type":"","background-media":"","overlay-type":"","overlay-color":"","overlay-opacity":"","overlay-gradient":""},"tablet":{"background-color":"","background-image":"","background-repeat":"repeat","background-position":"center center","background-size":"auto","background-attachment":"scroll","background-type":"","background-media":"","overlay-type":"","overlay-color":"","overlay-opacity":"","overlay-gradient":""},"mobile":{"background-color":"","background-image":"","background-repeat":"repeat","background-position":"center center","background-size":"auto","background-attachment":"scroll","background-type":"","background-media":"","overlay-type":"","overlay-color":"","overlay-opacity":"","overlay-gradient":""}},"ast-content-background-meta":{"desktop":{"background-color":"var(--ast-global-color-5)","background-image":"","background-repeat":"repeat","background-position":"center center","background-size":"auto","background-attachment":"scroll","background-type":"","background-media":"","overlay-type":"","overlay-color":"","overlay-opacity":"","overlay-gradient":""},"tablet":{"background-color":"var(--ast-global-color-5)","background-image":"","background-repeat":"repeat","background-position":"center center","background-size":"auto","background-attachment":"scroll","background-type":"","background-media":"","overlay-type":"","overlay-color":"","overlay-opacity":"","overlay-gradient":""},"mobile":{"background-color":"var(--ast-global-color-5)","background-image":"","background-repeat":"repeat","background-position":"center center","background-size":"auto","background-attachment":"scroll","background-type":"","background-media":"","overlay-type":"","overlay-color":"","overlay-opacity":"","overlay-gradient":""}}},"product_brand":[],"product_cat":[367,346,352,353],"product_tag":[501,1129,1130,896,1060,1024,1131],"class_list":{"0":"post-20325","1":"product","2":"type-product","3":"status-publish","4":"has-post-thumbnail","6":"product_cat-allahindlus","7":"product_cat-naised","8":"product_cat-pluusid-bodid","9":"product_cat-pluusid","10":"product_tag-karini-butiik","11":"product_tag-litter-ja-sadelus","12":"product_tag-litterpluusid","13":"product_tag-naisteriiete-epood","14":"product_tag-peoriided","15":"product_tag-pidulikud-pluusid","16":"product_tag-riiete-pood-tallinnas","17":"desktop-align-center","18":"tablet-align-center","19":"mobile-align-center","20":"ast-product-gallery-layout-horizontal-slider","21":"ast-product-single-variable","22":"ast-product-tabs-layout-horizontal","24":"first","25":"instock","26":"sale","27":"taxable","28":"shipping-taxable","29":"purchasable","30":"product-type-variable"},"supplier_id":null,"supplier_sku":"","barcode":null,"atum_controlled":true,"out_stock_date":null,"out_stock_threshold":null,"inheritable":true,"inbound_stock":0,"stock_on_hold":0,"sold_today":0,"sales_last_days":0,"reserved_stock":0,"customer_returns":0,"warehouse_damage":0,"lost_in_post":0,"other_logs":0,"out_stock_days":0,"lost_sales":0,"has_location":false,"update_date":"2025-12-27T10:15:53","atum_locations":[],"atum_stock_status":"instock","restock_status":false,"low_stock_amount":"","sales_update_date":"2025-12-03T01:20:32","calc_backorders":null,"yoast_head":"<!-- This site is optimized with the Yoast SEO plugin v26.9 - https:\/\/yoast.com\/product\/yoast-seo-wordpress\/ -->\n<title>KOLMVEERAND VARRUKATEGA LITTERPLUUS - Karini Butiik<\/title>\n<meta name=\"description\" content=\"Stiilne kolmveerandvarrukatega ja avara kaelusega litterpluus, saadaval neljas v\u00e4rvitoonis. \u00dcks universaalne suurus, sobib erinevatele kehat\u00fc\u00fcpidele. T\u00e4iuslik valik s\u00e4ravateks pidudeks ja eriliseks stiiliks!\" \/>\n<meta name=\"robots\" content=\"index, follow, max-snippet:-1, max-image-preview:large, max-video-preview:-1\" \/>\n<link rel=\"canonical\" href=\"https:\/\/www.karinibutiik.ee\/lt\/produktas\/kolmveerand-varrukatega-litterpluus\/\" \/>\n<meta property=\"og:locale\" content=\"lt_LT\" \/>\n<meta property=\"og:type\" content=\"article\" \/>\n<meta property=\"og:title\" content=\"KOLMVEERAND VARRUKATEGA LITTERPLUUS - Karini Butiik\" \/>\n<meta property=\"og:description\" content=\"Stiilne kolmveerandvarrukatega ja avara kaelusega litterpluus, saadaval neljas v\u00e4rvitoonis. \u00dcks universaalne suurus, sobib erinevatele kehat\u00fc\u00fcpidele. T\u00e4iuslik valik s\u00e4ravateks pidudeks ja eriliseks stiiliks!\" \/>\n<meta property=\"og:url\" content=\"https:\/\/www.karinibutiik.ee\/lt\/produktas\/kolmveerand-varrukatega-litterpluus\/\" \/>\n<meta property=\"og:site_name\" content=\"Karini Butiik\" \/>\n<meta property=\"article:publisher\" content=\"https:\/\/www.facebook.com\/karinibutiik.ee\" \/>\n<meta property=\"article:modified_time\" content=\"2026-03-10T08:43:42+00:00\" \/>\n<meta property=\"og:image\" content=\"https:\/\/www.karinibutiik.ee\/wp-content\/uploads\/2024\/11\/241116_Karini_Butiik_Erlend_Staub86-scaled-e1731944002110.jpg\" \/>\n\t<meta property=\"og:image:width\" content=\"1689\" \/>\n\t<meta property=\"og:image:height\" content=\"2248\" \/>\n\t<meta property=\"og:image:type\" content=\"image\/jpeg\" \/>\n<meta name=\"twitter:card\" content=\"summary_large_image\" \/>\n<meta name=\"twitter:label1\" content=\"Availability\" \/>\n\t<meta name=\"twitter:data1\" content=\"In stock\" \/>\n<script type=\"application\/ld+json\" class=\"yoast-schema-graph\">{\"@context\":\"https:\/\/schema.org\",\"@graph\":[{\"@type\":\"WebPage\",\"@id\":\"https:\/\/www.karinibutiik.ee\/toode\/kolmveerand-varrukatega-litterpluus\/\",\"url\":\"https:\/\/www.karinibutiik.ee\/toode\/kolmveerand-varrukatega-litterpluus\/\",\"name\":\"KOLMVEERAND VARRUKATEGA LITTERPLUUS - Karini Butiik\",\"isPartOf\":{\"@id\":\"https:\/\/www.karinibutiik.ee\/#website\"},\"primaryImageOfPage\":{\"@id\":\"https:\/\/www.karinibutiik.ee\/toode\/kolmveerand-varrukatega-litterpluus\/#primaryimage\"},\"image\":{\"@id\":\"https:\/\/www.karinibutiik.ee\/toode\/kolmveerand-varrukatega-litterpluus\/#primaryimage\"},\"thumbnailUrl\":\"https:\/\/www.karinibutiik.ee\/wp-content\/uploads\/2024\/11\/241116_Karini_Butiik_Erlend_Staub86-scaled-e1731944002110.jpg\",\"datePublished\":\"2024-11-18T15:11:47+00:00\",\"dateModified\":\"2026-03-10T08:43:42+00:00\",\"description\":\"Stiilne kolmveerandvarrukatega ja avara kaelusega litterpluus, saadaval neljas v\u00e4rvitoonis. \u00dcks universaalne suurus, sobib erinevatele kehat\u00fc\u00fcpidele. T\u00e4iuslik valik s\u00e4ravateks pidudeks ja eriliseks stiiliks!\",\"breadcrumb\":{\"@id\":\"https:\/\/www.karinibutiik.ee\/toode\/kolmveerand-varrukatega-litterpluus\/#breadcrumb\"},\"inLanguage\":\"lt-LT\",\"potentialAction\":[{\"@type\":\"ReadAction\",\"target\":[\"https:\/\/www.karinibutiik.ee\/toode\/kolmveerand-varrukatega-litterpluus\/\"]}]},{\"@type\":\"ImageObject\",\"inLanguage\":\"lt-LT\",\"@id\":\"https:\/\/www.karinibutiik.ee\/toode\/kolmveerand-varrukatega-litterpluus\/#primaryimage\",\"url\":\"https:\/\/www.karinibutiik.ee\/wp-content\/uploads\/2024\/11\/241116_Karini_Butiik_Erlend_Staub86-scaled-e1731944002110.jpg\",\"contentUrl\":\"https:\/\/www.karinibutiik.ee\/wp-content\/uploads\/2024\/11\/241116_Karini_Butiik_Erlend_Staub86-scaled-e1731944002110.jpg\",\"width\":1689,\"height\":2248},{\"@type\":\"BreadcrumbList\",\"@id\":\"https:\/\/www.karinibutiik.ee\/toode\/kolmveerand-varrukatega-litterpluus\/#breadcrumb\",\"itemListElement\":[{\"@type\":\"ListItem\",\"position\":1,\"name\":\"Home\",\"item\":\"https:\/\/www.karinibutiik.ee\/\"},{\"@type\":\"ListItem\",\"position\":2,\"name\":\"Pood\",\"item\":\"https:\/\/www.karinibutiik.ee\/pood\/\"},{\"@type\":\"ListItem\",\"position\":3,\"name\":\"KOLMVEERAND VARRUKATEGA LITTERPLUUS\"}]},{\"@type\":\"WebSite\",\"@id\":\"https:\/\/www.karinibutiik.ee\/#website\",\"url\":\"https:\/\/www.karinibutiik.ee\/\",\"name\":\"Karini Butiik\",\"description\":\"\",\"publisher\":{\"@id\":\"https:\/\/www.karinibutiik.ee\/#organization\"},\"potentialAction\":[{\"@type\":\"SearchAction\",\"target\":{\"@type\":\"EntryPoint\",\"urlTemplate\":\"https:\/\/www.karinibutiik.ee\/?s={search_term_string}\"},\"query-input\":{\"@type\":\"PropertyValueSpecification\",\"valueRequired\":true,\"valueName\":\"search_term_string\"}}],\"inLanguage\":\"lt-LT\"},{\"@type\":\"Organization\",\"@id\":\"https:\/\/www.karinibutiik.ee\/#organization\",\"name\":\"Karini Butiik\",\"url\":\"https:\/\/www.karinibutiik.ee\/\",\"logo\":{\"@type\":\"ImageObject\",\"inLanguage\":\"lt-LT\",\"@id\":\"https:\/\/www.karinibutiik.ee\/#\/schema\/logo\/image\/\",\"url\":\"https:\/\/www.karinibutiik.ee\/wp-content\/uploads\/2024\/10\/Kuj.-K-koopia.png\",\"contentUrl\":\"https:\/\/www.karinibutiik.ee\/wp-content\/uploads\/2024\/10\/Kuj.-K-koopia.png\",\"width\":500,\"height\":500,\"caption\":\"Karini Butiik\"},\"image\":{\"@id\":\"https:\/\/www.karinibutiik.ee\/#\/schema\/logo\/image\/\"},\"sameAs\":[\"https:\/\/www.facebook.com\/karinibutiik.ee\",\"https:\/\/www.instagram.com\/karinibutiik\"]}]}<\/script>\n<meta property=\"og:availability\" content=\"instock\" \/>\n<meta property=\"product:availability\" content=\"instock\" \/>\n<meta property=\"product:retailer_item_id\" content=\"1780\" \/>\n<meta property=\"product:condition\" content=\"new\" \/>\n<!-- \/ Yoast SEO plugin. -->","yoast_head_json":{"title":"KOLMVEERAND VARRUKATEGA LITTERPLUUS - Karini Butiik","description":"Stiilne kolmveerandvarrukatega ja avara kaelusega litterpluus, saadaval neljas v\u00e4rvitoonis. \u00dcks universaalne suurus, sobib erinevatele kehat\u00fc\u00fcpidele. T\u00e4iuslik valik s\u00e4ravateks pidudeks ja eriliseks stiiliks!","robots":{"index":"index","follow":"follow","max-snippet":"max-snippet:-1","max-image-preview":"max-image-preview:large","max-video-preview":"max-video-preview:-1"},"canonical":"https:\/\/www.karinibutiik.ee\/lt\/produktas\/kolmveerand-varrukatega-litterpluus\/","og_locale":"lt_LT","og_type":"article","og_title":"KOLMVEERAND VARRUKATEGA LITTERPLUUS - Karini Butiik","og_description":"Stiilne kolmveerandvarrukatega ja avara kaelusega litterpluus, saadaval neljas v\u00e4rvitoonis. \u00dcks universaalne suurus, sobib erinevatele kehat\u00fc\u00fcpidele. T\u00e4iuslik valik s\u00e4ravateks pidudeks ja eriliseks stiiliks!","og_url":"https:\/\/www.karinibutiik.ee\/lt\/produktas\/kolmveerand-varrukatega-litterpluus\/","og_site_name":"Karini Butiik","article_publisher":"https:\/\/www.facebook.com\/karinibutiik.ee","article_modified_time":"2026-03-10T08:43:42+00:00","og_image":[{"width":1689,"height":2248,"url":"https:\/\/www.karinibutiik.ee\/wp-content\/uploads\/2024\/11\/241116_Karini_Butiik_Erlend_Staub86-scaled-e1731944002110.jpg","type":"image\/jpeg"}],"twitter_card":"summary_large_image","twitter_misc":{"Availability":"In stock"},"schema":{"@context":"https:\/\/schema.org","@graph":[{"@type":"WebPage","@id":"https:\/\/www.karinibutiik.ee\/toode\/kolmveerand-varrukatega-litterpluus\/","url":"https:\/\/www.karinibutiik.ee\/toode\/kolmveerand-varrukatega-litterpluus\/","name":"KOLMVEERAND VARRUKATEGA LITTERPLUUS - Karini Butiik","isPartOf":{"@id":"https:\/\/www.karinibutiik.ee\/#website"},"primaryImageOfPage":{"@id":"https:\/\/www.karinibutiik.ee\/toode\/kolmveerand-varrukatega-litterpluus\/#primaryimage"},"image":{"@id":"https:\/\/www.karinibutiik.ee\/toode\/kolmveerand-varrukatega-litterpluus\/#primaryimage"},"thumbnailUrl":"https:\/\/www.karinibutiik.ee\/wp-content\/uploads\/2024\/11\/241116_Karini_Butiik_Erlend_Staub86-scaled-e1731944002110.jpg","datePublished":"2024-11-18T15:11:47+00:00","dateModified":"2026-03-10T08:43:42+00:00","description":"Stiilne kolmveerandvarrukatega ja avara kaelusega litterpluus, saadaval neljas v\u00e4rvitoonis. \u00dcks universaalne suurus, sobib erinevatele kehat\u00fc\u00fcpidele. T\u00e4iuslik valik s\u00e4ravateks pidudeks ja eriliseks stiiliks!","breadcrumb":{"@id":"https:\/\/www.karinibutiik.ee\/toode\/kolmveerand-varrukatega-litterpluus\/#breadcrumb"},"inLanguage":"lt-LT","potentialAction":[{"@type":"ReadAction","target":["https:\/\/www.karinibutiik.ee\/toode\/kolmveerand-varrukatega-litterpluus\/"]}]},{"@type":"ImageObject","inLanguage":"lt-LT","@id":"https:\/\/www.karinibutiik.ee\/toode\/kolmveerand-varrukatega-litterpluus\/#primaryimage","url":"https:\/\/www.karinibutiik.ee\/wp-content\/uploads\/2024\/11\/241116_Karini_Butiik_Erlend_Staub86-scaled-e1731944002110.jpg","contentUrl":"https:\/\/www.karinibutiik.ee\/wp-content\/uploads\/2024\/11\/241116_Karini_Butiik_Erlend_Staub86-scaled-e1731944002110.jpg","width":1689,"height":2248},{"@type":"BreadcrumbList","@id":"https:\/\/www.karinibutiik.ee\/toode\/kolmveerand-varrukatega-litterpluus\/#breadcrumb","itemListElement":[{"@type":"ListItem","position":1,"name":"Home","item":"https:\/\/www.karinibutiik.ee\/"},{"@type":"ListItem","position":2,"name":"Pood","item":"https:\/\/www.karinibutiik.ee\/pood\/"},{"@type":"ListItem","position":3,"name":"KOLMVEERAND VARRUKATEGA LITTERPLUUS"}]},{"@type":"WebSite","@id":"https:\/\/www.karinibutiik.ee\/#website","url":"https:\/\/www.karinibutiik.ee\/","name":"Karini Butiik","description":"","publisher":{"@id":"https:\/\/www.karinibutiik.ee\/#organization"},"potentialAction":[{"@type":"SearchAction","target":{"@type":"EntryPoint","urlTemplate":"https:\/\/www.karinibutiik.ee\/?s={search_term_string}"},"query-input":{"@type":"PropertyValueSpecification","valueRequired":true,"valueName":"search_term_string"}}],"inLanguage":"lt-LT"},{"@type":"Organization","@id":"https:\/\/www.karinibutiik.ee\/#organization","name":"Karini Butiik","url":"https:\/\/www.karinibutiik.ee\/","logo":{"@type":"ImageObject","inLanguage":"lt-LT","@id":"https:\/\/www.karinibutiik.ee\/#\/schema\/logo\/image\/","url":"https:\/\/www.karinibutiik.ee\/wp-content\/uploads\/2024\/10\/Kuj.-K-koopia.png","contentUrl":"https:\/\/www.karinibutiik.ee\/wp-content\/uploads\/2024\/10\/Kuj.-K-koopia.png","width":500,"height":500,"caption":"Karini Butiik"},"image":{"@id":"https:\/\/www.karinibutiik.ee\/#\/schema\/logo\/image\/"},"sameAs":["https:\/\/www.facebook.com\/karinibutiik.ee","https:\/\/www.instagram.com\/karinibutiik"]}]},"og_availability":"instock","product_availability":"instock","product_retailer_item_id":"1780","product_condition":"new"},"_links":{"self":[{"href":"https:\/\/www.karinibutiik.ee\/lt\/wp-json\/wp\/v2\/product\/20325","targetHints":{"allow":["GET"]}}],"collection":[{"href":"https:\/\/www.karinibutiik.ee\/lt\/wp-json\/wp\/v2\/product"}],"about":[{"href":"https:\/\/www.karinibutiik.ee\/lt\/wp-json\/wp\/v2\/types\/product"}],"version-history":[{"count":1,"href":"https:\/\/www.karinibutiik.ee\/lt\/wp-json\/wp\/v2\/product\/20325\/revisions"}],"predecessor-version":[{"id":20332,"href":"https:\/\/www.karinibutiik.ee\/lt\/wp-json\/wp\/v2\/product\/20325\/revisions\/20332"}],"wp:featuredmedia":[{"embeddable":true,"href":"https:\/\/www.karinibutiik.ee\/lt\/wp-json\/wp\/v2\/media\/20316"}],"wp:attachment":[{"href":"https:\/\/www.karinibutiik.ee\/lt\/wp-json\/wp\/v2\/media?parent=20325"}],"wp:term":[{"taxonomy":"product_brand","embeddable":true,"href":"https:\/\/www.karinibutiik.ee\/lt\/wp-json\/wp\/v2\/product_brand?post=20325"},{"taxonomy":"product_cat","embeddable":true,"href":"https:\/\/www.karinibutiik.ee\/lt\/wp-json\/wp\/v2\/product_cat?post=20325"},{"taxonomy":"product_tag","embeddable":true,"href":"https:\/\/www.karinibutiik.ee\/lt\/wp-json\/wp\/v2\/product_tag?post=20325"}],"curies":[{"name":"wp","href":"https:\/\/api.w.org\/{rel}","templated":true}]}}