{"id":20934,"date":"2024-12-19T08:43:21","date_gmt":"2024-12-19T08:43:21","guid":{"rendered":"https:\/\/www.karinibutiik.ee\/?post_type=product&#038;p=20934"},"modified":"2026-03-28T12:07:03","modified_gmt":"2026-03-28T10:07:03","slug":"korsettloikega-satiinkangast-maksikleit","status":"publish","type":"product","link":"https:\/\/www.karinibutiik.ee\/lt\/produktas\/korsettloikega-satiinkangast-maksikleit\/","title":{"rendered":"Korseto kirpimo atlasin\u0117 kepen\u0173 suknel\u0117"},"content":{"rendered":"<div style=\"width: 1080px;\" class=\"wp-video\"><video class=\"wp-video-shortcode\" id=\"video-20934-1\" width=\"1080\" height=\"1920\" preload=\"metadata\" controls=\"controls\"><source type=\"video\/mp4\" src=\"https:\/\/www.karinibutiik.ee\/wp-content\/uploads\/2025\/02\/video-output-E0293C0F-8E3B-49B6-8A0F-2938856946DB.mp4?_=1\" \/><a href=\"https:\/\/www.karinibutiik.ee\/wp-content\/uploads\/2025\/02\/video-output-E0293C0F-8E3B-49B6-8A0F-2938856946DB.mp4\">https:\/\/www.karinibutiik.ee\/wp-content\/uploads\/2025\/02\/video-output-E0293C0F-8E3B-49B6-8A0F-2938856946DB.mp4<\/a><\/video><\/div>\n<p><strong>Korsettl\u00f5ikega satiinkangast maksikleit \u2013 elegantse stiili ja sensuaalsuse kehastus<\/strong><br \/>\nAvasta luksuslik korsettl\u00f5ikega maksikleit, mis r\u00f5hutab figuuri ja pakub maksimaalset elegantsi. Kleidi alt laienev l\u00f5hikuga seelikuosa lisab liikumisele kergust ja suursugusust. Seljal korsetile iseloomulikud pingutuspaelad v\u00f5imaldavad t\u00e4iuslikku sobivust, samas kui topelt \u00f5lapaelad lisavad sensuaalsust ja ainulaadset stiili. Valmistatud satiinkangast, mis tagab luksusliku s\u00e4ra ja mugavuse. Ideaalne valik pidulikeks s\u00fcndmusteks, pulmadeks v\u00f5i \u00f5htus\u00f6\u00f6kideks, kus soovid s\u00e4rada. Saadaval erinevates suurustes ja v\u00e4rvitoonides.<\/p>","protected":false},"excerpt":{"rendered":"<p>Korsettl\u00f5ikega satiinkangast maksikleit \u2013 elegantse stiili ja sensuaalsuse kehastus Avasta luksuslik korsettl\u00f5ikega maksikleit, mis r\u00f5hutab figuuri ja pakub maksimaalset elegantsi. [&hellip;]<\/p>\n","protected":false},"featured_media":20953,"template":"","meta":{"site-sidebar-layout":"default","site-content-layout":"","ast-site-content-layout":"default","site-content-style":"default","site-sidebar-style":"default","ast-global-header-display":"","ast-banner-title-visibility":"","ast-main-header-display":"","ast-hfb-above-header-display":"","ast-hfb-below-header-display":"","ast-hfb-mobile-header-display":"","site-post-title":"","ast-breadcrumbs-content":"","ast-featured-img":"","footer-sml-layout":"","ast-disable-related-posts":"","theme-transparent-header-meta":"default","adv-header-id-meta":"","stick-header-meta":"default","header-above-stick-meta":"","header-main-stick-meta":"","header-below-stick-meta":"","astra-migrate-meta-layouts":"set","ast-page-background-enabled":"default","ast-page-background-meta":{"desktop":{"background-color":"var(--ast-global-color-4)","background-image":"","background-repeat":"repeat","background-position":"center center","background-size":"auto","background-attachment":"scroll","background-type":"","background-media":"","overlay-type":"","overlay-color":"","overlay-opacity":"","overlay-gradient":""},"tablet":{"background-color":"","background-image":"","background-repeat":"repeat","background-position":"center center","background-size":"auto","background-attachment":"scroll","background-type":"","background-media":"","overlay-type":"","overlay-color":"","overlay-opacity":"","overlay-gradient":""},"mobile":{"background-color":"","background-image":"","background-repeat":"repeat","background-position":"center center","background-size":"auto","background-attachment":"scroll","background-type":"","background-media":"","overlay-type":"","overlay-color":"","overlay-opacity":"","overlay-gradient":""}},"ast-content-background-meta":{"desktop":{"background-color":"var(--ast-global-color-5)","background-image":"","background-repeat":"repeat","background-position":"center center","background-size":"auto","background-attachment":"scroll","background-type":"","background-media":"","overlay-type":"","overlay-color":"","overlay-opacity":"","overlay-gradient":""},"tablet":{"background-color":"var(--ast-global-color-5)","background-image":"","background-repeat":"repeat","background-position":"center center","background-size":"auto","background-attachment":"scroll","background-type":"","background-media":"","overlay-type":"","overlay-color":"","overlay-opacity":"","overlay-gradient":""},"mobile":{"background-color":"var(--ast-global-color-5)","background-image":"","background-repeat":"repeat","background-position":"center center","background-size":"auto","background-attachment":"scroll","background-type":"","background-media":"","overlay-type":"","overlay-color":"","overlay-opacity":"","overlay-gradient":""}}},"product_brand":[],"product_cat":[452,347,348,357,346,350],"product_tag":[1169,501,1220,647,1173,1167,1168,1170,486,109,507,1172,1094,738,639,504,487,1171,930],"class_list":{"0":"post-20934","1":"product","2":"type-product","3":"status-publish","4":"has-post-thumbnail","6":"product_cat-bestseller","7":"product_cat-kleidid","8":"product_cat-lopukleidid","9":"product_cat-maksikleidid","10":"product_cat-naised","11":"product_cat-pulmakleidid-pruutneitside-kleidid","12":"product_tag-elegantne-kleit","13":"product_tag-karini-butiik","14":"product_tag-kleidid-tallinnas","15":"product_tag-kleidipood-tallinnas","16":"product_tag-korsetiga-kleit","17":"product_tag-korsettloikega-kleit","18":"product_tag-lohikuga-kleit","19":"product_tag-luksuslik-kleit","20":"product_tag-maksikleidid","21":"product_tag-maksikleit","22":"product_tag-must-kleit","23":"product_tag-naiste-kleidid","24":"product_tag-ohtukleit","25":"product_tag-pidulik-kleit","26":"product_tag-punane-kleit","27":"product_tag-roheline-kleit","28":"product_tag-satiinkleit","29":"product_tag-sensuaalne-kleit","30":"product_tag-sinine-kleit","31":"desktop-align-center","32":"tablet-align-center","33":"mobile-align-center","34":"ast-product-gallery-layout-horizontal-slider","35":"ast-product-single-variable","36":"ast-product-tabs-layout-horizontal","38":"first","39":"instock","40":"taxable","41":"shipping-taxable","42":"purchasable","43":"product-type-variable"},"supplier_id":null,"supplier_sku":"","barcode":null,"atum_controlled":true,"out_stock_date":null,"out_stock_threshold":null,"inheritable":true,"inbound_stock":0,"stock_on_hold":0,"sold_today":0,"sales_last_days":0,"reserved_stock":0,"customer_returns":0,"warehouse_damage":0,"lost_in_post":0,"other_logs":0,"out_stock_days":0,"lost_sales":0,"has_location":false,"update_date":"2025-12-04T01:26:45","atum_locations":[],"atum_stock_status":"instock","restock_status":false,"low_stock_amount":"","sales_update_date":"2025-12-04T01:26:45","calc_backorders":null,"yoast_head":"<!-- This site is optimized with the Yoast SEO plugin v26.9 - https:\/\/yoast.com\/product\/yoast-seo-wordpress\/ -->\n<title>Korsettl\u00f5ikega satiinkangast maksikleit - Karini Butiik<\/title>\n<meta name=\"description\" content=\"Korsettl\u00f5ikega satiinkangast maksikleit, millel on sensuaalne l\u00f5hik ja figuuri r\u00f5hutavad detailid. Elegantne valik pidulikeks s\u00fcndmusteks!\" \/>\n<meta name=\"robots\" content=\"index, follow, max-snippet:-1, max-image-preview:large, max-video-preview:-1\" \/>\n<link rel=\"canonical\" href=\"https:\/\/www.karinibutiik.ee\/lt\/produktas\/korsettloikega-satiinkangast-maksikleit\/\" \/>\n<meta property=\"og:locale\" content=\"lt_LT\" \/>\n<meta property=\"og:type\" content=\"article\" \/>\n<meta property=\"og:title\" content=\"Korsettl\u00f5ikega satiinkangast maksikleit - Karini Butiik\" \/>\n<meta property=\"og:description\" content=\"Korsettl\u00f5ikega satiinkangast maksikleit, millel on sensuaalne l\u00f5hik ja figuuri r\u00f5hutavad detailid. Elegantne valik pidulikeks s\u00fcndmusteks!\" \/>\n<meta property=\"og:url\" content=\"https:\/\/www.karinibutiik.ee\/lt\/produktas\/korsettloikega-satiinkangast-maksikleit\/\" \/>\n<meta property=\"og:site_name\" content=\"Karini Butiik\" \/>\n<meta property=\"article:publisher\" content=\"https:\/\/www.facebook.com\/karinibutiik.ee\" \/>\n<meta property=\"article:modified_time\" content=\"2026-03-28T10:07:03+00:00\" \/>\n<meta property=\"og:image\" content=\"https:\/\/www.karinibutiik.ee\/wp-content\/uploads\/2024\/12\/IMG_4853.jpeg\" \/>\n\t<meta property=\"og:image:width\" content=\"1365\" \/>\n\t<meta property=\"og:image:height\" content=\"2048\" \/>\n\t<meta property=\"og:image:type\" content=\"image\/jpeg\" \/>\n<meta name=\"twitter:card\" content=\"summary_large_image\" \/>\n<meta name=\"twitter:label1\" content=\"Availability\" \/>\n\t<meta name=\"twitter:data1\" content=\"In stock\" \/>\n<script type=\"application\/ld+json\" class=\"yoast-schema-graph\">{\"@context\":\"https:\/\/schema.org\",\"@graph\":[{\"@type\":\"WebPage\",\"@id\":\"https:\/\/www.karinibutiik.ee\/toode\/korsettloikega-satiinkangast-maksikleit\/\",\"url\":\"https:\/\/www.karinibutiik.ee\/toode\/korsettloikega-satiinkangast-maksikleit\/\",\"name\":\"Korsettl\u00f5ikega satiinkangast maksikleit - Karini Butiik\",\"isPartOf\":{\"@id\":\"https:\/\/www.karinibutiik.ee\/#website\"},\"primaryImageOfPage\":{\"@id\":\"https:\/\/www.karinibutiik.ee\/toode\/korsettloikega-satiinkangast-maksikleit\/#primaryimage\"},\"image\":{\"@id\":\"https:\/\/www.karinibutiik.ee\/toode\/korsettloikega-satiinkangast-maksikleit\/#primaryimage\"},\"thumbnailUrl\":\"https:\/\/www.karinibutiik.ee\/wp-content\/uploads\/2024\/12\/IMG_4853.jpeg\",\"datePublished\":\"2024-12-19T08:43:21+00:00\",\"dateModified\":\"2026-03-28T10:07:03+00:00\",\"description\":\"Korsettl\u00f5ikega satiinkangast maksikleit, millel on sensuaalne l\u00f5hik ja figuuri r\u00f5hutavad detailid. Elegantne valik pidulikeks s\u00fcndmusteks!\",\"breadcrumb\":{\"@id\":\"https:\/\/www.karinibutiik.ee\/toode\/korsettloikega-satiinkangast-maksikleit\/#breadcrumb\"},\"inLanguage\":\"lt-LT\",\"potentialAction\":[{\"@type\":\"ReadAction\",\"target\":[\"https:\/\/www.karinibutiik.ee\/toode\/korsettloikega-satiinkangast-maksikleit\/\"]}]},{\"@type\":\"ImageObject\",\"inLanguage\":\"lt-LT\",\"@id\":\"https:\/\/www.karinibutiik.ee\/toode\/korsettloikega-satiinkangast-maksikleit\/#primaryimage\",\"url\":\"https:\/\/www.karinibutiik.ee\/wp-content\/uploads\/2024\/12\/IMG_4853.jpeg\",\"contentUrl\":\"https:\/\/www.karinibutiik.ee\/wp-content\/uploads\/2024\/12\/IMG_4853.jpeg\",\"width\":1365,\"height\":2048},{\"@type\":\"BreadcrumbList\",\"@id\":\"https:\/\/www.karinibutiik.ee\/toode\/korsettloikega-satiinkangast-maksikleit\/#breadcrumb\",\"itemListElement\":[{\"@type\":\"ListItem\",\"position\":1,\"name\":\"Home\",\"item\":\"https:\/\/www.karinibutiik.ee\/\"},{\"@type\":\"ListItem\",\"position\":2,\"name\":\"Pood\",\"item\":\"https:\/\/www.karinibutiik.ee\/pood\/\"},{\"@type\":\"ListItem\",\"position\":3,\"name\":\"Korsettl\u00f5ikega satiinkangast maksikleit\"}]},{\"@type\":\"WebSite\",\"@id\":\"https:\/\/www.karinibutiik.ee\/#website\",\"url\":\"https:\/\/www.karinibutiik.ee\/\",\"name\":\"Karini Butiik\",\"description\":\"\",\"publisher\":{\"@id\":\"https:\/\/www.karinibutiik.ee\/#organization\"},\"potentialAction\":[{\"@type\":\"SearchAction\",\"target\":{\"@type\":\"EntryPoint\",\"urlTemplate\":\"https:\/\/www.karinibutiik.ee\/?s={search_term_string}\"},\"query-input\":{\"@type\":\"PropertyValueSpecification\",\"valueRequired\":true,\"valueName\":\"search_term_string\"}}],\"inLanguage\":\"lt-LT\"},{\"@type\":\"Organization\",\"@id\":\"https:\/\/www.karinibutiik.ee\/#organization\",\"name\":\"Karini Butiik\",\"url\":\"https:\/\/www.karinibutiik.ee\/\",\"logo\":{\"@type\":\"ImageObject\",\"inLanguage\":\"lt-LT\",\"@id\":\"https:\/\/www.karinibutiik.ee\/#\/schema\/logo\/image\/\",\"url\":\"https:\/\/www.karinibutiik.ee\/wp-content\/uploads\/2024\/10\/Kuj.-K-koopia.png\",\"contentUrl\":\"https:\/\/www.karinibutiik.ee\/wp-content\/uploads\/2024\/10\/Kuj.-K-koopia.png\",\"width\":500,\"height\":500,\"caption\":\"Karini Butiik\"},\"image\":{\"@id\":\"https:\/\/www.karinibutiik.ee\/#\/schema\/logo\/image\/\"},\"sameAs\":[\"https:\/\/www.facebook.com\/karinibutiik.ee\",\"https:\/\/www.instagram.com\/karinibutiik\"]}]}<\/script>\n<meta property=\"og:availability\" content=\"instock\" \/>\n<meta property=\"product:availability\" content=\"instock\" \/>\n<meta property=\"product:retailer_item_id\" content=\"27878\" \/>\n<meta property=\"product:condition\" content=\"new\" \/>\n<!-- \/ Yoast SEO plugin. -->","yoast_head_json":{"title":"Korsettl\u00f5ikega satiinkangast maksikleit - Karini Butiik","description":"Korsettl\u00f5ikega satiinkangast maksikleit, millel on sensuaalne l\u00f5hik ja figuuri r\u00f5hutavad detailid. Elegantne valik pidulikeks s\u00fcndmusteks!","robots":{"index":"index","follow":"follow","max-snippet":"max-snippet:-1","max-image-preview":"max-image-preview:large","max-video-preview":"max-video-preview:-1"},"canonical":"https:\/\/www.karinibutiik.ee\/lt\/produktas\/korsettloikega-satiinkangast-maksikleit\/","og_locale":"lt_LT","og_type":"article","og_title":"Korsettl\u00f5ikega satiinkangast maksikleit - Karini Butiik","og_description":"Korsettl\u00f5ikega satiinkangast maksikleit, millel on sensuaalne l\u00f5hik ja figuuri r\u00f5hutavad detailid. Elegantne valik pidulikeks s\u00fcndmusteks!","og_url":"https:\/\/www.karinibutiik.ee\/lt\/produktas\/korsettloikega-satiinkangast-maksikleit\/","og_site_name":"Karini Butiik","article_publisher":"https:\/\/www.facebook.com\/karinibutiik.ee","article_modified_time":"2026-03-28T10:07:03+00:00","og_image":[{"width":1365,"height":2048,"url":"https:\/\/www.karinibutiik.ee\/wp-content\/uploads\/2024\/12\/IMG_4853.jpeg","type":"image\/jpeg"}],"twitter_card":"summary_large_image","twitter_misc":{"Availability":"In stock"},"schema":{"@context":"https:\/\/schema.org","@graph":[{"@type":"WebPage","@id":"https:\/\/www.karinibutiik.ee\/toode\/korsettloikega-satiinkangast-maksikleit\/","url":"https:\/\/www.karinibutiik.ee\/toode\/korsettloikega-satiinkangast-maksikleit\/","name":"Korsettl\u00f5ikega satiinkangast maksikleit - Karini Butiik","isPartOf":{"@id":"https:\/\/www.karinibutiik.ee\/#website"},"primaryImageOfPage":{"@id":"https:\/\/www.karinibutiik.ee\/toode\/korsettloikega-satiinkangast-maksikleit\/#primaryimage"},"image":{"@id":"https:\/\/www.karinibutiik.ee\/toode\/korsettloikega-satiinkangast-maksikleit\/#primaryimage"},"thumbnailUrl":"https:\/\/www.karinibutiik.ee\/wp-content\/uploads\/2024\/12\/IMG_4853.jpeg","datePublished":"2024-12-19T08:43:21+00:00","dateModified":"2026-03-28T10:07:03+00:00","description":"Korsettl\u00f5ikega satiinkangast maksikleit, millel on sensuaalne l\u00f5hik ja figuuri r\u00f5hutavad detailid. Elegantne valik pidulikeks s\u00fcndmusteks!","breadcrumb":{"@id":"https:\/\/www.karinibutiik.ee\/toode\/korsettloikega-satiinkangast-maksikleit\/#breadcrumb"},"inLanguage":"lt-LT","potentialAction":[{"@type":"ReadAction","target":["https:\/\/www.karinibutiik.ee\/toode\/korsettloikega-satiinkangast-maksikleit\/"]}]},{"@type":"ImageObject","inLanguage":"lt-LT","@id":"https:\/\/www.karinibutiik.ee\/toode\/korsettloikega-satiinkangast-maksikleit\/#primaryimage","url":"https:\/\/www.karinibutiik.ee\/wp-content\/uploads\/2024\/12\/IMG_4853.jpeg","contentUrl":"https:\/\/www.karinibutiik.ee\/wp-content\/uploads\/2024\/12\/IMG_4853.jpeg","width":1365,"height":2048},{"@type":"BreadcrumbList","@id":"https:\/\/www.karinibutiik.ee\/toode\/korsettloikega-satiinkangast-maksikleit\/#breadcrumb","itemListElement":[{"@type":"ListItem","position":1,"name":"Home","item":"https:\/\/www.karinibutiik.ee\/"},{"@type":"ListItem","position":2,"name":"Pood","item":"https:\/\/www.karinibutiik.ee\/pood\/"},{"@type":"ListItem","position":3,"name":"Korsettl\u00f5ikega satiinkangast maksikleit"}]},{"@type":"WebSite","@id":"https:\/\/www.karinibutiik.ee\/#website","url":"https:\/\/www.karinibutiik.ee\/","name":"Karini Butiik","description":"","publisher":{"@id":"https:\/\/www.karinibutiik.ee\/#organization"},"potentialAction":[{"@type":"SearchAction","target":{"@type":"EntryPoint","urlTemplate":"https:\/\/www.karinibutiik.ee\/?s={search_term_string}"},"query-input":{"@type":"PropertyValueSpecification","valueRequired":true,"valueName":"search_term_string"}}],"inLanguage":"lt-LT"},{"@type":"Organization","@id":"https:\/\/www.karinibutiik.ee\/#organization","name":"Karini Butiik","url":"https:\/\/www.karinibutiik.ee\/","logo":{"@type":"ImageObject","inLanguage":"lt-LT","@id":"https:\/\/www.karinibutiik.ee\/#\/schema\/logo\/image\/","url":"https:\/\/www.karinibutiik.ee\/wp-content\/uploads\/2024\/10\/Kuj.-K-koopia.png","contentUrl":"https:\/\/www.karinibutiik.ee\/wp-content\/uploads\/2024\/10\/Kuj.-K-koopia.png","width":500,"height":500,"caption":"Karini Butiik"},"image":{"@id":"https:\/\/www.karinibutiik.ee\/#\/schema\/logo\/image\/"},"sameAs":["https:\/\/www.facebook.com\/karinibutiik.ee","https:\/\/www.instagram.com\/karinibutiik"]}]},"og_availability":"instock","product_availability":"instock","product_retailer_item_id":"27878","product_condition":"new"},"_links":{"self":[{"href":"https:\/\/www.karinibutiik.ee\/lt\/wp-json\/wp\/v2\/product\/20934","targetHints":{"allow":["GET"]}}],"collection":[{"href":"https:\/\/www.karinibutiik.ee\/lt\/wp-json\/wp\/v2\/product"}],"about":[{"href":"https:\/\/www.karinibutiik.ee\/lt\/wp-json\/wp\/v2\/types\/product"}],"version-history":[{"count":3,"href":"https:\/\/www.karinibutiik.ee\/lt\/wp-json\/wp\/v2\/product\/20934\/revisions"}],"predecessor-version":[{"id":21386,"href":"https:\/\/www.karinibutiik.ee\/lt\/wp-json\/wp\/v2\/product\/20934\/revisions\/21386"}],"wp:featuredmedia":[{"embeddable":true,"href":"https:\/\/www.karinibutiik.ee\/lt\/wp-json\/wp\/v2\/media\/20953"}],"wp:attachment":[{"href":"https:\/\/www.karinibutiik.ee\/lt\/wp-json\/wp\/v2\/media?parent=20934"}],"wp:term":[{"taxonomy":"product_brand","embeddable":true,"href":"https:\/\/www.karinibutiik.ee\/lt\/wp-json\/wp\/v2\/product_brand?post=20934"},{"taxonomy":"product_cat","embeddable":true,"href":"https:\/\/www.karinibutiik.ee\/lt\/wp-json\/wp\/v2\/product_cat?post=20934"},{"taxonomy":"product_tag","embeddable":true,"href":"https:\/\/www.karinibutiik.ee\/lt\/wp-json\/wp\/v2\/product_tag?post=20934"}],"curies":[{"name":"wp","href":"https:\/\/api.w.org\/{rel}","templated":true}]}}