{"id":21799,"date":"2025-07-09T08:09:09","date_gmt":"2025-07-09T05:09:09","guid":{"rendered":"https:\/\/www.karinibutiik.ee\/?post_type=product&#038;p=21799"},"modified":"2026-03-28T10:40:10","modified_gmt":"2026-03-28T08:40:10","slug":"korsettloikeline-pidulik-lilla-maksikleit","status":"publish","type":"product","link":"https:\/\/www.karinibutiik.ee\/lt\/produktas\/korsettloikeline-pidulik-lilla-maksikleit\/","title":{"rendered":"Korseto kirpimo \u0161ventin\u0117 violetin\u0117 kepen\u0173 suknel\u0117"},"content":{"rendered":"<p>Korsettl\u00f5ikeline pidulik lilla maksikleit on ideaalne valik erilisteks s\u00fcndmusteks, olgu selleks l\u00f5pupidu, pruutneitsi kleit v\u00f5i muu pidulik hetk. Kleidil on reguleeritavad ja eemaldatavad \u00f5lapaelad, mis v\u00f5imaldavad kanda kleiti mitmel viisil. Seljal lukk ja paelad tagavad t\u00e4iusliku istuvuse ja mugavuse.<\/p>\n<p>Kleit on valmistatud satiinkangast, mis lisab luksuslikku s\u00e4ra ja pehmust. Rinna \u00e4\u00e4rel olevad pisikesed p\u00e4rlid toovad esile elegantsed detailid, samas kui rohkelt vol\u00fc\u00fcmi ja liikumisvabadust pakkuv seelikuosa loob lummava ja voogava silueti. T\u00e4iuslik valik, et silma paista igal erilisel hetkel!<\/p>","protected":false},"excerpt":{"rendered":"<p>Korsettl\u00f5ikeline pidulik lilla maksikleit on ideaalne valik erilisteks s\u00fcndmusteks, olgu selleks l\u00f5pupidu, pruutneitsi kleit v\u00f5i muu pidulik hetk. Kleidil on [&hellip;]<\/p>\n","protected":false},"featured_media":21801,"template":"","meta":{"site-sidebar-layout":"default","site-content-layout":"","ast-site-content-layout":"default","site-content-style":"default","site-sidebar-style":"default","ast-global-header-display":"","ast-banner-title-visibility":"","ast-main-header-display":"","ast-hfb-above-header-display":"","ast-hfb-below-header-display":"","ast-hfb-mobile-header-display":"","site-post-title":"","ast-breadcrumbs-content":"","ast-featured-img":"","footer-sml-layout":"","ast-disable-related-posts":"","theme-transparent-header-meta":"default","adv-header-id-meta":"","stick-header-meta":"default","header-above-stick-meta":"","header-main-stick-meta":"","header-below-stick-meta":"","astra-migrate-meta-layouts":"set","ast-page-background-enabled":"default","ast-page-background-meta":{"desktop":{"background-color":"var(--ast-global-color-4)","background-image":"","background-repeat":"repeat","background-position":"center center","background-size":"auto","background-attachment":"scroll","background-type":"","background-media":"","overlay-type":"","overlay-color":"","overlay-opacity":"","overlay-gradient":""},"tablet":{"background-color":"","background-image":"","background-repeat":"repeat","background-position":"center center","background-size":"auto","background-attachment":"scroll","background-type":"","background-media":"","overlay-type":"","overlay-color":"","overlay-opacity":"","overlay-gradient":""},"mobile":{"background-color":"","background-image":"","background-repeat":"repeat","background-position":"center center","background-size":"auto","background-attachment":"scroll","background-type":"","background-media":"","overlay-type":"","overlay-color":"","overlay-opacity":"","overlay-gradient":""}},"ast-content-background-meta":{"desktop":{"background-color":"var(--ast-global-color-5)","background-image":"","background-repeat":"repeat","background-position":"center center","background-size":"auto","background-attachment":"scroll","background-type":"","background-media":"","overlay-type":"","overlay-color":"","overlay-opacity":"","overlay-gradient":""},"tablet":{"background-color":"var(--ast-global-color-5)","background-image":"","background-repeat":"repeat","background-position":"center center","background-size":"auto","background-attachment":"scroll","background-type":"","background-media":"","overlay-type":"","overlay-color":"","overlay-opacity":"","overlay-gradient":""},"mobile":{"background-color":"var(--ast-global-color-5)","background-image":"","background-repeat":"repeat","background-position":"center center","background-size":"auto","background-attachment":"scroll","background-type":"","background-media":"","overlay-type":"","overlay-color":"","overlay-opacity":"","overlay-gradient":""}}},"product_brand":[],"product_cat":[346,347,350,357,348],"product_tag":[250,488,475,596,476,501,477,270,485,647,493,86,91,1236,1173,1167,711,1235,90,486,109,896,254,89,764,92,93,253,487,247,864,110,811],"class_list":{"0":"post-21799","1":"product","2":"type-product","3":"status-publish","4":"has-post-thumbnail","6":"product_cat-naised","7":"product_cat-kleidid","8":"product_cat-pulmakleidid-pruutneitside-kleidid","9":"product_cat-maksikleidid","10":"product_cat-lopukleidid","11":"product_tag-ametlik-sundmus","12":"product_tag-ballikleit","13":"product_tag-dresshouse","14":"product_tag-get-dressed","15":"product_tag-getdressed","16":"product_tag-karini-butiik","17":"product_tag-kleidibutiik","18":"product_tag-kleidid","19":"product_tag-kleidipood","20":"product_tag-kleidipood-tallinnas","21":"product_tag-kleiditurg","22":"product_tag-kleit","23":"product_tag-koolilopukleit","24":"product_tag-korset","25":"product_tag-korsetiga-kleit","26":"product_tag-korsettloikega-kleit","27":"product_tag-lilla","28":"product_tag-lilla-kleitlilla","29":"product_tag-lopukleit","30":"product_tag-maksikleidid","31":"product_tag-maksikleit","32":"product_tag-naisteriiete-epood","33":"product_tag-ohtukleidid","34":"product_tag-olavolangidega-kleit","35":"product_tag-pidulik","36":"product_tag-pidulikud-kleidid","37":"product_tag-pulmakleidid","38":"product_tag-satiinkangast-kleit","39":"product_tag-satiinkleit","40":"product_tag-stiilne","41":"product_tag-stiilsed-naisteriided","42":"product_tag-varrukatega-maksikleit","43":"product_tag-zara","44":"desktop-align-center","45":"tablet-align-center","46":"mobile-align-center","47":"ast-product-gallery-layout-horizontal-slider","48":"ast-product-single-variable","49":"ast-product-tabs-layout-horizontal","51":"first","52":"outofstock","53":"taxable","54":"shipping-taxable","55":"product-type-variable"},"supplier_id":null,"supplier_sku":"","barcode":null,"atum_controlled":true,"out_stock_date":null,"out_stock_threshold":null,"inheritable":true,"inbound_stock":null,"stock_on_hold":0,"sold_today":0,"sales_last_days":0,"reserved_stock":0,"customer_returns":null,"warehouse_damage":0,"lost_in_post":null,"other_logs":0,"out_stock_days":0,"lost_sales":0,"has_location":false,"update_date":"2026-03-28T08:40:11","atum_locations":[],"atum_stock_status":"outofstock","restock_status":false,"low_stock_amount":"","sales_update_date":"2025-12-02T01:20:12","calc_backorders":null,"yoast_head":"<!-- This site is optimized with the Yoast SEO plugin v26.9 - https:\/\/yoast.com\/product\/yoast-seo-wordpress\/ -->\n<title>Korsettl\u00f5ikeline pidulik lilla maksikleit - Karini Butiik<\/title>\n<meta name=\"description\" content=\"Korsettl\u00f5ikeline pidulik lilla maksikleit, reguleeritavad ja eemaldatavad \u00f5lapaelad, seljal lukk, rinna \u00e4\u00e4rel p\u00e4rlid ja rohke seelikuosa. T\u00e4iuslik valik l\u00f5pupidudel ja pruutneitsidele.\" \/>\n<meta name=\"robots\" content=\"index, follow, max-snippet:-1, max-image-preview:large, max-video-preview:-1\" \/>\n<link rel=\"canonical\" href=\"https:\/\/www.karinibutiik.ee\/lt\/produktas\/korsettloikeline-pidulik-lilla-maksikleit\/\" \/>\n<meta property=\"og:locale\" content=\"lt_LT\" \/>\n<meta property=\"og:type\" content=\"article\" \/>\n<meta property=\"og:title\" content=\"Korsettl\u00f5ikeline pidulik lilla maksikleit - Karini Butiik\" \/>\n<meta property=\"og:description\" content=\"Korsettl\u00f5ikeline pidulik lilla maksikleit, reguleeritavad ja eemaldatavad \u00f5lapaelad, seljal lukk, rinna \u00e4\u00e4rel p\u00e4rlid ja rohke seelikuosa. T\u00e4iuslik valik l\u00f5pupidudel ja pruutneitsidele.\" \/>\n<meta property=\"og:url\" content=\"https:\/\/www.karinibutiik.ee\/lt\/produktas\/korsettloikeline-pidulik-lilla-maksikleit\/\" \/>\n<meta property=\"og:site_name\" content=\"Karini Butiik\" \/>\n<meta property=\"article:publisher\" content=\"https:\/\/www.facebook.com\/karinibutiik.ee\" \/>\n<meta property=\"article:modified_time\" content=\"2026-03-28T08:40:10+00:00\" \/>\n<meta property=\"og:image\" content=\"https:\/\/www.karinibutiik.ee\/wp-content\/uploads\/2025\/04\/24E70914-39DE-400B-9FD0-6FEC1D0AF22A-1-scaled.jpeg\" \/>\n\t<meta property=\"og:image:width\" content=\"2048\" \/>\n\t<meta property=\"og:image:height\" content=\"2560\" \/>\n\t<meta property=\"og:image:type\" content=\"image\/jpeg\" \/>\n<meta name=\"twitter:card\" content=\"summary_large_image\" \/>\n<meta name=\"twitter:label1\" content=\"Availability\" \/>\n\t<meta name=\"twitter:data1\" content=\"Out of stock\" \/>\n<script type=\"application\/ld+json\" class=\"yoast-schema-graph\">{\"@context\":\"https:\/\/schema.org\",\"@graph\":[{\"@type\":\"WebPage\",\"@id\":\"https:\/\/www.karinibutiik.ee\/toode\/korsettloikeline-pidulik-lilla-maksikleit\/\",\"url\":\"https:\/\/www.karinibutiik.ee\/toode\/korsettloikeline-pidulik-lilla-maksikleit\/\",\"name\":\"Korsettl\u00f5ikeline pidulik lilla maksikleit - Karini Butiik\",\"isPartOf\":{\"@id\":\"https:\/\/www.karinibutiik.ee\/#website\"},\"primaryImageOfPage\":{\"@id\":\"https:\/\/www.karinibutiik.ee\/toode\/korsettloikeline-pidulik-lilla-maksikleit\/#primaryimage\"},\"image\":{\"@id\":\"https:\/\/www.karinibutiik.ee\/toode\/korsettloikeline-pidulik-lilla-maksikleit\/#primaryimage\"},\"thumbnailUrl\":\"https:\/\/www.karinibutiik.ee\/wp-content\/uploads\/2025\/04\/24E70914-39DE-400B-9FD0-6FEC1D0AF22A-1-scaled.jpeg\",\"datePublished\":\"2025-07-09T05:09:09+00:00\",\"dateModified\":\"2026-03-28T08:40:10+00:00\",\"description\":\"Korsettl\u00f5ikeline pidulik lilla maksikleit, reguleeritavad ja eemaldatavad \u00f5lapaelad, seljal lukk, rinna \u00e4\u00e4rel p\u00e4rlid ja rohke seelikuosa. T\u00e4iuslik valik l\u00f5pupidudel ja pruutneitsidele.\",\"breadcrumb\":{\"@id\":\"https:\/\/www.karinibutiik.ee\/toode\/korsettloikeline-pidulik-lilla-maksikleit\/#breadcrumb\"},\"inLanguage\":\"lt-LT\",\"potentialAction\":[{\"@type\":\"ReadAction\",\"target\":[\"https:\/\/www.karinibutiik.ee\/toode\/korsettloikeline-pidulik-lilla-maksikleit\/\"]}]},{\"@type\":\"ImageObject\",\"inLanguage\":\"lt-LT\",\"@id\":\"https:\/\/www.karinibutiik.ee\/toode\/korsettloikeline-pidulik-lilla-maksikleit\/#primaryimage\",\"url\":\"https:\/\/www.karinibutiik.ee\/wp-content\/uploads\/2025\/04\/24E70914-39DE-400B-9FD0-6FEC1D0AF22A-1-scaled.jpeg\",\"contentUrl\":\"https:\/\/www.karinibutiik.ee\/wp-content\/uploads\/2025\/04\/24E70914-39DE-400B-9FD0-6FEC1D0AF22A-1-scaled.jpeg\",\"width\":2048,\"height\":2560},{\"@type\":\"BreadcrumbList\",\"@id\":\"https:\/\/www.karinibutiik.ee\/toode\/korsettloikeline-pidulik-lilla-maksikleit\/#breadcrumb\",\"itemListElement\":[{\"@type\":\"ListItem\",\"position\":1,\"name\":\"Home\",\"item\":\"https:\/\/www.karinibutiik.ee\/\"},{\"@type\":\"ListItem\",\"position\":2,\"name\":\"Pood\",\"item\":\"https:\/\/www.karinibutiik.ee\/pood\/\"},{\"@type\":\"ListItem\",\"position\":3,\"name\":\"Korsettl\u00f5ikeline pidulik lilla maksikleit\"}]},{\"@type\":\"WebSite\",\"@id\":\"https:\/\/www.karinibutiik.ee\/#website\",\"url\":\"https:\/\/www.karinibutiik.ee\/\",\"name\":\"Karini Butiik\",\"description\":\"\",\"publisher\":{\"@id\":\"https:\/\/www.karinibutiik.ee\/#organization\"},\"potentialAction\":[{\"@type\":\"SearchAction\",\"target\":{\"@type\":\"EntryPoint\",\"urlTemplate\":\"https:\/\/www.karinibutiik.ee\/?s={search_term_string}\"},\"query-input\":{\"@type\":\"PropertyValueSpecification\",\"valueRequired\":true,\"valueName\":\"search_term_string\"}}],\"inLanguage\":\"lt-LT\"},{\"@type\":\"Organization\",\"@id\":\"https:\/\/www.karinibutiik.ee\/#organization\",\"name\":\"Karini Butiik\",\"url\":\"https:\/\/www.karinibutiik.ee\/\",\"logo\":{\"@type\":\"ImageObject\",\"inLanguage\":\"lt-LT\",\"@id\":\"https:\/\/www.karinibutiik.ee\/#\/schema\/logo\/image\/\",\"url\":\"https:\/\/www.karinibutiik.ee\/wp-content\/uploads\/2024\/10\/Kuj.-K-koopia.png\",\"contentUrl\":\"https:\/\/www.karinibutiik.ee\/wp-content\/uploads\/2024\/10\/Kuj.-K-koopia.png\",\"width\":500,\"height\":500,\"caption\":\"Karini Butiik\"},\"image\":{\"@id\":\"https:\/\/www.karinibutiik.ee\/#\/schema\/logo\/image\/\"},\"sameAs\":[\"https:\/\/www.facebook.com\/karinibutiik.ee\",\"https:\/\/www.instagram.com\/karinibutiik\"]}]}<\/script>\n<meta property=\"og:availability\" content=\"out of stock\" \/>\n<meta property=\"product:availability\" content=\"out of stock\" \/>\n<meta property=\"product:retailer_item_id\" content=\"2458\" \/>\n<meta property=\"product:condition\" content=\"new\" \/>\n<!-- \/ Yoast SEO plugin. -->","yoast_head_json":{"title":"Korsettl\u00f5ikeline pidulik lilla maksikleit - Karini Butiik","description":"Korsettl\u00f5ikeline pidulik lilla maksikleit, reguleeritavad ja eemaldatavad \u00f5lapaelad, seljal lukk, rinna \u00e4\u00e4rel p\u00e4rlid ja rohke seelikuosa. T\u00e4iuslik valik l\u00f5pupidudel ja pruutneitsidele.","robots":{"index":"index","follow":"follow","max-snippet":"max-snippet:-1","max-image-preview":"max-image-preview:large","max-video-preview":"max-video-preview:-1"},"canonical":"https:\/\/www.karinibutiik.ee\/lt\/produktas\/korsettloikeline-pidulik-lilla-maksikleit\/","og_locale":"lt_LT","og_type":"article","og_title":"Korsettl\u00f5ikeline pidulik lilla maksikleit - Karini Butiik","og_description":"Korsettl\u00f5ikeline pidulik lilla maksikleit, reguleeritavad ja eemaldatavad \u00f5lapaelad, seljal lukk, rinna \u00e4\u00e4rel p\u00e4rlid ja rohke seelikuosa. T\u00e4iuslik valik l\u00f5pupidudel ja pruutneitsidele.","og_url":"https:\/\/www.karinibutiik.ee\/lt\/produktas\/korsettloikeline-pidulik-lilla-maksikleit\/","og_site_name":"Karini Butiik","article_publisher":"https:\/\/www.facebook.com\/karinibutiik.ee","article_modified_time":"2026-03-28T08:40:10+00:00","og_image":[{"width":2048,"height":2560,"url":"https:\/\/www.karinibutiik.ee\/wp-content\/uploads\/2025\/04\/24E70914-39DE-400B-9FD0-6FEC1D0AF22A-1-scaled.jpeg","type":"image\/jpeg"}],"twitter_card":"summary_large_image","twitter_misc":{"Availability":"Out of stock"},"schema":{"@context":"https:\/\/schema.org","@graph":[{"@type":"WebPage","@id":"https:\/\/www.karinibutiik.ee\/toode\/korsettloikeline-pidulik-lilla-maksikleit\/","url":"https:\/\/www.karinibutiik.ee\/toode\/korsettloikeline-pidulik-lilla-maksikleit\/","name":"Korsettl\u00f5ikeline pidulik lilla maksikleit - Karini Butiik","isPartOf":{"@id":"https:\/\/www.karinibutiik.ee\/#website"},"primaryImageOfPage":{"@id":"https:\/\/www.karinibutiik.ee\/toode\/korsettloikeline-pidulik-lilla-maksikleit\/#primaryimage"},"image":{"@id":"https:\/\/www.karinibutiik.ee\/toode\/korsettloikeline-pidulik-lilla-maksikleit\/#primaryimage"},"thumbnailUrl":"https:\/\/www.karinibutiik.ee\/wp-content\/uploads\/2025\/04\/24E70914-39DE-400B-9FD0-6FEC1D0AF22A-1-scaled.jpeg","datePublished":"2025-07-09T05:09:09+00:00","dateModified":"2026-03-28T08:40:10+00:00","description":"Korsettl\u00f5ikeline pidulik lilla maksikleit, reguleeritavad ja eemaldatavad \u00f5lapaelad, seljal lukk, rinna \u00e4\u00e4rel p\u00e4rlid ja rohke seelikuosa. T\u00e4iuslik valik l\u00f5pupidudel ja pruutneitsidele.","breadcrumb":{"@id":"https:\/\/www.karinibutiik.ee\/toode\/korsettloikeline-pidulik-lilla-maksikleit\/#breadcrumb"},"inLanguage":"lt-LT","potentialAction":[{"@type":"ReadAction","target":["https:\/\/www.karinibutiik.ee\/toode\/korsettloikeline-pidulik-lilla-maksikleit\/"]}]},{"@type":"ImageObject","inLanguage":"lt-LT","@id":"https:\/\/www.karinibutiik.ee\/toode\/korsettloikeline-pidulik-lilla-maksikleit\/#primaryimage","url":"https:\/\/www.karinibutiik.ee\/wp-content\/uploads\/2025\/04\/24E70914-39DE-400B-9FD0-6FEC1D0AF22A-1-scaled.jpeg","contentUrl":"https:\/\/www.karinibutiik.ee\/wp-content\/uploads\/2025\/04\/24E70914-39DE-400B-9FD0-6FEC1D0AF22A-1-scaled.jpeg","width":2048,"height":2560},{"@type":"BreadcrumbList","@id":"https:\/\/www.karinibutiik.ee\/toode\/korsettloikeline-pidulik-lilla-maksikleit\/#breadcrumb","itemListElement":[{"@type":"ListItem","position":1,"name":"Home","item":"https:\/\/www.karinibutiik.ee\/"},{"@type":"ListItem","position":2,"name":"Pood","item":"https:\/\/www.karinibutiik.ee\/pood\/"},{"@type":"ListItem","position":3,"name":"Korsettl\u00f5ikeline pidulik lilla maksikleit"}]},{"@type":"WebSite","@id":"https:\/\/www.karinibutiik.ee\/#website","url":"https:\/\/www.karinibutiik.ee\/","name":"Karini Butiik","description":"","publisher":{"@id":"https:\/\/www.karinibutiik.ee\/#organization"},"potentialAction":[{"@type":"SearchAction","target":{"@type":"EntryPoint","urlTemplate":"https:\/\/www.karinibutiik.ee\/?s={search_term_string}"},"query-input":{"@type":"PropertyValueSpecification","valueRequired":true,"valueName":"search_term_string"}}],"inLanguage":"lt-LT"},{"@type":"Organization","@id":"https:\/\/www.karinibutiik.ee\/#organization","name":"Karini Butiik","url":"https:\/\/www.karinibutiik.ee\/","logo":{"@type":"ImageObject","inLanguage":"lt-LT","@id":"https:\/\/www.karinibutiik.ee\/#\/schema\/logo\/image\/","url":"https:\/\/www.karinibutiik.ee\/wp-content\/uploads\/2024\/10\/Kuj.-K-koopia.png","contentUrl":"https:\/\/www.karinibutiik.ee\/wp-content\/uploads\/2024\/10\/Kuj.-K-koopia.png","width":500,"height":500,"caption":"Karini Butiik"},"image":{"@id":"https:\/\/www.karinibutiik.ee\/#\/schema\/logo\/image\/"},"sameAs":["https:\/\/www.facebook.com\/karinibutiik.ee","https:\/\/www.instagram.com\/karinibutiik"]}]},"og_availability":"out of stock","product_availability":"out of stock","product_retailer_item_id":"2458","product_condition":"new"},"_links":{"self":[{"href":"https:\/\/www.karinibutiik.ee\/lt\/wp-json\/wp\/v2\/product\/21799","targetHints":{"allow":["GET"]}}],"collection":[{"href":"https:\/\/www.karinibutiik.ee\/lt\/wp-json\/wp\/v2\/product"}],"about":[{"href":"https:\/\/www.karinibutiik.ee\/lt\/wp-json\/wp\/v2\/types\/product"}],"version-history":[{"count":1,"href":"https:\/\/www.karinibutiik.ee\/lt\/wp-json\/wp\/v2\/product\/21799\/revisions"}],"predecessor-version":[{"id":21806,"href":"https:\/\/www.karinibutiik.ee\/lt\/wp-json\/wp\/v2\/product\/21799\/revisions\/21806"}],"wp:featuredmedia":[{"embeddable":true,"href":"https:\/\/www.karinibutiik.ee\/lt\/wp-json\/wp\/v2\/media\/21801"}],"wp:attachment":[{"href":"https:\/\/www.karinibutiik.ee\/lt\/wp-json\/wp\/v2\/media?parent=21799"}],"wp:term":[{"taxonomy":"product_brand","embeddable":true,"href":"https:\/\/www.karinibutiik.ee\/lt\/wp-json\/wp\/v2\/product_brand?post=21799"},{"taxonomy":"product_cat","embeddable":true,"href":"https:\/\/www.karinibutiik.ee\/lt\/wp-json\/wp\/v2\/product_cat?post=21799"},{"taxonomy":"product_tag","embeddable":true,"href":"https:\/\/www.karinibutiik.ee\/lt\/wp-json\/wp\/v2\/product_tag?post=21799"}],"curies":[{"name":"wp","href":"https:\/\/api.w.org\/{rel}","templated":true}]}}