{"id":22295,"date":"2025-06-04T09:10:28","date_gmt":"2025-06-04T09:10:28","guid":{"rendered":"https:\/\/www.karinibutiik.ee\/?post_type=product&#038;p=22295"},"modified":"2026-02-14T09:07:38","modified_gmt":"2026-02-14T07:07:38","slug":"klassikalised-naiste-platud-sandaalid-pandlaga","status":"publish","type":"product","link":"https:\/\/www.karinibutiik.ee\/lt\/produktas\/klassikalised-naiste-platud-sandaalid-pandlaga\/","title":{"rendered":"Klasikiniai moteri\u0161ki plok\u0161\u010diapad\u017eiai ir (arba) sandalai su sagtimi"},"content":{"rendered":"<p>&nbsp;<\/p>\n<p>Mugavad ja stiilsed mustad, valged, camel pruun ja helebeesi v\u00e4rvi sandaalid igap\u00e4evaseks kandmiseks. Valmistatud vastupidavast kunstnahast, millel on kerge tekstuur. Laiad rihmad pakuvad jalale kindlat toestust ja pandlaga reguleeritav kinnitus tagab parema istuvuse. Sobivad h\u00e4sti nii linna kui ka koduseks kandmiseks.<\/p>","protected":false},"excerpt":{"rendered":"<p>&nbsp; Mugavad ja stiilsed mustad, valged, camel pruun ja helebeesi v\u00e4rvi sandaalid igap\u00e4evaseks kandmiseks. Valmistatud vastupidavast kunstnahast, millel on kerge [&hellip;]<\/p>\n","protected":false},"featured_media":22325,"template":"","meta":{"site-sidebar-layout":"default","site-content-layout":"","ast-site-content-layout":"default","site-content-style":"default","site-sidebar-style":"default","ast-global-header-display":"","ast-banner-title-visibility":"","ast-main-header-display":"","ast-hfb-above-header-display":"","ast-hfb-below-header-display":"","ast-hfb-mobile-header-display":"","site-post-title":"","ast-breadcrumbs-content":"","ast-featured-img":"","footer-sml-layout":"","ast-disable-related-posts":"","theme-transparent-header-meta":"default","adv-header-id-meta":"","stick-header-meta":"default","header-above-stick-meta":"","header-main-stick-meta":"","header-below-stick-meta":"","astra-migrate-meta-layouts":"set","ast-page-background-enabled":"default","ast-page-background-meta":{"desktop":{"background-color":"var(--ast-global-color-4)","background-image":"","background-repeat":"repeat","background-position":"center center","background-size":"auto","background-attachment":"scroll","background-type":"","background-media":"","overlay-type":"","overlay-color":"","overlay-opacity":"","overlay-gradient":""},"tablet":{"background-color":"","background-image":"","background-repeat":"repeat","background-position":"center center","background-size":"auto","background-attachment":"scroll","background-type":"","background-media":"","overlay-type":"","overlay-color":"","overlay-opacity":"","overlay-gradient":""},"mobile":{"background-color":"","background-image":"","background-repeat":"repeat","background-position":"center center","background-size":"auto","background-attachment":"scroll","background-type":"","background-media":"","overlay-type":"","overlay-color":"","overlay-opacity":"","overlay-gradient":""}},"ast-content-background-meta":{"desktop":{"background-color":"var(--ast-global-color-5)","background-image":"","background-repeat":"repeat","background-position":"center center","background-size":"auto","background-attachment":"scroll","background-type":"","background-media":"","overlay-type":"","overlay-color":"","overlay-opacity":"","overlay-gradient":""},"tablet":{"background-color":"var(--ast-global-color-5)","background-image":"","background-repeat":"repeat","background-position":"center center","background-size":"auto","background-attachment":"scroll","background-type":"","background-media":"","overlay-type":"","overlay-color":"","overlay-opacity":"","overlay-gradient":""},"mobile":{"background-color":"var(--ast-global-color-5)","background-image":"","background-repeat":"repeat","background-position":"center center","background-size":"auto","background-attachment":"scroll","background-type":"","background-media":"","overlay-type":"","overlay-color":"","overlay-opacity":"","overlay-gradient":""}}},"product_brand":[],"product_cat":[452,390,346,393],"product_tag":[475,476,1268,477,934,485,647,1264,1262,1261,1258,1259,1265,1266,1267,1263,1260],"class_list":{"0":"post-22295","1":"product","2":"type-product","3":"status-publish","4":"has-post-thumbnail","6":"product_cat-bestseller","7":"product_cat-jalanoud","8":"product_cat-naised","9":"product_cat-vabaaja-jalanoud","10":"product_tag-dresshouse","11":"product_tag-getdressed","12":"product_tag-igapaevaseks-kandmiseks","13":"product_tag-kleidibutiik","14":"product_tag-kleidibutiik-tallinnas","15":"product_tag-kleidipood","16":"product_tag-kleidipood-tallinnas","17":"product_tag-kunstnahast-platud","18":"product_tag-kunstnahast-sandaalid","19":"product_tag-mugavad-naiste-sandaalid","20":"product_tag-mustad-nasite-sandaalid","21":"product_tag-naiste-sandaalid-pandalaga","22":"product_tag-platu","23":"product_tag-platud","24":"product_tag-rannada-plaatud","25":"product_tag-sndaalid","26":"product_tag-suvised-sandaalid-naistele","27":"desktop-align-center","28":"tablet-align-center","29":"mobile-align-center","30":"ast-product-gallery-layout-horizontal-slider","31":"ast-product-single-variable","32":"ast-product-tabs-layout-horizontal","34":"first","35":"instock","36":"sale","37":"taxable","38":"shipping-taxable","39":"purchasable","40":"product-type-variable"},"supplier_id":null,"supplier_sku":"","barcode":null,"atum_controlled":true,"out_stock_date":null,"out_stock_threshold":null,"inheritable":true,"inbound_stock":null,"stock_on_hold":0,"sold_today":0,"sales_last_days":0,"reserved_stock":0,"customer_returns":null,"warehouse_damage":0,"lost_in_post":null,"other_logs":0,"out_stock_days":0,"lost_sales":0,"has_location":false,"update_date":"2025-12-05T11:19:08","atum_locations":[],"atum_stock_status":"instock","restock_status":false,"low_stock_amount":"","sales_update_date":"2025-12-05T11:19:08","calc_backorders":null,"yoast_head":"<!-- This site is optimized with the Yoast SEO plugin v26.9 - https:\/\/yoast.com\/product\/yoast-seo-wordpress\/ -->\n<title>Klassikalised naiste pl\u00e4tud\/sandaalid pandlaga - Karini Butiik<\/title>\n<meta name=\"description\" content=\"Stiilsed ja mugavad mustad, valged, pruunid, naiste sandaalid reguleeritava pandlaga. Sobivad igap\u00e4evaseks kandmiseks, randa v\u00f5i t\u00f6\u00f6le. Suurus 36-41.\" \/>\n<meta name=\"robots\" content=\"index, follow, max-snippet:-1, max-image-preview:large, max-video-preview:-1\" \/>\n<link rel=\"canonical\" href=\"https:\/\/www.karinibutiik.ee\/lt\/produktas\/klassikalised-naiste-platud-sandaalid-pandlaga\/\" \/>\n<meta property=\"og:locale\" content=\"lt_LT\" \/>\n<meta property=\"og:type\" content=\"article\" \/>\n<meta property=\"og:title\" content=\"Klassikalised naiste pl\u00e4tud\/sandaalid pandlaga - Karini Butiik\" \/>\n<meta property=\"og:description\" content=\"Stiilsed ja mugavad mustad, valged, pruunid, naiste sandaalid reguleeritava pandlaga. Sobivad igap\u00e4evaseks kandmiseks, randa v\u00f5i t\u00f6\u00f6le. Suurus 36-41.\" \/>\n<meta property=\"og:url\" content=\"https:\/\/www.karinibutiik.ee\/lt\/produktas\/klassikalised-naiste-platud-sandaalid-pandlaga\/\" \/>\n<meta property=\"og:site_name\" content=\"Karini Butiik\" \/>\n<meta property=\"article:publisher\" content=\"https:\/\/www.facebook.com\/karinibutiik.ee\" \/>\n<meta property=\"article:modified_time\" content=\"2026-02-14T07:07:38+00:00\" \/>\n<meta property=\"og:image\" content=\"https:\/\/www.karinibutiik.ee\/wp-content\/uploads\/2025\/06\/IMG_3870.jpeg\" \/>\n\t<meta property=\"og:image:width\" content=\"960\" \/>\n\t<meta property=\"og:image:height\" content=\"1280\" \/>\n\t<meta property=\"og:image:type\" content=\"image\/jpeg\" \/>\n<meta name=\"twitter:card\" content=\"summary_large_image\" \/>\n<meta name=\"twitter:label1\" content=\"Availability\" \/>\n\t<meta name=\"twitter:data1\" content=\"In stock\" \/>\n<script type=\"application\/ld+json\" class=\"yoast-schema-graph\">{\"@context\":\"https:\/\/schema.org\",\"@graph\":[{\"@type\":\"WebPage\",\"@id\":\"https:\/\/www.karinibutiik.ee\/toode\/klassikalised-naiste-platud-sandaalid-pandlaga\/\",\"url\":\"https:\/\/www.karinibutiik.ee\/toode\/klassikalised-naiste-platud-sandaalid-pandlaga\/\",\"name\":\"Klassikalised naiste pl\u00e4tud\/sandaalid pandlaga - Karini Butiik\",\"isPartOf\":{\"@id\":\"https:\/\/www.karinibutiik.ee\/#website\"},\"primaryImageOfPage\":{\"@id\":\"https:\/\/www.karinibutiik.ee\/toode\/klassikalised-naiste-platud-sandaalid-pandlaga\/#primaryimage\"},\"image\":{\"@id\":\"https:\/\/www.karinibutiik.ee\/toode\/klassikalised-naiste-platud-sandaalid-pandlaga\/#primaryimage\"},\"thumbnailUrl\":\"https:\/\/www.karinibutiik.ee\/wp-content\/uploads\/2025\/06\/IMG_3870.jpeg\",\"datePublished\":\"2025-06-04T09:10:28+00:00\",\"dateModified\":\"2026-02-14T07:07:38+00:00\",\"description\":\"Stiilsed ja mugavad mustad, valged, pruunid, naiste sandaalid reguleeritava pandlaga. Sobivad igap\u00e4evaseks kandmiseks, randa v\u00f5i t\u00f6\u00f6le. Suurus 36-41.\",\"breadcrumb\":{\"@id\":\"https:\/\/www.karinibutiik.ee\/toode\/klassikalised-naiste-platud-sandaalid-pandlaga\/#breadcrumb\"},\"inLanguage\":\"lt-LT\",\"potentialAction\":[{\"@type\":\"ReadAction\",\"target\":[\"https:\/\/www.karinibutiik.ee\/toode\/klassikalised-naiste-platud-sandaalid-pandlaga\/\"]}]},{\"@type\":\"ImageObject\",\"inLanguage\":\"lt-LT\",\"@id\":\"https:\/\/www.karinibutiik.ee\/toode\/klassikalised-naiste-platud-sandaalid-pandlaga\/#primaryimage\",\"url\":\"https:\/\/www.karinibutiik.ee\/wp-content\/uploads\/2025\/06\/IMG_3870.jpeg\",\"contentUrl\":\"https:\/\/www.karinibutiik.ee\/wp-content\/uploads\/2025\/06\/IMG_3870.jpeg\",\"width\":960,\"height\":1280},{\"@type\":\"BreadcrumbList\",\"@id\":\"https:\/\/www.karinibutiik.ee\/toode\/klassikalised-naiste-platud-sandaalid-pandlaga\/#breadcrumb\",\"itemListElement\":[{\"@type\":\"ListItem\",\"position\":1,\"name\":\"Home\",\"item\":\"https:\/\/www.karinibutiik.ee\/\"},{\"@type\":\"ListItem\",\"position\":2,\"name\":\"Pood\",\"item\":\"https:\/\/www.karinibutiik.ee\/pood\/\"},{\"@type\":\"ListItem\",\"position\":3,\"name\":\"Klassikalised naiste pl\u00e4tud\/sandaalid pandlaga\"}]},{\"@type\":\"WebSite\",\"@id\":\"https:\/\/www.karinibutiik.ee\/#website\",\"url\":\"https:\/\/www.karinibutiik.ee\/\",\"name\":\"Karini Butiik\",\"description\":\"\",\"publisher\":{\"@id\":\"https:\/\/www.karinibutiik.ee\/#organization\"},\"potentialAction\":[{\"@type\":\"SearchAction\",\"target\":{\"@type\":\"EntryPoint\",\"urlTemplate\":\"https:\/\/www.karinibutiik.ee\/?s={search_term_string}\"},\"query-input\":{\"@type\":\"PropertyValueSpecification\",\"valueRequired\":true,\"valueName\":\"search_term_string\"}}],\"inLanguage\":\"lt-LT\"},{\"@type\":\"Organization\",\"@id\":\"https:\/\/www.karinibutiik.ee\/#organization\",\"name\":\"Karini Butiik\",\"url\":\"https:\/\/www.karinibutiik.ee\/\",\"logo\":{\"@type\":\"ImageObject\",\"inLanguage\":\"lt-LT\",\"@id\":\"https:\/\/www.karinibutiik.ee\/#\/schema\/logo\/image\/\",\"url\":\"https:\/\/www.karinibutiik.ee\/wp-content\/uploads\/2024\/10\/Kuj.-K-koopia.png\",\"contentUrl\":\"https:\/\/www.karinibutiik.ee\/wp-content\/uploads\/2024\/10\/Kuj.-K-koopia.png\",\"width\":500,\"height\":500,\"caption\":\"Karini Butiik\"},\"image\":{\"@id\":\"https:\/\/www.karinibutiik.ee\/#\/schema\/logo\/image\/\"},\"sameAs\":[\"https:\/\/www.facebook.com\/karinibutiik.ee\",\"https:\/\/www.instagram.com\/karinibutiik\"]}]}<\/script>\n<meta property=\"og:availability\" content=\"instock\" \/>\n<meta property=\"product:availability\" content=\"instock\" \/>\n<meta property=\"product:retailer_item_id\" content=\"1827\" \/>\n<meta property=\"product:condition\" content=\"new\" \/>\n<!-- \/ Yoast SEO plugin. -->","yoast_head_json":{"title":"Klassikalised naiste pl\u00e4tud\/sandaalid pandlaga - Karini Butiik","description":"Stiilsed ja mugavad mustad, valged, pruunid, naiste sandaalid reguleeritava pandlaga. Sobivad igap\u00e4evaseks kandmiseks, randa v\u00f5i t\u00f6\u00f6le. Suurus 36-41.","robots":{"index":"index","follow":"follow","max-snippet":"max-snippet:-1","max-image-preview":"max-image-preview:large","max-video-preview":"max-video-preview:-1"},"canonical":"https:\/\/www.karinibutiik.ee\/lt\/produktas\/klassikalised-naiste-platud-sandaalid-pandlaga\/","og_locale":"lt_LT","og_type":"article","og_title":"Klassikalised naiste pl\u00e4tud\/sandaalid pandlaga - Karini Butiik","og_description":"Stiilsed ja mugavad mustad, valged, pruunid, naiste sandaalid reguleeritava pandlaga. Sobivad igap\u00e4evaseks kandmiseks, randa v\u00f5i t\u00f6\u00f6le. Suurus 36-41.","og_url":"https:\/\/www.karinibutiik.ee\/lt\/produktas\/klassikalised-naiste-platud-sandaalid-pandlaga\/","og_site_name":"Karini Butiik","article_publisher":"https:\/\/www.facebook.com\/karinibutiik.ee","article_modified_time":"2026-02-14T07:07:38+00:00","og_image":[{"width":960,"height":1280,"url":"https:\/\/www.karinibutiik.ee\/wp-content\/uploads\/2025\/06\/IMG_3870.jpeg","type":"image\/jpeg"}],"twitter_card":"summary_large_image","twitter_misc":{"Availability":"In stock"},"schema":{"@context":"https:\/\/schema.org","@graph":[{"@type":"WebPage","@id":"https:\/\/www.karinibutiik.ee\/toode\/klassikalised-naiste-platud-sandaalid-pandlaga\/","url":"https:\/\/www.karinibutiik.ee\/toode\/klassikalised-naiste-platud-sandaalid-pandlaga\/","name":"Klassikalised naiste pl\u00e4tud\/sandaalid pandlaga - Karini Butiik","isPartOf":{"@id":"https:\/\/www.karinibutiik.ee\/#website"},"primaryImageOfPage":{"@id":"https:\/\/www.karinibutiik.ee\/toode\/klassikalised-naiste-platud-sandaalid-pandlaga\/#primaryimage"},"image":{"@id":"https:\/\/www.karinibutiik.ee\/toode\/klassikalised-naiste-platud-sandaalid-pandlaga\/#primaryimage"},"thumbnailUrl":"https:\/\/www.karinibutiik.ee\/wp-content\/uploads\/2025\/06\/IMG_3870.jpeg","datePublished":"2025-06-04T09:10:28+00:00","dateModified":"2026-02-14T07:07:38+00:00","description":"Stiilsed ja mugavad mustad, valged, pruunid, naiste sandaalid reguleeritava pandlaga. Sobivad igap\u00e4evaseks kandmiseks, randa v\u00f5i t\u00f6\u00f6le. Suurus 36-41.","breadcrumb":{"@id":"https:\/\/www.karinibutiik.ee\/toode\/klassikalised-naiste-platud-sandaalid-pandlaga\/#breadcrumb"},"inLanguage":"lt-LT","potentialAction":[{"@type":"ReadAction","target":["https:\/\/www.karinibutiik.ee\/toode\/klassikalised-naiste-platud-sandaalid-pandlaga\/"]}]},{"@type":"ImageObject","inLanguage":"lt-LT","@id":"https:\/\/www.karinibutiik.ee\/toode\/klassikalised-naiste-platud-sandaalid-pandlaga\/#primaryimage","url":"https:\/\/www.karinibutiik.ee\/wp-content\/uploads\/2025\/06\/IMG_3870.jpeg","contentUrl":"https:\/\/www.karinibutiik.ee\/wp-content\/uploads\/2025\/06\/IMG_3870.jpeg","width":960,"height":1280},{"@type":"BreadcrumbList","@id":"https:\/\/www.karinibutiik.ee\/toode\/klassikalised-naiste-platud-sandaalid-pandlaga\/#breadcrumb","itemListElement":[{"@type":"ListItem","position":1,"name":"Home","item":"https:\/\/www.karinibutiik.ee\/"},{"@type":"ListItem","position":2,"name":"Pood","item":"https:\/\/www.karinibutiik.ee\/pood\/"},{"@type":"ListItem","position":3,"name":"Klassikalised naiste pl\u00e4tud\/sandaalid pandlaga"}]},{"@type":"WebSite","@id":"https:\/\/www.karinibutiik.ee\/#website","url":"https:\/\/www.karinibutiik.ee\/","name":"Karini Butiik","description":"","publisher":{"@id":"https:\/\/www.karinibutiik.ee\/#organization"},"potentialAction":[{"@type":"SearchAction","target":{"@type":"EntryPoint","urlTemplate":"https:\/\/www.karinibutiik.ee\/?s={search_term_string}"},"query-input":{"@type":"PropertyValueSpecification","valueRequired":true,"valueName":"search_term_string"}}],"inLanguage":"lt-LT"},{"@type":"Organization","@id":"https:\/\/www.karinibutiik.ee\/#organization","name":"Karini Butiik","url":"https:\/\/www.karinibutiik.ee\/","logo":{"@type":"ImageObject","inLanguage":"lt-LT","@id":"https:\/\/www.karinibutiik.ee\/#\/schema\/logo\/image\/","url":"https:\/\/www.karinibutiik.ee\/wp-content\/uploads\/2024\/10\/Kuj.-K-koopia.png","contentUrl":"https:\/\/www.karinibutiik.ee\/wp-content\/uploads\/2024\/10\/Kuj.-K-koopia.png","width":500,"height":500,"caption":"Karini Butiik"},"image":{"@id":"https:\/\/www.karinibutiik.ee\/#\/schema\/logo\/image\/"},"sameAs":["https:\/\/www.facebook.com\/karinibutiik.ee","https:\/\/www.instagram.com\/karinibutiik"]}]},"og_availability":"instock","product_availability":"instock","product_retailer_item_id":"1827","product_condition":"new"},"_links":{"self":[{"href":"https:\/\/www.karinibutiik.ee\/lt\/wp-json\/wp\/v2\/product\/22295","targetHints":{"allow":["GET"]}}],"collection":[{"href":"https:\/\/www.karinibutiik.ee\/lt\/wp-json\/wp\/v2\/product"}],"about":[{"href":"https:\/\/www.karinibutiik.ee\/lt\/wp-json\/wp\/v2\/types\/product"}],"version-history":[{"count":4,"href":"https:\/\/www.karinibutiik.ee\/lt\/wp-json\/wp\/v2\/product\/22295\/revisions"}],"predecessor-version":[{"id":22334,"href":"https:\/\/www.karinibutiik.ee\/lt\/wp-json\/wp\/v2\/product\/22295\/revisions\/22334"}],"wp:featuredmedia":[{"embeddable":true,"href":"https:\/\/www.karinibutiik.ee\/lt\/wp-json\/wp\/v2\/media\/22325"}],"wp:attachment":[{"href":"https:\/\/www.karinibutiik.ee\/lt\/wp-json\/wp\/v2\/media?parent=22295"}],"wp:term":[{"taxonomy":"product_brand","embeddable":true,"href":"https:\/\/www.karinibutiik.ee\/lt\/wp-json\/wp\/v2\/product_brand?post=22295"},{"taxonomy":"product_cat","embeddable":true,"href":"https:\/\/www.karinibutiik.ee\/lt\/wp-json\/wp\/v2\/product_cat?post=22295"},{"taxonomy":"product_tag","embeddable":true,"href":"https:\/\/www.karinibutiik.ee\/lt\/wp-json\/wp\/v2\/product_tag?post=22295"}],"curies":[{"name":"wp","href":"https:\/\/api.w.org\/{rel}","templated":true}]}}