{"id":22439,"date":"2025-06-11T10:32:27","date_gmt":"2025-06-11T10:32:27","guid":{"rendered":"https:\/\/www.karinibutiik.ee\/?post_type=product&#038;p=22439"},"modified":"2026-03-18T12:52:06","modified_gmt":"2026-03-18T10:52:06","slug":"helesinised-vooga-luhikesed-puksid","status":"publish","type":"product","link":"https:\/\/www.karinibutiik.ee\/lt\/produktas\/helesinised-vooga-luhikesed-puksid\/","title":{"rendered":"\u0160viesiai m\u0117lyni \u0161ortai su dir\u017eu"},"content":{"rendered":"<p data-start=\"333\" data-end=\"854\">Stiilne ja naiselik helesinine komplekt, mis koosneb klassikalise l\u00f5ikega pintsakust ja k\u00f5rge pihaosaga l\u00fchikestest p\u00fckstest. Pintsak on sirge l\u00f5ikega, kerge oversized stiilis ja sobib suurep\u00e4raselt nii igap\u00e4evaseks kandmiseks kui ka kontorisse. L\u00fchikesed p\u00fcksid on varustatud samast kangast seotava lipsuv\u00f6\u00f6ga ning k\u00fcljetaskutega, pakkudes mugavust ja trendikat v\u00e4limust. M\u00f5lemad tooted on <strong data-start=\"724\" data-end=\"745\">eraldi tellitavad<\/strong> ja neid saab kombineerida erinevate r\u00f5ivastega \u2013 loovad ideaalse suver\u00f5iva elegantseks ja muretuks look\u2019iks!<\/p>","protected":false},"excerpt":{"rendered":"<p>Stiilne ja naiselik helesinine komplekt, mis koosneb klassikalise l\u00f5ikega pintsakust ja k\u00f5rge pihaosaga l\u00fchikestest p\u00fckstest. Pintsak on sirge l\u00f5ikega, kerge [&hellip;]<\/p>\n","protected":false},"featured_media":22434,"template":"","meta":{"site-sidebar-layout":"default","site-content-layout":"","ast-site-content-layout":"default","site-content-style":"default","site-sidebar-style":"default","ast-global-header-display":"","ast-banner-title-visibility":"","ast-main-header-display":"","ast-hfb-above-header-display":"","ast-hfb-below-header-display":"","ast-hfb-mobile-header-display":"","site-post-title":"","ast-breadcrumbs-content":"","ast-featured-img":"","footer-sml-layout":"","ast-disable-related-posts":"","theme-transparent-header-meta":"default","adv-header-id-meta":"","stick-header-meta":"default","header-above-stick-meta":"","header-main-stick-meta":"","header-below-stick-meta":"","astra-migrate-meta-layouts":"set","ast-page-background-enabled":"default","ast-page-background-meta":{"desktop":{"background-color":"var(--ast-global-color-4)","background-image":"","background-repeat":"repeat","background-position":"center center","background-size":"auto","background-attachment":"scroll","background-type":"","background-media":"","overlay-type":"","overlay-color":"","overlay-opacity":"","overlay-gradient":""},"tablet":{"background-color":"","background-image":"","background-repeat":"repeat","background-position":"center center","background-size":"auto","background-attachment":"scroll","background-type":"","background-media":"","overlay-type":"","overlay-color":"","overlay-opacity":"","overlay-gradient":""},"mobile":{"background-color":"","background-image":"","background-repeat":"repeat","background-position":"center center","background-size":"auto","background-attachment":"scroll","background-type":"","background-media":"","overlay-type":"","overlay-color":"","overlay-opacity":"","overlay-gradient":""}},"ast-content-background-meta":{"desktop":{"background-color":"var(--ast-global-color-5)","background-image":"","background-repeat":"repeat","background-position":"center center","background-size":"auto","background-attachment":"scroll","background-type":"","background-media":"","overlay-type":"","overlay-color":"","overlay-opacity":"","overlay-gradient":""},"tablet":{"background-color":"var(--ast-global-color-5)","background-image":"","background-repeat":"repeat","background-position":"center center","background-size":"auto","background-attachment":"scroll","background-type":"","background-media":"","overlay-type":"","overlay-color":"","overlay-opacity":"","overlay-gradient":""},"mobile":{"background-color":"var(--ast-global-color-5)","background-image":"","background-repeat":"repeat","background-position":"center center","background-size":"auto","background-attachment":"scroll","background-type":"","background-media":"","overlay-type":"","overlay-color":"","overlay-opacity":"","overlay-gradient":""}}},"product_brand":[],"product_cat":[346,354,383,355,351],"product_tag":[1291,1284,501,1287,1290,1285,621,1180,1289,1292,1293,1286,1288],"class_list":{"0":"post-22439","1":"product","2":"type-product","3":"status-publish","4":"has-post-thumbnail","6":"product_cat-naised","7":"product_cat-puksid-seelikud","8":"product_cat-luhikesed-puksid","9":"product_cat-pukskostuumid","10":"product_cat-uued-tooted","11":"product_tag-elegantne-komplekt","12":"product_tag-helesinine-komplekt","13":"product_tag-karini-butiik","14":"product_tag-komplekt-eraldi","15":"product_tag-kontoristiil","16":"product_tag-naiste-luhikesed-puksid","17":"product_tag-naiste-mood","18":"product_tag-naiste-pintsak","19":"product_tag-oversized-pintsak","20":"product_tag-sinine-bleiser","21":"product_tag-sinised-luhkarid","22":"product_tag-suveroivad","23":"product_tag-vooga-puksid","24":"desktop-align-center","25":"tablet-align-center","26":"mobile-align-center","27":"ast-product-gallery-layout-horizontal-slider","28":"ast-product-single-variable","29":"ast-product-tabs-layout-horizontal","31":"first","32":"outofstock","33":"taxable","34":"shipping-taxable","35":"product-type-variable"},"supplier_id":null,"supplier_sku":"","barcode":null,"atum_controlled":true,"out_stock_date":null,"out_stock_threshold":null,"inheritable":true,"inbound_stock":null,"stock_on_hold":0,"sold_today":0,"sales_last_days":0,"reserved_stock":0,"customer_returns":null,"warehouse_damage":0,"lost_in_post":null,"other_logs":0,"out_stock_days":0,"lost_sales":0,"has_location":false,"update_date":"2025-12-04T01:45:45","atum_locations":[],"atum_stock_status":"instock","restock_status":false,"low_stock_amount":"","sales_update_date":"2025-12-04T01:45:45","calc_backorders":null,"yoast_head":"<!-- This site is optimized with the Yoast SEO plugin v26.9 - https:\/\/yoast.com\/product\/yoast-seo-wordpress\/ -->\n<title>Helesinised v\u00f6\u00f6ga l\u00fchikesed p\u00fcksid - Karini Butiik<\/title>\n<meta name=\"description\" content=\"Naiselik helesinine komplekt: sirge l\u00f5ikega pintsak ja lipsuv\u00f6\u00f6ga l\u00fchikesed p\u00fcksid. Tooted on eraldi tellitavad. Ideaalne valik suveks!\" \/>\n<meta name=\"robots\" content=\"index, follow, max-snippet:-1, max-image-preview:large, max-video-preview:-1\" \/>\n<link rel=\"canonical\" href=\"https:\/\/www.karinibutiik.ee\/lt\/produktas\/helesinised-vooga-luhikesed-puksid\/\" \/>\n<meta property=\"og:locale\" content=\"lt_LT\" \/>\n<meta property=\"og:type\" content=\"article\" \/>\n<meta property=\"og:title\" content=\"Helesinised v\u00f6\u00f6ga l\u00fchikesed p\u00fcksid - Karini Butiik\" \/>\n<meta property=\"og:description\" content=\"Naiselik helesinine komplekt: sirge l\u00f5ikega pintsak ja lipsuv\u00f6\u00f6ga l\u00fchikesed p\u00fcksid. Tooted on eraldi tellitavad. Ideaalne valik suveks!\" \/>\n<meta property=\"og:url\" content=\"https:\/\/www.karinibutiik.ee\/lt\/produktas\/helesinised-vooga-luhikesed-puksid\/\" \/>\n<meta property=\"og:site_name\" content=\"Karini Butiik\" \/>\n<meta property=\"article:publisher\" content=\"https:\/\/www.facebook.com\/karinibutiik.ee\" \/>\n<meta property=\"article:modified_time\" content=\"2026-03-18T10:52:06+00:00\" \/>\n<meta property=\"og:image\" content=\"https:\/\/www.karinibutiik.ee\/wp-content\/uploads\/2025\/06\/EBA3673B-B8AB-4FBB-A609-74FC05A1E0CA-scaled.jpeg\" \/>\n\t<meta property=\"og:image:width\" content=\"2011\" \/>\n\t<meta property=\"og:image:height\" content=\"2560\" \/>\n\t<meta property=\"og:image:type\" content=\"image\/jpeg\" \/>\n<meta name=\"twitter:card\" content=\"summary_large_image\" \/>\n<meta name=\"twitter:label1\" content=\"Availability\" \/>\n\t<meta name=\"twitter:data1\" content=\"Out of stock\" \/>\n<script type=\"application\/ld+json\" class=\"yoast-schema-graph\">{\"@context\":\"https:\/\/schema.org\",\"@graph\":[{\"@type\":\"WebPage\",\"@id\":\"https:\/\/www.karinibutiik.ee\/toode\/helesinised-vooga-luhikesed-puksid\/\",\"url\":\"https:\/\/www.karinibutiik.ee\/toode\/helesinised-vooga-luhikesed-puksid\/\",\"name\":\"Helesinised v\u00f6\u00f6ga l\u00fchikesed p\u00fcksid - Karini Butiik\",\"isPartOf\":{\"@id\":\"https:\/\/www.karinibutiik.ee\/#website\"},\"primaryImageOfPage\":{\"@id\":\"https:\/\/www.karinibutiik.ee\/toode\/helesinised-vooga-luhikesed-puksid\/#primaryimage\"},\"image\":{\"@id\":\"https:\/\/www.karinibutiik.ee\/toode\/helesinised-vooga-luhikesed-puksid\/#primaryimage\"},\"thumbnailUrl\":\"https:\/\/www.karinibutiik.ee\/wp-content\/uploads\/2025\/06\/EBA3673B-B8AB-4FBB-A609-74FC05A1E0CA-scaled.jpeg\",\"datePublished\":\"2025-06-11T10:32:27+00:00\",\"dateModified\":\"2026-03-18T10:52:06+00:00\",\"description\":\"Naiselik helesinine komplekt: sirge l\u00f5ikega pintsak ja lipsuv\u00f6\u00f6ga l\u00fchikesed p\u00fcksid. Tooted on eraldi tellitavad. Ideaalne valik suveks!\",\"breadcrumb\":{\"@id\":\"https:\/\/www.karinibutiik.ee\/toode\/helesinised-vooga-luhikesed-puksid\/#breadcrumb\"},\"inLanguage\":\"lt-LT\",\"potentialAction\":[{\"@type\":\"ReadAction\",\"target\":[\"https:\/\/www.karinibutiik.ee\/toode\/helesinised-vooga-luhikesed-puksid\/\"]}]},{\"@type\":\"ImageObject\",\"inLanguage\":\"lt-LT\",\"@id\":\"https:\/\/www.karinibutiik.ee\/toode\/helesinised-vooga-luhikesed-puksid\/#primaryimage\",\"url\":\"https:\/\/www.karinibutiik.ee\/wp-content\/uploads\/2025\/06\/EBA3673B-B8AB-4FBB-A609-74FC05A1E0CA-scaled.jpeg\",\"contentUrl\":\"https:\/\/www.karinibutiik.ee\/wp-content\/uploads\/2025\/06\/EBA3673B-B8AB-4FBB-A609-74FC05A1E0CA-scaled.jpeg\",\"width\":2011,\"height\":2560},{\"@type\":\"BreadcrumbList\",\"@id\":\"https:\/\/www.karinibutiik.ee\/toode\/helesinised-vooga-luhikesed-puksid\/#breadcrumb\",\"itemListElement\":[{\"@type\":\"ListItem\",\"position\":1,\"name\":\"Home\",\"item\":\"https:\/\/www.karinibutiik.ee\/\"},{\"@type\":\"ListItem\",\"position\":2,\"name\":\"Pood\",\"item\":\"https:\/\/www.karinibutiik.ee\/pood\/\"},{\"@type\":\"ListItem\",\"position\":3,\"name\":\"Helesinised v\u00f6\u00f6ga l\u00fchikesed p\u00fcksid\"}]},{\"@type\":\"WebSite\",\"@id\":\"https:\/\/www.karinibutiik.ee\/#website\",\"url\":\"https:\/\/www.karinibutiik.ee\/\",\"name\":\"Karini Butiik\",\"description\":\"\",\"publisher\":{\"@id\":\"https:\/\/www.karinibutiik.ee\/#organization\"},\"potentialAction\":[{\"@type\":\"SearchAction\",\"target\":{\"@type\":\"EntryPoint\",\"urlTemplate\":\"https:\/\/www.karinibutiik.ee\/?s={search_term_string}\"},\"query-input\":{\"@type\":\"PropertyValueSpecification\",\"valueRequired\":true,\"valueName\":\"search_term_string\"}}],\"inLanguage\":\"lt-LT\"},{\"@type\":\"Organization\",\"@id\":\"https:\/\/www.karinibutiik.ee\/#organization\",\"name\":\"Karini Butiik\",\"url\":\"https:\/\/www.karinibutiik.ee\/\",\"logo\":{\"@type\":\"ImageObject\",\"inLanguage\":\"lt-LT\",\"@id\":\"https:\/\/www.karinibutiik.ee\/#\/schema\/logo\/image\/\",\"url\":\"https:\/\/www.karinibutiik.ee\/wp-content\/uploads\/2024\/10\/Kuj.-K-koopia.png\",\"contentUrl\":\"https:\/\/www.karinibutiik.ee\/wp-content\/uploads\/2024\/10\/Kuj.-K-koopia.png\",\"width\":500,\"height\":500,\"caption\":\"Karini Butiik\"},\"image\":{\"@id\":\"https:\/\/www.karinibutiik.ee\/#\/schema\/logo\/image\/\"},\"sameAs\":[\"https:\/\/www.facebook.com\/karinibutiik.ee\",\"https:\/\/www.instagram.com\/karinibutiik\"]}]}<\/script>\n<meta property=\"og:availability\" content=\"out of stock\" \/>\n<meta property=\"product:availability\" content=\"out of stock\" \/>\n<meta property=\"product:retailer_item_id\" content=\"3371\" \/>\n<meta property=\"product:condition\" content=\"new\" \/>\n<!-- \/ Yoast SEO plugin. -->","yoast_head_json":{"title":"Helesinised v\u00f6\u00f6ga l\u00fchikesed p\u00fcksid - Karini Butiik","description":"Naiselik helesinine komplekt: sirge l\u00f5ikega pintsak ja lipsuv\u00f6\u00f6ga l\u00fchikesed p\u00fcksid. Tooted on eraldi tellitavad. Ideaalne valik suveks!","robots":{"index":"index","follow":"follow","max-snippet":"max-snippet:-1","max-image-preview":"max-image-preview:large","max-video-preview":"max-video-preview:-1"},"canonical":"https:\/\/www.karinibutiik.ee\/lt\/produktas\/helesinised-vooga-luhikesed-puksid\/","og_locale":"lt_LT","og_type":"article","og_title":"Helesinised v\u00f6\u00f6ga l\u00fchikesed p\u00fcksid - Karini Butiik","og_description":"Naiselik helesinine komplekt: sirge l\u00f5ikega pintsak ja lipsuv\u00f6\u00f6ga l\u00fchikesed p\u00fcksid. Tooted on eraldi tellitavad. Ideaalne valik suveks!","og_url":"https:\/\/www.karinibutiik.ee\/lt\/produktas\/helesinised-vooga-luhikesed-puksid\/","og_site_name":"Karini Butiik","article_publisher":"https:\/\/www.facebook.com\/karinibutiik.ee","article_modified_time":"2026-03-18T10:52:06+00:00","og_image":[{"width":2011,"height":2560,"url":"https:\/\/www.karinibutiik.ee\/wp-content\/uploads\/2025\/06\/EBA3673B-B8AB-4FBB-A609-74FC05A1E0CA-scaled.jpeg","type":"image\/jpeg"}],"twitter_card":"summary_large_image","twitter_misc":{"Availability":"Out of stock"},"schema":{"@context":"https:\/\/schema.org","@graph":[{"@type":"WebPage","@id":"https:\/\/www.karinibutiik.ee\/toode\/helesinised-vooga-luhikesed-puksid\/","url":"https:\/\/www.karinibutiik.ee\/toode\/helesinised-vooga-luhikesed-puksid\/","name":"Helesinised v\u00f6\u00f6ga l\u00fchikesed p\u00fcksid - Karini Butiik","isPartOf":{"@id":"https:\/\/www.karinibutiik.ee\/#website"},"primaryImageOfPage":{"@id":"https:\/\/www.karinibutiik.ee\/toode\/helesinised-vooga-luhikesed-puksid\/#primaryimage"},"image":{"@id":"https:\/\/www.karinibutiik.ee\/toode\/helesinised-vooga-luhikesed-puksid\/#primaryimage"},"thumbnailUrl":"https:\/\/www.karinibutiik.ee\/wp-content\/uploads\/2025\/06\/EBA3673B-B8AB-4FBB-A609-74FC05A1E0CA-scaled.jpeg","datePublished":"2025-06-11T10:32:27+00:00","dateModified":"2026-03-18T10:52:06+00:00","description":"Naiselik helesinine komplekt: sirge l\u00f5ikega pintsak ja lipsuv\u00f6\u00f6ga l\u00fchikesed p\u00fcksid. Tooted on eraldi tellitavad. Ideaalne valik suveks!","breadcrumb":{"@id":"https:\/\/www.karinibutiik.ee\/toode\/helesinised-vooga-luhikesed-puksid\/#breadcrumb"},"inLanguage":"lt-LT","potentialAction":[{"@type":"ReadAction","target":["https:\/\/www.karinibutiik.ee\/toode\/helesinised-vooga-luhikesed-puksid\/"]}]},{"@type":"ImageObject","inLanguage":"lt-LT","@id":"https:\/\/www.karinibutiik.ee\/toode\/helesinised-vooga-luhikesed-puksid\/#primaryimage","url":"https:\/\/www.karinibutiik.ee\/wp-content\/uploads\/2025\/06\/EBA3673B-B8AB-4FBB-A609-74FC05A1E0CA-scaled.jpeg","contentUrl":"https:\/\/www.karinibutiik.ee\/wp-content\/uploads\/2025\/06\/EBA3673B-B8AB-4FBB-A609-74FC05A1E0CA-scaled.jpeg","width":2011,"height":2560},{"@type":"BreadcrumbList","@id":"https:\/\/www.karinibutiik.ee\/toode\/helesinised-vooga-luhikesed-puksid\/#breadcrumb","itemListElement":[{"@type":"ListItem","position":1,"name":"Home","item":"https:\/\/www.karinibutiik.ee\/"},{"@type":"ListItem","position":2,"name":"Pood","item":"https:\/\/www.karinibutiik.ee\/pood\/"},{"@type":"ListItem","position":3,"name":"Helesinised v\u00f6\u00f6ga l\u00fchikesed p\u00fcksid"}]},{"@type":"WebSite","@id":"https:\/\/www.karinibutiik.ee\/#website","url":"https:\/\/www.karinibutiik.ee\/","name":"Karini Butiik","description":"","publisher":{"@id":"https:\/\/www.karinibutiik.ee\/#organization"},"potentialAction":[{"@type":"SearchAction","target":{"@type":"EntryPoint","urlTemplate":"https:\/\/www.karinibutiik.ee\/?s={search_term_string}"},"query-input":{"@type":"PropertyValueSpecification","valueRequired":true,"valueName":"search_term_string"}}],"inLanguage":"lt-LT"},{"@type":"Organization","@id":"https:\/\/www.karinibutiik.ee\/#organization","name":"Karini Butiik","url":"https:\/\/www.karinibutiik.ee\/","logo":{"@type":"ImageObject","inLanguage":"lt-LT","@id":"https:\/\/www.karinibutiik.ee\/#\/schema\/logo\/image\/","url":"https:\/\/www.karinibutiik.ee\/wp-content\/uploads\/2024\/10\/Kuj.-K-koopia.png","contentUrl":"https:\/\/www.karinibutiik.ee\/wp-content\/uploads\/2024\/10\/Kuj.-K-koopia.png","width":500,"height":500,"caption":"Karini Butiik"},"image":{"@id":"https:\/\/www.karinibutiik.ee\/#\/schema\/logo\/image\/"},"sameAs":["https:\/\/www.facebook.com\/karinibutiik.ee","https:\/\/www.instagram.com\/karinibutiik"]}]},"og_availability":"out of stock","product_availability":"out of stock","product_retailer_item_id":"3371","product_condition":"new"},"_links":{"self":[{"href":"https:\/\/www.karinibutiik.ee\/lt\/wp-json\/wp\/v2\/product\/22439","targetHints":{"allow":["GET"]}}],"collection":[{"href":"https:\/\/www.karinibutiik.ee\/lt\/wp-json\/wp\/v2\/product"}],"about":[{"href":"https:\/\/www.karinibutiik.ee\/lt\/wp-json\/wp\/v2\/types\/product"}],"version-history":[{"count":1,"href":"https:\/\/www.karinibutiik.ee\/lt\/wp-json\/wp\/v2\/product\/22439\/revisions"}],"predecessor-version":[{"id":22443,"href":"https:\/\/www.karinibutiik.ee\/lt\/wp-json\/wp\/v2\/product\/22439\/revisions\/22443"}],"wp:featuredmedia":[{"embeddable":true,"href":"https:\/\/www.karinibutiik.ee\/lt\/wp-json\/wp\/v2\/media\/22434"}],"wp:attachment":[{"href":"https:\/\/www.karinibutiik.ee\/lt\/wp-json\/wp\/v2\/media?parent=22439"}],"wp:term":[{"taxonomy":"product_brand","embeddable":true,"href":"https:\/\/www.karinibutiik.ee\/lt\/wp-json\/wp\/v2\/product_brand?post=22439"},{"taxonomy":"product_cat","embeddable":true,"href":"https:\/\/www.karinibutiik.ee\/lt\/wp-json\/wp\/v2\/product_cat?post=22439"},{"taxonomy":"product_tag","embeddable":true,"href":"https:\/\/www.karinibutiik.ee\/lt\/wp-json\/wp\/v2\/product_tag?post=22439"}],"curies":[{"name":"wp","href":"https:\/\/api.w.org\/{rel}","templated":true}]}}