{"id":22703,"date":"2025-06-30T10:41:29","date_gmt":"2025-06-30T10:41:29","guid":{"rendered":"https:\/\/www.karinibutiik.ee\/?post_type=product&#038;p=22703"},"modified":"2026-03-28T10:33:21","modified_gmt":"2026-03-28T08:33:21","slug":"vabalt-langevad-puksid","status":"publish","type":"product","link":"https:\/\/www.karinibutiik.ee\/lt\/produktas\/vabalt-langevad-puksid\/","title":{"rendered":"LAISVAI KRENTAN\u010cIOS KELN\u0116S"},"content":{"rendered":"<p data-start=\"318\" data-end=\"640\">Avasta ideaalne tasakaal \u0161iki v\u00e4limuse ja kandmismugavuse vahel nende \u00a0vabalt langevate p\u00fckstega, mis sobivad ideaalselt kokku sama tooni h\u00f5lmikpluusiga. Valmistatud pehmest ja kvaliteetsest materjalist, pakuvad need p\u00fcksid maksimaalset liikumisvabadust, hoides samal ajal joone viimistletud ja naiselikuna.<\/p>\n<p data-start=\"642\" data-end=\"811\">K\u00f5rge piha ja voogav l\u00f5ige loovad elegantse silueti, mis sobib nii pidulikuks s\u00fcndmuseks kui ka nutikaks argip\u00e4evastiiliks. Lisa kontsakingad v\u00f5i tossud \u2013 valik on sinu!<\/p>","protected":false},"excerpt":{"rendered":"<p>Avasta ideaalne tasakaal \u0161iki v\u00e4limuse ja kandmismugavuse vahel nende \u00a0vabalt langevate p\u00fckstega, mis sobivad ideaalselt kokku sama tooni h\u00f5lmikpluusiga. Valmistatud [&hellip;]<\/p>\n","protected":false},"featured_media":22688,"template":"","meta":{"site-sidebar-layout":"default","site-content-layout":"","ast-site-content-layout":"default","site-content-style":"default","site-sidebar-style":"default","ast-global-header-display":"","ast-banner-title-visibility":"","ast-main-header-display":"","ast-hfb-above-header-display":"","ast-hfb-below-header-display":"","ast-hfb-mobile-header-display":"","site-post-title":"","ast-breadcrumbs-content":"","ast-featured-img":"","footer-sml-layout":"","ast-disable-related-posts":"","theme-transparent-header-meta":"default","adv-header-id-meta":"","stick-header-meta":"default","header-above-stick-meta":"","header-main-stick-meta":"","header-below-stick-meta":"","astra-migrate-meta-layouts":"set","ast-page-background-enabled":"default","ast-page-background-meta":{"desktop":{"background-color":"var(--ast-global-color-4)","background-image":"","background-repeat":"repeat","background-position":"center center","background-size":"auto","background-attachment":"scroll","background-type":"","background-media":"","overlay-type":"","overlay-color":"","overlay-opacity":"","overlay-gradient":""},"tablet":{"background-color":"","background-image":"","background-repeat":"repeat","background-position":"center center","background-size":"auto","background-attachment":"scroll","background-type":"","background-media":"","overlay-type":"","overlay-color":"","overlay-opacity":"","overlay-gradient":""},"mobile":{"background-color":"","background-image":"","background-repeat":"repeat","background-position":"center center","background-size":"auto","background-attachment":"scroll","background-type":"","background-media":"","overlay-type":"","overlay-color":"","overlay-opacity":"","overlay-gradient":""}},"ast-content-background-meta":{"desktop":{"background-color":"var(--ast-global-color-5)","background-image":"","background-repeat":"repeat","background-position":"center center","background-size":"auto","background-attachment":"scroll","background-type":"","background-media":"","overlay-type":"","overlay-color":"","overlay-opacity":"","overlay-gradient":""},"tablet":{"background-color":"var(--ast-global-color-5)","background-image":"","background-repeat":"repeat","background-position":"center center","background-size":"auto","background-attachment":"scroll","background-type":"","background-media":"","overlay-type":"","overlay-color":"","overlay-opacity":"","overlay-gradient":""},"mobile":{"background-color":"var(--ast-global-color-5)","background-image":"","background-repeat":"repeat","background-position":"center center","background-size":"auto","background-attachment":"scroll","background-type":"","background-media":"","overlay-type":"","overlay-color":"","overlay-opacity":"","overlay-gradient":""}}},"product_brand":[],"product_cat":[346,354,356],"product_tag":[475,1379,476,1364,1375,1363,501,477,270,485,647,493,1381,1338,1077,1378,896,1365,1380,736,96,1302,1347,1377,1376,754],"class_list":{"0":"post-22703","1":"product","2":"type-product","3":"status-publish","4":"has-post-thumbnail","6":"product_cat-naised","7":"product_cat-puksid-seelikud","8":"product_cat-tekstiilpuksid","9":"product_tag-dresshouse","10":"product_tag-elegantsed-puksid","11":"product_tag-getdressed","12":"product_tag-heledad-puksid","13":"product_tag-heleroosad-puksid","14":"product_tag-helsinised-puksid","15":"product_tag-karini-butiik","16":"product_tag-kleidibutiik","17":"product_tag-kleidid","18":"product_tag-kleidipood","19":"product_tag-kleidipood-tallinnas","20":"product_tag-kleiditurg","21":"product_tag-komplekti-puksid","22":"product_tag-korge-pihaga-puksid","23":"product_tag-mugavad-puksid","24":"product_tag-naiselikud-puksid","25":"product_tag-naisteriiete-epood","26":"product_tag-ohulised-puksid","27":"product_tag-pastelset-tooni-puksid","28":"product_tag-pidulikud-puksid","29":"product_tag-puksid","30":"product_tag-roosad-puksid","31":"product_tag-sirge-loikega-puksid","32":"product_tag-stiilsed-kevad-suvi-puksid","33":"product_tag-vabalt-langevad-puksid","34":"product_tag-valged-puksid","35":"desktop-align-center","36":"tablet-align-center","37":"mobile-align-center","38":"ast-product-gallery-layout-horizontal-slider","39":"ast-product-single-variable","40":"ast-product-tabs-layout-horizontal","42":"first","43":"instock","44":"taxable","45":"shipping-taxable","46":"purchasable","47":"product-type-variable"},"supplier_id":null,"supplier_sku":"","barcode":null,"atum_controlled":true,"out_stock_date":null,"out_stock_threshold":null,"inheritable":true,"inbound_stock":null,"stock_on_hold":0,"sold_today":0,"sales_last_days":0,"reserved_stock":0,"customer_returns":null,"warehouse_damage":0,"lost_in_post":null,"other_logs":0,"out_stock_days":0,"lost_sales":0,"has_location":false,"update_date":"2026-03-28T08:33:22","atum_locations":[],"atum_stock_status":"instock","restock_status":false,"low_stock_amount":"","sales_update_date":"2025-12-05T13:29:58","calc_backorders":null,"yoast_head":"<!-- This site is optimized with the Yoast SEO plugin v26.9 - https:\/\/yoast.com\/product\/yoast-seo-wordpress\/ -->\n<title>VABALT LANGEVAD P\u00dcKSID - Karini Butiik<\/title>\n<meta name=\"description\" content=\"vabalt langevad p\u00fcksid k\u00f5rge piha ja mugava l\u00f5ikega. Elegantne ja naiselik valik, mis sobib ideaalselt nii pidulikuks kui igap\u00e4evaseks kandmiseks.\" \/>\n<meta name=\"robots\" content=\"index, follow, max-snippet:-1, max-image-preview:large, max-video-preview:-1\" \/>\n<link rel=\"canonical\" href=\"https:\/\/www.karinibutiik.ee\/lt\/produktas\/vabalt-langevad-puksid\/\" \/>\n<meta property=\"og:locale\" content=\"lt_LT\" \/>\n<meta property=\"og:type\" content=\"article\" \/>\n<meta property=\"og:title\" content=\"VABALT LANGEVAD P\u00dcKSID - Karini Butiik\" \/>\n<meta property=\"og:description\" content=\"vabalt langevad p\u00fcksid k\u00f5rge piha ja mugava l\u00f5ikega. Elegantne ja naiselik valik, mis sobib ideaalselt nii pidulikuks kui igap\u00e4evaseks kandmiseks.\" \/>\n<meta property=\"og:url\" content=\"https:\/\/www.karinibutiik.ee\/lt\/produktas\/vabalt-langevad-puksid\/\" \/>\n<meta property=\"og:site_name\" content=\"Karini Butiik\" \/>\n<meta property=\"article:publisher\" content=\"https:\/\/www.facebook.com\/karinibutiik.ee\" \/>\n<meta property=\"article:modified_time\" content=\"2026-03-28T08:33:21+00:00\" \/>\n<meta property=\"og:image\" content=\"https:\/\/www.karinibutiik.ee\/wp-content\/uploads\/2025\/06\/IMG_6499.jpeg\" \/>\n\t<meta property=\"og:image:width\" content=\"1440\" \/>\n\t<meta property=\"og:image:height\" content=\"1797\" \/>\n\t<meta property=\"og:image:type\" content=\"image\/jpeg\" \/>\n<meta name=\"twitter:card\" content=\"summary_large_image\" \/>\n<meta name=\"twitter:label1\" content=\"Availability\" \/>\n\t<meta name=\"twitter:data1\" content=\"In stock\" \/>\n<script type=\"application\/ld+json\" class=\"yoast-schema-graph\">{\"@context\":\"https:\/\/schema.org\",\"@graph\":[{\"@type\":\"WebPage\",\"@id\":\"https:\/\/www.karinibutiik.ee\/toode\/vabalt-langevad-puksid\/\",\"url\":\"https:\/\/www.karinibutiik.ee\/toode\/vabalt-langevad-puksid\/\",\"name\":\"VABALT LANGEVAD P\u00dcKSID - Karini Butiik\",\"isPartOf\":{\"@id\":\"https:\/\/www.karinibutiik.ee\/#website\"},\"primaryImageOfPage\":{\"@id\":\"https:\/\/www.karinibutiik.ee\/toode\/vabalt-langevad-puksid\/#primaryimage\"},\"image\":{\"@id\":\"https:\/\/www.karinibutiik.ee\/toode\/vabalt-langevad-puksid\/#primaryimage\"},\"thumbnailUrl\":\"https:\/\/www.karinibutiik.ee\/wp-content\/uploads\/2025\/06\/IMG_6499.jpeg\",\"datePublished\":\"2025-06-30T10:41:29+00:00\",\"dateModified\":\"2026-03-28T08:33:21+00:00\",\"description\":\"vabalt langevad p\u00fcksid k\u00f5rge piha ja mugava l\u00f5ikega. Elegantne ja naiselik valik, mis sobib ideaalselt nii pidulikuks kui igap\u00e4evaseks kandmiseks.\",\"breadcrumb\":{\"@id\":\"https:\/\/www.karinibutiik.ee\/toode\/vabalt-langevad-puksid\/#breadcrumb\"},\"inLanguage\":\"lt-LT\",\"potentialAction\":[{\"@type\":\"ReadAction\",\"target\":[\"https:\/\/www.karinibutiik.ee\/toode\/vabalt-langevad-puksid\/\"]}]},{\"@type\":\"ImageObject\",\"inLanguage\":\"lt-LT\",\"@id\":\"https:\/\/www.karinibutiik.ee\/toode\/vabalt-langevad-puksid\/#primaryimage\",\"url\":\"https:\/\/www.karinibutiik.ee\/wp-content\/uploads\/2025\/06\/IMG_6499.jpeg\",\"contentUrl\":\"https:\/\/www.karinibutiik.ee\/wp-content\/uploads\/2025\/06\/IMG_6499.jpeg\",\"width\":1440,\"height\":1797,\"caption\":\"VABALT LANGEVAD ROOSAD P\u00dcKSID\"},{\"@type\":\"BreadcrumbList\",\"@id\":\"https:\/\/www.karinibutiik.ee\/toode\/vabalt-langevad-puksid\/#breadcrumb\",\"itemListElement\":[{\"@type\":\"ListItem\",\"position\":1,\"name\":\"Home\",\"item\":\"https:\/\/www.karinibutiik.ee\/\"},{\"@type\":\"ListItem\",\"position\":2,\"name\":\"Pood\",\"item\":\"https:\/\/www.karinibutiik.ee\/pood\/\"},{\"@type\":\"ListItem\",\"position\":3,\"name\":\"VABALT LANGEVAD P\u00dcKSID\"}]},{\"@type\":\"WebSite\",\"@id\":\"https:\/\/www.karinibutiik.ee\/#website\",\"url\":\"https:\/\/www.karinibutiik.ee\/\",\"name\":\"Karini Butiik\",\"description\":\"\",\"publisher\":{\"@id\":\"https:\/\/www.karinibutiik.ee\/#organization\"},\"potentialAction\":[{\"@type\":\"SearchAction\",\"target\":{\"@type\":\"EntryPoint\",\"urlTemplate\":\"https:\/\/www.karinibutiik.ee\/?s={search_term_string}\"},\"query-input\":{\"@type\":\"PropertyValueSpecification\",\"valueRequired\":true,\"valueName\":\"search_term_string\"}}],\"inLanguage\":\"lt-LT\"},{\"@type\":\"Organization\",\"@id\":\"https:\/\/www.karinibutiik.ee\/#organization\",\"name\":\"Karini Butiik\",\"url\":\"https:\/\/www.karinibutiik.ee\/\",\"logo\":{\"@type\":\"ImageObject\",\"inLanguage\":\"lt-LT\",\"@id\":\"https:\/\/www.karinibutiik.ee\/#\/schema\/logo\/image\/\",\"url\":\"https:\/\/www.karinibutiik.ee\/wp-content\/uploads\/2024\/10\/Kuj.-K-koopia.png\",\"contentUrl\":\"https:\/\/www.karinibutiik.ee\/wp-content\/uploads\/2024\/10\/Kuj.-K-koopia.png\",\"width\":500,\"height\":500,\"caption\":\"Karini Butiik\"},\"image\":{\"@id\":\"https:\/\/www.karinibutiik.ee\/#\/schema\/logo\/image\/\"},\"sameAs\":[\"https:\/\/www.facebook.com\/karinibutiik.ee\",\"https:\/\/www.instagram.com\/karinibutiik\"]}]}<\/script>\n<meta property=\"og:availability\" content=\"instock\" \/>\n<meta property=\"product:availability\" content=\"instock\" \/>\n<meta property=\"product:retailer_item_id\" content=\"24445\" \/>\n<meta property=\"product:condition\" content=\"new\" \/>\n<!-- \/ Yoast SEO plugin. -->","yoast_head_json":{"title":"VABALT LANGEVAD P\u00dcKSID - Karini Butiik","description":"vabalt langevad p\u00fcksid k\u00f5rge piha ja mugava l\u00f5ikega. Elegantne ja naiselik valik, mis sobib ideaalselt nii pidulikuks kui igap\u00e4evaseks kandmiseks.","robots":{"index":"index","follow":"follow","max-snippet":"max-snippet:-1","max-image-preview":"max-image-preview:large","max-video-preview":"max-video-preview:-1"},"canonical":"https:\/\/www.karinibutiik.ee\/lt\/produktas\/vabalt-langevad-puksid\/","og_locale":"lt_LT","og_type":"article","og_title":"VABALT LANGEVAD P\u00dcKSID - Karini Butiik","og_description":"vabalt langevad p\u00fcksid k\u00f5rge piha ja mugava l\u00f5ikega. Elegantne ja naiselik valik, mis sobib ideaalselt nii pidulikuks kui igap\u00e4evaseks kandmiseks.","og_url":"https:\/\/www.karinibutiik.ee\/lt\/produktas\/vabalt-langevad-puksid\/","og_site_name":"Karini Butiik","article_publisher":"https:\/\/www.facebook.com\/karinibutiik.ee","article_modified_time":"2026-03-28T08:33:21+00:00","og_image":[{"width":1440,"height":1797,"url":"https:\/\/www.karinibutiik.ee\/wp-content\/uploads\/2025\/06\/IMG_6499.jpeg","type":"image\/jpeg"}],"twitter_card":"summary_large_image","twitter_misc":{"Availability":"In stock"},"schema":{"@context":"https:\/\/schema.org","@graph":[{"@type":"WebPage","@id":"https:\/\/www.karinibutiik.ee\/toode\/vabalt-langevad-puksid\/","url":"https:\/\/www.karinibutiik.ee\/toode\/vabalt-langevad-puksid\/","name":"VABALT LANGEVAD P\u00dcKSID - Karini Butiik","isPartOf":{"@id":"https:\/\/www.karinibutiik.ee\/#website"},"primaryImageOfPage":{"@id":"https:\/\/www.karinibutiik.ee\/toode\/vabalt-langevad-puksid\/#primaryimage"},"image":{"@id":"https:\/\/www.karinibutiik.ee\/toode\/vabalt-langevad-puksid\/#primaryimage"},"thumbnailUrl":"https:\/\/www.karinibutiik.ee\/wp-content\/uploads\/2025\/06\/IMG_6499.jpeg","datePublished":"2025-06-30T10:41:29+00:00","dateModified":"2026-03-28T08:33:21+00:00","description":"vabalt langevad p\u00fcksid k\u00f5rge piha ja mugava l\u00f5ikega. Elegantne ja naiselik valik, mis sobib ideaalselt nii pidulikuks kui igap\u00e4evaseks kandmiseks.","breadcrumb":{"@id":"https:\/\/www.karinibutiik.ee\/toode\/vabalt-langevad-puksid\/#breadcrumb"},"inLanguage":"lt-LT","potentialAction":[{"@type":"ReadAction","target":["https:\/\/www.karinibutiik.ee\/toode\/vabalt-langevad-puksid\/"]}]},{"@type":"ImageObject","inLanguage":"lt-LT","@id":"https:\/\/www.karinibutiik.ee\/toode\/vabalt-langevad-puksid\/#primaryimage","url":"https:\/\/www.karinibutiik.ee\/wp-content\/uploads\/2025\/06\/IMG_6499.jpeg","contentUrl":"https:\/\/www.karinibutiik.ee\/wp-content\/uploads\/2025\/06\/IMG_6499.jpeg","width":1440,"height":1797,"caption":"VABALT LANGEVAD ROOSAD P\u00dcKSID"},{"@type":"BreadcrumbList","@id":"https:\/\/www.karinibutiik.ee\/toode\/vabalt-langevad-puksid\/#breadcrumb","itemListElement":[{"@type":"ListItem","position":1,"name":"Home","item":"https:\/\/www.karinibutiik.ee\/"},{"@type":"ListItem","position":2,"name":"Pood","item":"https:\/\/www.karinibutiik.ee\/pood\/"},{"@type":"ListItem","position":3,"name":"VABALT LANGEVAD P\u00dcKSID"}]},{"@type":"WebSite","@id":"https:\/\/www.karinibutiik.ee\/#website","url":"https:\/\/www.karinibutiik.ee\/","name":"Karini Butiik","description":"","publisher":{"@id":"https:\/\/www.karinibutiik.ee\/#organization"},"potentialAction":[{"@type":"SearchAction","target":{"@type":"EntryPoint","urlTemplate":"https:\/\/www.karinibutiik.ee\/?s={search_term_string}"},"query-input":{"@type":"PropertyValueSpecification","valueRequired":true,"valueName":"search_term_string"}}],"inLanguage":"lt-LT"},{"@type":"Organization","@id":"https:\/\/www.karinibutiik.ee\/#organization","name":"Karini Butiik","url":"https:\/\/www.karinibutiik.ee\/","logo":{"@type":"ImageObject","inLanguage":"lt-LT","@id":"https:\/\/www.karinibutiik.ee\/#\/schema\/logo\/image\/","url":"https:\/\/www.karinibutiik.ee\/wp-content\/uploads\/2024\/10\/Kuj.-K-koopia.png","contentUrl":"https:\/\/www.karinibutiik.ee\/wp-content\/uploads\/2024\/10\/Kuj.-K-koopia.png","width":500,"height":500,"caption":"Karini Butiik"},"image":{"@id":"https:\/\/www.karinibutiik.ee\/#\/schema\/logo\/image\/"},"sameAs":["https:\/\/www.facebook.com\/karinibutiik.ee","https:\/\/www.instagram.com\/karinibutiik"]}]},"og_availability":"instock","product_availability":"instock","product_retailer_item_id":"24445","product_condition":"new"},"_links":{"self":[{"href":"https:\/\/www.karinibutiik.ee\/lt\/wp-json\/wp\/v2\/product\/22703","targetHints":{"allow":["GET"]}}],"collection":[{"href":"https:\/\/www.karinibutiik.ee\/lt\/wp-json\/wp\/v2\/product"}],"about":[{"href":"https:\/\/www.karinibutiik.ee\/lt\/wp-json\/wp\/v2\/types\/product"}],"version-history":[{"count":2,"href":"https:\/\/www.karinibutiik.ee\/lt\/wp-json\/wp\/v2\/product\/22703\/revisions"}],"predecessor-version":[{"id":22728,"href":"https:\/\/www.karinibutiik.ee\/lt\/wp-json\/wp\/v2\/product\/22703\/revisions\/22728"}],"wp:featuredmedia":[{"embeddable":true,"href":"https:\/\/www.karinibutiik.ee\/lt\/wp-json\/wp\/v2\/media\/22688"}],"wp:attachment":[{"href":"https:\/\/www.karinibutiik.ee\/lt\/wp-json\/wp\/v2\/media?parent=22703"}],"wp:term":[{"taxonomy":"product_brand","embeddable":true,"href":"https:\/\/www.karinibutiik.ee\/lt\/wp-json\/wp\/v2\/product_brand?post=22703"},{"taxonomy":"product_cat","embeddable":true,"href":"https:\/\/www.karinibutiik.ee\/lt\/wp-json\/wp\/v2\/product_cat?post=22703"},{"taxonomy":"product_tag","embeddable":true,"href":"https:\/\/www.karinibutiik.ee\/lt\/wp-json\/wp\/v2\/product_tag?post=22703"}],"curies":[{"name":"wp","href":"https:\/\/api.w.org\/{rel}","templated":true}]}}