{"id":22736,"date":"2025-06-30T11:53:28","date_gmt":"2025-06-30T11:53:28","guid":{"rendered":"https:\/\/www.karinibutiik.ee\/?post_type=product&#038;p=22736"},"modified":"2026-03-28T10:33:49","modified_gmt":"2026-03-28T08:33:49","slug":"orn-midikleit-vooga","status":"publish","type":"product","link":"https:\/\/www.karinibutiik.ee\/lt\/produktas\/orn-midikleit-vooga\/","title":{"rendered":"SUBTILI MIDI SUKNEL\u0116 SU DIR\u017dU"},"content":{"rendered":"<p>Elegantne ja naiselik midipikkuses kleit, mis sobib suurep\u00e4raselt suviseks \u00fcrituseks, pidulikeks s\u00fcndumusteks v\u00f5i romantilisteks \u00f5htus\u00f6\u00f6kideks. Kleidi kangas on kerge l\u00e4ikega ning langeb kaunilt. \u00d5lgu paljastavad r\u00fc\u00fcsid ja \u00f5hukesed \u00f5lapaelad lisavad pehmust ja romantilisust. V\u00f6\u00f6 seotakse \u00fcmber talje ,et tuua esile kehajoont. As\u00fcmmeetriline l\u00f5ige lisab modernset n\u00fcanssi.<\/p>\n<p>&nbsp;<\/p>","protected":false},"excerpt":{"rendered":"<p>Elegantne ja naiselik midipikkuses kleit, mis sobib suurep\u00e4raselt suviseks \u00fcrituseks, pidulikeks s\u00fcndumusteks v\u00f5i romantilisteks \u00f5htus\u00f6\u00f6kideks. Kleidi kangas on kerge l\u00e4ikega [&hellip;]<\/p>\n","protected":false},"featured_media":22741,"template":"","meta":{"site-sidebar-layout":"default","site-content-layout":"","ast-site-content-layout":"default","site-content-style":"default","site-sidebar-style":"default","ast-global-header-display":"","ast-banner-title-visibility":"","ast-main-header-display":"","ast-hfb-above-header-display":"","ast-hfb-below-header-display":"","ast-hfb-mobile-header-display":"","site-post-title":"","ast-breadcrumbs-content":"","ast-featured-img":"","footer-sml-layout":"","ast-disable-related-posts":"","theme-transparent-header-meta":"default","adv-header-id-meta":"","stick-header-meta":"default","header-above-stick-meta":"","header-main-stick-meta":"","header-below-stick-meta":"","astra-migrate-meta-layouts":"set","ast-page-background-enabled":"default","ast-page-background-meta":{"desktop":{"background-color":"var(--ast-global-color-4)","background-image":"","background-repeat":"repeat","background-position":"center center","background-size":"auto","background-attachment":"scroll","background-type":"","background-media":"","overlay-type":"","overlay-color":"","overlay-opacity":"","overlay-gradient":""},"tablet":{"background-color":"","background-image":"","background-repeat":"repeat","background-position":"center center","background-size":"auto","background-attachment":"scroll","background-type":"","background-media":"","overlay-type":"","overlay-color":"","overlay-opacity":"","overlay-gradient":""},"mobile":{"background-color":"","background-image":"","background-repeat":"repeat","background-position":"center center","background-size":"auto","background-attachment":"scroll","background-type":"","background-media":"","overlay-type":"","overlay-color":"","overlay-opacity":"","overlay-gradient":""}},"ast-content-background-meta":{"desktop":{"background-color":"var(--ast-global-color-5)","background-image":"","background-repeat":"repeat","background-position":"center center","background-size":"auto","background-attachment":"scroll","background-type":"","background-media":"","overlay-type":"","overlay-color":"","overlay-opacity":"","overlay-gradient":""},"tablet":{"background-color":"var(--ast-global-color-5)","background-image":"","background-repeat":"repeat","background-position":"center center","background-size":"auto","background-attachment":"scroll","background-type":"","background-media":"","overlay-type":"","overlay-color":"","overlay-opacity":"","overlay-gradient":""},"mobile":{"background-color":"var(--ast-global-color-5)","background-image":"","background-repeat":"repeat","background-position":"center center","background-size":"auto","background-attachment":"scroll","background-type":"","background-media":"","overlay-type":"","overlay-color":"","overlay-opacity":"","overlay-gradient":""}}},"product_brand":[],"product_cat":[347,348,349,346],"product_tag":[475,596,476,501,477,485,647,493,91,90,87,896,516,1384,738,92],"class_list":{"0":"post-22736","1":"product","2":"type-product","3":"status-publish","4":"has-post-thumbnail","6":"product_cat-kleidid","7":"product_cat-lopukleidid","8":"product_cat-midikleidid","9":"product_cat-naised","10":"product_tag-dresshouse","11":"product_tag-get-dressed","12":"product_tag-getdressed","13":"product_tag-karini-butiik","14":"product_tag-kleidibutiik","15":"product_tag-kleidipood","16":"product_tag-kleidipood-tallinnas","17":"product_tag-kleiditurg","18":"product_tag-koolilopukleit","19":"product_tag-lopukleit","20":"product_tag-midikleit","21":"product_tag-naisteriiete-epood","22":"product_tag-ohuline-kleit","23":"product_tag-orn-kleit","24":"product_tag-pidulik-kleit","25":"product_tag-pidulikud-kleidid","26":"desktop-align-center","27":"tablet-align-center","28":"mobile-align-center","29":"ast-product-gallery-layout-horizontal-slider","30":"ast-product-single-variable","31":"ast-product-tabs-layout-horizontal","33":"first","34":"instock","35":"taxable","36":"shipping-taxable","37":"purchasable","38":"product-type-variable"},"supplier_id":null,"supplier_sku":"","barcode":null,"atum_controlled":true,"out_stock_date":null,"out_stock_threshold":null,"inheritable":true,"inbound_stock":null,"stock_on_hold":0,"sold_today":0,"sales_last_days":0,"reserved_stock":0,"customer_returns":null,"warehouse_damage":0,"lost_in_post":null,"other_logs":0,"out_stock_days":0,"lost_sales":0,"has_location":false,"update_date":"2026-03-28T08:33:50","atum_locations":[],"atum_stock_status":"instock","restock_status":false,"low_stock_amount":"","sales_update_date":"2025-12-04T01:26:40","calc_backorders":null,"yoast_head":"<!-- This site is optimized with the Yoast SEO plugin v26.9 - https:\/\/yoast.com\/product\/yoast-seo-wordpress\/ -->\n<title>\u00d5RN MIDIKLEIT V\u00d6\u00d6GA - Karini Butiik<\/title>\n<meta name=\"description\" content=\"Elegantne ja naiselik midipikkuses kleit, mis sobib suurep\u00e4raselt suviseks \u00fcrituseks, pidulikeks s\u00fcndumusteks v\u00f5i romantilisteks \u00f5htus\u00f6\u00f6kideks\" \/>\n<meta name=\"robots\" content=\"index, follow, max-snippet:-1, max-image-preview:large, max-video-preview:-1\" \/>\n<link rel=\"canonical\" href=\"https:\/\/www.karinibutiik.ee\/lt\/produktas\/orn-midikleit-vooga\/\" \/>\n<meta property=\"og:locale\" content=\"lt_LT\" \/>\n<meta property=\"og:type\" content=\"article\" \/>\n<meta property=\"og:title\" content=\"\u00d5RN MIDIKLEIT V\u00d6\u00d6GA - Karini Butiik\" \/>\n<meta property=\"og:description\" content=\"Elegantne ja naiselik midipikkuses kleit, mis sobib suurep\u00e4raselt suviseks \u00fcrituseks, pidulikeks s\u00fcndumusteks v\u00f5i romantilisteks \u00f5htus\u00f6\u00f6kideks\" \/>\n<meta property=\"og:url\" content=\"https:\/\/www.karinibutiik.ee\/lt\/produktas\/orn-midikleit-vooga\/\" \/>\n<meta property=\"og:site_name\" content=\"Karini Butiik\" \/>\n<meta property=\"article:publisher\" content=\"https:\/\/www.facebook.com\/karinibutiik.ee\" \/>\n<meta property=\"article:modified_time\" content=\"2026-03-28T08:33:49+00:00\" \/>\n<meta property=\"og:image\" content=\"https:\/\/www.karinibutiik.ee\/wp-content\/uploads\/2025\/06\/IMG_6533.jpeg\" \/>\n\t<meta property=\"og:image:width\" content=\"1440\" \/>\n\t<meta property=\"og:image:height\" content=\"1607\" \/>\n\t<meta property=\"og:image:type\" content=\"image\/jpeg\" \/>\n<meta name=\"twitter:card\" content=\"summary_large_image\" \/>\n<meta name=\"twitter:label1\" content=\"Availability\" \/>\n\t<meta name=\"twitter:data1\" content=\"In stock\" \/>\n<script type=\"application\/ld+json\" class=\"yoast-schema-graph\">{\"@context\":\"https:\/\/schema.org\",\"@graph\":[{\"@type\":\"WebPage\",\"@id\":\"https:\/\/www.karinibutiik.ee\/toode\/orn-midikleit-vooga\/\",\"url\":\"https:\/\/www.karinibutiik.ee\/toode\/orn-midikleit-vooga\/\",\"name\":\"\u00d5RN MIDIKLEIT V\u00d6\u00d6GA - Karini Butiik\",\"isPartOf\":{\"@id\":\"https:\/\/www.karinibutiik.ee\/#website\"},\"primaryImageOfPage\":{\"@id\":\"https:\/\/www.karinibutiik.ee\/toode\/orn-midikleit-vooga\/#primaryimage\"},\"image\":{\"@id\":\"https:\/\/www.karinibutiik.ee\/toode\/orn-midikleit-vooga\/#primaryimage\"},\"thumbnailUrl\":\"https:\/\/www.karinibutiik.ee\/wp-content\/uploads\/2025\/06\/IMG_6533.jpeg\",\"datePublished\":\"2025-06-30T11:53:28+00:00\",\"dateModified\":\"2026-03-28T08:33:49+00:00\",\"description\":\"Elegantne ja naiselik midipikkuses kleit, mis sobib suurep\u00e4raselt suviseks \u00fcrituseks, pidulikeks s\u00fcndumusteks v\u00f5i romantilisteks \u00f5htus\u00f6\u00f6kideks\",\"breadcrumb\":{\"@id\":\"https:\/\/www.karinibutiik.ee\/toode\/orn-midikleit-vooga\/#breadcrumb\"},\"inLanguage\":\"lt-LT\",\"potentialAction\":[{\"@type\":\"ReadAction\",\"target\":[\"https:\/\/www.karinibutiik.ee\/toode\/orn-midikleit-vooga\/\"]}]},{\"@type\":\"ImageObject\",\"inLanguage\":\"lt-LT\",\"@id\":\"https:\/\/www.karinibutiik.ee\/toode\/orn-midikleit-vooga\/#primaryimage\",\"url\":\"https:\/\/www.karinibutiik.ee\/wp-content\/uploads\/2025\/06\/IMG_6533.jpeg\",\"contentUrl\":\"https:\/\/www.karinibutiik.ee\/wp-content\/uploads\/2025\/06\/IMG_6533.jpeg\",\"width\":1440,\"height\":1607},{\"@type\":\"BreadcrumbList\",\"@id\":\"https:\/\/www.karinibutiik.ee\/toode\/orn-midikleit-vooga\/#breadcrumb\",\"itemListElement\":[{\"@type\":\"ListItem\",\"position\":1,\"name\":\"Home\",\"item\":\"https:\/\/www.karinibutiik.ee\/\"},{\"@type\":\"ListItem\",\"position\":2,\"name\":\"Pood\",\"item\":\"https:\/\/www.karinibutiik.ee\/pood\/\"},{\"@type\":\"ListItem\",\"position\":3,\"name\":\"\u00d5RN MIDIKLEIT V\u00d6\u00d6GA\"}]},{\"@type\":\"WebSite\",\"@id\":\"https:\/\/www.karinibutiik.ee\/#website\",\"url\":\"https:\/\/www.karinibutiik.ee\/\",\"name\":\"Karini Butiik\",\"description\":\"\",\"publisher\":{\"@id\":\"https:\/\/www.karinibutiik.ee\/#organization\"},\"potentialAction\":[{\"@type\":\"SearchAction\",\"target\":{\"@type\":\"EntryPoint\",\"urlTemplate\":\"https:\/\/www.karinibutiik.ee\/?s={search_term_string}\"},\"query-input\":{\"@type\":\"PropertyValueSpecification\",\"valueRequired\":true,\"valueName\":\"search_term_string\"}}],\"inLanguage\":\"lt-LT\"},{\"@type\":\"Organization\",\"@id\":\"https:\/\/www.karinibutiik.ee\/#organization\",\"name\":\"Karini Butiik\",\"url\":\"https:\/\/www.karinibutiik.ee\/\",\"logo\":{\"@type\":\"ImageObject\",\"inLanguage\":\"lt-LT\",\"@id\":\"https:\/\/www.karinibutiik.ee\/#\/schema\/logo\/image\/\",\"url\":\"https:\/\/www.karinibutiik.ee\/wp-content\/uploads\/2024\/10\/Kuj.-K-koopia.png\",\"contentUrl\":\"https:\/\/www.karinibutiik.ee\/wp-content\/uploads\/2024\/10\/Kuj.-K-koopia.png\",\"width\":500,\"height\":500,\"caption\":\"Karini Butiik\"},\"image\":{\"@id\":\"https:\/\/www.karinibutiik.ee\/#\/schema\/logo\/image\/\"},\"sameAs\":[\"https:\/\/www.facebook.com\/karinibutiik.ee\",\"https:\/\/www.instagram.com\/karinibutiik\"]}]}<\/script>\n<meta property=\"og:availability\" content=\"instock\" \/>\n<meta property=\"product:availability\" content=\"instock\" \/>\n<meta property=\"product:retailer_item_id\" content=\"24629\" \/>\n<meta property=\"product:condition\" content=\"new\" \/>\n<!-- \/ Yoast SEO plugin. -->","yoast_head_json":{"title":"\u00d5RN MIDIKLEIT V\u00d6\u00d6GA - Karini Butiik","description":"Elegantne ja naiselik midipikkuses kleit, mis sobib suurep\u00e4raselt suviseks \u00fcrituseks, pidulikeks s\u00fcndumusteks v\u00f5i romantilisteks \u00f5htus\u00f6\u00f6kideks","robots":{"index":"index","follow":"follow","max-snippet":"max-snippet:-1","max-image-preview":"max-image-preview:large","max-video-preview":"max-video-preview:-1"},"canonical":"https:\/\/www.karinibutiik.ee\/lt\/produktas\/orn-midikleit-vooga\/","og_locale":"lt_LT","og_type":"article","og_title":"\u00d5RN MIDIKLEIT V\u00d6\u00d6GA - Karini Butiik","og_description":"Elegantne ja naiselik midipikkuses kleit, mis sobib suurep\u00e4raselt suviseks \u00fcrituseks, pidulikeks s\u00fcndumusteks v\u00f5i romantilisteks \u00f5htus\u00f6\u00f6kideks","og_url":"https:\/\/www.karinibutiik.ee\/lt\/produktas\/orn-midikleit-vooga\/","og_site_name":"Karini Butiik","article_publisher":"https:\/\/www.facebook.com\/karinibutiik.ee","article_modified_time":"2026-03-28T08:33:49+00:00","og_image":[{"width":1440,"height":1607,"url":"https:\/\/www.karinibutiik.ee\/wp-content\/uploads\/2025\/06\/IMG_6533.jpeg","type":"image\/jpeg"}],"twitter_card":"summary_large_image","twitter_misc":{"Availability":"In stock"},"schema":{"@context":"https:\/\/schema.org","@graph":[{"@type":"WebPage","@id":"https:\/\/www.karinibutiik.ee\/toode\/orn-midikleit-vooga\/","url":"https:\/\/www.karinibutiik.ee\/toode\/orn-midikleit-vooga\/","name":"\u00d5RN MIDIKLEIT V\u00d6\u00d6GA - Karini Butiik","isPartOf":{"@id":"https:\/\/www.karinibutiik.ee\/#website"},"primaryImageOfPage":{"@id":"https:\/\/www.karinibutiik.ee\/toode\/orn-midikleit-vooga\/#primaryimage"},"image":{"@id":"https:\/\/www.karinibutiik.ee\/toode\/orn-midikleit-vooga\/#primaryimage"},"thumbnailUrl":"https:\/\/www.karinibutiik.ee\/wp-content\/uploads\/2025\/06\/IMG_6533.jpeg","datePublished":"2025-06-30T11:53:28+00:00","dateModified":"2026-03-28T08:33:49+00:00","description":"Elegantne ja naiselik midipikkuses kleit, mis sobib suurep\u00e4raselt suviseks \u00fcrituseks, pidulikeks s\u00fcndumusteks v\u00f5i romantilisteks \u00f5htus\u00f6\u00f6kideks","breadcrumb":{"@id":"https:\/\/www.karinibutiik.ee\/toode\/orn-midikleit-vooga\/#breadcrumb"},"inLanguage":"lt-LT","potentialAction":[{"@type":"ReadAction","target":["https:\/\/www.karinibutiik.ee\/toode\/orn-midikleit-vooga\/"]}]},{"@type":"ImageObject","inLanguage":"lt-LT","@id":"https:\/\/www.karinibutiik.ee\/toode\/orn-midikleit-vooga\/#primaryimage","url":"https:\/\/www.karinibutiik.ee\/wp-content\/uploads\/2025\/06\/IMG_6533.jpeg","contentUrl":"https:\/\/www.karinibutiik.ee\/wp-content\/uploads\/2025\/06\/IMG_6533.jpeg","width":1440,"height":1607},{"@type":"BreadcrumbList","@id":"https:\/\/www.karinibutiik.ee\/toode\/orn-midikleit-vooga\/#breadcrumb","itemListElement":[{"@type":"ListItem","position":1,"name":"Home","item":"https:\/\/www.karinibutiik.ee\/"},{"@type":"ListItem","position":2,"name":"Pood","item":"https:\/\/www.karinibutiik.ee\/pood\/"},{"@type":"ListItem","position":3,"name":"\u00d5RN MIDIKLEIT V\u00d6\u00d6GA"}]},{"@type":"WebSite","@id":"https:\/\/www.karinibutiik.ee\/#website","url":"https:\/\/www.karinibutiik.ee\/","name":"Karini Butiik","description":"","publisher":{"@id":"https:\/\/www.karinibutiik.ee\/#organization"},"potentialAction":[{"@type":"SearchAction","target":{"@type":"EntryPoint","urlTemplate":"https:\/\/www.karinibutiik.ee\/?s={search_term_string}"},"query-input":{"@type":"PropertyValueSpecification","valueRequired":true,"valueName":"search_term_string"}}],"inLanguage":"lt-LT"},{"@type":"Organization","@id":"https:\/\/www.karinibutiik.ee\/#organization","name":"Karini Butiik","url":"https:\/\/www.karinibutiik.ee\/","logo":{"@type":"ImageObject","inLanguage":"lt-LT","@id":"https:\/\/www.karinibutiik.ee\/#\/schema\/logo\/image\/","url":"https:\/\/www.karinibutiik.ee\/wp-content\/uploads\/2024\/10\/Kuj.-K-koopia.png","contentUrl":"https:\/\/www.karinibutiik.ee\/wp-content\/uploads\/2024\/10\/Kuj.-K-koopia.png","width":500,"height":500,"caption":"Karini Butiik"},"image":{"@id":"https:\/\/www.karinibutiik.ee\/#\/schema\/logo\/image\/"},"sameAs":["https:\/\/www.facebook.com\/karinibutiik.ee","https:\/\/www.instagram.com\/karinibutiik"]}]},"og_availability":"instock","product_availability":"instock","product_retailer_item_id":"24629","product_condition":"new"},"_links":{"self":[{"href":"https:\/\/www.karinibutiik.ee\/lt\/wp-json\/wp\/v2\/product\/22736","targetHints":{"allow":["GET"]}}],"collection":[{"href":"https:\/\/www.karinibutiik.ee\/lt\/wp-json\/wp\/v2\/product"}],"about":[{"href":"https:\/\/www.karinibutiik.ee\/lt\/wp-json\/wp\/v2\/types\/product"}],"version-history":[{"count":1,"href":"https:\/\/www.karinibutiik.ee\/lt\/wp-json\/wp\/v2\/product\/22736\/revisions"}],"predecessor-version":[{"id":22743,"href":"https:\/\/www.karinibutiik.ee\/lt\/wp-json\/wp\/v2\/product\/22736\/revisions\/22743"}],"wp:featuredmedia":[{"embeddable":true,"href":"https:\/\/www.karinibutiik.ee\/lt\/wp-json\/wp\/v2\/media\/22741"}],"wp:attachment":[{"href":"https:\/\/www.karinibutiik.ee\/lt\/wp-json\/wp\/v2\/media?parent=22736"}],"wp:term":[{"taxonomy":"product_brand","embeddable":true,"href":"https:\/\/www.karinibutiik.ee\/lt\/wp-json\/wp\/v2\/product_brand?post=22736"},{"taxonomy":"product_cat","embeddable":true,"href":"https:\/\/www.karinibutiik.ee\/lt\/wp-json\/wp\/v2\/product_cat?post=22736"},{"taxonomy":"product_tag","embeddable":true,"href":"https:\/\/www.karinibutiik.ee\/lt\/wp-json\/wp\/v2\/product_tag?post=22736"}],"curies":[{"name":"wp","href":"https:\/\/api.w.org\/{rel}","templated":true}]}}