{"id":23039,"date":"2025-07-03T11:16:03","date_gmt":"2025-07-03T08:16:03","guid":{"rendered":"https:\/\/www.karinibutiik.ee\/?post_type=product&#038;p=23039"},"modified":"2026-03-28T10:36:55","modified_gmt":"2026-03-28T08:36:55","slug":"klassikaline-vest-nelja-noobiga","status":"publish","type":"product","link":"https:\/\/www.karinibutiik.ee\/lt\/produktas\/klassikaline-vest-nelja-noobiga\/","title":{"rendered":"Klasikin\u0117 liemen\u0117 su keturiomis sagomis"},"content":{"rendered":"<p data-start=\"258\" data-end=\"690\">Elegantne ja ajatu vest, mis t\u00e4iendab ideaalselt komplekti pintsaku ja p\u00fckstega. Vest kinnitub eest nelja n\u00f6\u00f6biga, pakkudes struktuurset ja klassikalist siluetti. Saadaval kolmes maitsekas toonis \u2013 meresinine, vaarikaroosa ja helebee\u017e. Kahe suurusvaliku \u2013 S\/M ja L\/XL \u2013 t\u00f5ttu sobib erinevatele kehat\u00fc\u00fcpidele. Kanna eraldiseisvalt v\u00f5i kombineeri sama sarja toodetega l\u00e4bim\u00f5eldud v\u00e4limuse saavutamiseks.<\/p>","protected":false},"excerpt":{"rendered":"<p>Elegantne ja ajatu vest, mis t\u00e4iendab ideaalselt komplekti pintsaku ja p\u00fckstega. Vest kinnitub eest nelja n\u00f6\u00f6biga, pakkudes struktuurset ja klassikalist [&hellip;]<\/p>\n","protected":false},"featured_media":22944,"template":"","meta":{"site-sidebar-layout":"default","site-content-layout":"","ast-site-content-layout":"default","site-content-style":"default","site-sidebar-style":"default","ast-global-header-display":"","ast-banner-title-visibility":"","ast-main-header-display":"","ast-hfb-above-header-display":"","ast-hfb-below-header-display":"","ast-hfb-mobile-header-display":"","site-post-title":"","ast-breadcrumbs-content":"","ast-featured-img":"","footer-sml-layout":"","ast-disable-related-posts":"","theme-transparent-header-meta":"default","adv-header-id-meta":"","stick-header-meta":"default","header-above-stick-meta":"","header-main-stick-meta":"","header-below-stick-meta":"","astra-migrate-meta-layouts":"set","ast-page-background-enabled":"default","ast-page-background-meta":{"desktop":{"background-color":"var(--ast-global-color-4)","background-image":"","background-repeat":"repeat","background-position":"center center","background-size":"auto","background-attachment":"scroll","background-type":"","background-media":"","overlay-type":"","overlay-color":"","overlay-opacity":"","overlay-gradient":""},"tablet":{"background-color":"","background-image":"","background-repeat":"repeat","background-position":"center center","background-size":"auto","background-attachment":"scroll","background-type":"","background-media":"","overlay-type":"","overlay-color":"","overlay-opacity":"","overlay-gradient":""},"mobile":{"background-color":"","background-image":"","background-repeat":"repeat","background-position":"center center","background-size":"auto","background-attachment":"scroll","background-type":"","background-media":"","overlay-type":"","overlay-color":"","overlay-opacity":"","overlay-gradient":""}},"ast-content-background-meta":{"desktop":{"background-color":"var(--ast-global-color-5)","background-image":"","background-repeat":"repeat","background-position":"center center","background-size":"auto","background-attachment":"scroll","background-type":"","background-media":"","overlay-type":"","overlay-color":"","overlay-opacity":"","overlay-gradient":""},"tablet":{"background-color":"var(--ast-global-color-5)","background-image":"","background-repeat":"repeat","background-position":"center center","background-size":"auto","background-attachment":"scroll","background-type":"","background-media":"","overlay-type":"","overlay-color":"","overlay-opacity":"","overlay-gradient":""},"mobile":{"background-color":"var(--ast-global-color-5)","background-image":"","background-repeat":"repeat","background-position":"center center","background-size":"auto","background-attachment":"scroll","background-type":"","background-media":"","overlay-type":"","overlay-color":"","overlay-opacity":"","overlay-gradient":""}}},"product_brand":[],"product_cat":[367,385,346,366,352,365],"product_tag":[1531,1559,1522,1528,1290,1561,1557,1563,1564,1565,1521,1556,1560,1562,1558],"class_list":{"0":"post-23039","1":"product","2":"type-product","3":"status-publish","4":"has-post-thumbnail","6":"product_cat-allahindlus","7":"product_cat-joped-tagid-vestid","8":"product_cat-naised","9":"product_cat-pintsakud","10":"product_cat-pluusid-bodid","11":"product_cat-uleriided","12":"product_tag-elegantne-vest","13":"product_tag-helebeez-vest","14":"product_tag-klassikaline-vest","15":"product_tag-komplekti-vest","16":"product_tag-kontoristiil","17":"product_tag-l-xl-vest","18":"product_tag-meresinine-vest","19":"product_tag-minimalistlik-mood","20":"product_tag-moekas-vest","21":"product_tag-naiste-roivakomplekt","22":"product_tag-naiste-vest","23":"product_tag-nelja-noobiga-vest","24":"product_tag-s-m-vest","25":"product_tag-struktuurne-loige","26":"product_tag-vaarikaroosa-vest","27":"desktop-align-center","28":"tablet-align-center","29":"mobile-align-center","30":"ast-product-gallery-layout-horizontal-slider","31":"ast-product-single-variable","32":"ast-product-tabs-layout-horizontal","34":"first","35":"instock","36":"sale","37":"taxable","38":"shipping-taxable","39":"purchasable","40":"product-type-variable"},"supplier_id":null,"supplier_sku":"","barcode":null,"atum_controlled":true,"out_stock_date":null,"out_stock_threshold":null,"inheritable":true,"inbound_stock":null,"stock_on_hold":0,"sold_today":0,"sales_last_days":0,"reserved_stock":0,"customer_returns":null,"warehouse_damage":0,"lost_in_post":null,"other_logs":0,"out_stock_days":0,"lost_sales":0,"has_location":false,"update_date":"2026-03-28T08:36:57","atum_locations":[],"atum_stock_status":"instock","restock_status":false,"low_stock_amount":"","sales_update_date":"2025-12-05T00:00:21","calc_backorders":null,"yoast_head":"<!-- This site is optimized with the Yoast SEO plugin v26.9 - https:\/\/yoast.com\/product\/yoast-seo-wordpress\/ -->\n<title>Klassikaline vest nelja n\u00f6\u00f6biga - Karini Butiik<\/title>\n<meta name=\"description\" content=\"Klassikaline vest nelja n\u00f6\u00f6bi kinnitusega. Saadaval meresinises, vaarikaroosas ja helebee\u017eis toonis. T\u00e4ienda komplekti sama seeria pintsaku ja p\u00fckstega\" \/>\n<meta name=\"robots\" content=\"index, follow, max-snippet:-1, max-image-preview:large, max-video-preview:-1\" \/>\n<link rel=\"canonical\" href=\"https:\/\/www.karinibutiik.ee\/lt\/produktas\/klassikaline-vest-nelja-noobiga\/\" \/>\n<meta property=\"og:locale\" content=\"lt_LT\" \/>\n<meta property=\"og:type\" content=\"article\" \/>\n<meta property=\"og:title\" content=\"Klassikaline vest nelja n\u00f6\u00f6biga - Karini Butiik\" \/>\n<meta property=\"og:description\" content=\"Klassikaline vest nelja n\u00f6\u00f6bi kinnitusega. Saadaval meresinises, vaarikaroosas ja helebee\u017eis toonis. T\u00e4ienda komplekti sama seeria pintsaku ja p\u00fckstega\" \/>\n<meta property=\"og:url\" content=\"https:\/\/www.karinibutiik.ee\/lt\/produktas\/klassikaline-vest-nelja-noobiga\/\" \/>\n<meta property=\"og:site_name\" content=\"Karini Butiik\" \/>\n<meta property=\"article:publisher\" content=\"https:\/\/www.facebook.com\/karinibutiik.ee\" \/>\n<meta property=\"article:modified_time\" content=\"2026-03-28T08:36:55+00:00\" \/>\n<meta property=\"og:image\" content=\"https:\/\/www.karinibutiik.ee\/wp-content\/uploads\/2025\/07\/CD8A8717-3C55-419A-BB57-9670DA73FD30.jpeg\" \/>\n\t<meta property=\"og:image:width\" content=\"767\" \/>\n\t<meta property=\"og:image:height\" content=\"916\" \/>\n\t<meta property=\"og:image:type\" content=\"image\/jpeg\" \/>\n<meta name=\"twitter:card\" content=\"summary_large_image\" \/>\n<meta name=\"twitter:label1\" content=\"Availability\" \/>\n\t<meta name=\"twitter:data1\" content=\"In stock\" \/>\n<script type=\"application\/ld+json\" class=\"yoast-schema-graph\">{\"@context\":\"https:\/\/schema.org\",\"@graph\":[{\"@type\":\"WebPage\",\"@id\":\"https:\/\/www.karinibutiik.ee\/toode\/klassikaline-vest-nelja-noobiga\/\",\"url\":\"https:\/\/www.karinibutiik.ee\/toode\/klassikaline-vest-nelja-noobiga\/\",\"name\":\"Klassikaline vest nelja n\u00f6\u00f6biga - Karini Butiik\",\"isPartOf\":{\"@id\":\"https:\/\/www.karinibutiik.ee\/#website\"},\"primaryImageOfPage\":{\"@id\":\"https:\/\/www.karinibutiik.ee\/toode\/klassikaline-vest-nelja-noobiga\/#primaryimage\"},\"image\":{\"@id\":\"https:\/\/www.karinibutiik.ee\/toode\/klassikaline-vest-nelja-noobiga\/#primaryimage\"},\"thumbnailUrl\":\"https:\/\/www.karinibutiik.ee\/wp-content\/uploads\/2025\/07\/CD8A8717-3C55-419A-BB57-9670DA73FD30.jpeg\",\"datePublished\":\"2025-07-03T08:16:03+00:00\",\"dateModified\":\"2026-03-28T08:36:55+00:00\",\"description\":\"Klassikaline vest nelja n\u00f6\u00f6bi kinnitusega. Saadaval meresinises, vaarikaroosas ja helebee\u017eis toonis. T\u00e4ienda komplekti sama seeria pintsaku ja p\u00fckstega\",\"breadcrumb\":{\"@id\":\"https:\/\/www.karinibutiik.ee\/toode\/klassikaline-vest-nelja-noobiga\/#breadcrumb\"},\"inLanguage\":\"lt-LT\",\"potentialAction\":[{\"@type\":\"ReadAction\",\"target\":[\"https:\/\/www.karinibutiik.ee\/toode\/klassikaline-vest-nelja-noobiga\/\"]}]},{\"@type\":\"ImageObject\",\"inLanguage\":\"lt-LT\",\"@id\":\"https:\/\/www.karinibutiik.ee\/toode\/klassikaline-vest-nelja-noobiga\/#primaryimage\",\"url\":\"https:\/\/www.karinibutiik.ee\/wp-content\/uploads\/2025\/07\/CD8A8717-3C55-419A-BB57-9670DA73FD30.jpeg\",\"contentUrl\":\"https:\/\/www.karinibutiik.ee\/wp-content\/uploads\/2025\/07\/CD8A8717-3C55-419A-BB57-9670DA73FD30.jpeg\",\"width\":767,\"height\":916},{\"@type\":\"BreadcrumbList\",\"@id\":\"https:\/\/www.karinibutiik.ee\/toode\/klassikaline-vest-nelja-noobiga\/#breadcrumb\",\"itemListElement\":[{\"@type\":\"ListItem\",\"position\":1,\"name\":\"Home\",\"item\":\"https:\/\/www.karinibutiik.ee\/\"},{\"@type\":\"ListItem\",\"position\":2,\"name\":\"Pood\",\"item\":\"https:\/\/www.karinibutiik.ee\/pood\/\"},{\"@type\":\"ListItem\",\"position\":3,\"name\":\"Klassikaline vest nelja n\u00f6\u00f6biga\"}]},{\"@type\":\"WebSite\",\"@id\":\"https:\/\/www.karinibutiik.ee\/#website\",\"url\":\"https:\/\/www.karinibutiik.ee\/\",\"name\":\"Karini Butiik\",\"description\":\"\",\"publisher\":{\"@id\":\"https:\/\/www.karinibutiik.ee\/#organization\"},\"potentialAction\":[{\"@type\":\"SearchAction\",\"target\":{\"@type\":\"EntryPoint\",\"urlTemplate\":\"https:\/\/www.karinibutiik.ee\/?s={search_term_string}\"},\"query-input\":{\"@type\":\"PropertyValueSpecification\",\"valueRequired\":true,\"valueName\":\"search_term_string\"}}],\"inLanguage\":\"lt-LT\"},{\"@type\":\"Organization\",\"@id\":\"https:\/\/www.karinibutiik.ee\/#organization\",\"name\":\"Karini Butiik\",\"url\":\"https:\/\/www.karinibutiik.ee\/\",\"logo\":{\"@type\":\"ImageObject\",\"inLanguage\":\"lt-LT\",\"@id\":\"https:\/\/www.karinibutiik.ee\/#\/schema\/logo\/image\/\",\"url\":\"https:\/\/www.karinibutiik.ee\/wp-content\/uploads\/2024\/10\/Kuj.-K-koopia.png\",\"contentUrl\":\"https:\/\/www.karinibutiik.ee\/wp-content\/uploads\/2024\/10\/Kuj.-K-koopia.png\",\"width\":500,\"height\":500,\"caption\":\"Karini Butiik\"},\"image\":{\"@id\":\"https:\/\/www.karinibutiik.ee\/#\/schema\/logo\/image\/\"},\"sameAs\":[\"https:\/\/www.facebook.com\/karinibutiik.ee\",\"https:\/\/www.instagram.com\/karinibutiik\"]}]}<\/script>\n<meta property=\"og:availability\" content=\"instock\" \/>\n<meta property=\"product:availability\" content=\"instock\" \/>\n<meta property=\"product:retailer_item_id\" content=\"3005\" \/>\n<meta property=\"product:condition\" content=\"new\" \/>\n<!-- \/ Yoast SEO plugin. -->","yoast_head_json":{"title":"Klassikaline vest nelja n\u00f6\u00f6biga - Karini Butiik","description":"Klassikaline vest nelja n\u00f6\u00f6bi kinnitusega. Saadaval meresinises, vaarikaroosas ja helebee\u017eis toonis. T\u00e4ienda komplekti sama seeria pintsaku ja p\u00fckstega","robots":{"index":"index","follow":"follow","max-snippet":"max-snippet:-1","max-image-preview":"max-image-preview:large","max-video-preview":"max-video-preview:-1"},"canonical":"https:\/\/www.karinibutiik.ee\/lt\/produktas\/klassikaline-vest-nelja-noobiga\/","og_locale":"lt_LT","og_type":"article","og_title":"Klassikaline vest nelja n\u00f6\u00f6biga - Karini Butiik","og_description":"Klassikaline vest nelja n\u00f6\u00f6bi kinnitusega. Saadaval meresinises, vaarikaroosas ja helebee\u017eis toonis. T\u00e4ienda komplekti sama seeria pintsaku ja p\u00fckstega","og_url":"https:\/\/www.karinibutiik.ee\/lt\/produktas\/klassikaline-vest-nelja-noobiga\/","og_site_name":"Karini Butiik","article_publisher":"https:\/\/www.facebook.com\/karinibutiik.ee","article_modified_time":"2026-03-28T08:36:55+00:00","og_image":[{"width":767,"height":916,"url":"https:\/\/www.karinibutiik.ee\/wp-content\/uploads\/2025\/07\/CD8A8717-3C55-419A-BB57-9670DA73FD30.jpeg","type":"image\/jpeg"}],"twitter_card":"summary_large_image","twitter_misc":{"Availability":"In stock"},"schema":{"@context":"https:\/\/schema.org","@graph":[{"@type":"WebPage","@id":"https:\/\/www.karinibutiik.ee\/toode\/klassikaline-vest-nelja-noobiga\/","url":"https:\/\/www.karinibutiik.ee\/toode\/klassikaline-vest-nelja-noobiga\/","name":"Klassikaline vest nelja n\u00f6\u00f6biga - Karini Butiik","isPartOf":{"@id":"https:\/\/www.karinibutiik.ee\/#website"},"primaryImageOfPage":{"@id":"https:\/\/www.karinibutiik.ee\/toode\/klassikaline-vest-nelja-noobiga\/#primaryimage"},"image":{"@id":"https:\/\/www.karinibutiik.ee\/toode\/klassikaline-vest-nelja-noobiga\/#primaryimage"},"thumbnailUrl":"https:\/\/www.karinibutiik.ee\/wp-content\/uploads\/2025\/07\/CD8A8717-3C55-419A-BB57-9670DA73FD30.jpeg","datePublished":"2025-07-03T08:16:03+00:00","dateModified":"2026-03-28T08:36:55+00:00","description":"Klassikaline vest nelja n\u00f6\u00f6bi kinnitusega. Saadaval meresinises, vaarikaroosas ja helebee\u017eis toonis. T\u00e4ienda komplekti sama seeria pintsaku ja p\u00fckstega","breadcrumb":{"@id":"https:\/\/www.karinibutiik.ee\/toode\/klassikaline-vest-nelja-noobiga\/#breadcrumb"},"inLanguage":"lt-LT","potentialAction":[{"@type":"ReadAction","target":["https:\/\/www.karinibutiik.ee\/toode\/klassikaline-vest-nelja-noobiga\/"]}]},{"@type":"ImageObject","inLanguage":"lt-LT","@id":"https:\/\/www.karinibutiik.ee\/toode\/klassikaline-vest-nelja-noobiga\/#primaryimage","url":"https:\/\/www.karinibutiik.ee\/wp-content\/uploads\/2025\/07\/CD8A8717-3C55-419A-BB57-9670DA73FD30.jpeg","contentUrl":"https:\/\/www.karinibutiik.ee\/wp-content\/uploads\/2025\/07\/CD8A8717-3C55-419A-BB57-9670DA73FD30.jpeg","width":767,"height":916},{"@type":"BreadcrumbList","@id":"https:\/\/www.karinibutiik.ee\/toode\/klassikaline-vest-nelja-noobiga\/#breadcrumb","itemListElement":[{"@type":"ListItem","position":1,"name":"Home","item":"https:\/\/www.karinibutiik.ee\/"},{"@type":"ListItem","position":2,"name":"Pood","item":"https:\/\/www.karinibutiik.ee\/pood\/"},{"@type":"ListItem","position":3,"name":"Klassikaline vest nelja n\u00f6\u00f6biga"}]},{"@type":"WebSite","@id":"https:\/\/www.karinibutiik.ee\/#website","url":"https:\/\/www.karinibutiik.ee\/","name":"Karini Butiik","description":"","publisher":{"@id":"https:\/\/www.karinibutiik.ee\/#organization"},"potentialAction":[{"@type":"SearchAction","target":{"@type":"EntryPoint","urlTemplate":"https:\/\/www.karinibutiik.ee\/?s={search_term_string}"},"query-input":{"@type":"PropertyValueSpecification","valueRequired":true,"valueName":"search_term_string"}}],"inLanguage":"lt-LT"},{"@type":"Organization","@id":"https:\/\/www.karinibutiik.ee\/#organization","name":"Karini Butiik","url":"https:\/\/www.karinibutiik.ee\/","logo":{"@type":"ImageObject","inLanguage":"lt-LT","@id":"https:\/\/www.karinibutiik.ee\/#\/schema\/logo\/image\/","url":"https:\/\/www.karinibutiik.ee\/wp-content\/uploads\/2024\/10\/Kuj.-K-koopia.png","contentUrl":"https:\/\/www.karinibutiik.ee\/wp-content\/uploads\/2024\/10\/Kuj.-K-koopia.png","width":500,"height":500,"caption":"Karini Butiik"},"image":{"@id":"https:\/\/www.karinibutiik.ee\/#\/schema\/logo\/image\/"},"sameAs":["https:\/\/www.facebook.com\/karinibutiik.ee","https:\/\/www.instagram.com\/karinibutiik"]}]},"og_availability":"instock","product_availability":"instock","product_retailer_item_id":"3005","product_condition":"new"},"_links":{"self":[{"href":"https:\/\/www.karinibutiik.ee\/lt\/wp-json\/wp\/v2\/product\/23039","targetHints":{"allow":["GET"]}}],"collection":[{"href":"https:\/\/www.karinibutiik.ee\/lt\/wp-json\/wp\/v2\/product"}],"about":[{"href":"https:\/\/www.karinibutiik.ee\/lt\/wp-json\/wp\/v2\/types\/product"}],"version-history":[{"count":1,"href":"https:\/\/www.karinibutiik.ee\/lt\/wp-json\/wp\/v2\/product\/23039\/revisions"}],"predecessor-version":[{"id":23046,"href":"https:\/\/www.karinibutiik.ee\/lt\/wp-json\/wp\/v2\/product\/23039\/revisions\/23046"}],"wp:featuredmedia":[{"embeddable":true,"href":"https:\/\/www.karinibutiik.ee\/lt\/wp-json\/wp\/v2\/media\/22944"}],"wp:attachment":[{"href":"https:\/\/www.karinibutiik.ee\/lt\/wp-json\/wp\/v2\/media?parent=23039"}],"wp:term":[{"taxonomy":"product_brand","embeddable":true,"href":"https:\/\/www.karinibutiik.ee\/lt\/wp-json\/wp\/v2\/product_brand?post=23039"},{"taxonomy":"product_cat","embeddable":true,"href":"https:\/\/www.karinibutiik.ee\/lt\/wp-json\/wp\/v2\/product_cat?post=23039"},{"taxonomy":"product_tag","embeddable":true,"href":"https:\/\/www.karinibutiik.ee\/lt\/wp-json\/wp\/v2\/product_tag?post=23039"}],"curies":[{"name":"wp","href":"https:\/\/api.w.org\/{rel}","templated":true}]}}