{"id":23203,"date":"2025-07-07T11:56:50","date_gmt":"2025-07-07T08:56:50","guid":{"rendered":"https:\/\/www.karinibutiik.ee\/?post_type=product&#038;p=23203"},"modified":"2026-03-28T10:38:23","modified_gmt":"2026-03-28T08:38:23","slug":"luhikeste-varrukatega-a-loikeline-kleit-2","status":"publish","type":"product","link":"https:\/\/www.karinibutiik.ee\/lt\/produktas\/luhikeste-varrukatega-a-loikeline-kleit-2\/","title":{"rendered":"A formos suknel\u0117 trumpomis rankov\u0117mis"},"content":{"rendered":"<p>V\u00f5luv ja naiselik A-l\u00f5ikeline kleit, mis k\u00f6idab pilku suure krae ning \u00f5rna lillekaunistusega esiosal. L\u00fchikesed puhvvarrukad lisavad romantilist h\u00f5ngu, samas kui avar l\u00f5ige tagab liikumisvabaduse ja kandmismugavuse. Elegantne ja mitmek\u00fclgne mudel sobib ideaalselt nii pidulikeks s\u00fcndmusteks kui ka kevad- ja suvep\u00e4evadeks. Saadaval kolmes kaunis toonis: heleroosa, klassikaline valge ja \u00f5rn kollakas-bee\u017e. Suurused S, M ja L. Kleidil k\u00fcljel peitelukk.<\/p>","protected":false},"excerpt":{"rendered":"<p>V\u00f5luv ja naiselik A-l\u00f5ikeline kleit, mis k\u00f6idab pilku suure krae ning \u00f5rna lillekaunistusega esiosal. L\u00fchikesed puhvvarrukad lisavad romantilist h\u00f5ngu, samas [&hellip;]<\/p>\n","protected":false},"featured_media":23174,"template":"","meta":{"site-sidebar-layout":"default","site-content-layout":"","ast-site-content-layout":"default","site-content-style":"default","site-sidebar-style":"default","ast-global-header-display":"","ast-banner-title-visibility":"","ast-main-header-display":"","ast-hfb-above-header-display":"","ast-hfb-below-header-display":"","ast-hfb-mobile-header-display":"","site-post-title":"","ast-breadcrumbs-content":"","ast-featured-img":"","footer-sml-layout":"","ast-disable-related-posts":"","theme-transparent-header-meta":"default","adv-header-id-meta":"","stick-header-meta":"default","header-above-stick-meta":"","header-main-stick-meta":"","header-below-stick-meta":"","astra-migrate-meta-layouts":"set","ast-page-background-enabled":"default","ast-page-background-meta":{"desktop":{"background-color":"var(--ast-global-color-4)","background-image":"","background-repeat":"repeat","background-position":"center center","background-size":"auto","background-attachment":"scroll","background-type":"","background-media":"","overlay-type":"","overlay-color":"","overlay-opacity":"","overlay-gradient":""},"tablet":{"background-color":"","background-image":"","background-repeat":"repeat","background-position":"center center","background-size":"auto","background-attachment":"scroll","background-type":"","background-media":"","overlay-type":"","overlay-color":"","overlay-opacity":"","overlay-gradient":""},"mobile":{"background-color":"","background-image":"","background-repeat":"repeat","background-position":"center center","background-size":"auto","background-attachment":"scroll","background-type":"","background-media":"","overlay-type":"","overlay-color":"","overlay-opacity":"","overlay-gradient":""}},"ast-content-background-meta":{"desktop":{"background-color":"var(--ast-global-color-5)","background-image":"","background-repeat":"repeat","background-position":"center center","background-size":"auto","background-attachment":"scroll","background-type":"","background-media":"","overlay-type":"","overlay-color":"","overlay-opacity":"","overlay-gradient":""},"tablet":{"background-color":"var(--ast-global-color-5)","background-image":"","background-repeat":"repeat","background-position":"center center","background-size":"auto","background-attachment":"scroll","background-type":"","background-media":"","overlay-type":"","overlay-color":"","overlay-opacity":"","overlay-gradient":""},"mobile":{"background-color":"var(--ast-global-color-5)","background-image":"","background-repeat":"repeat","background-position":"center center","background-size":"auto","background-attachment":"scroll","background-type":"","background-media":"","overlay-type":"","overlay-color":"","overlay-opacity":"","overlay-gradient":""}}},"product_brand":[],"product_cat":[346,347,364],"product_tag":[1621,908,1169,501,1598,1615,1614,1613,1619,1620,662,1625,1593,1624,1623,738,1622,1430,505,503,506],"class_list":{"0":"post-23203","1":"product","2":"type-product","3":"status-publish","4":"has-post-thumbnail","6":"product_cat-naised","7":"product_cat-kleidid","8":"product_cat-minikleidid","9":"product_tag-a-loikeline-kleit","10":"product_tag-beez-kleit","11":"product_tag-elegantne-kleit","12":"product_tag-karini-butiik","13":"product_tag-kevadkleit","14":"product_tag-kleit-suurus-l","15":"product_tag-kleit-suurus-m","16":"product_tag-kleit-suurus-s","17":"product_tag-kraega-kleit","18":"product_tag-lillekaunistusega-kleit","19":"product_tag-luhikeste-varrukatega-kleit","20":"product_tag-naiselik-stiil","21":"product_tag-naiste-kleit","22":"product_tag-paevakleit","23":"product_tag-pastelne-kleit","24":"product_tag-pidulik-kleit","25":"product_tag-puhvvarrukatega-kleit","26":"product_tag-romantiline-kleit","27":"product_tag-roosa-kleit","28":"product_tag-suvekleit","29":"product_tag-valge-kleit","30":"desktop-align-center","31":"tablet-align-center","32":"mobile-align-center","33":"ast-product-gallery-layout-horizontal-slider","34":"ast-product-single-variable","35":"ast-product-tabs-layout-horizontal","37":"first","38":"instock","39":"taxable","40":"shipping-taxable","41":"purchasable","42":"product-type-variable"},"supplier_id":null,"supplier_sku":"","barcode":null,"atum_controlled":true,"out_stock_date":null,"out_stock_threshold":null,"inheritable":true,"inbound_stock":null,"stock_on_hold":0,"sold_today":0,"sales_last_days":0,"reserved_stock":0,"customer_returns":null,"warehouse_damage":0,"lost_in_post":null,"other_logs":0,"out_stock_days":0,"lost_sales":0,"has_location":false,"update_date":"2026-03-28T08:38:24","atum_locations":[],"atum_stock_status":"instock","restock_status":false,"low_stock_amount":"","sales_update_date":"2025-12-05T13:29:58","calc_backorders":null,"yoast_head":"<!-- This site is optimized with the Yoast SEO plugin v26.9 - https:\/\/yoast.com\/product\/yoast-seo-wordpress\/ -->\n<title>L\u00fchikeste varrukatega A-l\u00f5ikeline kleit - Karini Butiik<\/title>\n<meta name=\"description\" content=\"Romantiline A-l\u00f5ikeline kleit suure krae ja lillekaunistusega. Saadaval roosa, valge ja kollaka bee\u017ei toonina. T\u00e4iuslik valik kevadeks ja suveks!\" \/>\n<meta name=\"robots\" content=\"index, follow, max-snippet:-1, max-image-preview:large, max-video-preview:-1\" \/>\n<link rel=\"canonical\" href=\"https:\/\/www.karinibutiik.ee\/lt\/produktas\/luhikeste-varrukatega-a-loikeline-kleit-2\/\" \/>\n<meta property=\"og:locale\" content=\"lt_LT\" \/>\n<meta property=\"og:type\" content=\"article\" \/>\n<meta property=\"og:title\" content=\"L\u00fchikeste varrukatega A-l\u00f5ikeline kleit - Karini Butiik\" \/>\n<meta property=\"og:description\" content=\"Romantiline A-l\u00f5ikeline kleit suure krae ja lillekaunistusega. Saadaval roosa, valge ja kollaka bee\u017ei toonina. T\u00e4iuslik valik kevadeks ja suveks!\" \/>\n<meta property=\"og:url\" content=\"https:\/\/www.karinibutiik.ee\/lt\/produktas\/luhikeste-varrukatega-a-loikeline-kleit-2\/\" \/>\n<meta property=\"og:site_name\" content=\"Karini Butiik\" \/>\n<meta property=\"article:publisher\" content=\"https:\/\/www.facebook.com\/karinibutiik.ee\" \/>\n<meta property=\"article:modified_time\" content=\"2026-03-28T08:38:23+00:00\" \/>\n<meta property=\"og:image\" content=\"https:\/\/www.karinibutiik.ee\/wp-content\/uploads\/2025\/07\/8DEA5356-174F-4C72-9D74-F58335517CB4-scaled.jpeg\" \/>\n\t<meta property=\"og:image:width\" content=\"1967\" \/>\n\t<meta property=\"og:image:height\" content=\"2560\" \/>\n\t<meta property=\"og:image:type\" content=\"image\/jpeg\" \/>\n<meta name=\"twitter:card\" content=\"summary_large_image\" \/>\n<meta name=\"twitter:label1\" content=\"Availability\" \/>\n\t<meta name=\"twitter:data1\" content=\"In stock\" \/>\n<script type=\"application\/ld+json\" class=\"yoast-schema-graph\">{\"@context\":\"https:\/\/schema.org\",\"@graph\":[{\"@type\":\"WebPage\",\"@id\":\"https:\/\/www.karinibutiik.ee\/toode\/luhikeste-varrukatega-a-loikeline-kleit-2\/\",\"url\":\"https:\/\/www.karinibutiik.ee\/toode\/luhikeste-varrukatega-a-loikeline-kleit-2\/\",\"name\":\"L\u00fchikeste varrukatega A-l\u00f5ikeline kleit - Karini Butiik\",\"isPartOf\":{\"@id\":\"https:\/\/www.karinibutiik.ee\/#website\"},\"primaryImageOfPage\":{\"@id\":\"https:\/\/www.karinibutiik.ee\/toode\/luhikeste-varrukatega-a-loikeline-kleit-2\/#primaryimage\"},\"image\":{\"@id\":\"https:\/\/www.karinibutiik.ee\/toode\/luhikeste-varrukatega-a-loikeline-kleit-2\/#primaryimage\"},\"thumbnailUrl\":\"https:\/\/www.karinibutiik.ee\/wp-content\/uploads\/2025\/07\/8DEA5356-174F-4C72-9D74-F58335517CB4-scaled.jpeg\",\"datePublished\":\"2025-07-07T08:56:50+00:00\",\"dateModified\":\"2026-03-28T08:38:23+00:00\",\"description\":\"Romantiline A-l\u00f5ikeline kleit suure krae ja lillekaunistusega. Saadaval roosa, valge ja kollaka bee\u017ei toonina. T\u00e4iuslik valik kevadeks ja suveks!\",\"breadcrumb\":{\"@id\":\"https:\/\/www.karinibutiik.ee\/toode\/luhikeste-varrukatega-a-loikeline-kleit-2\/#breadcrumb\"},\"inLanguage\":\"lt-LT\",\"potentialAction\":[{\"@type\":\"ReadAction\",\"target\":[\"https:\/\/www.karinibutiik.ee\/toode\/luhikeste-varrukatega-a-loikeline-kleit-2\/\"]}]},{\"@type\":\"ImageObject\",\"inLanguage\":\"lt-LT\",\"@id\":\"https:\/\/www.karinibutiik.ee\/toode\/luhikeste-varrukatega-a-loikeline-kleit-2\/#primaryimage\",\"url\":\"https:\/\/www.karinibutiik.ee\/wp-content\/uploads\/2025\/07\/8DEA5356-174F-4C72-9D74-F58335517CB4-scaled.jpeg\",\"contentUrl\":\"https:\/\/www.karinibutiik.ee\/wp-content\/uploads\/2025\/07\/8DEA5356-174F-4C72-9D74-F58335517CB4-scaled.jpeg\",\"width\":1967,\"height\":2560},{\"@type\":\"BreadcrumbList\",\"@id\":\"https:\/\/www.karinibutiik.ee\/toode\/luhikeste-varrukatega-a-loikeline-kleit-2\/#breadcrumb\",\"itemListElement\":[{\"@type\":\"ListItem\",\"position\":1,\"name\":\"Home\",\"item\":\"https:\/\/www.karinibutiik.ee\/\"},{\"@type\":\"ListItem\",\"position\":2,\"name\":\"Pood\",\"item\":\"https:\/\/www.karinibutiik.ee\/pood\/\"},{\"@type\":\"ListItem\",\"position\":3,\"name\":\"L\u00fchikeste varrukatega A-l\u00f5ikeline kleit\"}]},{\"@type\":\"WebSite\",\"@id\":\"https:\/\/www.karinibutiik.ee\/#website\",\"url\":\"https:\/\/www.karinibutiik.ee\/\",\"name\":\"Karini Butiik\",\"description\":\"\",\"publisher\":{\"@id\":\"https:\/\/www.karinibutiik.ee\/#organization\"},\"potentialAction\":[{\"@type\":\"SearchAction\",\"target\":{\"@type\":\"EntryPoint\",\"urlTemplate\":\"https:\/\/www.karinibutiik.ee\/?s={search_term_string}\"},\"query-input\":{\"@type\":\"PropertyValueSpecification\",\"valueRequired\":true,\"valueName\":\"search_term_string\"}}],\"inLanguage\":\"lt-LT\"},{\"@type\":\"Organization\",\"@id\":\"https:\/\/www.karinibutiik.ee\/#organization\",\"name\":\"Karini Butiik\",\"url\":\"https:\/\/www.karinibutiik.ee\/\",\"logo\":{\"@type\":\"ImageObject\",\"inLanguage\":\"lt-LT\",\"@id\":\"https:\/\/www.karinibutiik.ee\/#\/schema\/logo\/image\/\",\"url\":\"https:\/\/www.karinibutiik.ee\/wp-content\/uploads\/2024\/10\/Kuj.-K-koopia.png\",\"contentUrl\":\"https:\/\/www.karinibutiik.ee\/wp-content\/uploads\/2024\/10\/Kuj.-K-koopia.png\",\"width\":500,\"height\":500,\"caption\":\"Karini Butiik\"},\"image\":{\"@id\":\"https:\/\/www.karinibutiik.ee\/#\/schema\/logo\/image\/\"},\"sameAs\":[\"https:\/\/www.facebook.com\/karinibutiik.ee\",\"https:\/\/www.instagram.com\/karinibutiik\"]}]}<\/script>\n<meta property=\"og:availability\" content=\"instock\" \/>\n<meta property=\"product:availability\" content=\"instock\" \/>\n<meta property=\"product:retailer_item_id\" content=\"24448\" \/>\n<meta property=\"product:condition\" content=\"new\" \/>\n<!-- \/ Yoast SEO plugin. -->","yoast_head_json":{"title":"L\u00fchikeste varrukatega A-l\u00f5ikeline kleit - Karini Butiik","description":"Romantiline A-l\u00f5ikeline kleit suure krae ja lillekaunistusega. Saadaval roosa, valge ja kollaka bee\u017ei toonina. T\u00e4iuslik valik kevadeks ja suveks!","robots":{"index":"index","follow":"follow","max-snippet":"max-snippet:-1","max-image-preview":"max-image-preview:large","max-video-preview":"max-video-preview:-1"},"canonical":"https:\/\/www.karinibutiik.ee\/lt\/produktas\/luhikeste-varrukatega-a-loikeline-kleit-2\/","og_locale":"lt_LT","og_type":"article","og_title":"L\u00fchikeste varrukatega A-l\u00f5ikeline kleit - Karini Butiik","og_description":"Romantiline A-l\u00f5ikeline kleit suure krae ja lillekaunistusega. Saadaval roosa, valge ja kollaka bee\u017ei toonina. T\u00e4iuslik valik kevadeks ja suveks!","og_url":"https:\/\/www.karinibutiik.ee\/lt\/produktas\/luhikeste-varrukatega-a-loikeline-kleit-2\/","og_site_name":"Karini Butiik","article_publisher":"https:\/\/www.facebook.com\/karinibutiik.ee","article_modified_time":"2026-03-28T08:38:23+00:00","og_image":[{"width":1967,"height":2560,"url":"https:\/\/www.karinibutiik.ee\/wp-content\/uploads\/2025\/07\/8DEA5356-174F-4C72-9D74-F58335517CB4-scaled.jpeg","type":"image\/jpeg"}],"twitter_card":"summary_large_image","twitter_misc":{"Availability":"In stock"},"schema":{"@context":"https:\/\/schema.org","@graph":[{"@type":"WebPage","@id":"https:\/\/www.karinibutiik.ee\/toode\/luhikeste-varrukatega-a-loikeline-kleit-2\/","url":"https:\/\/www.karinibutiik.ee\/toode\/luhikeste-varrukatega-a-loikeline-kleit-2\/","name":"L\u00fchikeste varrukatega A-l\u00f5ikeline kleit - Karini Butiik","isPartOf":{"@id":"https:\/\/www.karinibutiik.ee\/#website"},"primaryImageOfPage":{"@id":"https:\/\/www.karinibutiik.ee\/toode\/luhikeste-varrukatega-a-loikeline-kleit-2\/#primaryimage"},"image":{"@id":"https:\/\/www.karinibutiik.ee\/toode\/luhikeste-varrukatega-a-loikeline-kleit-2\/#primaryimage"},"thumbnailUrl":"https:\/\/www.karinibutiik.ee\/wp-content\/uploads\/2025\/07\/8DEA5356-174F-4C72-9D74-F58335517CB4-scaled.jpeg","datePublished":"2025-07-07T08:56:50+00:00","dateModified":"2026-03-28T08:38:23+00:00","description":"Romantiline A-l\u00f5ikeline kleit suure krae ja lillekaunistusega. Saadaval roosa, valge ja kollaka bee\u017ei toonina. T\u00e4iuslik valik kevadeks ja suveks!","breadcrumb":{"@id":"https:\/\/www.karinibutiik.ee\/toode\/luhikeste-varrukatega-a-loikeline-kleit-2\/#breadcrumb"},"inLanguage":"lt-LT","potentialAction":[{"@type":"ReadAction","target":["https:\/\/www.karinibutiik.ee\/toode\/luhikeste-varrukatega-a-loikeline-kleit-2\/"]}]},{"@type":"ImageObject","inLanguage":"lt-LT","@id":"https:\/\/www.karinibutiik.ee\/toode\/luhikeste-varrukatega-a-loikeline-kleit-2\/#primaryimage","url":"https:\/\/www.karinibutiik.ee\/wp-content\/uploads\/2025\/07\/8DEA5356-174F-4C72-9D74-F58335517CB4-scaled.jpeg","contentUrl":"https:\/\/www.karinibutiik.ee\/wp-content\/uploads\/2025\/07\/8DEA5356-174F-4C72-9D74-F58335517CB4-scaled.jpeg","width":1967,"height":2560},{"@type":"BreadcrumbList","@id":"https:\/\/www.karinibutiik.ee\/toode\/luhikeste-varrukatega-a-loikeline-kleit-2\/#breadcrumb","itemListElement":[{"@type":"ListItem","position":1,"name":"Home","item":"https:\/\/www.karinibutiik.ee\/"},{"@type":"ListItem","position":2,"name":"Pood","item":"https:\/\/www.karinibutiik.ee\/pood\/"},{"@type":"ListItem","position":3,"name":"L\u00fchikeste varrukatega A-l\u00f5ikeline kleit"}]},{"@type":"WebSite","@id":"https:\/\/www.karinibutiik.ee\/#website","url":"https:\/\/www.karinibutiik.ee\/","name":"Karini Butiik","description":"","publisher":{"@id":"https:\/\/www.karinibutiik.ee\/#organization"},"potentialAction":[{"@type":"SearchAction","target":{"@type":"EntryPoint","urlTemplate":"https:\/\/www.karinibutiik.ee\/?s={search_term_string}"},"query-input":{"@type":"PropertyValueSpecification","valueRequired":true,"valueName":"search_term_string"}}],"inLanguage":"lt-LT"},{"@type":"Organization","@id":"https:\/\/www.karinibutiik.ee\/#organization","name":"Karini Butiik","url":"https:\/\/www.karinibutiik.ee\/","logo":{"@type":"ImageObject","inLanguage":"lt-LT","@id":"https:\/\/www.karinibutiik.ee\/#\/schema\/logo\/image\/","url":"https:\/\/www.karinibutiik.ee\/wp-content\/uploads\/2024\/10\/Kuj.-K-koopia.png","contentUrl":"https:\/\/www.karinibutiik.ee\/wp-content\/uploads\/2024\/10\/Kuj.-K-koopia.png","width":500,"height":500,"caption":"Karini Butiik"},"image":{"@id":"https:\/\/www.karinibutiik.ee\/#\/schema\/logo\/image\/"},"sameAs":["https:\/\/www.facebook.com\/karinibutiik.ee","https:\/\/www.instagram.com\/karinibutiik"]}]},"og_availability":"instock","product_availability":"instock","product_retailer_item_id":"24448","product_condition":"new"},"_links":{"self":[{"href":"https:\/\/www.karinibutiik.ee\/lt\/wp-json\/wp\/v2\/product\/23203","targetHints":{"allow":["GET"]}}],"collection":[{"href":"https:\/\/www.karinibutiik.ee\/lt\/wp-json\/wp\/v2\/product"}],"about":[{"href":"https:\/\/www.karinibutiik.ee\/lt\/wp-json\/wp\/v2\/types\/product"}],"version-history":[{"count":1,"href":"https:\/\/www.karinibutiik.ee\/lt\/wp-json\/wp\/v2\/product\/23203\/revisions"}],"predecessor-version":[{"id":23213,"href":"https:\/\/www.karinibutiik.ee\/lt\/wp-json\/wp\/v2\/product\/23203\/revisions\/23213"}],"wp:featuredmedia":[{"embeddable":true,"href":"https:\/\/www.karinibutiik.ee\/lt\/wp-json\/wp\/v2\/media\/23174"}],"wp:attachment":[{"href":"https:\/\/www.karinibutiik.ee\/lt\/wp-json\/wp\/v2\/media?parent=23203"}],"wp:term":[{"taxonomy":"product_brand","embeddable":true,"href":"https:\/\/www.karinibutiik.ee\/lt\/wp-json\/wp\/v2\/product_brand?post=23203"},{"taxonomy":"product_cat","embeddable":true,"href":"https:\/\/www.karinibutiik.ee\/lt\/wp-json\/wp\/v2\/product_cat?post=23203"},{"taxonomy":"product_tag","embeddable":true,"href":"https:\/\/www.karinibutiik.ee\/lt\/wp-json\/wp\/v2\/product_tag?post=23203"}],"curies":[{"name":"wp","href":"https:\/\/api.w.org\/{rel}","templated":true}]}}