{"id":23258,"date":"2025-07-07T13:54:22","date_gmt":"2025-07-07T10:54:22","guid":{"rendered":"https:\/\/www.karinibutiik.ee\/?post_type=product&#038;p=23258"},"modified":"2026-03-28T10:39:23","modified_gmt":"2026-03-28T08:39:23","slug":"olapaelteta-bodi","status":"publish","type":"product","link":"https:\/\/www.karinibutiik.ee\/lt\/produktas\/olapaelteta-bodi\/","title":{"rendered":"bodis be petne\u0161\u0117li\u0173"},"content":{"rendered":"<p>Stiilne ja naiselik \u00f5lapaelteta bodi, mille esiosa on kaunistatud peente kroogetega, tuues esile figuuri ja lisades siluetti naiselikkust. Valmistatud kergelt libedast, venivast ja kehas\u00f5bralikust materjalist, mis sobitub suurep\u00e4raselt erinevate r\u00f5ivaste alla v\u00f5i iseseisvaks kandmiseks. Ideaalne valik nii pidulikumateks hetkedeks kui ka moekaks igap\u00e4evaseks outfitiks. Saadaval viies klassikalises ja trendikas v\u00e4rvitoonis: kollane, valge, must, punane ja helebee\u017e. Suurused S, M ja L.<br data-start=\"646\" data-end=\"649\" \/>Koostis: 87% pol\u00fcamiid, 13% spandex.<\/p>","protected":false},"excerpt":{"rendered":"<p>Stiilne ja naiselik \u00f5lapaelteta bodi, mille esiosa on kaunistatud peente kroogetega, tuues esile figuuri ja lisades siluetti naiselikkust. Valmistatud kergelt [&hellip;]<\/p>\n","protected":false},"featured_media":23159,"template":"","meta":{"site-sidebar-layout":"default","site-content-layout":"","ast-site-content-layout":"default","site-content-style":"default","site-sidebar-style":"default","ast-global-header-display":"","ast-banner-title-visibility":"","ast-main-header-display":"","ast-hfb-above-header-display":"","ast-hfb-below-header-display":"","ast-hfb-mobile-header-display":"","site-post-title":"","ast-breadcrumbs-content":"","ast-featured-img":"","footer-sml-layout":"","ast-disable-related-posts":"","theme-transparent-header-meta":"default","adv-header-id-meta":"","stick-header-meta":"default","header-above-stick-meta":"","header-main-stick-meta":"","header-below-stick-meta":"","astra-migrate-meta-layouts":"set","ast-page-background-enabled":"default","ast-page-background-meta":{"desktop":{"background-color":"var(--ast-global-color-4)","background-image":"","background-repeat":"repeat","background-position":"center center","background-size":"auto","background-attachment":"scroll","background-type":"","background-media":"","overlay-type":"","overlay-color":"","overlay-opacity":"","overlay-gradient":""},"tablet":{"background-color":"","background-image":"","background-repeat":"repeat","background-position":"center center","background-size":"auto","background-attachment":"scroll","background-type":"","background-media":"","overlay-type":"","overlay-color":"","overlay-opacity":"","overlay-gradient":""},"mobile":{"background-color":"","background-image":"","background-repeat":"repeat","background-position":"center center","background-size":"auto","background-attachment":"scroll","background-type":"","background-media":"","overlay-type":"","overlay-color":"","overlay-opacity":"","overlay-gradient":""}},"ast-content-background-meta":{"desktop":{"background-color":"var(--ast-global-color-5)","background-image":"","background-repeat":"repeat","background-position":"center center","background-size":"auto","background-attachment":"scroll","background-type":"","background-media":"","overlay-type":"","overlay-color":"","overlay-opacity":"","overlay-gradient":""},"tablet":{"background-color":"var(--ast-global-color-5)","background-image":"","background-repeat":"repeat","background-position":"center center","background-size":"auto","background-attachment":"scroll","background-type":"","background-media":"","overlay-type":"","overlay-color":"","overlay-opacity":"","overlay-gradient":""},"mobile":{"background-color":"var(--ast-global-color-5)","background-image":"","background-repeat":"repeat","background-position":"center center","background-size":"auto","background-attachment":"scroll","background-type":"","background-media":"","overlay-type":"","overlay-color":"","overlay-opacity":"","overlay-gradient":""}}},"product_brand":[],"product_cat":[381,346,352],"product_tag":[1666,1665,1664,1662,1667,1660,501,1661,1658,1652,1655,1668,1105,1499,1651,1653,1657,1659,1656,1663,1494,1654],"class_list":{"0":"post-23258","1":"product","2":"type-product","3":"status-publish","4":"has-post-thumbnail","6":"product_cat-bodid","7":"product_cat-naised","8":"product_cat-pluusid-bodid","9":"product_tag-body-suurus-l","10":"product_tag-body-suurus-m","11":"product_tag-body-suurus-s","12":"product_tag-elegantne-bodi","13":"product_tag-figuuri-rohutav-bodi","14":"product_tag-helebeez-bodi","15":"product_tag-karini-butiik","16":"product_tag-kehasse-istuv-bodi","17":"product_tag-kollane-bodi","18":"product_tag-kroogitud-bodi","19":"product_tag-libe-materjal","20":"product_tag-moekas-bodi","21":"product_tag-must-bodi","22":"product_tag-naiste-bodi","23":"product_tag-olapaelteta-bodi","24":"product_tag-pidulik-bodi","25":"product_tag-poluamiid-bodi","26":"product_tag-punane-bodi","27":"product_tag-spandex-bodi","28":"product_tag-suvine-bodi","29":"product_tag-valge-bodi","30":"product_tag-veniv-bodi","31":"desktop-align-center","32":"tablet-align-center","33":"mobile-align-center","34":"ast-product-gallery-layout-horizontal-slider","35":"ast-product-single-variable","36":"ast-product-tabs-layout-horizontal","38":"first","39":"instock","40":"taxable","41":"shipping-taxable","42":"purchasable","43":"product-type-variable"},"supplier_id":null,"supplier_sku":"","barcode":null,"atum_controlled":true,"out_stock_date":null,"out_stock_threshold":null,"inheritable":true,"inbound_stock":null,"stock_on_hold":0,"sold_today":0,"sales_last_days":0,"reserved_stock":0,"customer_returns":null,"warehouse_damage":0,"lost_in_post":null,"other_logs":0,"out_stock_days":0,"lost_sales":0,"has_location":false,"update_date":"2026-03-28T08:39:25","atum_locations":[],"atum_stock_status":"instock","restock_status":false,"low_stock_amount":"","sales_update_date":"2025-12-04T01:26:46","calc_backorders":null,"yoast_head":"<!-- This site is optimized with the Yoast SEO plugin v26.9 - https:\/\/yoast.com\/product\/yoast-seo-wordpress\/ -->\n<title>\u00f5lapaelteta bodi - Karini Butiik<\/title>\n<meta name=\"description\" content=\"\u00d5lapaelteta kroogitud esiosaga bodi. Veniv ja libe materjal tagab mugavuse. Saadaval 5 v\u00e4rvitoonis. T\u00e4iuslik nii pidulikuks kui igap\u00e4evaseks kandmiseks.\" \/>\n<meta name=\"robots\" content=\"index, follow, max-snippet:-1, max-image-preview:large, max-video-preview:-1\" \/>\n<link rel=\"canonical\" href=\"https:\/\/www.karinibutiik.ee\/lt\/produktas\/olapaelteta-bodi\/\" \/>\n<meta property=\"og:locale\" content=\"lt_LT\" \/>\n<meta property=\"og:type\" content=\"article\" \/>\n<meta property=\"og:title\" content=\"\u00f5lapaelteta bodi - Karini Butiik\" \/>\n<meta property=\"og:description\" content=\"\u00d5lapaelteta kroogitud esiosaga bodi. Veniv ja libe materjal tagab mugavuse. Saadaval 5 v\u00e4rvitoonis. T\u00e4iuslik nii pidulikuks kui igap\u00e4evaseks kandmiseks.\" \/>\n<meta property=\"og:url\" content=\"https:\/\/www.karinibutiik.ee\/lt\/produktas\/olapaelteta-bodi\/\" \/>\n<meta property=\"og:site_name\" content=\"Karini Butiik\" \/>\n<meta property=\"article:publisher\" content=\"https:\/\/www.facebook.com\/karinibutiik.ee\" \/>\n<meta property=\"article:modified_time\" content=\"2026-03-28T08:39:23+00:00\" \/>\n<meta property=\"og:image\" content=\"https:\/\/www.karinibutiik.ee\/wp-content\/uploads\/2025\/07\/749792D8-AD09-44B5-9A09-AC56E993D356.jpeg\" \/>\n\t<meta property=\"og:image:width\" content=\"706\" \/>\n\t<meta property=\"og:image:height\" content=\"907\" \/>\n\t<meta property=\"og:image:type\" content=\"image\/jpeg\" \/>\n<meta name=\"twitter:card\" content=\"summary_large_image\" \/>\n<meta name=\"twitter:label1\" content=\"Availability\" \/>\n\t<meta name=\"twitter:data1\" content=\"In stock\" \/>\n<script type=\"application\/ld+json\" class=\"yoast-schema-graph\">{\"@context\":\"https:\/\/schema.org\",\"@graph\":[{\"@type\":\"WebPage\",\"@id\":\"https:\/\/www.karinibutiik.ee\/toode\/olapaelteta-bodi\/\",\"url\":\"https:\/\/www.karinibutiik.ee\/toode\/olapaelteta-bodi\/\",\"name\":\"\u00f5lapaelteta bodi - Karini Butiik\",\"isPartOf\":{\"@id\":\"https:\/\/www.karinibutiik.ee\/#website\"},\"primaryImageOfPage\":{\"@id\":\"https:\/\/www.karinibutiik.ee\/toode\/olapaelteta-bodi\/#primaryimage\"},\"image\":{\"@id\":\"https:\/\/www.karinibutiik.ee\/toode\/olapaelteta-bodi\/#primaryimage\"},\"thumbnailUrl\":\"https:\/\/www.karinibutiik.ee\/wp-content\/uploads\/2025\/07\/749792D8-AD09-44B5-9A09-AC56E993D356.jpeg\",\"datePublished\":\"2025-07-07T10:54:22+00:00\",\"dateModified\":\"2026-03-28T08:39:23+00:00\",\"description\":\"\u00d5lapaelteta kroogitud esiosaga bodi. Veniv ja libe materjal tagab mugavuse. Saadaval 5 v\u00e4rvitoonis. T\u00e4iuslik nii pidulikuks kui igap\u00e4evaseks kandmiseks.\",\"breadcrumb\":{\"@id\":\"https:\/\/www.karinibutiik.ee\/toode\/olapaelteta-bodi\/#breadcrumb\"},\"inLanguage\":\"lt-LT\",\"potentialAction\":[{\"@type\":\"ReadAction\",\"target\":[\"https:\/\/www.karinibutiik.ee\/toode\/olapaelteta-bodi\/\"]}]},{\"@type\":\"ImageObject\",\"inLanguage\":\"lt-LT\",\"@id\":\"https:\/\/www.karinibutiik.ee\/toode\/olapaelteta-bodi\/#primaryimage\",\"url\":\"https:\/\/www.karinibutiik.ee\/wp-content\/uploads\/2025\/07\/749792D8-AD09-44B5-9A09-AC56E993D356.jpeg\",\"contentUrl\":\"https:\/\/www.karinibutiik.ee\/wp-content\/uploads\/2025\/07\/749792D8-AD09-44B5-9A09-AC56E993D356.jpeg\",\"width\":706,\"height\":907},{\"@type\":\"BreadcrumbList\",\"@id\":\"https:\/\/www.karinibutiik.ee\/toode\/olapaelteta-bodi\/#breadcrumb\",\"itemListElement\":[{\"@type\":\"ListItem\",\"position\":1,\"name\":\"Home\",\"item\":\"https:\/\/www.karinibutiik.ee\/\"},{\"@type\":\"ListItem\",\"position\":2,\"name\":\"Pood\",\"item\":\"https:\/\/www.karinibutiik.ee\/pood\/\"},{\"@type\":\"ListItem\",\"position\":3,\"name\":\"\u00f5lapaelteta bodi\"}]},{\"@type\":\"WebSite\",\"@id\":\"https:\/\/www.karinibutiik.ee\/#website\",\"url\":\"https:\/\/www.karinibutiik.ee\/\",\"name\":\"Karini Butiik\",\"description\":\"\",\"publisher\":{\"@id\":\"https:\/\/www.karinibutiik.ee\/#organization\"},\"potentialAction\":[{\"@type\":\"SearchAction\",\"target\":{\"@type\":\"EntryPoint\",\"urlTemplate\":\"https:\/\/www.karinibutiik.ee\/?s={search_term_string}\"},\"query-input\":{\"@type\":\"PropertyValueSpecification\",\"valueRequired\":true,\"valueName\":\"search_term_string\"}}],\"inLanguage\":\"lt-LT\"},{\"@type\":\"Organization\",\"@id\":\"https:\/\/www.karinibutiik.ee\/#organization\",\"name\":\"Karini Butiik\",\"url\":\"https:\/\/www.karinibutiik.ee\/\",\"logo\":{\"@type\":\"ImageObject\",\"inLanguage\":\"lt-LT\",\"@id\":\"https:\/\/www.karinibutiik.ee\/#\/schema\/logo\/image\/\",\"url\":\"https:\/\/www.karinibutiik.ee\/wp-content\/uploads\/2024\/10\/Kuj.-K-koopia.png\",\"contentUrl\":\"https:\/\/www.karinibutiik.ee\/wp-content\/uploads\/2024\/10\/Kuj.-K-koopia.png\",\"width\":500,\"height\":500,\"caption\":\"Karini Butiik\"},\"image\":{\"@id\":\"https:\/\/www.karinibutiik.ee\/#\/schema\/logo\/image\/\"},\"sameAs\":[\"https:\/\/www.facebook.com\/karinibutiik.ee\",\"https:\/\/www.instagram.com\/karinibutiik\"]}]}<\/script>\n<meta property=\"og:availability\" content=\"instock\" \/>\n<meta property=\"product:availability\" content=\"instock\" \/>\n<meta property=\"product:retailer_item_id\" content=\"1650\" \/>\n<meta property=\"product:condition\" content=\"new\" \/>\n<!-- \/ Yoast SEO plugin. -->","yoast_head_json":{"title":"\u00f5lapaelteta bodi - Karini Butiik","description":"\u00d5lapaelteta kroogitud esiosaga bodi. Veniv ja libe materjal tagab mugavuse. Saadaval 5 v\u00e4rvitoonis. T\u00e4iuslik nii pidulikuks kui igap\u00e4evaseks kandmiseks.","robots":{"index":"index","follow":"follow","max-snippet":"max-snippet:-1","max-image-preview":"max-image-preview:large","max-video-preview":"max-video-preview:-1"},"canonical":"https:\/\/www.karinibutiik.ee\/lt\/produktas\/olapaelteta-bodi\/","og_locale":"lt_LT","og_type":"article","og_title":"\u00f5lapaelteta bodi - Karini Butiik","og_description":"\u00d5lapaelteta kroogitud esiosaga bodi. Veniv ja libe materjal tagab mugavuse. Saadaval 5 v\u00e4rvitoonis. T\u00e4iuslik nii pidulikuks kui igap\u00e4evaseks kandmiseks.","og_url":"https:\/\/www.karinibutiik.ee\/lt\/produktas\/olapaelteta-bodi\/","og_site_name":"Karini Butiik","article_publisher":"https:\/\/www.facebook.com\/karinibutiik.ee","article_modified_time":"2026-03-28T08:39:23+00:00","og_image":[{"width":706,"height":907,"url":"https:\/\/www.karinibutiik.ee\/wp-content\/uploads\/2025\/07\/749792D8-AD09-44B5-9A09-AC56E993D356.jpeg","type":"image\/jpeg"}],"twitter_card":"summary_large_image","twitter_misc":{"Availability":"In stock"},"schema":{"@context":"https:\/\/schema.org","@graph":[{"@type":"WebPage","@id":"https:\/\/www.karinibutiik.ee\/toode\/olapaelteta-bodi\/","url":"https:\/\/www.karinibutiik.ee\/toode\/olapaelteta-bodi\/","name":"\u00f5lapaelteta bodi - Karini Butiik","isPartOf":{"@id":"https:\/\/www.karinibutiik.ee\/#website"},"primaryImageOfPage":{"@id":"https:\/\/www.karinibutiik.ee\/toode\/olapaelteta-bodi\/#primaryimage"},"image":{"@id":"https:\/\/www.karinibutiik.ee\/toode\/olapaelteta-bodi\/#primaryimage"},"thumbnailUrl":"https:\/\/www.karinibutiik.ee\/wp-content\/uploads\/2025\/07\/749792D8-AD09-44B5-9A09-AC56E993D356.jpeg","datePublished":"2025-07-07T10:54:22+00:00","dateModified":"2026-03-28T08:39:23+00:00","description":"\u00d5lapaelteta kroogitud esiosaga bodi. Veniv ja libe materjal tagab mugavuse. Saadaval 5 v\u00e4rvitoonis. T\u00e4iuslik nii pidulikuks kui igap\u00e4evaseks kandmiseks.","breadcrumb":{"@id":"https:\/\/www.karinibutiik.ee\/toode\/olapaelteta-bodi\/#breadcrumb"},"inLanguage":"lt-LT","potentialAction":[{"@type":"ReadAction","target":["https:\/\/www.karinibutiik.ee\/toode\/olapaelteta-bodi\/"]}]},{"@type":"ImageObject","inLanguage":"lt-LT","@id":"https:\/\/www.karinibutiik.ee\/toode\/olapaelteta-bodi\/#primaryimage","url":"https:\/\/www.karinibutiik.ee\/wp-content\/uploads\/2025\/07\/749792D8-AD09-44B5-9A09-AC56E993D356.jpeg","contentUrl":"https:\/\/www.karinibutiik.ee\/wp-content\/uploads\/2025\/07\/749792D8-AD09-44B5-9A09-AC56E993D356.jpeg","width":706,"height":907},{"@type":"BreadcrumbList","@id":"https:\/\/www.karinibutiik.ee\/toode\/olapaelteta-bodi\/#breadcrumb","itemListElement":[{"@type":"ListItem","position":1,"name":"Home","item":"https:\/\/www.karinibutiik.ee\/"},{"@type":"ListItem","position":2,"name":"Pood","item":"https:\/\/www.karinibutiik.ee\/pood\/"},{"@type":"ListItem","position":3,"name":"\u00f5lapaelteta bodi"}]},{"@type":"WebSite","@id":"https:\/\/www.karinibutiik.ee\/#website","url":"https:\/\/www.karinibutiik.ee\/","name":"Karini Butiik","description":"","publisher":{"@id":"https:\/\/www.karinibutiik.ee\/#organization"},"potentialAction":[{"@type":"SearchAction","target":{"@type":"EntryPoint","urlTemplate":"https:\/\/www.karinibutiik.ee\/?s={search_term_string}"},"query-input":{"@type":"PropertyValueSpecification","valueRequired":true,"valueName":"search_term_string"}}],"inLanguage":"lt-LT"},{"@type":"Organization","@id":"https:\/\/www.karinibutiik.ee\/#organization","name":"Karini Butiik","url":"https:\/\/www.karinibutiik.ee\/","logo":{"@type":"ImageObject","inLanguage":"lt-LT","@id":"https:\/\/www.karinibutiik.ee\/#\/schema\/logo\/image\/","url":"https:\/\/www.karinibutiik.ee\/wp-content\/uploads\/2024\/10\/Kuj.-K-koopia.png","contentUrl":"https:\/\/www.karinibutiik.ee\/wp-content\/uploads\/2024\/10\/Kuj.-K-koopia.png","width":500,"height":500,"caption":"Karini Butiik"},"image":{"@id":"https:\/\/www.karinibutiik.ee\/#\/schema\/logo\/image\/"},"sameAs":["https:\/\/www.facebook.com\/karinibutiik.ee","https:\/\/www.instagram.com\/karinibutiik"]}]},"og_availability":"instock","product_availability":"instock","product_retailer_item_id":"1650","product_condition":"new"},"_links":{"self":[{"href":"https:\/\/www.karinibutiik.ee\/lt\/wp-json\/wp\/v2\/product\/23258","targetHints":{"allow":["GET"]}}],"collection":[{"href":"https:\/\/www.karinibutiik.ee\/lt\/wp-json\/wp\/v2\/product"}],"about":[{"href":"https:\/\/www.karinibutiik.ee\/lt\/wp-json\/wp\/v2\/types\/product"}],"version-history":[{"count":1,"href":"https:\/\/www.karinibutiik.ee\/lt\/wp-json\/wp\/v2\/product\/23258\/revisions"}],"predecessor-version":[{"id":23274,"href":"https:\/\/www.karinibutiik.ee\/lt\/wp-json\/wp\/v2\/product\/23258\/revisions\/23274"}],"wp:featuredmedia":[{"embeddable":true,"href":"https:\/\/www.karinibutiik.ee\/lt\/wp-json\/wp\/v2\/media\/23159"}],"wp:attachment":[{"href":"https:\/\/www.karinibutiik.ee\/lt\/wp-json\/wp\/v2\/media?parent=23258"}],"wp:term":[{"taxonomy":"product_brand","embeddable":true,"href":"https:\/\/www.karinibutiik.ee\/lt\/wp-json\/wp\/v2\/product_brand?post=23258"},{"taxonomy":"product_cat","embeddable":true,"href":"https:\/\/www.karinibutiik.ee\/lt\/wp-json\/wp\/v2\/product_cat?post=23258"},{"taxonomy":"product_tag","embeddable":true,"href":"https:\/\/www.karinibutiik.ee\/lt\/wp-json\/wp\/v2\/product_tag?post=23258"}],"curies":[{"name":"wp","href":"https:\/\/api.w.org\/{rel}","templated":true}]}}