{"id":23520,"date":"2025-07-15T12:55:05","date_gmt":"2025-07-15T09:55:05","guid":{"rendered":"https:\/\/www.karinibutiik.ee\/?post_type=product&#038;p=23520"},"modified":"2026-03-28T10:43:35","modified_gmt":"2026-03-28T08:43:35","slug":"asimetriska-kepenu-suknele-3","status":"publish","type":"product","link":"https:\/\/www.karinibutiik.ee\/lt\/produktas\/asimetriska-kepenu-suknele-3\/","title":{"rendered":"Asimetri\u0161ka kepen\u0173 suknel\u0117"},"content":{"rendered":"<p data-start=\"409\" data-end=\"970\">Prabangi ir \u012fsp\u016bdinga kepen\u0173 suknel\u0117 pasi\u016bta i\u0161 auk\u0161tos kokyb\u0117s, \u0161iek tiek storesnio atlas\u0105 primenan\u010dio audinio, pabr\u0117\u017eian\u010dio fig\u016br\u0105 ir suteikian\u010dio elegancijos kiekvienam judesiui. Asimetri\u0161kas kirpimas su vienu nuogu petimi sukuria modern\u0173 ir jausming\u0105 \u012fvaizd\u012f. Auk\u0161tas sijono prakirpimas suteikia dr\u0105sos ir judesi\u0173 laisv\u0117s, o \u0161velniai krintanti med\u017eiaga pabr\u0117\u017eia moteri\u0161kum\u0105. Puikus pasirinkimas vestuv\u0117ms, pokyliams ar kitoms ypatingoms progoms. Galimos \u012fvairios eleganti\u0161kos spalvos, kad kiekviena moteris gal\u0117t\u0173 rasti jai tinkant\u012f atspalv\u012f.<\/p>","protected":false},"excerpt":{"rendered":"<p>Luksuslik ja silmapaistev maksikleit, mis on valmistatud kvaliteetsest, kergelt paksemast satiinilaadsest kangast, tuues esile figuuri ning lisades igale liigutusele elegantsi. [&hellip;]<\/p>\n","protected":false},"featured_media":23513,"template":"","meta":{"site-sidebar-layout":"default","site-content-layout":"","ast-site-content-layout":"default","site-content-style":"default","site-sidebar-style":"default","ast-global-header-display":"","ast-banner-title-visibility":"","ast-main-header-display":"","ast-hfb-above-header-display":"","ast-hfb-below-header-display":"","ast-hfb-mobile-header-display":"","site-post-title":"","ast-breadcrumbs-content":"","ast-featured-img":"","footer-sml-layout":"","ast-disable-related-posts":"","theme-transparent-header-meta":"default","adv-header-id-meta":"","stick-header-meta":"default","header-above-stick-meta":"","header-main-stick-meta":"","header-below-stick-meta":"","astra-migrate-meta-layouts":"set","ast-page-background-enabled":"default","ast-page-background-meta":{"desktop":{"background-color":"var(--ast-global-color-4)","background-image":"","background-repeat":"repeat","background-position":"center center","background-size":"auto","background-attachment":"scroll","background-type":"","background-media":"","overlay-type":"","overlay-color":"","overlay-opacity":"","overlay-gradient":""},"tablet":{"background-color":"","background-image":"","background-repeat":"repeat","background-position":"center center","background-size":"auto","background-attachment":"scroll","background-type":"","background-media":"","overlay-type":"","overlay-color":"","overlay-opacity":"","overlay-gradient":""},"mobile":{"background-color":"","background-image":"","background-repeat":"repeat","background-position":"center center","background-size":"auto","background-attachment":"scroll","background-type":"","background-media":"","overlay-type":"","overlay-color":"","overlay-opacity":"","overlay-gradient":""}},"ast-content-background-meta":{"desktop":{"background-color":"var(--ast-global-color-5)","background-image":"","background-repeat":"repeat","background-position":"center center","background-size":"auto","background-attachment":"scroll","background-type":"","background-media":"","overlay-type":"","overlay-color":"","overlay-opacity":"","overlay-gradient":""},"tablet":{"background-color":"var(--ast-global-color-5)","background-image":"","background-repeat":"repeat","background-position":"center center","background-size":"auto","background-attachment":"scroll","background-type":"","background-media":"","overlay-type":"","overlay-color":"","overlay-opacity":"","overlay-gradient":""},"mobile":{"background-color":"var(--ast-global-color-5)","background-image":"","background-repeat":"repeat","background-position":"center center","background-size":"auto","background-attachment":"scroll","background-type":"","background-media":"","overlay-type":"","overlay-color":"","overlay-opacity":"","overlay-gradient":""}}},"product_brand":[],"product_cat":[347,348,357,346],"product_tag":[1706,1724,1725,501,1723,1170,109,1728,1094,738,1727,1726,487,1722],"class_list":{"0":"post-23520","1":"product","2":"type-product","3":"status-publish","4":"has-post-thumbnail","6":"product_cat-kleidid","7":"product_cat-lopukleidid","8":"product_cat-maksikleidid","9":"product_cat-naised","10":"product_tag-asummeetriline-kleit","11":"product_tag-figuuri-rohutav-kleit","12":"product_tag-gala-kleit","13":"product_tag-karini-butiik","14":"product_tag-korge-lohikuga-kleit","15":"product_tag-luksuslik-kleit","16":"product_tag-maksikleit","17":"product_tag-mitmes-varvitoonis","18":"product_tag-ohtukleit","19":"product_tag-pidulik-kleit","20":"product_tag-pidulik-naistekleit","21":"product_tag-pulmapeo-kleit","22":"product_tag-satiinkleit","23":"product_tag-uheolaline-kleit","24":"desktop-align-center","25":"tablet-align-center","26":"mobile-align-center","27":"ast-product-gallery-layout-horizontal-slider","28":"ast-product-single-variable","29":"ast-product-tabs-layout-horizontal","31":"first","32":"instock","33":"taxable","34":"shipping-taxable","35":"purchasable","36":"product-type-variable"},"supplier_id":null,"supplier_sku":"","barcode":null,"atum_controlled":true,"out_stock_date":null,"out_stock_threshold":null,"inheritable":true,"inbound_stock":null,"stock_on_hold":0,"sold_today":0,"sales_last_days":0,"reserved_stock":0,"customer_returns":null,"warehouse_damage":0,"lost_in_post":null,"other_logs":0,"out_stock_days":0,"lost_sales":0,"has_location":false,"update_date":"2026-03-28T08:43:36","atum_locations":[],"atum_stock_status":"instock","restock_status":false,"low_stock_amount":"","sales_update_date":"2025-12-04T01:45:30","calc_backorders":null,"yoast_head":"<!-- This site is optimized with the Yoast SEO plugin v26.9 - https:\/\/yoast.com\/product\/yoast-seo-wordpress\/ -->\n<title>As\u00fcmeetriline maksikleit - Karini Butiik<\/title>\n<meta name=\"description\" content=\"As\u00fcmmeetriline maksikleit paksemast satiinkangast, \u00fcks \u00f5lg paljas, k\u00f5rge l\u00f5hik ja keha j\u00e4rgiva l\u00f5ikega. Ideaalne valik pidulikeks s\u00fcndmusteks.\" \/>\n<meta name=\"robots\" content=\"index, follow, max-snippet:-1, max-image-preview:large, max-video-preview:-1\" \/>\n<link rel=\"canonical\" href=\"https:\/\/www.karinibutiik.ee\/lt\/produktas\/asimetriska-kepenu-suknele-3\/\" \/>\n<meta property=\"og:locale\" content=\"lt_LT\" \/>\n<meta property=\"og:type\" content=\"article\" \/>\n<meta property=\"og:title\" content=\"As\u00fcmeetriline maksikleit - Karini Butiik\" \/>\n<meta property=\"og:description\" content=\"As\u00fcmmeetriline maksikleit paksemast satiinkangast, \u00fcks \u00f5lg paljas, k\u00f5rge l\u00f5hik ja keha j\u00e4rgiva l\u00f5ikega. Ideaalne valik pidulikeks s\u00fcndmusteks.\" \/>\n<meta property=\"og:url\" content=\"https:\/\/www.karinibutiik.ee\/lt\/produktas\/asimetriska-kepenu-suknele-3\/\" \/>\n<meta property=\"og:site_name\" content=\"Karini Butiik\" \/>\n<meta property=\"article:publisher\" content=\"https:\/\/www.facebook.com\/karinibutiik.ee\" \/>\n<meta property=\"article:modified_time\" content=\"2026-03-28T08:43:35+00:00\" \/>\n<meta property=\"og:image\" content=\"https:\/\/www.karinibutiik.ee\/wp-content\/uploads\/2025\/07\/IMG_6403.jpeg\" \/>\n\t<meta property=\"og:image:width\" content=\"1200\" \/>\n\t<meta property=\"og:image:height\" content=\"1500\" \/>\n\t<meta property=\"og:image:type\" content=\"image\/jpeg\" \/>\n<meta name=\"twitter:card\" content=\"summary_large_image\" \/>\n<meta name=\"twitter:label1\" content=\"Availability\" \/>\n\t<meta name=\"twitter:data1\" content=\"In stock\" \/>\n<script type=\"application\/ld+json\" class=\"yoast-schema-graph\">{\"@context\":\"https:\/\/schema.org\",\"@graph\":[{\"@type\":\"WebPage\",\"@id\":\"https:\/\/www.karinibutiik.ee\/toode\/asumeetriline-maksikleit-3\/\",\"url\":\"https:\/\/www.karinibutiik.ee\/toode\/asumeetriline-maksikleit-3\/\",\"name\":\"As\u00fcmeetriline maksikleit - Karini Butiik\",\"isPartOf\":{\"@id\":\"https:\/\/www.karinibutiik.ee\/#website\"},\"primaryImageOfPage\":{\"@id\":\"https:\/\/www.karinibutiik.ee\/toode\/asumeetriline-maksikleit-3\/#primaryimage\"},\"image\":{\"@id\":\"https:\/\/www.karinibutiik.ee\/toode\/asumeetriline-maksikleit-3\/#primaryimage\"},\"thumbnailUrl\":\"https:\/\/www.karinibutiik.ee\/wp-content\/uploads\/2025\/07\/IMG_6403.jpeg\",\"datePublished\":\"2025-07-15T09:55:05+00:00\",\"dateModified\":\"2026-03-28T08:43:35+00:00\",\"description\":\"As\u00fcmmeetriline maksikleit paksemast satiinkangast, \u00fcks \u00f5lg paljas, k\u00f5rge l\u00f5hik ja keha j\u00e4rgiva l\u00f5ikega. Ideaalne valik pidulikeks s\u00fcndmusteks.\",\"breadcrumb\":{\"@id\":\"https:\/\/www.karinibutiik.ee\/toode\/asumeetriline-maksikleit-3\/#breadcrumb\"},\"inLanguage\":\"lt-LT\",\"potentialAction\":[{\"@type\":\"ReadAction\",\"target\":[\"https:\/\/www.karinibutiik.ee\/toode\/asumeetriline-maksikleit-3\/\"]}]},{\"@type\":\"ImageObject\",\"inLanguage\":\"lt-LT\",\"@id\":\"https:\/\/www.karinibutiik.ee\/toode\/asumeetriline-maksikleit-3\/#primaryimage\",\"url\":\"https:\/\/www.karinibutiik.ee\/wp-content\/uploads\/2025\/07\/IMG_6403.jpeg\",\"contentUrl\":\"https:\/\/www.karinibutiik.ee\/wp-content\/uploads\/2025\/07\/IMG_6403.jpeg\",\"width\":1200,\"height\":1500},{\"@type\":\"BreadcrumbList\",\"@id\":\"https:\/\/www.karinibutiik.ee\/toode\/asumeetriline-maksikleit-3\/#breadcrumb\",\"itemListElement\":[{\"@type\":\"ListItem\",\"position\":1,\"name\":\"Home\",\"item\":\"https:\/\/www.karinibutiik.ee\/\"},{\"@type\":\"ListItem\",\"position\":2,\"name\":\"Pood\",\"item\":\"https:\/\/www.karinibutiik.ee\/pood\/\"},{\"@type\":\"ListItem\",\"position\":3,\"name\":\"As\u00fcmeetriline maksikleit\"}]},{\"@type\":\"WebSite\",\"@id\":\"https:\/\/www.karinibutiik.ee\/#website\",\"url\":\"https:\/\/www.karinibutiik.ee\/\",\"name\":\"Karini Butiik\",\"description\":\"\",\"publisher\":{\"@id\":\"https:\/\/www.karinibutiik.ee\/#organization\"},\"potentialAction\":[{\"@type\":\"SearchAction\",\"target\":{\"@type\":\"EntryPoint\",\"urlTemplate\":\"https:\/\/www.karinibutiik.ee\/?s={search_term_string}\"},\"query-input\":{\"@type\":\"PropertyValueSpecification\",\"valueRequired\":true,\"valueName\":\"search_term_string\"}}],\"inLanguage\":\"lt-LT\"},{\"@type\":\"Organization\",\"@id\":\"https:\/\/www.karinibutiik.ee\/#organization\",\"name\":\"Karini Butiik\",\"url\":\"https:\/\/www.karinibutiik.ee\/\",\"logo\":{\"@type\":\"ImageObject\",\"inLanguage\":\"lt-LT\",\"@id\":\"https:\/\/www.karinibutiik.ee\/#\/schema\/logo\/image\/\",\"url\":\"https:\/\/www.karinibutiik.ee\/wp-content\/uploads\/2024\/10\/Kuj.-K-koopia.png\",\"contentUrl\":\"https:\/\/www.karinibutiik.ee\/wp-content\/uploads\/2024\/10\/Kuj.-K-koopia.png\",\"width\":500,\"height\":500,\"caption\":\"Karini Butiik\"},\"image\":{\"@id\":\"https:\/\/www.karinibutiik.ee\/#\/schema\/logo\/image\/\"},\"sameAs\":[\"https:\/\/www.facebook.com\/karinibutiik.ee\",\"https:\/\/www.instagram.com\/karinibutiik\"]}]}<\/script>\n<meta property=\"og:availability\" content=\"instock\" \/>\n<meta property=\"product:availability\" content=\"instock\" \/>\n<meta property=\"product:retailer_item_id\" content=\"3841\" \/>\n<meta property=\"product:condition\" content=\"new\" \/>\n<!-- \/ Yoast SEO plugin. -->","yoast_head_json":{"title":"Asimetri\u0161ka kepen\u0173 suknel\u0117 - Karini Butiik","description":"Asimetri\u0161ka kepen\u0173 suknel\u0117 i\u0161 storesnio atlaso audinio, vienu pe\u010diu, dideliu i\u0161kirpimu ir k\u016bn\u0105 prigludusiu kirpimu. Puikus pasirinkimas \u0161ventin\u0117ms progoms.","robots":{"index":"index","follow":"follow","max-snippet":"max-snippet:-1","max-image-preview":"max-image-preview:large","max-video-preview":"max-video-preview:-1"},"canonical":"https:\/\/www.karinibutiik.ee\/lt\/produktas\/asimetriska-kepenu-suknele-3\/","og_locale":"lt_LT","og_type":"article","og_title":"As\u00fcmeetriline maksikleit - Karini Butiik","og_description":"As\u00fcmmeetriline maksikleit paksemast satiinkangast, \u00fcks \u00f5lg paljas, k\u00f5rge l\u00f5hik ja keha j\u00e4rgiva l\u00f5ikega. Ideaalne valik pidulikeks s\u00fcndmusteks.","og_url":"https:\/\/www.karinibutiik.ee\/lt\/produktas\/asimetriska-kepenu-suknele-3\/","og_site_name":"Karini Butiik","article_publisher":"https:\/\/www.facebook.com\/karinibutiik.ee","article_modified_time":"2026-03-28T08:43:35+00:00","og_image":[{"width":1200,"height":1500,"url":"https:\/\/www.karinibutiik.ee\/wp-content\/uploads\/2025\/07\/IMG_6403.jpeg","type":"image\/jpeg"}],"twitter_card":"summary_large_image","twitter_misc":{"Availability":"In stock"},"schema":{"@context":"https:\/\/schema.org","@graph":[{"@type":"WebPage","@id":"https:\/\/www.karinibutiik.ee\/toode\/asumeetriline-maksikleit-3\/","url":"https:\/\/www.karinibutiik.ee\/toode\/asumeetriline-maksikleit-3\/","name":"Asimetri\u0161ka kepen\u0173 suknel\u0117 - Karini Butiik","isPartOf":{"@id":"https:\/\/www.karinibutiik.ee\/#website"},"primaryImageOfPage":{"@id":"https:\/\/www.karinibutiik.ee\/toode\/asumeetriline-maksikleit-3\/#primaryimage"},"image":{"@id":"https:\/\/www.karinibutiik.ee\/toode\/asumeetriline-maksikleit-3\/#primaryimage"},"thumbnailUrl":"https:\/\/www.karinibutiik.ee\/wp-content\/uploads\/2025\/07\/IMG_6403.jpeg","datePublished":"2025-07-15T09:55:05+00:00","dateModified":"2026-03-28T08:43:35+00:00","description":"Asimetri\u0161ka kepen\u0173 suknel\u0117 i\u0161 storesnio atlaso audinio, vienu pe\u010diu, dideliu i\u0161kirpimu ir k\u016bn\u0105 prigludusiu kirpimu. Puikus pasirinkimas \u0161ventin\u0117ms progoms.","breadcrumb":{"@id":"https:\/\/www.karinibutiik.ee\/toode\/asumeetriline-maksikleit-3\/#breadcrumb"},"inLanguage":"lt-LT","potentialAction":[{"@type":"ReadAction","target":["https:\/\/www.karinibutiik.ee\/toode\/asumeetriline-maksikleit-3\/"]}]},{"@type":"ImageObject","inLanguage":"lt-LT","@id":"https:\/\/www.karinibutiik.ee\/toode\/asumeetriline-maksikleit-3\/#primaryimage","url":"https:\/\/www.karinibutiik.ee\/wp-content\/uploads\/2025\/07\/IMG_6403.jpeg","contentUrl":"https:\/\/www.karinibutiik.ee\/wp-content\/uploads\/2025\/07\/IMG_6403.jpeg","width":1200,"height":1500},{"@type":"BreadcrumbList","@id":"https:\/\/www.karinibutiik.ee\/toode\/asumeetriline-maksikleit-3\/#breadcrumb","itemListElement":[{"@type":"ListItem","position":1,"name":"Home","item":"https:\/\/www.karinibutiik.ee\/"},{"@type":"ListItem","position":2,"name":"Pood","item":"https:\/\/www.karinibutiik.ee\/pood\/"},{"@type":"ListItem","position":3,"name":"As\u00fcmeetriline maksikleit"}]},{"@type":"WebSite","@id":"https:\/\/www.karinibutiik.ee\/#website","url":"https:\/\/www.karinibutiik.ee\/","name":"Karini Butiik","description":"","publisher":{"@id":"https:\/\/www.karinibutiik.ee\/#organization"},"potentialAction":[{"@type":"SearchAction","target":{"@type":"EntryPoint","urlTemplate":"https:\/\/www.karinibutiik.ee\/?s={search_term_string}"},"query-input":{"@type":"PropertyValueSpecification","valueRequired":true,"valueName":"search_term_string"}}],"inLanguage":"lt-LT"},{"@type":"Organization","@id":"https:\/\/www.karinibutiik.ee\/#organization","name":"Karini Butiik","url":"https:\/\/www.karinibutiik.ee\/","logo":{"@type":"ImageObject","inLanguage":"lt-LT","@id":"https:\/\/www.karinibutiik.ee\/#\/schema\/logo\/image\/","url":"https:\/\/www.karinibutiik.ee\/wp-content\/uploads\/2024\/10\/Kuj.-K-koopia.png","contentUrl":"https:\/\/www.karinibutiik.ee\/wp-content\/uploads\/2024\/10\/Kuj.-K-koopia.png","width":500,"height":500,"caption":"Karini Butiik"},"image":{"@id":"https:\/\/www.karinibutiik.ee\/#\/schema\/logo\/image\/"},"sameAs":["https:\/\/www.facebook.com\/karinibutiik.ee","https:\/\/www.instagram.com\/karinibutiik"]}]},"og_availability":"instock","product_availability":"instock","product_retailer_item_id":"3841","product_condition":"new"},"_links":{"self":[{"href":"https:\/\/www.karinibutiik.ee\/lt\/wp-json\/wp\/v2\/product\/23520","targetHints":{"allow":["GET"]}}],"collection":[{"href":"https:\/\/www.karinibutiik.ee\/lt\/wp-json\/wp\/v2\/product"}],"about":[{"href":"https:\/\/www.karinibutiik.ee\/lt\/wp-json\/wp\/v2\/types\/product"}],"version-history":[{"count":1,"href":"https:\/\/www.karinibutiik.ee\/lt\/wp-json\/wp\/v2\/product\/23520\/revisions"}],"predecessor-version":[{"id":23533,"href":"https:\/\/www.karinibutiik.ee\/lt\/wp-json\/wp\/v2\/product\/23520\/revisions\/23533"}],"wp:featuredmedia":[{"embeddable":true,"href":"https:\/\/www.karinibutiik.ee\/lt\/wp-json\/wp\/v2\/media\/23513"}],"wp:attachment":[{"href":"https:\/\/www.karinibutiik.ee\/lt\/wp-json\/wp\/v2\/media?parent=23520"}],"wp:term":[{"taxonomy":"product_brand","embeddable":true,"href":"https:\/\/www.karinibutiik.ee\/lt\/wp-json\/wp\/v2\/product_brand?post=23520"},{"taxonomy":"product_cat","embeddable":true,"href":"https:\/\/www.karinibutiik.ee\/lt\/wp-json\/wp\/v2\/product_cat?post=23520"},{"taxonomy":"product_tag","embeddable":true,"href":"https:\/\/www.karinibutiik.ee\/lt\/wp-json\/wp\/v2\/product_tag?post=23520"}],"curies":[{"name":"wp","href":"https:\/\/api.w.org\/{rel}","templated":true}]}}