{"id":23618,"date":"2026-03-11T06:00:07","date_gmt":"2026-03-11T04:00:07","guid":{"rendered":"https:\/\/www.karinibutiik.ee\/?post_type=product&#038;p=23618"},"modified":"2026-04-10T19:05:15","modified_gmt":"2026-04-10T16:05:15","slug":"venivad-naiste-vabaajapuksid","status":"publish","type":"product","link":"https:\/\/www.karinibutiik.ee\/lt\/produktas\/venivad-naiste-vabaajapuksid\/","title":{"rendered":"Venivad naiste vabaajap\u00fcksid"},"content":{"rendered":"<p data-start=\"310\" data-end=\"531\">Need <strong data-start=\"315\" data-end=\"347\">venivad naiste vabaajap\u00fcksid<\/strong> on ideaalne valik igap\u00e4evaseks kandmiseks, pakkudes maksimaalset mugavust ja suurep\u00e4rast istuvust. Pehme ja elastne kangas kohandub kehaga ning tagab vaba liikumise kogu p\u00e4eva v\u00e4ltel.<\/p>\n<p data-start=\"533\" data-end=\"763\">P\u00fcksid on valmistatud kvaliteetsest materjalist, mille koostis on <strong data-start=\"599\" data-end=\"629\">95% viskoos ja 5% elastaan<\/strong>. Viskoos muudab kanga naha vastas pehmeks ja hingavaks, samas kui elastaan annab materjalile venivuse ja aitab s\u00e4ilitada p\u00fckste kuju.<\/p>\n<p data-start=\"765\" data-end=\"968\">Mugav elastne v\u00f6\u00f6koht tagab suurep\u00e4rase istuvuse. <strong data-start=\"815\" data-end=\"848\">V\u00f6\u00f6 \u00fcmberm\u00f5\u00f5t venib 60\u2013100 cm<\/strong>, mist\u00f5ttu sobivad p\u00fcksid h\u00e4sti erinevatele kehat\u00fc\u00fcpidele. T\u00e4nu venivale materjalile sobib <strong data-start=\"939\" data-end=\"967\">\u00fcks suurus XS\u2013L kandjale<\/strong>.<\/p>\n<p data-start=\"970\" data-end=\"1064\">P\u00fcksid on ka praktilise pikkusega:<br data-start=\"1004\" data-end=\"1007\" \/>\u2022 <strong data-start=\"1009\" data-end=\"1023\">\u00dcldpikkus:<\/strong> 117 cm<br data-start=\"1030\" data-end=\"1033\" \/>\u2022 <strong data-start=\"1035\" data-end=\"1056\">Sises\u00e4\u00e4re pikkus:<\/strong> 88 cm<\/p>\n<p data-start=\"1066\" data-end=\"1256\">Need vabaajap\u00fcksid sobivad ideaalselt nii koduseks kandmiseks, linnas liikumiseks kui ka reisile. Kombineeri neid T-s\u00e4rgi, pusa v\u00f5i kampsuniga ning loo mugav ja stiilne outfit igaks p\u00e4evaks.<\/p>","protected":false},"excerpt":{"rendered":"<p><span style=\"color: #ff0000;\"><strong>ETTETELLIMISEL! Toote tarne 30.04<\/strong><\/span><\/p>","protected":false},"featured_media":23578,"template":"","meta":{"site-sidebar-layout":"default","site-content-layout":"","ast-site-content-layout":"default","site-content-style":"default","site-sidebar-style":"default","ast-global-header-display":"","ast-banner-title-visibility":"","ast-main-header-display":"","ast-hfb-above-header-display":"","ast-hfb-below-header-display":"","ast-hfb-mobile-header-display":"","site-post-title":"","ast-breadcrumbs-content":"","ast-featured-img":"","footer-sml-layout":"","ast-disable-related-posts":"","theme-transparent-header-meta":"default","adv-header-id-meta":"","stick-header-meta":"default","header-above-stick-meta":"","header-main-stick-meta":"","header-below-stick-meta":"","astra-migrate-meta-layouts":"set","ast-page-background-enabled":"default","ast-page-background-meta":{"desktop":{"background-color":"var(--ast-global-color-4)","background-image":"","background-repeat":"repeat","background-position":"center center","background-size":"auto","background-attachment":"scroll","background-type":"","background-media":"","overlay-type":"","overlay-color":"","overlay-opacity":"","overlay-gradient":""},"tablet":{"background-color":"","background-image":"","background-repeat":"repeat","background-position":"center center","background-size":"auto","background-attachment":"scroll","background-type":"","background-media":"","overlay-type":"","overlay-color":"","overlay-opacity":"","overlay-gradient":""},"mobile":{"background-color":"","background-image":"","background-repeat":"repeat","background-position":"center center","background-size":"auto","background-attachment":"scroll","background-type":"","background-media":"","overlay-type":"","overlay-color":"","overlay-opacity":"","overlay-gradient":""}},"ast-content-background-meta":{"desktop":{"background-color":"var(--ast-global-color-5)","background-image":"","background-repeat":"repeat","background-position":"center center","background-size":"auto","background-attachment":"scroll","background-type":"","background-media":"","overlay-type":"","overlay-color":"","overlay-opacity":"","overlay-gradient":""},"tablet":{"background-color":"var(--ast-global-color-5)","background-image":"","background-repeat":"repeat","background-position":"center center","background-size":"auto","background-attachment":"scroll","background-type":"","background-media":"","overlay-type":"","overlay-color":"","overlay-opacity":"","overlay-gradient":""},"mobile":{"background-color":"var(--ast-global-color-5)","background-image":"","background-repeat":"repeat","background-position":"center center","background-size":"auto","background-attachment":"scroll","background-type":"","background-media":"","overlay-type":"","overlay-color":"","overlay-opacity":"","overlay-gradient":""}}},"product_brand":[],"product_cat":[346,354,356,351],"product_tag":[2296,501,1077,518,2611,2609,2298,96,864,101,1248,2610,2612],"class_list":{"0":"post-23618","1":"product","2":"type-product","3":"status-publish","4":"has-post-thumbnail","6":"product_cat-naised","7":"product_cat-puksid-seelikud","8":"product_cat-tekstiilpuksid","9":"product_cat-uued-tooted","10":"product_tag-igapaevased-puksid","11":"product_tag-karini-butiik","12":"product_tag-mugavad-puksid","13":"product_tag-mustad-puksid","14":"product_tag-naiste-elastsed-puksid","15":"product_tag-naiste-vabaajapuksid","16":"product_tag-pehmed-puksid","17":"product_tag-puksid","18":"product_tag-stiilsed-naisteriided","19":"product_tag-tekstiilpuksid","20":"product_tag-venivad-puksid","21":"product_tag-viskoospuksid","22":"product_tag-xs-l-puksid","23":"desktop-align-center","24":"tablet-align-center","25":"mobile-align-center","26":"ast-product-gallery-layout-horizontal-slider","27":"ast-product-single-variable","28":"ast-product-tabs-layout-horizontal","30":"first","31":"onbackorder","32":"taxable","33":"shipping-taxable","34":"purchasable","35":"product-type-variable"},"supplier_id":null,"supplier_sku":"","barcode":null,"atum_controlled":true,"out_stock_date":null,"out_stock_threshold":null,"inheritable":true,"inbound_stock":null,"stock_on_hold":0,"sold_today":0,"sales_last_days":0,"reserved_stock":0,"customer_returns":null,"warehouse_damage":0,"lost_in_post":null,"other_logs":0,"out_stock_days":0,"lost_sales":0,"has_location":false,"update_date":"2026-04-08T11:58:23","atum_locations":[],"atum_stock_status":"onbackorder","restock_status":false,"low_stock_amount":"","sales_update_date":"2025-12-04T01:26:29","calc_backorders":null,"yoast_head":"<!-- This site is optimized with the Yoast SEO plugin v26.9 - https:\/\/yoast.com\/product\/yoast-seo-wordpress\/ -->\n<title>Venivad naiste vabaajap\u00fcksid - Karini Butiik<\/title>\n<meta name=\"description\" content=\"V\u00e4ga mugavad ja venivast kangast naiste vabaajap\u00fcksid. Viskoosisegu materjal, v\u00f6\u00f6 60\u2013100 cm. \u00dcks suurus sobib XS\u2013L kandjale.\" \/>\n<meta name=\"robots\" content=\"index, follow, max-snippet:-1, max-image-preview:large, max-video-preview:-1\" \/>\n<link rel=\"canonical\" href=\"https:\/\/www.karinibutiik.ee\/lt\/produktas\/venivad-naiste-vabaajapuksid\/\" \/>\n<meta property=\"og:locale\" content=\"lt_LT\" \/>\n<meta property=\"og:type\" content=\"article\" \/>\n<meta property=\"og:title\" content=\"Venivad naiste vabaajap\u00fcksid - Karini Butiik\" \/>\n<meta property=\"og:description\" content=\"V\u00e4ga mugavad ja venivast kangast naiste vabaajap\u00fcksid. Viskoosisegu materjal, v\u00f6\u00f6 60\u2013100 cm. \u00dcks suurus sobib XS\u2013L kandjale.\" \/>\n<meta property=\"og:url\" content=\"https:\/\/www.karinibutiik.ee\/lt\/produktas\/venivad-naiste-vabaajapuksid\/\" \/>\n<meta property=\"og:site_name\" content=\"Karini Butiik\" \/>\n<meta property=\"article:publisher\" content=\"https:\/\/www.facebook.com\/karinibutiik.ee\" \/>\n<meta property=\"article:modified_time\" content=\"2026-04-10T16:05:15+00:00\" \/>\n<meta property=\"og:image\" content=\"https:\/\/www.karinibutiik.ee\/wp-content\/uploads\/2025\/07\/354138FB-A134-41BA-B56B-3E13C61FA522-scaled.jpeg\" \/>\n\t<meta property=\"og:image:width\" content=\"1865\" \/>\n\t<meta property=\"og:image:height\" content=\"2560\" \/>\n\t<meta property=\"og:image:type\" content=\"image\/jpeg\" \/>\n<meta name=\"twitter:card\" content=\"summary_large_image\" \/>\n<meta name=\"twitter:label1\" content=\"Availability\" \/>\n\t<meta name=\"twitter:data1\" content=\"On backorder\" \/>\n<script type=\"application\/ld+json\" class=\"yoast-schema-graph\">{\"@context\":\"https:\/\/schema.org\",\"@graph\":[{\"@type\":\"WebPage\",\"@id\":\"https:\/\/www.karinibutiik.ee\/toode\/venivad-naiste-vabaajapuksid\/\",\"url\":\"https:\/\/www.karinibutiik.ee\/toode\/venivad-naiste-vabaajapuksid\/\",\"name\":\"Venivad naiste vabaajap\u00fcksid - Karini Butiik\",\"isPartOf\":{\"@id\":\"https:\/\/www.karinibutiik.ee\/#website\"},\"primaryImageOfPage\":{\"@id\":\"https:\/\/www.karinibutiik.ee\/toode\/venivad-naiste-vabaajapuksid\/#primaryimage\"},\"image\":{\"@id\":\"https:\/\/www.karinibutiik.ee\/toode\/venivad-naiste-vabaajapuksid\/#primaryimage\"},\"thumbnailUrl\":\"https:\/\/www.karinibutiik.ee\/wp-content\/uploads\/2025\/07\/354138FB-A134-41BA-B56B-3E13C61FA522-scaled.jpeg\",\"datePublished\":\"2026-03-11T04:00:07+00:00\",\"dateModified\":\"2026-04-10T16:05:15+00:00\",\"description\":\"V\u00e4ga mugavad ja venivast kangast naiste vabaajap\u00fcksid. Viskoosisegu materjal, v\u00f6\u00f6 60\u2013100 cm. \u00dcks suurus sobib XS\u2013L kandjale.\",\"breadcrumb\":{\"@id\":\"https:\/\/www.karinibutiik.ee\/toode\/venivad-naiste-vabaajapuksid\/#breadcrumb\"},\"inLanguage\":\"lt-LT\",\"potentialAction\":[{\"@type\":\"ReadAction\",\"target\":[\"https:\/\/www.karinibutiik.ee\/toode\/venivad-naiste-vabaajapuksid\/\"]}]},{\"@type\":\"ImageObject\",\"inLanguage\":\"lt-LT\",\"@id\":\"https:\/\/www.karinibutiik.ee\/toode\/venivad-naiste-vabaajapuksid\/#primaryimage\",\"url\":\"https:\/\/www.karinibutiik.ee\/wp-content\/uploads\/2025\/07\/354138FB-A134-41BA-B56B-3E13C61FA522-scaled.jpeg\",\"contentUrl\":\"https:\/\/www.karinibutiik.ee\/wp-content\/uploads\/2025\/07\/354138FB-A134-41BA-B56B-3E13C61FA522-scaled.jpeg\",\"width\":1865,\"height\":2560,\"caption\":\"Venivad naiste vabaajap\u00fcksid pehmest viskoosisegust, mugavad igap\u00e4evased p\u00fcksid.\"},{\"@type\":\"BreadcrumbList\",\"@id\":\"https:\/\/www.karinibutiik.ee\/toode\/venivad-naiste-vabaajapuksid\/#breadcrumb\",\"itemListElement\":[{\"@type\":\"ListItem\",\"position\":1,\"name\":\"Home\",\"item\":\"https:\/\/www.karinibutiik.ee\/\"},{\"@type\":\"ListItem\",\"position\":2,\"name\":\"Pood\",\"item\":\"https:\/\/www.karinibutiik.ee\/pood\/\"},{\"@type\":\"ListItem\",\"position\":3,\"name\":\"Venivad naiste vabaajap\u00fcksid\"}]},{\"@type\":\"WebSite\",\"@id\":\"https:\/\/www.karinibutiik.ee\/#website\",\"url\":\"https:\/\/www.karinibutiik.ee\/\",\"name\":\"Karini Butiik\",\"description\":\"\",\"publisher\":{\"@id\":\"https:\/\/www.karinibutiik.ee\/#organization\"},\"potentialAction\":[{\"@type\":\"SearchAction\",\"target\":{\"@type\":\"EntryPoint\",\"urlTemplate\":\"https:\/\/www.karinibutiik.ee\/?s={search_term_string}\"},\"query-input\":{\"@type\":\"PropertyValueSpecification\",\"valueRequired\":true,\"valueName\":\"search_term_string\"}}],\"inLanguage\":\"lt-LT\"},{\"@type\":\"Organization\",\"@id\":\"https:\/\/www.karinibutiik.ee\/#organization\",\"name\":\"Karini Butiik\",\"url\":\"https:\/\/www.karinibutiik.ee\/\",\"logo\":{\"@type\":\"ImageObject\",\"inLanguage\":\"lt-LT\",\"@id\":\"https:\/\/www.karinibutiik.ee\/#\/schema\/logo\/image\/\",\"url\":\"https:\/\/www.karinibutiik.ee\/wp-content\/uploads\/2024\/10\/Kuj.-K-koopia.png\",\"contentUrl\":\"https:\/\/www.karinibutiik.ee\/wp-content\/uploads\/2024\/10\/Kuj.-K-koopia.png\",\"width\":500,\"height\":500,\"caption\":\"Karini Butiik\"},\"image\":{\"@id\":\"https:\/\/www.karinibutiik.ee\/#\/schema\/logo\/image\/\"},\"sameAs\":[\"https:\/\/www.facebook.com\/karinibutiik.ee\",\"https:\/\/www.instagram.com\/karinibutiik\"]}]}<\/script>\n<meta property=\"og:availability\" content=\"backorder\" \/>\n<meta property=\"product:availability\" content=\"available for order\" \/>\n<meta property=\"product:retailer_item_id\" content=\"2305\" \/>\n<meta property=\"product:condition\" content=\"new\" \/>\n<!-- \/ Yoast SEO plugin. -->","yoast_head_json":{"title":"Venivad naiste vabaajap\u00fcksid - Karini Butiik","description":"V\u00e4ga mugavad ja venivast kangast naiste vabaajap\u00fcksid. Viskoosisegu materjal, v\u00f6\u00f6 60\u2013100 cm. \u00dcks suurus sobib XS\u2013L kandjale.","robots":{"index":"index","follow":"follow","max-snippet":"max-snippet:-1","max-image-preview":"max-image-preview:large","max-video-preview":"max-video-preview:-1"},"canonical":"https:\/\/www.karinibutiik.ee\/lt\/produktas\/venivad-naiste-vabaajapuksid\/","og_locale":"lt_LT","og_type":"article","og_title":"Venivad naiste vabaajap\u00fcksid - Karini Butiik","og_description":"V\u00e4ga mugavad ja venivast kangast naiste vabaajap\u00fcksid. Viskoosisegu materjal, v\u00f6\u00f6 60\u2013100 cm. \u00dcks suurus sobib XS\u2013L kandjale.","og_url":"https:\/\/www.karinibutiik.ee\/lt\/produktas\/venivad-naiste-vabaajapuksid\/","og_site_name":"Karini Butiik","article_publisher":"https:\/\/www.facebook.com\/karinibutiik.ee","article_modified_time":"2026-04-10T16:05:15+00:00","og_image":[{"width":1865,"height":2560,"url":"https:\/\/www.karinibutiik.ee\/wp-content\/uploads\/2025\/07\/354138FB-A134-41BA-B56B-3E13C61FA522-scaled.jpeg","type":"image\/jpeg"}],"twitter_card":"summary_large_image","twitter_misc":{"Availability":"On backorder"},"schema":{"@context":"https:\/\/schema.org","@graph":[{"@type":"WebPage","@id":"https:\/\/www.karinibutiik.ee\/toode\/venivad-naiste-vabaajapuksid\/","url":"https:\/\/www.karinibutiik.ee\/toode\/venivad-naiste-vabaajapuksid\/","name":"Venivad naiste vabaajap\u00fcksid - Karini Butiik","isPartOf":{"@id":"https:\/\/www.karinibutiik.ee\/#website"},"primaryImageOfPage":{"@id":"https:\/\/www.karinibutiik.ee\/toode\/venivad-naiste-vabaajapuksid\/#primaryimage"},"image":{"@id":"https:\/\/www.karinibutiik.ee\/toode\/venivad-naiste-vabaajapuksid\/#primaryimage"},"thumbnailUrl":"https:\/\/www.karinibutiik.ee\/wp-content\/uploads\/2025\/07\/354138FB-A134-41BA-B56B-3E13C61FA522-scaled.jpeg","datePublished":"2026-03-11T04:00:07+00:00","dateModified":"2026-04-10T16:05:15+00:00","description":"V\u00e4ga mugavad ja venivast kangast naiste vabaajap\u00fcksid. Viskoosisegu materjal, v\u00f6\u00f6 60\u2013100 cm. \u00dcks suurus sobib XS\u2013L kandjale.","breadcrumb":{"@id":"https:\/\/www.karinibutiik.ee\/toode\/venivad-naiste-vabaajapuksid\/#breadcrumb"},"inLanguage":"lt-LT","potentialAction":[{"@type":"ReadAction","target":["https:\/\/www.karinibutiik.ee\/toode\/venivad-naiste-vabaajapuksid\/"]}]},{"@type":"ImageObject","inLanguage":"lt-LT","@id":"https:\/\/www.karinibutiik.ee\/toode\/venivad-naiste-vabaajapuksid\/#primaryimage","url":"https:\/\/www.karinibutiik.ee\/wp-content\/uploads\/2025\/07\/354138FB-A134-41BA-B56B-3E13C61FA522-scaled.jpeg","contentUrl":"https:\/\/www.karinibutiik.ee\/wp-content\/uploads\/2025\/07\/354138FB-A134-41BA-B56B-3E13C61FA522-scaled.jpeg","width":1865,"height":2560,"caption":"Venivad naiste vabaajap\u00fcksid pehmest viskoosisegust, mugavad igap\u00e4evased p\u00fcksid."},{"@type":"BreadcrumbList","@id":"https:\/\/www.karinibutiik.ee\/toode\/venivad-naiste-vabaajapuksid\/#breadcrumb","itemListElement":[{"@type":"ListItem","position":1,"name":"Home","item":"https:\/\/www.karinibutiik.ee\/"},{"@type":"ListItem","position":2,"name":"Pood","item":"https:\/\/www.karinibutiik.ee\/pood\/"},{"@type":"ListItem","position":3,"name":"Venivad naiste vabaajap\u00fcksid"}]},{"@type":"WebSite","@id":"https:\/\/www.karinibutiik.ee\/#website","url":"https:\/\/www.karinibutiik.ee\/","name":"Karini Butiik","description":"","publisher":{"@id":"https:\/\/www.karinibutiik.ee\/#organization"},"potentialAction":[{"@type":"SearchAction","target":{"@type":"EntryPoint","urlTemplate":"https:\/\/www.karinibutiik.ee\/?s={search_term_string}"},"query-input":{"@type":"PropertyValueSpecification","valueRequired":true,"valueName":"search_term_string"}}],"inLanguage":"lt-LT"},{"@type":"Organization","@id":"https:\/\/www.karinibutiik.ee\/#organization","name":"Karini Butiik","url":"https:\/\/www.karinibutiik.ee\/","logo":{"@type":"ImageObject","inLanguage":"lt-LT","@id":"https:\/\/www.karinibutiik.ee\/#\/schema\/logo\/image\/","url":"https:\/\/www.karinibutiik.ee\/wp-content\/uploads\/2024\/10\/Kuj.-K-koopia.png","contentUrl":"https:\/\/www.karinibutiik.ee\/wp-content\/uploads\/2024\/10\/Kuj.-K-koopia.png","width":500,"height":500,"caption":"Karini Butiik"},"image":{"@id":"https:\/\/www.karinibutiik.ee\/#\/schema\/logo\/image\/"},"sameAs":["https:\/\/www.facebook.com\/karinibutiik.ee","https:\/\/www.instagram.com\/karinibutiik"]}]},"og_availability":"backorder","product_availability":"available for order","product_retailer_item_id":"2305","product_condition":"new"},"_links":{"self":[{"href":"https:\/\/www.karinibutiik.ee\/lt\/wp-json\/wp\/v2\/product\/23618","targetHints":{"allow":["GET"]}}],"collection":[{"href":"https:\/\/www.karinibutiik.ee\/lt\/wp-json\/wp\/v2\/product"}],"about":[{"href":"https:\/\/www.karinibutiik.ee\/lt\/wp-json\/wp\/v2\/types\/product"}],"version-history":[{"count":7,"href":"https:\/\/www.karinibutiik.ee\/lt\/wp-json\/wp\/v2\/product\/23618\/revisions"}],"predecessor-version":[{"id":27031,"href":"https:\/\/www.karinibutiik.ee\/lt\/wp-json\/wp\/v2\/product\/23618\/revisions\/27031"}],"wp:featuredmedia":[{"embeddable":true,"href":"https:\/\/www.karinibutiik.ee\/lt\/wp-json\/wp\/v2\/media\/23578"}],"wp:attachment":[{"href":"https:\/\/www.karinibutiik.ee\/lt\/wp-json\/wp\/v2\/media?parent=23618"}],"wp:term":[{"taxonomy":"product_brand","embeddable":true,"href":"https:\/\/www.karinibutiik.ee\/lt\/wp-json\/wp\/v2\/product_brand?post=23618"},{"taxonomy":"product_cat","embeddable":true,"href":"https:\/\/www.karinibutiik.ee\/lt\/wp-json\/wp\/v2\/product_cat?post=23618"},{"taxonomy":"product_tag","embeddable":true,"href":"https:\/\/www.karinibutiik.ee\/lt\/wp-json\/wp\/v2\/product_tag?post=23618"}],"curies":[{"name":"wp","href":"https:\/\/api.w.org\/{rel}","templated":true}]}}