{"id":24248,"date":"2025-10-06T14:29:00","date_gmt":"2025-10-06T11:29:00","guid":{"rendered":"https:\/\/www.karinibutiik.ee\/?post_type=product&#038;p=24248"},"modified":"2025-10-16T21:31:27","modified_gmt":"2025-10-16T18:31:27","slug":"naturaalsest-seemisnahast-pruun-kaekott-kuldse-ketirihmaga","status":"publish","type":"product","link":"https:\/\/www.karinibutiik.ee\/lt\/produktas\/naturaalsest-seemisnahast-pruun-kaekott-kuldse-ketirihmaga\/","title":{"rendered":"Naturaalsest seemisnahast pruun k\u00e4ekott kuldse ketirihmaga"},"content":{"rendered":"<p>Elegantne ja ajatu pruun k\u00e4ekott, valmistatud kvaliteetsest naturaalsest seemisnahast. Kott sobib suurep\u00e4raselt nii argip\u00e4evaks kui pidulikumateks s\u00fcndmusteks. Komplektis on eemaldatav pikk \u00f5larihm kuldsest ketist, mis v\u00f5imaldab kanda kotti ka \u00fcle \u00f5la v\u00f5i risti kehal. K\u00e4ekotil on tugev l\u00fchike sang ning esik\u00fcljel klapiga sulgemine metalln\u00f6\u00f6biga. T\u00e4iuslik valik stiilsele naisele, kes hindab luksuslikku materjali ja praktilisust.<\/p>","protected":false},"excerpt":{"rendered":"<p>Elegantne ja ajatu pruun k\u00e4ekott, valmistatud kvaliteetsest naturaalsest seemisnahast. Kott sobib suurep\u00e4raselt nii argip\u00e4evaks kui pidulikumateks s\u00fcndmusteks. Komplektis on eemaldatav [&hellip;]<\/p>\n","protected":false},"featured_media":24243,"template":"","meta":{"site-sidebar-layout":"default","site-content-layout":"","ast-site-content-layout":"default","site-content-style":"default","site-sidebar-style":"default","ast-global-header-display":"","ast-banner-title-visibility":"","ast-main-header-display":"","ast-hfb-above-header-display":"","ast-hfb-below-header-display":"","ast-hfb-mobile-header-display":"","site-post-title":"","ast-breadcrumbs-content":"","ast-featured-img":"","footer-sml-layout":"","ast-disable-related-posts":"","theme-transparent-header-meta":"default","adv-header-id-meta":"","stick-header-meta":"default","header-above-stick-meta":"","header-main-stick-meta":"","header-below-stick-meta":"","astra-migrate-meta-layouts":"set","ast-page-background-enabled":"default","ast-page-background-meta":{"desktop":{"background-color":"var(--ast-global-color-4)","background-image":"","background-repeat":"repeat","background-position":"center center","background-size":"auto","background-attachment":"scroll","background-type":"","background-media":"","overlay-type":"","overlay-color":"","overlay-opacity":"","overlay-gradient":""},"tablet":{"background-color":"","background-image":"","background-repeat":"repeat","background-position":"center center","background-size":"auto","background-attachment":"scroll","background-type":"","background-media":"","overlay-type":"","overlay-color":"","overlay-opacity":"","overlay-gradient":""},"mobile":{"background-color":"","background-image":"","background-repeat":"repeat","background-position":"center center","background-size":"auto","background-attachment":"scroll","background-type":"","background-media":"","overlay-type":"","overlay-color":"","overlay-opacity":"","overlay-gradient":""}},"ast-content-background-meta":{"desktop":{"background-color":"var(--ast-global-color-5)","background-image":"","background-repeat":"repeat","background-position":"center center","background-size":"auto","background-attachment":"scroll","background-type":"","background-media":"","overlay-type":"","overlay-color":"","overlay-opacity":"","overlay-gradient":""},"tablet":{"background-color":"var(--ast-global-color-5)","background-image":"","background-repeat":"repeat","background-position":"center center","background-size":"auto","background-attachment":"scroll","background-type":"","background-media":"","overlay-type":"","overlay-color":"","overlay-opacity":"","overlay-gradient":""},"mobile":{"background-color":"var(--ast-global-color-5)","background-image":"","background-repeat":"repeat","background-position":"center center","background-size":"auto","background-attachment":"scroll","background-type":"","background-media":"","overlay-type":"","overlay-color":"","overlay-opacity":"","overlay-gradient":""}}},"product_brand":[],"product_cat":[15,371,351],"product_tag":[1866,1868,1869,1867,1861,1862,1864,1865,1863,1860,1859],"class_list":{"0":"post-24248","1":"product","2":"type-product","3":"status-publish","4":"has-post-thumbnail","6":"product_cat-uncategorized","7":"product_cat-aksessuaarid","8":"product_cat-uued-tooted","9":"product_tag-ketirihmaga-kott","10":"product_tag-luksuslik-kaekott","11":"product_tag-moodne-aksessuaar","12":"product_tag-nahast-kott","13":"product_tag-naiste-kaekott","14":"product_tag-naturaalne-nahk","15":"product_tag-olakott","16":"product_tag-pidulik-kott","17":"product_tag-pikk-olarihm","18":"product_tag-pruun-kaekott","19":"product_tag-seemisnahk","20":"desktop-align-center","21":"tablet-align-center","22":"mobile-align-center","23":"ast-product-gallery-layout-horizontal-slider","24":"ast-product-single-variable","25":"ast-product-tabs-layout-horizontal","27":"first","28":"instock","29":"taxable","30":"shipping-taxable","31":"purchasable","32":"product-type-variable"},"supplier_id":null,"supplier_sku":"","barcode":null,"atum_controlled":true,"out_stock_date":null,"out_stock_threshold":null,"inheritable":true,"inbound_stock":null,"stock_on_hold":0,"sold_today":0,"sales_last_days":0,"reserved_stock":0,"customer_returns":null,"warehouse_damage":0,"lost_in_post":null,"other_logs":0,"out_stock_days":0,"lost_sales":0,"has_location":false,"update_date":"2025-12-04T01:45:37","atum_locations":[],"atum_stock_status":"instock","restock_status":false,"low_stock_amount":"","sales_update_date":"2025-12-04T01:45:37","calc_backorders":null,"yoast_head":"<!-- This site is optimized with the Yoast SEO plugin v26.9 - https:\/\/yoast.com\/product\/yoast-seo-wordpress\/ -->\n<title>Naturaalsest seemisnahast pruun k\u00e4ekott kuldse ketirihmaga - Karini Butiik<\/title>\n<meta name=\"description\" content=\"Stiilne pruun seemisnahast k\u00e4ekott kuldse ketirihmaga. Naturaalsest nahast, eemaldatav pikk rihm. Sobib igaks olukorraks.\" \/>\n<meta name=\"robots\" content=\"index, follow, max-snippet:-1, max-image-preview:large, max-video-preview:-1\" \/>\n<link rel=\"canonical\" href=\"https:\/\/www.karinibutiik.ee\/lt\/produktas\/naturaalsest-seemisnahast-pruun-kaekott-kuldse-ketirihmaga\/\" \/>\n<meta property=\"og:locale\" content=\"lt_LT\" \/>\n<meta property=\"og:type\" content=\"article\" \/>\n<meta property=\"og:title\" content=\"Naturaalsest seemisnahast pruun k\u00e4ekott kuldse ketirihmaga - Karini Butiik\" \/>\n<meta property=\"og:description\" content=\"Stiilne pruun seemisnahast k\u00e4ekott kuldse ketirihmaga. Naturaalsest nahast, eemaldatav pikk rihm. Sobib igaks olukorraks.\" \/>\n<meta property=\"og:url\" content=\"https:\/\/www.karinibutiik.ee\/lt\/produktas\/naturaalsest-seemisnahast-pruun-kaekott-kuldse-ketirihmaga\/\" \/>\n<meta property=\"og:site_name\" content=\"Karini Butiik\" \/>\n<meta property=\"article:publisher\" content=\"https:\/\/www.facebook.com\/karinibutiik.ee\" \/>\n<meta property=\"article:modified_time\" content=\"2025-10-16T18:31:27+00:00\" \/>\n<meta property=\"og:image\" content=\"https:\/\/www.karinibutiik.ee\/wp-content\/uploads\/2025\/10\/IMG_2764.jpeg\" \/>\n\t<meta property=\"og:image:width\" content=\"452\" \/>\n\t<meta property=\"og:image:height\" content=\"584\" \/>\n\t<meta property=\"og:image:type\" content=\"image\/jpeg\" \/>\n<meta name=\"twitter:card\" content=\"summary_large_image\" \/>\n<meta name=\"twitter:label1\" content=\"Availability\" \/>\n\t<meta name=\"twitter:data1\" content=\"In stock\" \/>\n<script type=\"application\/ld+json\" class=\"yoast-schema-graph\">{\"@context\":\"https:\/\/schema.org\",\"@graph\":[{\"@type\":\"WebPage\",\"@id\":\"https:\/\/www.karinibutiik.ee\/toode\/naturaalsest-seemisnahast-pruun-kaekott-kuldse-ketirihmaga\/\",\"url\":\"https:\/\/www.karinibutiik.ee\/toode\/naturaalsest-seemisnahast-pruun-kaekott-kuldse-ketirihmaga\/\",\"name\":\"Naturaalsest seemisnahast pruun k\u00e4ekott kuldse ketirihmaga - Karini Butiik\",\"isPartOf\":{\"@id\":\"https:\/\/www.karinibutiik.ee\/#website\"},\"primaryImageOfPage\":{\"@id\":\"https:\/\/www.karinibutiik.ee\/toode\/naturaalsest-seemisnahast-pruun-kaekott-kuldse-ketirihmaga\/#primaryimage\"},\"image\":{\"@id\":\"https:\/\/www.karinibutiik.ee\/toode\/naturaalsest-seemisnahast-pruun-kaekott-kuldse-ketirihmaga\/#primaryimage\"},\"thumbnailUrl\":\"https:\/\/www.karinibutiik.ee\/wp-content\/uploads\/2025\/10\/IMG_2764.jpeg\",\"datePublished\":\"2025-10-06T11:29:00+00:00\",\"dateModified\":\"2025-10-16T18:31:27+00:00\",\"description\":\"Stiilne pruun seemisnahast k\u00e4ekott kuldse ketirihmaga. Naturaalsest nahast, eemaldatav pikk rihm. Sobib igaks olukorraks.\",\"breadcrumb\":{\"@id\":\"https:\/\/www.karinibutiik.ee\/toode\/naturaalsest-seemisnahast-pruun-kaekott-kuldse-ketirihmaga\/#breadcrumb\"},\"inLanguage\":\"lt-LT\",\"potentialAction\":[{\"@type\":\"ReadAction\",\"target\":[\"https:\/\/www.karinibutiik.ee\/toode\/naturaalsest-seemisnahast-pruun-kaekott-kuldse-ketirihmaga\/\"]}]},{\"@type\":\"ImageObject\",\"inLanguage\":\"lt-LT\",\"@id\":\"https:\/\/www.karinibutiik.ee\/toode\/naturaalsest-seemisnahast-pruun-kaekott-kuldse-ketirihmaga\/#primaryimage\",\"url\":\"https:\/\/www.karinibutiik.ee\/wp-content\/uploads\/2025\/10\/IMG_2764.jpeg\",\"contentUrl\":\"https:\/\/www.karinibutiik.ee\/wp-content\/uploads\/2025\/10\/IMG_2764.jpeg\",\"width\":452,\"height\":584,\"caption\":\"Naturaalsest seemisnahast pruun k\u00e4ekott kuldse ketirihmaga\"},{\"@type\":\"BreadcrumbList\",\"@id\":\"https:\/\/www.karinibutiik.ee\/toode\/naturaalsest-seemisnahast-pruun-kaekott-kuldse-ketirihmaga\/#breadcrumb\",\"itemListElement\":[{\"@type\":\"ListItem\",\"position\":1,\"name\":\"Home\",\"item\":\"https:\/\/www.karinibutiik.ee\/\"},{\"@type\":\"ListItem\",\"position\":2,\"name\":\"Pood\",\"item\":\"https:\/\/www.karinibutiik.ee\/pood\/\"},{\"@type\":\"ListItem\",\"position\":3,\"name\":\"Naturaalsest seemisnahast pruun k\u00e4ekott kuldse ketirihmaga\"}]},{\"@type\":\"WebSite\",\"@id\":\"https:\/\/www.karinibutiik.ee\/#website\",\"url\":\"https:\/\/www.karinibutiik.ee\/\",\"name\":\"Karini Butiik\",\"description\":\"\",\"publisher\":{\"@id\":\"https:\/\/www.karinibutiik.ee\/#organization\"},\"potentialAction\":[{\"@type\":\"SearchAction\",\"target\":{\"@type\":\"EntryPoint\",\"urlTemplate\":\"https:\/\/www.karinibutiik.ee\/?s={search_term_string}\"},\"query-input\":{\"@type\":\"PropertyValueSpecification\",\"valueRequired\":true,\"valueName\":\"search_term_string\"}}],\"inLanguage\":\"lt-LT\"},{\"@type\":\"Organization\",\"@id\":\"https:\/\/www.karinibutiik.ee\/#organization\",\"name\":\"Karini Butiik\",\"url\":\"https:\/\/www.karinibutiik.ee\/\",\"logo\":{\"@type\":\"ImageObject\",\"inLanguage\":\"lt-LT\",\"@id\":\"https:\/\/www.karinibutiik.ee\/#\/schema\/logo\/image\/\",\"url\":\"https:\/\/www.karinibutiik.ee\/wp-content\/uploads\/2024\/10\/Kuj.-K-koopia.png\",\"contentUrl\":\"https:\/\/www.karinibutiik.ee\/wp-content\/uploads\/2024\/10\/Kuj.-K-koopia.png\",\"width\":500,\"height\":500,\"caption\":\"Karini Butiik\"},\"image\":{\"@id\":\"https:\/\/www.karinibutiik.ee\/#\/schema\/logo\/image\/\"},\"sameAs\":[\"https:\/\/www.facebook.com\/karinibutiik.ee\",\"https:\/\/www.instagram.com\/karinibutiik\"]}]}<\/script>\n<meta property=\"og:availability\" content=\"instock\" \/>\n<meta property=\"product:availability\" content=\"instock\" \/>\n<meta property=\"product:retailer_item_id\" content=\"9965\" \/>\n<meta property=\"product:condition\" content=\"new\" \/>\n<!-- \/ Yoast SEO plugin. -->","yoast_head_json":{"title":"Naturaalsest seemisnahast pruun k\u00e4ekott kuldse ketirihmaga - Karini Butiik","description":"Stiilne pruun seemisnahast k\u00e4ekott kuldse ketirihmaga. Naturaalsest nahast, eemaldatav pikk rihm. Sobib igaks olukorraks.","robots":{"index":"index","follow":"follow","max-snippet":"max-snippet:-1","max-image-preview":"max-image-preview:large","max-video-preview":"max-video-preview:-1"},"canonical":"https:\/\/www.karinibutiik.ee\/lt\/produktas\/naturaalsest-seemisnahast-pruun-kaekott-kuldse-ketirihmaga\/","og_locale":"lt_LT","og_type":"article","og_title":"Naturaalsest seemisnahast pruun k\u00e4ekott kuldse ketirihmaga - Karini Butiik","og_description":"Stiilne pruun seemisnahast k\u00e4ekott kuldse ketirihmaga. Naturaalsest nahast, eemaldatav pikk rihm. Sobib igaks olukorraks.","og_url":"https:\/\/www.karinibutiik.ee\/lt\/produktas\/naturaalsest-seemisnahast-pruun-kaekott-kuldse-ketirihmaga\/","og_site_name":"Karini Butiik","article_publisher":"https:\/\/www.facebook.com\/karinibutiik.ee","article_modified_time":"2025-10-16T18:31:27+00:00","og_image":[{"width":452,"height":584,"url":"https:\/\/www.karinibutiik.ee\/wp-content\/uploads\/2025\/10\/IMG_2764.jpeg","type":"image\/jpeg"}],"twitter_card":"summary_large_image","twitter_misc":{"Availability":"In stock"},"schema":{"@context":"https:\/\/schema.org","@graph":[{"@type":"WebPage","@id":"https:\/\/www.karinibutiik.ee\/toode\/naturaalsest-seemisnahast-pruun-kaekott-kuldse-ketirihmaga\/","url":"https:\/\/www.karinibutiik.ee\/toode\/naturaalsest-seemisnahast-pruun-kaekott-kuldse-ketirihmaga\/","name":"Naturaalsest seemisnahast pruun k\u00e4ekott kuldse ketirihmaga - Karini Butiik","isPartOf":{"@id":"https:\/\/www.karinibutiik.ee\/#website"},"primaryImageOfPage":{"@id":"https:\/\/www.karinibutiik.ee\/toode\/naturaalsest-seemisnahast-pruun-kaekott-kuldse-ketirihmaga\/#primaryimage"},"image":{"@id":"https:\/\/www.karinibutiik.ee\/toode\/naturaalsest-seemisnahast-pruun-kaekott-kuldse-ketirihmaga\/#primaryimage"},"thumbnailUrl":"https:\/\/www.karinibutiik.ee\/wp-content\/uploads\/2025\/10\/IMG_2764.jpeg","datePublished":"2025-10-06T11:29:00+00:00","dateModified":"2025-10-16T18:31:27+00:00","description":"Stiilne pruun seemisnahast k\u00e4ekott kuldse ketirihmaga. Naturaalsest nahast, eemaldatav pikk rihm. Sobib igaks olukorraks.","breadcrumb":{"@id":"https:\/\/www.karinibutiik.ee\/toode\/naturaalsest-seemisnahast-pruun-kaekott-kuldse-ketirihmaga\/#breadcrumb"},"inLanguage":"lt-LT","potentialAction":[{"@type":"ReadAction","target":["https:\/\/www.karinibutiik.ee\/toode\/naturaalsest-seemisnahast-pruun-kaekott-kuldse-ketirihmaga\/"]}]},{"@type":"ImageObject","inLanguage":"lt-LT","@id":"https:\/\/www.karinibutiik.ee\/toode\/naturaalsest-seemisnahast-pruun-kaekott-kuldse-ketirihmaga\/#primaryimage","url":"https:\/\/www.karinibutiik.ee\/wp-content\/uploads\/2025\/10\/IMG_2764.jpeg","contentUrl":"https:\/\/www.karinibutiik.ee\/wp-content\/uploads\/2025\/10\/IMG_2764.jpeg","width":452,"height":584,"caption":"Naturaalsest seemisnahast pruun k\u00e4ekott kuldse ketirihmaga"},{"@type":"BreadcrumbList","@id":"https:\/\/www.karinibutiik.ee\/toode\/naturaalsest-seemisnahast-pruun-kaekott-kuldse-ketirihmaga\/#breadcrumb","itemListElement":[{"@type":"ListItem","position":1,"name":"Home","item":"https:\/\/www.karinibutiik.ee\/"},{"@type":"ListItem","position":2,"name":"Pood","item":"https:\/\/www.karinibutiik.ee\/pood\/"},{"@type":"ListItem","position":3,"name":"Naturaalsest seemisnahast pruun k\u00e4ekott kuldse ketirihmaga"}]},{"@type":"WebSite","@id":"https:\/\/www.karinibutiik.ee\/#website","url":"https:\/\/www.karinibutiik.ee\/","name":"Karini Butiik","description":"","publisher":{"@id":"https:\/\/www.karinibutiik.ee\/#organization"},"potentialAction":[{"@type":"SearchAction","target":{"@type":"EntryPoint","urlTemplate":"https:\/\/www.karinibutiik.ee\/?s={search_term_string}"},"query-input":{"@type":"PropertyValueSpecification","valueRequired":true,"valueName":"search_term_string"}}],"inLanguage":"lt-LT"},{"@type":"Organization","@id":"https:\/\/www.karinibutiik.ee\/#organization","name":"Karini Butiik","url":"https:\/\/www.karinibutiik.ee\/","logo":{"@type":"ImageObject","inLanguage":"lt-LT","@id":"https:\/\/www.karinibutiik.ee\/#\/schema\/logo\/image\/","url":"https:\/\/www.karinibutiik.ee\/wp-content\/uploads\/2024\/10\/Kuj.-K-koopia.png","contentUrl":"https:\/\/www.karinibutiik.ee\/wp-content\/uploads\/2024\/10\/Kuj.-K-koopia.png","width":500,"height":500,"caption":"Karini Butiik"},"image":{"@id":"https:\/\/www.karinibutiik.ee\/#\/schema\/logo\/image\/"},"sameAs":["https:\/\/www.facebook.com\/karinibutiik.ee","https:\/\/www.instagram.com\/karinibutiik"]}]},"og_availability":"instock","product_availability":"instock","product_retailer_item_id":"9965","product_condition":"new"},"_links":{"self":[{"href":"https:\/\/www.karinibutiik.ee\/lt\/wp-json\/wp\/v2\/product\/24248","targetHints":{"allow":["GET"]}}],"collection":[{"href":"https:\/\/www.karinibutiik.ee\/lt\/wp-json\/wp\/v2\/product"}],"about":[{"href":"https:\/\/www.karinibutiik.ee\/lt\/wp-json\/wp\/v2\/types\/product"}],"version-history":[{"count":1,"href":"https:\/\/www.karinibutiik.ee\/lt\/wp-json\/wp\/v2\/product\/24248\/revisions"}],"predecessor-version":[{"id":24264,"href":"https:\/\/www.karinibutiik.ee\/lt\/wp-json\/wp\/v2\/product\/24248\/revisions\/24264"}],"wp:featuredmedia":[{"embeddable":true,"href":"https:\/\/www.karinibutiik.ee\/lt\/wp-json\/wp\/v2\/media\/24243"}],"wp:attachment":[{"href":"https:\/\/www.karinibutiik.ee\/lt\/wp-json\/wp\/v2\/media?parent=24248"}],"wp:term":[{"taxonomy":"product_brand","embeddable":true,"href":"https:\/\/www.karinibutiik.ee\/lt\/wp-json\/wp\/v2\/product_brand?post=24248"},{"taxonomy":"product_cat","embeddable":true,"href":"https:\/\/www.karinibutiik.ee\/lt\/wp-json\/wp\/v2\/product_cat?post=24248"},{"taxonomy":"product_tag","embeddable":true,"href":"https:\/\/www.karinibutiik.ee\/lt\/wp-json\/wp\/v2\/product_tag?post=24248"}],"curies":[{"name":"wp","href":"https:\/\/api.w.org\/{rel}","templated":true}]}}