{"id":24267,"date":"2025-10-06T16:45:00","date_gmt":"2025-10-06T13:45:00","guid":{"rendered":"https:\/\/www.karinibutiik.ee\/?post_type=product&#038;p=24267"},"modified":"2025-11-14T10:21:22","modified_gmt":"2025-11-14T08:21:22","slug":"naturaalsest-seemisnahast-kaekott-reguleeritava-olarihmaga","status":"publish","type":"product","link":"https:\/\/www.karinibutiik.ee\/lt\/produktas\/naturaalsest-seemisnahast-kaekott-reguleeritava-olarihmaga\/","title":{"rendered":"Naturaalsest seemisnahast k\u00e4ekott reguleeritava \u00f5larihmaga"},"content":{"rendered":"<p>Elegantne ja praktiline k\u00e4ekott, valmistatud kvaliteetsest naturaalsest seemisnahast. Kott on kaunistatud stiilse metallist r\u00f5ngasdetailiga ning sobib ideaalselt nii igap\u00e4evaseks kasutamiseks kui ka pidulikemaks s\u00fcndmusteks. Komplektis on eemaldatav ja reguleeritava pikkusega \u00f5larihm, mis v\u00f5imaldab mugavalt kanda nii \u00fcle \u00f5la kui ka risti kehal. Pehme tekstuur ja ajatult \u0161ikk disain muudavad selle koti hooajast s\u00f5ltumatuks lemmikuks.<\/p>","protected":false},"excerpt":{"rendered":"<p>Elegantne ja praktiline k\u00e4ekott, valmistatud kvaliteetsest naturaalsest seemisnahast. Kott on kaunistatud stiilse metallist r\u00f5ngasdetailiga ning sobib ideaalselt nii igap\u00e4evaseks kasutamiseks [&hellip;]<\/p>\n","protected":false},"featured_media":24255,"template":"","meta":{"site-sidebar-layout":"default","site-content-layout":"","ast-site-content-layout":"default","site-content-style":"default","site-sidebar-style":"default","ast-global-header-display":"","ast-banner-title-visibility":"","ast-main-header-display":"","ast-hfb-above-header-display":"","ast-hfb-below-header-display":"","ast-hfb-mobile-header-display":"","site-post-title":"","ast-breadcrumbs-content":"","ast-featured-img":"","footer-sml-layout":"","ast-disable-related-posts":"","theme-transparent-header-meta":"default","adv-header-id-meta":"","stick-header-meta":"default","header-above-stick-meta":"","header-main-stick-meta":"","header-below-stick-meta":"","astra-migrate-meta-layouts":"set","ast-page-background-enabled":"default","ast-page-background-meta":{"desktop":{"background-color":"var(--ast-global-color-4)","background-image":"","background-repeat":"repeat","background-position":"center center","background-size":"auto","background-attachment":"scroll","background-type":"","background-media":"","overlay-type":"","overlay-color":"","overlay-opacity":"","overlay-gradient":""},"tablet":{"background-color":"","background-image":"","background-repeat":"repeat","background-position":"center center","background-size":"auto","background-attachment":"scroll","background-type":"","background-media":"","overlay-type":"","overlay-color":"","overlay-opacity":"","overlay-gradient":""},"mobile":{"background-color":"","background-image":"","background-repeat":"repeat","background-position":"center center","background-size":"auto","background-attachment":"scroll","background-type":"","background-media":"","overlay-type":"","overlay-color":"","overlay-opacity":"","overlay-gradient":""}},"ast-content-background-meta":{"desktop":{"background-color":"var(--ast-global-color-5)","background-image":"","background-repeat":"repeat","background-position":"center center","background-size":"auto","background-attachment":"scroll","background-type":"","background-media":"","overlay-type":"","overlay-color":"","overlay-opacity":"","overlay-gradient":""},"tablet":{"background-color":"var(--ast-global-color-5)","background-image":"","background-repeat":"repeat","background-position":"center center","background-size":"auto","background-attachment":"scroll","background-type":"","background-media":"","overlay-type":"","overlay-color":"","overlay-opacity":"","overlay-gradient":""},"mobile":{"background-color":"var(--ast-global-color-5)","background-image":"","background-repeat":"repeat","background-position":"center center","background-size":"auto","background-attachment":"scroll","background-type":"","background-media":"","overlay-type":"","overlay-color":"","overlay-opacity":"","overlay-gradient":""}}},"product_brand":[],"product_cat":[371,351],"product_tag":[1871,1875,1874,484,501,1873,1870,1872,1862,1864,1859,1877,1876],"class_list":{"0":"post-24267","1":"product","2":"type-product","3":"status-publish","4":"has-post-thumbnail","6":"product_cat-aksessuaarid","7":"product_cat-uued-tooted","8":"product_tag-crossbody-kott","9":"product_tag-elegantne-kott","10":"product_tag-igapaevane-kott","11":"product_tag-kaekott","12":"product_tag-karini-butiik","13":"product_tag-moekott","14":"product_tag-nahkkott","15":"product_tag-naiste-kott","16":"product_tag-naturaalne-nahk","17":"product_tag-olakott","18":"product_tag-seemisnahk","19":"product_tag-sugisene-kott","20":"product_tag-trendikas-kott","21":"desktop-align-center","22":"tablet-align-center","23":"mobile-align-center","24":"ast-product-gallery-layout-horizontal-slider","25":"ast-product-single-variable","26":"ast-product-tabs-layout-horizontal","28":"first","29":"instock","30":"taxable","31":"shipping-taxable","32":"purchasable","33":"product-type-variable"},"supplier_id":null,"supplier_sku":"","barcode":null,"atum_controlled":true,"out_stock_date":null,"out_stock_threshold":null,"inheritable":true,"inbound_stock":null,"stock_on_hold":0,"sold_today":0,"sales_last_days":0,"reserved_stock":0,"customer_returns":null,"warehouse_damage":0,"lost_in_post":null,"other_logs":0,"out_stock_days":0,"lost_sales":0,"has_location":false,"update_date":"2025-12-04T01:45:37","atum_locations":[],"atum_stock_status":"instock","restock_status":false,"low_stock_amount":"","sales_update_date":"2025-12-04T01:45:37","calc_backorders":null,"yoast_head":"<!-- This site is optimized with the Yoast SEO plugin v26.9 - https:\/\/yoast.com\/product\/yoast-seo-wordpress\/ -->\n<title>Naturaalsest seemisnahast k\u00e4ekott reguleeritava \u00f5larihmaga - Karini Butiik<\/title>\n<meta name=\"description\" content=\"Stiilne naturaalne seemisnahast k\u00e4ekott metallist detailiga. Komplektis pikk reguleeritav \u00f5larihm. Elegantne ja praktiline valik igaks p\u00e4evaks!\" \/>\n<meta name=\"robots\" content=\"index, follow, max-snippet:-1, max-image-preview:large, max-video-preview:-1\" \/>\n<link rel=\"canonical\" href=\"https:\/\/www.karinibutiik.ee\/lt\/produktas\/naturaalsest-seemisnahast-kaekott-reguleeritava-olarihmaga\/\" \/>\n<meta property=\"og:locale\" content=\"lt_LT\" \/>\n<meta property=\"og:type\" content=\"article\" \/>\n<meta property=\"og:title\" content=\"Naturaalsest seemisnahast k\u00e4ekott reguleeritava \u00f5larihmaga - Karini Butiik\" \/>\n<meta property=\"og:description\" content=\"Stiilne naturaalne seemisnahast k\u00e4ekott metallist detailiga. Komplektis pikk reguleeritav \u00f5larihm. Elegantne ja praktiline valik igaks p\u00e4evaks!\" \/>\n<meta property=\"og:url\" content=\"https:\/\/www.karinibutiik.ee\/lt\/produktas\/naturaalsest-seemisnahast-kaekott-reguleeritava-olarihmaga\/\" \/>\n<meta property=\"og:site_name\" content=\"Karini Butiik\" \/>\n<meta property=\"article:publisher\" content=\"https:\/\/www.facebook.com\/karinibutiik.ee\" \/>\n<meta property=\"article:modified_time\" content=\"2025-11-14T08:21:22+00:00\" \/>\n<meta property=\"og:image\" content=\"https:\/\/www.karinibutiik.ee\/wp-content\/uploads\/2025\/10\/IMG_1838-scaled.jpeg\" \/>\n\t<meta property=\"og:image:width\" content=\"2517\" \/>\n\t<meta property=\"og:image:height\" content=\"2560\" \/>\n\t<meta property=\"og:image:type\" content=\"image\/jpeg\" \/>\n<meta name=\"twitter:card\" content=\"summary_large_image\" \/>\n<meta name=\"twitter:label1\" content=\"Availability\" \/>\n\t<meta name=\"twitter:data1\" content=\"In stock\" \/>\n<script type=\"application\/ld+json\" class=\"yoast-schema-graph\">{\"@context\":\"https:\/\/schema.org\",\"@graph\":[{\"@type\":\"WebPage\",\"@id\":\"https:\/\/www.karinibutiik.ee\/toode\/naturaalsest-seemisnahast-kaekott-reguleeritava-olarihmaga\/\",\"url\":\"https:\/\/www.karinibutiik.ee\/toode\/naturaalsest-seemisnahast-kaekott-reguleeritava-olarihmaga\/\",\"name\":\"Naturaalsest seemisnahast k\u00e4ekott reguleeritava \u00f5larihmaga - Karini Butiik\",\"isPartOf\":{\"@id\":\"https:\/\/www.karinibutiik.ee\/#website\"},\"primaryImageOfPage\":{\"@id\":\"https:\/\/www.karinibutiik.ee\/toode\/naturaalsest-seemisnahast-kaekott-reguleeritava-olarihmaga\/#primaryimage\"},\"image\":{\"@id\":\"https:\/\/www.karinibutiik.ee\/toode\/naturaalsest-seemisnahast-kaekott-reguleeritava-olarihmaga\/#primaryimage\"},\"thumbnailUrl\":\"https:\/\/www.karinibutiik.ee\/wp-content\/uploads\/2025\/10\/IMG_1838-scaled.jpeg\",\"datePublished\":\"2025-10-06T13:45:00+00:00\",\"dateModified\":\"2025-11-14T08:21:22+00:00\",\"description\":\"Stiilne naturaalne seemisnahast k\u00e4ekott metallist detailiga. Komplektis pikk reguleeritav \u00f5larihm. Elegantne ja praktiline valik igaks p\u00e4evaks!\",\"breadcrumb\":{\"@id\":\"https:\/\/www.karinibutiik.ee\/toode\/naturaalsest-seemisnahast-kaekott-reguleeritava-olarihmaga\/#breadcrumb\"},\"inLanguage\":\"lt-LT\",\"potentialAction\":[{\"@type\":\"ReadAction\",\"target\":[\"https:\/\/www.karinibutiik.ee\/toode\/naturaalsest-seemisnahast-kaekott-reguleeritava-olarihmaga\/\"]}]},{\"@type\":\"ImageObject\",\"inLanguage\":\"lt-LT\",\"@id\":\"https:\/\/www.karinibutiik.ee\/toode\/naturaalsest-seemisnahast-kaekott-reguleeritava-olarihmaga\/#primaryimage\",\"url\":\"https:\/\/www.karinibutiik.ee\/wp-content\/uploads\/2025\/10\/IMG_1838-scaled.jpeg\",\"contentUrl\":\"https:\/\/www.karinibutiik.ee\/wp-content\/uploads\/2025\/10\/IMG_1838-scaled.jpeg\",\"width\":2517,\"height\":2560,\"caption\":\"Naturaalsest nahast k\u00e4ekott\"},{\"@type\":\"BreadcrumbList\",\"@id\":\"https:\/\/www.karinibutiik.ee\/toode\/naturaalsest-seemisnahast-kaekott-reguleeritava-olarihmaga\/#breadcrumb\",\"itemListElement\":[{\"@type\":\"ListItem\",\"position\":1,\"name\":\"Home\",\"item\":\"https:\/\/www.karinibutiik.ee\/\"},{\"@type\":\"ListItem\",\"position\":2,\"name\":\"Pood\",\"item\":\"https:\/\/www.karinibutiik.ee\/pood\/\"},{\"@type\":\"ListItem\",\"position\":3,\"name\":\"Naturaalsest seemisnahast k\u00e4ekott reguleeritava \u00f5larihmaga\"}]},{\"@type\":\"WebSite\",\"@id\":\"https:\/\/www.karinibutiik.ee\/#website\",\"url\":\"https:\/\/www.karinibutiik.ee\/\",\"name\":\"Karini Butiik\",\"description\":\"\",\"publisher\":{\"@id\":\"https:\/\/www.karinibutiik.ee\/#organization\"},\"potentialAction\":[{\"@type\":\"SearchAction\",\"target\":{\"@type\":\"EntryPoint\",\"urlTemplate\":\"https:\/\/www.karinibutiik.ee\/?s={search_term_string}\"},\"query-input\":{\"@type\":\"PropertyValueSpecification\",\"valueRequired\":true,\"valueName\":\"search_term_string\"}}],\"inLanguage\":\"lt-LT\"},{\"@type\":\"Organization\",\"@id\":\"https:\/\/www.karinibutiik.ee\/#organization\",\"name\":\"Karini Butiik\",\"url\":\"https:\/\/www.karinibutiik.ee\/\",\"logo\":{\"@type\":\"ImageObject\",\"inLanguage\":\"lt-LT\",\"@id\":\"https:\/\/www.karinibutiik.ee\/#\/schema\/logo\/image\/\",\"url\":\"https:\/\/www.karinibutiik.ee\/wp-content\/uploads\/2024\/10\/Kuj.-K-koopia.png\",\"contentUrl\":\"https:\/\/www.karinibutiik.ee\/wp-content\/uploads\/2024\/10\/Kuj.-K-koopia.png\",\"width\":500,\"height\":500,\"caption\":\"Karini Butiik\"},\"image\":{\"@id\":\"https:\/\/www.karinibutiik.ee\/#\/schema\/logo\/image\/\"},\"sameAs\":[\"https:\/\/www.facebook.com\/karinibutiik.ee\",\"https:\/\/www.instagram.com\/karinibutiik\"]}]}<\/script>\n<meta property=\"og:availability\" content=\"instock\" \/>\n<meta property=\"product:availability\" content=\"instock\" \/>\n<meta property=\"product:retailer_item_id\" content=\"9974\" \/>\n<meta property=\"product:condition\" content=\"new\" \/>\n<!-- \/ Yoast SEO plugin. -->","yoast_head_json":{"title":"Naturaalsest seemisnahast k\u00e4ekott reguleeritava \u00f5larihmaga - Karini Butiik","description":"Stiilne naturaalne seemisnahast k\u00e4ekott metallist detailiga. Komplektis pikk reguleeritav \u00f5larihm. Elegantne ja praktiline valik igaks p\u00e4evaks!","robots":{"index":"index","follow":"follow","max-snippet":"max-snippet:-1","max-image-preview":"max-image-preview:large","max-video-preview":"max-video-preview:-1"},"canonical":"https:\/\/www.karinibutiik.ee\/lt\/produktas\/naturaalsest-seemisnahast-kaekott-reguleeritava-olarihmaga\/","og_locale":"lt_LT","og_type":"article","og_title":"Naturaalsest seemisnahast k\u00e4ekott reguleeritava \u00f5larihmaga - Karini Butiik","og_description":"Stiilne naturaalne seemisnahast k\u00e4ekott metallist detailiga. Komplektis pikk reguleeritav \u00f5larihm. Elegantne ja praktiline valik igaks p\u00e4evaks!","og_url":"https:\/\/www.karinibutiik.ee\/lt\/produktas\/naturaalsest-seemisnahast-kaekott-reguleeritava-olarihmaga\/","og_site_name":"Karini Butiik","article_publisher":"https:\/\/www.facebook.com\/karinibutiik.ee","article_modified_time":"2025-11-14T08:21:22+00:00","og_image":[{"width":2517,"height":2560,"url":"https:\/\/www.karinibutiik.ee\/wp-content\/uploads\/2025\/10\/IMG_1838-scaled.jpeg","type":"image\/jpeg"}],"twitter_card":"summary_large_image","twitter_misc":{"Availability":"In stock"},"schema":{"@context":"https:\/\/schema.org","@graph":[{"@type":"WebPage","@id":"https:\/\/www.karinibutiik.ee\/toode\/naturaalsest-seemisnahast-kaekott-reguleeritava-olarihmaga\/","url":"https:\/\/www.karinibutiik.ee\/toode\/naturaalsest-seemisnahast-kaekott-reguleeritava-olarihmaga\/","name":"Naturaalsest seemisnahast k\u00e4ekott reguleeritava \u00f5larihmaga - Karini Butiik","isPartOf":{"@id":"https:\/\/www.karinibutiik.ee\/#website"},"primaryImageOfPage":{"@id":"https:\/\/www.karinibutiik.ee\/toode\/naturaalsest-seemisnahast-kaekott-reguleeritava-olarihmaga\/#primaryimage"},"image":{"@id":"https:\/\/www.karinibutiik.ee\/toode\/naturaalsest-seemisnahast-kaekott-reguleeritava-olarihmaga\/#primaryimage"},"thumbnailUrl":"https:\/\/www.karinibutiik.ee\/wp-content\/uploads\/2025\/10\/IMG_1838-scaled.jpeg","datePublished":"2025-10-06T13:45:00+00:00","dateModified":"2025-11-14T08:21:22+00:00","description":"Stiilne naturaalne seemisnahast k\u00e4ekott metallist detailiga. Komplektis pikk reguleeritav \u00f5larihm. Elegantne ja praktiline valik igaks p\u00e4evaks!","breadcrumb":{"@id":"https:\/\/www.karinibutiik.ee\/toode\/naturaalsest-seemisnahast-kaekott-reguleeritava-olarihmaga\/#breadcrumb"},"inLanguage":"lt-LT","potentialAction":[{"@type":"ReadAction","target":["https:\/\/www.karinibutiik.ee\/toode\/naturaalsest-seemisnahast-kaekott-reguleeritava-olarihmaga\/"]}]},{"@type":"ImageObject","inLanguage":"lt-LT","@id":"https:\/\/www.karinibutiik.ee\/toode\/naturaalsest-seemisnahast-kaekott-reguleeritava-olarihmaga\/#primaryimage","url":"https:\/\/www.karinibutiik.ee\/wp-content\/uploads\/2025\/10\/IMG_1838-scaled.jpeg","contentUrl":"https:\/\/www.karinibutiik.ee\/wp-content\/uploads\/2025\/10\/IMG_1838-scaled.jpeg","width":2517,"height":2560,"caption":"Naturaalsest nahast k\u00e4ekott"},{"@type":"BreadcrumbList","@id":"https:\/\/www.karinibutiik.ee\/toode\/naturaalsest-seemisnahast-kaekott-reguleeritava-olarihmaga\/#breadcrumb","itemListElement":[{"@type":"ListItem","position":1,"name":"Home","item":"https:\/\/www.karinibutiik.ee\/"},{"@type":"ListItem","position":2,"name":"Pood","item":"https:\/\/www.karinibutiik.ee\/pood\/"},{"@type":"ListItem","position":3,"name":"Naturaalsest seemisnahast k\u00e4ekott reguleeritava \u00f5larihmaga"}]},{"@type":"WebSite","@id":"https:\/\/www.karinibutiik.ee\/#website","url":"https:\/\/www.karinibutiik.ee\/","name":"Karini Butiik","description":"","publisher":{"@id":"https:\/\/www.karinibutiik.ee\/#organization"},"potentialAction":[{"@type":"SearchAction","target":{"@type":"EntryPoint","urlTemplate":"https:\/\/www.karinibutiik.ee\/?s={search_term_string}"},"query-input":{"@type":"PropertyValueSpecification","valueRequired":true,"valueName":"search_term_string"}}],"inLanguage":"lt-LT"},{"@type":"Organization","@id":"https:\/\/www.karinibutiik.ee\/#organization","name":"Karini Butiik","url":"https:\/\/www.karinibutiik.ee\/","logo":{"@type":"ImageObject","inLanguage":"lt-LT","@id":"https:\/\/www.karinibutiik.ee\/#\/schema\/logo\/image\/","url":"https:\/\/www.karinibutiik.ee\/wp-content\/uploads\/2024\/10\/Kuj.-K-koopia.png","contentUrl":"https:\/\/www.karinibutiik.ee\/wp-content\/uploads\/2024\/10\/Kuj.-K-koopia.png","width":500,"height":500,"caption":"Karini Butiik"},"image":{"@id":"https:\/\/www.karinibutiik.ee\/#\/schema\/logo\/image\/"},"sameAs":["https:\/\/www.facebook.com\/karinibutiik.ee","https:\/\/www.instagram.com\/karinibutiik"]}]},"og_availability":"instock","product_availability":"instock","product_retailer_item_id":"9974","product_condition":"new"},"_links":{"self":[{"href":"https:\/\/www.karinibutiik.ee\/lt\/wp-json\/wp\/v2\/product\/24267","targetHints":{"allow":["GET"]}}],"collection":[{"href":"https:\/\/www.karinibutiik.ee\/lt\/wp-json\/wp\/v2\/product"}],"about":[{"href":"https:\/\/www.karinibutiik.ee\/lt\/wp-json\/wp\/v2\/types\/product"}],"version-history":[{"count":1,"href":"https:\/\/www.karinibutiik.ee\/lt\/wp-json\/wp\/v2\/product\/24267\/revisions"}],"predecessor-version":[{"id":24271,"href":"https:\/\/www.karinibutiik.ee\/lt\/wp-json\/wp\/v2\/product\/24267\/revisions\/24271"}],"wp:featuredmedia":[{"embeddable":true,"href":"https:\/\/www.karinibutiik.ee\/lt\/wp-json\/wp\/v2\/media\/24255"}],"wp:attachment":[{"href":"https:\/\/www.karinibutiik.ee\/lt\/wp-json\/wp\/v2\/media?parent=24267"}],"wp:term":[{"taxonomy":"product_brand","embeddable":true,"href":"https:\/\/www.karinibutiik.ee\/lt\/wp-json\/wp\/v2\/product_brand?post=24267"},{"taxonomy":"product_cat","embeddable":true,"href":"https:\/\/www.karinibutiik.ee\/lt\/wp-json\/wp\/v2\/product_cat?post=24267"},{"taxonomy":"product_tag","embeddable":true,"href":"https:\/\/www.karinibutiik.ee\/lt\/wp-json\/wp\/v2\/product_tag?post=24267"}],"curies":[{"name":"wp","href":"https:\/\/api.w.org\/{rel}","templated":true}]}}