{"id":24436,"date":"2025-10-08T15:45:50","date_gmt":"2025-10-08T12:45:50","guid":{"rendered":"https:\/\/www.karinibutiik.ee\/?post_type=product&#038;p=24436"},"modified":"2026-02-26T13:29:31","modified_gmt":"2026-02-26T11:29:31","slug":"luhike-vatiintaidisega-kapuutsiga-jope","status":"publish","type":"product","link":"https:\/\/www.karinibutiik.ee\/lt\/produktas\/luhike-vatiintaidisega-kapuutsiga-jope\/","title":{"rendered":"L\u00fchike vatiint\u00e4idisega kapuutsiga jope"},"content":{"rendered":"<p>Moodne ja praktiline l\u00fchike vatiint\u00e4idisega jope, mis pakub soojust ja mugavust k\u00fclmematel p\u00e4evadel. Pehme ja vastupidav pealisriie tagab m\u00f5nusa kandmise ning hoiab jaheda tuule eemal. Mugav kapuuts koos reguleeritavate n\u00f6\u00f6ridega lisab sportlikku ilmet ja kaitset ilmastiku eest. Jope esiosas on tugev t\u00f5mblukk ja praktilised taskud. Saadaval kahes klassikalises toonis \u2013 must ja bee\u017e. T\u00e4iuslik valik s\u00fcgisesse ja talvehooaega, \u00fchendades mugavuse ja stiili.<\/p>","protected":false},"excerpt":{"rendered":"<p>Moodne ja praktiline l\u00fchike vatiint\u00e4idisega jope, mis pakub soojust ja mugavust k\u00fclmematel p\u00e4evadel. Pehme ja vastupidav pealisriie tagab m\u00f5nusa kandmise [&hellip;]<\/p>\n","protected":false},"featured_media":24433,"template":"","meta":{"site-sidebar-layout":"default","site-content-layout":"","ast-site-content-layout":"default","site-content-style":"default","site-sidebar-style":"default","ast-global-header-display":"","ast-banner-title-visibility":"","ast-main-header-display":"","ast-hfb-above-header-display":"","ast-hfb-below-header-display":"","ast-hfb-mobile-header-display":"","site-post-title":"","ast-breadcrumbs-content":"","ast-featured-img":"","footer-sml-layout":"","ast-disable-related-posts":"","theme-transparent-header-meta":"default","adv-header-id-meta":"","stick-header-meta":"default","header-above-stick-meta":"","header-main-stick-meta":"","header-below-stick-meta":"","astra-migrate-meta-layouts":"set","ast-page-background-enabled":"default","ast-page-background-meta":{"desktop":{"background-color":"var(--ast-global-color-4)","background-image":"","background-repeat":"repeat","background-position":"center center","background-size":"auto","background-attachment":"scroll","background-type":"","background-media":"","overlay-type":"","overlay-color":"","overlay-opacity":"","overlay-gradient":""},"tablet":{"background-color":"","background-image":"","background-repeat":"repeat","background-position":"center center","background-size":"auto","background-attachment":"scroll","background-type":"","background-media":"","overlay-type":"","overlay-color":"","overlay-opacity":"","overlay-gradient":""},"mobile":{"background-color":"","background-image":"","background-repeat":"repeat","background-position":"center center","background-size":"auto","background-attachment":"scroll","background-type":"","background-media":"","overlay-type":"","overlay-color":"","overlay-opacity":"","overlay-gradient":""}},"ast-content-background-meta":{"desktop":{"background-color":"var(--ast-global-color-5)","background-image":"","background-repeat":"repeat","background-position":"center center","background-size":"auto","background-attachment":"scroll","background-type":"","background-media":"","overlay-type":"","overlay-color":"","overlay-opacity":"","overlay-gradient":""},"tablet":{"background-color":"var(--ast-global-color-5)","background-image":"","background-repeat":"repeat","background-position":"center center","background-size":"auto","background-attachment":"scroll","background-type":"","background-media":"","overlay-type":"","overlay-color":"","overlay-opacity":"","overlay-gradient":""},"mobile":{"background-color":"var(--ast-global-color-5)","background-image":"","background-repeat":"repeat","background-position":"center center","background-size":"auto","background-attachment":"scroll","background-type":"","background-media":"","overlay-type":"","overlay-color":"","overlay-opacity":"","overlay-gradient":""}}},"product_brand":[],"product_cat":[367,385,346,453,365,351],"product_tag":[1960,1963,876,1953,501,1955,1961,1959,1956,1853,1958,1957,1962,1954],"class_list":{"0":"post-24436","1":"product","2":"type-product","3":"status-publish","4":"has-post-thumbnail","6":"product_cat-allahindlus","7":"product_cat-joped-tagid-vestid","8":"product_cat-naised","9":"product_cat-soodus","10":"product_cat-uleriided","11":"product_cat-uued-tooted","12":"product_tag-beez-jope","13":"product_tag-igapaevane-jope","14":"product_tag-jope","15":"product_tag-kapuutsiga-jope","16":"product_tag-karini-butiik","17":"product_tag-luhike-jope","18":"product_tag-moekas-jope","19":"product_tag-must-jope","20":"product_tag-naiste-jope","21":"product_tag-soe-jope","22":"product_tag-sugisjope","23":"product_tag-talvejope","24":"product_tag-trendikas-jope","25":"product_tag-vatiinjope","26":"desktop-align-center","27":"tablet-align-center","28":"mobile-align-center","29":"ast-product-gallery-layout-horizontal-slider","30":"ast-product-single-variable","31":"ast-product-tabs-layout-horizontal","33":"first","34":"instock","35":"sale","36":"taxable","37":"shipping-taxable","38":"purchasable","39":"product-type-variable"},"supplier_id":null,"supplier_sku":"","barcode":null,"atum_controlled":true,"out_stock_date":null,"out_stock_threshold":null,"inheritable":true,"inbound_stock":null,"stock_on_hold":0,"sold_today":0,"sales_last_days":0,"reserved_stock":0,"customer_returns":null,"warehouse_damage":0,"lost_in_post":null,"other_logs":0,"out_stock_days":0,"lost_sales":0,"has_location":false,"update_date":"2026-02-16T09:18:10","atum_locations":[],"atum_stock_status":"instock","restock_status":false,"low_stock_amount":"","sales_update_date":"2025-12-04T09:59:40","calc_backorders":null,"yoast_head":"<!-- This site is optimized with the Yoast SEO plugin v26.9 - https:\/\/yoast.com\/product\/yoast-seo-wordpress\/ -->\n<title>L\u00fchike vatiint\u00e4idisega kapuutsiga jope - Karini Butiik<\/title>\n<meta name=\"description\" content=\"Stiilne l\u00fchike vatiint\u00e4idisega kapuutsiga jope. Saadaval must ja bee\u017e, suurused S\u2013L. Soe ja mugav valik igap\u00e4evaseks kandmiseks.\" \/>\n<meta name=\"robots\" content=\"index, follow, max-snippet:-1, max-image-preview:large, max-video-preview:-1\" \/>\n<link rel=\"canonical\" href=\"https:\/\/www.karinibutiik.ee\/lt\/produktas\/luhike-vatiintaidisega-kapuutsiga-jope\/\" \/>\n<meta property=\"og:locale\" content=\"lt_LT\" \/>\n<meta property=\"og:type\" content=\"article\" \/>\n<meta property=\"og:title\" content=\"L\u00fchike vatiint\u00e4idisega kapuutsiga jope - Karini Butiik\" \/>\n<meta property=\"og:description\" content=\"Stiilne l\u00fchike vatiint\u00e4idisega kapuutsiga jope. Saadaval must ja bee\u017e, suurused S\u2013L. Soe ja mugav valik igap\u00e4evaseks kandmiseks.\" \/>\n<meta property=\"og:url\" content=\"https:\/\/www.karinibutiik.ee\/lt\/produktas\/luhike-vatiintaidisega-kapuutsiga-jope\/\" \/>\n<meta property=\"og:site_name\" content=\"Karini Butiik\" \/>\n<meta property=\"article:publisher\" content=\"https:\/\/www.facebook.com\/karinibutiik.ee\" \/>\n<meta property=\"article:modified_time\" content=\"2026-02-26T11:29:31+00:00\" \/>\n<meta property=\"og:image\" content=\"https:\/\/www.karinibutiik.ee\/wp-content\/uploads\/2025\/10\/IMG_7587-e1759927597177.jpeg\" \/>\n\t<meta property=\"og:image:width\" content=\"680\" \/>\n\t<meta property=\"og:image:height\" content=\"910\" \/>\n\t<meta property=\"og:image:type\" content=\"image\/jpeg\" \/>\n<meta name=\"twitter:card\" content=\"summary_large_image\" \/>\n<meta name=\"twitter:label1\" content=\"Availability\" \/>\n\t<meta name=\"twitter:data1\" content=\"In stock\" \/>\n<script type=\"application\/ld+json\" class=\"yoast-schema-graph\">{\"@context\":\"https:\/\/schema.org\",\"@graph\":[{\"@type\":\"WebPage\",\"@id\":\"https:\/\/www.karinibutiik.ee\/toode\/luhike-vatiintaidisega-kapuutsiga-jope\/\",\"url\":\"https:\/\/www.karinibutiik.ee\/toode\/luhike-vatiintaidisega-kapuutsiga-jope\/\",\"name\":\"L\u00fchike vatiint\u00e4idisega kapuutsiga jope - Karini Butiik\",\"isPartOf\":{\"@id\":\"https:\/\/www.karinibutiik.ee\/#website\"},\"primaryImageOfPage\":{\"@id\":\"https:\/\/www.karinibutiik.ee\/toode\/luhike-vatiintaidisega-kapuutsiga-jope\/#primaryimage\"},\"image\":{\"@id\":\"https:\/\/www.karinibutiik.ee\/toode\/luhike-vatiintaidisega-kapuutsiga-jope\/#primaryimage\"},\"thumbnailUrl\":\"https:\/\/www.karinibutiik.ee\/wp-content\/uploads\/2025\/10\/IMG_7587-e1759927597177.jpeg\",\"datePublished\":\"2025-10-08T12:45:50+00:00\",\"dateModified\":\"2026-02-26T11:29:31+00:00\",\"description\":\"Stiilne l\u00fchike vatiint\u00e4idisega kapuutsiga jope. Saadaval must ja bee\u017e, suurused S\u2013L. Soe ja mugav valik igap\u00e4evaseks kandmiseks.\",\"breadcrumb\":{\"@id\":\"https:\/\/www.karinibutiik.ee\/toode\/luhike-vatiintaidisega-kapuutsiga-jope\/#breadcrumb\"},\"inLanguage\":\"lt-LT\",\"potentialAction\":[{\"@type\":\"ReadAction\",\"target\":[\"https:\/\/www.karinibutiik.ee\/toode\/luhike-vatiintaidisega-kapuutsiga-jope\/\"]}]},{\"@type\":\"ImageObject\",\"inLanguage\":\"lt-LT\",\"@id\":\"https:\/\/www.karinibutiik.ee\/toode\/luhike-vatiintaidisega-kapuutsiga-jope\/#primaryimage\",\"url\":\"https:\/\/www.karinibutiik.ee\/wp-content\/uploads\/2025\/10\/IMG_7587-e1759927597177.jpeg\",\"contentUrl\":\"https:\/\/www.karinibutiik.ee\/wp-content\/uploads\/2025\/10\/IMG_7587-e1759927597177.jpeg\",\"width\":680,\"height\":910,\"caption\":\"L\u00fchike vatiint\u00e4idisega kapuutsiga jope\"},{\"@type\":\"BreadcrumbList\",\"@id\":\"https:\/\/www.karinibutiik.ee\/toode\/luhike-vatiintaidisega-kapuutsiga-jope\/#breadcrumb\",\"itemListElement\":[{\"@type\":\"ListItem\",\"position\":1,\"name\":\"Home\",\"item\":\"https:\/\/www.karinibutiik.ee\/\"},{\"@type\":\"ListItem\",\"position\":2,\"name\":\"Pood\",\"item\":\"https:\/\/www.karinibutiik.ee\/pood\/\"},{\"@type\":\"ListItem\",\"position\":3,\"name\":\"L\u00fchike vatiint\u00e4idisega kapuutsiga jope\"}]},{\"@type\":\"WebSite\",\"@id\":\"https:\/\/www.karinibutiik.ee\/#website\",\"url\":\"https:\/\/www.karinibutiik.ee\/\",\"name\":\"Karini Butiik\",\"description\":\"\",\"publisher\":{\"@id\":\"https:\/\/www.karinibutiik.ee\/#organization\"},\"potentialAction\":[{\"@type\":\"SearchAction\",\"target\":{\"@type\":\"EntryPoint\",\"urlTemplate\":\"https:\/\/www.karinibutiik.ee\/?s={search_term_string}\"},\"query-input\":{\"@type\":\"PropertyValueSpecification\",\"valueRequired\":true,\"valueName\":\"search_term_string\"}}],\"inLanguage\":\"lt-LT\"},{\"@type\":\"Organization\",\"@id\":\"https:\/\/www.karinibutiik.ee\/#organization\",\"name\":\"Karini Butiik\",\"url\":\"https:\/\/www.karinibutiik.ee\/\",\"logo\":{\"@type\":\"ImageObject\",\"inLanguage\":\"lt-LT\",\"@id\":\"https:\/\/www.karinibutiik.ee\/#\/schema\/logo\/image\/\",\"url\":\"https:\/\/www.karinibutiik.ee\/wp-content\/uploads\/2024\/10\/Kuj.-K-koopia.png\",\"contentUrl\":\"https:\/\/www.karinibutiik.ee\/wp-content\/uploads\/2024\/10\/Kuj.-K-koopia.png\",\"width\":500,\"height\":500,\"caption\":\"Karini Butiik\"},\"image\":{\"@id\":\"https:\/\/www.karinibutiik.ee\/#\/schema\/logo\/image\/\"},\"sameAs\":[\"https:\/\/www.facebook.com\/karinibutiik.ee\",\"https:\/\/www.instagram.com\/karinibutiik\"]}]}<\/script>\n<meta property=\"og:availability\" content=\"instock\" \/>\n<meta property=\"product:availability\" content=\"instock\" \/>\n<meta property=\"product:retailer_item_id\" content=\"25095\" \/>\n<meta property=\"product:condition\" content=\"new\" \/>\n<!-- \/ Yoast SEO plugin. -->","yoast_head_json":{"title":"L\u00fchike vatiint\u00e4idisega kapuutsiga jope - Karini Butiik","description":"Stiilne l\u00fchike vatiint\u00e4idisega kapuutsiga jope. Saadaval must ja bee\u017e, suurused S\u2013L. Soe ja mugav valik igap\u00e4evaseks kandmiseks.","robots":{"index":"index","follow":"follow","max-snippet":"max-snippet:-1","max-image-preview":"max-image-preview:large","max-video-preview":"max-video-preview:-1"},"canonical":"https:\/\/www.karinibutiik.ee\/lt\/produktas\/luhike-vatiintaidisega-kapuutsiga-jope\/","og_locale":"lt_LT","og_type":"article","og_title":"L\u00fchike vatiint\u00e4idisega kapuutsiga jope - Karini Butiik","og_description":"Stiilne l\u00fchike vatiint\u00e4idisega kapuutsiga jope. Saadaval must ja bee\u017e, suurused S\u2013L. Soe ja mugav valik igap\u00e4evaseks kandmiseks.","og_url":"https:\/\/www.karinibutiik.ee\/lt\/produktas\/luhike-vatiintaidisega-kapuutsiga-jope\/","og_site_name":"Karini Butiik","article_publisher":"https:\/\/www.facebook.com\/karinibutiik.ee","article_modified_time":"2026-02-26T11:29:31+00:00","og_image":[{"width":680,"height":910,"url":"https:\/\/www.karinibutiik.ee\/wp-content\/uploads\/2025\/10\/IMG_7587-e1759927597177.jpeg","type":"image\/jpeg"}],"twitter_card":"summary_large_image","twitter_misc":{"Availability":"In stock"},"schema":{"@context":"https:\/\/schema.org","@graph":[{"@type":"WebPage","@id":"https:\/\/www.karinibutiik.ee\/toode\/luhike-vatiintaidisega-kapuutsiga-jope\/","url":"https:\/\/www.karinibutiik.ee\/toode\/luhike-vatiintaidisega-kapuutsiga-jope\/","name":"L\u00fchike vatiint\u00e4idisega kapuutsiga jope - Karini Butiik","isPartOf":{"@id":"https:\/\/www.karinibutiik.ee\/#website"},"primaryImageOfPage":{"@id":"https:\/\/www.karinibutiik.ee\/toode\/luhike-vatiintaidisega-kapuutsiga-jope\/#primaryimage"},"image":{"@id":"https:\/\/www.karinibutiik.ee\/toode\/luhike-vatiintaidisega-kapuutsiga-jope\/#primaryimage"},"thumbnailUrl":"https:\/\/www.karinibutiik.ee\/wp-content\/uploads\/2025\/10\/IMG_7587-e1759927597177.jpeg","datePublished":"2025-10-08T12:45:50+00:00","dateModified":"2026-02-26T11:29:31+00:00","description":"Stiilne l\u00fchike vatiint\u00e4idisega kapuutsiga jope. Saadaval must ja bee\u017e, suurused S\u2013L. Soe ja mugav valik igap\u00e4evaseks kandmiseks.","breadcrumb":{"@id":"https:\/\/www.karinibutiik.ee\/toode\/luhike-vatiintaidisega-kapuutsiga-jope\/#breadcrumb"},"inLanguage":"lt-LT","potentialAction":[{"@type":"ReadAction","target":["https:\/\/www.karinibutiik.ee\/toode\/luhike-vatiintaidisega-kapuutsiga-jope\/"]}]},{"@type":"ImageObject","inLanguage":"lt-LT","@id":"https:\/\/www.karinibutiik.ee\/toode\/luhike-vatiintaidisega-kapuutsiga-jope\/#primaryimage","url":"https:\/\/www.karinibutiik.ee\/wp-content\/uploads\/2025\/10\/IMG_7587-e1759927597177.jpeg","contentUrl":"https:\/\/www.karinibutiik.ee\/wp-content\/uploads\/2025\/10\/IMG_7587-e1759927597177.jpeg","width":680,"height":910,"caption":"L\u00fchike vatiint\u00e4idisega kapuutsiga jope"},{"@type":"BreadcrumbList","@id":"https:\/\/www.karinibutiik.ee\/toode\/luhike-vatiintaidisega-kapuutsiga-jope\/#breadcrumb","itemListElement":[{"@type":"ListItem","position":1,"name":"Home","item":"https:\/\/www.karinibutiik.ee\/"},{"@type":"ListItem","position":2,"name":"Pood","item":"https:\/\/www.karinibutiik.ee\/pood\/"},{"@type":"ListItem","position":3,"name":"L\u00fchike vatiint\u00e4idisega kapuutsiga jope"}]},{"@type":"WebSite","@id":"https:\/\/www.karinibutiik.ee\/#website","url":"https:\/\/www.karinibutiik.ee\/","name":"Karini Butiik","description":"","publisher":{"@id":"https:\/\/www.karinibutiik.ee\/#organization"},"potentialAction":[{"@type":"SearchAction","target":{"@type":"EntryPoint","urlTemplate":"https:\/\/www.karinibutiik.ee\/?s={search_term_string}"},"query-input":{"@type":"PropertyValueSpecification","valueRequired":true,"valueName":"search_term_string"}}],"inLanguage":"lt-LT"},{"@type":"Organization","@id":"https:\/\/www.karinibutiik.ee\/#organization","name":"Karini Butiik","url":"https:\/\/www.karinibutiik.ee\/","logo":{"@type":"ImageObject","inLanguage":"lt-LT","@id":"https:\/\/www.karinibutiik.ee\/#\/schema\/logo\/image\/","url":"https:\/\/www.karinibutiik.ee\/wp-content\/uploads\/2024\/10\/Kuj.-K-koopia.png","contentUrl":"https:\/\/www.karinibutiik.ee\/wp-content\/uploads\/2024\/10\/Kuj.-K-koopia.png","width":500,"height":500,"caption":"Karini Butiik"},"image":{"@id":"https:\/\/www.karinibutiik.ee\/#\/schema\/logo\/image\/"},"sameAs":["https:\/\/www.facebook.com\/karinibutiik.ee","https:\/\/www.instagram.com\/karinibutiik"]}]},"og_availability":"instock","product_availability":"instock","product_retailer_item_id":"25095","product_condition":"new"},"_links":{"self":[{"href":"https:\/\/www.karinibutiik.ee\/lt\/wp-json\/wp\/v2\/product\/24436","targetHints":{"allow":["GET"]}}],"collection":[{"href":"https:\/\/www.karinibutiik.ee\/lt\/wp-json\/wp\/v2\/product"}],"about":[{"href":"https:\/\/www.karinibutiik.ee\/lt\/wp-json\/wp\/v2\/types\/product"}],"version-history":[{"count":1,"href":"https:\/\/www.karinibutiik.ee\/lt\/wp-json\/wp\/v2\/product\/24436\/revisions"}],"predecessor-version":[{"id":24443,"href":"https:\/\/www.karinibutiik.ee\/lt\/wp-json\/wp\/v2\/product\/24436\/revisions\/24443"}],"wp:featuredmedia":[{"embeddable":true,"href":"https:\/\/www.karinibutiik.ee\/lt\/wp-json\/wp\/v2\/media\/24433"}],"wp:attachment":[{"href":"https:\/\/www.karinibutiik.ee\/lt\/wp-json\/wp\/v2\/media?parent=24436"}],"wp:term":[{"taxonomy":"product_brand","embeddable":true,"href":"https:\/\/www.karinibutiik.ee\/lt\/wp-json\/wp\/v2\/product_brand?post=24436"},{"taxonomy":"product_cat","embeddable":true,"href":"https:\/\/www.karinibutiik.ee\/lt\/wp-json\/wp\/v2\/product_cat?post=24436"},{"taxonomy":"product_tag","embeddable":true,"href":"https:\/\/www.karinibutiik.ee\/lt\/wp-json\/wp\/v2\/product_tag?post=24436"}],"curies":[{"name":"wp","href":"https:\/\/api.w.org\/{rel}","templated":true}]}}