{"id":24731,"date":"2025-10-23T14:16:14","date_gmt":"2025-10-23T11:16:14","guid":{"rendered":"https:\/\/www.karinibutiik.ee\/?post_type=product&#038;p=24731"},"modified":"2026-04-11T14:47:56","modified_gmt":"2026-04-11T11:47:56","slug":"luksuslik-naiste-villane-talvemantel-vooga","status":"publish","type":"product","link":"https:\/\/www.karinibutiik.ee\/lt\/produktas\/luksuslik-naiste-villane-talvemantel-vooga\/","title":{"rendered":"Luksuslik naiste villane talvemantel v\u00f6\u00f6ga"},"content":{"rendered":"<p data-start=\"277\" data-end=\"654\">Meie kaua oodatud eritellimusel valmistatud villane talvemantel on loodud kaasaegsele naisele, kes hindab ajatut elegantsi ja t\u00e4iuslikku istuvust.<br data-start=\"431\" data-end=\"434\" \/>Mantel \u00fchendab luksusliku kangastruktuuri, peene l\u00f5ike ja t\u00e4iusliku vormi, mis loovad moeteadliku, kuid ajatult klassikalise silueti.<br data-start=\"579\" data-end=\"582\" \/>V\u00f6\u00f6 r\u00f5hutab naiselikku figuuri ning lisab mantlile vormi ja isikup\u00e4ra.<\/p>\n<p data-start=\"277\" data-end=\"654\">Kinnitub taljest v\u00f6\u00f6ga<\/p>\n<p data-start=\"656\" data-end=\"836\">Valmistatud k\u00f5rgekvaliteedilisest ja soojast materjalist, mis tagab mugavuse ka k\u00fclmadel talvep\u00e4evadel.<br data-start=\"763\" data-end=\"766\" \/>Saadaval kolmes toonis \u2013 must, camel pruun ja tumepruun.<\/p>\n<p data-start=\"838\" data-end=\"879\">Luksus, mida tunned iga kandmiskorraga.<\/p>","protected":false},"excerpt":{"rendered":"<p>Meie kaua oodatud eritellimusel valmistatud villane talvemantel on loodud kaasaegsele naisele, kes hindab ajatut elegantsi ja t\u00e4iuslikku istuvust.Mantel \u00fchendab luksusliku [&hellip;]<\/p>\n","protected":false},"featured_media":24768,"template":"","meta":{"site-sidebar-layout":"default","site-content-layout":"","ast-site-content-layout":"default","site-content-style":"default","site-sidebar-style":"default","ast-global-header-display":"","ast-banner-title-visibility":"","ast-main-header-display":"","ast-hfb-above-header-display":"","ast-hfb-below-header-display":"","ast-hfb-mobile-header-display":"","site-post-title":"","ast-breadcrumbs-content":"","ast-featured-img":"","footer-sml-layout":"","ast-disable-related-posts":"","theme-transparent-header-meta":"default","adv-header-id-meta":"","stick-header-meta":"default","header-above-stick-meta":"","header-main-stick-meta":"","header-below-stick-meta":"","astra-migrate-meta-layouts":"set","ast-page-background-enabled":"default","ast-page-background-meta":{"desktop":{"background-color":"var(--ast-global-color-4)","background-image":"","background-repeat":"repeat","background-position":"center center","background-size":"auto","background-attachment":"scroll","background-type":"","background-media":"","overlay-type":"","overlay-color":"","overlay-opacity":"","overlay-gradient":""},"tablet":{"background-color":"","background-image":"","background-repeat":"repeat","background-position":"center center","background-size":"auto","background-attachment":"scroll","background-type":"","background-media":"","overlay-type":"","overlay-color":"","overlay-opacity":"","overlay-gradient":""},"mobile":{"background-color":"","background-image":"","background-repeat":"repeat","background-position":"center center","background-size":"auto","background-attachment":"scroll","background-type":"","background-media":"","overlay-type":"","overlay-color":"","overlay-opacity":"","overlay-gradient":""}},"ast-content-background-meta":{"desktop":{"background-color":"var(--ast-global-color-5)","background-image":"","background-repeat":"repeat","background-position":"center center","background-size":"auto","background-attachment":"scroll","background-type":"","background-media":"","overlay-type":"","overlay-color":"","overlay-opacity":"","overlay-gradient":""},"tablet":{"background-color":"var(--ast-global-color-5)","background-image":"","background-repeat":"repeat","background-position":"center center","background-size":"auto","background-attachment":"scroll","background-type":"","background-media":"","overlay-type":"","overlay-color":"","overlay-opacity":"","overlay-gradient":""},"mobile":{"background-color":"var(--ast-global-color-5)","background-image":"","background-repeat":"repeat","background-position":"center center","background-size":"auto","background-attachment":"scroll","background-type":"","background-media":"","overlay-type":"","overlay-color":"","overlay-opacity":"","overlay-gradient":""}}},"product_brand":[],"product_cat":[367,452,369,346,365,351],"product_tag":[2059,2061,2062,2065,501,741,2064,2056,2069,2068,2067,2066,1093,1079,2057,2063,605,2060,2055,2058],"class_list":{"0":"post-24731","1":"product","2":"type-product","3":"status-publish","4":"has-post-thumbnail","6":"product_cat-allahindlus","7":"product_cat-bestseller","8":"product_cat-mantlid","9":"product_cat-naised","10":"product_cat-uleriided","11":"product_cat-uued-tooted","12":"product_tag-camel-mantel","13":"product_tag-eksklusiivne-mantel","14":"product_tag-elegantne-mantel","15":"product_tag-eritellimusel-mantel","16":"product_tag-karini-butiik","17":"product_tag-klassikaline-mantel","18":"product_tag-kvaliteetne-mantel","19":"product_tag-luksuslik-mantel","20":"product_tag-mantel-l","21":"product_tag-mantel-m","22":"product_tag-mantel-s","23":"product_tag-mantel-xs","24":"product_tag-must-mantel","25":"product_tag-naiste-mantel","26":"product_tag-naiste-talvemantel","27":"product_tag-soe-mantel","28":"product_tag-talvemantel","29":"product_tag-tumepruun-mantel","30":"product_tag-villane-mantel","31":"product_tag-vooga-mantel","32":"desktop-align-center","33":"tablet-align-center","34":"mobile-align-center","35":"ast-product-gallery-layout-horizontal-slider","36":"ast-product-single-variable","37":"ast-product-tabs-layout-horizontal","39":"first","40":"instock","41":"sale","42":"taxable","43":"shipping-taxable","44":"purchasable","45":"product-type-variable"},"supplier_id":null,"supplier_sku":"","barcode":null,"atum_controlled":true,"out_stock_date":null,"out_stock_threshold":null,"inheritable":true,"inbound_stock":null,"stock_on_hold":0,"sold_today":0,"sales_last_days":1,"reserved_stock":0,"customer_returns":null,"warehouse_damage":0,"lost_in_post":null,"other_logs":0,"out_stock_days":null,"lost_sales":0,"has_location":false,"update_date":"2026-04-07T11:31:17","atum_locations":[],"atum_stock_status":"instock","restock_status":false,"low_stock_amount":"","sales_update_date":"2025-12-03T15:15:08","calc_backorders":null,"yoast_head":"<!-- This site is optimized with the Yoast SEO plugin v26.9 - https:\/\/yoast.com\/product\/yoast-seo-wordpress\/ -->\n<title>Luksuslik naiste villane talvemantel v\u00f6\u00f6ga - Karini Butiik<\/title>\n<meta name=\"description\" content=\"Luksuslik villane naiste talvemantel v\u00f6\u00f6ga. Soe, elegantne ja ajatu disain mustas, camel pruunis ja tumepruunis toonis (XS\u2013L).\" \/>\n<meta name=\"robots\" content=\"index, follow, max-snippet:-1, max-image-preview:large, max-video-preview:-1\" \/>\n<link rel=\"canonical\" href=\"https:\/\/www.karinibutiik.ee\/lt\/produktas\/luksuslik-naiste-villane-talvemantel-vooga\/\" \/>\n<meta property=\"og:locale\" content=\"lt_LT\" \/>\n<meta property=\"og:type\" content=\"article\" \/>\n<meta property=\"og:title\" content=\"Luksuslik naiste villane talvemantel v\u00f6\u00f6ga - Karini Butiik\" \/>\n<meta property=\"og:description\" content=\"Luksuslik villane naiste talvemantel v\u00f6\u00f6ga. Soe, elegantne ja ajatu disain mustas, camel pruunis ja tumepruunis toonis (XS\u2013L).\" \/>\n<meta property=\"og:url\" content=\"https:\/\/www.karinibutiik.ee\/lt\/produktas\/luksuslik-naiste-villane-talvemantel-vooga\/\" \/>\n<meta property=\"og:site_name\" content=\"Karini Butiik\" \/>\n<meta property=\"article:publisher\" content=\"https:\/\/www.facebook.com\/karinibutiik.ee\" \/>\n<meta property=\"article:modified_time\" content=\"2026-04-11T11:47:56+00:00\" \/>\n<meta property=\"og:image\" content=\"https:\/\/www.karinibutiik.ee\/wp-content\/uploads\/2025\/11\/24BDB578-D450-469C-9834-A61F4ABCE088-scaled.jpeg\" \/>\n\t<meta property=\"og:image:width\" content=\"1895\" \/>\n\t<meta property=\"og:image:height\" content=\"2560\" \/>\n\t<meta property=\"og:image:type\" content=\"image\/jpeg\" \/>\n<meta name=\"twitter:card\" content=\"summary_large_image\" \/>\n<meta name=\"twitter:label1\" content=\"Availability\" \/>\n\t<meta name=\"twitter:data1\" content=\"In stock\" \/>\n<script type=\"application\/ld+json\" class=\"yoast-schema-graph\">{\"@context\":\"https:\/\/schema.org\",\"@graph\":[{\"@type\":\"WebPage\",\"@id\":\"https:\/\/www.karinibutiik.ee\/toode\/luksuslik-naiste-villane-talvemantel-vooga\/\",\"url\":\"https:\/\/www.karinibutiik.ee\/toode\/luksuslik-naiste-villane-talvemantel-vooga\/\",\"name\":\"Luksuslik naiste villane talvemantel v\u00f6\u00f6ga - Karini Butiik\",\"isPartOf\":{\"@id\":\"https:\/\/www.karinibutiik.ee\/#website\"},\"primaryImageOfPage\":{\"@id\":\"https:\/\/www.karinibutiik.ee\/toode\/luksuslik-naiste-villane-talvemantel-vooga\/#primaryimage\"},\"image\":{\"@id\":\"https:\/\/www.karinibutiik.ee\/toode\/luksuslik-naiste-villane-talvemantel-vooga\/#primaryimage\"},\"thumbnailUrl\":\"https:\/\/www.karinibutiik.ee\/wp-content\/uploads\/2025\/11\/24BDB578-D450-469C-9834-A61F4ABCE088-scaled.jpeg\",\"datePublished\":\"2025-10-23T11:16:14+00:00\",\"dateModified\":\"2026-04-11T11:47:56+00:00\",\"description\":\"Luksuslik villane naiste talvemantel v\u00f6\u00f6ga. Soe, elegantne ja ajatu disain mustas, camel pruunis ja tumepruunis toonis (XS\u2013L).\",\"breadcrumb\":{\"@id\":\"https:\/\/www.karinibutiik.ee\/toode\/luksuslik-naiste-villane-talvemantel-vooga\/#breadcrumb\"},\"inLanguage\":\"lt-LT\",\"potentialAction\":[{\"@type\":\"ReadAction\",\"target\":[\"https:\/\/www.karinibutiik.ee\/toode\/luksuslik-naiste-villane-talvemantel-vooga\/\"]}]},{\"@type\":\"ImageObject\",\"inLanguage\":\"lt-LT\",\"@id\":\"https:\/\/www.karinibutiik.ee\/toode\/luksuslik-naiste-villane-talvemantel-vooga\/#primaryimage\",\"url\":\"https:\/\/www.karinibutiik.ee\/wp-content\/uploads\/2025\/11\/24BDB578-D450-469C-9834-A61F4ABCE088-scaled.jpeg\",\"contentUrl\":\"https:\/\/www.karinibutiik.ee\/wp-content\/uploads\/2025\/11\/24BDB578-D450-469C-9834-A61F4ABCE088-scaled.jpeg\",\"width\":1895,\"height\":2560,\"caption\":\"LUKSUSLIK NAISTE VILLANE TALVEMANTEL V\u00d6\u00d6GA\"},{\"@type\":\"BreadcrumbList\",\"@id\":\"https:\/\/www.karinibutiik.ee\/toode\/luksuslik-naiste-villane-talvemantel-vooga\/#breadcrumb\",\"itemListElement\":[{\"@type\":\"ListItem\",\"position\":1,\"name\":\"Home\",\"item\":\"https:\/\/www.karinibutiik.ee\/\"},{\"@type\":\"ListItem\",\"position\":2,\"name\":\"Pood\",\"item\":\"https:\/\/www.karinibutiik.ee\/pood\/\"},{\"@type\":\"ListItem\",\"position\":3,\"name\":\"Luksuslik naiste villane talvemantel v\u00f6\u00f6ga\"}]},{\"@type\":\"WebSite\",\"@id\":\"https:\/\/www.karinibutiik.ee\/#website\",\"url\":\"https:\/\/www.karinibutiik.ee\/\",\"name\":\"Karini Butiik\",\"description\":\"\",\"publisher\":{\"@id\":\"https:\/\/www.karinibutiik.ee\/#organization\"},\"potentialAction\":[{\"@type\":\"SearchAction\",\"target\":{\"@type\":\"EntryPoint\",\"urlTemplate\":\"https:\/\/www.karinibutiik.ee\/?s={search_term_string}\"},\"query-input\":{\"@type\":\"PropertyValueSpecification\",\"valueRequired\":true,\"valueName\":\"search_term_string\"}}],\"inLanguage\":\"lt-LT\"},{\"@type\":\"Organization\",\"@id\":\"https:\/\/www.karinibutiik.ee\/#organization\",\"name\":\"Karini Butiik\",\"url\":\"https:\/\/www.karinibutiik.ee\/\",\"logo\":{\"@type\":\"ImageObject\",\"inLanguage\":\"lt-LT\",\"@id\":\"https:\/\/www.karinibutiik.ee\/#\/schema\/logo\/image\/\",\"url\":\"https:\/\/www.karinibutiik.ee\/wp-content\/uploads\/2024\/10\/Kuj.-K-koopia.png\",\"contentUrl\":\"https:\/\/www.karinibutiik.ee\/wp-content\/uploads\/2024\/10\/Kuj.-K-koopia.png\",\"width\":500,\"height\":500,\"caption\":\"Karini Butiik\"},\"image\":{\"@id\":\"https:\/\/www.karinibutiik.ee\/#\/schema\/logo\/image\/\"},\"sameAs\":[\"https:\/\/www.facebook.com\/karinibutiik.ee\",\"https:\/\/www.instagram.com\/karinibutiik\"]}]}<\/script>\n<meta property=\"og:availability\" content=\"instock\" \/>\n<meta property=\"product:availability\" content=\"instock\" \/>\n<meta property=\"product:retailer_item_id\" content=\"3779\" \/>\n<meta property=\"product:condition\" content=\"new\" \/>\n<!-- \/ Yoast SEO plugin. -->","yoast_head_json":{"title":"Luksuslik naiste villane talvemantel v\u00f6\u00f6ga - Karini Butiik","description":"Luksuslik villane naiste talvemantel v\u00f6\u00f6ga. Soe, elegantne ja ajatu disain mustas, camel pruunis ja tumepruunis toonis (XS\u2013L).","robots":{"index":"index","follow":"follow","max-snippet":"max-snippet:-1","max-image-preview":"max-image-preview:large","max-video-preview":"max-video-preview:-1"},"canonical":"https:\/\/www.karinibutiik.ee\/lt\/produktas\/luksuslik-naiste-villane-talvemantel-vooga\/","og_locale":"lt_LT","og_type":"article","og_title":"Luksuslik naiste villane talvemantel v\u00f6\u00f6ga - Karini Butiik","og_description":"Luksuslik villane naiste talvemantel v\u00f6\u00f6ga. Soe, elegantne ja ajatu disain mustas, camel pruunis ja tumepruunis toonis (XS\u2013L).","og_url":"https:\/\/www.karinibutiik.ee\/lt\/produktas\/luksuslik-naiste-villane-talvemantel-vooga\/","og_site_name":"Karini Butiik","article_publisher":"https:\/\/www.facebook.com\/karinibutiik.ee","article_modified_time":"2026-04-11T11:47:56+00:00","og_image":[{"width":1895,"height":2560,"url":"https:\/\/www.karinibutiik.ee\/wp-content\/uploads\/2025\/11\/24BDB578-D450-469C-9834-A61F4ABCE088-scaled.jpeg","type":"image\/jpeg"}],"twitter_card":"summary_large_image","twitter_misc":{"Availability":"In stock"},"schema":{"@context":"https:\/\/schema.org","@graph":[{"@type":"WebPage","@id":"https:\/\/www.karinibutiik.ee\/toode\/luksuslik-naiste-villane-talvemantel-vooga\/","url":"https:\/\/www.karinibutiik.ee\/toode\/luksuslik-naiste-villane-talvemantel-vooga\/","name":"Luksuslik naiste villane talvemantel v\u00f6\u00f6ga - Karini Butiik","isPartOf":{"@id":"https:\/\/www.karinibutiik.ee\/#website"},"primaryImageOfPage":{"@id":"https:\/\/www.karinibutiik.ee\/toode\/luksuslik-naiste-villane-talvemantel-vooga\/#primaryimage"},"image":{"@id":"https:\/\/www.karinibutiik.ee\/toode\/luksuslik-naiste-villane-talvemantel-vooga\/#primaryimage"},"thumbnailUrl":"https:\/\/www.karinibutiik.ee\/wp-content\/uploads\/2025\/11\/24BDB578-D450-469C-9834-A61F4ABCE088-scaled.jpeg","datePublished":"2025-10-23T11:16:14+00:00","dateModified":"2026-04-11T11:47:56+00:00","description":"Luksuslik villane naiste talvemantel v\u00f6\u00f6ga. Soe, elegantne ja ajatu disain mustas, camel pruunis ja tumepruunis toonis (XS\u2013L).","breadcrumb":{"@id":"https:\/\/www.karinibutiik.ee\/toode\/luksuslik-naiste-villane-talvemantel-vooga\/#breadcrumb"},"inLanguage":"lt-LT","potentialAction":[{"@type":"ReadAction","target":["https:\/\/www.karinibutiik.ee\/toode\/luksuslik-naiste-villane-talvemantel-vooga\/"]}]},{"@type":"ImageObject","inLanguage":"lt-LT","@id":"https:\/\/www.karinibutiik.ee\/toode\/luksuslik-naiste-villane-talvemantel-vooga\/#primaryimage","url":"https:\/\/www.karinibutiik.ee\/wp-content\/uploads\/2025\/11\/24BDB578-D450-469C-9834-A61F4ABCE088-scaled.jpeg","contentUrl":"https:\/\/www.karinibutiik.ee\/wp-content\/uploads\/2025\/11\/24BDB578-D450-469C-9834-A61F4ABCE088-scaled.jpeg","width":1895,"height":2560,"caption":"LUKSUSLIK NAISTE VILLANE TALVEMANTEL V\u00d6\u00d6GA"},{"@type":"BreadcrumbList","@id":"https:\/\/www.karinibutiik.ee\/toode\/luksuslik-naiste-villane-talvemantel-vooga\/#breadcrumb","itemListElement":[{"@type":"ListItem","position":1,"name":"Home","item":"https:\/\/www.karinibutiik.ee\/"},{"@type":"ListItem","position":2,"name":"Pood","item":"https:\/\/www.karinibutiik.ee\/pood\/"},{"@type":"ListItem","position":3,"name":"Luksuslik naiste villane talvemantel v\u00f6\u00f6ga"}]},{"@type":"WebSite","@id":"https:\/\/www.karinibutiik.ee\/#website","url":"https:\/\/www.karinibutiik.ee\/","name":"Karini Butiik","description":"","publisher":{"@id":"https:\/\/www.karinibutiik.ee\/#organization"},"potentialAction":[{"@type":"SearchAction","target":{"@type":"EntryPoint","urlTemplate":"https:\/\/www.karinibutiik.ee\/?s={search_term_string}"},"query-input":{"@type":"PropertyValueSpecification","valueRequired":true,"valueName":"search_term_string"}}],"inLanguage":"lt-LT"},{"@type":"Organization","@id":"https:\/\/www.karinibutiik.ee\/#organization","name":"Karini Butiik","url":"https:\/\/www.karinibutiik.ee\/","logo":{"@type":"ImageObject","inLanguage":"lt-LT","@id":"https:\/\/www.karinibutiik.ee\/#\/schema\/logo\/image\/","url":"https:\/\/www.karinibutiik.ee\/wp-content\/uploads\/2024\/10\/Kuj.-K-koopia.png","contentUrl":"https:\/\/www.karinibutiik.ee\/wp-content\/uploads\/2024\/10\/Kuj.-K-koopia.png","width":500,"height":500,"caption":"Karini Butiik"},"image":{"@id":"https:\/\/www.karinibutiik.ee\/#\/schema\/logo\/image\/"},"sameAs":["https:\/\/www.facebook.com\/karinibutiik.ee","https:\/\/www.instagram.com\/karinibutiik"]}]},"og_availability":"instock","product_availability":"instock","product_retailer_item_id":"3779","product_condition":"new"},"_links":{"self":[{"href":"https:\/\/www.karinibutiik.ee\/lt\/wp-json\/wp\/v2\/product\/24731","targetHints":{"allow":["GET"]}}],"collection":[{"href":"https:\/\/www.karinibutiik.ee\/lt\/wp-json\/wp\/v2\/product"}],"about":[{"href":"https:\/\/www.karinibutiik.ee\/lt\/wp-json\/wp\/v2\/types\/product"}],"version-history":[{"count":3,"href":"https:\/\/www.karinibutiik.ee\/lt\/wp-json\/wp\/v2\/product\/24731\/revisions"}],"predecessor-version":[{"id":24821,"href":"https:\/\/www.karinibutiik.ee\/lt\/wp-json\/wp\/v2\/product\/24731\/revisions\/24821"}],"wp:featuredmedia":[{"embeddable":true,"href":"https:\/\/www.karinibutiik.ee\/lt\/wp-json\/wp\/v2\/media\/24768"}],"wp:attachment":[{"href":"https:\/\/www.karinibutiik.ee\/lt\/wp-json\/wp\/v2\/media?parent=24731"}],"wp:term":[{"taxonomy":"product_brand","embeddable":true,"href":"https:\/\/www.karinibutiik.ee\/lt\/wp-json\/wp\/v2\/product_brand?post=24731"},{"taxonomy":"product_cat","embeddable":true,"href":"https:\/\/www.karinibutiik.ee\/lt\/wp-json\/wp\/v2\/product_cat?post=24731"},{"taxonomy":"product_tag","embeddable":true,"href":"https:\/\/www.karinibutiik.ee\/lt\/wp-json\/wp\/v2\/product_tag?post=24731"}],"curies":[{"name":"wp","href":"https:\/\/api.w.org\/{rel}","templated":true}]}}