{"id":24918,"date":"2025-11-19T13:03:15","date_gmt":"2025-11-19T11:03:15","guid":{"rendered":"https:\/\/www.karinibutiik.ee\/?post_type=product&#038;p=24918"},"modified":"2026-01-05T21:24:45","modified_gmt":"2026-01-05T19:24:45","slug":"sadelev-litritega-halter-pluus","status":"publish","type":"product","link":"https:\/\/www.karinibutiik.ee\/lt\/produktas\/sadelev-litritega-halter-pluus\/","title":{"rendered":"S\u00e4delev litritega halter-pluus"},"content":{"rendered":"<p data-start=\"274\" data-end=\"558\">See elegantne litritega halter-pluus on loodud naisele, kes armastab mugavust, kuid ei soovi loobuda s\u00e4ravast pidulikust stiilist. Pehme ja veniv materjal koos sisemise voodriga tagab erakordselt meeldiva kandmiskogemuse \u2013 pluus ei kraabi, ei sooni ja istub kaunilt \u00fcmber kehajoone.<\/p>\n<p data-start=\"560\" data-end=\"794\">Halter-l\u00f5ige koos kerge drapeeringuga loob naiseliku ja pilkup\u00fc\u00fcdva silueti. S\u00e4delev litrikangas muudab topi ideaalseks valikuks pidudele, \u00f5htustele \u00fcritustele v\u00f5i glamuurseks igap\u00e4evaseks kombinatsiooniks bleiseri v\u00f5i nahkjaki all.<\/p>\n<p data-start=\"796\" data-end=\"980\">Saadaval klassikalises beezis ja h\u00f5bedases toonis ning suurustes S, M ja L. See on pluus, mis t\u00f5stab iga outfit&#8217;i s\u00e4rama ning lisab riietusele elegantse ja modernse v\u00e4rskuse.<\/p>","protected":false},"excerpt":{"rendered":"<p>See elegantne litritega halter-pluus on loodud naisele, kes armastab mugavust, kuid ei soovi loobuda s\u00e4ravast pidulikust stiilist. Pehme ja veniv [&hellip;]<\/p>\n","protected":false},"featured_media":24943,"template":"","meta":{"site-sidebar-layout":"default","site-content-layout":"","ast-site-content-layout":"default","site-content-style":"default","site-sidebar-style":"default","ast-global-header-display":"","ast-banner-title-visibility":"","ast-main-header-display":"","ast-hfb-above-header-display":"","ast-hfb-below-header-display":"","ast-hfb-mobile-header-display":"","site-post-title":"","ast-breadcrumbs-content":"","ast-featured-img":"","footer-sml-layout":"","ast-disable-related-posts":"","theme-transparent-header-meta":"default","adv-header-id-meta":"","stick-header-meta":"default","header-above-stick-meta":"","header-main-stick-meta":"","header-below-stick-meta":"","astra-migrate-meta-layouts":"set","ast-page-background-enabled":"default","ast-page-background-meta":{"desktop":{"background-color":"var(--ast-global-color-4)","background-image":"","background-repeat":"repeat","background-position":"center center","background-size":"auto","background-attachment":"scroll","background-type":"","background-media":"","overlay-type":"","overlay-color":"","overlay-opacity":"","overlay-gradient":""},"tablet":{"background-color":"","background-image":"","background-repeat":"repeat","background-position":"center center","background-size":"auto","background-attachment":"scroll","background-type":"","background-media":"","overlay-type":"","overlay-color":"","overlay-opacity":"","overlay-gradient":""},"mobile":{"background-color":"","background-image":"","background-repeat":"repeat","background-position":"center center","background-size":"auto","background-attachment":"scroll","background-type":"","background-media":"","overlay-type":"","overlay-color":"","overlay-opacity":"","overlay-gradient":""}},"ast-content-background-meta":{"desktop":{"background-color":"var(--ast-global-color-5)","background-image":"","background-repeat":"repeat","background-position":"center center","background-size":"auto","background-attachment":"scroll","background-type":"","background-media":"","overlay-type":"","overlay-color":"","overlay-opacity":"","overlay-gradient":""},"tablet":{"background-color":"var(--ast-global-color-5)","background-image":"","background-repeat":"repeat","background-position":"center center","background-size":"auto","background-attachment":"scroll","background-type":"","background-media":"","overlay-type":"","overlay-color":"","overlay-opacity":"","overlay-gradient":""},"mobile":{"background-color":"var(--ast-global-color-5)","background-image":"","background-repeat":"repeat","background-position":"center center","background-size":"auto","background-attachment":"scroll","background-type":"","background-media":"","overlay-type":"","overlay-color":"","overlay-opacity":"","overlay-gradient":""}}},"product_brand":[],"product_cat":[367,346,353,352,351],"product_tag":[2112,2104,501,2106,2100,761,2114,2099,1027,2110,621,2107,2111,2108,2113,2105,2098,915,2109],"class_list":{"0":"post-24918","1":"product","2":"type-product","3":"status-publish","4":"has-post-thumbnail","6":"product_cat-allahindlus","7":"product_cat-naised","8":"product_cat-pluusid","9":"product_cat-pluusid-bodid","10":"product_cat-uued-tooted","11":"product_tag-glamuurne-topp","12":"product_tag-halter-pluus","13":"product_tag-karini-butiik","14":"product_tag-kuldne-pluus","15":"product_tag-l-suurus","16":"product_tag-litritega-pluus","17":"product_tag-litritega-topp","18":"product_tag-m-suurus","19":"product_tag-must-pluus","20":"product_tag-naiste-halter-top","21":"product_tag-naiste-mood","22":"product_tag-naiste-pidulik-pluus","23":"product_tag-ohtune-topp","24":"product_tag-pehme-pluus","25":"product_tag-peokleit-alternatiiv","26":"product_tag-pidulik-topp","27":"product_tag-s-suurus","28":"product_tag-sadelev-pluus","29":"product_tag-voodriga-pluus","30":"desktop-align-center","31":"tablet-align-center","32":"mobile-align-center","33":"ast-product-gallery-layout-horizontal-slider","34":"ast-product-single-variable","35":"ast-product-tabs-layout-horizontal","37":"first","38":"instock","39":"sale","40":"taxable","41":"shipping-taxable","42":"purchasable","43":"product-type-variable"},"supplier_id":null,"supplier_sku":"","barcode":null,"atum_controlled":true,"out_stock_date":null,"out_stock_threshold":null,"inheritable":true,"inbound_stock":null,"stock_on_hold":0,"sold_today":0,"sales_last_days":0,"reserved_stock":0,"customer_returns":null,"warehouse_damage":0,"lost_in_post":null,"other_logs":0,"out_stock_days":0,"lost_sales":0,"has_location":false,"update_date":"2025-12-27T10:13:45","atum_locations":[],"atum_stock_status":"instock","restock_status":false,"low_stock_amount":"","sales_update_date":"2025-12-02T01:20:23","calc_backorders":null,"yoast_head":"<!-- This site is optimized with the Yoast SEO plugin v26.9 - https:\/\/yoast.com\/product\/yoast-seo-wordpress\/ -->\n<title>S\u00e4delev litritega halter-pluus - Karini Butiik<\/title>\n<meta name=\"description\" content=\"S\u00e4delev litritega halter-pluus naistele. Pehme ja mugav, sisemise voodriga. Saadaval suuruses S-L. Ideaalne pidulikuks ja trendikaks stiiliks.\" \/>\n<meta name=\"robots\" content=\"index, follow, max-snippet:-1, max-image-preview:large, max-video-preview:-1\" \/>\n<link rel=\"canonical\" href=\"https:\/\/www.karinibutiik.ee\/lt\/produktas\/sadelev-litritega-halter-pluus\/\" \/>\n<meta property=\"og:locale\" content=\"lt_LT\" \/>\n<meta property=\"og:type\" content=\"article\" \/>\n<meta property=\"og:title\" content=\"S\u00e4delev litritega halter-pluus - Karini Butiik\" \/>\n<meta property=\"og:description\" content=\"S\u00e4delev litritega halter-pluus naistele. Pehme ja mugav, sisemise voodriga. Saadaval suuruses S-L. Ideaalne pidulikuks ja trendikaks stiiliks.\" \/>\n<meta property=\"og:url\" content=\"https:\/\/www.karinibutiik.ee\/lt\/produktas\/sadelev-litritega-halter-pluus\/\" \/>\n<meta property=\"og:site_name\" content=\"Karini Butiik\" \/>\n<meta property=\"article:publisher\" content=\"https:\/\/www.facebook.com\/karinibutiik.ee\" \/>\n<meta property=\"article:modified_time\" content=\"2026-01-05T19:24:45+00:00\" \/>\n<meta property=\"og:image\" content=\"https:\/\/www.karinibutiik.ee\/wp-content\/uploads\/2025\/11\/97E83B4F-1022-4022-B58B-5471630D3735-scaled.jpeg\" \/>\n\t<meta property=\"og:image:width\" content=\"1868\" \/>\n\t<meta property=\"og:image:height\" content=\"2560\" \/>\n\t<meta property=\"og:image:type\" content=\"image\/jpeg\" \/>\n<meta name=\"twitter:card\" content=\"summary_large_image\" \/>\n<meta name=\"twitter:label1\" content=\"Availability\" \/>\n\t<meta name=\"twitter:data1\" content=\"In stock\" \/>\n<script type=\"application\/ld+json\" class=\"yoast-schema-graph\">{\"@context\":\"https:\/\/schema.org\",\"@graph\":[{\"@type\":\"WebPage\",\"@id\":\"https:\/\/www.karinibutiik.ee\/toode\/sadelev-litritega-halter-pluus\/\",\"url\":\"https:\/\/www.karinibutiik.ee\/toode\/sadelev-litritega-halter-pluus\/\",\"name\":\"S\u00e4delev litritega halter-pluus - Karini Butiik\",\"isPartOf\":{\"@id\":\"https:\/\/www.karinibutiik.ee\/#website\"},\"primaryImageOfPage\":{\"@id\":\"https:\/\/www.karinibutiik.ee\/toode\/sadelev-litritega-halter-pluus\/#primaryimage\"},\"image\":{\"@id\":\"https:\/\/www.karinibutiik.ee\/toode\/sadelev-litritega-halter-pluus\/#primaryimage\"},\"thumbnailUrl\":\"https:\/\/www.karinibutiik.ee\/wp-content\/uploads\/2025\/11\/97E83B4F-1022-4022-B58B-5471630D3735-scaled.jpeg\",\"datePublished\":\"2025-11-19T11:03:15+00:00\",\"dateModified\":\"2026-01-05T19:24:45+00:00\",\"description\":\"S\u00e4delev litritega halter-pluus naistele. Pehme ja mugav, sisemise voodriga. Saadaval suuruses S-L. Ideaalne pidulikuks ja trendikaks stiiliks.\",\"breadcrumb\":{\"@id\":\"https:\/\/www.karinibutiik.ee\/toode\/sadelev-litritega-halter-pluus\/#breadcrumb\"},\"inLanguage\":\"lt-LT\",\"potentialAction\":[{\"@type\":\"ReadAction\",\"target\":[\"https:\/\/www.karinibutiik.ee\/toode\/sadelev-litritega-halter-pluus\/\"]}]},{\"@type\":\"ImageObject\",\"inLanguage\":\"lt-LT\",\"@id\":\"https:\/\/www.karinibutiik.ee\/toode\/sadelev-litritega-halter-pluus\/#primaryimage\",\"url\":\"https:\/\/www.karinibutiik.ee\/wp-content\/uploads\/2025\/11\/97E83B4F-1022-4022-B58B-5471630D3735-scaled.jpeg\",\"contentUrl\":\"https:\/\/www.karinibutiik.ee\/wp-content\/uploads\/2025\/11\/97E83B4F-1022-4022-B58B-5471630D3735-scaled.jpeg\",\"width\":1868,\"height\":2560,\"caption\":\"Litterpluus BEEZ\"},{\"@type\":\"BreadcrumbList\",\"@id\":\"https:\/\/www.karinibutiik.ee\/toode\/sadelev-litritega-halter-pluus\/#breadcrumb\",\"itemListElement\":[{\"@type\":\"ListItem\",\"position\":1,\"name\":\"Home\",\"item\":\"https:\/\/www.karinibutiik.ee\/\"},{\"@type\":\"ListItem\",\"position\":2,\"name\":\"Pood\",\"item\":\"https:\/\/www.karinibutiik.ee\/pood\/\"},{\"@type\":\"ListItem\",\"position\":3,\"name\":\"S\u00e4delev litritega halter-pluus\"}]},{\"@type\":\"WebSite\",\"@id\":\"https:\/\/www.karinibutiik.ee\/#website\",\"url\":\"https:\/\/www.karinibutiik.ee\/\",\"name\":\"Karini Butiik\",\"description\":\"\",\"publisher\":{\"@id\":\"https:\/\/www.karinibutiik.ee\/#organization\"},\"potentialAction\":[{\"@type\":\"SearchAction\",\"target\":{\"@type\":\"EntryPoint\",\"urlTemplate\":\"https:\/\/www.karinibutiik.ee\/?s={search_term_string}\"},\"query-input\":{\"@type\":\"PropertyValueSpecification\",\"valueRequired\":true,\"valueName\":\"search_term_string\"}}],\"inLanguage\":\"lt-LT\"},{\"@type\":\"Organization\",\"@id\":\"https:\/\/www.karinibutiik.ee\/#organization\",\"name\":\"Karini Butiik\",\"url\":\"https:\/\/www.karinibutiik.ee\/\",\"logo\":{\"@type\":\"ImageObject\",\"inLanguage\":\"lt-LT\",\"@id\":\"https:\/\/www.karinibutiik.ee\/#\/schema\/logo\/image\/\",\"url\":\"https:\/\/www.karinibutiik.ee\/wp-content\/uploads\/2024\/10\/Kuj.-K-koopia.png\",\"contentUrl\":\"https:\/\/www.karinibutiik.ee\/wp-content\/uploads\/2024\/10\/Kuj.-K-koopia.png\",\"width\":500,\"height\":500,\"caption\":\"Karini Butiik\"},\"image\":{\"@id\":\"https:\/\/www.karinibutiik.ee\/#\/schema\/logo\/image\/\"},\"sameAs\":[\"https:\/\/www.facebook.com\/karinibutiik.ee\",\"https:\/\/www.instagram.com\/karinibutiik\"]}]}<\/script>\n<meta property=\"og:availability\" content=\"instock\" \/>\n<meta property=\"product:availability\" content=\"instock\" \/>\n<meta property=\"product:retailer_item_id\" content=\"4456\" \/>\n<meta property=\"product:condition\" content=\"new\" \/>\n<!-- \/ Yoast SEO plugin. -->","yoast_head_json":{"title":"S\u00e4delev litritega halter-pluus - Karini Butiik","description":"S\u00e4delev litritega halter-pluus naistele. Pehme ja mugav, sisemise voodriga. Saadaval suuruses S-L. Ideaalne pidulikuks ja trendikaks stiiliks.","robots":{"index":"index","follow":"follow","max-snippet":"max-snippet:-1","max-image-preview":"max-image-preview:large","max-video-preview":"max-video-preview:-1"},"canonical":"https:\/\/www.karinibutiik.ee\/lt\/produktas\/sadelev-litritega-halter-pluus\/","og_locale":"lt_LT","og_type":"article","og_title":"S\u00e4delev litritega halter-pluus - Karini Butiik","og_description":"S\u00e4delev litritega halter-pluus naistele. Pehme ja mugav, sisemise voodriga. Saadaval suuruses S-L. Ideaalne pidulikuks ja trendikaks stiiliks.","og_url":"https:\/\/www.karinibutiik.ee\/lt\/produktas\/sadelev-litritega-halter-pluus\/","og_site_name":"Karini Butiik","article_publisher":"https:\/\/www.facebook.com\/karinibutiik.ee","article_modified_time":"2026-01-05T19:24:45+00:00","og_image":[{"width":1868,"height":2560,"url":"https:\/\/www.karinibutiik.ee\/wp-content\/uploads\/2025\/11\/97E83B4F-1022-4022-B58B-5471630D3735-scaled.jpeg","type":"image\/jpeg"}],"twitter_card":"summary_large_image","twitter_misc":{"Availability":"In stock"},"schema":{"@context":"https:\/\/schema.org","@graph":[{"@type":"WebPage","@id":"https:\/\/www.karinibutiik.ee\/toode\/sadelev-litritega-halter-pluus\/","url":"https:\/\/www.karinibutiik.ee\/toode\/sadelev-litritega-halter-pluus\/","name":"S\u00e4delev litritega halter-pluus - Karini Butiik","isPartOf":{"@id":"https:\/\/www.karinibutiik.ee\/#website"},"primaryImageOfPage":{"@id":"https:\/\/www.karinibutiik.ee\/toode\/sadelev-litritega-halter-pluus\/#primaryimage"},"image":{"@id":"https:\/\/www.karinibutiik.ee\/toode\/sadelev-litritega-halter-pluus\/#primaryimage"},"thumbnailUrl":"https:\/\/www.karinibutiik.ee\/wp-content\/uploads\/2025\/11\/97E83B4F-1022-4022-B58B-5471630D3735-scaled.jpeg","datePublished":"2025-11-19T11:03:15+00:00","dateModified":"2026-01-05T19:24:45+00:00","description":"S\u00e4delev litritega halter-pluus naistele. Pehme ja mugav, sisemise voodriga. Saadaval suuruses S-L. Ideaalne pidulikuks ja trendikaks stiiliks.","breadcrumb":{"@id":"https:\/\/www.karinibutiik.ee\/toode\/sadelev-litritega-halter-pluus\/#breadcrumb"},"inLanguage":"lt-LT","potentialAction":[{"@type":"ReadAction","target":["https:\/\/www.karinibutiik.ee\/toode\/sadelev-litritega-halter-pluus\/"]}]},{"@type":"ImageObject","inLanguage":"lt-LT","@id":"https:\/\/www.karinibutiik.ee\/toode\/sadelev-litritega-halter-pluus\/#primaryimage","url":"https:\/\/www.karinibutiik.ee\/wp-content\/uploads\/2025\/11\/97E83B4F-1022-4022-B58B-5471630D3735-scaled.jpeg","contentUrl":"https:\/\/www.karinibutiik.ee\/wp-content\/uploads\/2025\/11\/97E83B4F-1022-4022-B58B-5471630D3735-scaled.jpeg","width":1868,"height":2560,"caption":"Litterpluus BEEZ"},{"@type":"BreadcrumbList","@id":"https:\/\/www.karinibutiik.ee\/toode\/sadelev-litritega-halter-pluus\/#breadcrumb","itemListElement":[{"@type":"ListItem","position":1,"name":"Home","item":"https:\/\/www.karinibutiik.ee\/"},{"@type":"ListItem","position":2,"name":"Pood","item":"https:\/\/www.karinibutiik.ee\/pood\/"},{"@type":"ListItem","position":3,"name":"S\u00e4delev litritega halter-pluus"}]},{"@type":"WebSite","@id":"https:\/\/www.karinibutiik.ee\/#website","url":"https:\/\/www.karinibutiik.ee\/","name":"Karini Butiik","description":"","publisher":{"@id":"https:\/\/www.karinibutiik.ee\/#organization"},"potentialAction":[{"@type":"SearchAction","target":{"@type":"EntryPoint","urlTemplate":"https:\/\/www.karinibutiik.ee\/?s={search_term_string}"},"query-input":{"@type":"PropertyValueSpecification","valueRequired":true,"valueName":"search_term_string"}}],"inLanguage":"lt-LT"},{"@type":"Organization","@id":"https:\/\/www.karinibutiik.ee\/#organization","name":"Karini Butiik","url":"https:\/\/www.karinibutiik.ee\/","logo":{"@type":"ImageObject","inLanguage":"lt-LT","@id":"https:\/\/www.karinibutiik.ee\/#\/schema\/logo\/image\/","url":"https:\/\/www.karinibutiik.ee\/wp-content\/uploads\/2024\/10\/Kuj.-K-koopia.png","contentUrl":"https:\/\/www.karinibutiik.ee\/wp-content\/uploads\/2024\/10\/Kuj.-K-koopia.png","width":500,"height":500,"caption":"Karini Butiik"},"image":{"@id":"https:\/\/www.karinibutiik.ee\/#\/schema\/logo\/image\/"},"sameAs":["https:\/\/www.facebook.com\/karinibutiik.ee","https:\/\/www.instagram.com\/karinibutiik"]}]},"og_availability":"instock","product_availability":"instock","product_retailer_item_id":"4456","product_condition":"new"},"_links":{"self":[{"href":"https:\/\/www.karinibutiik.ee\/lt\/wp-json\/wp\/v2\/product\/24918","targetHints":{"allow":["GET"]}}],"collection":[{"href":"https:\/\/www.karinibutiik.ee\/lt\/wp-json\/wp\/v2\/product"}],"about":[{"href":"https:\/\/www.karinibutiik.ee\/lt\/wp-json\/wp\/v2\/types\/product"}],"version-history":[{"count":1,"href":"https:\/\/www.karinibutiik.ee\/lt\/wp-json\/wp\/v2\/product\/24918\/revisions"}],"predecessor-version":[{"id":24927,"href":"https:\/\/www.karinibutiik.ee\/lt\/wp-json\/wp\/v2\/product\/24918\/revisions\/24927"}],"wp:featuredmedia":[{"embeddable":true,"href":"https:\/\/www.karinibutiik.ee\/lt\/wp-json\/wp\/v2\/media\/24943"}],"wp:attachment":[{"href":"https:\/\/www.karinibutiik.ee\/lt\/wp-json\/wp\/v2\/media?parent=24918"}],"wp:term":[{"taxonomy":"product_brand","embeddable":true,"href":"https:\/\/www.karinibutiik.ee\/lt\/wp-json\/wp\/v2\/product_brand?post=24918"},{"taxonomy":"product_cat","embeddable":true,"href":"https:\/\/www.karinibutiik.ee\/lt\/wp-json\/wp\/v2\/product_cat?post=24918"},{"taxonomy":"product_tag","embeddable":true,"href":"https:\/\/www.karinibutiik.ee\/lt\/wp-json\/wp\/v2\/product_tag?post=24918"}],"curies":[{"name":"wp","href":"https:\/\/api.w.org\/{rel}","templated":true}]}}