{"id":25140,"date":"2025-11-21T10:43:19","date_gmt":"2025-11-21T08:43:19","guid":{"rendered":"https:\/\/www.karinibutiik.ee\/?post_type=product&#038;p=25140"},"modified":"2026-04-03T12:14:11","modified_gmt":"2026-04-03T09:14:11","slug":"glamuurne-sulgedega-kaunistatud-ohtukleit","status":"publish","type":"product","link":"https:\/\/www.karinibutiik.ee\/lt\/produktas\/glamuurne-sulgedega-kaunistatud-ohtukleit\/","title":{"rendered":"Glamuurne sulgedega kaunistatud \u00f5htukleit"},"content":{"rendered":"<p data-start=\"784\" data-end=\"1095\">Glamuurne sulgedega \u00f5htukleit on loodud naisele, kes soovib s\u00e4rada igal peol. Kleiti kaunistavad kvaliteetsed litrid, mis peegeldavad valgust igast liigutusest, luues luksusliku ja piduliku efekti. \u00d5lgadel ning seeliku \u00e4\u00e4rel olevad sulgedest detailid lisavad kleidile dramaatilisust ja moelavalikku s\u00e4ra.<\/p>\n<p data-start=\"1097\" data-end=\"1231\">Keha j\u00e4rgiva l\u00f5ikega kleit r\u00f5hutab figuuri ning loob elegantse silueti. Seljal asuv peitelukk tagab mugava ja laitmatu istuvuse.<\/p>\n<p data-start=\"1233\" data-end=\"1324\">Saadaval kahes klassikalises ja pidulikus toonis: ajatu must ning \u0161ikk tumepruun.<\/p>\n<p data-start=\"1326\" data-end=\"1454\">Ideaalne valik s\u00fcnnip\u00e4evaks, gala\u00f5htuks, pulmapidudeks, aastavahetuseks v\u00f5i igaks s\u00fcndmuseks, kus soovid t\u00f5eliselt silma paista.<\/p>","protected":false},"excerpt":{"rendered":"<p>Glamuurne sulgedega \u00f5htukleit on loodud naisele, kes soovib s\u00e4rada igal peol. Kleiti kaunistavad kvaliteetsed litrid, mis peegeldavad valgust igast liigutusest, [&hellip;]<\/p>\n","protected":false},"featured_media":25104,"template":"","meta":{"site-sidebar-layout":"default","site-content-layout":"","ast-site-content-layout":"default","site-content-style":"default","site-sidebar-style":"default","ast-global-header-display":"","ast-banner-title-visibility":"","ast-main-header-display":"","ast-hfb-above-header-display":"","ast-hfb-below-header-display":"","ast-hfb-mobile-header-display":"","site-post-title":"","ast-breadcrumbs-content":"","ast-featured-img":"","footer-sml-layout":"","ast-disable-related-posts":"","theme-transparent-header-meta":"default","adv-header-id-meta":"","stick-header-meta":"default","header-above-stick-meta":"","header-main-stick-meta":"","header-below-stick-meta":"","astra-migrate-meta-layouts":"set","ast-page-background-enabled":"default","ast-page-background-meta":{"desktop":{"background-color":"var(--ast-global-color-4)","background-image":"","background-repeat":"repeat","background-position":"center center","background-size":"auto","background-attachment":"scroll","background-type":"","background-media":"","overlay-type":"","overlay-color":"","overlay-opacity":"","overlay-gradient":""},"tablet":{"background-color":"","background-image":"","background-repeat":"repeat","background-position":"center center","background-size":"auto","background-attachment":"scroll","background-type":"","background-media":"","overlay-type":"","overlay-color":"","overlay-opacity":"","overlay-gradient":""},"mobile":{"background-color":"","background-image":"","background-repeat":"repeat","background-position":"center center","background-size":"auto","background-attachment":"scroll","background-type":"","background-media":"","overlay-type":"","overlay-color":"","overlay-opacity":"","overlay-gradient":""}},"ast-content-background-meta":{"desktop":{"background-color":"var(--ast-global-color-5)","background-image":"","background-repeat":"repeat","background-position":"center center","background-size":"auto","background-attachment":"scroll","background-type":"","background-media":"","overlay-type":"","overlay-color":"","overlay-opacity":"","overlay-gradient":""},"tablet":{"background-color":"var(--ast-global-color-5)","background-image":"","background-repeat":"repeat","background-position":"center center","background-size":"auto","background-attachment":"scroll","background-type":"","background-media":"","overlay-type":"","overlay-color":"","overlay-opacity":"","overlay-gradient":""},"mobile":{"background-color":"var(--ast-global-color-5)","background-image":"","background-repeat":"repeat","background-position":"center center","background-size":"auto","background-attachment":"scroll","background-type":"","background-media":"","overlay-type":"","overlay-color":"","overlay-opacity":"","overlay-gradient":""}}},"product_brand":[],"product_cat":[367,347,377,357,346,351],"product_tag":[2217,1169,1724,1725,2209,2091,2103,1170,2211,1255,2214,2145,1618,738,2215,2210,2213,2216,2218,2212],"class_list":{"0":"post-25140","1":"product","2":"type-product","3":"status-publish","4":"has-post-thumbnail","6":"product_cat-allahindlus","7":"product_cat-kleidid","8":"product_cat-litter-ja-glitterkleidid","9":"product_cat-maksikleidid","10":"product_cat-naised","11":"product_cat-uued-tooted","12":"product_tag-aastavahetuse-kleit","13":"product_tag-elegantne-kleit","14":"product_tag-figuuri-rohutav-kleit","15":"product_tag-gala-kleit","16":"product_tag-glamuurne-ohtukleit","17":"product_tag-litritega-kleit","18":"product_tag-litritega-pidulik-kleit","19":"product_tag-luksuslik-kleit","20":"product_tag-must-ohtukleit","21":"product_tag-naiste-ohtukleit","22":"product_tag-ohtukleidid-s-m-l","23":"product_tag-peitelukuga-kleit","24":"product_tag-peokleit","25":"product_tag-pidulik-kleit","26":"product_tag-stiilne-naiste-kleit","27":"product_tag-sulgedega-kleit","28":"product_tag-sulgedega-olakleidid","29":"product_tag-sundmuskleit","30":"product_tag-sunnipaevakleit","31":"product_tag-tumepruun-ohtukleit","32":"desktop-align-center","33":"tablet-align-center","34":"mobile-align-center","35":"ast-product-gallery-layout-horizontal-slider","36":"ast-product-single-variable","37":"ast-product-tabs-layout-horizontal","39":"first","40":"instock","41":"sale","42":"taxable","43":"shipping-taxable","44":"purchasable","45":"product-type-variable"},"supplier_id":null,"supplier_sku":"","barcode":null,"atum_controlled":true,"out_stock_date":null,"out_stock_threshold":null,"inheritable":true,"inbound_stock":null,"stock_on_hold":0,"sold_today":null,"sales_last_days":null,"reserved_stock":0,"customer_returns":null,"warehouse_damage":0,"lost_in_post":null,"other_logs":0,"out_stock_days":null,"lost_sales":null,"has_location":false,"update_date":"2025-12-27T09:35:58","atum_locations":[],"atum_stock_status":"instock","restock_status":false,"low_stock_amount":"","sales_update_date":"2025-12-02T12:10:02","calc_backorders":null,"yoast_head":"<!-- This site is optimized with the Yoast SEO plugin v26.9 - https:\/\/yoast.com\/product\/yoast-seo-wordpress\/ -->\n<title>Glamuurne sulgedega kaunistatud \u00f5htukleit - Karini Butiik<\/title>\n<meta name=\"description\" content=\"Glamuurne litrite ja sulgedega \u00f5htukleit mustas ja tumepruunis toonis. Elegantne peokleit peiteluku ja figuuri r\u00f5hutava l\u00f5ikega. Saadaval suurused S\u2013L.\" \/>\n<meta name=\"robots\" content=\"index, follow, max-snippet:-1, max-image-preview:large, max-video-preview:-1\" \/>\n<link rel=\"canonical\" href=\"https:\/\/www.karinibutiik.ee\/lt\/produktas\/glamuurne-sulgedega-kaunistatud-ohtukleit\/\" \/>\n<meta property=\"og:locale\" content=\"lt_LT\" \/>\n<meta property=\"og:type\" content=\"article\" \/>\n<meta property=\"og:title\" content=\"Glamuurne sulgedega kaunistatud \u00f5htukleit - Karini Butiik\" \/>\n<meta property=\"og:description\" content=\"Glamuurne litrite ja sulgedega \u00f5htukleit mustas ja tumepruunis toonis. Elegantne peokleit peiteluku ja figuuri r\u00f5hutava l\u00f5ikega. Saadaval suurused S\u2013L.\" \/>\n<meta property=\"og:url\" content=\"https:\/\/www.karinibutiik.ee\/lt\/produktas\/glamuurne-sulgedega-kaunistatud-ohtukleit\/\" \/>\n<meta property=\"og:site_name\" content=\"Karini Butiik\" \/>\n<meta property=\"article:publisher\" content=\"https:\/\/www.facebook.com\/karinibutiik.ee\" \/>\n<meta property=\"article:modified_time\" content=\"2026-04-03T09:14:11+00:00\" \/>\n<meta property=\"og:image\" content=\"https:\/\/www.karinibutiik.ee\/wp-content\/uploads\/2025\/11\/0B8D5965-730C-41E6-A828-54A955420D6F-scaled.jpeg\" \/>\n\t<meta property=\"og:image:width\" content=\"1865\" \/>\n\t<meta property=\"og:image:height\" content=\"2560\" \/>\n\t<meta property=\"og:image:type\" content=\"image\/jpeg\" \/>\n<meta name=\"twitter:card\" content=\"summary_large_image\" \/>\n<meta name=\"twitter:label1\" content=\"Availability\" \/>\n\t<meta name=\"twitter:data1\" content=\"In stock\" \/>\n<script type=\"application\/ld+json\" class=\"yoast-schema-graph\">{\"@context\":\"https:\/\/schema.org\",\"@graph\":[{\"@type\":\"WebPage\",\"@id\":\"https:\/\/www.karinibutiik.ee\/toode\/glamuurne-sulgedega-kaunistatud-ohtukleit\/\",\"url\":\"https:\/\/www.karinibutiik.ee\/toode\/glamuurne-sulgedega-kaunistatud-ohtukleit\/\",\"name\":\"Glamuurne sulgedega kaunistatud \u00f5htukleit - Karini Butiik\",\"isPartOf\":{\"@id\":\"https:\/\/www.karinibutiik.ee\/#website\"},\"primaryImageOfPage\":{\"@id\":\"https:\/\/www.karinibutiik.ee\/toode\/glamuurne-sulgedega-kaunistatud-ohtukleit\/#primaryimage\"},\"image\":{\"@id\":\"https:\/\/www.karinibutiik.ee\/toode\/glamuurne-sulgedega-kaunistatud-ohtukleit\/#primaryimage\"},\"thumbnailUrl\":\"https:\/\/www.karinibutiik.ee\/wp-content\/uploads\/2025\/11\/0B8D5965-730C-41E6-A828-54A955420D6F-scaled.jpeg\",\"datePublished\":\"2025-11-21T08:43:19+00:00\",\"dateModified\":\"2026-04-03T09:14:11+00:00\",\"description\":\"Glamuurne litrite ja sulgedega \u00f5htukleit mustas ja tumepruunis toonis. Elegantne peokleit peiteluku ja figuuri r\u00f5hutava l\u00f5ikega. Saadaval suurused S\u2013L.\",\"breadcrumb\":{\"@id\":\"https:\/\/www.karinibutiik.ee\/toode\/glamuurne-sulgedega-kaunistatud-ohtukleit\/#breadcrumb\"},\"inLanguage\":\"lt-LT\",\"potentialAction\":[{\"@type\":\"ReadAction\",\"target\":[\"https:\/\/www.karinibutiik.ee\/toode\/glamuurne-sulgedega-kaunistatud-ohtukleit\/\"]}]},{\"@type\":\"ImageObject\",\"inLanguage\":\"lt-LT\",\"@id\":\"https:\/\/www.karinibutiik.ee\/toode\/glamuurne-sulgedega-kaunistatud-ohtukleit\/#primaryimage\",\"url\":\"https:\/\/www.karinibutiik.ee\/wp-content\/uploads\/2025\/11\/0B8D5965-730C-41E6-A828-54A955420D6F-scaled.jpeg\",\"contentUrl\":\"https:\/\/www.karinibutiik.ee\/wp-content\/uploads\/2025\/11\/0B8D5965-730C-41E6-A828-54A955420D6F-scaled.jpeg\",\"width\":1865,\"height\":2560,\"caption\":\"Glamuurne sulgedega ja litritega kaunistatud \u00f5htukleit mustas v\u00f5i tumepruunis toonis, as\u00fcmmeetrilise seeliku ja s\u00fcgava dekolteega\"},{\"@type\":\"BreadcrumbList\",\"@id\":\"https:\/\/www.karinibutiik.ee\/toode\/glamuurne-sulgedega-kaunistatud-ohtukleit\/#breadcrumb\",\"itemListElement\":[{\"@type\":\"ListItem\",\"position\":1,\"name\":\"Home\",\"item\":\"https:\/\/www.karinibutiik.ee\/\"},{\"@type\":\"ListItem\",\"position\":2,\"name\":\"Pood\",\"item\":\"https:\/\/www.karinibutiik.ee\/pood\/\"},{\"@type\":\"ListItem\",\"position\":3,\"name\":\"Glamuurne sulgedega kaunistatud \u00f5htukleit\"}]},{\"@type\":\"WebSite\",\"@id\":\"https:\/\/www.karinibutiik.ee\/#website\",\"url\":\"https:\/\/www.karinibutiik.ee\/\",\"name\":\"Karini Butiik\",\"description\":\"\",\"publisher\":{\"@id\":\"https:\/\/www.karinibutiik.ee\/#organization\"},\"potentialAction\":[{\"@type\":\"SearchAction\",\"target\":{\"@type\":\"EntryPoint\",\"urlTemplate\":\"https:\/\/www.karinibutiik.ee\/?s={search_term_string}\"},\"query-input\":{\"@type\":\"PropertyValueSpecification\",\"valueRequired\":true,\"valueName\":\"search_term_string\"}}],\"inLanguage\":\"lt-LT\"},{\"@type\":\"Organization\",\"@id\":\"https:\/\/www.karinibutiik.ee\/#organization\",\"name\":\"Karini Butiik\",\"url\":\"https:\/\/www.karinibutiik.ee\/\",\"logo\":{\"@type\":\"ImageObject\",\"inLanguage\":\"lt-LT\",\"@id\":\"https:\/\/www.karinibutiik.ee\/#\/schema\/logo\/image\/\",\"url\":\"https:\/\/www.karinibutiik.ee\/wp-content\/uploads\/2024\/10\/Kuj.-K-koopia.png\",\"contentUrl\":\"https:\/\/www.karinibutiik.ee\/wp-content\/uploads\/2024\/10\/Kuj.-K-koopia.png\",\"width\":500,\"height\":500,\"caption\":\"Karini Butiik\"},\"image\":{\"@id\":\"https:\/\/www.karinibutiik.ee\/#\/schema\/logo\/image\/\"},\"sameAs\":[\"https:\/\/www.facebook.com\/karinibutiik.ee\",\"https:\/\/www.instagram.com\/karinibutiik\"]}]}<\/script>\n<meta property=\"og:availability\" content=\"instock\" \/>\n<meta property=\"product:availability\" content=\"instock\" \/>\n<meta property=\"product:retailer_item_id\" content=\"23100\" \/>\n<meta property=\"product:condition\" content=\"new\" \/>\n<!-- \/ Yoast SEO plugin. -->","yoast_head_json":{"title":"Glamuurne sulgedega kaunistatud \u00f5htukleit - Karini Butiik","description":"Glamuurne litrite ja sulgedega \u00f5htukleit mustas ja tumepruunis toonis. Elegantne peokleit peiteluku ja figuuri r\u00f5hutava l\u00f5ikega. Saadaval suurused S\u2013L.","robots":{"index":"index","follow":"follow","max-snippet":"max-snippet:-1","max-image-preview":"max-image-preview:large","max-video-preview":"max-video-preview:-1"},"canonical":"https:\/\/www.karinibutiik.ee\/lt\/produktas\/glamuurne-sulgedega-kaunistatud-ohtukleit\/","og_locale":"lt_LT","og_type":"article","og_title":"Glamuurne sulgedega kaunistatud \u00f5htukleit - Karini Butiik","og_description":"Glamuurne litrite ja sulgedega \u00f5htukleit mustas ja tumepruunis toonis. Elegantne peokleit peiteluku ja figuuri r\u00f5hutava l\u00f5ikega. Saadaval suurused S\u2013L.","og_url":"https:\/\/www.karinibutiik.ee\/lt\/produktas\/glamuurne-sulgedega-kaunistatud-ohtukleit\/","og_site_name":"Karini Butiik","article_publisher":"https:\/\/www.facebook.com\/karinibutiik.ee","article_modified_time":"2026-04-03T09:14:11+00:00","og_image":[{"width":1865,"height":2560,"url":"https:\/\/www.karinibutiik.ee\/wp-content\/uploads\/2025\/11\/0B8D5965-730C-41E6-A828-54A955420D6F-scaled.jpeg","type":"image\/jpeg"}],"twitter_card":"summary_large_image","twitter_misc":{"Availability":"In stock"},"schema":{"@context":"https:\/\/schema.org","@graph":[{"@type":"WebPage","@id":"https:\/\/www.karinibutiik.ee\/toode\/glamuurne-sulgedega-kaunistatud-ohtukleit\/","url":"https:\/\/www.karinibutiik.ee\/toode\/glamuurne-sulgedega-kaunistatud-ohtukleit\/","name":"Glamuurne sulgedega kaunistatud \u00f5htukleit - Karini Butiik","isPartOf":{"@id":"https:\/\/www.karinibutiik.ee\/#website"},"primaryImageOfPage":{"@id":"https:\/\/www.karinibutiik.ee\/toode\/glamuurne-sulgedega-kaunistatud-ohtukleit\/#primaryimage"},"image":{"@id":"https:\/\/www.karinibutiik.ee\/toode\/glamuurne-sulgedega-kaunistatud-ohtukleit\/#primaryimage"},"thumbnailUrl":"https:\/\/www.karinibutiik.ee\/wp-content\/uploads\/2025\/11\/0B8D5965-730C-41E6-A828-54A955420D6F-scaled.jpeg","datePublished":"2025-11-21T08:43:19+00:00","dateModified":"2026-04-03T09:14:11+00:00","description":"Glamuurne litrite ja sulgedega \u00f5htukleit mustas ja tumepruunis toonis. Elegantne peokleit peiteluku ja figuuri r\u00f5hutava l\u00f5ikega. Saadaval suurused S\u2013L.","breadcrumb":{"@id":"https:\/\/www.karinibutiik.ee\/toode\/glamuurne-sulgedega-kaunistatud-ohtukleit\/#breadcrumb"},"inLanguage":"lt-LT","potentialAction":[{"@type":"ReadAction","target":["https:\/\/www.karinibutiik.ee\/toode\/glamuurne-sulgedega-kaunistatud-ohtukleit\/"]}]},{"@type":"ImageObject","inLanguage":"lt-LT","@id":"https:\/\/www.karinibutiik.ee\/toode\/glamuurne-sulgedega-kaunistatud-ohtukleit\/#primaryimage","url":"https:\/\/www.karinibutiik.ee\/wp-content\/uploads\/2025\/11\/0B8D5965-730C-41E6-A828-54A955420D6F-scaled.jpeg","contentUrl":"https:\/\/www.karinibutiik.ee\/wp-content\/uploads\/2025\/11\/0B8D5965-730C-41E6-A828-54A955420D6F-scaled.jpeg","width":1865,"height":2560,"caption":"Glamuurne sulgedega ja litritega kaunistatud \u00f5htukleit mustas v\u00f5i tumepruunis toonis, as\u00fcmmeetrilise seeliku ja s\u00fcgava dekolteega"},{"@type":"BreadcrumbList","@id":"https:\/\/www.karinibutiik.ee\/toode\/glamuurne-sulgedega-kaunistatud-ohtukleit\/#breadcrumb","itemListElement":[{"@type":"ListItem","position":1,"name":"Home","item":"https:\/\/www.karinibutiik.ee\/"},{"@type":"ListItem","position":2,"name":"Pood","item":"https:\/\/www.karinibutiik.ee\/pood\/"},{"@type":"ListItem","position":3,"name":"Glamuurne sulgedega kaunistatud \u00f5htukleit"}]},{"@type":"WebSite","@id":"https:\/\/www.karinibutiik.ee\/#website","url":"https:\/\/www.karinibutiik.ee\/","name":"Karini Butiik","description":"","publisher":{"@id":"https:\/\/www.karinibutiik.ee\/#organization"},"potentialAction":[{"@type":"SearchAction","target":{"@type":"EntryPoint","urlTemplate":"https:\/\/www.karinibutiik.ee\/?s={search_term_string}"},"query-input":{"@type":"PropertyValueSpecification","valueRequired":true,"valueName":"search_term_string"}}],"inLanguage":"lt-LT"},{"@type":"Organization","@id":"https:\/\/www.karinibutiik.ee\/#organization","name":"Karini Butiik","url":"https:\/\/www.karinibutiik.ee\/","logo":{"@type":"ImageObject","inLanguage":"lt-LT","@id":"https:\/\/www.karinibutiik.ee\/#\/schema\/logo\/image\/","url":"https:\/\/www.karinibutiik.ee\/wp-content\/uploads\/2024\/10\/Kuj.-K-koopia.png","contentUrl":"https:\/\/www.karinibutiik.ee\/wp-content\/uploads\/2024\/10\/Kuj.-K-koopia.png","width":500,"height":500,"caption":"Karini Butiik"},"image":{"@id":"https:\/\/www.karinibutiik.ee\/#\/schema\/logo\/image\/"},"sameAs":["https:\/\/www.facebook.com\/karinibutiik.ee","https:\/\/www.instagram.com\/karinibutiik"]}]},"og_availability":"instock","product_availability":"instock","product_retailer_item_id":"23100","product_condition":"new"},"_links":{"self":[{"href":"https:\/\/www.karinibutiik.ee\/lt\/wp-json\/wp\/v2\/product\/25140","targetHints":{"allow":["GET"]}}],"collection":[{"href":"https:\/\/www.karinibutiik.ee\/lt\/wp-json\/wp\/v2\/product"}],"about":[{"href":"https:\/\/www.karinibutiik.ee\/lt\/wp-json\/wp\/v2\/types\/product"}],"version-history":[{"count":1,"href":"https:\/\/www.karinibutiik.ee\/lt\/wp-json\/wp\/v2\/product\/25140\/revisions"}],"predecessor-version":[{"id":25147,"href":"https:\/\/www.karinibutiik.ee\/lt\/wp-json\/wp\/v2\/product\/25140\/revisions\/25147"}],"wp:featuredmedia":[{"embeddable":true,"href":"https:\/\/www.karinibutiik.ee\/lt\/wp-json\/wp\/v2\/media\/25104"}],"wp:attachment":[{"href":"https:\/\/www.karinibutiik.ee\/lt\/wp-json\/wp\/v2\/media?parent=25140"}],"wp:term":[{"taxonomy":"product_brand","embeddable":true,"href":"https:\/\/www.karinibutiik.ee\/lt\/wp-json\/wp\/v2\/product_brand?post=25140"},{"taxonomy":"product_cat","embeddable":true,"href":"https:\/\/www.karinibutiik.ee\/lt\/wp-json\/wp\/v2\/product_cat?post=25140"},{"taxonomy":"product_tag","embeddable":true,"href":"https:\/\/www.karinibutiik.ee\/lt\/wp-json\/wp\/v2\/product_tag?post=25140"}],"curies":[{"name":"wp","href":"https:\/\/api.w.org\/{rel}","templated":true}]}}