{"id":25475,"date":"2025-12-02T14:16:58","date_gmt":"2025-12-02T12:16:58","guid":{"rendered":"https:\/\/www.karinibutiik.ee\/?post_type=product&#038;p=25475"},"modified":"2026-02-17T12:23:00","modified_gmt":"2026-02-17T10:23:00","slug":"tumepruunid-sirge-loikega-paksemad-tekstiilpuksid","status":"publish","type":"product","link":"https:\/\/www.karinibutiik.ee\/lt\/produktas\/tumepruunid-sirge-loikega-paksemad-tekstiilpuksid\/","title":{"rendered":"Tumepruunid sirge l\u00f5ikega paksemad tekstiilp\u00fcksid"},"content":{"rendered":"<p data-start=\"288\" data-end=\"781\">Stiilsed ja kvaliteetsed tumepruunid sirge l\u00f5ikega tekstiilp\u00fcksid on loodud naisele, kes hindab elegantsi, mugavust ja h\u00e4sti langevat siluetti. Paksem ja tugevam kangas hoiab vormi ning tagab viisaka ja puhta joone iga sammuga.<br data-start=\"519\" data-end=\"522\" \/>Sirge jalg lisab pikkust ja loob kauni klassikalise profiili, mis sobib ideaalselt nii t\u00f6\u00f6p\u00e4evaks, pidulikumaks s\u00fcndmuseks kui ka smart-casual komplektideks. Tumepruun toon on trendikas, ajatu ja h\u00e4sti kombineeritav nii heledate kui tumedate \u00fclemiste osadega.<\/p>\n<p data-start=\"783\" data-end=\"869\">Saadaval suurustes S, M, L ja XL, et tagada ilus sobivus erinevatele kehakujudele.<\/p>","protected":false},"excerpt":{"rendered":"<p>Stiilsed ja kvaliteetsed tumepruunid sirge l\u00f5ikega tekstiilp\u00fcksid on loodud naisele, kes hindab elegantsi, mugavust ja h\u00e4sti langevat siluetti. Paksem ja [&hellip;]<\/p>\n","protected":false},"featured_media":25364,"template":"","meta":{"site-sidebar-layout":"default","site-content-layout":"","ast-site-content-layout":"default","site-content-style":"default","site-sidebar-style":"default","ast-global-header-display":"","ast-banner-title-visibility":"","ast-main-header-display":"","ast-hfb-above-header-display":"","ast-hfb-below-header-display":"","ast-hfb-mobile-header-display":"","site-post-title":"","ast-breadcrumbs-content":"","ast-featured-img":"","footer-sml-layout":"","ast-disable-related-posts":"","theme-transparent-header-meta":"default","adv-header-id-meta":"","stick-header-meta":"default","header-above-stick-meta":"","header-main-stick-meta":"","header-below-stick-meta":"","astra-migrate-meta-layouts":"set","ast-page-background-enabled":"default","ast-page-background-meta":{"desktop":{"background-color":"var(--ast-global-color-4)","background-image":"","background-repeat":"repeat","background-position":"center center","background-size":"auto","background-attachment":"scroll","background-type":"","background-media":"","overlay-type":"","overlay-color":"","overlay-opacity":"","overlay-gradient":""},"tablet":{"background-color":"","background-image":"","background-repeat":"repeat","background-position":"center center","background-size":"auto","background-attachment":"scroll","background-type":"","background-media":"","overlay-type":"","overlay-color":"","overlay-opacity":"","overlay-gradient":""},"mobile":{"background-color":"","background-image":"","background-repeat":"repeat","background-position":"center center","background-size":"auto","background-attachment":"scroll","background-type":"","background-media":"","overlay-type":"","overlay-color":"","overlay-opacity":"","overlay-gradient":""}},"ast-content-background-meta":{"desktop":{"background-color":"var(--ast-global-color-5)","background-image":"","background-repeat":"repeat","background-position":"center center","background-size":"auto","background-attachment":"scroll","background-type":"","background-media":"","overlay-type":"","overlay-color":"","overlay-opacity":"","overlay-gradient":""},"tablet":{"background-color":"var(--ast-global-color-5)","background-image":"","background-repeat":"repeat","background-position":"center center","background-size":"auto","background-attachment":"scroll","background-type":"","background-media":"","overlay-type":"","overlay-color":"","overlay-opacity":"","overlay-gradient":""},"mobile":{"background-color":"var(--ast-global-color-5)","background-image":"","background-repeat":"repeat","background-position":"center center","background-size":"auto","background-attachment":"scroll","background-type":"","background-media":"","overlay-type":"","overlay-color":"","overlay-opacity":"","overlay-gradient":""}}},"product_brand":[],"product_cat":[356,351],"product_tag":[1379,501,2353,1290,1077,2356,2355,2352,2351,1347,2344,2354],"class_list":{"0":"post-25475","1":"product","2":"type-product","3":"status-publish","4":"has-post-thumbnail","6":"product_cat-tekstiilpuksid","7":"product_cat-uued-tooted","8":"product_tag-elegantsed-puksid","9":"product_tag-karini-butiik","10":"product_tag-klassikalised-naiste-puksid","11":"product_tag-kontoristiil","12":"product_tag-mugavad-puksid","13":"product_tag-naiste-tekstiilpuksid","14":"product_tag-paksemad-tekstiilpuksid","15":"product_tag-pruunid-sirge-loikega-puksid","16":"product_tag-s-m-l-xl-puksid","17":"product_tag-sirge-loikega-puksid","18":"product_tag-smart-casual-puksid","19":"product_tag-tumepruunid-puksid","20":"desktop-align-center","21":"tablet-align-center","22":"mobile-align-center","23":"ast-product-gallery-layout-horizontal-slider","24":"ast-product-single-variable","25":"ast-product-tabs-layout-horizontal","27":"first","28":"instock","29":"taxable","30":"shipping-taxable","31":"purchasable","32":"product-type-variable"},"supplier_id":null,"supplier_sku":"","barcode":null,"atum_controlled":true,"out_stock_date":null,"out_stock_threshold":null,"inheritable":true,"inbound_stock":null,"stock_on_hold":0,"sold_today":null,"sales_last_days":null,"reserved_stock":0,"customer_returns":null,"warehouse_damage":0,"lost_in_post":null,"other_logs":0,"out_stock_days":null,"lost_sales":null,"has_location":false,"update_date":"2025-12-05T10:58:09","atum_locations":[],"atum_stock_status":"instock","restock_status":false,"low_stock_amount":"","sales_update_date":"2025-12-05T10:58:09","calc_backorders":null,"yoast_head":"<!-- This site is optimized with the Yoast SEO plugin v26.9 - https:\/\/yoast.com\/product\/yoast-seo-wordpress\/ -->\n<title>Tumepruunid sirge l\u00f5ikega paksemad tekstiilp\u00fcksid - Karini Butiik<\/title>\n<meta name=\"description\" content=\"Tumepruunid paksemast kangast sirge l\u00f5ikega naiste tekstiilp\u00fcksid. Klassikaline ja elegantne mudel, mis hoiab vormi ja sobib nii igap\u00e4evaks kui t\u00f6\u00f6ks.\" \/>\n<meta name=\"robots\" content=\"index, follow, max-snippet:-1, max-image-preview:large, max-video-preview:-1\" \/>\n<link rel=\"canonical\" href=\"https:\/\/www.karinibutiik.ee\/lt\/produktas\/tumepruunid-sirge-loikega-paksemad-tekstiilpuksid\/\" \/>\n<meta property=\"og:locale\" content=\"lt_LT\" \/>\n<meta property=\"og:type\" content=\"article\" \/>\n<meta property=\"og:title\" content=\"Tumepruunid sirge l\u00f5ikega paksemad tekstiilp\u00fcksid - Karini Butiik\" \/>\n<meta property=\"og:description\" content=\"Tumepruunid paksemast kangast sirge l\u00f5ikega naiste tekstiilp\u00fcksid. Klassikaline ja elegantne mudel, mis hoiab vormi ja sobib nii igap\u00e4evaks kui t\u00f6\u00f6ks.\" \/>\n<meta property=\"og:url\" content=\"https:\/\/www.karinibutiik.ee\/lt\/produktas\/tumepruunid-sirge-loikega-paksemad-tekstiilpuksid\/\" \/>\n<meta property=\"og:site_name\" content=\"Karini Butiik\" \/>\n<meta property=\"article:publisher\" content=\"https:\/\/www.facebook.com\/karinibutiik.ee\" \/>\n<meta property=\"article:modified_time\" content=\"2026-02-17T10:23:00+00:00\" \/>\n<meta property=\"og:image\" content=\"https:\/\/www.karinibutiik.ee\/wp-content\/uploads\/2025\/11\/156A3EA6-FD81-492C-B625-7C2D4FA8D524-scaled.jpeg\" \/>\n\t<meta property=\"og:image:width\" content=\"1867\" \/>\n\t<meta property=\"og:image:height\" content=\"2560\" \/>\n\t<meta property=\"og:image:type\" content=\"image\/jpeg\" \/>\n<meta name=\"twitter:card\" content=\"summary_large_image\" \/>\n<meta name=\"twitter:label1\" content=\"Availability\" \/>\n\t<meta name=\"twitter:data1\" content=\"In stock\" \/>\n<script type=\"application\/ld+json\" class=\"yoast-schema-graph\">{\"@context\":\"https:\/\/schema.org\",\"@graph\":[{\"@type\":\"WebPage\",\"@id\":\"https:\/\/www.karinibutiik.ee\/toode\/tumepruunid-sirge-loikega-paksemad-tekstiilpuksid\/\",\"url\":\"https:\/\/www.karinibutiik.ee\/toode\/tumepruunid-sirge-loikega-paksemad-tekstiilpuksid\/\",\"name\":\"Tumepruunid sirge l\u00f5ikega paksemad tekstiilp\u00fcksid - Karini Butiik\",\"isPartOf\":{\"@id\":\"https:\/\/www.karinibutiik.ee\/#website\"},\"primaryImageOfPage\":{\"@id\":\"https:\/\/www.karinibutiik.ee\/toode\/tumepruunid-sirge-loikega-paksemad-tekstiilpuksid\/#primaryimage\"},\"image\":{\"@id\":\"https:\/\/www.karinibutiik.ee\/toode\/tumepruunid-sirge-loikega-paksemad-tekstiilpuksid\/#primaryimage\"},\"thumbnailUrl\":\"https:\/\/www.karinibutiik.ee\/wp-content\/uploads\/2025\/11\/156A3EA6-FD81-492C-B625-7C2D4FA8D524-scaled.jpeg\",\"datePublished\":\"2025-12-02T12:16:58+00:00\",\"dateModified\":\"2026-02-17T10:23:00+00:00\",\"description\":\"Tumepruunid paksemast kangast sirge l\u00f5ikega naiste tekstiilp\u00fcksid. Klassikaline ja elegantne mudel, mis hoiab vormi ja sobib nii igap\u00e4evaks kui t\u00f6\u00f6ks.\",\"breadcrumb\":{\"@id\":\"https:\/\/www.karinibutiik.ee\/toode\/tumepruunid-sirge-loikega-paksemad-tekstiilpuksid\/#breadcrumb\"},\"inLanguage\":\"lt-LT\",\"potentialAction\":[{\"@type\":\"ReadAction\",\"target\":[\"https:\/\/www.karinibutiik.ee\/toode\/tumepruunid-sirge-loikega-paksemad-tekstiilpuksid\/\"]}]},{\"@type\":\"ImageObject\",\"inLanguage\":\"lt-LT\",\"@id\":\"https:\/\/www.karinibutiik.ee\/toode\/tumepruunid-sirge-loikega-paksemad-tekstiilpuksid\/#primaryimage\",\"url\":\"https:\/\/www.karinibutiik.ee\/wp-content\/uploads\/2025\/11\/156A3EA6-FD81-492C-B625-7C2D4FA8D524-scaled.jpeg\",\"contentUrl\":\"https:\/\/www.karinibutiik.ee\/wp-content\/uploads\/2025\/11\/156A3EA6-FD81-492C-B625-7C2D4FA8D524-scaled.jpeg\",\"width\":1867,\"height\":2560},{\"@type\":\"BreadcrumbList\",\"@id\":\"https:\/\/www.karinibutiik.ee\/toode\/tumepruunid-sirge-loikega-paksemad-tekstiilpuksid\/#breadcrumb\",\"itemListElement\":[{\"@type\":\"ListItem\",\"position\":1,\"name\":\"Home\",\"item\":\"https:\/\/www.karinibutiik.ee\/\"},{\"@type\":\"ListItem\",\"position\":2,\"name\":\"Pood\",\"item\":\"https:\/\/www.karinibutiik.ee\/pood\/\"},{\"@type\":\"ListItem\",\"position\":3,\"name\":\"Tumepruunid sirge l\u00f5ikega paksemad tekstiilp\u00fcksid\"}]},{\"@type\":\"WebSite\",\"@id\":\"https:\/\/www.karinibutiik.ee\/#website\",\"url\":\"https:\/\/www.karinibutiik.ee\/\",\"name\":\"Karini Butiik\",\"description\":\"\",\"publisher\":{\"@id\":\"https:\/\/www.karinibutiik.ee\/#organization\"},\"potentialAction\":[{\"@type\":\"SearchAction\",\"target\":{\"@type\":\"EntryPoint\",\"urlTemplate\":\"https:\/\/www.karinibutiik.ee\/?s={search_term_string}\"},\"query-input\":{\"@type\":\"PropertyValueSpecification\",\"valueRequired\":true,\"valueName\":\"search_term_string\"}}],\"inLanguage\":\"lt-LT\"},{\"@type\":\"Organization\",\"@id\":\"https:\/\/www.karinibutiik.ee\/#organization\",\"name\":\"Karini Butiik\",\"url\":\"https:\/\/www.karinibutiik.ee\/\",\"logo\":{\"@type\":\"ImageObject\",\"inLanguage\":\"lt-LT\",\"@id\":\"https:\/\/www.karinibutiik.ee\/#\/schema\/logo\/image\/\",\"url\":\"https:\/\/www.karinibutiik.ee\/wp-content\/uploads\/2024\/10\/Kuj.-K-koopia.png\",\"contentUrl\":\"https:\/\/www.karinibutiik.ee\/wp-content\/uploads\/2024\/10\/Kuj.-K-koopia.png\",\"width\":500,\"height\":500,\"caption\":\"Karini Butiik\"},\"image\":{\"@id\":\"https:\/\/www.karinibutiik.ee\/#\/schema\/logo\/image\/\"},\"sameAs\":[\"https:\/\/www.facebook.com\/karinibutiik.ee\",\"https:\/\/www.instagram.com\/karinibutiik\"]}]}<\/script>\n<meta property=\"og:availability\" content=\"instock\" \/>\n<meta property=\"product:availability\" content=\"instock\" \/>\n<meta property=\"product:retailer_item_id\" content=\"6052\" \/>\n<meta property=\"product:condition\" content=\"new\" \/>\n<!-- \/ Yoast SEO plugin. -->","yoast_head_json":{"title":"Tumepruunid sirge l\u00f5ikega paksemad tekstiilp\u00fcksid - Karini Butiik","description":"Tumepruunid paksemast kangast sirge l\u00f5ikega naiste tekstiilp\u00fcksid. Klassikaline ja elegantne mudel, mis hoiab vormi ja sobib nii igap\u00e4evaks kui t\u00f6\u00f6ks.","robots":{"index":"index","follow":"follow","max-snippet":"max-snippet:-1","max-image-preview":"max-image-preview:large","max-video-preview":"max-video-preview:-1"},"canonical":"https:\/\/www.karinibutiik.ee\/lt\/produktas\/tumepruunid-sirge-loikega-paksemad-tekstiilpuksid\/","og_locale":"lt_LT","og_type":"article","og_title":"Tumepruunid sirge l\u00f5ikega paksemad tekstiilp\u00fcksid - Karini Butiik","og_description":"Tumepruunid paksemast kangast sirge l\u00f5ikega naiste tekstiilp\u00fcksid. Klassikaline ja elegantne mudel, mis hoiab vormi ja sobib nii igap\u00e4evaks kui t\u00f6\u00f6ks.","og_url":"https:\/\/www.karinibutiik.ee\/lt\/produktas\/tumepruunid-sirge-loikega-paksemad-tekstiilpuksid\/","og_site_name":"Karini Butiik","article_publisher":"https:\/\/www.facebook.com\/karinibutiik.ee","article_modified_time":"2026-02-17T10:23:00+00:00","og_image":[{"width":1867,"height":2560,"url":"https:\/\/www.karinibutiik.ee\/wp-content\/uploads\/2025\/11\/156A3EA6-FD81-492C-B625-7C2D4FA8D524-scaled.jpeg","type":"image\/jpeg"}],"twitter_card":"summary_large_image","twitter_misc":{"Availability":"In stock"},"schema":{"@context":"https:\/\/schema.org","@graph":[{"@type":"WebPage","@id":"https:\/\/www.karinibutiik.ee\/toode\/tumepruunid-sirge-loikega-paksemad-tekstiilpuksid\/","url":"https:\/\/www.karinibutiik.ee\/toode\/tumepruunid-sirge-loikega-paksemad-tekstiilpuksid\/","name":"Tumepruunid sirge l\u00f5ikega paksemad tekstiilp\u00fcksid - Karini Butiik","isPartOf":{"@id":"https:\/\/www.karinibutiik.ee\/#website"},"primaryImageOfPage":{"@id":"https:\/\/www.karinibutiik.ee\/toode\/tumepruunid-sirge-loikega-paksemad-tekstiilpuksid\/#primaryimage"},"image":{"@id":"https:\/\/www.karinibutiik.ee\/toode\/tumepruunid-sirge-loikega-paksemad-tekstiilpuksid\/#primaryimage"},"thumbnailUrl":"https:\/\/www.karinibutiik.ee\/wp-content\/uploads\/2025\/11\/156A3EA6-FD81-492C-B625-7C2D4FA8D524-scaled.jpeg","datePublished":"2025-12-02T12:16:58+00:00","dateModified":"2026-02-17T10:23:00+00:00","description":"Tumepruunid paksemast kangast sirge l\u00f5ikega naiste tekstiilp\u00fcksid. Klassikaline ja elegantne mudel, mis hoiab vormi ja sobib nii igap\u00e4evaks kui t\u00f6\u00f6ks.","breadcrumb":{"@id":"https:\/\/www.karinibutiik.ee\/toode\/tumepruunid-sirge-loikega-paksemad-tekstiilpuksid\/#breadcrumb"},"inLanguage":"lt-LT","potentialAction":[{"@type":"ReadAction","target":["https:\/\/www.karinibutiik.ee\/toode\/tumepruunid-sirge-loikega-paksemad-tekstiilpuksid\/"]}]},{"@type":"ImageObject","inLanguage":"lt-LT","@id":"https:\/\/www.karinibutiik.ee\/toode\/tumepruunid-sirge-loikega-paksemad-tekstiilpuksid\/#primaryimage","url":"https:\/\/www.karinibutiik.ee\/wp-content\/uploads\/2025\/11\/156A3EA6-FD81-492C-B625-7C2D4FA8D524-scaled.jpeg","contentUrl":"https:\/\/www.karinibutiik.ee\/wp-content\/uploads\/2025\/11\/156A3EA6-FD81-492C-B625-7C2D4FA8D524-scaled.jpeg","width":1867,"height":2560},{"@type":"BreadcrumbList","@id":"https:\/\/www.karinibutiik.ee\/toode\/tumepruunid-sirge-loikega-paksemad-tekstiilpuksid\/#breadcrumb","itemListElement":[{"@type":"ListItem","position":1,"name":"Home","item":"https:\/\/www.karinibutiik.ee\/"},{"@type":"ListItem","position":2,"name":"Pood","item":"https:\/\/www.karinibutiik.ee\/pood\/"},{"@type":"ListItem","position":3,"name":"Tumepruunid sirge l\u00f5ikega paksemad tekstiilp\u00fcksid"}]},{"@type":"WebSite","@id":"https:\/\/www.karinibutiik.ee\/#website","url":"https:\/\/www.karinibutiik.ee\/","name":"Karini Butiik","description":"","publisher":{"@id":"https:\/\/www.karinibutiik.ee\/#organization"},"potentialAction":[{"@type":"SearchAction","target":{"@type":"EntryPoint","urlTemplate":"https:\/\/www.karinibutiik.ee\/?s={search_term_string}"},"query-input":{"@type":"PropertyValueSpecification","valueRequired":true,"valueName":"search_term_string"}}],"inLanguage":"lt-LT"},{"@type":"Organization","@id":"https:\/\/www.karinibutiik.ee\/#organization","name":"Karini Butiik","url":"https:\/\/www.karinibutiik.ee\/","logo":{"@type":"ImageObject","inLanguage":"lt-LT","@id":"https:\/\/www.karinibutiik.ee\/#\/schema\/logo\/image\/","url":"https:\/\/www.karinibutiik.ee\/wp-content\/uploads\/2024\/10\/Kuj.-K-koopia.png","contentUrl":"https:\/\/www.karinibutiik.ee\/wp-content\/uploads\/2024\/10\/Kuj.-K-koopia.png","width":500,"height":500,"caption":"Karini Butiik"},"image":{"@id":"https:\/\/www.karinibutiik.ee\/#\/schema\/logo\/image\/"},"sameAs":["https:\/\/www.facebook.com\/karinibutiik.ee","https:\/\/www.instagram.com\/karinibutiik"]}]},"og_availability":"instock","product_availability":"instock","product_retailer_item_id":"6052","product_condition":"new"},"_links":{"self":[{"href":"https:\/\/www.karinibutiik.ee\/lt\/wp-json\/wp\/v2\/product\/25475","targetHints":{"allow":["GET"]}}],"collection":[{"href":"https:\/\/www.karinibutiik.ee\/lt\/wp-json\/wp\/v2\/product"}],"about":[{"href":"https:\/\/www.karinibutiik.ee\/lt\/wp-json\/wp\/v2\/types\/product"}],"version-history":[{"count":1,"href":"https:\/\/www.karinibutiik.ee\/lt\/wp-json\/wp\/v2\/product\/25475\/revisions"}],"predecessor-version":[{"id":25481,"href":"https:\/\/www.karinibutiik.ee\/lt\/wp-json\/wp\/v2\/product\/25475\/revisions\/25481"}],"wp:featuredmedia":[{"embeddable":true,"href":"https:\/\/www.karinibutiik.ee\/lt\/wp-json\/wp\/v2\/media\/25364"}],"wp:attachment":[{"href":"https:\/\/www.karinibutiik.ee\/lt\/wp-json\/wp\/v2\/media?parent=25475"}],"wp:term":[{"taxonomy":"product_brand","embeddable":true,"href":"https:\/\/www.karinibutiik.ee\/lt\/wp-json\/wp\/v2\/product_brand?post=25475"},{"taxonomy":"product_cat","embeddable":true,"href":"https:\/\/www.karinibutiik.ee\/lt\/wp-json\/wp\/v2\/product_cat?post=25475"},{"taxonomy":"product_tag","embeddable":true,"href":"https:\/\/www.karinibutiik.ee\/lt\/wp-json\/wp\/v2\/product_tag?post=25475"}],"curies":[{"name":"wp","href":"https:\/\/api.w.org\/{rel}","templated":true}]}}