{"id":25577,"date":"2025-12-09T14:22:35","date_gmt":"2025-12-09T12:22:35","guid":{"rendered":"https:\/\/www.karinibutiik.ee\/?post_type=product&#038;p=25577"},"modified":"2026-03-17T12:43:14","modified_gmt":"2026-03-17T10:43:14","slug":"kunstkarusnahast-pikk-kasukas","status":"publish","type":"product","link":"https:\/\/www.karinibutiik.ee\/lt\/produktas\/kunstkarusnahast-pikk-kasukas\/","title":{"rendered":"Kunstkarusnahast pikk kasukas"},"content":{"rendered":"<p>Elegantne ja luksuslik kunstkarusnahast kasukas, mis j\u00e4tab visuaalselt mulje nagu p\u00e4ris karusnahk. Pehme, soe ja kauni kukkuvusega \u2013 ideaalne valik nii igap\u00e4evaseks kandmiseks kui ka pidulikeks hetkedeks.<\/p>\n<p>Detailid:<br \/>\n\u2022 K\u00f5rge p\u00fcstkrae, mis kaitseb tuule eest ja lisab \u0161ikki siluetti<br \/>\n\u2022 Ees peidus trukk-kinnis<br \/>\n\u2022 Praktilised k\u00fcljetaskud<br \/>\n\u2022 Kaunis diagonaalne \u00f5mblusviimistlus, mis loob elegantse ja salendava joone<br \/>\n\u2022 Kvaliteetne ja tihe kunstkarv, mis n\u00e4eb v\u00e4lja nagu naturaalne kasukas<\/p>\n<p>Suurused: S\/M ja M\/L<br \/>\nMaterjal: kvaliteetne kunstkarusnahk<br \/>\nL\u00f5ige: mugavalt kukkuv ja naiselik<br \/>\nSobib: k\u00fclmadeks s\u00fcgis- ja talveilmadeks, igap\u00e4evaseks ning ka pidulikumaks kandmiseks<\/p>\n<p>Ajatu ja luksuslik kasukas, mis t\u00f5stab iga outfit\u2019i hetkega uuele tasemele.<\/p>","protected":false},"excerpt":{"rendered":"<p>Elegantne ja luksuslik kunstkarusnahast kasukas, mis j\u00e4tab visuaalselt mulje nagu p\u00e4ris karusnahk. Pehme, soe ja kauni kukkuvusega \u2013 ideaalne valik [&hellip;]<\/p>\n","protected":false},"featured_media":25565,"template":"","meta":{"site-sidebar-layout":"default","site-content-layout":"","ast-site-content-layout":"default","site-content-style":"default","site-sidebar-style":"default","ast-global-header-display":"","ast-banner-title-visibility":"","ast-main-header-display":"","ast-hfb-above-header-display":"","ast-hfb-below-header-display":"","ast-hfb-mobile-header-display":"","site-post-title":"","ast-breadcrumbs-content":"","ast-featured-img":"","footer-sml-layout":"","ast-disable-related-posts":"","theme-transparent-header-meta":"default","adv-header-id-meta":"","stick-header-meta":"default","header-above-stick-meta":"","header-main-stick-meta":"","header-below-stick-meta":"","astra-migrate-meta-layouts":"set","ast-page-background-enabled":"default","ast-page-background-meta":{"desktop":{"background-color":"var(--ast-global-color-4)","background-image":"","background-repeat":"repeat","background-position":"center center","background-size":"auto","background-attachment":"scroll","background-type":"","background-media":"","overlay-type":"","overlay-color":"","overlay-opacity":"","overlay-gradient":""},"tablet":{"background-color":"","background-image":"","background-repeat":"repeat","background-position":"center center","background-size":"auto","background-attachment":"scroll","background-type":"","background-media":"","overlay-type":"","overlay-color":"","overlay-opacity":"","overlay-gradient":""},"mobile":{"background-color":"","background-image":"","background-repeat":"repeat","background-position":"center center","background-size":"auto","background-attachment":"scroll","background-type":"","background-media":"","overlay-type":"","overlay-color":"","overlay-opacity":"","overlay-gradient":""}},"ast-content-background-meta":{"desktop":{"background-color":"var(--ast-global-color-5)","background-image":"","background-repeat":"repeat","background-position":"center center","background-size":"auto","background-attachment":"scroll","background-type":"","background-media":"","overlay-type":"","overlay-color":"","overlay-opacity":"","overlay-gradient":""},"tablet":{"background-color":"var(--ast-global-color-5)","background-image":"","background-repeat":"repeat","background-position":"center center","background-size":"auto","background-attachment":"scroll","background-type":"","background-media":"","overlay-type":"","overlay-color":"","overlay-opacity":"","overlay-gradient":""},"mobile":{"background-color":"var(--ast-global-color-5)","background-image":"","background-repeat":"repeat","background-position":"center center","background-size":"auto","background-attachment":"scroll","background-type":"","background-media":"","overlay-type":"","overlay-color":"","overlay-opacity":"","overlay-gradient":""}}},"product_brand":[],"product_cat":[367,369,346,453,365,351],"product_tag":[],"class_list":{"0":"post-25577","1":"product","2":"type-product","3":"status-publish","4":"has-post-thumbnail","6":"product_cat-allahindlus","7":"product_cat-mantlid","8":"product_cat-naised","9":"product_cat-soodus","10":"product_cat-uleriided","11":"product_cat-uued-tooted","12":"desktop-align-center","13":"tablet-align-center","14":"mobile-align-center","15":"ast-product-gallery-layout-horizontal-slider","16":"ast-product-single-variable","17":"ast-product-tabs-layout-horizontal","19":"first","20":"instock","21":"sale","22":"taxable","23":"shipping-taxable","24":"purchasable","25":"product-type-variable"},"supplier_id":null,"supplier_sku":"","barcode":null,"atum_controlled":true,"out_stock_date":null,"out_stock_threshold":null,"inheritable":true,"inbound_stock":null,"stock_on_hold":0,"sold_today":null,"sales_last_days":null,"reserved_stock":0,"customer_returns":null,"warehouse_damage":0,"lost_in_post":null,"other_logs":0,"out_stock_days":null,"lost_sales":null,"has_location":false,"update_date":"2026-02-16T09:11:19","atum_locations":[],"atum_stock_status":"instock","restock_status":false,"low_stock_amount":"","sales_update_date":null,"calc_backorders":null,"yoast_head":"<!-- This site is optimized with the Yoast SEO plugin v26.9 - https:\/\/yoast.com\/product\/yoast-seo-wordpress\/ -->\n<title>Kunstkarusnahast pikk kasukas - Karini Butiik<\/title>\n<meta name=\"description\" content=\"Luksuslik kunstkarusnahast pikk kasukas p\u00fcstkraega. Pehme, soe ja elegantselt kukkuv mudel suurustes S\/M ja M\/L. Ideaalne valik k\u00fclmadeks p\u00e4evadeks.\" \/>\n<meta name=\"robots\" content=\"index, follow, max-snippet:-1, max-image-preview:large, max-video-preview:-1\" \/>\n<link rel=\"canonical\" href=\"https:\/\/www.karinibutiik.ee\/lt\/produktas\/kunstkarusnahast-pikk-kasukas\/\" \/>\n<meta property=\"og:locale\" content=\"lt_LT\" \/>\n<meta property=\"og:type\" content=\"article\" \/>\n<meta property=\"og:title\" content=\"Kunstkarusnahast pikk kasukas - Karini Butiik\" \/>\n<meta property=\"og:description\" content=\"Luksuslik kunstkarusnahast pikk kasukas p\u00fcstkraega. Pehme, soe ja elegantselt kukkuv mudel suurustes S\/M ja M\/L. Ideaalne valik k\u00fclmadeks p\u00e4evadeks.\" \/>\n<meta property=\"og:url\" content=\"https:\/\/www.karinibutiik.ee\/lt\/produktas\/kunstkarusnahast-pikk-kasukas\/\" \/>\n<meta property=\"og:site_name\" content=\"Karini Butiik\" \/>\n<meta property=\"article:publisher\" content=\"https:\/\/www.facebook.com\/karinibutiik.ee\" \/>\n<meta property=\"article:modified_time\" content=\"2026-03-17T10:43:14+00:00\" \/>\n<meta property=\"og:image\" content=\"https:\/\/www.karinibutiik.ee\/wp-content\/uploads\/2025\/12\/695EC5C9-CFBD-46CC-8FEA-B40D6934C1D3-scaled.jpeg\" \/>\n\t<meta property=\"og:image:width\" content=\"1720\" \/>\n\t<meta property=\"og:image:height\" content=\"2560\" \/>\n\t<meta property=\"og:image:type\" content=\"image\/jpeg\" \/>\n<meta name=\"twitter:card\" content=\"summary_large_image\" \/>\n<meta name=\"twitter:label1\" content=\"Availability\" \/>\n\t<meta name=\"twitter:data1\" content=\"In stock\" \/>\n<script type=\"application\/ld+json\" class=\"yoast-schema-graph\">{\"@context\":\"https:\/\/schema.org\",\"@graph\":[{\"@type\":\"WebPage\",\"@id\":\"https:\/\/www.karinibutiik.ee\/toode\/kunstkarusnahast-pikk-kasukas\/\",\"url\":\"https:\/\/www.karinibutiik.ee\/toode\/kunstkarusnahast-pikk-kasukas\/\",\"name\":\"Kunstkarusnahast pikk kasukas - Karini Butiik\",\"isPartOf\":{\"@id\":\"https:\/\/www.karinibutiik.ee\/#website\"},\"primaryImageOfPage\":{\"@id\":\"https:\/\/www.karinibutiik.ee\/toode\/kunstkarusnahast-pikk-kasukas\/#primaryimage\"},\"image\":{\"@id\":\"https:\/\/www.karinibutiik.ee\/toode\/kunstkarusnahast-pikk-kasukas\/#primaryimage\"},\"thumbnailUrl\":\"https:\/\/www.karinibutiik.ee\/wp-content\/uploads\/2025\/12\/695EC5C9-CFBD-46CC-8FEA-B40D6934C1D3-scaled.jpeg\",\"datePublished\":\"2025-12-09T12:22:35+00:00\",\"dateModified\":\"2026-03-17T10:43:14+00:00\",\"description\":\"Luksuslik kunstkarusnahast pikk kasukas p\u00fcstkraega. Pehme, soe ja elegantselt kukkuv mudel suurustes S\/M ja M\/L. Ideaalne valik k\u00fclmadeks p\u00e4evadeks.\",\"breadcrumb\":{\"@id\":\"https:\/\/www.karinibutiik.ee\/toode\/kunstkarusnahast-pikk-kasukas\/#breadcrumb\"},\"inLanguage\":\"lt-LT\",\"potentialAction\":[{\"@type\":\"ReadAction\",\"target\":[\"https:\/\/www.karinibutiik.ee\/toode\/kunstkarusnahast-pikk-kasukas\/\"]}]},{\"@type\":\"ImageObject\",\"inLanguage\":\"lt-LT\",\"@id\":\"https:\/\/www.karinibutiik.ee\/toode\/kunstkarusnahast-pikk-kasukas\/#primaryimage\",\"url\":\"https:\/\/www.karinibutiik.ee\/wp-content\/uploads\/2025\/12\/695EC5C9-CFBD-46CC-8FEA-B40D6934C1D3-scaled.jpeg\",\"contentUrl\":\"https:\/\/www.karinibutiik.ee\/wp-content\/uploads\/2025\/12\/695EC5C9-CFBD-46CC-8FEA-B40D6934C1D3-scaled.jpeg\",\"width\":1720,\"height\":2560,\"caption\":\"Kunstkarusnahast pikk kasukas\"},{\"@type\":\"BreadcrumbList\",\"@id\":\"https:\/\/www.karinibutiik.ee\/toode\/kunstkarusnahast-pikk-kasukas\/#breadcrumb\",\"itemListElement\":[{\"@type\":\"ListItem\",\"position\":1,\"name\":\"Home\",\"item\":\"https:\/\/www.karinibutiik.ee\/\"},{\"@type\":\"ListItem\",\"position\":2,\"name\":\"Pood\",\"item\":\"https:\/\/www.karinibutiik.ee\/pood\/\"},{\"@type\":\"ListItem\",\"position\":3,\"name\":\"Kunstkarusnahast pikk kasukas\"}]},{\"@type\":\"WebSite\",\"@id\":\"https:\/\/www.karinibutiik.ee\/#website\",\"url\":\"https:\/\/www.karinibutiik.ee\/\",\"name\":\"Karini Butiik\",\"description\":\"\",\"publisher\":{\"@id\":\"https:\/\/www.karinibutiik.ee\/#organization\"},\"potentialAction\":[{\"@type\":\"SearchAction\",\"target\":{\"@type\":\"EntryPoint\",\"urlTemplate\":\"https:\/\/www.karinibutiik.ee\/?s={search_term_string}\"},\"query-input\":{\"@type\":\"PropertyValueSpecification\",\"valueRequired\":true,\"valueName\":\"search_term_string\"}}],\"inLanguage\":\"lt-LT\"},{\"@type\":\"Organization\",\"@id\":\"https:\/\/www.karinibutiik.ee\/#organization\",\"name\":\"Karini Butiik\",\"url\":\"https:\/\/www.karinibutiik.ee\/\",\"logo\":{\"@type\":\"ImageObject\",\"inLanguage\":\"lt-LT\",\"@id\":\"https:\/\/www.karinibutiik.ee\/#\/schema\/logo\/image\/\",\"url\":\"https:\/\/www.karinibutiik.ee\/wp-content\/uploads\/2024\/10\/Kuj.-K-koopia.png\",\"contentUrl\":\"https:\/\/www.karinibutiik.ee\/wp-content\/uploads\/2024\/10\/Kuj.-K-koopia.png\",\"width\":500,\"height\":500,\"caption\":\"Karini Butiik\"},\"image\":{\"@id\":\"https:\/\/www.karinibutiik.ee\/#\/schema\/logo\/image\/\"},\"sameAs\":[\"https:\/\/www.facebook.com\/karinibutiik.ee\",\"https:\/\/www.instagram.com\/karinibutiik\"]}]}<\/script>\n<meta property=\"og:availability\" content=\"instock\" \/>\n<meta property=\"product:availability\" content=\"instock\" \/>\n<meta property=\"product:retailer_item_id\" content=\"2443\" \/>\n<meta property=\"product:condition\" content=\"new\" \/>\n<!-- \/ Yoast SEO plugin. -->","yoast_head_json":{"title":"Kunstkarusnahast pikk kasukas - Karini Butiik","description":"Luksuslik kunstkarusnahast pikk kasukas p\u00fcstkraega. Pehme, soe ja elegantselt kukkuv mudel suurustes S\/M ja M\/L. Ideaalne valik k\u00fclmadeks p\u00e4evadeks.","robots":{"index":"index","follow":"follow","max-snippet":"max-snippet:-1","max-image-preview":"max-image-preview:large","max-video-preview":"max-video-preview:-1"},"canonical":"https:\/\/www.karinibutiik.ee\/lt\/produktas\/kunstkarusnahast-pikk-kasukas\/","og_locale":"lt_LT","og_type":"article","og_title":"Kunstkarusnahast pikk kasukas - Karini Butiik","og_description":"Luksuslik kunstkarusnahast pikk kasukas p\u00fcstkraega. Pehme, soe ja elegantselt kukkuv mudel suurustes S\/M ja M\/L. Ideaalne valik k\u00fclmadeks p\u00e4evadeks.","og_url":"https:\/\/www.karinibutiik.ee\/lt\/produktas\/kunstkarusnahast-pikk-kasukas\/","og_site_name":"Karini Butiik","article_publisher":"https:\/\/www.facebook.com\/karinibutiik.ee","article_modified_time":"2026-03-17T10:43:14+00:00","og_image":[{"width":1720,"height":2560,"url":"https:\/\/www.karinibutiik.ee\/wp-content\/uploads\/2025\/12\/695EC5C9-CFBD-46CC-8FEA-B40D6934C1D3-scaled.jpeg","type":"image\/jpeg"}],"twitter_card":"summary_large_image","twitter_misc":{"Availability":"In stock"},"schema":{"@context":"https:\/\/schema.org","@graph":[{"@type":"WebPage","@id":"https:\/\/www.karinibutiik.ee\/toode\/kunstkarusnahast-pikk-kasukas\/","url":"https:\/\/www.karinibutiik.ee\/toode\/kunstkarusnahast-pikk-kasukas\/","name":"Kunstkarusnahast pikk kasukas - Karini Butiik","isPartOf":{"@id":"https:\/\/www.karinibutiik.ee\/#website"},"primaryImageOfPage":{"@id":"https:\/\/www.karinibutiik.ee\/toode\/kunstkarusnahast-pikk-kasukas\/#primaryimage"},"image":{"@id":"https:\/\/www.karinibutiik.ee\/toode\/kunstkarusnahast-pikk-kasukas\/#primaryimage"},"thumbnailUrl":"https:\/\/www.karinibutiik.ee\/wp-content\/uploads\/2025\/12\/695EC5C9-CFBD-46CC-8FEA-B40D6934C1D3-scaled.jpeg","datePublished":"2025-12-09T12:22:35+00:00","dateModified":"2026-03-17T10:43:14+00:00","description":"Luksuslik kunstkarusnahast pikk kasukas p\u00fcstkraega. Pehme, soe ja elegantselt kukkuv mudel suurustes S\/M ja M\/L. Ideaalne valik k\u00fclmadeks p\u00e4evadeks.","breadcrumb":{"@id":"https:\/\/www.karinibutiik.ee\/toode\/kunstkarusnahast-pikk-kasukas\/#breadcrumb"},"inLanguage":"lt-LT","potentialAction":[{"@type":"ReadAction","target":["https:\/\/www.karinibutiik.ee\/toode\/kunstkarusnahast-pikk-kasukas\/"]}]},{"@type":"ImageObject","inLanguage":"lt-LT","@id":"https:\/\/www.karinibutiik.ee\/toode\/kunstkarusnahast-pikk-kasukas\/#primaryimage","url":"https:\/\/www.karinibutiik.ee\/wp-content\/uploads\/2025\/12\/695EC5C9-CFBD-46CC-8FEA-B40D6934C1D3-scaled.jpeg","contentUrl":"https:\/\/www.karinibutiik.ee\/wp-content\/uploads\/2025\/12\/695EC5C9-CFBD-46CC-8FEA-B40D6934C1D3-scaled.jpeg","width":1720,"height":2560,"caption":"Kunstkarusnahast pikk kasukas"},{"@type":"BreadcrumbList","@id":"https:\/\/www.karinibutiik.ee\/toode\/kunstkarusnahast-pikk-kasukas\/#breadcrumb","itemListElement":[{"@type":"ListItem","position":1,"name":"Home","item":"https:\/\/www.karinibutiik.ee\/"},{"@type":"ListItem","position":2,"name":"Pood","item":"https:\/\/www.karinibutiik.ee\/pood\/"},{"@type":"ListItem","position":3,"name":"Kunstkarusnahast pikk kasukas"}]},{"@type":"WebSite","@id":"https:\/\/www.karinibutiik.ee\/#website","url":"https:\/\/www.karinibutiik.ee\/","name":"Karini Butiik","description":"","publisher":{"@id":"https:\/\/www.karinibutiik.ee\/#organization"},"potentialAction":[{"@type":"SearchAction","target":{"@type":"EntryPoint","urlTemplate":"https:\/\/www.karinibutiik.ee\/?s={search_term_string}"},"query-input":{"@type":"PropertyValueSpecification","valueRequired":true,"valueName":"search_term_string"}}],"inLanguage":"lt-LT"},{"@type":"Organization","@id":"https:\/\/www.karinibutiik.ee\/#organization","name":"Karini Butiik","url":"https:\/\/www.karinibutiik.ee\/","logo":{"@type":"ImageObject","inLanguage":"lt-LT","@id":"https:\/\/www.karinibutiik.ee\/#\/schema\/logo\/image\/","url":"https:\/\/www.karinibutiik.ee\/wp-content\/uploads\/2024\/10\/Kuj.-K-koopia.png","contentUrl":"https:\/\/www.karinibutiik.ee\/wp-content\/uploads\/2024\/10\/Kuj.-K-koopia.png","width":500,"height":500,"caption":"Karini Butiik"},"image":{"@id":"https:\/\/www.karinibutiik.ee\/#\/schema\/logo\/image\/"},"sameAs":["https:\/\/www.facebook.com\/karinibutiik.ee","https:\/\/www.instagram.com\/karinibutiik"]}]},"og_availability":"instock","product_availability":"instock","product_retailer_item_id":"2443","product_condition":"new"},"_links":{"self":[{"href":"https:\/\/www.karinibutiik.ee\/lt\/wp-json\/wp\/v2\/product\/25577","targetHints":{"allow":["GET"]}}],"collection":[{"href":"https:\/\/www.karinibutiik.ee\/lt\/wp-json\/wp\/v2\/product"}],"about":[{"href":"https:\/\/www.karinibutiik.ee\/lt\/wp-json\/wp\/v2\/types\/product"}],"version-history":[{"count":1,"href":"https:\/\/www.karinibutiik.ee\/lt\/wp-json\/wp\/v2\/product\/25577\/revisions"}],"predecessor-version":[{"id":25582,"href":"https:\/\/www.karinibutiik.ee\/lt\/wp-json\/wp\/v2\/product\/25577\/revisions\/25582"}],"wp:featuredmedia":[{"embeddable":true,"href":"https:\/\/www.karinibutiik.ee\/lt\/wp-json\/wp\/v2\/media\/25565"}],"wp:attachment":[{"href":"https:\/\/www.karinibutiik.ee\/lt\/wp-json\/wp\/v2\/media?parent=25577"}],"wp:term":[{"taxonomy":"product_brand","embeddable":true,"href":"https:\/\/www.karinibutiik.ee\/lt\/wp-json\/wp\/v2\/product_brand?post=25577"},{"taxonomy":"product_cat","embeddable":true,"href":"https:\/\/www.karinibutiik.ee\/lt\/wp-json\/wp\/v2\/product_cat?post=25577"},{"taxonomy":"product_tag","embeddable":true,"href":"https:\/\/www.karinibutiik.ee\/lt\/wp-json\/wp\/v2\/product_tag?post=25577"}],"curies":[{"name":"wp","href":"https:\/\/api.w.org\/{rel}","templated":true}]}}