{"id":27048,"date":"2026-04-10T12:29:56","date_gmt":"2026-04-10T09:29:56","guid":{"rendered":"https:\/\/www.karinibutiik.ee\/?post_type=product&#038;p=27048"},"modified":"2026-04-10T12:40:12","modified_gmt":"2026-04-10T09:40:12","slug":"epp-karsini-afrodisiaakum-kehakreem-siidine-hellus","status":"publish","type":"product","link":"https:\/\/www.karinibutiik.ee\/lt\/produktas\/epp-karsini-afrodisiaakum-kehakreem-siidine-hellus\/","title":{"rendered":"Epp K\u00e4rsini afrodisiaakum kehakreem Siidine HELLUS"},"content":{"rendered":"<p><strong>Afrodisiaakum \u2013 luksus, mis paneb su keha igatsema naudingut!<\/strong><\/p>\n<p>\u201eSiidine HELLUS\u201c on Epu enda loodud kehakreem naisele, kes soovib nautida parimat siidist pehmust ning meelierutavat l\u00f5hna.<br \/>\nSee kehakreem\u00a0<strong>niisutab s\u00fcgavuti<\/strong>, silub ja hellitab nahka nii, et iga puudutus tundub maagiline rituaal.<\/p>\n<p>Luksuslikult \u00f5rn\u00a0<strong>afrodisiaakumil\u00f5hn<\/strong>\u00a0j\u00e4\u00e4b nahale kauaks ja loob meeleolu, mis t\u00f5stab keha tundlikkust ja paneb Sind lihtsalt s\u00e4rama oma naiselikkuses ning sensuaalsuses.<\/p>\n<p>Afrodisiaakum kehakreem ei ole vaid ilu- ja kehahooldus vaid maagiline rituaal:<\/p>\n<ul>\n<li>Niisutab ja taastab naha loomuliku pehmuse<\/li>\n<li>Imendub kiiresti ega j\u00e4ta rasvast kihti<\/li>\n<li>Looduslikud \u00f5lid ja vitamiinid tugevdavad ja toidavad<\/li>\n<li>Afrodisiaakumil\u00f5hn \u00e4ratab meeled ja loob sensuaalse kohalolu<\/li>\n<li>T\u00f5stab tundlikkust puudutusele<\/li>\n<\/ul>\n<p>Saaks seda l\u00f5hna vaid l\u00e4bi e-poe\u00a0teile edasi anda, see on t\u00f5esti nii nii hea!<\/p>\n<p><strong>Kasutamine<\/strong><\/p>\n<p>Kanna kreem puhtale nahale ringjate liigutustega.<br \/>\nNahk j\u00e4\u00e4b s\u00fcgavalt niisutatud ja pehme.<br \/>\nKreem imendub kergelt ega j\u00e4ta rasvast kihti nahale.<\/p>\n<p>Hinga aroomi s\u00fcgavalt sisse.<\/p>\n<p>Luba kehal l\u00f5dvestuda, meeltel avaneda ja naudi end l\u00e4bi silituste, see on t\u00f5eline teraapia Sulle endale.<\/p>\n<p><strong>T\u00e4iuslik duo:\u00a0<a href=\"https:\/\/www.karinibutiik.ee\/lt\/produktas\/epp-karsini-afrodisiaakum-kehakoorija-sametine-puudutus\/\" target=\"_blank\" rel=\"noopener\">Kehakoorija ,,Sametine PUUDUTUS,,<\/a>\u00a0+ Kehakreem ,,Siidine HELLUS,,<\/strong><\/p>\n<p>Need kaks toodet t\u00e4iendavad teineteist.\u00a0Kehakoorija eemaldab vanad naharakud ja ergutab vereringet, kreem niisutab ja sulandub puhtasse nahka kui siidine puudutus.<br \/>\nKoos loovad nad\u00a0t\u00e4ieliku kehahooldusrituaali, mis \u00fchendab ilu, kohalolu ja naudingut.<\/p>\n<p><strong>\u201eSiidine HELLUS\u201d kehakreem toob sinu ellu:<\/strong><\/p>\n<ul>\n<li>pehmuse,\u00a0mis puudutab;<\/li>\n<li>iha,\u00a0mis \u00e4ratab meeled;<\/li>\n<li>naiselikkuse,\u00a0mis avaneb, kui lubad;<\/li>\n<li>naudingu,\u00a0mis on sinu s\u00fcnni\u00f5igus;<\/li>\n<li>kohalolu, mis tekib, kui keha saab hellust.<\/li>\n<\/ul>\n<p><strong>Koostisosad, mis p\u00e4riselt toimivad:<\/strong><\/p>\n<ul>\n<li><strong>Avokaado\u00f5li, sheav\u00f5i, makadaamia\u00f5li\u00a0<\/strong>\u2013 s\u00fcgavniisutavad ja pehmendavad<\/li>\n<li><strong>Aloe vera, gl\u00fctseriin, panthenol<\/strong>\u00a0\u2013 rahustavad ja siluvad<\/li>\n<li><strong>Vitamiin E ja\u00a0<\/strong>C\u00a0\u2013 toetavad naha eluj\u00f5udu ja s\u00e4ra<\/li>\n<li><strong>Afrodisiaakumil\u00f5hn<\/strong>\u00a0\u2013 kordumatu ja meeldej\u00e4\u00e4v<\/li>\n<\/ul>\n<p><strong>Koostis:<\/strong><\/p>\n<p>Aqua, Persea Gratissima Oil, Caprylic\/Capric Triglyceride, Glycerin, Polyglyceryl-3 Methylglucose Distearate, Oleyl Erucate, Glyceryl Stearate, Stearyl Alcohol, Macadamia Ternifolia Seed Oil, Butyrospermum Parkii Butter, Parfum, Aloe Barbadensis Leaf Juice, Panthenol, Sodium Polyacrylate, Lecithin, Ascorbyl Palmitate, Helianthus Annuus Seed Oil, Tocopherol, Phenoxyethanol, Ethylhexylglycerin, Potassium Sorbate, Sodium Benzoate, Sodium Sulfate, Hexamethylindanopyran, Tetramethyl Acetyloctahydronaphthalenes, Benzyl Salicylate, Limonene, Vanillin, Citrus Aurantium Peel Oil, Linalyl Acetate, Geranyl Acetate, Citrus Limon Peel Oil, Coumarin, CI 19140, CI 16255, CI 28440.<\/p>","protected":false},"excerpt":{"rendered":"<p>Afrodisiaakum \u2013 luksus, mis paneb su keha igatsema naudingut! \u201eSiidine HELLUS\u201c on Epu enda loodud kehakreem naisele, kes soovib nautida [&hellip;]<\/p>\n","protected":false},"featured_media":27051,"template":"","meta":{"site-sidebar-layout":"default","site-content-layout":"","ast-site-content-layout":"default","site-content-style":"default","site-sidebar-style":"default","ast-global-header-display":"","ast-banner-title-visibility":"","ast-main-header-display":"","ast-hfb-above-header-display":"","ast-hfb-below-header-display":"","ast-hfb-mobile-header-display":"","site-post-title":"","ast-breadcrumbs-content":"","ast-featured-img":"","footer-sml-layout":"","ast-disable-related-posts":"","theme-transparent-header-meta":"default","adv-header-id-meta":"","stick-header-meta":"default","header-above-stick-meta":"","header-main-stick-meta":"","header-below-stick-meta":"","astra-migrate-meta-layouts":"set","ast-page-background-enabled":"default","ast-page-background-meta":{"desktop":{"background-color":"var(--ast-global-color-4)","background-image":"","background-repeat":"repeat","background-position":"center center","background-size":"auto","background-attachment":"scroll","background-type":"","background-media":"","overlay-type":"","overlay-color":"","overlay-opacity":"","overlay-gradient":""},"tablet":{"background-color":"","background-image":"","background-repeat":"repeat","background-position":"center center","background-size":"auto","background-attachment":"scroll","background-type":"","background-media":"","overlay-type":"","overlay-color":"","overlay-opacity":"","overlay-gradient":""},"mobile":{"background-color":"","background-image":"","background-repeat":"repeat","background-position":"center center","background-size":"auto","background-attachment":"scroll","background-type":"","background-media":"","overlay-type":"","overlay-color":"","overlay-opacity":"","overlay-gradient":""}},"ast-content-background-meta":{"desktop":{"background-color":"var(--ast-global-color-5)","background-image":"","background-repeat":"repeat","background-position":"center center","background-size":"auto","background-attachment":"scroll","background-type":"","background-media":"","overlay-type":"","overlay-color":"","overlay-opacity":"","overlay-gradient":""},"tablet":{"background-color":"var(--ast-global-color-5)","background-image":"","background-repeat":"repeat","background-position":"center center","background-size":"auto","background-attachment":"scroll","background-type":"","background-media":"","overlay-type":"","overlay-color":"","overlay-opacity":"","overlay-gradient":""},"mobile":{"background-color":"var(--ast-global-color-5)","background-image":"","background-repeat":"repeat","background-position":"center center","background-size":"auto","background-attachment":"scroll","background-type":"","background-media":"","overlay-type":"","overlay-color":"","overlay-opacity":"","overlay-gradient":""}}},"product_brand":[],"product_cat":[452,371,351],"product_tag":[501,2648,2649,2655,2652,2654,2651,2653,2650],"class_list":{"0":"post-27048","1":"product","2":"type-product","3":"status-publish","4":"has-post-thumbnail","6":"product_cat-bestseller","7":"product_cat-aksessuaarid","8":"product_cat-uued-tooted","9":"product_tag-karini-butiik","10":"product_tag-kehahooldus","11":"product_tag-kehakreem","12":"product_tag-kehakreem-kuivale-nahale","13":"product_tag-luksuslik-kehakreem","14":"product_tag-naiste-ilutooted","15":"product_tag-niisutav-kehakreem","16":"product_tag-pehme-nahk","17":"product_tag-siidine-kehakreem","18":"desktop-align-center","19":"tablet-align-center","20":"mobile-align-center","21":"ast-product-gallery-layout-horizontal-slider","22":"ast-product-tabs-layout-horizontal","24":"first","25":"instock","26":"taxable","27":"shipping-taxable","28":"purchasable","29":"product-type-simple"},"supplier_id":null,"supplier_sku":"","barcode":null,"atum_controlled":true,"out_stock_date":null,"out_stock_threshold":null,"inheritable":false,"inbound_stock":null,"stock_on_hold":null,"sold_today":null,"sales_last_days":null,"reserved_stock":null,"customer_returns":null,"warehouse_damage":null,"lost_in_post":null,"other_logs":null,"out_stock_days":null,"lost_sales":null,"has_location":false,"update_date":"2026-04-10T09:40:14","atum_locations":[],"atum_stock_status":"instock","restock_status":false,"low_stock_amount":"","sales_update_date":null,"calc_backorders":null,"yoast_head":"<!-- This site is optimized with the Yoast SEO plugin v26.9 - https:\/\/yoast.com\/product\/yoast-seo-wordpress\/ -->\n<title>Epp K\u00e4rsini afrodisiaakum kehakreem Siidine HELLUS - Karini Butiik<\/title>\n<meta name=\"description\" content=\"Siidine kehakreem, mis niisutab s\u00fcgavuti ja j\u00e4tab naha pehmeks ning siidiseks. Meelierutav l\u00f5hn ja luksuslik hooldus igaks p\u00e4evaks.\" \/>\n<meta name=\"robots\" content=\"index, follow, max-snippet:-1, max-image-preview:large, max-video-preview:-1\" \/>\n<link rel=\"canonical\" href=\"https:\/\/www.karinibutiik.ee\/lt\/produktas\/epp-karsini-afrodisiaakum-kehakreem-siidine-hellus\/\" \/>\n<meta property=\"og:locale\" content=\"lt_LT\" \/>\n<meta property=\"og:type\" content=\"article\" \/>\n<meta property=\"og:title\" content=\"Epp K\u00e4rsini afrodisiaakum kehakreem Siidine HELLUS - Karini Butiik\" \/>\n<meta property=\"og:description\" content=\"Siidine kehakreem, mis niisutab s\u00fcgavuti ja j\u00e4tab naha pehmeks ning siidiseks. Meelierutav l\u00f5hn ja luksuslik hooldus igaks p\u00e4evaks.\" \/>\n<meta property=\"og:url\" content=\"https:\/\/www.karinibutiik.ee\/lt\/produktas\/epp-karsini-afrodisiaakum-kehakreem-siidine-hellus\/\" \/>\n<meta property=\"og:site_name\" content=\"Karini Butiik\" \/>\n<meta property=\"article:publisher\" content=\"https:\/\/www.facebook.com\/karinibutiik.ee\" \/>\n<meta property=\"article:modified_time\" content=\"2026-04-10T09:40:12+00:00\" \/>\n<meta property=\"og:image\" content=\"https:\/\/www.karinibutiik.ee\/wp-content\/uploads\/2026\/04\/epp-karsini-afrodisiaakum-kehakreem-siidine-hellus-240g.webp\" \/>\n\t<meta property=\"og:image:width\" content=\"618\" \/>\n\t<meta property=\"og:image:height\" content=\"662\" \/>\n\t<meta property=\"og:image:type\" content=\"image\/webp\" \/>\n<meta name=\"twitter:card\" content=\"summary_large_image\" \/>\n<meta name=\"twitter:label1\" content=\"Price\" \/>\n\t<meta name=\"twitter:data1\" content=\"32,90&nbsp;&euro;\" \/>\n\t<meta name=\"twitter:label2\" content=\"Availability\" \/>\n\t<meta name=\"twitter:data2\" content=\"In stock\" \/>\n<script type=\"application\/ld+json\" class=\"yoast-schema-graph\">{\"@context\":\"https:\/\/schema.org\",\"@graph\":[{\"@type\":\"WebPage\",\"@id\":\"https:\/\/www.karinibutiik.ee\/toode\/epp-karsini-afrodisiaakum-kehakreem-siidine-hellus\/\",\"url\":\"https:\/\/www.karinibutiik.ee\/toode\/epp-karsini-afrodisiaakum-kehakreem-siidine-hellus\/\",\"name\":\"Epp K\u00e4rsini afrodisiaakum kehakreem Siidine HELLUS - Karini Butiik\",\"isPartOf\":{\"@id\":\"https:\/\/www.karinibutiik.ee\/#website\"},\"primaryImageOfPage\":{\"@id\":\"https:\/\/www.karinibutiik.ee\/toode\/epp-karsini-afrodisiaakum-kehakreem-siidine-hellus\/#primaryimage\"},\"image\":{\"@id\":\"https:\/\/www.karinibutiik.ee\/toode\/epp-karsini-afrodisiaakum-kehakreem-siidine-hellus\/#primaryimage\"},\"thumbnailUrl\":\"https:\/\/www.karinibutiik.ee\/wp-content\/uploads\/2026\/04\/epp-karsini-afrodisiaakum-kehakreem-siidine-hellus-240g.webp\",\"datePublished\":\"2026-04-10T09:29:56+00:00\",\"dateModified\":\"2026-04-10T09:40:12+00:00\",\"description\":\"Siidine kehakreem, mis niisutab s\u00fcgavuti ja j\u00e4tab naha pehmeks ning siidiseks. Meelierutav l\u00f5hn ja luksuslik hooldus igaks p\u00e4evaks.\",\"breadcrumb\":{\"@id\":\"https:\/\/www.karinibutiik.ee\/toode\/epp-karsini-afrodisiaakum-kehakreem-siidine-hellus\/#breadcrumb\"},\"inLanguage\":\"lt-LT\",\"potentialAction\":[{\"@type\":\"ReadAction\",\"target\":[\"https:\/\/www.karinibutiik.ee\/toode\/epp-karsini-afrodisiaakum-kehakreem-siidine-hellus\/\"]}]},{\"@type\":\"ImageObject\",\"inLanguage\":\"lt-LT\",\"@id\":\"https:\/\/www.karinibutiik.ee\/toode\/epp-karsini-afrodisiaakum-kehakreem-siidine-hellus\/#primaryimage\",\"url\":\"https:\/\/www.karinibutiik.ee\/wp-content\/uploads\/2026\/04\/epp-karsini-afrodisiaakum-kehakreem-siidine-hellus-240g.webp\",\"contentUrl\":\"https:\/\/www.karinibutiik.ee\/wp-content\/uploads\/2026\/04\/epp-karsini-afrodisiaakum-kehakreem-siidine-hellus-240g.webp\",\"width\":618,\"height\":662,\"caption\":\"Epp K\u00e4rsini afrodisiaakum kehakreem Siidine HELLUS\"},{\"@type\":\"BreadcrumbList\",\"@id\":\"https:\/\/www.karinibutiik.ee\/toode\/epp-karsini-afrodisiaakum-kehakreem-siidine-hellus\/#breadcrumb\",\"itemListElement\":[{\"@type\":\"ListItem\",\"position\":1,\"name\":\"Home\",\"item\":\"https:\/\/www.karinibutiik.ee\/\"},{\"@type\":\"ListItem\",\"position\":2,\"name\":\"Pood\",\"item\":\"https:\/\/www.karinibutiik.ee\/pood\/\"},{\"@type\":\"ListItem\",\"position\":3,\"name\":\"Epp K\u00e4rsini afrodisiaakum kehakreem Siidine HELLUS\"}]},{\"@type\":\"WebSite\",\"@id\":\"https:\/\/www.karinibutiik.ee\/#website\",\"url\":\"https:\/\/www.karinibutiik.ee\/\",\"name\":\"Karini Butiik\",\"description\":\"\",\"publisher\":{\"@id\":\"https:\/\/www.karinibutiik.ee\/#organization\"},\"potentialAction\":[{\"@type\":\"SearchAction\",\"target\":{\"@type\":\"EntryPoint\",\"urlTemplate\":\"https:\/\/www.karinibutiik.ee\/?s={search_term_string}\"},\"query-input\":{\"@type\":\"PropertyValueSpecification\",\"valueRequired\":true,\"valueName\":\"search_term_string\"}}],\"inLanguage\":\"lt-LT\"},{\"@type\":\"Organization\",\"@id\":\"https:\/\/www.karinibutiik.ee\/#organization\",\"name\":\"Karini Butiik\",\"url\":\"https:\/\/www.karinibutiik.ee\/\",\"logo\":{\"@type\":\"ImageObject\",\"inLanguage\":\"lt-LT\",\"@id\":\"https:\/\/www.karinibutiik.ee\/#\/schema\/logo\/image\/\",\"url\":\"https:\/\/www.karinibutiik.ee\/wp-content\/uploads\/2024\/10\/Kuj.-K-koopia.png\",\"contentUrl\":\"https:\/\/www.karinibutiik.ee\/wp-content\/uploads\/2024\/10\/Kuj.-K-koopia.png\",\"width\":500,\"height\":500,\"caption\":\"Karini Butiik\"},\"image\":{\"@id\":\"https:\/\/www.karinibutiik.ee\/#\/schema\/logo\/image\/\"},\"sameAs\":[\"https:\/\/www.facebook.com\/karinibutiik.ee\",\"https:\/\/www.instagram.com\/karinibutiik\"]}]}<\/script>\n<meta property=\"product:price:amount\" content=\"32.90\" \/>\n<meta property=\"product:price:currency\" content=\"EUR\" \/>\n<meta property=\"og:availability\" content=\"instock\" \/>\n<meta property=\"product:availability\" content=\"instock\" \/>\n<meta property=\"product:retailer_item_id\" content=\"9001\" \/>\n<meta property=\"product:condition\" content=\"new\" \/>\n<!-- \/ Yoast SEO plugin. -->","yoast_head_json":{"title":"Epp K\u00e4rsini afrodisiaakum kehakreem Siidine HELLUS - Karini Butiik","description":"Siidine kehakreem, mis niisutab s\u00fcgavuti ja j\u00e4tab naha pehmeks ning siidiseks. Meelierutav l\u00f5hn ja luksuslik hooldus igaks p\u00e4evaks.","robots":{"index":"index","follow":"follow","max-snippet":"max-snippet:-1","max-image-preview":"max-image-preview:large","max-video-preview":"max-video-preview:-1"},"canonical":"https:\/\/www.karinibutiik.ee\/lt\/produktas\/epp-karsini-afrodisiaakum-kehakreem-siidine-hellus\/","og_locale":"lt_LT","og_type":"article","og_title":"Epp K\u00e4rsini afrodisiaakum kehakreem Siidine HELLUS - Karini Butiik","og_description":"Siidine kehakreem, mis niisutab s\u00fcgavuti ja j\u00e4tab naha pehmeks ning siidiseks. Meelierutav l\u00f5hn ja luksuslik hooldus igaks p\u00e4evaks.","og_url":"https:\/\/www.karinibutiik.ee\/lt\/produktas\/epp-karsini-afrodisiaakum-kehakreem-siidine-hellus\/","og_site_name":"Karini Butiik","article_publisher":"https:\/\/www.facebook.com\/karinibutiik.ee","article_modified_time":"2026-04-10T09:40:12+00:00","og_image":[{"width":618,"height":662,"url":"https:\/\/www.karinibutiik.ee\/wp-content\/uploads\/2026\/04\/epp-karsini-afrodisiaakum-kehakreem-siidine-hellus-240g.webp","type":"image\/webp"}],"twitter_card":"summary_large_image","twitter_misc":{"Price":"32,90&nbsp;&euro;","Availability":"In stock"},"schema":{"@context":"https:\/\/schema.org","@graph":[{"@type":"WebPage","@id":"https:\/\/www.karinibutiik.ee\/toode\/epp-karsini-afrodisiaakum-kehakreem-siidine-hellus\/","url":"https:\/\/www.karinibutiik.ee\/toode\/epp-karsini-afrodisiaakum-kehakreem-siidine-hellus\/","name":"Epp K\u00e4rsini afrodisiaakum kehakreem Siidine HELLUS - Karini Butiik","isPartOf":{"@id":"https:\/\/www.karinibutiik.ee\/#website"},"primaryImageOfPage":{"@id":"https:\/\/www.karinibutiik.ee\/toode\/epp-karsini-afrodisiaakum-kehakreem-siidine-hellus\/#primaryimage"},"image":{"@id":"https:\/\/www.karinibutiik.ee\/toode\/epp-karsini-afrodisiaakum-kehakreem-siidine-hellus\/#primaryimage"},"thumbnailUrl":"https:\/\/www.karinibutiik.ee\/wp-content\/uploads\/2026\/04\/epp-karsini-afrodisiaakum-kehakreem-siidine-hellus-240g.webp","datePublished":"2026-04-10T09:29:56+00:00","dateModified":"2026-04-10T09:40:12+00:00","description":"Siidine kehakreem, mis niisutab s\u00fcgavuti ja j\u00e4tab naha pehmeks ning siidiseks. Meelierutav l\u00f5hn ja luksuslik hooldus igaks p\u00e4evaks.","breadcrumb":{"@id":"https:\/\/www.karinibutiik.ee\/toode\/epp-karsini-afrodisiaakum-kehakreem-siidine-hellus\/#breadcrumb"},"inLanguage":"lt-LT","potentialAction":[{"@type":"ReadAction","target":["https:\/\/www.karinibutiik.ee\/toode\/epp-karsini-afrodisiaakum-kehakreem-siidine-hellus\/"]}]},{"@type":"ImageObject","inLanguage":"lt-LT","@id":"https:\/\/www.karinibutiik.ee\/toode\/epp-karsini-afrodisiaakum-kehakreem-siidine-hellus\/#primaryimage","url":"https:\/\/www.karinibutiik.ee\/wp-content\/uploads\/2026\/04\/epp-karsini-afrodisiaakum-kehakreem-siidine-hellus-240g.webp","contentUrl":"https:\/\/www.karinibutiik.ee\/wp-content\/uploads\/2026\/04\/epp-karsini-afrodisiaakum-kehakreem-siidine-hellus-240g.webp","width":618,"height":662,"caption":"Epp K\u00e4rsini afrodisiaakum kehakreem Siidine HELLUS"},{"@type":"BreadcrumbList","@id":"https:\/\/www.karinibutiik.ee\/toode\/epp-karsini-afrodisiaakum-kehakreem-siidine-hellus\/#breadcrumb","itemListElement":[{"@type":"ListItem","position":1,"name":"Home","item":"https:\/\/www.karinibutiik.ee\/"},{"@type":"ListItem","position":2,"name":"Pood","item":"https:\/\/www.karinibutiik.ee\/pood\/"},{"@type":"ListItem","position":3,"name":"Epp K\u00e4rsini afrodisiaakum kehakreem Siidine HELLUS"}]},{"@type":"WebSite","@id":"https:\/\/www.karinibutiik.ee\/#website","url":"https:\/\/www.karinibutiik.ee\/","name":"Karini Butiik","description":"","publisher":{"@id":"https:\/\/www.karinibutiik.ee\/#organization"},"potentialAction":[{"@type":"SearchAction","target":{"@type":"EntryPoint","urlTemplate":"https:\/\/www.karinibutiik.ee\/?s={search_term_string}"},"query-input":{"@type":"PropertyValueSpecification","valueRequired":true,"valueName":"search_term_string"}}],"inLanguage":"lt-LT"},{"@type":"Organization","@id":"https:\/\/www.karinibutiik.ee\/#organization","name":"Karini Butiik","url":"https:\/\/www.karinibutiik.ee\/","logo":{"@type":"ImageObject","inLanguage":"lt-LT","@id":"https:\/\/www.karinibutiik.ee\/#\/schema\/logo\/image\/","url":"https:\/\/www.karinibutiik.ee\/wp-content\/uploads\/2024\/10\/Kuj.-K-koopia.png","contentUrl":"https:\/\/www.karinibutiik.ee\/wp-content\/uploads\/2024\/10\/Kuj.-K-koopia.png","width":500,"height":500,"caption":"Karini Butiik"},"image":{"@id":"https:\/\/www.karinibutiik.ee\/#\/schema\/logo\/image\/"},"sameAs":["https:\/\/www.facebook.com\/karinibutiik.ee","https:\/\/www.instagram.com\/karinibutiik"]}]},"product_price_amount":"32.90","product_price_currency":"EUR","og_availability":"instock","product_availability":"instock","product_retailer_item_id":"9001","product_condition":"new"},"_links":{"self":[{"href":"https:\/\/www.karinibutiik.ee\/lt\/wp-json\/wp\/v2\/product\/27048","targetHints":{"allow":["GET"]}}],"collection":[{"href":"https:\/\/www.karinibutiik.ee\/lt\/wp-json\/wp\/v2\/product"}],"about":[{"href":"https:\/\/www.karinibutiik.ee\/lt\/wp-json\/wp\/v2\/types\/product"}],"version-history":[{"count":2,"href":"https:\/\/www.karinibutiik.ee\/lt\/wp-json\/wp\/v2\/product\/27048\/revisions"}],"predecessor-version":[{"id":27057,"href":"https:\/\/www.karinibutiik.ee\/lt\/wp-json\/wp\/v2\/product\/27048\/revisions\/27057"}],"wp:featuredmedia":[{"embeddable":true,"href":"https:\/\/www.karinibutiik.ee\/lt\/wp-json\/wp\/v2\/media\/27051"}],"wp:attachment":[{"href":"https:\/\/www.karinibutiik.ee\/lt\/wp-json\/wp\/v2\/media?parent=27048"}],"wp:term":[{"taxonomy":"product_brand","embeddable":true,"href":"https:\/\/www.karinibutiik.ee\/lt\/wp-json\/wp\/v2\/product_brand?post=27048"},{"taxonomy":"product_cat","embeddable":true,"href":"https:\/\/www.karinibutiik.ee\/lt\/wp-json\/wp\/v2\/product_cat?post=27048"},{"taxonomy":"product_tag","embeddable":true,"href":"https:\/\/www.karinibutiik.ee\/lt\/wp-json\/wp\/v2\/product_tag?post=27048"}],"curies":[{"name":"wp","href":"https:\/\/api.w.org\/{rel}","templated":true}]}}