{"id":27053,"date":"2026-04-10T12:39:32","date_gmt":"2026-04-10T09:39:32","guid":{"rendered":"https:\/\/www.karinibutiik.ee\/?post_type=product&#038;p=27053"},"modified":"2026-04-10T12:39:33","modified_gmt":"2026-04-10T09:39:33","slug":"epp-karsini-afrodisiaakum-kehakoorija-sametine-puudutus","status":"publish","type":"product","link":"https:\/\/www.karinibutiik.ee\/lt\/produktas\/epp-karsini-afrodisiaakum-kehakoorija-sametine-puudutus\/","title":{"rendered":"Epp K\u00e4rsini afrodisiaakum kehakoorija Sametine PUUDUTUS"},"content":{"rendered":"<p>Afrodisiaakum &#8211; \u00e4ratab iha, kire ja naudingumeeled. Kutse Sinu enda seksuaalsuse juurde.<\/p>\n<p>,,<em>Sametine<\/em>\u00a0PUUDUTUS&#8221; ei ole lihtsalt kehakoorija \u2013 see on\u00a0sensuaalne \u00e4ratus su kehale.<\/p>\n<p>Ilurituaal, mis muudab naha sametiselt pehmeks\u00a0ja toob hinge s\u00fcgavama kire. See on loodud neile, kes soovivad\u00a0tunda\u00a0rohkem kui lihtsalt siledat nahka\u00a0\u2013 tunda\u00a0iha, meelelisust ja elusat \u00fchendust iseendaga.<\/p>\n<p>Selle\u00a0peen kristalne soolatekstuur\u00a0eemaldab v\u00e4simuse kihid nahalt, samal ajal kui\u00a0gl\u00fctseriin ja kookose baasil pehmendajad\u00a0toidavad, niisutavad ja taastavad naha loomuliku pehmuse.<br \/>\nIga ringjas puudutus afrodisiaakum kehakoorijaga\u00a0stimuleerib vereringet, \u00fchtlustab nahatooni ja\u00a0\u00e4ratab kehasse peidetud s\u00e4ra ja seksuaalse energia.<\/p>\n<p><strong>Afrodisiaakum \u2013 luksus, mis paneb su keha igatsema naudingut!\u00a0<\/strong><\/p>\n<p>Afrodisiaakum on\u00a0kutse tagasi oma kehasse\u00a0\u2013 sinna, kus peituvad\u00a0seksuaalne kirg, erutus, vabadus ja eluj\u00f5ud.<br \/>\nSee on\u00a0l\u00f5hn, mis tekitab s\u00f5ltuvust, toob n\u00e4htavale sensuaalsuse ja saad kogeda s\u00fcgavat aroomiteraapilist r\u00e4nnakut.<\/p>\n<p>Saaks seda l\u00f5hna vaid l\u00e4bi e-poe\u00a0teile edasi anda, see on t\u00f5esti nii nii hea!<\/p>\n<p>Afrodisiaakum kehakoorija ei ole vaid ilu- ja kehahooldus vaid maagiline rituaal:<\/p>\n<ul>\n<li>eemaldab vanad naharakud ja muudab naha sametiselt pehmeks<\/li>\n<li>ergutab vereringet ja t\u00f5stab keha tundlikkust puudutustele<\/li>\n<li>\u00e4ratab meeled oma l\u00f5hna, tekstuuri ja toime kaudu<\/li>\n<li>aitab tunda end atraktiivsema, s\u00e4ravama ja sensuaalsemana<\/li>\n<li>kogu rituaal aitab sul tagasi tulla\u00a0oma keha ja naudingute juurde<\/li>\n<\/ul>\n<p><strong>Armud afrodisiaakum kehakoorijasse\u00a0kohe\u00a0esimesel korral!<\/strong><\/p>\n<p><strong>Kasutamine<\/strong>\u00a0\u2013 sinu isiklik seksuaalsuse \u00e4ratamise rituaal!<\/p>\n<p>Kanna ringjate liigutustega kuivale nahale, kui soovid s\u00fcgavamat koorimist, v\u00f5i niiskele nahale, kui eelistad \u00f5rnust.<br \/>\nMasseeri aeglaselt. Loputa veega ja kuivata end hellalt.<br \/>\nNaudi hetke \u2013 see on sinu aeg, lase end sametiselt\u00a0emmata.<\/p>\n<p>Kasuta 1\u20132 korda n\u00e4dalas.<\/p>\n<p><strong>,,Sametine Puudutus&#8221; on lubadus, et tuua Sinu ellu:<\/strong><\/p>\n<ul>\n<li>Kirg \u2013 mis on sinus olemas<\/li>\n<li>Iha \u2013 mis \u00e4ratab meeled<\/li>\n<li>Nauding \u2013 mis on sinu s\u00fcnni\u00f5igus<\/li>\n<li>Erutus \u2013 mis tuleb pehmusest<\/li>\n<li>Seksuaalsus \u2013 mis \u00e4rkab kui lubad<\/li>\n<\/ul>\n<p><strong>T\u00e4iuslik duo:\u00a0Kehakoorija ,,Sametine PUUDUTUS,,\u00a0+\u00a0<a href=\"https:\/\/www.karinibutiik.ee\/lt\/produktas\/epp-karsini-afrodisiaakum-kehakreem-siidine-hellus\/\">&#8220;Kehakreem ,,Siidine HELLUS,,<\/a><\/strong><\/p>\n<p>Need kaks toodet t\u00e4iendavad teineteist.\u00a0Kehakoorija eemaldab vanad naharakud ja ergutab vereringet, kreem niisutab ja sulandub puhtasse nahka kui siidine puudutus.<br \/>\nKoos loovad nad\u00a0t\u00e4ieliku kehahooldusrituaali, mis \u00fchendab ilu, kohalolu ja naudingut.<\/p>\n<p><strong>Koostisosad:<\/strong><\/p>\n<p>Sodium Chloride, Glycerin, Caprylic\/Capric Triglyceride, Aqua, Polysorbate 20, Polyglyceryl-3 Methylglucose Distearate, Glyceryl Stearate, Sucrose Stearate, Xanthan Gum, Parfum, Sodium Benzoate, Potassium Sorbate, Hexamethylindanopyran, Tetramethyl Acetyloctahydronaphthalenes.<br \/>\n<strong>97,9%<\/strong>\u00a0koostisosadest on looduslikku p\u00e4ritolu.<\/p>","protected":false},"excerpt":{"rendered":"<p>Afrodisiaakum &#8211; \u00e4ratab iha, kire ja naudingumeeled. Kutse Sinu enda seksuaalsuse juurde. ,,Sametine\u00a0PUUDUTUS&#8221; ei ole lihtsalt kehakoorija \u2013 see on\u00a0sensuaalne [&hellip;]<\/p>\n","protected":false},"featured_media":27055,"template":"","meta":{"site-sidebar-layout":"default","site-content-layout":"","ast-site-content-layout":"default","site-content-style":"default","site-sidebar-style":"default","ast-global-header-display":"","ast-banner-title-visibility":"","ast-main-header-display":"","ast-hfb-above-header-display":"","ast-hfb-below-header-display":"","ast-hfb-mobile-header-display":"","site-post-title":"","ast-breadcrumbs-content":"","ast-featured-img":"","footer-sml-layout":"","ast-disable-related-posts":"","theme-transparent-header-meta":"default","adv-header-id-meta":"","stick-header-meta":"default","header-above-stick-meta":"","header-main-stick-meta":"","header-below-stick-meta":"","astra-migrate-meta-layouts":"set","ast-page-background-enabled":"default","ast-page-background-meta":{"desktop":{"background-color":"var(--ast-global-color-4)","background-image":"","background-repeat":"repeat","background-position":"center center","background-size":"auto","background-attachment":"scroll","background-type":"","background-media":"","overlay-type":"","overlay-color":"","overlay-opacity":"","overlay-gradient":""},"tablet":{"background-color":"","background-image":"","background-repeat":"repeat","background-position":"center center","background-size":"auto","background-attachment":"scroll","background-type":"","background-media":"","overlay-type":"","overlay-color":"","overlay-opacity":"","overlay-gradient":""},"mobile":{"background-color":"","background-image":"","background-repeat":"repeat","background-position":"center center","background-size":"auto","background-attachment":"scroll","background-type":"","background-media":"","overlay-type":"","overlay-color":"","overlay-opacity":"","overlay-gradient":""}},"ast-content-background-meta":{"desktop":{"background-color":"var(--ast-global-color-5)","background-image":"","background-repeat":"repeat","background-position":"center center","background-size":"auto","background-attachment":"scroll","background-type":"","background-media":"","overlay-type":"","overlay-color":"","overlay-opacity":"","overlay-gradient":""},"tablet":{"background-color":"var(--ast-global-color-5)","background-image":"","background-repeat":"repeat","background-position":"center center","background-size":"auto","background-attachment":"scroll","background-type":"","background-media":"","overlay-type":"","overlay-color":"","overlay-opacity":"","overlay-gradient":""},"mobile":{"background-color":"var(--ast-global-color-5)","background-image":"","background-repeat":"repeat","background-position":"center center","background-size":"auto","background-attachment":"scroll","background-type":"","background-media":"","overlay-type":"","overlay-color":"","overlay-opacity":"","overlay-gradient":""}}},"product_brand":[],"product_cat":[452,371,351],"product_tag":[2667,2656,2663,2657,501,2666,2659,2662,2668,2661,2653,2664,2658,2660,2665],"class_list":{"0":"post-27053","1":"product","2":"type-product","3":"status-publish","4":"has-post-thumbnail","6":"product_cat-bestseller","7":"product_cat-aksessuaarid","8":"product_cat-uued-tooted","9":"product_tag-afrodisiaakum","10":"product_tag-afrodisiaakum-kehakoorija","11":"product_tag-enesehellitus","12":"product_tag-epp-karsin","13":"product_tag-karini-butiik","14":"product_tag-kehahooldustooted","15":"product_tag-kehakoorija","16":"product_tag-luksuslik-kehakoorija","17":"product_tag-naiselikkus","18":"product_tag-naiste-kehahooldus","19":"product_tag-pehme-nahk","20":"product_tag-romantiline-kingitus-naisele","21":"product_tag-sametine-puudutus","22":"product_tag-sensuaalne-kehakoorija","23":"product_tag-sile-nahk","24":"desktop-align-center","25":"tablet-align-center","26":"mobile-align-center","27":"ast-product-gallery-layout-horizontal-slider","28":"ast-product-tabs-layout-horizontal","30":"first","31":"instock","32":"taxable","33":"shipping-taxable","34":"purchasable","35":"product-type-simple"},"supplier_id":null,"supplier_sku":"","barcode":null,"atum_controlled":true,"out_stock_date":null,"out_stock_threshold":null,"inheritable":false,"inbound_stock":null,"stock_on_hold":null,"sold_today":null,"sales_last_days":null,"reserved_stock":null,"customer_returns":null,"warehouse_damage":null,"lost_in_post":null,"other_logs":null,"out_stock_days":null,"lost_sales":null,"has_location":false,"update_date":"2026-04-10T09:39:35","atum_locations":[],"atum_stock_status":"instock","restock_status":false,"low_stock_amount":"","sales_update_date":null,"calc_backorders":null,"yoast_head":"<!-- This site is optimized with the Yoast SEO plugin v26.9 - https:\/\/yoast.com\/product\/yoast-seo-wordpress\/ -->\n<title>Epp K\u00e4rsini afrodisiaakum kehakoorija Sametine PUUDUTUS - Karini Butiik<\/title>\n<meta name=\"description\" content=\"Epp K\u00e4rsini afrodisiaakum kehakoorija \u201cSametine Puudutus\u201d 300 g koorib naha siidiselt pehmeks ning \u00e4ratab iha, kire ja naudingumeeli.\" \/>\n<meta name=\"robots\" content=\"index, follow, max-snippet:-1, max-image-preview:large, max-video-preview:-1\" \/>\n<link rel=\"canonical\" href=\"https:\/\/www.karinibutiik.ee\/lt\/produktas\/epp-karsini-afrodisiaakum-kehakoorija-sametine-puudutus\/\" \/>\n<meta property=\"og:locale\" content=\"lt_LT\" \/>\n<meta property=\"og:type\" content=\"article\" \/>\n<meta property=\"og:title\" content=\"Epp K\u00e4rsini afrodisiaakum kehakoorija Sametine PUUDUTUS - Karini Butiik\" \/>\n<meta property=\"og:description\" content=\"Epp K\u00e4rsini afrodisiaakum kehakoorija \u201cSametine Puudutus\u201d 300 g koorib naha siidiselt pehmeks ning \u00e4ratab iha, kire ja naudingumeeli.\" \/>\n<meta property=\"og:url\" content=\"https:\/\/www.karinibutiik.ee\/lt\/produktas\/epp-karsini-afrodisiaakum-kehakoorija-sametine-puudutus\/\" \/>\n<meta property=\"og:site_name\" content=\"Karini Butiik\" \/>\n<meta property=\"article:publisher\" content=\"https:\/\/www.facebook.com\/karinibutiik.ee\" \/>\n<meta property=\"article:modified_time\" content=\"2026-04-10T09:39:33+00:00\" \/>\n<meta property=\"og:image\" content=\"https:\/\/www.karinibutiik.ee\/wp-content\/uploads\/2026\/04\/epp-karsini-afrodisiaakum-kehakoorija-sametine-puudutus.webp\" \/>\n\t<meta property=\"og:image:width\" content=\"618\" \/>\n\t<meta property=\"og:image:height\" content=\"662\" \/>\n\t<meta property=\"og:image:type\" content=\"image\/webp\" \/>\n<meta name=\"twitter:card\" content=\"summary_large_image\" \/>\n<meta name=\"twitter:label1\" content=\"Price\" \/>\n\t<meta name=\"twitter:data1\" content=\"32,90&nbsp;&euro;\" \/>\n\t<meta name=\"twitter:label2\" content=\"Availability\" \/>\n\t<meta name=\"twitter:data2\" content=\"In stock\" \/>\n<script type=\"application\/ld+json\" class=\"yoast-schema-graph\">{\"@context\":\"https:\/\/schema.org\",\"@graph\":[{\"@type\":\"WebPage\",\"@id\":\"https:\/\/www.karinibutiik.ee\/toode\/epp-karsini-afrodisiaakum-kehakoorija-sametine-puudutus\/\",\"url\":\"https:\/\/www.karinibutiik.ee\/toode\/epp-karsini-afrodisiaakum-kehakoorija-sametine-puudutus\/\",\"name\":\"Epp K\u00e4rsini afrodisiaakum kehakoorija Sametine PUUDUTUS - Karini Butiik\",\"isPartOf\":{\"@id\":\"https:\/\/www.karinibutiik.ee\/#website\"},\"primaryImageOfPage\":{\"@id\":\"https:\/\/www.karinibutiik.ee\/toode\/epp-karsini-afrodisiaakum-kehakoorija-sametine-puudutus\/#primaryimage\"},\"image\":{\"@id\":\"https:\/\/www.karinibutiik.ee\/toode\/epp-karsini-afrodisiaakum-kehakoorija-sametine-puudutus\/#primaryimage\"},\"thumbnailUrl\":\"https:\/\/www.karinibutiik.ee\/wp-content\/uploads\/2026\/04\/epp-karsini-afrodisiaakum-kehakoorija-sametine-puudutus.webp\",\"datePublished\":\"2026-04-10T09:39:32+00:00\",\"dateModified\":\"2026-04-10T09:39:33+00:00\",\"description\":\"Epp K\u00e4rsini afrodisiaakum kehakoorija \u201cSametine Puudutus\u201d 300 g koorib naha siidiselt pehmeks ning \u00e4ratab iha, kire ja naudingumeeli.\",\"breadcrumb\":{\"@id\":\"https:\/\/www.karinibutiik.ee\/toode\/epp-karsini-afrodisiaakum-kehakoorija-sametine-puudutus\/#breadcrumb\"},\"inLanguage\":\"lt-LT\",\"potentialAction\":[{\"@type\":\"ReadAction\",\"target\":[\"https:\/\/www.karinibutiik.ee\/toode\/epp-karsini-afrodisiaakum-kehakoorija-sametine-puudutus\/\"]}]},{\"@type\":\"ImageObject\",\"inLanguage\":\"lt-LT\",\"@id\":\"https:\/\/www.karinibutiik.ee\/toode\/epp-karsini-afrodisiaakum-kehakoorija-sametine-puudutus\/#primaryimage\",\"url\":\"https:\/\/www.karinibutiik.ee\/wp-content\/uploads\/2026\/04\/epp-karsini-afrodisiaakum-kehakoorija-sametine-puudutus.webp\",\"contentUrl\":\"https:\/\/www.karinibutiik.ee\/wp-content\/uploads\/2026\/04\/epp-karsini-afrodisiaakum-kehakoorija-sametine-puudutus.webp\",\"width\":618,\"height\":662,\"caption\":\"Epp K\u00e4rsini afrodisiaakum kehakoorija Sametine Puudutus 300 g\"},{\"@type\":\"BreadcrumbList\",\"@id\":\"https:\/\/www.karinibutiik.ee\/toode\/epp-karsini-afrodisiaakum-kehakoorija-sametine-puudutus\/#breadcrumb\",\"itemListElement\":[{\"@type\":\"ListItem\",\"position\":1,\"name\":\"Home\",\"item\":\"https:\/\/www.karinibutiik.ee\/\"},{\"@type\":\"ListItem\",\"position\":2,\"name\":\"Pood\",\"item\":\"https:\/\/www.karinibutiik.ee\/pood\/\"},{\"@type\":\"ListItem\",\"position\":3,\"name\":\"Epp K\u00e4rsini afrodisiaakum kehakoorija Sametine PUUDUTUS\"}]},{\"@type\":\"WebSite\",\"@id\":\"https:\/\/www.karinibutiik.ee\/#website\",\"url\":\"https:\/\/www.karinibutiik.ee\/\",\"name\":\"Karini Butiik\",\"description\":\"\",\"publisher\":{\"@id\":\"https:\/\/www.karinibutiik.ee\/#organization\"},\"potentialAction\":[{\"@type\":\"SearchAction\",\"target\":{\"@type\":\"EntryPoint\",\"urlTemplate\":\"https:\/\/www.karinibutiik.ee\/?s={search_term_string}\"},\"query-input\":{\"@type\":\"PropertyValueSpecification\",\"valueRequired\":true,\"valueName\":\"search_term_string\"}}],\"inLanguage\":\"lt-LT\"},{\"@type\":\"Organization\",\"@id\":\"https:\/\/www.karinibutiik.ee\/#organization\",\"name\":\"Karini Butiik\",\"url\":\"https:\/\/www.karinibutiik.ee\/\",\"logo\":{\"@type\":\"ImageObject\",\"inLanguage\":\"lt-LT\",\"@id\":\"https:\/\/www.karinibutiik.ee\/#\/schema\/logo\/image\/\",\"url\":\"https:\/\/www.karinibutiik.ee\/wp-content\/uploads\/2024\/10\/Kuj.-K-koopia.png\",\"contentUrl\":\"https:\/\/www.karinibutiik.ee\/wp-content\/uploads\/2024\/10\/Kuj.-K-koopia.png\",\"width\":500,\"height\":500,\"caption\":\"Karini Butiik\"},\"image\":{\"@id\":\"https:\/\/www.karinibutiik.ee\/#\/schema\/logo\/image\/\"},\"sameAs\":[\"https:\/\/www.facebook.com\/karinibutiik.ee\",\"https:\/\/www.instagram.com\/karinibutiik\"]}]}<\/script>\n<meta property=\"product:price:amount\" content=\"32.90\" \/>\n<meta property=\"product:price:currency\" content=\"EUR\" \/>\n<meta property=\"og:availability\" content=\"instock\" \/>\n<meta property=\"product:availability\" content=\"instock\" \/>\n<meta property=\"product:retailer_item_id\" content=\"9002\" \/>\n<meta property=\"product:condition\" content=\"new\" \/>\n<!-- \/ Yoast SEO plugin. -->","yoast_head_json":{"title":"Epp K\u00e4rsini afrodisiaakum kehakoorija Sametine PUUDUTUS - Karini Butiik","description":"Epp K\u00e4rsini afrodisiaakum kehakoorija \u201cSametine Puudutus\u201d 300 g koorib naha siidiselt pehmeks ning \u00e4ratab iha, kire ja naudingumeeli.","robots":{"index":"index","follow":"follow","max-snippet":"max-snippet:-1","max-image-preview":"max-image-preview:large","max-video-preview":"max-video-preview:-1"},"canonical":"https:\/\/www.karinibutiik.ee\/lt\/produktas\/epp-karsini-afrodisiaakum-kehakoorija-sametine-puudutus\/","og_locale":"lt_LT","og_type":"article","og_title":"Epp K\u00e4rsini afrodisiaakum kehakoorija Sametine PUUDUTUS - Karini Butiik","og_description":"Epp K\u00e4rsini afrodisiaakum kehakoorija \u201cSametine Puudutus\u201d 300 g koorib naha siidiselt pehmeks ning \u00e4ratab iha, kire ja naudingumeeli.","og_url":"https:\/\/www.karinibutiik.ee\/lt\/produktas\/epp-karsini-afrodisiaakum-kehakoorija-sametine-puudutus\/","og_site_name":"Karini Butiik","article_publisher":"https:\/\/www.facebook.com\/karinibutiik.ee","article_modified_time":"2026-04-10T09:39:33+00:00","og_image":[{"width":618,"height":662,"url":"https:\/\/www.karinibutiik.ee\/wp-content\/uploads\/2026\/04\/epp-karsini-afrodisiaakum-kehakoorija-sametine-puudutus.webp","type":"image\/webp"}],"twitter_card":"summary_large_image","twitter_misc":{"Price":"32,90&nbsp;&euro;","Availability":"In stock"},"schema":{"@context":"https:\/\/schema.org","@graph":[{"@type":"WebPage","@id":"https:\/\/www.karinibutiik.ee\/toode\/epp-karsini-afrodisiaakum-kehakoorija-sametine-puudutus\/","url":"https:\/\/www.karinibutiik.ee\/toode\/epp-karsini-afrodisiaakum-kehakoorija-sametine-puudutus\/","name":"Epp K\u00e4rsini afrodisiaakum kehakoorija Sametine PUUDUTUS - Karini Butiik","isPartOf":{"@id":"https:\/\/www.karinibutiik.ee\/#website"},"primaryImageOfPage":{"@id":"https:\/\/www.karinibutiik.ee\/toode\/epp-karsini-afrodisiaakum-kehakoorija-sametine-puudutus\/#primaryimage"},"image":{"@id":"https:\/\/www.karinibutiik.ee\/toode\/epp-karsini-afrodisiaakum-kehakoorija-sametine-puudutus\/#primaryimage"},"thumbnailUrl":"https:\/\/www.karinibutiik.ee\/wp-content\/uploads\/2026\/04\/epp-karsini-afrodisiaakum-kehakoorija-sametine-puudutus.webp","datePublished":"2026-04-10T09:39:32+00:00","dateModified":"2026-04-10T09:39:33+00:00","description":"Epp K\u00e4rsini afrodisiaakum kehakoorija \u201cSametine Puudutus\u201d 300 g koorib naha siidiselt pehmeks ning \u00e4ratab iha, kire ja naudingumeeli.","breadcrumb":{"@id":"https:\/\/www.karinibutiik.ee\/toode\/epp-karsini-afrodisiaakum-kehakoorija-sametine-puudutus\/#breadcrumb"},"inLanguage":"lt-LT","potentialAction":[{"@type":"ReadAction","target":["https:\/\/www.karinibutiik.ee\/toode\/epp-karsini-afrodisiaakum-kehakoorija-sametine-puudutus\/"]}]},{"@type":"ImageObject","inLanguage":"lt-LT","@id":"https:\/\/www.karinibutiik.ee\/toode\/epp-karsini-afrodisiaakum-kehakoorija-sametine-puudutus\/#primaryimage","url":"https:\/\/www.karinibutiik.ee\/wp-content\/uploads\/2026\/04\/epp-karsini-afrodisiaakum-kehakoorija-sametine-puudutus.webp","contentUrl":"https:\/\/www.karinibutiik.ee\/wp-content\/uploads\/2026\/04\/epp-karsini-afrodisiaakum-kehakoorija-sametine-puudutus.webp","width":618,"height":662,"caption":"Epp K\u00e4rsini afrodisiaakum kehakoorija Sametine Puudutus 300 g"},{"@type":"BreadcrumbList","@id":"https:\/\/www.karinibutiik.ee\/toode\/epp-karsini-afrodisiaakum-kehakoorija-sametine-puudutus\/#breadcrumb","itemListElement":[{"@type":"ListItem","position":1,"name":"Home","item":"https:\/\/www.karinibutiik.ee\/"},{"@type":"ListItem","position":2,"name":"Pood","item":"https:\/\/www.karinibutiik.ee\/pood\/"},{"@type":"ListItem","position":3,"name":"Epp K\u00e4rsini afrodisiaakum kehakoorija Sametine PUUDUTUS"}]},{"@type":"WebSite","@id":"https:\/\/www.karinibutiik.ee\/#website","url":"https:\/\/www.karinibutiik.ee\/","name":"Karini Butiik","description":"","publisher":{"@id":"https:\/\/www.karinibutiik.ee\/#organization"},"potentialAction":[{"@type":"SearchAction","target":{"@type":"EntryPoint","urlTemplate":"https:\/\/www.karinibutiik.ee\/?s={search_term_string}"},"query-input":{"@type":"PropertyValueSpecification","valueRequired":true,"valueName":"search_term_string"}}],"inLanguage":"lt-LT"},{"@type":"Organization","@id":"https:\/\/www.karinibutiik.ee\/#organization","name":"Karini Butiik","url":"https:\/\/www.karinibutiik.ee\/","logo":{"@type":"ImageObject","inLanguage":"lt-LT","@id":"https:\/\/www.karinibutiik.ee\/#\/schema\/logo\/image\/","url":"https:\/\/www.karinibutiik.ee\/wp-content\/uploads\/2024\/10\/Kuj.-K-koopia.png","contentUrl":"https:\/\/www.karinibutiik.ee\/wp-content\/uploads\/2024\/10\/Kuj.-K-koopia.png","width":500,"height":500,"caption":"Karini Butiik"},"image":{"@id":"https:\/\/www.karinibutiik.ee\/#\/schema\/logo\/image\/"},"sameAs":["https:\/\/www.facebook.com\/karinibutiik.ee","https:\/\/www.instagram.com\/karinibutiik"]}]},"product_price_amount":"32.90","product_price_currency":"EUR","og_availability":"instock","product_availability":"instock","product_retailer_item_id":"9002","product_condition":"new"},"_links":{"self":[{"href":"https:\/\/www.karinibutiik.ee\/lt\/wp-json\/wp\/v2\/product\/27053","targetHints":{"allow":["GET"]}}],"collection":[{"href":"https:\/\/www.karinibutiik.ee\/lt\/wp-json\/wp\/v2\/product"}],"about":[{"href":"https:\/\/www.karinibutiik.ee\/lt\/wp-json\/wp\/v2\/types\/product"}],"version-history":[{"count":1,"href":"https:\/\/www.karinibutiik.ee\/lt\/wp-json\/wp\/v2\/product\/27053\/revisions"}],"predecessor-version":[{"id":27056,"href":"https:\/\/www.karinibutiik.ee\/lt\/wp-json\/wp\/v2\/product\/27053\/revisions\/27056"}],"wp:featuredmedia":[{"embeddable":true,"href":"https:\/\/www.karinibutiik.ee\/lt\/wp-json\/wp\/v2\/media\/27055"}],"wp:attachment":[{"href":"https:\/\/www.karinibutiik.ee\/lt\/wp-json\/wp\/v2\/media?parent=27053"}],"wp:term":[{"taxonomy":"product_brand","embeddable":true,"href":"https:\/\/www.karinibutiik.ee\/lt\/wp-json\/wp\/v2\/product_brand?post=27053"},{"taxonomy":"product_cat","embeddable":true,"href":"https:\/\/www.karinibutiik.ee\/lt\/wp-json\/wp\/v2\/product_cat?post=27053"},{"taxonomy":"product_tag","embeddable":true,"href":"https:\/\/www.karinibutiik.ee\/lt\/wp-json\/wp\/v2\/product_tag?post=27053"}],"curies":[{"name":"wp","href":"https:\/\/api.w.org\/{rel}","templated":true}]}}