{"id":27206,"date":"2026-04-21T13:28:33","date_gmt":"2026-04-21T10:28:33","guid":{"rendered":"https:\/\/www.karinibutiik.ee\/?post_type=product&#038;p=27206"},"modified":"2026-04-22T10:21:56","modified_gmt":"2026-04-22T07:21:56","slug":"volangaarisega-midikleit","status":"publish","type":"product","link":"https:\/\/www.karinibutiik.ee\/lt\/produktas\/volangaarisega-midikleit\/","title":{"rendered":"Volang\u00e4\u00e4risega midikleit"},"content":{"rendered":"<p data-start=\"587\" data-end=\"928\">Karini Butiigi volang\u00e4\u00e4risega midikleit on naiselik, pilkup\u00fc\u00fcdev ja elegantne valik, mis sobib suurep\u00e4raselt pidulikeks s\u00fcndmusteks, suvisteks \u00fcritusteks ja erilisteks hetkedeks. Kleidil on kaunis figuuri j\u00e4rgiv \u00fclaosa, peened \u00f5lapaelad ning midi pikkuses langev seelikuosa, mida t\u00e4iendab efektne ja luksuslik volang\u00e4\u00e4r.<\/p>\n<p data-start=\"930\" data-end=\"1181\">See kleit \u00fchendab endas kvaliteedi, stiili ja mugavuse. Naiselik l\u00f5ige toob esile kauni silueti ning mugav istuvus muudab kleidi kandmise meeldivaks ka pikema s\u00fcndmuse v\u00e4ltel. Tegemist on pilkup\u00fc\u00fcdva mudeliga, mis j\u00e4tab elegantse ja meeldej\u00e4\u00e4va mulje.<\/p>\n<p data-start=\"1183\" data-end=\"1379\">Volang\u00e4\u00e4risega midikleit on saadaval kahes imeilusas toonis \u2014 <strong data-start=\"1245\" data-end=\"1258\">vanaroosa<\/strong> ja <strong data-start=\"1262\" data-end=\"1276\">helesinine<\/strong>. Suurused <strong data-start=\"1287\" data-end=\"1298\">XS ja S<\/strong>. Ideaalne valik, kui otsid kleiti, mis on korraga kvaliteetne, stiilne ja mugav.<\/p>\n<p data-start=\"1381\" data-end=\"1400\"><strong data-start=\"1381\" data-end=\"1398\">Toote eelised<\/strong><\/p>\n<ul data-start=\"1401\" data-end=\"1566\">\n<li data-section-id=\"1wrj2cm\" data-start=\"1401\" data-end=\"1435\">pilkup\u00fc\u00fcdev ja elegantne l\u00f5ige<\/li>\n<li data-section-id=\"1qik51x\" data-start=\"1436\" data-end=\"1457\">efektne volang\u00e4\u00e4r<\/li>\n<li data-section-id=\"wk5y3l\" data-start=\"1458\" data-end=\"1473\">mugav kanda<\/li>\n<li data-section-id=\"1f6cap9\" data-start=\"1474\" data-end=\"1508\">kvaliteetne ja stiilne v\u00e4limus<\/li>\n<li data-section-id=\"16rh885\" data-start=\"1509\" data-end=\"1540\">sobib pidulikuks s\u00fcndmuseks<\/li>\n<li data-section-id=\"1i2cacv\" data-start=\"1541\" data-end=\"1566\">naiselik ja ajatu valik<\/li>\n<\/ul>\n<p data-start=\"1568\" data-end=\"1790\"><strong data-start=\"1568\" data-end=\"1586\">Toote omadused<\/strong><br data-start=\"1586\" data-end=\"1589\" \/>Tootet\u00fc\u00fcp: midikleit<br data-start=\"1609\" data-end=\"1612\" \/>Detailid: volang\u00e4\u00e4r, peened \u00f5lapaelad<br data-start=\"1649\" data-end=\"1652\" \/>V\u00e4rvid: vanaroosa, helesinine<br data-start=\"1681\" data-end=\"1684\" \/>Suurused: XS, S<br data-start=\"1699\" data-end=\"1702\" \/>Stiil: elegantne, naiselik, pidulik<br data-start=\"1737\" data-end=\"1740\" \/>Omadused: pilkup\u00fc\u00fcdev, kvaliteetne, stiilne, mugav<\/p>","protected":false},"excerpt":{"rendered":"<p>Karini Butiigi volang\u00e4\u00e4risega midikleit on naiselik, pilkup\u00fc\u00fcdev ja elegantne valik, mis sobib suurep\u00e4raselt pidulikeks s\u00fcndmusteks, suvisteks \u00fcritusteks ja erilisteks hetkedeks. [&hellip;]<\/p>\n","protected":false},"featured_media":27198,"template":"","meta":{"site-sidebar-layout":"default","site-content-layout":"","ast-site-content-layout":"default","site-content-style":"default","site-sidebar-style":"default","ast-global-header-display":"","ast-banner-title-visibility":"","ast-main-header-display":"","ast-hfb-above-header-display":"","ast-hfb-below-header-display":"","ast-hfb-mobile-header-display":"","site-post-title":"","ast-breadcrumbs-content":"","ast-featured-img":"","footer-sml-layout":"","ast-disable-related-posts":"","theme-transparent-header-meta":"default","adv-header-id-meta":"","stick-header-meta":"default","header-above-stick-meta":"","header-main-stick-meta":"","header-below-stick-meta":"","astra-migrate-meta-layouts":"set","ast-page-background-enabled":"default","ast-page-background-meta":{"desktop":{"background-color":"var(--ast-global-color-4)","background-image":"","background-repeat":"repeat","background-position":"center center","background-size":"auto","background-attachment":"scroll","background-type":"","background-media":"","overlay-type":"","overlay-color":"","overlay-opacity":"","overlay-gradient":""},"tablet":{"background-color":"","background-image":"","background-repeat":"repeat","background-position":"center center","background-size":"auto","background-attachment":"scroll","background-type":"","background-media":"","overlay-type":"","overlay-color":"","overlay-opacity":"","overlay-gradient":""},"mobile":{"background-color":"","background-image":"","background-repeat":"repeat","background-position":"center center","background-size":"auto","background-attachment":"scroll","background-type":"","background-media":"","overlay-type":"","overlay-color":"","overlay-opacity":"","overlay-gradient":""}},"ast-content-background-meta":{"desktop":{"background-color":"var(--ast-global-color-5)","background-image":"","background-repeat":"repeat","background-position":"center center","background-size":"auto","background-attachment":"scroll","background-type":"","background-media":"","overlay-type":"","overlay-color":"","overlay-opacity":"","overlay-gradient":""},"tablet":{"background-color":"var(--ast-global-color-5)","background-image":"","background-repeat":"repeat","background-position":"center center","background-size":"auto","background-attachment":"scroll","background-type":"","background-media":"","overlay-type":"","overlay-color":"","overlay-opacity":"","overlay-gradient":""},"mobile":{"background-color":"var(--ast-global-color-5)","background-image":"","background-repeat":"repeat","background-position":"center center","background-size":"auto","background-attachment":"scroll","background-type":"","background-media":"","overlay-type":"","overlay-color":"","overlay-opacity":"","overlay-gradient":""}}},"product_brand":[],"product_cat":[347,348,349,346,351],"product_tag":[1169,1216,501,1463,87,1617,1400,1618,738,623,503,2697,2696],"class_list":{"0":"post-27206","1":"product","2":"type-product","3":"status-publish","4":"has-post-thumbnail","6":"product_cat-kleidid","7":"product_cat-lopukleidid","8":"product_cat-midikleidid","9":"product_cat-naised","10":"product_cat-uued-tooted","11":"product_tag-elegantne-kleit","12":"product_tag-helesinine-kleit","13":"product_tag-karini-butiik","14":"product_tag-kvaliteetne-kleit","15":"product_tag-midikleit","16":"product_tag-naiselik-kleit","17":"product_tag-olapaeltega-kleit","18":"product_tag-peokleit","19":"product_tag-pidulik-kleit","20":"product_tag-stiilne-kleit","21":"product_tag-suvekleit","22":"product_tag-vanaroosa-kleit","23":"product_tag-volangaarisega-midikleit","24":"desktop-align-center","25":"tablet-align-center","26":"mobile-align-center","27":"ast-product-gallery-layout-horizontal-slider","28":"ast-product-single-variable","29":"ast-product-tabs-layout-horizontal","31":"first","32":"instock","33":"taxable","34":"shipping-taxable","35":"purchasable","36":"product-type-variable"},"supplier_id":null,"supplier_sku":"","barcode":null,"atum_controlled":true,"out_stock_date":null,"out_stock_threshold":null,"inheritable":true,"inbound_stock":null,"stock_on_hold":0,"sold_today":null,"sales_last_days":null,"reserved_stock":0,"customer_returns":null,"warehouse_damage":0,"lost_in_post":null,"other_logs":0,"out_stock_days":null,"lost_sales":null,"has_location":false,"update_date":"2026-04-22T07:21:56","atum_locations":[],"atum_stock_status":"instock","restock_status":false,"low_stock_amount":"","sales_update_date":null,"calc_backorders":null,"yoast_head":"<!-- This site is optimized with the Yoast SEO plugin v26.9 - https:\/\/yoast.com\/product\/yoast-seo-wordpress\/ -->\n<title>Volang\u00e4\u00e4risega midikleit - Karini Butiik<\/title>\n<meta name=\"description\" content=\"Pilkup\u00fc\u00fcdev ja kvaliteetne volang\u00e4\u00e4risega midikleit Karini Butiigis. Saadaval vanaroosas ja helesinises toonis, suurused XS ja S.\" \/>\n<meta name=\"robots\" content=\"index, follow, max-snippet:-1, max-image-preview:large, max-video-preview:-1\" \/>\n<link rel=\"canonical\" href=\"https:\/\/www.karinibutiik.ee\/lt\/produktas\/volangaarisega-midikleit\/\" \/>\n<meta property=\"og:locale\" content=\"lt_LT\" \/>\n<meta property=\"og:type\" content=\"article\" \/>\n<meta property=\"og:title\" content=\"Volang\u00e4\u00e4risega midikleit - Karini Butiik\" \/>\n<meta property=\"og:description\" content=\"Pilkup\u00fc\u00fcdev ja kvaliteetne volang\u00e4\u00e4risega midikleit Karini Butiigis. Saadaval vanaroosas ja helesinises toonis, suurused XS ja S.\" \/>\n<meta property=\"og:url\" content=\"https:\/\/www.karinibutiik.ee\/lt\/produktas\/volangaarisega-midikleit\/\" \/>\n<meta property=\"og:site_name\" content=\"Karini Butiik\" \/>\n<meta property=\"article:publisher\" content=\"https:\/\/www.facebook.com\/karinibutiik.ee\" \/>\n<meta property=\"article:modified_time\" content=\"2026-04-22T07:21:56+00:00\" \/>\n<meta property=\"og:image\" content=\"https:\/\/www.karinibutiik.ee\/wp-content\/uploads\/2026\/04\/260420_Karini_Butiik_Erlend_Staub_40-scaled-e1776766857692.jpg\" \/>\n\t<meta property=\"og:image:width\" content=\"1805\" \/>\n\t<meta property=\"og:image:height\" content=\"2385\" \/>\n\t<meta property=\"og:image:type\" content=\"image\/jpeg\" \/>\n<meta name=\"twitter:card\" content=\"summary_large_image\" \/>\n<meta name=\"twitter:label1\" content=\"Availability\" \/>\n\t<meta name=\"twitter:data1\" content=\"In stock\" \/>\n<script type=\"application\/ld+json\" class=\"yoast-schema-graph\">{\"@context\":\"https:\/\/schema.org\",\"@graph\":[{\"@type\":\"WebPage\",\"@id\":\"https:\/\/www.karinibutiik.ee\/toode\/volangaarisega-midikleit\/\",\"url\":\"https:\/\/www.karinibutiik.ee\/toode\/volangaarisega-midikleit\/\",\"name\":\"Volang\u00e4\u00e4risega midikleit - Karini Butiik\",\"isPartOf\":{\"@id\":\"https:\/\/www.karinibutiik.ee\/#website\"},\"primaryImageOfPage\":{\"@id\":\"https:\/\/www.karinibutiik.ee\/toode\/volangaarisega-midikleit\/#primaryimage\"},\"image\":{\"@id\":\"https:\/\/www.karinibutiik.ee\/toode\/volangaarisega-midikleit\/#primaryimage\"},\"thumbnailUrl\":\"https:\/\/www.karinibutiik.ee\/wp-content\/uploads\/2026\/04\/260420_Karini_Butiik_Erlend_Staub_40-scaled-e1776766857692.jpg\",\"datePublished\":\"2026-04-21T10:28:33+00:00\",\"dateModified\":\"2026-04-22T07:21:56+00:00\",\"description\":\"Pilkup\u00fc\u00fcdev ja kvaliteetne volang\u00e4\u00e4risega midikleit Karini Butiigis. Saadaval vanaroosas ja helesinises toonis, suurused XS ja S.\",\"breadcrumb\":{\"@id\":\"https:\/\/www.karinibutiik.ee\/toode\/volangaarisega-midikleit\/#breadcrumb\"},\"inLanguage\":\"lt-LT\",\"potentialAction\":[{\"@type\":\"ReadAction\",\"target\":[\"https:\/\/www.karinibutiik.ee\/toode\/volangaarisega-midikleit\/\"]}]},{\"@type\":\"ImageObject\",\"inLanguage\":\"lt-LT\",\"@id\":\"https:\/\/www.karinibutiik.ee\/toode\/volangaarisega-midikleit\/#primaryimage\",\"url\":\"https:\/\/www.karinibutiik.ee\/wp-content\/uploads\/2026\/04\/260420_Karini_Butiik_Erlend_Staub_40-scaled-e1776766857692.jpg\",\"contentUrl\":\"https:\/\/www.karinibutiik.ee\/wp-content\/uploads\/2026\/04\/260420_Karini_Butiik_Erlend_Staub_40-scaled-e1776766857692.jpg\",\"width\":1805,\"height\":2385,\"caption\":\"Pilkup\u00fc\u00fcdev midikleit peente \u00f5lapaeltega\"},{\"@type\":\"BreadcrumbList\",\"@id\":\"https:\/\/www.karinibutiik.ee\/toode\/volangaarisega-midikleit\/#breadcrumb\",\"itemListElement\":[{\"@type\":\"ListItem\",\"position\":1,\"name\":\"Home\",\"item\":\"https:\/\/www.karinibutiik.ee\/\"},{\"@type\":\"ListItem\",\"position\":2,\"name\":\"Pood\",\"item\":\"https:\/\/www.karinibutiik.ee\/pood\/\"},{\"@type\":\"ListItem\",\"position\":3,\"name\":\"Volang\u00e4\u00e4risega midikleit\"}]},{\"@type\":\"WebSite\",\"@id\":\"https:\/\/www.karinibutiik.ee\/#website\",\"url\":\"https:\/\/www.karinibutiik.ee\/\",\"name\":\"Karini Butiik\",\"description\":\"\",\"publisher\":{\"@id\":\"https:\/\/www.karinibutiik.ee\/#organization\"},\"potentialAction\":[{\"@type\":\"SearchAction\",\"target\":{\"@type\":\"EntryPoint\",\"urlTemplate\":\"https:\/\/www.karinibutiik.ee\/?s={search_term_string}\"},\"query-input\":{\"@type\":\"PropertyValueSpecification\",\"valueRequired\":true,\"valueName\":\"search_term_string\"}}],\"inLanguage\":\"lt-LT\"},{\"@type\":\"Organization\",\"@id\":\"https:\/\/www.karinibutiik.ee\/#organization\",\"name\":\"Karini Butiik\",\"url\":\"https:\/\/www.karinibutiik.ee\/\",\"logo\":{\"@type\":\"ImageObject\",\"inLanguage\":\"lt-LT\",\"@id\":\"https:\/\/www.karinibutiik.ee\/#\/schema\/logo\/image\/\",\"url\":\"https:\/\/www.karinibutiik.ee\/wp-content\/uploads\/2024\/10\/Kuj.-K-koopia.png\",\"contentUrl\":\"https:\/\/www.karinibutiik.ee\/wp-content\/uploads\/2024\/10\/Kuj.-K-koopia.png\",\"width\":500,\"height\":500,\"caption\":\"Karini Butiik\"},\"image\":{\"@id\":\"https:\/\/www.karinibutiik.ee\/#\/schema\/logo\/image\/\"},\"sameAs\":[\"https:\/\/www.facebook.com\/karinibutiik.ee\",\"https:\/\/www.instagram.com\/karinibutiik\"]}]}<\/script>\n<meta property=\"og:availability\" content=\"instock\" \/>\n<meta property=\"product:availability\" content=\"instock\" \/>\n<meta property=\"product:retailer_item_id\" content=\"3380\" \/>\n<meta property=\"product:condition\" content=\"new\" \/>\n<!-- \/ Yoast SEO plugin. -->","yoast_head_json":{"title":"Volang\u00e4\u00e4risega midikleit - Karini Butiik","description":"Pilkup\u00fc\u00fcdev ja kvaliteetne volang\u00e4\u00e4risega midikleit Karini Butiigis. Saadaval vanaroosas ja helesinises toonis, suurused XS ja S.","robots":{"index":"index","follow":"follow","max-snippet":"max-snippet:-1","max-image-preview":"max-image-preview:large","max-video-preview":"max-video-preview:-1"},"canonical":"https:\/\/www.karinibutiik.ee\/lt\/produktas\/volangaarisega-midikleit\/","og_locale":"lt_LT","og_type":"article","og_title":"Volang\u00e4\u00e4risega midikleit - Karini Butiik","og_description":"Pilkup\u00fc\u00fcdev ja kvaliteetne volang\u00e4\u00e4risega midikleit Karini Butiigis. Saadaval vanaroosas ja helesinises toonis, suurused XS ja S.","og_url":"https:\/\/www.karinibutiik.ee\/lt\/produktas\/volangaarisega-midikleit\/","og_site_name":"Karini Butiik","article_publisher":"https:\/\/www.facebook.com\/karinibutiik.ee","article_modified_time":"2026-04-22T07:21:56+00:00","og_image":[{"width":1805,"height":2385,"url":"https:\/\/www.karinibutiik.ee\/wp-content\/uploads\/2026\/04\/260420_Karini_Butiik_Erlend_Staub_40-scaled-e1776766857692.jpg","type":"image\/jpeg"}],"twitter_card":"summary_large_image","twitter_misc":{"Availability":"In stock"},"schema":{"@context":"https:\/\/schema.org","@graph":[{"@type":"WebPage","@id":"https:\/\/www.karinibutiik.ee\/toode\/volangaarisega-midikleit\/","url":"https:\/\/www.karinibutiik.ee\/toode\/volangaarisega-midikleit\/","name":"Volang\u00e4\u00e4risega midikleit - Karini Butiik","isPartOf":{"@id":"https:\/\/www.karinibutiik.ee\/#website"},"primaryImageOfPage":{"@id":"https:\/\/www.karinibutiik.ee\/toode\/volangaarisega-midikleit\/#primaryimage"},"image":{"@id":"https:\/\/www.karinibutiik.ee\/toode\/volangaarisega-midikleit\/#primaryimage"},"thumbnailUrl":"https:\/\/www.karinibutiik.ee\/wp-content\/uploads\/2026\/04\/260420_Karini_Butiik_Erlend_Staub_40-scaled-e1776766857692.jpg","datePublished":"2026-04-21T10:28:33+00:00","dateModified":"2026-04-22T07:21:56+00:00","description":"Pilkup\u00fc\u00fcdev ja kvaliteetne volang\u00e4\u00e4risega midikleit Karini Butiigis. Saadaval vanaroosas ja helesinises toonis, suurused XS ja S.","breadcrumb":{"@id":"https:\/\/www.karinibutiik.ee\/toode\/volangaarisega-midikleit\/#breadcrumb"},"inLanguage":"lt-LT","potentialAction":[{"@type":"ReadAction","target":["https:\/\/www.karinibutiik.ee\/toode\/volangaarisega-midikleit\/"]}]},{"@type":"ImageObject","inLanguage":"lt-LT","@id":"https:\/\/www.karinibutiik.ee\/toode\/volangaarisega-midikleit\/#primaryimage","url":"https:\/\/www.karinibutiik.ee\/wp-content\/uploads\/2026\/04\/260420_Karini_Butiik_Erlend_Staub_40-scaled-e1776766857692.jpg","contentUrl":"https:\/\/www.karinibutiik.ee\/wp-content\/uploads\/2026\/04\/260420_Karini_Butiik_Erlend_Staub_40-scaled-e1776766857692.jpg","width":1805,"height":2385,"caption":"Pilkup\u00fc\u00fcdev midikleit peente \u00f5lapaeltega"},{"@type":"BreadcrumbList","@id":"https:\/\/www.karinibutiik.ee\/toode\/volangaarisega-midikleit\/#breadcrumb","itemListElement":[{"@type":"ListItem","position":1,"name":"Home","item":"https:\/\/www.karinibutiik.ee\/"},{"@type":"ListItem","position":2,"name":"Pood","item":"https:\/\/www.karinibutiik.ee\/pood\/"},{"@type":"ListItem","position":3,"name":"Volang\u00e4\u00e4risega midikleit"}]},{"@type":"WebSite","@id":"https:\/\/www.karinibutiik.ee\/#website","url":"https:\/\/www.karinibutiik.ee\/","name":"Karini Butiik","description":"","publisher":{"@id":"https:\/\/www.karinibutiik.ee\/#organization"},"potentialAction":[{"@type":"SearchAction","target":{"@type":"EntryPoint","urlTemplate":"https:\/\/www.karinibutiik.ee\/?s={search_term_string}"},"query-input":{"@type":"PropertyValueSpecification","valueRequired":true,"valueName":"search_term_string"}}],"inLanguage":"lt-LT"},{"@type":"Organization","@id":"https:\/\/www.karinibutiik.ee\/#organization","name":"Karini Butiik","url":"https:\/\/www.karinibutiik.ee\/","logo":{"@type":"ImageObject","inLanguage":"lt-LT","@id":"https:\/\/www.karinibutiik.ee\/#\/schema\/logo\/image\/","url":"https:\/\/www.karinibutiik.ee\/wp-content\/uploads\/2024\/10\/Kuj.-K-koopia.png","contentUrl":"https:\/\/www.karinibutiik.ee\/wp-content\/uploads\/2024\/10\/Kuj.-K-koopia.png","width":500,"height":500,"caption":"Karini Butiik"},"image":{"@id":"https:\/\/www.karinibutiik.ee\/#\/schema\/logo\/image\/"},"sameAs":["https:\/\/www.facebook.com\/karinibutiik.ee","https:\/\/www.instagram.com\/karinibutiik"]}]},"og_availability":"instock","product_availability":"instock","product_retailer_item_id":"3380","product_condition":"new"},"_links":{"self":[{"href":"https:\/\/www.karinibutiik.ee\/lt\/wp-json\/wp\/v2\/product\/27206","targetHints":{"allow":["GET"]}}],"collection":[{"href":"https:\/\/www.karinibutiik.ee\/lt\/wp-json\/wp\/v2\/product"}],"about":[{"href":"https:\/\/www.karinibutiik.ee\/lt\/wp-json\/wp\/v2\/types\/product"}],"version-history":[{"count":1,"href":"https:\/\/www.karinibutiik.ee\/lt\/wp-json\/wp\/v2\/product\/27206\/revisions"}],"predecessor-version":[{"id":27211,"href":"https:\/\/www.karinibutiik.ee\/lt\/wp-json\/wp\/v2\/product\/27206\/revisions\/27211"}],"wp:featuredmedia":[{"embeddable":true,"href":"https:\/\/www.karinibutiik.ee\/lt\/wp-json\/wp\/v2\/media\/27198"}],"wp:attachment":[{"href":"https:\/\/www.karinibutiik.ee\/lt\/wp-json\/wp\/v2\/media?parent=27206"}],"wp:term":[{"taxonomy":"product_brand","embeddable":true,"href":"https:\/\/www.karinibutiik.ee\/lt\/wp-json\/wp\/v2\/product_brand?post=27206"},{"taxonomy":"product_cat","embeddable":true,"href":"https:\/\/www.karinibutiik.ee\/lt\/wp-json\/wp\/v2\/product_cat?post=27206"},{"taxonomy":"product_tag","embeddable":true,"href":"https:\/\/www.karinibutiik.ee\/lt\/wp-json\/wp\/v2\/product_tag?post=27206"}],"curies":[{"name":"wp","href":"https:\/\/api.w.org\/{rel}","templated":true}]}}