{"id":27409,"date":"2026-04-23T13:17:06","date_gmt":"2026-04-23T10:17:06","guid":{"rendered":"https:\/\/www.karinibutiik.ee\/?post_type=product&#038;p=27409"},"modified":"2026-04-23T13:17:07","modified_gmt":"2026-04-23T10:17:07","slug":"midikleit-korsetipaeltega","status":"publish","type":"product","link":"https:\/\/www.karinibutiik.ee\/lt\/produktas\/midikleit-korsetipaeltega\/","title":{"rendered":"Midikleit korsetipaeltega"},"content":{"rendered":"<p data-start=\"605\" data-end=\"935\">Karini Butiigi elegantne midikleit on naiselik ja pilkup\u00fc\u00fcdev valik pidulikuks s\u00fcndmuseks, suvepeoks, l\u00f5petamiseks v\u00f5i eriliseks t\u00e4histamiseks. Kleidil on kaunis figuuri r\u00f5hutav \u00fclaosa, lendlev midi pikkuses seelik ning romantiline <strong data-start=\"858\" data-end=\"886\">seljaosa korsetipaeltega<\/strong>, mis lisab kleidile luksusliku ja \u00f5rna aktsendi.<\/p>\n<p data-start=\"937\" data-end=\"1230\">Kleidiga on kaasas <strong data-start=\"956\" data-end=\"968\">pikk v\u00f6\u00f6<\/strong>, mida saab kanda mitmel viisil. Seo see taljele, et r\u00f5hutada figuuri, v\u00f5i kasuta seda efektse aksessuaarina kaela \u00fcmber, et luua veelgi erilisem ja stiilsem tulemus. T\u00e4nu sellele saad sama kleidiga luua erinevaid look\u2019e vastavalt s\u00fcndmusele ja oma eelistustele.<\/p>\n<p data-start=\"1232\" data-end=\"1455\">Midikleit on saadaval mitmes imeilusas toonis \u2014 <strong data-start=\"1280\" data-end=\"1337\">kollane, helesinine, vanaroosa, barbieroosa ja fuksia<\/strong>. Suurused <strong data-start=\"1348\" data-end=\"1368\">XXS, XS, S, M, L<\/strong>. Parima istuvuse jaoks soovitame valida <strong data-start=\"1409\" data-end=\"1431\">\u00fcks suurus v\u00e4iksem<\/strong>, kui tavaliselt kannad.<\/p>\n<p data-start=\"1457\" data-end=\"1476\"><strong data-start=\"1457\" data-end=\"1474\">Toote eelised<\/strong><\/p>\n<ul data-start=\"1477\" data-end=\"1725\">\n<li data-section-id=\"s2lhhs\" data-start=\"1477\" data-end=\"1512\">elegantne ja naiselik midikleit<\/li>\n<li data-section-id=\"1dyp0c3\" data-start=\"1513\" data-end=\"1540\">seljalt korsetipaeltega<\/li>\n<li data-section-id=\"zirf4d\" data-start=\"1541\" data-end=\"1560\">kaasas pikk v\u00f6\u00f6<\/li>\n<li data-section-id=\"3r480f\" data-start=\"1561\" data-end=\"1607\">v\u00f6\u00f6d saab kanda nii taljel kui kaela \u00fcmber<\/li>\n<li data-section-id=\"lvgx4x\" data-start=\"1608\" data-end=\"1640\">lendlev ja pilkup\u00fc\u00fcdev l\u00f5ige<\/li>\n<li data-section-id=\"1slyx1w\" data-start=\"1641\" data-end=\"1693\">sobib pidulikuks s\u00fcndmuseks ja eriliseks hetkeks<\/li>\n<li data-section-id=\"1l0nnvp\" data-start=\"1694\" data-end=\"1725\">saadaval mitmes kaunis toonis<\/li>\n<\/ul>\n<p data-start=\"1727\" data-end=\"2006\"><strong data-start=\"1727\" data-end=\"1745\">Toote omadused<\/strong><br data-start=\"1745\" data-end=\"1748\" \/>Tootet\u00fc\u00fcp: midikleit<br data-start=\"1768\" data-end=\"1771\" \/>Detailid: seljalt korsetipaelad, kaasas pikk v\u00f6\u00f6<br data-start=\"1819\" data-end=\"1822\" \/>V\u00e4rvid: kollane, helesinine, vanaroosa, barbieroosa, fuksia<br data-start=\"1881\" data-end=\"1884\" \/>Suurused: XXS, XS, S, M, L<br data-start=\"1910\" data-end=\"1913\" \/>Stiil: elegantne, naiselik, pidulik<br data-start=\"1948\" data-end=\"1951\" \/>Soovitus: vali \u00fcks suurus v\u00e4iksem kui tavaliselt kannad<\/p>","protected":false},"excerpt":{"rendered":"<p>Soovitus: vali \u00fcks suurus v\u00e4iksem kui tavaliselt kannad<\/p>","protected":false},"featured_media":27395,"template":"","meta":{"site-sidebar-layout":"default","site-content-layout":"","ast-site-content-layout":"default","site-content-style":"default","site-sidebar-style":"default","ast-global-header-display":"","ast-banner-title-visibility":"","ast-main-header-display":"","ast-hfb-above-header-display":"","ast-hfb-below-header-display":"","ast-hfb-mobile-header-display":"","site-post-title":"","ast-breadcrumbs-content":"","ast-featured-img":"","footer-sml-layout":"","ast-disable-related-posts":"","theme-transparent-header-meta":"default","adv-header-id-meta":"","stick-header-meta":"default","header-above-stick-meta":"","header-main-stick-meta":"","header-below-stick-meta":"","astra-migrate-meta-layouts":"set","ast-page-background-enabled":"default","ast-page-background-meta":{"desktop":{"background-color":"var(--ast-global-color-4)","background-image":"","background-repeat":"repeat","background-position":"center center","background-size":"auto","background-attachment":"scroll","background-type":"","background-media":"","overlay-type":"","overlay-color":"","overlay-opacity":"","overlay-gradient":""},"tablet":{"background-color":"","background-image":"","background-repeat":"repeat","background-position":"center center","background-size":"auto","background-attachment":"scroll","background-type":"","background-media":"","overlay-type":"","overlay-color":"","overlay-opacity":"","overlay-gradient":""},"mobile":{"background-color":"","background-image":"","background-repeat":"repeat","background-position":"center center","background-size":"auto","background-attachment":"scroll","background-type":"","background-media":"","overlay-type":"","overlay-color":"","overlay-opacity":"","overlay-gradient":""}},"ast-content-background-meta":{"desktop":{"background-color":"var(--ast-global-color-5)","background-image":"","background-repeat":"repeat","background-position":"center center","background-size":"auto","background-attachment":"scroll","background-type":"","background-media":"","overlay-type":"","overlay-color":"","overlay-opacity":"","overlay-gradient":""},"tablet":{"background-color":"var(--ast-global-color-5)","background-image":"","background-repeat":"repeat","background-position":"center center","background-size":"auto","background-attachment":"scroll","background-type":"","background-media":"","overlay-type":"","overlay-color":"","overlay-opacity":"","overlay-gradient":""},"mobile":{"background-color":"var(--ast-global-color-5)","background-image":"","background-repeat":"repeat","background-position":"center center","background-size":"auto","background-attachment":"scroll","background-type":"","background-media":"","overlay-type":"","overlay-color":"","overlay-opacity":"","overlay-gradient":""}}},"product_brand":[],"product_cat":[347,348,349,346,351],"product_tag":[2729,1169,2670,1216,501,1215,2728,87,2726,1617,1618,1709,2424,2727,2697],"class_list":{"0":"post-27409","1":"product","2":"type-product","3":"status-publish","4":"has-post-thumbnail","6":"product_cat-kleidid","7":"product_cat-lopukleidid","8":"product_cat-midikleidid","9":"product_cat-naised","10":"product_cat-uued-tooted","11":"product_tag-barbieroosa-kleit","12":"product_tag-elegantne-kleit","13":"product_tag-fuksia-kleit","14":"product_tag-helesinine-kleit","15":"product_tag-karini-butiik","16":"product_tag-kollane-kleit","17":"product_tag-lopetamiskleit","18":"product_tag-midikleit","19":"product_tag-midikleit-korsetipaeltega","20":"product_tag-naiselik-kleit","21":"product_tag-peokleit","22":"product_tag-pidulik-midikleit","23":"product_tag-pulmakulalise-kleit","24":"product_tag-seljalt-korsetipaeltega-kleit","25":"product_tag-vanaroosa-kleit","26":"desktop-align-center","27":"tablet-align-center","28":"mobile-align-center","29":"ast-product-gallery-layout-horizontal-slider","30":"ast-product-single-variable","31":"ast-product-tabs-layout-horizontal","33":"first","34":"instock","35":"taxable","36":"shipping-taxable","37":"purchasable","38":"product-type-variable"},"supplier_id":null,"supplier_sku":"","barcode":null,"atum_controlled":true,"out_stock_date":null,"out_stock_threshold":null,"inheritable":true,"inbound_stock":null,"stock_on_hold":0,"sold_today":null,"sales_last_days":null,"reserved_stock":0,"customer_returns":null,"warehouse_damage":0,"lost_in_post":null,"other_logs":0,"out_stock_days":null,"lost_sales":null,"has_location":false,"update_date":"2026-04-23T10:17:16","atum_locations":[],"atum_stock_status":"instock","restock_status":false,"low_stock_amount":"","sales_update_date":null,"calc_backorders":null,"yoast_head":"<!-- This site is optimized with the Yoast SEO plugin v26.9 - https:\/\/yoast.com\/product\/yoast-seo-wordpress\/ -->\n<title>Midikleit korsetipaeltega - Karini Butiik<\/title>\n<meta name=\"description\" content=\"Elegantne midikleit seljalt korsetipaeltega Karini Butiigis. Kaasas pikk v\u00f6\u00f6, mida saab siduda v\u00f6\u00f6ks v\u00f5i kanda kaela \u00fcmber. Suurused XXS\u2013L.\" \/>\n<meta name=\"robots\" content=\"index, follow, max-snippet:-1, max-image-preview:large, max-video-preview:-1\" \/>\n<link rel=\"canonical\" href=\"https:\/\/www.karinibutiik.ee\/lt\/produktas\/midikleit-korsetipaeltega\/\" \/>\n<meta property=\"og:locale\" content=\"lt_LT\" \/>\n<meta property=\"og:type\" content=\"article\" \/>\n<meta property=\"og:title\" content=\"Midikleit korsetipaeltega - Karini Butiik\" \/>\n<meta property=\"og:description\" content=\"Elegantne midikleit seljalt korsetipaeltega Karini Butiigis. Kaasas pikk v\u00f6\u00f6, mida saab siduda v\u00f6\u00f6ks v\u00f5i kanda kaela \u00fcmber. Suurused XXS\u2013L.\" \/>\n<meta property=\"og:url\" content=\"https:\/\/www.karinibutiik.ee\/lt\/produktas\/midikleit-korsetipaeltega\/\" \/>\n<meta property=\"og:site_name\" content=\"Karini Butiik\" \/>\n<meta property=\"article:publisher\" content=\"https:\/\/www.facebook.com\/karinibutiik.ee\" \/>\n<meta property=\"article:modified_time\" content=\"2026-04-23T10:17:07+00:00\" \/>\n<meta property=\"og:image\" content=\"https:\/\/www.karinibutiik.ee\/wp-content\/uploads\/2026\/04\/260420_Karini_Butiik_Erlend_Staub_52-scaled-e1776937882179.jpg\" \/>\n\t<meta property=\"og:image:width\" content=\"1910\" \/>\n\t<meta property=\"og:image:height\" content=\"2415\" \/>\n\t<meta property=\"og:image:type\" content=\"image\/jpeg\" \/>\n<meta name=\"twitter:card\" content=\"summary_large_image\" \/>\n<meta name=\"twitter:label1\" content=\"Availability\" \/>\n\t<meta name=\"twitter:data1\" content=\"In stock\" \/>\n<script type=\"application\/ld+json\" class=\"yoast-schema-graph\">{\"@context\":\"https:\/\/schema.org\",\"@graph\":[{\"@type\":\"WebPage\",\"@id\":\"https:\/\/www.karinibutiik.ee\/toode\/midikleit-korsetipaeltega\/\",\"url\":\"https:\/\/www.karinibutiik.ee\/toode\/midikleit-korsetipaeltega\/\",\"name\":\"Midikleit korsetipaeltega - Karini Butiik\",\"isPartOf\":{\"@id\":\"https:\/\/www.karinibutiik.ee\/#website\"},\"primaryImageOfPage\":{\"@id\":\"https:\/\/www.karinibutiik.ee\/toode\/midikleit-korsetipaeltega\/#primaryimage\"},\"image\":{\"@id\":\"https:\/\/www.karinibutiik.ee\/toode\/midikleit-korsetipaeltega\/#primaryimage\"},\"thumbnailUrl\":\"https:\/\/www.karinibutiik.ee\/wp-content\/uploads\/2026\/04\/260420_Karini_Butiik_Erlend_Staub_52-scaled-e1776937882179.jpg\",\"datePublished\":\"2026-04-23T10:17:06+00:00\",\"dateModified\":\"2026-04-23T10:17:07+00:00\",\"description\":\"Elegantne midikleit seljalt korsetipaeltega Karini Butiigis. Kaasas pikk v\u00f6\u00f6, mida saab siduda v\u00f6\u00f6ks v\u00f5i kanda kaela \u00fcmber. Suurused XXS\u2013L.\",\"breadcrumb\":{\"@id\":\"https:\/\/www.karinibutiik.ee\/toode\/midikleit-korsetipaeltega\/#breadcrumb\"},\"inLanguage\":\"lt-LT\",\"potentialAction\":[{\"@type\":\"ReadAction\",\"target\":[\"https:\/\/www.karinibutiik.ee\/toode\/midikleit-korsetipaeltega\/\"]}]},{\"@type\":\"ImageObject\",\"inLanguage\":\"lt-LT\",\"@id\":\"https:\/\/www.karinibutiik.ee\/toode\/midikleit-korsetipaeltega\/#primaryimage\",\"url\":\"https:\/\/www.karinibutiik.ee\/wp-content\/uploads\/2026\/04\/260420_Karini_Butiik_Erlend_Staub_52-scaled-e1776937882179.jpg\",\"contentUrl\":\"https:\/\/www.karinibutiik.ee\/wp-content\/uploads\/2026\/04\/260420_Karini_Butiik_Erlend_Staub_52-scaled-e1776937882179.jpg\",\"width\":1910,\"height\":2415,\"caption\":\"Naiselik lendlev midikleit pidulikuks s\u00fcndmuseks\"},{\"@type\":\"BreadcrumbList\",\"@id\":\"https:\/\/www.karinibutiik.ee\/toode\/midikleit-korsetipaeltega\/#breadcrumb\",\"itemListElement\":[{\"@type\":\"ListItem\",\"position\":1,\"name\":\"Home\",\"item\":\"https:\/\/www.karinibutiik.ee\/\"},{\"@type\":\"ListItem\",\"position\":2,\"name\":\"Pood\",\"item\":\"https:\/\/www.karinibutiik.ee\/pood\/\"},{\"@type\":\"ListItem\",\"position\":3,\"name\":\"Midikleit korsetipaeltega\"}]},{\"@type\":\"WebSite\",\"@id\":\"https:\/\/www.karinibutiik.ee\/#website\",\"url\":\"https:\/\/www.karinibutiik.ee\/\",\"name\":\"Karini Butiik\",\"description\":\"\",\"publisher\":{\"@id\":\"https:\/\/www.karinibutiik.ee\/#organization\"},\"potentialAction\":[{\"@type\":\"SearchAction\",\"target\":{\"@type\":\"EntryPoint\",\"urlTemplate\":\"https:\/\/www.karinibutiik.ee\/?s={search_term_string}\"},\"query-input\":{\"@type\":\"PropertyValueSpecification\",\"valueRequired\":true,\"valueName\":\"search_term_string\"}}],\"inLanguage\":\"lt-LT\"},{\"@type\":\"Organization\",\"@id\":\"https:\/\/www.karinibutiik.ee\/#organization\",\"name\":\"Karini Butiik\",\"url\":\"https:\/\/www.karinibutiik.ee\/\",\"logo\":{\"@type\":\"ImageObject\",\"inLanguage\":\"lt-LT\",\"@id\":\"https:\/\/www.karinibutiik.ee\/#\/schema\/logo\/image\/\",\"url\":\"https:\/\/www.karinibutiik.ee\/wp-content\/uploads\/2024\/10\/Kuj.-K-koopia.png\",\"contentUrl\":\"https:\/\/www.karinibutiik.ee\/wp-content\/uploads\/2024\/10\/Kuj.-K-koopia.png\",\"width\":500,\"height\":500,\"caption\":\"Karini Butiik\"},\"image\":{\"@id\":\"https:\/\/www.karinibutiik.ee\/#\/schema\/logo\/image\/\"},\"sameAs\":[\"https:\/\/www.facebook.com\/karinibutiik.ee\",\"https:\/\/www.instagram.com\/karinibutiik\"]}]}<\/script>\n<meta property=\"og:availability\" content=\"instock\" \/>\n<meta property=\"product:availability\" content=\"instock\" \/>\n<meta property=\"product:retailer_item_id\" content=\"5415\" \/>\n<meta property=\"product:condition\" content=\"new\" \/>\n<!-- \/ Yoast SEO plugin. -->","yoast_head_json":{"title":"Midikleit korsetipaeltega - Karini Butiik","description":"Elegantne midikleit seljalt korsetipaeltega Karini Butiigis. Kaasas pikk v\u00f6\u00f6, mida saab siduda v\u00f6\u00f6ks v\u00f5i kanda kaela \u00fcmber. Suurused XXS\u2013L.","robots":{"index":"index","follow":"follow","max-snippet":"max-snippet:-1","max-image-preview":"max-image-preview:large","max-video-preview":"max-video-preview:-1"},"canonical":"https:\/\/www.karinibutiik.ee\/lt\/produktas\/midikleit-korsetipaeltega\/","og_locale":"lt_LT","og_type":"article","og_title":"Midikleit korsetipaeltega - Karini Butiik","og_description":"Elegantne midikleit seljalt korsetipaeltega Karini Butiigis. Kaasas pikk v\u00f6\u00f6, mida saab siduda v\u00f6\u00f6ks v\u00f5i kanda kaela \u00fcmber. Suurused XXS\u2013L.","og_url":"https:\/\/www.karinibutiik.ee\/lt\/produktas\/midikleit-korsetipaeltega\/","og_site_name":"Karini Butiik","article_publisher":"https:\/\/www.facebook.com\/karinibutiik.ee","article_modified_time":"2026-04-23T10:17:07+00:00","og_image":[{"width":1910,"height":2415,"url":"https:\/\/www.karinibutiik.ee\/wp-content\/uploads\/2026\/04\/260420_Karini_Butiik_Erlend_Staub_52-scaled-e1776937882179.jpg","type":"image\/jpeg"}],"twitter_card":"summary_large_image","twitter_misc":{"Availability":"In stock"},"schema":{"@context":"https:\/\/schema.org","@graph":[{"@type":"WebPage","@id":"https:\/\/www.karinibutiik.ee\/toode\/midikleit-korsetipaeltega\/","url":"https:\/\/www.karinibutiik.ee\/toode\/midikleit-korsetipaeltega\/","name":"Midikleit korsetipaeltega - Karini Butiik","isPartOf":{"@id":"https:\/\/www.karinibutiik.ee\/#website"},"primaryImageOfPage":{"@id":"https:\/\/www.karinibutiik.ee\/toode\/midikleit-korsetipaeltega\/#primaryimage"},"image":{"@id":"https:\/\/www.karinibutiik.ee\/toode\/midikleit-korsetipaeltega\/#primaryimage"},"thumbnailUrl":"https:\/\/www.karinibutiik.ee\/wp-content\/uploads\/2026\/04\/260420_Karini_Butiik_Erlend_Staub_52-scaled-e1776937882179.jpg","datePublished":"2026-04-23T10:17:06+00:00","dateModified":"2026-04-23T10:17:07+00:00","description":"Elegantne midikleit seljalt korsetipaeltega Karini Butiigis. Kaasas pikk v\u00f6\u00f6, mida saab siduda v\u00f6\u00f6ks v\u00f5i kanda kaela \u00fcmber. Suurused XXS\u2013L.","breadcrumb":{"@id":"https:\/\/www.karinibutiik.ee\/toode\/midikleit-korsetipaeltega\/#breadcrumb"},"inLanguage":"lt-LT","potentialAction":[{"@type":"ReadAction","target":["https:\/\/www.karinibutiik.ee\/toode\/midikleit-korsetipaeltega\/"]}]},{"@type":"ImageObject","inLanguage":"lt-LT","@id":"https:\/\/www.karinibutiik.ee\/toode\/midikleit-korsetipaeltega\/#primaryimage","url":"https:\/\/www.karinibutiik.ee\/wp-content\/uploads\/2026\/04\/260420_Karini_Butiik_Erlend_Staub_52-scaled-e1776937882179.jpg","contentUrl":"https:\/\/www.karinibutiik.ee\/wp-content\/uploads\/2026\/04\/260420_Karini_Butiik_Erlend_Staub_52-scaled-e1776937882179.jpg","width":1910,"height":2415,"caption":"Naiselik lendlev midikleit pidulikuks s\u00fcndmuseks"},{"@type":"BreadcrumbList","@id":"https:\/\/www.karinibutiik.ee\/toode\/midikleit-korsetipaeltega\/#breadcrumb","itemListElement":[{"@type":"ListItem","position":1,"name":"Home","item":"https:\/\/www.karinibutiik.ee\/"},{"@type":"ListItem","position":2,"name":"Pood","item":"https:\/\/www.karinibutiik.ee\/pood\/"},{"@type":"ListItem","position":3,"name":"Midikleit korsetipaeltega"}]},{"@type":"WebSite","@id":"https:\/\/www.karinibutiik.ee\/#website","url":"https:\/\/www.karinibutiik.ee\/","name":"Karini Butiik","description":"","publisher":{"@id":"https:\/\/www.karinibutiik.ee\/#organization"},"potentialAction":[{"@type":"SearchAction","target":{"@type":"EntryPoint","urlTemplate":"https:\/\/www.karinibutiik.ee\/?s={search_term_string}"},"query-input":{"@type":"PropertyValueSpecification","valueRequired":true,"valueName":"search_term_string"}}],"inLanguage":"lt-LT"},{"@type":"Organization","@id":"https:\/\/www.karinibutiik.ee\/#organization","name":"Karini Butiik","url":"https:\/\/www.karinibutiik.ee\/","logo":{"@type":"ImageObject","inLanguage":"lt-LT","@id":"https:\/\/www.karinibutiik.ee\/#\/schema\/logo\/image\/","url":"https:\/\/www.karinibutiik.ee\/wp-content\/uploads\/2024\/10\/Kuj.-K-koopia.png","contentUrl":"https:\/\/www.karinibutiik.ee\/wp-content\/uploads\/2024\/10\/Kuj.-K-koopia.png","width":500,"height":500,"caption":"Karini Butiik"},"image":{"@id":"https:\/\/www.karinibutiik.ee\/#\/schema\/logo\/image\/"},"sameAs":["https:\/\/www.facebook.com\/karinibutiik.ee","https:\/\/www.instagram.com\/karinibutiik"]}]},"og_availability":"instock","product_availability":"instock","product_retailer_item_id":"5415","product_condition":"new"},"_links":{"self":[{"href":"https:\/\/www.karinibutiik.ee\/lt\/wp-json\/wp\/v2\/product\/27409","targetHints":{"allow":["GET"]}}],"collection":[{"href":"https:\/\/www.karinibutiik.ee\/lt\/wp-json\/wp\/v2\/product"}],"about":[{"href":"https:\/\/www.karinibutiik.ee\/lt\/wp-json\/wp\/v2\/types\/product"}],"version-history":[{"count":1,"href":"https:\/\/www.karinibutiik.ee\/lt\/wp-json\/wp\/v2\/product\/27409\/revisions"}],"predecessor-version":[{"id":27435,"href":"https:\/\/www.karinibutiik.ee\/lt\/wp-json\/wp\/v2\/product\/27409\/revisions\/27435"}],"wp:featuredmedia":[{"embeddable":true,"href":"https:\/\/www.karinibutiik.ee\/lt\/wp-json\/wp\/v2\/media\/27395"}],"wp:attachment":[{"href":"https:\/\/www.karinibutiik.ee\/lt\/wp-json\/wp\/v2\/media?parent=27409"}],"wp:term":[{"taxonomy":"product_brand","embeddable":true,"href":"https:\/\/www.karinibutiik.ee\/lt\/wp-json\/wp\/v2\/product_brand?post=27409"},{"taxonomy":"product_cat","embeddable":true,"href":"https:\/\/www.karinibutiik.ee\/lt\/wp-json\/wp\/v2\/product_cat?post=27409"},{"taxonomy":"product_tag","embeddable":true,"href":"https:\/\/www.karinibutiik.ee\/lt\/wp-json\/wp\/v2\/product_tag?post=27409"}],"curies":[{"name":"wp","href":"https:\/\/api.w.org\/{rel}","templated":true}]}}