{"id":9198,"date":"2026-01-17T07:40:31","date_gmt":"2026-01-17T05:40:31","guid":{"rendered":"https:\/\/www.karinibutiik.ee\/toode\/satiinkangast-maksikleit-seotavate-paeltega\/"},"modified":"2026-04-11T13:35:47","modified_gmt":"2026-04-11T10:35:47","slug":"satiinkangast-maksikleit-seotavate-paeltega","status":"publish","type":"product","link":"https:\/\/www.karinibutiik.ee\/lt\/produktas\/satiinkangast-maksikleit-seotavate-paeltega\/","title":{"rendered":"Satino livr\u0117jos suknel\u0117 su kaklarai\u0161\u010diais"},"content":{"rendered":"<p data-start=\"0\" data-end=\"83\"><strong data-start=\"0\" data-end=\"79\">Luksuslik satiinkangast l\u00f5pukleit \u2013 Elegants ja s\u00e4ra sinu eriliseks p\u00e4evaks<\/strong> \u2728<\/p>\n<p>S\u00e4ra oma t\u00e4htsal p\u00e4eval selles luksuslikus <strong data-start=\"128\" data-end=\"157\">satiinkangast l\u00f5pukleidis<\/strong>! Pehme ja voogav kangas langeb kaunilt, luues elegantse ja naiseliku silueti. <strong data-start=\"236\" data-end=\"251\">Langev krae<\/strong> lisab rafineeritud ilmet, samas kui <strong data-start=\"288\" data-end=\"313\">seljalt seotav disain<\/strong> toob v\u00e4lja sinu figuuri ja annab kleidile unikaalse detaili.<\/p>\n<p>\ud83c\udf1f <strong data-start=\"381\" data-end=\"394\">Funkcijos:<\/strong><br data-start=\"394\" data-end=\"397\" \/>\u2714 <strong data-start=\"399\" data-end=\"427\">Kvaliteetne satiinkangas<\/strong> \u2013 pehme, kerge ja luksuslik l\u00e4ige<br data-start=\"461\" data-end=\"464\" \/>\u2714 <strong data-start=\"466\" data-end=\"481\">Langev krae<\/strong> \u2013 naiselik ja elegantne detail<br data-start=\"512\" data-end=\"515\" \/>\u2714 <strong data-start=\"517\" data-end=\"542\">Seljalt seotav disain<\/strong> \u2013 reguleeritav istuvus ja v\u00f5luv v\u00e4limus<br data-start=\"582\" data-end=\"585\" \/>\u2714 <strong data-start=\"587\" data-end=\"618\">T\u00e4iuslik valik l\u00f5pupidudeks<\/strong> \u2013 stiilne ja ajatu valik<\/p>\n<p>Ole valmis s\u00e4rama oma erilisel p\u00e4eval! \ud83d\udc83\u2728 Leia oma unistuste l\u00f5pukleit ja tunne end enesekindlalt ning kaunina!<\/p>","protected":false},"excerpt":{"rendered":"<p>Luksuslik satiinkangast l\u00f5pukleit \u2013 Elegants ja s\u00e4ra sinu eriliseks p\u00e4evaks \u2728 S\u00e4ra oma t\u00e4htsal p\u00e4eval selles luksuslikus satiinkangast l\u00f5pukleidis! Pehme [&hellip;]<\/p>\n","protected":false},"featured_media":26064,"template":"","meta":{"site-sidebar-layout":"default","site-content-layout":"","ast-site-content-layout":"default","site-content-style":"default","site-sidebar-style":"default","ast-global-header-display":"","ast-banner-title-visibility":"","ast-main-header-display":"","ast-hfb-above-header-display":"","ast-hfb-below-header-display":"","ast-hfb-mobile-header-display":"","site-post-title":"","ast-breadcrumbs-content":"","ast-featured-img":"","footer-sml-layout":"","ast-disable-related-posts":"","theme-transparent-header-meta":"default","adv-header-id-meta":"","stick-header-meta":"default","header-above-stick-meta":"","header-main-stick-meta":"","header-below-stick-meta":"","astra-migrate-meta-layouts":"set","ast-page-background-enabled":"default","ast-page-background-meta":{"desktop":{"background-color":"var(--ast-global-color-4)","background-image":"","background-repeat":"repeat","background-position":"center center","background-size":"auto","background-attachment":"scroll","background-type":"","background-media":"","overlay-type":"","overlay-color":"","overlay-opacity":"","overlay-gradient":""},"tablet":{"background-color":"","background-image":"","background-repeat":"repeat","background-position":"center center","background-size":"auto","background-attachment":"scroll","background-type":"","background-media":"","overlay-type":"","overlay-color":"","overlay-opacity":"","overlay-gradient":""},"mobile":{"background-color":"","background-image":"","background-repeat":"repeat","background-position":"center center","background-size":"auto","background-attachment":"scroll","background-type":"","background-media":"","overlay-type":"","overlay-color":"","overlay-opacity":"","overlay-gradient":""}},"ast-content-background-meta":{"desktop":{"background-color":"var(--ast-global-color-5)","background-image":"","background-repeat":"repeat","background-position":"center center","background-size":"auto","background-attachment":"scroll","background-type":"","background-media":"","overlay-type":"","overlay-color":"","overlay-opacity":"","overlay-gradient":""},"tablet":{"background-color":"var(--ast-global-color-5)","background-image":"","background-repeat":"repeat","background-position":"center center","background-size":"auto","background-attachment":"scroll","background-type":"","background-media":"","overlay-type":"","overlay-color":"","overlay-opacity":"","overlay-gradient":""},"mobile":{"background-color":"var(--ast-global-color-5)","background-image":"","background-repeat":"repeat","background-position":"center center","background-size":"auto","background-attachment":"scroll","background-type":"","background-media":"","overlay-type":"","overlay-color":"","overlay-opacity":"","overlay-gradient":""}}},"product_brand":[],"product_cat":[452,347,348,357,346,350],"product_tag":[475,476,477,485,86,91,90,88,109,87,89,92,93,253],"class_list":{"0":"post-9198","1":"product","2":"type-product","3":"status-publish","4":"has-post-thumbnail","6":"product_cat-bestseller","7":"product_cat-kleidid","8":"product_cat-lopukleidid","9":"product_cat-maksikleidid","10":"product_cat-naised","11":"product_cat-pulmakleidid-pruutneitside-kleidid","12":"product_tag-dresshouse","13":"product_tag-getdressed","14":"product_tag-kleidibutiik","15":"product_tag-kleidipood","16":"product_tag-kleit","17":"product_tag-koolilopukleit","18":"product_tag-lopukleit","19":"product_tag-lora","20":"product_tag-maksikleit","21":"product_tag-midikleit","22":"product_tag-olavolangidega-kleit","23":"product_tag-pidulikud-kleidid","24":"product_tag-pulmakleidid","25":"product_tag-satiinkangast-kleit","26":"desktop-align-center","27":"tablet-align-center","28":"mobile-align-center","29":"ast-product-gallery-layout-horizontal-slider","30":"ast-product-single-variable","31":"ast-product-tabs-layout-horizontal","33":"first","34":"instock","35":"taxable","36":"shipping-taxable","37":"purchasable","38":"product-type-variable"},"supplier_id":null,"supplier_sku":"","barcode":null,"atum_controlled":true,"out_stock_date":null,"out_stock_threshold":null,"inheritable":true,"inbound_stock":0,"stock_on_hold":0,"sold_today":0,"sales_last_days":0,"reserved_stock":0,"customer_returns":0,"warehouse_damage":0,"lost_in_post":0,"other_logs":0,"out_stock_days":0,"lost_sales":0,"has_location":false,"update_date":"2026-02-16T14:02:56","atum_locations":[],"atum_stock_status":"instock","restock_status":false,"low_stock_amount":"","sales_update_date":"2025-12-05T13:59:38","calc_backorders":null,"yoast_head":"<!-- This site is optimized with the Yoast SEO plugin v26.9 - https:\/\/yoast.com\/product\/yoast-seo-wordpress\/ -->\n<title>Satiinkangast maksikleit seotavate paeltega - Karini Butiik<\/title>\n<meta name=\"description\" content=\"Luksuslik satiinkangast l\u00f5pukleit langeva krae ja seljalt seotava disainiga. Elegantne ja stiilne valik t\u00e4htsaks s\u00fcndmuseks! \u2728\ud83d\udc57\" \/>\n<meta name=\"robots\" content=\"index, follow, max-snippet:-1, max-image-preview:large, max-video-preview:-1\" \/>\n<link rel=\"canonical\" href=\"https:\/\/www.karinibutiik.ee\/lt\/produktas\/satiinkangast-maksikleit-seotavate-paeltega\/\" \/>\n<meta property=\"og:locale\" content=\"lt_LT\" \/>\n<meta property=\"og:type\" content=\"article\" \/>\n<meta property=\"og:title\" content=\"Satiinkangast maksikleit seotavate paeltega - Karini Butiik\" \/>\n<meta property=\"og:description\" content=\"Luksuslik satiinkangast l\u00f5pukleit langeva krae ja seljalt seotava disainiga. Elegantne ja stiilne valik t\u00e4htsaks s\u00fcndmuseks! \u2728\ud83d\udc57\" \/>\n<meta property=\"og:url\" content=\"https:\/\/www.karinibutiik.ee\/lt\/produktas\/satiinkangast-maksikleit-seotavate-paeltega\/\" \/>\n<meta property=\"og:site_name\" content=\"Karini Butiik\" \/>\n<meta property=\"article:publisher\" content=\"https:\/\/www.facebook.com\/karinibutiik.ee\" \/>\n<meta property=\"article:modified_time\" content=\"2026-04-11T10:35:47+00:00\" \/>\n<meta property=\"og:image\" content=\"https:\/\/www.karinibutiik.ee\/wp-content\/uploads\/2026\/02\/260215_Karini_Butiik_Erlend_Staub87-scaled.jpg\" \/>\n\t<meta property=\"og:image:width\" content=\"2048\" \/>\n\t<meta property=\"og:image:height\" content=\"2560\" \/>\n\t<meta property=\"og:image:type\" content=\"image\/jpeg\" \/>\n<meta name=\"twitter:card\" content=\"summary_large_image\" \/>\n<meta name=\"twitter:label1\" content=\"Availability\" \/>\n\t<meta name=\"twitter:data1\" content=\"In stock\" \/>\n<script type=\"application\/ld+json\" class=\"yoast-schema-graph\">{\"@context\":\"https:\/\/schema.org\",\"@graph\":[{\"@type\":\"WebPage\",\"@id\":\"https:\/\/www.karinibutiik.ee\/toode\/satiinkangast-maksikleit-seotavate-paeltega\/\",\"url\":\"https:\/\/www.karinibutiik.ee\/toode\/satiinkangast-maksikleit-seotavate-paeltega\/\",\"name\":\"Satiinkangast maksikleit seotavate paeltega - Karini Butiik\",\"isPartOf\":{\"@id\":\"https:\/\/www.karinibutiik.ee\/#website\"},\"primaryImageOfPage\":{\"@id\":\"https:\/\/www.karinibutiik.ee\/toode\/satiinkangast-maksikleit-seotavate-paeltega\/#primaryimage\"},\"image\":{\"@id\":\"https:\/\/www.karinibutiik.ee\/toode\/satiinkangast-maksikleit-seotavate-paeltega\/#primaryimage\"},\"thumbnailUrl\":\"https:\/\/www.karinibutiik.ee\/wp-content\/uploads\/2026\/02\/260215_Karini_Butiik_Erlend_Staub87-scaled.jpg\",\"datePublished\":\"2026-01-17T05:40:31+00:00\",\"dateModified\":\"2026-04-11T10:35:47+00:00\",\"description\":\"Luksuslik satiinkangast l\u00f5pukleit langeva krae ja seljalt seotava disainiga. Elegantne ja stiilne valik t\u00e4htsaks s\u00fcndmuseks! \u2728\ud83d\udc57\",\"breadcrumb\":{\"@id\":\"https:\/\/www.karinibutiik.ee\/toode\/satiinkangast-maksikleit-seotavate-paeltega\/#breadcrumb\"},\"inLanguage\":\"lt-LT\",\"potentialAction\":[{\"@type\":\"ReadAction\",\"target\":[\"https:\/\/www.karinibutiik.ee\/toode\/satiinkangast-maksikleit-seotavate-paeltega\/\"]}]},{\"@type\":\"ImageObject\",\"inLanguage\":\"lt-LT\",\"@id\":\"https:\/\/www.karinibutiik.ee\/toode\/satiinkangast-maksikleit-seotavate-paeltega\/#primaryimage\",\"url\":\"https:\/\/www.karinibutiik.ee\/wp-content\/uploads\/2026\/02\/260215_Karini_Butiik_Erlend_Staub87-scaled.jpg\",\"contentUrl\":\"https:\/\/www.karinibutiik.ee\/wp-content\/uploads\/2026\/02\/260215_Karini_Butiik_Erlend_Staub87-scaled.jpg\",\"width\":2048,\"height\":2560,\"caption\":\"Satiinkangast maksikleit seotavate paeltega\"},{\"@type\":\"BreadcrumbList\",\"@id\":\"https:\/\/www.karinibutiik.ee\/toode\/satiinkangast-maksikleit-seotavate-paeltega\/#breadcrumb\",\"itemListElement\":[{\"@type\":\"ListItem\",\"position\":1,\"name\":\"Home\",\"item\":\"https:\/\/www.karinibutiik.ee\/\"},{\"@type\":\"ListItem\",\"position\":2,\"name\":\"Pood\",\"item\":\"https:\/\/www.karinibutiik.ee\/pood\/\"},{\"@type\":\"ListItem\",\"position\":3,\"name\":\"Satiinkangast maksikleit seotavate paeltega\"}]},{\"@type\":\"WebSite\",\"@id\":\"https:\/\/www.karinibutiik.ee\/#website\",\"url\":\"https:\/\/www.karinibutiik.ee\/\",\"name\":\"Karini Butiik\",\"description\":\"\",\"publisher\":{\"@id\":\"https:\/\/www.karinibutiik.ee\/#organization\"},\"potentialAction\":[{\"@type\":\"SearchAction\",\"target\":{\"@type\":\"EntryPoint\",\"urlTemplate\":\"https:\/\/www.karinibutiik.ee\/?s={search_term_string}\"},\"query-input\":{\"@type\":\"PropertyValueSpecification\",\"valueRequired\":true,\"valueName\":\"search_term_string\"}}],\"inLanguage\":\"lt-LT\"},{\"@type\":\"Organization\",\"@id\":\"https:\/\/www.karinibutiik.ee\/#organization\",\"name\":\"Karini Butiik\",\"url\":\"https:\/\/www.karinibutiik.ee\/\",\"logo\":{\"@type\":\"ImageObject\",\"inLanguage\":\"lt-LT\",\"@id\":\"https:\/\/www.karinibutiik.ee\/#\/schema\/logo\/image\/\",\"url\":\"https:\/\/www.karinibutiik.ee\/wp-content\/uploads\/2024\/10\/Kuj.-K-koopia.png\",\"contentUrl\":\"https:\/\/www.karinibutiik.ee\/wp-content\/uploads\/2024\/10\/Kuj.-K-koopia.png\",\"width\":500,\"height\":500,\"caption\":\"Karini Butiik\"},\"image\":{\"@id\":\"https:\/\/www.karinibutiik.ee\/#\/schema\/logo\/image\/\"},\"sameAs\":[\"https:\/\/www.facebook.com\/karinibutiik.ee\",\"https:\/\/www.instagram.com\/karinibutiik\"]}]}<\/script>\n<meta property=\"og:availability\" content=\"instock\" \/>\n<meta property=\"product:availability\" content=\"instock\" \/>\n<meta property=\"product:retailer_item_id\" content=\"07878-1\" \/>\n<meta property=\"product:condition\" content=\"new\" \/>\n<!-- \/ Yoast SEO plugin. -->","yoast_head_json":{"title":"Satiinkangast maksikleit seotavate paeltega - Karini Butiik","description":"Luksuslik satiinkangast l\u00f5pukleit langeva krae ja seljalt seotava disainiga. Elegantne ja stiilne valik t\u00e4htsaks s\u00fcndmuseks! \u2728\ud83d\udc57","robots":{"index":"index","follow":"follow","max-snippet":"max-snippet:-1","max-image-preview":"max-image-preview:large","max-video-preview":"max-video-preview:-1"},"canonical":"https:\/\/www.karinibutiik.ee\/lt\/produktas\/satiinkangast-maksikleit-seotavate-paeltega\/","og_locale":"lt_LT","og_type":"article","og_title":"Satiinkangast maksikleit seotavate paeltega - Karini Butiik","og_description":"Luksuslik satiinkangast l\u00f5pukleit langeva krae ja seljalt seotava disainiga. Elegantne ja stiilne valik t\u00e4htsaks s\u00fcndmuseks! \u2728\ud83d\udc57","og_url":"https:\/\/www.karinibutiik.ee\/lt\/produktas\/satiinkangast-maksikleit-seotavate-paeltega\/","og_site_name":"Karini Butiik","article_publisher":"https:\/\/www.facebook.com\/karinibutiik.ee","article_modified_time":"2026-04-11T10:35:47+00:00","og_image":[{"width":2048,"height":2560,"url":"https:\/\/www.karinibutiik.ee\/wp-content\/uploads\/2026\/02\/260215_Karini_Butiik_Erlend_Staub87-scaled.jpg","type":"image\/jpeg"}],"twitter_card":"summary_large_image","twitter_misc":{"Availability":"In stock"},"schema":{"@context":"https:\/\/schema.org","@graph":[{"@type":"WebPage","@id":"https:\/\/www.karinibutiik.ee\/toode\/satiinkangast-maksikleit-seotavate-paeltega\/","url":"https:\/\/www.karinibutiik.ee\/toode\/satiinkangast-maksikleit-seotavate-paeltega\/","name":"Satiinkangast maksikleit seotavate paeltega - Karini Butiik","isPartOf":{"@id":"https:\/\/www.karinibutiik.ee\/#website"},"primaryImageOfPage":{"@id":"https:\/\/www.karinibutiik.ee\/toode\/satiinkangast-maksikleit-seotavate-paeltega\/#primaryimage"},"image":{"@id":"https:\/\/www.karinibutiik.ee\/toode\/satiinkangast-maksikleit-seotavate-paeltega\/#primaryimage"},"thumbnailUrl":"https:\/\/www.karinibutiik.ee\/wp-content\/uploads\/2026\/02\/260215_Karini_Butiik_Erlend_Staub87-scaled.jpg","datePublished":"2026-01-17T05:40:31+00:00","dateModified":"2026-04-11T10:35:47+00:00","description":"Luksuslik satiinkangast l\u00f5pukleit langeva krae ja seljalt seotava disainiga. Elegantne ja stiilne valik t\u00e4htsaks s\u00fcndmuseks! \u2728\ud83d\udc57","breadcrumb":{"@id":"https:\/\/www.karinibutiik.ee\/toode\/satiinkangast-maksikleit-seotavate-paeltega\/#breadcrumb"},"inLanguage":"lt-LT","potentialAction":[{"@type":"ReadAction","target":["https:\/\/www.karinibutiik.ee\/toode\/satiinkangast-maksikleit-seotavate-paeltega\/"]}]},{"@type":"ImageObject","inLanguage":"lt-LT","@id":"https:\/\/www.karinibutiik.ee\/toode\/satiinkangast-maksikleit-seotavate-paeltega\/#primaryimage","url":"https:\/\/www.karinibutiik.ee\/wp-content\/uploads\/2026\/02\/260215_Karini_Butiik_Erlend_Staub87-scaled.jpg","contentUrl":"https:\/\/www.karinibutiik.ee\/wp-content\/uploads\/2026\/02\/260215_Karini_Butiik_Erlend_Staub87-scaled.jpg","width":2048,"height":2560,"caption":"Satiinkangast maksikleit seotavate paeltega"},{"@type":"BreadcrumbList","@id":"https:\/\/www.karinibutiik.ee\/toode\/satiinkangast-maksikleit-seotavate-paeltega\/#breadcrumb","itemListElement":[{"@type":"ListItem","position":1,"name":"Home","item":"https:\/\/www.karinibutiik.ee\/"},{"@type":"ListItem","position":2,"name":"Pood","item":"https:\/\/www.karinibutiik.ee\/pood\/"},{"@type":"ListItem","position":3,"name":"Satiinkangast maksikleit seotavate paeltega"}]},{"@type":"WebSite","@id":"https:\/\/www.karinibutiik.ee\/#website","url":"https:\/\/www.karinibutiik.ee\/","name":"Karini Butiik","description":"","publisher":{"@id":"https:\/\/www.karinibutiik.ee\/#organization"},"potentialAction":[{"@type":"SearchAction","target":{"@type":"EntryPoint","urlTemplate":"https:\/\/www.karinibutiik.ee\/?s={search_term_string}"},"query-input":{"@type":"PropertyValueSpecification","valueRequired":true,"valueName":"search_term_string"}}],"inLanguage":"lt-LT"},{"@type":"Organization","@id":"https:\/\/www.karinibutiik.ee\/#organization","name":"Karini Butiik","url":"https:\/\/www.karinibutiik.ee\/","logo":{"@type":"ImageObject","inLanguage":"lt-LT","@id":"https:\/\/www.karinibutiik.ee\/#\/schema\/logo\/image\/","url":"https:\/\/www.karinibutiik.ee\/wp-content\/uploads\/2024\/10\/Kuj.-K-koopia.png","contentUrl":"https:\/\/www.karinibutiik.ee\/wp-content\/uploads\/2024\/10\/Kuj.-K-koopia.png","width":500,"height":500,"caption":"Karini Butiik"},"image":{"@id":"https:\/\/www.karinibutiik.ee\/#\/schema\/logo\/image\/"},"sameAs":["https:\/\/www.facebook.com\/karinibutiik.ee","https:\/\/www.instagram.com\/karinibutiik"]}]},"og_availability":"instock","product_availability":"instock","product_retailer_item_id":"07878-1","product_condition":"new"},"_links":{"self":[{"href":"https:\/\/www.karinibutiik.ee\/lt\/wp-json\/wp\/v2\/product\/9198","targetHints":{"allow":["GET"]}}],"collection":[{"href":"https:\/\/www.karinibutiik.ee\/lt\/wp-json\/wp\/v2\/product"}],"about":[{"href":"https:\/\/www.karinibutiik.ee\/lt\/wp-json\/wp\/v2\/types\/product"}],"version-history":[{"count":6,"href":"https:\/\/www.karinibutiik.ee\/lt\/wp-json\/wp\/v2\/product\/9198\/revisions"}],"predecessor-version":[{"id":21634,"href":"https:\/\/www.karinibutiik.ee\/lt\/wp-json\/wp\/v2\/product\/9198\/revisions\/21634"}],"wp:featuredmedia":[{"embeddable":true,"href":"https:\/\/www.karinibutiik.ee\/lt\/wp-json\/wp\/v2\/media\/26064"}],"wp:attachment":[{"href":"https:\/\/www.karinibutiik.ee\/lt\/wp-json\/wp\/v2\/media?parent=9198"}],"wp:term":[{"taxonomy":"product_brand","embeddable":true,"href":"https:\/\/www.karinibutiik.ee\/lt\/wp-json\/wp\/v2\/product_brand?post=9198"},{"taxonomy":"product_cat","embeddable":true,"href":"https:\/\/www.karinibutiik.ee\/lt\/wp-json\/wp\/v2\/product_cat?post=9198"},{"taxonomy":"product_tag","embeddable":true,"href":"https:\/\/www.karinibutiik.ee\/lt\/wp-json\/wp\/v2\/product_tag?post=9198"}],"curies":[{"name":"wp","href":"https:\/\/api.w.org\/{rel}","templated":true}]}}