{"id":9282,"date":"2024-05-03T07:40:40","date_gmt":"2024-05-03T07:40:40","guid":{"rendered":"https:\/\/www.karinibutiik.ee\/toode\/luksuslik-rohke-seelikuosaga-maksikleit-5\/"},"modified":"2026-03-11T16:23:25","modified_gmt":"2026-03-11T14:23:25","slug":"luksuslik-rohke-seelikuosaga-maksikleit-5","status":"publish","type":"product","link":"https:\/\/www.karinibutiik.ee\/lt\/produktas\/luksuslik-rohke-seelikuosaga-maksikleit-5\/","title":{"rendered":"Prabangi pilno sijono kepen\u0173 suknel\u0117"},"content":{"rendered":"<p>\u017denkite \u012f \u0161vent\u0117s pasaul\u012f su m\u016bs\u0173 prabangia pilno sijono kepen\u0173 suknele! \u0160i suknel\u0117 sukurta taip, kad kiekviena proga tapt\u0173 nepamir\u0161tama, o j\u016bs taptum\u0117te tikra \u017evaig\u017ede.<br \/>\n<strong>Funkcijos:<\/strong><\/p>\n<ol>\n<li>\n<em>Eleganti\u0161kas dizainas<\/em>: Subtilios formos suknel\u0117s vir\u0161us ir platus sijonas suteikia jai prabangos ir \u017eavesio. Kiekviena detal\u0117 apgalvotai sukurta taip, kad i\u0161ry\u0161kint\u0173 j\u016bs\u0173 moteri\u0161kum\u0105 ir elegancij\u0105.\n<\/li>\n<li>\n<em>Auk\u0161tos kokyb\u0117s med\u017eiaga<\/em>: Pagaminta i\u0161 auk\u0161tos kokyb\u0117s audinio, u\u017etikrinan\u010dio patogum\u0105 ir ilgaam\u017ei\u0161kum\u0105. \u0160i suknel\u0117 \u0161velniai priglunda prie odos ir i\u0161laiko prabangi\u0105 i\u0161vaizd\u0105 net po ilgo d\u0117v\u0117jimo.\n<\/li>\n<li>\n<em>\u012evairov\u0117<\/em>: Puikiai tinka \u012fvairiems renginiams, \u012fskaitant vestuves, vakarienes, balius ir i\u0161kilmingus vakarus. Nesvarbu, ar tai b\u016bt\u0173 oficialus, ar laisvalaikio renginys, \u0161i kepenin\u0117 suknel\u0117 bet kuriuo atveju patrauks d\u0117mes\u012f.\n<\/li>\n<li>\n<em>Ypa\u010d i\u0161skirtinis<\/em>: Ak\u012f traukiantis suknel\u0117s dizainas ir dr\u0105sus sijonas suteikia grak\u0161tumo ir elegancijos, kad i\u0161siskirsite bet kokioje situacijoje.\n<\/li>\n<\/ol>\n<p><strong>Kaip pateikti parai\u0161k\u0105:<\/strong><br \/>\n\u0160i\u0105 prabangi\u0105 maksi suknel\u0119 d\u0117v\u0117kite su auk\u0161takulniais bateliais ir ak\u012f traukian\u010diais papuo\u0161alais, kad papildytum\u0117te ir taip \u017eavi\u0105 jos i\u0161vaizd\u0105. Nesvarbu, ar tai b\u016bt\u0173 romanti\u0161ka vakarien\u0117, vestuvi\u0173 vakar\u0117lis, ar oficialus pri\u0117mimas, su \u0161ia suknele j\u016bs\u0173 stilius atrodys nepriekai\u0161tingai.<\/p>","protected":false},"excerpt":{"rendered":"<p>Astuge sisse pidulikkuse maailma meie luksusliku rohke seelikuosaga maksikleidiga! See kleit on disainitud selleks, et teha teie igast s\u00fcndmusest unustamatu [&hellip;]<\/p>\n","protected":false},"featured_media":6562,"template":"","meta":{"site-sidebar-layout":"default","site-content-layout":"","ast-site-content-layout":"default","site-content-style":"default","site-sidebar-style":"default","ast-global-header-display":"","ast-banner-title-visibility":"","ast-main-header-display":"","ast-hfb-above-header-display":"","ast-hfb-below-header-display":"","ast-hfb-mobile-header-display":"","site-post-title":"","ast-breadcrumbs-content":"","ast-featured-img":"","footer-sml-layout":"","ast-disable-related-posts":"","theme-transparent-header-meta":"","adv-header-id-meta":"","stick-header-meta":"","header-above-stick-meta":"","header-main-stick-meta":"","header-below-stick-meta":"","astra-migrate-meta-layouts":"default","ast-page-background-enabled":"default","ast-page-background-meta":{"desktop":{"background-color":"var(--ast-global-color-4)","background-image":"","background-repeat":"repeat","background-position":"center center","background-size":"auto","background-attachment":"scroll","background-type":"","background-media":"","overlay-type":"","overlay-color":"","overlay-opacity":"","overlay-gradient":""},"tablet":{"background-color":"","background-image":"","background-repeat":"repeat","background-position":"center center","background-size":"auto","background-attachment":"scroll","background-type":"","background-media":"","overlay-type":"","overlay-color":"","overlay-opacity":"","overlay-gradient":""},"mobile":{"background-color":"","background-image":"","background-repeat":"repeat","background-position":"center center","background-size":"auto","background-attachment":"scroll","background-type":"","background-media":"","overlay-type":"","overlay-color":"","overlay-opacity":"","overlay-gradient":""}},"ast-content-background-meta":{"desktop":{"background-color":"var(--ast-global-color-5)","background-image":"","background-repeat":"repeat","background-position":"center center","background-size":"auto","background-attachment":"scroll","background-type":"","background-media":"","overlay-type":"","overlay-color":"","overlay-opacity":"","overlay-gradient":""},"tablet":{"background-color":"var(--ast-global-color-5)","background-image":"","background-repeat":"repeat","background-position":"center center","background-size":"auto","background-attachment":"scroll","background-type":"","background-media":"","overlay-type":"","overlay-color":"","overlay-opacity":"","overlay-gradient":""},"mobile":{"background-color":"var(--ast-global-color-5)","background-image":"","background-repeat":"repeat","background-position":"center center","background-size":"auto","background-attachment":"scroll","background-type":"","background-media":"","overlay-type":"","overlay-color":"","overlay-opacity":"","overlay-gradient":""}}},"product_brand":[],"product_cat":[367,346,347,357,348],"product_tag":[86,91,90,109,254,92],"class_list":{"0":"post-9282","1":"product","2":"type-product","3":"status-publish","4":"has-post-thumbnail","6":"product_cat-allahindlus","7":"product_cat-naised","8":"product_cat-kleidid","9":"product_cat-maksikleidid","10":"product_cat-lopukleidid","11":"product_tag-kleit","12":"product_tag-koolilopukleit","13":"product_tag-lopukleit","14":"product_tag-maksikleit","15":"product_tag-ohtukleidid","16":"product_tag-pidulikud-kleidid","17":"desktop-align-center","18":"tablet-align-center","19":"mobile-align-center","20":"ast-product-gallery-layout-horizontal-slider","21":"ast-product-single-variable","22":"ast-product-tabs-layout-horizontal","24":"first","25":"outofstock","26":"taxable","27":"shipping-taxable","28":"product-type-variable"},"supplier_id":null,"supplier_sku":"","barcode":null,"atum_controlled":true,"out_stock_date":null,"out_stock_threshold":null,"inheritable":true,"inbound_stock":0,"stock_on_hold":0,"sold_today":0,"sales_last_days":0,"reserved_stock":0,"customer_returns":0,"warehouse_damage":0,"lost_in_post":0,"other_logs":0,"out_stock_days":0,"lost_sales":0,"has_location":false,"update_date":"2025-12-05T11:21:31","atum_locations":[],"atum_stock_status":"instock","restock_status":false,"low_stock_amount":"","sales_update_date":"2025-12-05T11:21:31","calc_backorders":null,"yoast_head":"<!-- This site is optimized with the Yoast SEO plugin v26.9 - https:\/\/yoast.com\/product\/yoast-seo-wordpress\/ -->\n<title>Luksuslik rohke seelikuosaga maksikleit - Karini Butiik<\/title>\n<meta name=\"robots\" content=\"index, follow, max-snippet:-1, max-image-preview:large, max-video-preview:-1\" \/>\n<link rel=\"canonical\" href=\"https:\/\/www.karinibutiik.ee\/lt\/produktas\/luksuslik-rohke-seelikuosaga-maksikleit-5\/\" \/>\n<meta property=\"og:locale\" content=\"lt_LT\" \/>\n<meta property=\"og:type\" content=\"article\" \/>\n<meta property=\"og:title\" content=\"Luksuslik rohke seelikuosaga maksikleit - Karini Butiik\" \/>\n<meta property=\"og:description\" content=\"Astuge sisse pidulikkuse maailma meie luksusliku rohke seelikuosaga maksikleidiga! See kleit on disainitud selleks, et teha teie igast s\u00fcndmusest unustamatu [&hellip;]\" \/>\n<meta property=\"og:url\" content=\"https:\/\/www.karinibutiik.ee\/lt\/produktas\/luksuslik-rohke-seelikuosaga-maksikleit-5\/\" \/>\n<meta property=\"og:site_name\" content=\"Karini Butiik\" \/>\n<meta property=\"article:publisher\" content=\"https:\/\/www.facebook.com\/karinibutiik.ee\" \/>\n<meta property=\"article:modified_time\" content=\"2026-03-11T14:23:25+00:00\" \/>\n<meta property=\"og:image\" content=\"https:\/\/www.karinibutiik.ee\/wp-content\/uploads\/2024\/04\/49BDBBC9-2C26-40A1-9994-E56872B1CA9B.jpeg\" \/>\n\t<meta property=\"og:image:width\" content=\"1491\" \/>\n\t<meta property=\"og:image:height\" content=\"1491\" \/>\n\t<meta property=\"og:image:type\" content=\"image\/jpeg\" \/>\n<meta name=\"twitter:card\" content=\"summary_large_image\" \/>\n<meta name=\"twitter:label1\" content=\"Availability\" \/>\n\t<meta name=\"twitter:data1\" content=\"Out of stock\" \/>\n<script type=\"application\/ld+json\" class=\"yoast-schema-graph\">{\"@context\":\"https:\/\/schema.org\",\"@graph\":[{\"@type\":\"WebPage\",\"@id\":\"https:\/\/www.karinibutiik.ee\/toode\/luksuslik-rohke-seelikuosaga-maksikleit-5\/\",\"url\":\"https:\/\/www.karinibutiik.ee\/toode\/luksuslik-rohke-seelikuosaga-maksikleit-5\/\",\"name\":\"Luksuslik rohke seelikuosaga maksikleit - Karini Butiik\",\"isPartOf\":{\"@id\":\"https:\/\/www.karinibutiik.ee\/#website\"},\"primaryImageOfPage\":{\"@id\":\"https:\/\/www.karinibutiik.ee\/toode\/luksuslik-rohke-seelikuosaga-maksikleit-5\/#primaryimage\"},\"image\":{\"@id\":\"https:\/\/www.karinibutiik.ee\/toode\/luksuslik-rohke-seelikuosaga-maksikleit-5\/#primaryimage\"},\"thumbnailUrl\":\"https:\/\/www.karinibutiik.ee\/wp-content\/uploads\/2024\/04\/49BDBBC9-2C26-40A1-9994-E56872B1CA9B.jpeg\",\"datePublished\":\"2024-05-03T07:40:40+00:00\",\"dateModified\":\"2026-03-11T14:23:25+00:00\",\"breadcrumb\":{\"@id\":\"https:\/\/www.karinibutiik.ee\/toode\/luksuslik-rohke-seelikuosaga-maksikleit-5\/#breadcrumb\"},\"inLanguage\":\"lt-LT\",\"potentialAction\":[{\"@type\":\"ReadAction\",\"target\":[\"https:\/\/www.karinibutiik.ee\/toode\/luksuslik-rohke-seelikuosaga-maksikleit-5\/\"]}]},{\"@type\":\"ImageObject\",\"inLanguage\":\"lt-LT\",\"@id\":\"https:\/\/www.karinibutiik.ee\/toode\/luksuslik-rohke-seelikuosaga-maksikleit-5\/#primaryimage\",\"url\":\"https:\/\/www.karinibutiik.ee\/wp-content\/uploads\/2024\/04\/49BDBBC9-2C26-40A1-9994-E56872B1CA9B.jpeg\",\"contentUrl\":\"https:\/\/www.karinibutiik.ee\/wp-content\/uploads\/2024\/04\/49BDBBC9-2C26-40A1-9994-E56872B1CA9B.jpeg\",\"width\":1491,\"height\":1491},{\"@type\":\"BreadcrumbList\",\"@id\":\"https:\/\/www.karinibutiik.ee\/toode\/luksuslik-rohke-seelikuosaga-maksikleit-5\/#breadcrumb\",\"itemListElement\":[{\"@type\":\"ListItem\",\"position\":1,\"name\":\"Home\",\"item\":\"https:\/\/www.karinibutiik.ee\/\"},{\"@type\":\"ListItem\",\"position\":2,\"name\":\"Pood\",\"item\":\"https:\/\/www.karinibutiik.ee\/pood\/\"},{\"@type\":\"ListItem\",\"position\":3,\"name\":\"Luksuslik rohke seelikuosaga maksikleit\"}]},{\"@type\":\"WebSite\",\"@id\":\"https:\/\/www.karinibutiik.ee\/#website\",\"url\":\"https:\/\/www.karinibutiik.ee\/\",\"name\":\"Karini Butiik\",\"description\":\"\",\"publisher\":{\"@id\":\"https:\/\/www.karinibutiik.ee\/#organization\"},\"potentialAction\":[{\"@type\":\"SearchAction\",\"target\":{\"@type\":\"EntryPoint\",\"urlTemplate\":\"https:\/\/www.karinibutiik.ee\/?s={search_term_string}\"},\"query-input\":{\"@type\":\"PropertyValueSpecification\",\"valueRequired\":true,\"valueName\":\"search_term_string\"}}],\"inLanguage\":\"lt-LT\"},{\"@type\":\"Organization\",\"@id\":\"https:\/\/www.karinibutiik.ee\/#organization\",\"name\":\"Karini Butiik\",\"url\":\"https:\/\/www.karinibutiik.ee\/\",\"logo\":{\"@type\":\"ImageObject\",\"inLanguage\":\"lt-LT\",\"@id\":\"https:\/\/www.karinibutiik.ee\/#\/schema\/logo\/image\/\",\"url\":\"https:\/\/www.karinibutiik.ee\/wp-content\/uploads\/2024\/10\/Kuj.-K-koopia.png\",\"contentUrl\":\"https:\/\/www.karinibutiik.ee\/wp-content\/uploads\/2024\/10\/Kuj.-K-koopia.png\",\"width\":500,\"height\":500,\"caption\":\"Karini Butiik\"},\"image\":{\"@id\":\"https:\/\/www.karinibutiik.ee\/#\/schema\/logo\/image\/\"},\"sameAs\":[\"https:\/\/www.facebook.com\/karinibutiik.ee\",\"https:\/\/www.instagram.com\/karinibutiik\"]}]}<\/script>\n<meta property=\"og:availability\" content=\"out of stock\" \/>\n<meta property=\"product:availability\" content=\"out of stock\" \/>\n<meta property=\"product:retailer_item_id\" content=\"0380\" \/>\n<meta property=\"product:condition\" content=\"new\" \/>\n<!-- \/ Yoast SEO plugin. -->","yoast_head_json":{"title":"Prabangi pilno sijono kepen\u0173 suknel\u0117 - Karini Butiik","robots":{"index":"index","follow":"follow","max-snippet":"max-snippet:-1","max-image-preview":"max-image-preview:large","max-video-preview":"max-video-preview:-1"},"canonical":"https:\/\/www.karinibutiik.ee\/lt\/produktas\/luksuslik-rohke-seelikuosaga-maksikleit-5\/","og_locale":"lt_LT","og_type":"article","og_title":"Luksuslik rohke seelikuosaga maksikleit - Karini Butiik","og_description":"Astuge sisse pidulikkuse maailma meie luksusliku rohke seelikuosaga maksikleidiga! See kleit on disainitud selleks, et teha teie igast s\u00fcndmusest unustamatu [&hellip;]","og_url":"https:\/\/www.karinibutiik.ee\/lt\/produktas\/luksuslik-rohke-seelikuosaga-maksikleit-5\/","og_site_name":"Karini Butiik","article_publisher":"https:\/\/www.facebook.com\/karinibutiik.ee","article_modified_time":"2026-03-11T14:23:25+00:00","og_image":[{"width":1491,"height":1491,"url":"https:\/\/www.karinibutiik.ee\/wp-content\/uploads\/2024\/04\/49BDBBC9-2C26-40A1-9994-E56872B1CA9B.jpeg","type":"image\/jpeg"}],"twitter_card":"summary_large_image","twitter_misc":{"Availability":"Out of stock"},"schema":{"@context":"https:\/\/schema.org","@graph":[{"@type":"WebPage","@id":"https:\/\/www.karinibutiik.ee\/toode\/luksuslik-rohke-seelikuosaga-maksikleit-5\/","url":"https:\/\/www.karinibutiik.ee\/toode\/luksuslik-rohke-seelikuosaga-maksikleit-5\/","name":"Prabangi pilno sijono kepen\u0173 suknel\u0117 - Karini Butiik","isPartOf":{"@id":"https:\/\/www.karinibutiik.ee\/#website"},"primaryImageOfPage":{"@id":"https:\/\/www.karinibutiik.ee\/toode\/luksuslik-rohke-seelikuosaga-maksikleit-5\/#primaryimage"},"image":{"@id":"https:\/\/www.karinibutiik.ee\/toode\/luksuslik-rohke-seelikuosaga-maksikleit-5\/#primaryimage"},"thumbnailUrl":"https:\/\/www.karinibutiik.ee\/wp-content\/uploads\/2024\/04\/49BDBBC9-2C26-40A1-9994-E56872B1CA9B.jpeg","datePublished":"2024-05-03T07:40:40+00:00","dateModified":"2026-03-11T14:23:25+00:00","breadcrumb":{"@id":"https:\/\/www.karinibutiik.ee\/toode\/luksuslik-rohke-seelikuosaga-maksikleit-5\/#breadcrumb"},"inLanguage":"lt-LT","potentialAction":[{"@type":"ReadAction","target":["https:\/\/www.karinibutiik.ee\/toode\/luksuslik-rohke-seelikuosaga-maksikleit-5\/"]}]},{"@type":"ImageObject","inLanguage":"lt-LT","@id":"https:\/\/www.karinibutiik.ee\/toode\/luksuslik-rohke-seelikuosaga-maksikleit-5\/#primaryimage","url":"https:\/\/www.karinibutiik.ee\/wp-content\/uploads\/2024\/04\/49BDBBC9-2C26-40A1-9994-E56872B1CA9B.jpeg","contentUrl":"https:\/\/www.karinibutiik.ee\/wp-content\/uploads\/2024\/04\/49BDBBC9-2C26-40A1-9994-E56872B1CA9B.jpeg","width":1491,"height":1491},{"@type":"BreadcrumbList","@id":"https:\/\/www.karinibutiik.ee\/toode\/luksuslik-rohke-seelikuosaga-maksikleit-5\/#breadcrumb","itemListElement":[{"@type":"ListItem","position":1,"name":"Home","item":"https:\/\/www.karinibutiik.ee\/"},{"@type":"ListItem","position":2,"name":"Pood","item":"https:\/\/www.karinibutiik.ee\/pood\/"},{"@type":"ListItem","position":3,"name":"Luksuslik rohke seelikuosaga maksikleit"}]},{"@type":"WebSite","@id":"https:\/\/www.karinibutiik.ee\/#website","url":"https:\/\/www.karinibutiik.ee\/","name":"Karini Butiik","description":"","publisher":{"@id":"https:\/\/www.karinibutiik.ee\/#organization"},"potentialAction":[{"@type":"SearchAction","target":{"@type":"EntryPoint","urlTemplate":"https:\/\/www.karinibutiik.ee\/?s={search_term_string}"},"query-input":{"@type":"PropertyValueSpecification","valueRequired":true,"valueName":"search_term_string"}}],"inLanguage":"lt-LT"},{"@type":"Organization","@id":"https:\/\/www.karinibutiik.ee\/#organization","name":"Karini Butiik","url":"https:\/\/www.karinibutiik.ee\/","logo":{"@type":"ImageObject","inLanguage":"lt-LT","@id":"https:\/\/www.karinibutiik.ee\/#\/schema\/logo\/image\/","url":"https:\/\/www.karinibutiik.ee\/wp-content\/uploads\/2024\/10\/Kuj.-K-koopia.png","contentUrl":"https:\/\/www.karinibutiik.ee\/wp-content\/uploads\/2024\/10\/Kuj.-K-koopia.png","width":500,"height":500,"caption":"Karini Butiik"},"image":{"@id":"https:\/\/www.karinibutiik.ee\/#\/schema\/logo\/image\/"},"sameAs":["https:\/\/www.facebook.com\/karinibutiik.ee","https:\/\/www.instagram.com\/karinibutiik"]}]},"og_availability":"out of stock","product_availability":"out of stock","product_retailer_item_id":"0380","product_condition":"new"},"_links":{"self":[{"href":"https:\/\/www.karinibutiik.ee\/lt\/wp-json\/wp\/v2\/product\/9282","targetHints":{"allow":["GET"]}}],"collection":[{"href":"https:\/\/www.karinibutiik.ee\/lt\/wp-json\/wp\/v2\/product"}],"about":[{"href":"https:\/\/www.karinibutiik.ee\/lt\/wp-json\/wp\/v2\/types\/product"}],"version-history":[{"count":4,"href":"https:\/\/www.karinibutiik.ee\/lt\/wp-json\/wp\/v2\/product\/9282\/revisions"}],"predecessor-version":[{"id":9405,"href":"https:\/\/www.karinibutiik.ee\/lt\/wp-json\/wp\/v2\/product\/9282\/revisions\/9405"}],"wp:featuredmedia":[{"embeddable":true,"href":"https:\/\/www.karinibutiik.ee\/lt\/wp-json\/wp\/v2\/media\/6562"}],"wp:attachment":[{"href":"https:\/\/www.karinibutiik.ee\/lt\/wp-json\/wp\/v2\/media?parent=9282"}],"wp:term":[{"taxonomy":"product_brand","embeddable":true,"href":"https:\/\/www.karinibutiik.ee\/lt\/wp-json\/wp\/v2\/product_brand?post=9282"},{"taxonomy":"product_cat","embeddable":true,"href":"https:\/\/www.karinibutiik.ee\/lt\/wp-json\/wp\/v2\/product_cat?post=9282"},{"taxonomy":"product_tag","embeddable":true,"href":"https:\/\/www.karinibutiik.ee\/lt\/wp-json\/wp\/v2\/product_tag?post=9282"}],"curies":[{"name":"wp","href":"https:\/\/api.w.org\/{rel}","templated":true}]}}