{"id":9511,"date":"2024-10-03T07:40:49","date_gmt":"2024-10-03T07:40:49","guid":{"rendered":"https:\/\/www.karinibutiik.ee\/toode\/satiinsest-kangast-pidulik-maksikleit\/"},"modified":"2026-04-10T13:29:40","modified_gmt":"2026-04-10T10:29:40","slug":"satiinsest-kangast-pidulik-maksikleit","status":"publish","type":"product","link":"https:\/\/www.karinibutiik.ee\/lt\/produktas\/satiinsest-kangast-pidulik-maksikleit\/","title":{"rendered":"Satiinsest kangast pidulik maksikleit"},"content":{"rendered":"<p>Satiinsest kangast maksikleit on ideaalne valik pidulikeks s\u00fcndmusteks, tuues esile luksusliku ja elegantse stiili. See pehme ja s\u00e4rav kangas r\u00f5hutab teie naiselikkust ning loob \u00f5hulise ja unikaalse v\u00e4limuse, mis sobib suurep\u00e4raselt erilisteks hetkedeks. NB! Soovitame valida \u00fcks number suurem kleit oma suurusest!<\/p>","protected":false},"excerpt":{"rendered":"<p>Satiinsest kangast maksikleit on ideaalne valik pidulikeks s\u00fcndmusteks, tuues esile luksusliku ja elegantse stiili. See pehme ja s\u00e4rav kangas r\u00f5hutab [&hellip;]<\/p>\n","protected":false},"featured_media":21859,"template":"","meta":{"site-sidebar-layout":"default","site-content-layout":"","ast-site-content-layout":"default","site-content-style":"default","site-sidebar-style":"default","ast-global-header-display":"","ast-banner-title-visibility":"","ast-main-header-display":"","ast-hfb-above-header-display":"","ast-hfb-below-header-display":"","ast-hfb-mobile-header-display":"","site-post-title":"","ast-breadcrumbs-content":"","ast-featured-img":"","footer-sml-layout":"","ast-disable-related-posts":"","theme-transparent-header-meta":"default","adv-header-id-meta":"","stick-header-meta":"default","header-above-stick-meta":"","header-main-stick-meta":"","header-below-stick-meta":"","astra-migrate-meta-layouts":"set","ast-page-background-enabled":"default","ast-page-background-meta":{"desktop":{"background-color":"var(--ast-global-color-4)","background-image":"","background-repeat":"repeat","background-position":"center center","background-size":"auto","background-attachment":"scroll","background-type":"","background-media":"","overlay-type":"","overlay-color":"","overlay-opacity":"","overlay-gradient":""},"tablet":{"background-color":"","background-image":"","background-repeat":"repeat","background-position":"center center","background-size":"auto","background-attachment":"scroll","background-type":"","background-media":"","overlay-type":"","overlay-color":"","overlay-opacity":"","overlay-gradient":""},"mobile":{"background-color":"","background-image":"","background-repeat":"repeat","background-position":"center center","background-size":"auto","background-attachment":"scroll","background-type":"","background-media":"","overlay-type":"","overlay-color":"","overlay-opacity":"","overlay-gradient":""}},"ast-content-background-meta":{"desktop":{"background-color":"var(--ast-global-color-5)","background-image":"","background-repeat":"repeat","background-position":"center center","background-size":"auto","background-attachment":"scroll","background-type":"","background-media":"","overlay-type":"","overlay-color":"","overlay-opacity":"","overlay-gradient":""},"tablet":{"background-color":"var(--ast-global-color-5)","background-image":"","background-repeat":"repeat","background-position":"center center","background-size":"auto","background-attachment":"scroll","background-type":"","background-media":"","overlay-type":"","overlay-color":"","overlay-opacity":"","overlay-gradient":""},"mobile":{"background-color":"var(--ast-global-color-5)","background-image":"","background-repeat":"repeat","background-position":"center center","background-size":"auto","background-attachment":"scroll","background-type":"","background-media":"","overlay-type":"","overlay-color":"","overlay-opacity":"","overlay-gradient":""}}},"product_brand":[],"product_cat":[346,347,350,357,348],"product_tag":[475,476,501,477,270,1222,485,493,86,91,90,486,109,507,1148,89,92,93,639,504,1223,930,110],"class_list":{"0":"post-9511","1":"product","2":"type-product","3":"status-publish","4":"has-post-thumbnail","6":"product_cat-naised","7":"product_cat-kleidid","8":"product_cat-pulmakleidid-pruutneitside-kleidid","9":"product_cat-maksikleidid","10":"product_cat-lopukleidid","11":"product_tag-dresshouse","12":"product_tag-getdressed","13":"product_tag-karini-butiik","14":"product_tag-kleidibutiik","15":"product_tag-kleidid","16":"product_tag-kleidipod-tallinnas","17":"product_tag-kleidipood","18":"product_tag-kleiditurg","19":"product_tag-kleit","20":"product_tag-koolilopukleit","21":"product_tag-lopukleit","22":"product_tag-maksikleidid","23":"product_tag-maksikleit","24":"product_tag-must-kleit","25":"product_tag-must-maksikleit","26":"product_tag-olavolangidega-kleit","27":"product_tag-pidulikud-kleidid","28":"product_tag-pulmakleidid","29":"product_tag-punane-kleit","30":"product_tag-roheline-kleit","31":"product_tag-satiinkangast-maksikleit","32":"product_tag-sinine-kleit","33":"product_tag-varrukatega-maksikleit","34":"desktop-align-center","35":"tablet-align-center","36":"mobile-align-center","37":"ast-product-gallery-layout-horizontal-slider","38":"ast-product-single-variable","39":"ast-product-tabs-layout-horizontal","41":"first","42":"instock","43":"taxable","44":"shipping-taxable","45":"purchasable","46":"product-type-variable"},"supplier_id":null,"supplier_sku":"","barcode":null,"atum_controlled":true,"out_stock_date":null,"out_stock_threshold":null,"inheritable":true,"inbound_stock":0,"stock_on_hold":0,"sold_today":0,"sales_last_days":0,"reserved_stock":0,"customer_returns":0,"warehouse_damage":0,"lost_in_post":0,"other_logs":0,"out_stock_days":0,"lost_sales":0,"has_location":false,"update_date":"2026-01-08T17:50:03","atum_locations":[],"atum_stock_status":"instock","restock_status":false,"low_stock_amount":"","sales_update_date":"2025-12-05T10:58:16","calc_backorders":null,"yoast_head":"<!-- This site is optimized with the Yoast SEO plugin v26.9 - https:\/\/yoast.com\/product\/yoast-seo-wordpress\/ -->\n<title>Satiinsest kangast pidulik maksikleit - Karini Butiik<\/title>\n<meta name=\"description\" content=\"T\u00f5sta oma stiil uuele tasemele satiinsest kangast piduliku maksikleidiga, mis sobib ideaalselt erilisteks s\u00fcndmusteks. P\u00fc\u00fca pilke oma elegantse v\u00e4limusega!\" \/>\n<meta name=\"robots\" content=\"index, follow, max-snippet:-1, max-image-preview:large, max-video-preview:-1\" \/>\n<link rel=\"canonical\" href=\"https:\/\/www.karinibutiik.ee\/lt\/produktas\/satiinsest-kangast-pidulik-maksikleit\/\" \/>\n<meta property=\"og:locale\" content=\"lt_LT\" \/>\n<meta property=\"og:type\" content=\"article\" \/>\n<meta property=\"og:title\" content=\"Satiinsest kangast pidulik maksikleit - Karini Butiik\" \/>\n<meta property=\"og:description\" content=\"T\u00f5sta oma stiil uuele tasemele satiinsest kangast piduliku maksikleidiga, mis sobib ideaalselt erilisteks s\u00fcndmusteks. P\u00fc\u00fca pilke oma elegantse v\u00e4limusega!\" \/>\n<meta property=\"og:url\" content=\"https:\/\/www.karinibutiik.ee\/lt\/produktas\/satiinsest-kangast-pidulik-maksikleit\/\" \/>\n<meta property=\"og:site_name\" content=\"Karini Butiik\" \/>\n<meta property=\"article:publisher\" content=\"https:\/\/www.facebook.com\/karinibutiik.ee\" \/>\n<meta property=\"article:modified_time\" content=\"2026-04-10T10:29:40+00:00\" \/>\n<meta property=\"og:image\" content=\"https:\/\/www.karinibutiik.ee\/wp-content\/uploads\/2025\/04\/939D211C-27F1-47F5-9D59-1232D1C628E3-scaled.jpeg\" \/>\n\t<meta property=\"og:image:width\" content=\"2048\" \/>\n\t<meta property=\"og:image:height\" content=\"2560\" \/>\n\t<meta property=\"og:image:type\" content=\"image\/jpeg\" \/>\n<meta name=\"twitter:card\" content=\"summary_large_image\" \/>\n<meta name=\"twitter:label1\" content=\"Availability\" \/>\n\t<meta name=\"twitter:data1\" content=\"In stock\" \/>\n<script type=\"application\/ld+json\" class=\"yoast-schema-graph\">{\"@context\":\"https:\/\/schema.org\",\"@graph\":[{\"@type\":\"WebPage\",\"@id\":\"https:\/\/www.karinibutiik.ee\/toode\/satiinsest-kangast-pidulik-maksikleit\/\",\"url\":\"https:\/\/www.karinibutiik.ee\/toode\/satiinsest-kangast-pidulik-maksikleit\/\",\"name\":\"Satiinsest kangast pidulik maksikleit - Karini Butiik\",\"isPartOf\":{\"@id\":\"https:\/\/www.karinibutiik.ee\/#website\"},\"primaryImageOfPage\":{\"@id\":\"https:\/\/www.karinibutiik.ee\/toode\/satiinsest-kangast-pidulik-maksikleit\/#primaryimage\"},\"image\":{\"@id\":\"https:\/\/www.karinibutiik.ee\/toode\/satiinsest-kangast-pidulik-maksikleit\/#primaryimage\"},\"thumbnailUrl\":\"https:\/\/www.karinibutiik.ee\/wp-content\/uploads\/2025\/04\/939D211C-27F1-47F5-9D59-1232D1C628E3-scaled.jpeg\",\"datePublished\":\"2024-10-03T07:40:49+00:00\",\"dateModified\":\"2026-04-10T10:29:40+00:00\",\"description\":\"T\u00f5sta oma stiil uuele tasemele satiinsest kangast piduliku maksikleidiga, mis sobib ideaalselt erilisteks s\u00fcndmusteks. P\u00fc\u00fca pilke oma elegantse v\u00e4limusega!\",\"breadcrumb\":{\"@id\":\"https:\/\/www.karinibutiik.ee\/toode\/satiinsest-kangast-pidulik-maksikleit\/#breadcrumb\"},\"inLanguage\":\"lt-LT\",\"potentialAction\":[{\"@type\":\"ReadAction\",\"target\":[\"https:\/\/www.karinibutiik.ee\/toode\/satiinsest-kangast-pidulik-maksikleit\/\"]}]},{\"@type\":\"ImageObject\",\"inLanguage\":\"lt-LT\",\"@id\":\"https:\/\/www.karinibutiik.ee\/toode\/satiinsest-kangast-pidulik-maksikleit\/#primaryimage\",\"url\":\"https:\/\/www.karinibutiik.ee\/wp-content\/uploads\/2025\/04\/939D211C-27F1-47F5-9D59-1232D1C628E3-scaled.jpeg\",\"contentUrl\":\"https:\/\/www.karinibutiik.ee\/wp-content\/uploads\/2025\/04\/939D211C-27F1-47F5-9D59-1232D1C628E3-scaled.jpeg\",\"width\":2048,\"height\":2560},{\"@type\":\"BreadcrumbList\",\"@id\":\"https:\/\/www.karinibutiik.ee\/toode\/satiinsest-kangast-pidulik-maksikleit\/#breadcrumb\",\"itemListElement\":[{\"@type\":\"ListItem\",\"position\":1,\"name\":\"Home\",\"item\":\"https:\/\/www.karinibutiik.ee\/\"},{\"@type\":\"ListItem\",\"position\":2,\"name\":\"Pood\",\"item\":\"https:\/\/www.karinibutiik.ee\/pood\/\"},{\"@type\":\"ListItem\",\"position\":3,\"name\":\"Satiinsest kangast pidulik maksikleit\"}]},{\"@type\":\"WebSite\",\"@id\":\"https:\/\/www.karinibutiik.ee\/#website\",\"url\":\"https:\/\/www.karinibutiik.ee\/\",\"name\":\"Karini Butiik\",\"description\":\"\",\"publisher\":{\"@id\":\"https:\/\/www.karinibutiik.ee\/#organization\"},\"potentialAction\":[{\"@type\":\"SearchAction\",\"target\":{\"@type\":\"EntryPoint\",\"urlTemplate\":\"https:\/\/www.karinibutiik.ee\/?s={search_term_string}\"},\"query-input\":{\"@type\":\"PropertyValueSpecification\",\"valueRequired\":true,\"valueName\":\"search_term_string\"}}],\"inLanguage\":\"lt-LT\"},{\"@type\":\"Organization\",\"@id\":\"https:\/\/www.karinibutiik.ee\/#organization\",\"name\":\"Karini Butiik\",\"url\":\"https:\/\/www.karinibutiik.ee\/\",\"logo\":{\"@type\":\"ImageObject\",\"inLanguage\":\"lt-LT\",\"@id\":\"https:\/\/www.karinibutiik.ee\/#\/schema\/logo\/image\/\",\"url\":\"https:\/\/www.karinibutiik.ee\/wp-content\/uploads\/2024\/10\/Kuj.-K-koopia.png\",\"contentUrl\":\"https:\/\/www.karinibutiik.ee\/wp-content\/uploads\/2024\/10\/Kuj.-K-koopia.png\",\"width\":500,\"height\":500,\"caption\":\"Karini Butiik\"},\"image\":{\"@id\":\"https:\/\/www.karinibutiik.ee\/#\/schema\/logo\/image\/\"},\"sameAs\":[\"https:\/\/www.facebook.com\/karinibutiik.ee\",\"https:\/\/www.instagram.com\/karinibutiik\"]}]}<\/script>\n<meta property=\"og:availability\" content=\"instock\" \/>\n<meta property=\"product:availability\" content=\"instock\" \/>\n<meta property=\"product:retailer_item_id\" content=\"0100\" \/>\n<meta property=\"product:condition\" content=\"new\" \/>\n<!-- \/ Yoast SEO plugin. -->","yoast_head_json":{"title":"Satiinsest kangast pidulik maksikleit - Karini Butiik","description":"T\u00f5sta oma stiil uuele tasemele satiinsest kangast piduliku maksikleidiga, mis sobib ideaalselt erilisteks s\u00fcndmusteks. P\u00fc\u00fca pilke oma elegantse v\u00e4limusega!","robots":{"index":"index","follow":"follow","max-snippet":"max-snippet:-1","max-image-preview":"max-image-preview:large","max-video-preview":"max-video-preview:-1"},"canonical":"https:\/\/www.karinibutiik.ee\/lt\/produktas\/satiinsest-kangast-pidulik-maksikleit\/","og_locale":"lt_LT","og_type":"article","og_title":"Satiinsest kangast pidulik maksikleit - Karini Butiik","og_description":"T\u00f5sta oma stiil uuele tasemele satiinsest kangast piduliku maksikleidiga, mis sobib ideaalselt erilisteks s\u00fcndmusteks. P\u00fc\u00fca pilke oma elegantse v\u00e4limusega!","og_url":"https:\/\/www.karinibutiik.ee\/lt\/produktas\/satiinsest-kangast-pidulik-maksikleit\/","og_site_name":"Karini Butiik","article_publisher":"https:\/\/www.facebook.com\/karinibutiik.ee","article_modified_time":"2026-04-10T10:29:40+00:00","og_image":[{"width":2048,"height":2560,"url":"https:\/\/www.karinibutiik.ee\/wp-content\/uploads\/2025\/04\/939D211C-27F1-47F5-9D59-1232D1C628E3-scaled.jpeg","type":"image\/jpeg"}],"twitter_card":"summary_large_image","twitter_misc":{"Availability":"In stock"},"schema":{"@context":"https:\/\/schema.org","@graph":[{"@type":"WebPage","@id":"https:\/\/www.karinibutiik.ee\/toode\/satiinsest-kangast-pidulik-maksikleit\/","url":"https:\/\/www.karinibutiik.ee\/toode\/satiinsest-kangast-pidulik-maksikleit\/","name":"Satiinsest kangast pidulik maksikleit - Karini Butiik","isPartOf":{"@id":"https:\/\/www.karinibutiik.ee\/#website"},"primaryImageOfPage":{"@id":"https:\/\/www.karinibutiik.ee\/toode\/satiinsest-kangast-pidulik-maksikleit\/#primaryimage"},"image":{"@id":"https:\/\/www.karinibutiik.ee\/toode\/satiinsest-kangast-pidulik-maksikleit\/#primaryimage"},"thumbnailUrl":"https:\/\/www.karinibutiik.ee\/wp-content\/uploads\/2025\/04\/939D211C-27F1-47F5-9D59-1232D1C628E3-scaled.jpeg","datePublished":"2024-10-03T07:40:49+00:00","dateModified":"2026-04-10T10:29:40+00:00","description":"T\u00f5sta oma stiil uuele tasemele satiinsest kangast piduliku maksikleidiga, mis sobib ideaalselt erilisteks s\u00fcndmusteks. P\u00fc\u00fca pilke oma elegantse v\u00e4limusega!","breadcrumb":{"@id":"https:\/\/www.karinibutiik.ee\/toode\/satiinsest-kangast-pidulik-maksikleit\/#breadcrumb"},"inLanguage":"lt-LT","potentialAction":[{"@type":"ReadAction","target":["https:\/\/www.karinibutiik.ee\/toode\/satiinsest-kangast-pidulik-maksikleit\/"]}]},{"@type":"ImageObject","inLanguage":"lt-LT","@id":"https:\/\/www.karinibutiik.ee\/toode\/satiinsest-kangast-pidulik-maksikleit\/#primaryimage","url":"https:\/\/www.karinibutiik.ee\/wp-content\/uploads\/2025\/04\/939D211C-27F1-47F5-9D59-1232D1C628E3-scaled.jpeg","contentUrl":"https:\/\/www.karinibutiik.ee\/wp-content\/uploads\/2025\/04\/939D211C-27F1-47F5-9D59-1232D1C628E3-scaled.jpeg","width":2048,"height":2560},{"@type":"BreadcrumbList","@id":"https:\/\/www.karinibutiik.ee\/toode\/satiinsest-kangast-pidulik-maksikleit\/#breadcrumb","itemListElement":[{"@type":"ListItem","position":1,"name":"Home","item":"https:\/\/www.karinibutiik.ee\/"},{"@type":"ListItem","position":2,"name":"Pood","item":"https:\/\/www.karinibutiik.ee\/pood\/"},{"@type":"ListItem","position":3,"name":"Satiinsest kangast pidulik maksikleit"}]},{"@type":"WebSite","@id":"https:\/\/www.karinibutiik.ee\/#website","url":"https:\/\/www.karinibutiik.ee\/","name":"Karini Butiik","description":"","publisher":{"@id":"https:\/\/www.karinibutiik.ee\/#organization"},"potentialAction":[{"@type":"SearchAction","target":{"@type":"EntryPoint","urlTemplate":"https:\/\/www.karinibutiik.ee\/?s={search_term_string}"},"query-input":{"@type":"PropertyValueSpecification","valueRequired":true,"valueName":"search_term_string"}}],"inLanguage":"lt-LT"},{"@type":"Organization","@id":"https:\/\/www.karinibutiik.ee\/#organization","name":"Karini Butiik","url":"https:\/\/www.karinibutiik.ee\/","logo":{"@type":"ImageObject","inLanguage":"lt-LT","@id":"https:\/\/www.karinibutiik.ee\/#\/schema\/logo\/image\/","url":"https:\/\/www.karinibutiik.ee\/wp-content\/uploads\/2024\/10\/Kuj.-K-koopia.png","contentUrl":"https:\/\/www.karinibutiik.ee\/wp-content\/uploads\/2024\/10\/Kuj.-K-koopia.png","width":500,"height":500,"caption":"Karini Butiik"},"image":{"@id":"https:\/\/www.karinibutiik.ee\/#\/schema\/logo\/image\/"},"sameAs":["https:\/\/www.facebook.com\/karinibutiik.ee","https:\/\/www.instagram.com\/karinibutiik"]}]},"og_availability":"instock","product_availability":"instock","product_retailer_item_id":"0100","product_condition":"new"},"_links":{"self":[{"href":"https:\/\/www.karinibutiik.ee\/lt\/wp-json\/wp\/v2\/product\/9511","targetHints":{"allow":["GET"]}}],"collection":[{"href":"https:\/\/www.karinibutiik.ee\/lt\/wp-json\/wp\/v2\/product"}],"about":[{"href":"https:\/\/www.karinibutiik.ee\/lt\/wp-json\/wp\/v2\/types\/product"}],"version-history":[{"count":2,"href":"https:\/\/www.karinibutiik.ee\/lt\/wp-json\/wp\/v2\/product\/9511\/revisions"}],"predecessor-version":[{"id":25782,"href":"https:\/\/www.karinibutiik.ee\/lt\/wp-json\/wp\/v2\/product\/9511\/revisions\/25782"}],"wp:featuredmedia":[{"embeddable":true,"href":"https:\/\/www.karinibutiik.ee\/lt\/wp-json\/wp\/v2\/media\/21859"}],"wp:attachment":[{"href":"https:\/\/www.karinibutiik.ee\/lt\/wp-json\/wp\/v2\/media?parent=9511"}],"wp:term":[{"taxonomy":"product_brand","embeddable":true,"href":"https:\/\/www.karinibutiik.ee\/lt\/wp-json\/wp\/v2\/product_brand?post=9511"},{"taxonomy":"product_cat","embeddable":true,"href":"https:\/\/www.karinibutiik.ee\/lt\/wp-json\/wp\/v2\/product_cat?post=9511"},{"taxonomy":"product_tag","embeddable":true,"href":"https:\/\/www.karinibutiik.ee\/lt\/wp-json\/wp\/v2\/product_tag?post=9511"}],"curies":[{"name":"wp","href":"https:\/\/api.w.org\/{rel}","templated":true}]}}