{"id":1044,"date":"2024-03-20T11:22:05","date_gmt":"2024-03-20T11:22:05","guid":{"rendered":"https:\/\/www.karinibutiik.ee\/?page_id=1044"},"modified":"2024-03-27T11:54:08","modified_gmt":"2024-03-27T11:54:08","slug":"atgriesanas-nosacijumi","status":"publish","type":"page","link":"https:\/\/www.karinibutiik.ee\/lv\/atgriesanas-nosacijumi\/","title":{"rendered":"Atgrie\u0161an\u0101s nosac\u012bjumi"},"content":{"rendered":"<div data-elementor-type=\"wp-page\" data-elementor-id=\"1044\" class=\"elementor elementor-1044\" data-elementor-post-type=\"page\">\n\t\t\t\t<div class=\"elementor-element elementor-element-b8ce1d5 e-flex e-con-boxed e-con e-parent\" data-id=\"b8ce1d5\" data-element_type=\"container\">\n\t\t\t\t\t<div class=\"e-con-inner\">\n\t\t<div class=\"elementor-element elementor-element-dc57700 e-con-full e-flex e-con e-child\" data-id=\"dc57700\" data-element_type=\"container\">\n\t\t\t\t<div class=\"elementor-element elementor-element-8fe3cb1 elementor-widget elementor-widget-heading\" data-id=\"8fe3cb1\" data-element_type=\"widget\" data-widget_type=\"heading.default\">\n\t\t\t\t<div class=\"elementor-widget-container\">\n\t\t\t\t\t<h2 class=\"elementor-heading-title elementor-size-default\">Atgrie\u0161an\u0101s nosac\u012bjumi<\/h2>\t\t\t\t<\/div>\n\t\t\t\t<\/div>\n\t\t\t\t<div class=\"elementor-element elementor-element-bb5a256 elementor-widget elementor-widget-text-editor\" data-id=\"bb5a256\" data-element_type=\"widget\" data-widget_type=\"text-editor.default\">\n\t\t\t\t<div class=\"elementor-widget-container\">\n\t\t\t\t\t\t\t\t\t<p><b>Atteik\u0161an\u0101s no l\u012bguma<\/b><\/p><p><span style=\"font-weight: 400;\">P\u0113c pas\u016bt\u012bjuma sa\u0146em\u0161anas pat\u0113r\u0113t\u0101jam ir ties\u012bbas atteikties no e-veikal\u0101 nosl\u0113gt\u0101 l\u012bguma, nenor\u0101dot iemeslu, 14 dienu laik\u0101. Atteikuma ties\u012bbas 14 dienu laik\u0101 netiek piem\u0113rotas, ja pat\u0113r\u0113t\u0101js ir atv\u0113ris preci, kas pieg\u0101d\u0101ta sl\u0113gt\u0101 iepakojum\u0101, kur\u0161 nav piem\u0113rots atgrie\u0161anai vesel\u012bbas vai higi\u0113nas apsv\u0113rumu d\u0113\u013c, vai ja preces vai pakalpojumi p\u0113c savas b\u016bt\u012bbas nav atgrie\u017eami atpaka\u013c ZIZ 53. panta 4. punkta izpratn\u0113 (piem\u0113ram, apak\u0161ve\u013ca, kr\u016b\u0161turi, peldkost\u012bmi un sau\u013co\u0161an\u0101s kost\u012bmi, ze\u0137es, kosm\u0113tikas l\u012bdzek\u013ci atv\u0113rt\u0101 iepakojum\u0101, smar\u017eas, tualetes piederumi, segas un spilveni).<\/span><\/p><p><span style=\"font-weight: 400;\">Atteikuma ties\u012bbas nav sp\u0113k\u0101, ja pirc\u0113js ir juridiska persona.<\/span><\/p><p><span style=\"font-weight: 400;\">Atgrie\u017eamo pre\u010du boj\u0101\u0161an\u0101s gad\u012bjum\u0101 pat\u0113r\u0113t\u0101js ir atbild\u012bgs par v\u0113rt\u012bbas zudumu, kas radies pre\u010du lieto\u0161anas rezult\u0101t\u0101, tikai tad, ja vi\u0146\u0161 preces ir lietojis cit\u0101di, nek\u0101 nepiecie\u0161ams, lai p\u0101rliecin\u0101tos par to raksturu, \u012bpa\u0161\u012bb\u0101m un darb\u012bbu. Lai p\u0101rliecin\u0101tos par pre\u010du raksturu, \u012bpa\u0161\u012bb\u0101m un darb\u012bbu, pat\u0113r\u0113t\u0101jam ar t\u0101m j\u0101r\u012bkojas un t\u0101s j\u0101lieto tikai t\u0101, k\u0101 tas parasti b\u016btu at\u013cauts dar\u012bt veikal\u0101. (Piem\u0113ram, veikal\u0101 var pielaikot ap\u0123\u0113rbu, ta\u010du no ap\u0123\u0113rba nedr\u012bkst no\u0146emt eti\u0137etes, un ap\u0123\u0113rbs nedr\u012bkst b\u016bt net\u012brs, boj\u0101ts vai pies\u016bcin\u0101ts ar smar\u017e\u0101m, d\u016bmiem vai jebk\u0101du citu nepat\u012bkamu smaku). T\u0101p\u0113c nevar izsl\u0113gt, ka preces v\u0113rt\u012bba boj\u0101juma rezult\u0101t\u0101 ir samazin\u0101jusies l\u012bdz nullei, un K&amp;N O\u00dc ir ties\u012bbas piepras\u012bt kompens\u0101ciju par v\u0113rt\u012bbas samazin\u0101jumu. Boj\u0101t\u0101s preces transport\u0113\u0161anas izmaksas sedz pat\u0113r\u0113t\u0101js.<\/span><\/p><p><span style=\"font-weight: 400;\">Lai atgrieztu preces, jums j\u0101aizpilda atteikuma veidlapa 14 dienu laik\u0101 p\u0113c pre\u010du sa\u0146em\u0161anas, izmantojot t\u012bmek\u013ca vietni. <\/span><a href=\"http:\/\/www.karinibutiik.ee\/lv\/\"><span style=\"font-weight: 400;\">www.karinibutiik.ee<\/span><\/a><span style=\"font-weight: 400;\"> ir \u0161\u0101ds. Atteikuma veidlapu var atrast \u0161eit: <\/span><strong><a href=\"https:\/\/www.karinibutiik.ee\/lv\/tagasta-kaup\/\">Atteikuma veidlapa<\/a>\u00a0<\/strong><\/p><p><span style=\"font-weight: 400;\">Pat\u0113r\u0113t\u0101jam ir vai nu j\u0101atgrie\u017e preces 14 dienu laik\u0101 p\u0113c piepras\u012bjuma, vai ar\u012b j\u0101iesniedz pier\u0101d\u012bjums, ka vi\u0146\u0161 t\u0101s ir nodevis lo\u0123istikas uz\u0146\u0113mumam iepriek\u0161 min\u0113taj\u0101 termi\u0146\u0101. Pre\u010du atgrie\u0161anas izmaksas sedz pirc\u0113js, ja vien pre\u010du atgrie\u0161anas iemesls nav t\u0101ds, ka atgrie\u017eam\u0101s preces neatbilst pas\u016bt\u012btaj\u0101m (piem\u0113ram, nepareizas vai boj\u0101tas preces).<\/span><\/p><p><span style=\"font-weight: 400;\">P\u0113c pazi\u0146ojuma par atteikumu sa\u0146em\u0161anas K&amp;N O\u00dc bez nepamatotas kav\u0113\u0161an\u0101s, bet ne v\u0113l\u0101k k\u0101 14 dienu laik\u0101 p\u0113c pazi\u0146ojuma par atteikumu sa\u0146em\u0161anas, atmaks\u0101 Pat\u0113r\u0113t\u0101jam visas no Pat\u0113r\u0113t\u0101ja saska\u0146\u0101 ar L\u012bgumu sa\u0146emt\u0101s maksas. K&amp;N O\u00dc ir ties\u012bbas aizkav\u0113t atmaksu l\u012bdz br\u012bdim, kad Pat\u0113r\u0113t\u0101js ir atgriezis ra\u017eojumu vai iesniedzis pier\u0101d\u012bjumus, ka Pat\u0113r\u0113t\u0101js ir atgriezis ra\u017eojumu.<\/span><\/p><p><span style=\"font-weight: 400;\">Ja pirc\u0113js ir nep\u0101rprotami izv\u0113l\u0113jies pieg\u0101des veidu, kas nav visl\u0113t\u0101kais pieg\u0101des veids, ko pied\u0101v\u0101 Interneta veikals, Interneta veikalam nav pien\u0101kuma atl\u012bdzin\u0101t pat\u0113r\u0113t\u0101jam izmaksas, kas p\u0101rsniedz parast\u0101 pieg\u0101des veida izmaksas.<\/span><\/p>\t\t\t\t\t\t\t\t<\/div>\n\t\t\t\t<\/div>\n\t\t\t\t<\/div>\n\t\t\t\t\t<\/div>\n\t\t\t\t<\/div>\n\t\t\t\t<\/div>","protected":false},"excerpt":{"rendered":"<p>Tagastustingimused Lepingust taganemine P\u00e4rast tellimuse k\u00e4ttesaamist on Tarbijal \u00f5igus e-poes s\u00f5lmitud lepingust taganeda p\u00f5hjust avaldamata 14 p\u00e4eva jooksul. 14-p\u00e4evane taganemis\u00f5igus [&hellip;]<\/p>\n","protected":false},"author":3,"featured_media":0,"parent":0,"menu_order":0,"comment_status":"closed","ping_status":"closed","template":"elementor_header_footer","meta":{"site-sidebar-layout":"default","site-content-layout":"","ast-site-content-layout":"default","site-content-style":"default","site-sidebar-style":"default","ast-global-header-display":"","ast-banner-title-visibility":"","ast-main-header-display":"","ast-hfb-above-header-display":"","ast-hfb-below-header-display":"","ast-hfb-mobile-header-display":"","site-post-title":"","ast-breadcrumbs-content":"","ast-featured-img":"","footer-sml-layout":"","ast-disable-related-posts":"","theme-transparent-header-meta":"","adv-header-id-meta":"","stick-header-meta":"","header-above-stick-meta":"","header-main-stick-meta":"","header-below-stick-meta":"","astra-migrate-meta-layouts":"default","ast-page-background-enabled":"default","ast-page-background-meta":{"desktop":{"background-color":"var(--ast-global-color-4)","background-image":"","background-repeat":"repeat","background-position":"center center","background-size":"auto","background-attachment":"scroll","background-type":"","background-media":"","overlay-type":"","overlay-color":"","overlay-opacity":"","overlay-gradient":""},"tablet":{"background-color":"","background-image":"","background-repeat":"repeat","background-position":"center center","background-size":"auto","background-attachment":"scroll","background-type":"","background-media":"","overlay-type":"","overlay-color":"","overlay-opacity":"","overlay-gradient":""},"mobile":{"background-color":"","background-image":"","background-repeat":"repeat","background-position":"center center","background-size":"auto","background-attachment":"scroll","background-type":"","background-media":"","overlay-type":"","overlay-color":"","overlay-opacity":"","overlay-gradient":""}},"ast-content-background-meta":{"desktop":{"background-color":"var(--ast-global-color-5)","background-image":"","background-repeat":"repeat","background-position":"center center","background-size":"auto","background-attachment":"scroll","background-type":"","background-media":"","overlay-type":"","overlay-color":"","overlay-opacity":"","overlay-gradient":""},"tablet":{"background-color":"var(--ast-global-color-5)","background-image":"","background-repeat":"repeat","background-position":"center center","background-size":"auto","background-attachment":"scroll","background-type":"","background-media":"","overlay-type":"","overlay-color":"","overlay-opacity":"","overlay-gradient":""},"mobile":{"background-color":"var(--ast-global-color-5)","background-image":"","background-repeat":"repeat","background-position":"center center","background-size":"auto","background-attachment":"scroll","background-type":"","background-media":"","overlay-type":"","overlay-color":"","overlay-opacity":"","overlay-gradient":""}},"footnotes":""},"class_list":["post-1044","page","type-page","status-publish","hentry"],"yoast_head":"<!-- This site is optimized with the Yoast SEO plugin v26.9 - https:\/\/yoast.com\/product\/yoast-seo-wordpress\/ -->\n<title>Tagastustingimused - Karini Butiik<\/title>\n<meta name=\"robots\" content=\"index, follow, max-snippet:-1, max-image-preview:large, max-video-preview:-1\" \/>\n<link rel=\"canonical\" href=\"https:\/\/www.karinibutiik.ee\/lv\/atgriesanas-nosacijumi\/\" \/>\n<meta property=\"og:locale\" content=\"lv_LV\" \/>\n<meta property=\"og:type\" content=\"article\" \/>\n<meta property=\"og:title\" content=\"Tagastustingimused - Karini Butiik\" \/>\n<meta property=\"og:description\" content=\"Tagastustingimused Lepingust taganemine P\u00e4rast tellimuse k\u00e4ttesaamist on Tarbijal \u00f5igus e-poes s\u00f5lmitud lepingust taganeda p\u00f5hjust avaldamata 14 p\u00e4eva jooksul. 14-p\u00e4evane taganemis\u00f5igus [&hellip;]\" \/>\n<meta property=\"og:url\" content=\"https:\/\/www.karinibutiik.ee\/lv\/atgriesanas-nosacijumi\/\" \/>\n<meta property=\"og:site_name\" content=\"Karini Butiik\" \/>\n<meta property=\"article:publisher\" content=\"https:\/\/www.facebook.com\/karinibutiik.ee\" \/>\n<meta property=\"article:modified_time\" content=\"2024-03-27T11:54:08+00:00\" \/>\n<meta property=\"og:image\" content=\"https:\/\/www.karinibutiik.ee\/wp-content\/uploads\/2024\/10\/Karinibutiikavaleht.png\" \/>\n\t<meta property=\"og:image:width\" content=\"1209\" \/>\n\t<meta property=\"og:image:height\" content=\"835\" \/>\n\t<meta property=\"og:image:type\" content=\"image\/png\" \/>\n<meta name=\"twitter:card\" content=\"summary_large_image\" \/>\n<meta name=\"twitter:label1\" content=\"Est. reading time\" \/>\n\t<meta name=\"twitter:data1\" content=\"2 min\u016btes\" \/>\n<script type=\"application\/ld+json\" class=\"yoast-schema-graph\">{\"@context\":\"https:\/\/schema.org\",\"@graph\":[{\"@type\":\"WebPage\",\"@id\":\"https:\/\/www.karinibutiik.ee\/tagastustingimused\/\",\"url\":\"https:\/\/www.karinibutiik.ee\/tagastustingimused\/\",\"name\":\"Tagastustingimused - Karini Butiik\",\"isPartOf\":{\"@id\":\"https:\/\/www.karinibutiik.ee\/#website\"},\"datePublished\":\"2024-03-20T11:22:05+00:00\",\"dateModified\":\"2024-03-27T11:54:08+00:00\",\"breadcrumb\":{\"@id\":\"https:\/\/www.karinibutiik.ee\/tagastustingimused\/#breadcrumb\"},\"inLanguage\":\"lv-LV\",\"potentialAction\":[{\"@type\":\"ReadAction\",\"target\":[\"https:\/\/www.karinibutiik.ee\/tagastustingimused\/\"]}]},{\"@type\":\"BreadcrumbList\",\"@id\":\"https:\/\/www.karinibutiik.ee\/tagastustingimused\/#breadcrumb\",\"itemListElement\":[{\"@type\":\"ListItem\",\"position\":1,\"name\":\"Home\",\"item\":\"https:\/\/www.karinibutiik.ee\/\"},{\"@type\":\"ListItem\",\"position\":2,\"name\":\"Tagastustingimused\"}]},{\"@type\":\"WebSite\",\"@id\":\"https:\/\/www.karinibutiik.ee\/#website\",\"url\":\"https:\/\/www.karinibutiik.ee\/\",\"name\":\"Karini Butiik\",\"description\":\"\",\"publisher\":{\"@id\":\"https:\/\/www.karinibutiik.ee\/#organization\"},\"potentialAction\":[{\"@type\":\"SearchAction\",\"target\":{\"@type\":\"EntryPoint\",\"urlTemplate\":\"https:\/\/www.karinibutiik.ee\/?s={search_term_string}\"},\"query-input\":{\"@type\":\"PropertyValueSpecification\",\"valueRequired\":true,\"valueName\":\"search_term_string\"}}],\"inLanguage\":\"lv-LV\"},{\"@type\":\"Organization\",\"@id\":\"https:\/\/www.karinibutiik.ee\/#organization\",\"name\":\"Karini Butiik\",\"url\":\"https:\/\/www.karinibutiik.ee\/\",\"logo\":{\"@type\":\"ImageObject\",\"inLanguage\":\"lv-LV\",\"@id\":\"https:\/\/www.karinibutiik.ee\/#\/schema\/logo\/image\/\",\"url\":\"https:\/\/www.karinibutiik.ee\/wp-content\/uploads\/2024\/10\/Kuj.-K-koopia.png\",\"contentUrl\":\"https:\/\/www.karinibutiik.ee\/wp-content\/uploads\/2024\/10\/Kuj.-K-koopia.png\",\"width\":500,\"height\":500,\"caption\":\"Karini Butiik\"},\"image\":{\"@id\":\"https:\/\/www.karinibutiik.ee\/#\/schema\/logo\/image\/\"},\"sameAs\":[\"https:\/\/www.facebook.com\/karinibutiik.ee\",\"https:\/\/www.instagram.com\/karinibutiik\"]}]}<\/script>\n<!-- \/ Yoast SEO plugin. -->","yoast_head_json":{"title":"Atgrie\u0161an\u0101s nosac\u012bjumi - Karini Butiik","robots":{"index":"index","follow":"follow","max-snippet":"max-snippet:-1","max-image-preview":"max-image-preview:large","max-video-preview":"max-video-preview:-1"},"canonical":"https:\/\/www.karinibutiik.ee\/lv\/atgriesanas-nosacijumi\/","og_locale":"lv_LV","og_type":"article","og_title":"Tagastustingimused - Karini Butiik","og_description":"Tagastustingimused Lepingust taganemine P\u00e4rast tellimuse k\u00e4ttesaamist on Tarbijal \u00f5igus e-poes s\u00f5lmitud lepingust taganeda p\u00f5hjust avaldamata 14 p\u00e4eva jooksul. 14-p\u00e4evane taganemis\u00f5igus [&hellip;]","og_url":"https:\/\/www.karinibutiik.ee\/lv\/atgriesanas-nosacijumi\/","og_site_name":"Karini Butiik","article_publisher":"https:\/\/www.facebook.com\/karinibutiik.ee","article_modified_time":"2024-03-27T11:54:08+00:00","og_image":[{"width":1209,"height":835,"url":"https:\/\/www.karinibutiik.ee\/wp-content\/uploads\/2024\/10\/Karinibutiikavaleht.png","type":"image\/png"}],"twitter_card":"summary_large_image","twitter_misc":{"Est. reading time":"2 min\u016btes"},"schema":{"@context":"https:\/\/schema.org","@graph":[{"@type":"WebPage","@id":"https:\/\/www.karinibutiik.ee\/tagastustingimused\/","url":"https:\/\/www.karinibutiik.ee\/tagastustingimused\/","name":"Atgrie\u0161an\u0101s nosac\u012bjumi - Karini Butiik","isPartOf":{"@id":"https:\/\/www.karinibutiik.ee\/#website"},"datePublished":"2024-03-20T11:22:05+00:00","dateModified":"2024-03-27T11:54:08+00:00","breadcrumb":{"@id":"https:\/\/www.karinibutiik.ee\/tagastustingimused\/#breadcrumb"},"inLanguage":"lv-LV","potentialAction":[{"@type":"ReadAction","target":["https:\/\/www.karinibutiik.ee\/tagastustingimused\/"]}]},{"@type":"BreadcrumbList","@id":"https:\/\/www.karinibutiik.ee\/tagastustingimused\/#breadcrumb","itemListElement":[{"@type":"ListItem","position":1,"name":"Home","item":"https:\/\/www.karinibutiik.ee\/"},{"@type":"ListItem","position":2,"name":"Tagastustingimused"}]},{"@type":"WebSite","@id":"https:\/\/www.karinibutiik.ee\/#website","url":"https:\/\/www.karinibutiik.ee\/","name":"Karini Butiik","description":"","publisher":{"@id":"https:\/\/www.karinibutiik.ee\/#organization"},"potentialAction":[{"@type":"SearchAction","target":{"@type":"EntryPoint","urlTemplate":"https:\/\/www.karinibutiik.ee\/?s={search_term_string}"},"query-input":{"@type":"PropertyValueSpecification","valueRequired":true,"valueName":"search_term_string"}}],"inLanguage":"lv-LV"},{"@type":"Organization","@id":"https:\/\/www.karinibutiik.ee\/#organization","name":"Karini Butiik","url":"https:\/\/www.karinibutiik.ee\/","logo":{"@type":"ImageObject","inLanguage":"lv-LV","@id":"https:\/\/www.karinibutiik.ee\/#\/schema\/logo\/image\/","url":"https:\/\/www.karinibutiik.ee\/wp-content\/uploads\/2024\/10\/Kuj.-K-koopia.png","contentUrl":"https:\/\/www.karinibutiik.ee\/wp-content\/uploads\/2024\/10\/Kuj.-K-koopia.png","width":500,"height":500,"caption":"Karini Butiik"},"image":{"@id":"https:\/\/www.karinibutiik.ee\/#\/schema\/logo\/image\/"},"sameAs":["https:\/\/www.facebook.com\/karinibutiik.ee","https:\/\/www.instagram.com\/karinibutiik"]}]}},"_links":{"self":[{"href":"https:\/\/www.karinibutiik.ee\/lv\/wp-json\/wp\/v2\/pages\/1044","targetHints":{"allow":["GET"]}}],"collection":[{"href":"https:\/\/www.karinibutiik.ee\/lv\/wp-json\/wp\/v2\/pages"}],"about":[{"href":"https:\/\/www.karinibutiik.ee\/lv\/wp-json\/wp\/v2\/types\/page"}],"author":[{"embeddable":true,"href":"https:\/\/www.karinibutiik.ee\/lv\/wp-json\/wp\/v2\/users\/3"}],"replies":[{"embeddable":true,"href":"https:\/\/www.karinibutiik.ee\/lv\/wp-json\/wp\/v2\/comments?post=1044"}],"version-history":[{"count":16,"href":"https:\/\/www.karinibutiik.ee\/lv\/wp-json\/wp\/v2\/pages\/1044\/revisions"}],"predecessor-version":[{"id":1682,"href":"https:\/\/www.karinibutiik.ee\/lv\/wp-json\/wp\/v2\/pages\/1044\/revisions\/1682"}],"wp:attachment":[{"href":"https:\/\/www.karinibutiik.ee\/lv\/wp-json\/wp\/v2\/media?parent=1044"}],"curies":[{"name":"wp","href":"https:\/\/api.w.org\/{rel}","templated":true}]}}