{"id":2308,"date":"2024-03-15T11:16:46","date_gmt":"2024-03-15T11:16:46","guid":{"rendered":"https:\/\/www.karinibutiik.ee\/terms-of-sale\/"},"modified":"2024-04-02T16:33:34","modified_gmt":"2024-04-02T16:33:34","slug":"terms-of-sale","status":"publish","type":"page","link":"https:\/\/www.karinibutiik.ee\/lv\/terms-of-sale\/","title":{"rendered":"Terms of sale"},"content":{"rendered":"<div data-elementor-type=\"wp-page\" data-elementor-id=\"2308\" class=\"elementor elementor-2308\" data-elementor-post-type=\"page\">\n\t\t\t\t<div class=\"elementor-element elementor-element-e51b91c e-flex e-con-boxed e-con e-parent\" data-id=\"e51b91c\" data-element_type=\"container\">\n\t\t\t\t\t<div class=\"e-con-inner\">\n\t\t<div class=\"elementor-element elementor-element-19aadfd e-con-full e-flex e-con e-child\" data-id=\"19aadfd\" data-element_type=\"container\">\n\t\t\t\t<div class=\"elementor-element elementor-element-234895f elementor-widget elementor-widget-text-editor\" data-id=\"234895f\" data-element_type=\"widget\" data-widget_type=\"text-editor.default\">\n\t\t\t\t<div class=\"elementor-widget-container\">\n\t\t\t\t\t\t\t\t\t<p>Terms of sale<\/p>\n\t\t\t\t\t\t\t\t<\/div>\n\t\t\t\t<\/div>\n\t\t\t\t<div class=\"elementor-element elementor-element-a20d6a8 elementor-widget elementor-widget-text-editor\" data-id=\"a20d6a8\" data-element_type=\"widget\" data-widget_type=\"text-editor.default\">\n\t\t\t\t<div class=\"elementor-widget-container\">\n\t\t\t\t\t\t\t\t\t<p><b>The owner of the online store KariniButiik.ee (hereinafter the Online Store) is O\u00dc K&amp;N (registration code 12920674), located at Suve 2 Tallinn.<\/b><\/p>\n<p><b>Validity of sales conditions<\/b><\/p>\n<p><span style=\"font-weight: 400\">The terms of sale apply to the purchase of goods and services from the KARINIBUTIIK.EE online store between the buyer (hereinafter the Consumer) and the company K&amp;N O\u00dc (hereinafter the KARINIBUTIIK.EE Online Store).<\/span><\/p>\n<p><span style=\"font-weight: 400\">In addition to these terms and conditions &nbsp; legal relationships arising when purchasing products from the KARINIBUTIIK.EE online store are governed by the Law of Obligations Act (hereinafter V\u00d5S), the Consumer Protection Act (hereinafter TKS) and other legislation in force in the Republic of Estonia.<\/span><\/p>\n<p><span style=\"font-weight: 400\">Online store &nbsp; KARINIBUTIIK.EE reserves the right to make changes to the terms of sale. The mentioned changes are reflected on the website www.karinibutiik.ee<\/span><\/p>\n<p><b>Price information<\/b><\/p>\n<p><span style=\"font-weight: 400\">All prices shown in the online store &nbsp; .KARINIBUTIIK.EE are in euros and include VAT.<\/span><\/p>\n<p><span style=\"font-weight: 400\">The cost of transport is added to the purchase price according to the delivery method chosen by the Consumer.<\/span><\/p>\n<p><span style=\"font-weight: 400\">Prices are valid from the time the order is placed until the payment deadline for the placed order expires (1 day after the order is placed).<\/span><\/p>\n<p><span style=\"font-weight: 400\">If the order is submitted before the sales conditions or prices are changed, the legal relations between the Consumer and K&amp;N O\u00dc will be subject to the conditions valid at the time the order was placed.<\/span><\/p>\n<p><span style=\"font-weight: 400\">Online store &nbsp;KARINIBUTIIK.EE reserves the right to make changes in sales prices. The mentioned changes are reflected on the website www.karinibutiik.ee<\/span><\/p>\n<p><b>Forming the order<\/b><\/p>\n<p><span style=\"font-weight: 400\">To order the goods, you must add the desired products to the shopping cart. To complete the order, you must fill in the required data fields and choose the appropriate method of product delivery. The amount of the fee is then displayed on the screen, which can be paid via a bank link or using another payment solution. Details for making a euro payment, including all applicable national taxes and additional fees, can be found on the invoice displayed on the screen after confirming the order. An order confirmation with an invoice will also be sent to your registered e-mail address.<\/span><\/p>\n<p><span style=\"font-weight: 400\">Fill in the data and the cells on the order confirmation page carefully, because the speedy and trouble-free delivery of your purchased products and the subsequent resolution of disputes and claims depend on the accuracy and correctness of the information provided.<\/span><\/p>\n<p><span style=\"font-weight: 400\">The contract enters into force from the receipt of the amount to be paid to the current account of the Online Store.<\/span><\/p>\n<p><span style=\"font-weight: 400\">If the ordered goods cannot be delivered due to the end of the goods or for some other reason, the buyer will be informed of this as soon as possible and the money paid (including the costs of delivering the goods) will be returned, generally within 1-2 working days. Depending on the payment method, it may take up to 7 working days to arrive.<\/span><\/p>\n<p><span style=\"font-weight: 400\">Orders placed in the online store are processed on working days (Mon\u2212Fri 10.00\u221217.00). Orders placed in the online store are processed on working days (Mon\u2212Fri 10.00\u221217.00).<\/span><\/p>\n<p><span style=\"font-weight: 400\">The online store has the right to withdraw from the sales transaction and demand the return of the goods from the buyer if the price of the goods in the online store is marked significantly below the market price of the goods due to an error.<\/span><\/p>\n<p><b>Entry into force of the sales contract<\/b><\/p>\n<p><span style=\"font-weight: 400\">With the contract of sale of goods, the online store &nbsp;KARINIBUTIIK.EE undertakes to hand over to the Consumer the existing Goods, which are manufactured or acquired by the online store &nbsp;KARINIBUTIIK.EE in the future, and to enable the transfer of ownership to the Consumer, while the Consumer undertakes to pay the online store &nbsp;KARINIBUTIIK.EE for the Goods the amount indicated on the presented invoice and accept the Goods.<\/span><\/p>\n<p><span style=\"font-weight: 400\">Orders that have not been paid for will be canceled 1 day after the order was placed.<\/span><\/p>\n<p><span style=\"font-weight: 400\">The sales contract enters into force after the payment made by the Consumer is received in the bank account of K&amp;N O\u00dc.<\/span><\/p>\n<p><b>Delivery<\/b><\/p>\n<p><span style=\"font-weight: 400\">Goods are sent to the following countries: Estonia, Latvia, Lithuania, Finland<\/span><\/p>\n<p><span style=\"font-weight: 400\">The shipping costs of the goods are borne by the buyer, and the corresponding price information is displayed next to the shipping method.<\/span><\/p>\n<p><span style=\"font-weight: 400\">Shipments within Estonia generally arrive at the destination specified by the buyer within 1-3 working days from the entry into force of the sales contract. Delivery outside Estonia takes place within 3-7 calendar days. In exceptional cases, you have the right to deliver the goods within 30 calendar days<\/span><\/p>\n<p><span style=\"font-weight: 400\">The online store KARINIBUTIIK.EE is not responsible for the delay in the delivery of goods if the goods have been handed over to the logistics partners on time, but the delay in delivery is due to circumstances that the online store KARINIBUTIIK.EE could not influence or foresee.<\/span><\/p>\n<p><b>Force Majeure<\/b><\/p>\n<p><span style=\"font-weight: 400\">The online store KARINIBUTIIK.EE is not responsible for damages caused to the Customer or the delay in the delivery of the goods in the event that the damage or the delay in the delivery of the goods is due to circumstances that the online store&nbsp; KARINIBUTIIK.EE could not influence or foresee.<\/span><\/p>\n<p><span style=\"font-weight: 400\">Online store &nbsp; KARINIBUTIIK.EE is not responsible for color differences due to screen settings.<\/span><\/p>\n<p><b>Processing of personal data<\/b><\/p>\n<p><span style=\"font-weight: 400\">By entering data in the online store and with the corresponding confirmation, the Consumer gives the right to collect and process the Consumer&#8217;s personal data (name, contact phone number, package delivery and\/or home address, e-mail address) and to transmit personal data to the logistics partner for the delivery of the goods.<\/span><\/p>\n<p><span style=\"font-weight: 400\">The online store &nbsp;KARINIBUTIIK.EE has the right to use the address of the Consumer&#8217;s home or location to transmit advertising and other information to the Consumer.<\/span><\/p>\n<p><span style=\"font-weight: 400\">The consumer has the right to prohibit the collection and use of his personal data at any time, unless it is necessary to collect a claim arising from the contract or to deliver the goods.<\/span><\/p>\n<p><span style=\"font-weight: 400\">The use of electronic personal data for direct mail takes place only if the Consumer has given separate consent for this on the website &nbsp;KARINIBUTIIK.EE (to the direct mail module)<\/span><\/p>\n<p><span style=\"font-weight: 400\">Encrypted data communication with banks when paying for purchases ensures the security of the Consumer&#8217;s personal bank credentials, and the Online Store does not have access to them either.<\/span><\/p>\n<p><b>Intellectual property and its use<\/b><\/p>\n<p><span style=\"font-weight: 400\">All intellectual property &nbsp; on the KARINIBUTIIK.EE website and Facebook and Instagram fan page is the property of K&amp;N O\u00dc and protected by copyright law.<\/span><\/p>\n<p><span style=\"font-weight: 400\">It is prohibited to copy, distribute, publish for commercial purposes, use in mass media or in any other way without the consent of the author.<\/span><\/p>\n<p><b>Procedure for submitting claims<\/b><\/p>\n<p><span style=\"font-weight: 400\">The online store is responsible for the non-compliance of the goods sold to the buyer with the contract conditions or a defect that already existed at the time of handing over the item and that appears within two years from the handing over of the goods to the buyer. Within the first six months from the delivery of the item to the buyer, it is assumed that the defect was already present at the time of delivery of the item. It is the Webshop&#8217;s responsibility to refute the corresponding assumption.<\/span><\/p>\n<p><span style=\"font-weight: 400\">In the event of a defect, the buyer has the right to contact the online store within two months at the latest, by sending an e-mail to the address s\u00e4m\u00e4s\u00e4@karinibutiik.ee or by calling the phone number: +372 56 14 14 97.<\/span><\/p>\n<p><span style=\"font-weight: 400\">The online store is not responsible for defects that have occurred after the goods have been handed over to the buyer.<\/span><\/p>\n<p><span style=\"font-weight: 400\">If the goods purchased from the Online Store have defects for which the Online Store is responsible, the Online Store will repair or replace the defective goods. If it is not possible to repair or replace the goods, the Webshop will return all fees associated with the sales contract to the buyer.<\/span><\/p>\n<p><span style=\"font-weight: 400\">The online store responds to the consumer&#8217;s complaint in writing or in a form that enables written reproduction within 15 days.<\/span><\/p>\n<p><b>Direct marketing and personal data processing<\/b><\/p>\n<p><span style=\"font-weight: 400\">The online store KARINIBUTIIK.EE uses the personal data entered by the buyer (including name, phone number, address, e-mail address, bank details) only to process the order and send the goods to the buyer. Online store KARINIBUTIIK.EE &nbsp;Transfers personal data to companies providing transport services in order to deliver goods.<\/span><\/p>\n<p><span style=\"font-weight: 400\">The online store KARINIBUTIIK.EE &nbsp;will send the buyer newsletters and offers to the buyer&#8217;s e-mail address only if the buyer has expressed his desire to do so by entering an e-mail address on the website and has indicated his wish to receive direct mail notifications.<\/span><\/p>\n<p><span style=\"font-weight: 400\">The buyer can opt out of offers and newsletters sent to e-mail at any time by notifying us by e-mail or by following the instructions in the e-mail containing the offers.<\/span><\/p>\n<p><b>Solving arguments<\/b><\/p>\n<p><span style=\"font-weight: 400\">If the buyer has any complaints about the Online Store, they must be sent by e-mail to the address teussom@karinibutiik.ee or by calling +372 56 14 14 97. If the buyer and the Online Store cannot resolve the dispute by agreement, the buyer can appeal to the Consumer Disputes Committee&nbsp;<\/span><span style=\"font-weight: 400\">(Endla 10A, 10122 Tallinn; phone 6201 707; e-mail avaldus@komisjon.ee) <\/span><span style=\"font-weight: 400\">You can familiarize yourself with the procedural conditions and submit an application <\/span><strong><a href=\"https:\/\/komisjon.ee\/et\">here.<\/a><\/strong><span style=\"font-weight: 400\"><strong>&nbsp;<\/strong>The competence of the Consumer Disputes Committee is to resolve disputes arising from the contract concluded between the buyer and the Online Store. Review of the buyer&#8217;s complaint by the commission is free of charge.<\/span><\/p>\n<p><span style=\"font-weight: 400\">The buyer can contact the European Union platform for resolving consumer&nbsp;<\/span><strong><a href=\"https:\/\/ec.europa.eu\/consumers\/odr\/main\/index.cfm?event=main.home.chooseLanguage\">here<\/a>.<\/strong><\/p>\t\t\t\t\t\t\t\t<\/div>\n\t\t\t\t<\/div>\n\t\t\t\t<\/div>\n\t\t\t\t\t<\/div>\n\t\t\t\t<\/div>\n\t\t\t\t<\/div>","protected":false},"excerpt":{"rendered":"<p>Terms of sale The owner of the online store KariniButiik.ee (hereinafter the Online Store) is O\u00dc K&amp;N (registration code 12920674), [&hellip;]<\/p>\n","protected":false},"author":3,"featured_media":0,"parent":0,"menu_order":0,"comment_status":"closed","ping_status":"closed","template":"elementor_header_footer","meta":{"site-sidebar-layout":"default","site-content-layout":"","ast-site-content-layout":"default","site-content-style":"default","site-sidebar-style":"default","ast-global-header-display":"","ast-banner-title-visibility":"","ast-main-header-display":"","ast-hfb-above-header-display":"","ast-hfb-below-header-display":"","ast-hfb-mobile-header-display":"","site-post-title":"","ast-breadcrumbs-content":"","ast-featured-img":"","footer-sml-layout":"","ast-disable-related-posts":"","theme-transparent-header-meta":"","adv-header-id-meta":"","stick-header-meta":"","header-above-stick-meta":"","header-main-stick-meta":"","header-below-stick-meta":"","astra-migrate-meta-layouts":"default","ast-page-background-enabled":"default","ast-page-background-meta":{"desktop":{"background-color":"var(--ast-global-color-4)","background-image":"","background-repeat":"repeat","background-position":"center center","background-size":"auto","background-attachment":"scroll","background-type":"","background-media":"","overlay-type":"","overlay-color":"","overlay-opacity":"","overlay-gradient":""},"tablet":{"background-color":"","background-image":"","background-repeat":"repeat","background-position":"center center","background-size":"auto","background-attachment":"scroll","background-type":"","background-media":"","overlay-type":"","overlay-color":"","overlay-opacity":"","overlay-gradient":""},"mobile":{"background-color":"","background-image":"","background-repeat":"repeat","background-position":"center center","background-size":"auto","background-attachment":"scroll","background-type":"","background-media":"","overlay-type":"","overlay-color":"","overlay-opacity":"","overlay-gradient":""}},"ast-content-background-meta":{"desktop":{"background-color":"var(--ast-global-color-5)","background-image":"","background-repeat":"repeat","background-position":"center center","background-size":"auto","background-attachment":"scroll","background-type":"","background-media":"","overlay-type":"","overlay-color":"","overlay-opacity":"","overlay-gradient":""},"tablet":{"background-color":"var(--ast-global-color-5)","background-image":"","background-repeat":"repeat","background-position":"center center","background-size":"auto","background-attachment":"scroll","background-type":"","background-media":"","overlay-type":"","overlay-color":"","overlay-opacity":"","overlay-gradient":""},"mobile":{"background-color":"var(--ast-global-color-5)","background-image":"","background-repeat":"repeat","background-position":"center center","background-size":"auto","background-attachment":"scroll","background-type":"","background-media":"","overlay-type":"","overlay-color":"","overlay-opacity":"","overlay-gradient":""}},"footnotes":""},"class_list":["post-2308","page","type-page","status-publish","hentry"],"yoast_head":"<!-- This site is optimized with the Yoast SEO plugin v26.9 - https:\/\/yoast.com\/product\/yoast-seo-wordpress\/ -->\n<title>Terms of sale - Karini Butiik<\/title>\n<meta name=\"robots\" content=\"index, follow, max-snippet:-1, max-image-preview:large, max-video-preview:-1\" \/>\n<link rel=\"canonical\" href=\"https:\/\/www.karinibutiik.ee\/lv\/terms-of-sale\/\" \/>\n<meta property=\"og:locale\" content=\"lv_LV\" \/>\n<meta property=\"og:type\" content=\"article\" \/>\n<meta property=\"og:title\" content=\"Terms of sale - Karini Butiik\" \/>\n<meta property=\"og:description\" content=\"Terms of sale The owner of the online store KariniButiik.ee (hereinafter the Online Store) is O\u00dc K&amp;N (registration code 12920674), [&hellip;]\" \/>\n<meta property=\"og:url\" content=\"https:\/\/www.karinibutiik.ee\/lv\/terms-of-sale\/\" \/>\n<meta property=\"og:site_name\" content=\"Karini Butiik\" \/>\n<meta property=\"article:publisher\" content=\"https:\/\/www.facebook.com\/karinibutiik.ee\" \/>\n<meta property=\"article:modified_time\" content=\"2024-04-02T16:33:34+00:00\" \/>\n<meta property=\"og:image\" content=\"https:\/\/www.karinibutiik.ee\/wp-content\/uploads\/2024\/10\/Karinibutiikavaleht.png\" \/>\n\t<meta property=\"og:image:width\" content=\"1209\" \/>\n\t<meta property=\"og:image:height\" content=\"835\" \/>\n\t<meta property=\"og:image:type\" content=\"image\/png\" \/>\n<meta name=\"twitter:card\" content=\"summary_large_image\" \/>\n<meta name=\"twitter:label1\" content=\"Est. reading time\" \/>\n\t<meta name=\"twitter:data1\" content=\"8 min\u016btes\" \/>\n<script type=\"application\/ld+json\" class=\"yoast-schema-graph\">{\"@context\":\"https:\/\/schema.org\",\"@graph\":[{\"@type\":\"WebPage\",\"@id\":\"https:\/\/www.karinibutiik.ee\/terms-of-sale\/\",\"url\":\"https:\/\/www.karinibutiik.ee\/terms-of-sale\/\",\"name\":\"Terms of sale - Karini Butiik\",\"isPartOf\":{\"@id\":\"https:\/\/www.karinibutiik.ee\/#website\"},\"datePublished\":\"2024-03-15T11:16:46+00:00\",\"dateModified\":\"2024-04-02T16:33:34+00:00\",\"breadcrumb\":{\"@id\":\"https:\/\/www.karinibutiik.ee\/terms-of-sale\/#breadcrumb\"},\"inLanguage\":\"lv-LV\",\"potentialAction\":[{\"@type\":\"ReadAction\",\"target\":[\"https:\/\/www.karinibutiik.ee\/terms-of-sale\/\"]}]},{\"@type\":\"BreadcrumbList\",\"@id\":\"https:\/\/www.karinibutiik.ee\/terms-of-sale\/#breadcrumb\",\"itemListElement\":[{\"@type\":\"ListItem\",\"position\":1,\"name\":\"Home\",\"item\":\"https:\/\/www.karinibutiik.ee\/\"},{\"@type\":\"ListItem\",\"position\":2,\"name\":\"Terms of sale\"}]},{\"@type\":\"WebSite\",\"@id\":\"https:\/\/www.karinibutiik.ee\/#website\",\"url\":\"https:\/\/www.karinibutiik.ee\/\",\"name\":\"Karini Butiik\",\"description\":\"\",\"publisher\":{\"@id\":\"https:\/\/www.karinibutiik.ee\/#organization\"},\"potentialAction\":[{\"@type\":\"SearchAction\",\"target\":{\"@type\":\"EntryPoint\",\"urlTemplate\":\"https:\/\/www.karinibutiik.ee\/?s={search_term_string}\"},\"query-input\":{\"@type\":\"PropertyValueSpecification\",\"valueRequired\":true,\"valueName\":\"search_term_string\"}}],\"inLanguage\":\"lv-LV\"},{\"@type\":\"Organization\",\"@id\":\"https:\/\/www.karinibutiik.ee\/#organization\",\"name\":\"Karini Butiik\",\"url\":\"https:\/\/www.karinibutiik.ee\/\",\"logo\":{\"@type\":\"ImageObject\",\"inLanguage\":\"lv-LV\",\"@id\":\"https:\/\/www.karinibutiik.ee\/#\/schema\/logo\/image\/\",\"url\":\"https:\/\/www.karinibutiik.ee\/wp-content\/uploads\/2024\/10\/Kuj.-K-koopia.png\",\"contentUrl\":\"https:\/\/www.karinibutiik.ee\/wp-content\/uploads\/2024\/10\/Kuj.-K-koopia.png\",\"width\":500,\"height\":500,\"caption\":\"Karini Butiik\"},\"image\":{\"@id\":\"https:\/\/www.karinibutiik.ee\/#\/schema\/logo\/image\/\"},\"sameAs\":[\"https:\/\/www.facebook.com\/karinibutiik.ee\",\"https:\/\/www.instagram.com\/karinibutiik\"]}]}<\/script>\n<!-- \/ Yoast SEO plugin. -->","yoast_head_json":{"title":"Terms of sale - Karini Butiik","robots":{"index":"index","follow":"follow","max-snippet":"max-snippet:-1","max-image-preview":"max-image-preview:large","max-video-preview":"max-video-preview:-1"},"canonical":"https:\/\/www.karinibutiik.ee\/lv\/terms-of-sale\/","og_locale":"lv_LV","og_type":"article","og_title":"Terms of sale - Karini Butiik","og_description":"Terms of sale The owner of the online store KariniButiik.ee (hereinafter the Online Store) is O\u00dc K&amp;N (registration code 12920674), [&hellip;]","og_url":"https:\/\/www.karinibutiik.ee\/lv\/terms-of-sale\/","og_site_name":"Karini Butiik","article_publisher":"https:\/\/www.facebook.com\/karinibutiik.ee","article_modified_time":"2024-04-02T16:33:34+00:00","og_image":[{"width":1209,"height":835,"url":"https:\/\/www.karinibutiik.ee\/wp-content\/uploads\/2024\/10\/Karinibutiikavaleht.png","type":"image\/png"}],"twitter_card":"summary_large_image","twitter_misc":{"Est. reading time":"8 min\u016btes"},"schema":{"@context":"https:\/\/schema.org","@graph":[{"@type":"WebPage","@id":"https:\/\/www.karinibutiik.ee\/terms-of-sale\/","url":"https:\/\/www.karinibutiik.ee\/terms-of-sale\/","name":"Terms of sale - Karini Butiik","isPartOf":{"@id":"https:\/\/www.karinibutiik.ee\/#website"},"datePublished":"2024-03-15T11:16:46+00:00","dateModified":"2024-04-02T16:33:34+00:00","breadcrumb":{"@id":"https:\/\/www.karinibutiik.ee\/terms-of-sale\/#breadcrumb"},"inLanguage":"lv-LV","potentialAction":[{"@type":"ReadAction","target":["https:\/\/www.karinibutiik.ee\/terms-of-sale\/"]}]},{"@type":"BreadcrumbList","@id":"https:\/\/www.karinibutiik.ee\/terms-of-sale\/#breadcrumb","itemListElement":[{"@type":"ListItem","position":1,"name":"Home","item":"https:\/\/www.karinibutiik.ee\/"},{"@type":"ListItem","position":2,"name":"Terms of sale"}]},{"@type":"WebSite","@id":"https:\/\/www.karinibutiik.ee\/#website","url":"https:\/\/www.karinibutiik.ee\/","name":"Karini Butiik","description":"","publisher":{"@id":"https:\/\/www.karinibutiik.ee\/#organization"},"potentialAction":[{"@type":"SearchAction","target":{"@type":"EntryPoint","urlTemplate":"https:\/\/www.karinibutiik.ee\/?s={search_term_string}"},"query-input":{"@type":"PropertyValueSpecification","valueRequired":true,"valueName":"search_term_string"}}],"inLanguage":"lv-LV"},{"@type":"Organization","@id":"https:\/\/www.karinibutiik.ee\/#organization","name":"Karini Butiik","url":"https:\/\/www.karinibutiik.ee\/","logo":{"@type":"ImageObject","inLanguage":"lv-LV","@id":"https:\/\/www.karinibutiik.ee\/#\/schema\/logo\/image\/","url":"https:\/\/www.karinibutiik.ee\/wp-content\/uploads\/2024\/10\/Kuj.-K-koopia.png","contentUrl":"https:\/\/www.karinibutiik.ee\/wp-content\/uploads\/2024\/10\/Kuj.-K-koopia.png","width":500,"height":500,"caption":"Karini Butiik"},"image":{"@id":"https:\/\/www.karinibutiik.ee\/#\/schema\/logo\/image\/"},"sameAs":["https:\/\/www.facebook.com\/karinibutiik.ee","https:\/\/www.instagram.com\/karinibutiik"]}]}},"_links":{"self":[{"href":"https:\/\/www.karinibutiik.ee\/lv\/wp-json\/wp\/v2\/pages\/2308","targetHints":{"allow":["GET"]}}],"collection":[{"href":"https:\/\/www.karinibutiik.ee\/lv\/wp-json\/wp\/v2\/pages"}],"about":[{"href":"https:\/\/www.karinibutiik.ee\/lv\/wp-json\/wp\/v2\/types\/page"}],"author":[{"embeddable":true,"href":"https:\/\/www.karinibutiik.ee\/lv\/wp-json\/wp\/v2\/users\/3"}],"replies":[{"embeddable":true,"href":"https:\/\/www.karinibutiik.ee\/lv\/wp-json\/wp\/v2\/comments?post=2308"}],"version-history":[{"count":4,"href":"https:\/\/www.karinibutiik.ee\/lv\/wp-json\/wp\/v2\/pages\/2308\/revisions"}],"predecessor-version":[{"id":4643,"href":"https:\/\/www.karinibutiik.ee\/lv\/wp-json\/wp\/v2\/pages\/2308\/revisions\/4643"}],"wp:attachment":[{"href":"https:\/\/www.karinibutiik.ee\/lv\/wp-json\/wp\/v2\/media?parent=2308"}],"curies":[{"name":"wp","href":"https:\/\/api.w.org\/{rel}","templated":true}]}}