{"id":733,"date":"2024-03-15T12:27:10","date_gmt":"2024-03-15T12:27:10","guid":{"rendered":"https:\/\/www.karinibutiik.ee\/?page_id=733"},"modified":"2024-03-25T15:06:58","modified_gmt":"2024-03-25T15:06:58","slug":"maksajumu-iespejas","status":"publish","type":"page","link":"https:\/\/www.karinibutiik.ee\/lv\/maksajumu-iespejas\/","title":{"rendered":"Maks\u0101jumu iesp\u0113jas"},"content":{"rendered":"<div data-elementor-type=\"wp-page\" data-elementor-id=\"733\" class=\"elementor elementor-733\" data-elementor-post-type=\"page\">\n\t\t\t\t<div class=\"elementor-element elementor-element-192835b e-flex e-con-boxed e-con e-parent\" data-id=\"192835b\" data-element_type=\"container\">\n\t\t\t\t\t<div class=\"e-con-inner\">\n\t\t<div class=\"elementor-element elementor-element-2658a31 e-con-full e-flex e-con e-child\" data-id=\"2658a31\" data-element_type=\"container\">\n\t\t\t\t<div class=\"elementor-element elementor-element-b91f67a elementor-widget elementor-widget-heading\" data-id=\"b91f67a\" data-element_type=\"widget\" data-widget_type=\"heading.default\">\n\t\t\t\t<div class=\"elementor-widget-container\">\n\t\t\t\t\t<h2 class=\"elementor-heading-title elementor-size-default\">Maks\u0101jumu iesp\u0113jas<\/h2>\t\t\t\t<\/div>\n\t\t\t\t<\/div>\n\t\t\t\t<div class=\"elementor-element elementor-element-44bf309 elementor-widget elementor-widget-text-editor\" data-id=\"44bf309\" data-element_type=\"widget\" data-widget_type=\"text-editor.default\">\n\t\t\t\t<div class=\"elementor-widget-container\">\n\t\t\t\t\t\t\t\t\t<p class=\"wp-block-heading has-black-color has-text-color\"><strong><span class=\"has-inline-color\">Bankas p\u0101rskait\u012bjums un maks\u0101jums ar karti<\/span><\/strong><\/p><p>P\u0113c pas\u016bt\u012bjuma veik\u0161anas noklik\u0161\u0137iniet uz saites uz v\u0113lamo banku, kas j\u016bs novirz\u012bs uz izv\u0113l\u0113to internetbanku, izmantojot Montonio lietotni. Ievadiet savu lietot\u0101jv\u0101rdu un paroles un piesakieties internetbank\u0101. Internetbank\u0101 redz\u0113siet jau aizpild\u012btu maks\u0101juma uzdevumu, kur\u0101 nor\u0101d\u012bta summa, kas j\u0101maks\u0101 par karinibutiik.ee ieg\u0101d\u0101tajiem produktiem. P\u0101rbaudiet inform\u0101ciju un apstipriniet maks\u0101juma r\u012bkojumu.<\/p><figure class=\"wp-block-image size-large\"><img decoding=\"async\" class=\"wp-image-260\" src=\"https:\/\/epood.karinibutiik.ee\/wp-content\/uploads\/2021\/04\/panga-logod.png\" alt=\"\" \/><\/figure>\t\t\t\t\t\t\t\t<\/div>\n\t\t\t\t<\/div>\n\t\t\t\t<div class=\"elementor-element elementor-element-0aa6cf0 elementor-widget elementor-widget-text-editor\" data-id=\"0aa6cf0\" data-element_type=\"widget\" data-widget_type=\"text-editor.default\">\n\t\t\t\t<div class=\"elementor-widget-container\">\n\t\t\t\t\t\t\t\t\t<div class=\"intercom-interblocks-subheading intercom-interblocks-align-left\"><h6 id=\"h_3c1162eaa6\"><b>Bankas maks\u0101jumu metodes<\/b><\/h6><\/div><div class=\"intercom-interblocks-paragraph no-margin intercom-interblocks-align-left\"><p>Inbank pied\u0101v\u0101t\u0101s maks\u0101jumu metodes pal\u012bdz nor\u0113\u0137in\u0101ties par pirkumiem v\u0113l \u0113rt\u0101k. Samaks\u0101jiet par pirkumu n\u0101kamaj\u0101 m\u0113nes\u012b vai sadaliet pirkuma summu vair\u0101k\u0101s vien\u0101d\u0101s da\u013c\u0101s - vienk\u0101r\u0161i un bez papildu maksas.<\/p><\/div><div class=\"intercom-interblocks-paragraph no-margin intercom-interblocks-align-left\"><p>Atrodiet nepiecie\u0161amo maks\u0101jumu risin\u0101jumu pie kases un izv\u0113lieties sev piem\u0113rot\u0101ko.<\/p><\/div><div class=\"intercom-interblocks-subheading4 intercom-interblocks-align-left\"><h6 id=\"h_ab559afcc2\">Inbank <i>aknas n\u0101kamaj\u0101 m\u0113nes\u012b<\/i><\/h6><\/div><div class=\"intercom-interblocks-paragraph no-margin intercom-interblocks-align-left\"><p>- Maks\u0101t n\u0101kam\u0101 m\u0113ne\u0161a 25. datum\u0101<\/p><\/div><div class=\"intercom-interblocks-paragraph no-margin intercom-interblocks-align-left\"><p>- 30 - 800 \u20ac pirkumiem<\/p><\/div><div class=\"intercom-interblocks-paragraph no-margin intercom-interblocks-align-left\"><p>- 0 \u20ac piemaksa<\/p><\/div><div class=\"intercom-interblocks-subheading4 intercom-interblocks-align-left\"><h6 id=\"h_476666a26b\">Inbank <i>sadal\u012bt da\u013c\u0101s<\/i><\/h6><\/div><div class=\"intercom-interblocks-paragraph no-margin intercom-interblocks-align-left\"><p>- 75 - \u20ac2500 pirkumiem<\/p><\/div><div class=\"intercom-interblocks-paragraph no-margin intercom-interblocks-align-left\"><p>- Periods 2 vai 3 m\u0113ne\u0161i<\/p><\/div><div class=\"intercom-interblocks-paragraph no-margin intercom-interblocks-align-left\"><p>- 0 \u20ac piemaksa<\/p><\/div><div class=\"intercom-interblocks-subheading3 intercom-interblocks-align-left\"><h6 id=\"h_29f618aedd\">K\u0101p\u0113c izv\u0113l\u0113ties Inbank?<\/h6><\/div><div class=\"intercom-interblocks-paragraph no-margin intercom-interblocks-align-left\"><p>- Vienk\u0101r\u0161i un <i>bez papildu maksas<\/i> - nav ne procentu, ne l\u012bguma maksas, ne ikm\u0113ne\u0161a p\u0101rvald\u012bbas maksas.<\/p><\/div><div class=\"intercom-interblocks-paragraph no-margin intercom-interblocks-align-left\"><p>- Gudrs veids, k\u0101 ieg\u0101d\u0101ties <i>nekav\u0113joties visus<\/i>kas jums nepiecie\u0161ams, neapdraudot izv\u0113li.<\/p><\/div><div class=\"intercom-interblocks-paragraph no-margin intercom-interblocks-align-left\"><p>- ba\u0146\u0137ieri <i>maks\u0101jiet v\u0113l\u0101k<\/i> maks\u0101jumu veids nav uz nomaksu, bet bez kred\u012bta - tas neietekm\u0113 j\u016bsu kred\u012btv\u0113rt\u0113jumu.<\/p><\/div><div class=\"intercom-interblocks-subheading3 intercom-interblocks-align-left\"><h6 id=\"h_620fd01560\">Ar Inbank ir viegli nor\u0113\u0137in\u0101ties!<\/h6><\/div><div class=\"intercom-interblocks-image intercom-interblocks-align-left\"><a href=\"https:\/\/downloads.intercomcdn.eu\/i\/o\/9437519\/5d2330bd3be04b10f12fed5b\/Inbank+Pay+later+icons+EST.png?expires=1711308481&amp;signature=522e63b20fdf10cb07b575477bf0cdc024126589d7e5794c2e6613e2c04ac3b1\" target=\"_blank\" rel=\"noreferrer nofollow noopener\"><img loading=\"lazy\" decoding=\"async\" class=\"\" src=\"https:\/\/downloads.intercomcdn.eu\/i\/o\/9437519\/5d2330bd3be04b10f12fed5b\/Inbank+Pay+later+icons+EST.png?expires=1711308481&amp;signature=522e63b20fdf10cb07b575477bf0cdc024126589d7e5794c2e6613e2c04ac3b1\" width=\"483\" height=\"214\" \/><\/a><\/div><div class=\"intercom-interblocks-subheading3 intercom-interblocks-align-left\"><h6 id=\"h_cb011432d9\"><b>Pirkums tiek apstiprin\u0101ts tikai da\u017eu mirk\u013cu laik\u0101.<\/b><\/h6><\/div>\t\t\t\t\t\t\t\t<\/div>\n\t\t\t\t<\/div>\n\t\t\t\t<div class=\"elementor-element elementor-element-8b2a87a elementor-widget elementor-widget-text-editor\" data-id=\"8b2a87a\" data-element_type=\"widget\" data-widget_type=\"text-editor.default\">\n\t\t\t\t<div class=\"elementor-widget-container\">\n\t\t\t\t\t\t\t\t\t<div class=\"intercom-interblocks-subheading intercom-interblocks-align-left\"><h6 id=\"h_7dbe97ca54\"><b>Bankas iemaksa<\/b><\/h6><p>Bankas maks\u0101jumi pa da\u013c\u0101m \u013cauj lielus vienreiz\u0113jus izdevumus p\u0101rv\u0113rst nelielos ikm\u0113ne\u0161a izdevumos un par produktiem un pakalpojumiem nor\u0113\u0137in\u0101ties pa da\u013c\u0101m. Atv\u0113liet vair\u0101k laika maks\u0101jumiem un sadaliet pirkuma summu l\u012bdz pat 6 gadiem. Pirmais maks\u0101jums j\u0101veic tikai p\u0113c m\u0113ne\u0161a.<\/p><\/div><div class=\"intercom-interblocks-subheading3 intercom-interblocks-align-left\"><h6 id=\"h_eb6e9781f7\">Izmaksas pa da\u013c\u0101m priek\u0161roc\u012bbas:<\/h6><\/div><div class=\"intercom-interblocks-paragraph no-margin intercom-interblocks-align-left\"><p>- Elast\u012bgs risin\u0101jums liel\u0101kiem izdevumiem<\/p><\/div><div class=\"intercom-interblocks-paragraph no-margin intercom-interblocks-align-left\"><p>- J\u016bs izv\u0113laties iemaksas apm\u0113ru<\/p><\/div><div class=\"intercom-interblocks-paragraph no-margin intercom-interblocks-align-left\"><p>- J\u016bs izv\u0113laties nomas pirkuma periodu<\/p><\/div><div class=\"intercom-interblocks-paragraph no-margin intercom-interblocks-align-left\"><p>- J\u016bs izv\u0113laties maks\u0101juma datumu<\/p><\/div><div class=\"intercom-interblocks-paragraph no-margin intercom-interblocks-align-left\"><p>- Atbild\u0113t uz piepras\u012bjumu da\u017eu min\u016b\u0161u laik\u0101<\/p><\/div><div class=\"intercom-interblocks-paragraph no-margin intercom-interblocks-align-left\">\u00a0<\/div><div class=\"intercom-interblocks-subheading3 intercom-interblocks-align-left\"><h6 id=\"h_5ac348f56f\">Noteikumi un nosac\u012bjumi attiec\u012bb\u0101 uz maks\u0101jumiem pa da\u013c\u0101m:<\/h6><\/div><div class=\"intercom-interblocks-paragraph no-margin intercom-interblocks-align-left\"><p>- Summa 100 - 10 000 \u20ac<\/p><\/div><div class=\"intercom-interblocks-paragraph no-margin intercom-interblocks-align-left\"><p>- Periods 6 - 72 m\u0113ne\u0161i<\/p><\/div><div class=\"intercom-interblocks-paragraph no-margin intercom-interblocks-align-left\"><p>- Depoz\u012bts 0 \u20ac<\/p><\/div><div class=\"intercom-interblocks-paragraph no-margin intercom-interblocks-align-left\"><p>- Intress 11,9%<\/p><\/div><div class=\"intercom-interblocks-paragraph no-margin intercom-interblocks-align-left\"><p>- L\u012bguma maksa 0 \u20ac<\/p><\/div><div class=\"intercom-interblocks-paragraph no-margin intercom-interblocks-align-left\"><p>- P\u0101rvald\u012bbas maksa 0,3% m\u0113nes\u012b<\/p><\/div><div class=\"intercom-interblocks-paragraph no-margin intercom-interblocks-align-left\">\u00a0<\/div><div class=\"intercom-interblocks-paragraph no-margin intercom-interblocks-align-left\"><p><strong>Pieteikties iemaksai ir vienk\u0101r\u0161i:<\/strong><\/p><\/div><div class=\"intercom-interblocks-image intercom-interblocks-align-left\"><a href=\"https:\/\/downloads.intercomcdn.eu\/i\/o\/9368443\/78a128a62f3a41afdcb596f7\/Inbank+hire+purchasw+icon+flow+EST.png\" target=\"_blank\" rel=\"noreferrer nofollow noopener\"><img loading=\"lazy\" decoding=\"async\" class=\"alignnone\" src=\"https:\/\/downloads.intercomcdn.eu\/i\/o\/9368443\/78a128a62f3a41afdcb596f7\/Inbank+hire+purchasw+icon+flow+EST.png\" alt=\"\" width=\"474\" height=\"209\" \/><\/a><\/div><div class=\"intercom-interblocks-unordered-nested-list\"><ul><li><div class=\"intercom-interblocks-paragraph no-margin intercom-interblocks-align-left\"><p>Varat ar\u012b samaks\u0101t par vair\u0101k\u0101m prec\u0113m uzreiz, izmantojot iesp\u0113ju maks\u0101t pa da\u013c\u0101m.<\/p><\/div><\/li><li><div class=\"intercom-interblocks-paragraph no-margin intercom-interblocks-align-left\"><p>Pieteikuma veidlapu varat aizpild\u012bt \u0161eit, m\u016bsu tie\u0161saistes veikal\u0101.<\/p><\/div><\/li><li><div class=\"intercom-interblocks-paragraph no-margin intercom-interblocks-align-left\"><p>L\u012bgumu varat izlas\u012bt un parakst\u012bt \u0161eit, m\u016bsu e-veikal\u0101.<\/p><\/div><\/li><li><div class=\"intercom-interblocks-paragraph no-margin intercom-interblocks-align-left\"><p>Inbank jums katru m\u0113nesi nos\u016bta e-r\u0113\u0137inu<\/p><\/div><\/li><\/ul><\/div><div class=\"intercom-interblocks-paragraph no-margin intercom-interblocks-align-left\">\u00a0<\/div><div class=\"intercom-interblocks-paragraph no-margin intercom-interblocks-align-left\">\u00a0<\/div><div class=\"intercom-interblocks-paragraph no-margin intercom-interblocks-align-left\"><p><i>Inbank kred\u012bta izmaksu likme uz nomaksu gad\u0101 ir 31,641 TP3T euro, piem\u0113rojot \u0161\u0101dus parauga nosac\u012bjumus: iemaksas summa 490 euro, l\u012bguma termi\u0146\u0161 12 m\u0113ne\u0161os, procentu likme 11,91 TP3T euro no pirkuma summas, depoz\u012bts 1 TP3T euro, p\u0101rvald\u012bbas maksa 0,31 TP3T euro, ikm\u0113ne\u0161a maks\u0101jums 47,23 euro, kop\u0113j\u0101s kred\u012bta izmaksas 566,8 euro. Pakalpojumu sniedz AS Inbank Finance. Pirms l\u012bguma nosl\u0113g\u0161anas iesak\u0101m iepaz\u012bties ar finan\u0161u pakalpojuma noteikumiem un nosac\u012bjumiem un nepiecie\u0161am\u012bbas gad\u012bjum\u0101 konsult\u0113ties ar speci\u0101listu.<\/i><\/p><\/div>\t\t\t\t\t\t\t\t<\/div>\n\t\t\t\t<\/div>\n\t\t\t\t<\/div>\n\t\t\t\t\t<\/div>\n\t\t\t\t<\/div>\n\t\t\t\t<\/div>","protected":false},"excerpt":{"rendered":"<p>Maksev\u00f5imalused Pangalingi kaudu &amp; kaardimakse Peale tellimuse esitamist klikkige soovitud panga lingile, mis suunab Teid Montonio rakenduse abil valitud internetipanka. [&hellip;]<\/p>\n","protected":false},"author":3,"featured_media":0,"parent":0,"menu_order":0,"comment_status":"closed","ping_status":"closed","template":"elementor_header_footer","meta":{"site-sidebar-layout":"default","site-content-layout":"","ast-site-content-layout":"default","site-content-style":"default","site-sidebar-style":"default","ast-global-header-display":"","ast-banner-title-visibility":"","ast-main-header-display":"","ast-hfb-above-header-display":"","ast-hfb-below-header-display":"","ast-hfb-mobile-header-display":"","site-post-title":"","ast-breadcrumbs-content":"","ast-featured-img":"","footer-sml-layout":"","ast-disable-related-posts":"","theme-transparent-header-meta":"","adv-header-id-meta":"","stick-header-meta":"","header-above-stick-meta":"","header-main-stick-meta":"","header-below-stick-meta":"","astra-migrate-meta-layouts":"default","ast-page-background-enabled":"default","ast-page-background-meta":{"desktop":{"background-color":"var(--ast-global-color-4)","background-image":"","background-repeat":"repeat","background-position":"center center","background-size":"auto","background-attachment":"scroll","background-type":"","background-media":"","overlay-type":"","overlay-color":"","overlay-opacity":"","overlay-gradient":""},"tablet":{"background-color":"","background-image":"","background-repeat":"repeat","background-position":"center center","background-size":"auto","background-attachment":"scroll","background-type":"","background-media":"","overlay-type":"","overlay-color":"","overlay-opacity":"","overlay-gradient":""},"mobile":{"background-color":"","background-image":"","background-repeat":"repeat","background-position":"center center","background-size":"auto","background-attachment":"scroll","background-type":"","background-media":"","overlay-type":"","overlay-color":"","overlay-opacity":"","overlay-gradient":""}},"ast-content-background-meta":{"desktop":{"background-color":"var(--ast-global-color-5)","background-image":"","background-repeat":"repeat","background-position":"center center","background-size":"auto","background-attachment":"scroll","background-type":"","background-media":"","overlay-type":"","overlay-color":"","overlay-opacity":"","overlay-gradient":""},"tablet":{"background-color":"var(--ast-global-color-5)","background-image":"","background-repeat":"repeat","background-position":"center center","background-size":"auto","background-attachment":"scroll","background-type":"","background-media":"","overlay-type":"","overlay-color":"","overlay-opacity":"","overlay-gradient":""},"mobile":{"background-color":"var(--ast-global-color-5)","background-image":"","background-repeat":"repeat","background-position":"center center","background-size":"auto","background-attachment":"scroll","background-type":"","background-media":"","overlay-type":"","overlay-color":"","overlay-opacity":"","overlay-gradient":""}},"footnotes":""},"class_list":["post-733","page","type-page","status-publish","hentry"],"yoast_head":"<!-- This site is optimized with the Yoast SEO plugin v26.9 - https:\/\/yoast.com\/product\/yoast-seo-wordpress\/ -->\n<title>Maksev\u00f5imalused - Karini Butiik<\/title>\n<meta name=\"robots\" content=\"index, follow, max-snippet:-1, max-image-preview:large, max-video-preview:-1\" \/>\n<link rel=\"canonical\" href=\"https:\/\/www.karinibutiik.ee\/lv\/maksajumu-iespejas\/\" \/>\n<meta property=\"og:locale\" content=\"lv_LV\" \/>\n<meta property=\"og:type\" content=\"article\" \/>\n<meta property=\"og:title\" content=\"Maksev\u00f5imalused - Karini Butiik\" \/>\n<meta property=\"og:description\" content=\"Maksev\u00f5imalused Pangalingi kaudu &amp; kaardimakse Peale tellimuse esitamist klikkige soovitud panga lingile, mis suunab Teid Montonio rakenduse abil valitud internetipanka. [&hellip;]\" \/>\n<meta property=\"og:url\" content=\"https:\/\/www.karinibutiik.ee\/lv\/maksajumu-iespejas\/\" \/>\n<meta property=\"og:site_name\" content=\"Karini Butiik\" \/>\n<meta property=\"article:publisher\" content=\"https:\/\/www.facebook.com\/karinibutiik.ee\" \/>\n<meta property=\"article:modified_time\" content=\"2024-03-25T15:06:58+00:00\" \/>\n<meta property=\"og:image\" content=\"https:\/\/epood.karinibutiik.ee\/wp-content\/uploads\/2021\/04\/panga-logod.png\" \/>\n<meta name=\"twitter:card\" content=\"summary_large_image\" \/>\n<meta name=\"twitter:label1\" content=\"Est. reading time\" \/>\n\t<meta name=\"twitter:data1\" content=\"2 min\u016btes\" \/>\n<script type=\"application\/ld+json\" class=\"yoast-schema-graph\">{\"@context\":\"https:\/\/schema.org\",\"@graph\":[{\"@type\":\"WebPage\",\"@id\":\"https:\/\/www.karinibutiik.ee\/maksevoimalused\/\",\"url\":\"https:\/\/www.karinibutiik.ee\/maksevoimalused\/\",\"name\":\"Maksev\u00f5imalused - Karini Butiik\",\"isPartOf\":{\"@id\":\"https:\/\/www.karinibutiik.ee\/#website\"},\"primaryImageOfPage\":{\"@id\":\"https:\/\/www.karinibutiik.ee\/maksevoimalused\/#primaryimage\"},\"image\":{\"@id\":\"https:\/\/www.karinibutiik.ee\/maksevoimalused\/#primaryimage\"},\"thumbnailUrl\":\"https:\/\/epood.karinibutiik.ee\/wp-content\/uploads\/2021\/04\/panga-logod.png\",\"datePublished\":\"2024-03-15T12:27:10+00:00\",\"dateModified\":\"2024-03-25T15:06:58+00:00\",\"breadcrumb\":{\"@id\":\"https:\/\/www.karinibutiik.ee\/maksevoimalused\/#breadcrumb\"},\"inLanguage\":\"lv-LV\",\"potentialAction\":[{\"@type\":\"ReadAction\",\"target\":[\"https:\/\/www.karinibutiik.ee\/maksevoimalused\/\"]}]},{\"@type\":\"ImageObject\",\"inLanguage\":\"lv-LV\",\"@id\":\"https:\/\/www.karinibutiik.ee\/maksevoimalused\/#primaryimage\",\"url\":\"https:\/\/epood.karinibutiik.ee\/wp-content\/uploads\/2021\/04\/panga-logod.png\",\"contentUrl\":\"https:\/\/epood.karinibutiik.ee\/wp-content\/uploads\/2021\/04\/panga-logod.png\"},{\"@type\":\"BreadcrumbList\",\"@id\":\"https:\/\/www.karinibutiik.ee\/maksevoimalused\/#breadcrumb\",\"itemListElement\":[{\"@type\":\"ListItem\",\"position\":1,\"name\":\"Home\",\"item\":\"https:\/\/www.karinibutiik.ee\/\"},{\"@type\":\"ListItem\",\"position\":2,\"name\":\"Maksev\u00f5imalused\"}]},{\"@type\":\"WebSite\",\"@id\":\"https:\/\/www.karinibutiik.ee\/#website\",\"url\":\"https:\/\/www.karinibutiik.ee\/\",\"name\":\"Karini Butiik\",\"description\":\"\",\"publisher\":{\"@id\":\"https:\/\/www.karinibutiik.ee\/#organization\"},\"potentialAction\":[{\"@type\":\"SearchAction\",\"target\":{\"@type\":\"EntryPoint\",\"urlTemplate\":\"https:\/\/www.karinibutiik.ee\/?s={search_term_string}\"},\"query-input\":{\"@type\":\"PropertyValueSpecification\",\"valueRequired\":true,\"valueName\":\"search_term_string\"}}],\"inLanguage\":\"lv-LV\"},{\"@type\":\"Organization\",\"@id\":\"https:\/\/www.karinibutiik.ee\/#organization\",\"name\":\"Karini Butiik\",\"url\":\"https:\/\/www.karinibutiik.ee\/\",\"logo\":{\"@type\":\"ImageObject\",\"inLanguage\":\"lv-LV\",\"@id\":\"https:\/\/www.karinibutiik.ee\/#\/schema\/logo\/image\/\",\"url\":\"https:\/\/www.karinibutiik.ee\/wp-content\/uploads\/2024\/10\/Kuj.-K-koopia.png\",\"contentUrl\":\"https:\/\/www.karinibutiik.ee\/wp-content\/uploads\/2024\/10\/Kuj.-K-koopia.png\",\"width\":500,\"height\":500,\"caption\":\"Karini Butiik\"},\"image\":{\"@id\":\"https:\/\/www.karinibutiik.ee\/#\/schema\/logo\/image\/\"},\"sameAs\":[\"https:\/\/www.facebook.com\/karinibutiik.ee\",\"https:\/\/www.instagram.com\/karinibutiik\"]}]}<\/script>\n<!-- \/ Yoast SEO plugin. -->","yoast_head_json":{"title":"Maks\u0101jumu iesp\u0113jas - Karini Butiik","robots":{"index":"index","follow":"follow","max-snippet":"max-snippet:-1","max-image-preview":"max-image-preview:large","max-video-preview":"max-video-preview:-1"},"canonical":"https:\/\/www.karinibutiik.ee\/lv\/maksajumu-iespejas\/","og_locale":"lv_LV","og_type":"article","og_title":"Maksev\u00f5imalused - Karini Butiik","og_description":"Maksev\u00f5imalused Pangalingi kaudu &amp; kaardimakse Peale tellimuse esitamist klikkige soovitud panga lingile, mis suunab Teid Montonio rakenduse abil valitud internetipanka. [&hellip;]","og_url":"https:\/\/www.karinibutiik.ee\/lv\/maksajumu-iespejas\/","og_site_name":"Karini Butiik","article_publisher":"https:\/\/www.facebook.com\/karinibutiik.ee","article_modified_time":"2024-03-25T15:06:58+00:00","og_image":[{"url":"https:\/\/epood.karinibutiik.ee\/wp-content\/uploads\/2021\/04\/panga-logod.png","type":"","width":"","height":""}],"twitter_card":"summary_large_image","twitter_misc":{"Est. reading time":"2 min\u016btes"},"schema":{"@context":"https:\/\/schema.org","@graph":[{"@type":"WebPage","@id":"https:\/\/www.karinibutiik.ee\/maksevoimalused\/","url":"https:\/\/www.karinibutiik.ee\/maksevoimalused\/","name":"Maks\u0101jumu iesp\u0113jas - Karini Butiik","isPartOf":{"@id":"https:\/\/www.karinibutiik.ee\/#website"},"primaryImageOfPage":{"@id":"https:\/\/www.karinibutiik.ee\/maksevoimalused\/#primaryimage"},"image":{"@id":"https:\/\/www.karinibutiik.ee\/maksevoimalused\/#primaryimage"},"thumbnailUrl":"https:\/\/epood.karinibutiik.ee\/wp-content\/uploads\/2021\/04\/panga-logod.png","datePublished":"2024-03-15T12:27:10+00:00","dateModified":"2024-03-25T15:06:58+00:00","breadcrumb":{"@id":"https:\/\/www.karinibutiik.ee\/maksevoimalused\/#breadcrumb"},"inLanguage":"lv-LV","potentialAction":[{"@type":"ReadAction","target":["https:\/\/www.karinibutiik.ee\/maksevoimalused\/"]}]},{"@type":"ImageObject","inLanguage":"lv-LV","@id":"https:\/\/www.karinibutiik.ee\/maksevoimalused\/#primaryimage","url":"https:\/\/epood.karinibutiik.ee\/wp-content\/uploads\/2021\/04\/panga-logod.png","contentUrl":"https:\/\/epood.karinibutiik.ee\/wp-content\/uploads\/2021\/04\/panga-logod.png"},{"@type":"BreadcrumbList","@id":"https:\/\/www.karinibutiik.ee\/maksevoimalused\/#breadcrumb","itemListElement":[{"@type":"ListItem","position":1,"name":"Home","item":"https:\/\/www.karinibutiik.ee\/"},{"@type":"ListItem","position":2,"name":"Maksev\u00f5imalused"}]},{"@type":"WebSite","@id":"https:\/\/www.karinibutiik.ee\/#website","url":"https:\/\/www.karinibutiik.ee\/","name":"Karini Butiik","description":"","publisher":{"@id":"https:\/\/www.karinibutiik.ee\/#organization"},"potentialAction":[{"@type":"SearchAction","target":{"@type":"EntryPoint","urlTemplate":"https:\/\/www.karinibutiik.ee\/?s={search_term_string}"},"query-input":{"@type":"PropertyValueSpecification","valueRequired":true,"valueName":"search_term_string"}}],"inLanguage":"lv-LV"},{"@type":"Organization","@id":"https:\/\/www.karinibutiik.ee\/#organization","name":"Karini Butiik","url":"https:\/\/www.karinibutiik.ee\/","logo":{"@type":"ImageObject","inLanguage":"lv-LV","@id":"https:\/\/www.karinibutiik.ee\/#\/schema\/logo\/image\/","url":"https:\/\/www.karinibutiik.ee\/wp-content\/uploads\/2024\/10\/Kuj.-K-koopia.png","contentUrl":"https:\/\/www.karinibutiik.ee\/wp-content\/uploads\/2024\/10\/Kuj.-K-koopia.png","width":500,"height":500,"caption":"Karini Butiik"},"image":{"@id":"https:\/\/www.karinibutiik.ee\/#\/schema\/logo\/image\/"},"sameAs":["https:\/\/www.facebook.com\/karinibutiik.ee","https:\/\/www.instagram.com\/karinibutiik"]}]}},"_links":{"self":[{"href":"https:\/\/www.karinibutiik.ee\/lv\/wp-json\/wp\/v2\/pages\/733","targetHints":{"allow":["GET"]}}],"collection":[{"href":"https:\/\/www.karinibutiik.ee\/lv\/wp-json\/wp\/v2\/pages"}],"about":[{"href":"https:\/\/www.karinibutiik.ee\/lv\/wp-json\/wp\/v2\/types\/page"}],"author":[{"embeddable":true,"href":"https:\/\/www.karinibutiik.ee\/lv\/wp-json\/wp\/v2\/users\/3"}],"replies":[{"embeddable":true,"href":"https:\/\/www.karinibutiik.ee\/lv\/wp-json\/wp\/v2\/comments?post=733"}],"version-history":[{"count":28,"href":"https:\/\/www.karinibutiik.ee\/lv\/wp-json\/wp\/v2\/pages\/733\/revisions"}],"predecessor-version":[{"id":1351,"href":"https:\/\/www.karinibutiik.ee\/lv\/wp-json\/wp\/v2\/pages\/733\/revisions\/1351"}],"wp:attachment":[{"href":"https:\/\/www.karinibutiik.ee\/lv\/wp-json\/wp\/v2\/media?parent=733"}],"curies":[{"name":"wp","href":"https:\/\/api.w.org\/{rel}","templated":true}]}}