{"id":745,"date":"2024-03-15T12:35:52","date_gmt":"2024-03-15T12:35:52","guid":{"rendered":"https:\/\/www.karinibutiik.ee\/?page_id=745"},"modified":"2026-01-02T13:41:27","modified_gmt":"2026-01-02T11:41:27","slug":"piegade-uz","status":"publish","type":"page","link":"https:\/\/www.karinibutiik.ee\/lv\/piegade-uz\/","title":{"rendered":"Pieg\u0101de uz"},"content":{"rendered":"<div data-elementor-type=\"wp-page\" data-elementor-id=\"745\" class=\"elementor elementor-745\" data-elementor-post-type=\"page\">\n\t\t\t\t<div class=\"elementor-element elementor-element-d7566f4 e-flex e-con-boxed e-con e-parent\" data-id=\"d7566f4\" data-element_type=\"container\">\n\t\t\t\t\t<div class=\"e-con-inner\">\n\t\t<div class=\"elementor-element elementor-element-d43d770 e-con-full e-flex e-con e-child\" data-id=\"d43d770\" data-element_type=\"container\">\n\t\t\t\t<div class=\"elementor-element elementor-element-58a23be elementor-widget elementor-widget-heading\" data-id=\"58a23be\" data-element_type=\"widget\" data-widget_type=\"heading.default\">\n\t\t\t\t<div class=\"elementor-widget-container\">\n\t\t\t\t\t<h2 class=\"elementor-heading-title elementor-size-default\">Pieg\u0101de uz<\/h2>\t\t\t\t<\/div>\n\t\t\t\t<\/div>\n\t\t\t\t<div class=\"elementor-element elementor-element-91c43a1 elementor-widget elementor-widget-text-editor\" data-id=\"91c43a1\" data-element_type=\"widget\" data-widget_type=\"text-editor.default\">\n\t\t\t\t<div class=\"elementor-widget-container\">\n\t\t\t\t\t\t\t\t\t<p><strong>KARINIBUTIIK.EE<\/strong> E-veikal\u0101 preces var pas\u016bt\u012bt vair\u0101kos da\u017e\u0101dos veidos.<\/p><p>ALATES <strong>99,00 EUR<\/strong> TELLIMUSEST ON EESTI SISENE PAKIAUTOMAADI TEENUS<strong> TASUTA!<\/strong><\/p><p><strong>ITELLA<\/strong> <strong>SMARTPOST PAKIAUTOMAAT \u2013 2.89\u20ac <\/strong><\/p><p>Preces tiks nog\u0101d\u0101tas j\u016bsu izv\u0113l\u0113taj\u0101 pakom\u0101t\u0101 1-5 darba dienu laik\u0101 p\u0113c pas\u016bt\u012bjuma apstiprin\u0101\u0161anas. J\u016bs tiksiet inform\u0113ts par produkta non\u0101k\u0161anu pakom\u0101t\u0101 ar SMS un e-pastu, nor\u0101dot durvju kodu un pakom\u0101ta atra\u0161an\u0101s vietu. S\u016bt\u012bjumu autom\u0101tu atra\u0161an\u0101s vietas un darba laiki ir atrodami \u0161\u0101d\u0101 t\u012bmek\u013ca vietn\u0113<strong>\u00a0<a href=\"https:\/\/itella.ee\/eraklient\/pakiautomaatide-asukohad\/\" target=\"_blank\" rel=\"noreferrer noopener\">no \u0161ejienes.<\/a><\/strong><\/p><p><strong>ITELLA SMARTKULLER &#8211; 5.59\u20ac<\/strong><\/p><p>Produkti tiks pieg\u0101d\u0101ti ar kurjeru uz j\u016bsu izv\u0113l\u0113to adresi 1-5 darba dienu laik\u0101 no pas\u016bt\u012bjuma apstiprin\u0101\u0161anas dienas. Kurjers sazin\u0101sies ar jums pa t\u0101lruni, lai saska\u0146otu \u0113rtu pieg\u0101des laiku.<\/p><p><strong>ITELLA<\/strong> <strong>SMARTPOST PAKIAUTOMAAT SOOME \u2013 13.50\u20ac<\/strong><\/p><p>Produkti tiks nog\u0101d\u0101ti j\u016bsu izv\u0113l\u0113taj\u0101 pakom\u0101t\u0101 3-7 darba dienu laik\u0101 p\u0113c pas\u016bt\u012bjuma apstiprin\u0101\u0161anas. J\u016bs tiksiet inform\u0113ts par produkta non\u0101k\u0161anu pakom\u0101t\u0101 ar SMS un e-pastu, nor\u0101dot durvju kodu un pakom\u0101ta atra\u0161an\u0101s vietu.<\/p><p><strong><br \/>DPD PAKIAUTOMAAT &#8211; 2.99\u20ac (hetkel pole saadaval)<\/strong><\/p><p>Preces tiks nog\u0101d\u0101tas j\u016bsu izv\u0113l\u0113taj\u0101 pakom\u0101t\u0101 1-5 darba dienu laik\u0101 p\u0113c pas\u016bt\u012bjuma apstiprin\u0101\u0161anas. Par produkta pien\u0101k\u0161anu pie pakom\u0101ta j\u016bs inform\u0113s ar SMS, kur\u0101 b\u016bs nor\u0101d\u012bts durvju kods un pakom\u0101ta atra\u0161an\u0101s vieta. Autom\u0101ti ir atv\u0113rti 24 stundas diennakt\u012b un parasti atrodas pie da\u017e\u0101du tirdzniec\u012bbas centru galvenaj\u0101m ieej\u0101m.<\/p><p><strong>OMNIVA PAKIAUTOMAAT &#8211; 3.09\u20ac<\/strong><\/p><p>Preces tiks nog\u0101d\u0101tas j\u016bsu izv\u0113l\u0113taj\u0101 pakom\u0101t\u0101 1-5 darba dienu laik\u0101 p\u0113c pas\u016bt\u012bjuma apstiprin\u0101\u0161anas. Par produkta non\u0101k\u0161anu pakom\u0101t\u0101 j\u016bs inform\u0113s ar \u012bszi\u0146u, kur\u0101 b\u016bs nor\u0101d\u012bts durvju kods, pakom\u0101ta atra\u0161an\u0101s vieta, atgrie\u0161anas kods un glab\u0101\u0161anas termi\u0146a beigas.<br \/>Autom\u0101ti ir atv\u0113rti 24 stundas diennakt\u012b un parasti atrodas pie da\u017e\u0101du tirdzniec\u012bbas centru galvenaj\u0101m ieej\u0101m.<\/p><p><strong>OMNIVA<\/strong> <strong>POSTKONTOR &#8211; 6.10\u20ac<\/strong><\/p><p>Produkti tiks nog\u0101d\u0101ti pasta noda\u013c\u0101 1-5 darba dienu laik\u0101 p\u0113c pas\u016bt\u012bjuma apstiprin\u0101juma sa\u0146em\u0161anas. Kad izstr\u0101d\u0101jumi non\u0101ks pasta noda\u013c\u0101, j\u016bs sa\u0146emsiet SMS vai v\u0113stuli ar inform\u0101ciju par pasta noda\u013cu, kur\u0101 var\u0113siet sa\u0146emt savu pas\u016bt\u012bjumu.<\/p>\t\t\t\t\t\t\t\t<\/div>\n\t\t\t\t<\/div>\n\t\t\t\t<\/div>\n\t\t\t\t\t<\/div>\n\t\t\t\t<\/div>\n\t\t\t\t<\/div>","protected":false},"excerpt":{"rendered":"<p>Kohaletoimetamine KARINIBUTIIK.EE e-poest saab kaupa tellida mitmel erineval moel. ALATES 99,00 EUR TELLIMUSEST ON EESTI SISENE PAKIAUTOMAADI TEENUS TASUTA! ITELLA [&hellip;]<\/p>\n","protected":false},"author":3,"featured_media":0,"parent":0,"menu_order":0,"comment_status":"closed","ping_status":"closed","template":"elementor_header_footer","meta":{"site-sidebar-layout":"default","site-content-layout":"","ast-site-content-layout":"default","site-content-style":"default","site-sidebar-style":"default","ast-global-header-display":"","ast-banner-title-visibility":"","ast-main-header-display":"","ast-hfb-above-header-display":"","ast-hfb-below-header-display":"","ast-hfb-mobile-header-display":"","site-post-title":"","ast-breadcrumbs-content":"","ast-featured-img":"","footer-sml-layout":"","ast-disable-related-posts":"","theme-transparent-header-meta":"","adv-header-id-meta":"","stick-header-meta":"","header-above-stick-meta":"","header-main-stick-meta":"","header-below-stick-meta":"","astra-migrate-meta-layouts":"default","ast-page-background-enabled":"default","ast-page-background-meta":{"desktop":{"background-color":"var(--ast-global-color-4)","background-image":"","background-repeat":"repeat","background-position":"center center","background-size":"auto","background-attachment":"scroll","background-type":"","background-media":"","overlay-type":"","overlay-color":"","overlay-opacity":"","overlay-gradient":""},"tablet":{"background-color":"","background-image":"","background-repeat":"repeat","background-position":"center center","background-size":"auto","background-attachment":"scroll","background-type":"","background-media":"","overlay-type":"","overlay-color":"","overlay-opacity":"","overlay-gradient":""},"mobile":{"background-color":"","background-image":"","background-repeat":"repeat","background-position":"center center","background-size":"auto","background-attachment":"scroll","background-type":"","background-media":"","overlay-type":"","overlay-color":"","overlay-opacity":"","overlay-gradient":""}},"ast-content-background-meta":{"desktop":{"background-color":"var(--ast-global-color-5)","background-image":"","background-repeat":"repeat","background-position":"center center","background-size":"auto","background-attachment":"scroll","background-type":"","background-media":"","overlay-type":"","overlay-color":"","overlay-opacity":"","overlay-gradient":""},"tablet":{"background-color":"var(--ast-global-color-5)","background-image":"","background-repeat":"repeat","background-position":"center center","background-size":"auto","background-attachment":"scroll","background-type":"","background-media":"","overlay-type":"","overlay-color":"","overlay-opacity":"","overlay-gradient":""},"mobile":{"background-color":"var(--ast-global-color-5)","background-image":"","background-repeat":"repeat","background-position":"center center","background-size":"auto","background-attachment":"scroll","background-type":"","background-media":"","overlay-type":"","overlay-color":"","overlay-opacity":"","overlay-gradient":""}},"footnotes":""},"class_list":["post-745","page","type-page","status-publish","hentry"],"yoast_head":"<!-- This site is optimized with the Yoast SEO plugin v26.9 - https:\/\/yoast.com\/product\/yoast-seo-wordpress\/ -->\n<title>Kohaletoimetamine - Karini Butiik<\/title>\n<meta name=\"robots\" content=\"index, follow, max-snippet:-1, max-image-preview:large, max-video-preview:-1\" \/>\n<link rel=\"canonical\" href=\"https:\/\/www.karinibutiik.ee\/lv\/piegade-uz\/\" \/>\n<meta property=\"og:locale\" content=\"lv_LV\" \/>\n<meta property=\"og:type\" content=\"article\" \/>\n<meta property=\"og:title\" content=\"Kohaletoimetamine - Karini Butiik\" \/>\n<meta property=\"og:description\" content=\"Kohaletoimetamine KARINIBUTIIK.EE e-poest saab kaupa tellida mitmel erineval moel. ALATES 99,00 EUR TELLIMUSEST ON EESTI SISENE PAKIAUTOMAADI TEENUS TASUTA! ITELLA [&hellip;]\" \/>\n<meta property=\"og:url\" content=\"https:\/\/www.karinibutiik.ee\/lv\/piegade-uz\/\" \/>\n<meta property=\"og:site_name\" content=\"Karini Butiik\" \/>\n<meta property=\"article:publisher\" content=\"https:\/\/www.facebook.com\/karinibutiik.ee\" \/>\n<meta property=\"article:modified_time\" content=\"2026-01-02T11:41:27+00:00\" \/>\n<meta property=\"og:image\" content=\"https:\/\/www.karinibutiik.ee\/wp-content\/uploads\/2024\/10\/Karinibutiikavaleht.png\" \/>\n\t<meta property=\"og:image:width\" content=\"1209\" \/>\n\t<meta property=\"og:image:height\" content=\"835\" \/>\n\t<meta property=\"og:image:type\" content=\"image\/png\" \/>\n<meta name=\"twitter:card\" content=\"summary_large_image\" \/>\n<meta name=\"twitter:label1\" content=\"Est. reading time\" \/>\n\t<meta name=\"twitter:data1\" content=\"1 min\u016bte\" \/>\n<script type=\"application\/ld+json\" class=\"yoast-schema-graph\">{\"@context\":\"https:\/\/schema.org\",\"@graph\":[{\"@type\":\"WebPage\",\"@id\":\"https:\/\/www.karinibutiik.ee\/kohaletoimetamine\/\",\"url\":\"https:\/\/www.karinibutiik.ee\/kohaletoimetamine\/\",\"name\":\"Kohaletoimetamine - Karini Butiik\",\"isPartOf\":{\"@id\":\"https:\/\/www.karinibutiik.ee\/#website\"},\"datePublished\":\"2024-03-15T12:35:52+00:00\",\"dateModified\":\"2026-01-02T11:41:27+00:00\",\"breadcrumb\":{\"@id\":\"https:\/\/www.karinibutiik.ee\/kohaletoimetamine\/#breadcrumb\"},\"inLanguage\":\"lv-LV\",\"potentialAction\":[{\"@type\":\"ReadAction\",\"target\":[\"https:\/\/www.karinibutiik.ee\/kohaletoimetamine\/\"]}]},{\"@type\":\"BreadcrumbList\",\"@id\":\"https:\/\/www.karinibutiik.ee\/kohaletoimetamine\/#breadcrumb\",\"itemListElement\":[{\"@type\":\"ListItem\",\"position\":1,\"name\":\"Home\",\"item\":\"https:\/\/www.karinibutiik.ee\/\"},{\"@type\":\"ListItem\",\"position\":2,\"name\":\"Kohaletoimetamine\"}]},{\"@type\":\"WebSite\",\"@id\":\"https:\/\/www.karinibutiik.ee\/#website\",\"url\":\"https:\/\/www.karinibutiik.ee\/\",\"name\":\"Karini Butiik\",\"description\":\"\",\"publisher\":{\"@id\":\"https:\/\/www.karinibutiik.ee\/#organization\"},\"potentialAction\":[{\"@type\":\"SearchAction\",\"target\":{\"@type\":\"EntryPoint\",\"urlTemplate\":\"https:\/\/www.karinibutiik.ee\/?s={search_term_string}\"},\"query-input\":{\"@type\":\"PropertyValueSpecification\",\"valueRequired\":true,\"valueName\":\"search_term_string\"}}],\"inLanguage\":\"lv-LV\"},{\"@type\":\"Organization\",\"@id\":\"https:\/\/www.karinibutiik.ee\/#organization\",\"name\":\"Karini Butiik\",\"url\":\"https:\/\/www.karinibutiik.ee\/\",\"logo\":{\"@type\":\"ImageObject\",\"inLanguage\":\"lv-LV\",\"@id\":\"https:\/\/www.karinibutiik.ee\/#\/schema\/logo\/image\/\",\"url\":\"https:\/\/www.karinibutiik.ee\/wp-content\/uploads\/2024\/10\/Kuj.-K-koopia.png\",\"contentUrl\":\"https:\/\/www.karinibutiik.ee\/wp-content\/uploads\/2024\/10\/Kuj.-K-koopia.png\",\"width\":500,\"height\":500,\"caption\":\"Karini Butiik\"},\"image\":{\"@id\":\"https:\/\/www.karinibutiik.ee\/#\/schema\/logo\/image\/\"},\"sameAs\":[\"https:\/\/www.facebook.com\/karinibutiik.ee\",\"https:\/\/www.instagram.com\/karinibutiik\"]}]}<\/script>\n<!-- \/ Yoast SEO plugin. -->","yoast_head_json":{"title":"Pieg\u0101de - Karini Butiik","robots":{"index":"index","follow":"follow","max-snippet":"max-snippet:-1","max-image-preview":"max-image-preview:large","max-video-preview":"max-video-preview:-1"},"canonical":"https:\/\/www.karinibutiik.ee\/lv\/piegade-uz\/","og_locale":"lv_LV","og_type":"article","og_title":"Kohaletoimetamine - Karini Butiik","og_description":"Kohaletoimetamine KARINIBUTIIK.EE e-poest saab kaupa tellida mitmel erineval moel. ALATES 99,00 EUR TELLIMUSEST ON EESTI SISENE PAKIAUTOMAADI TEENUS TASUTA! ITELLA [&hellip;]","og_url":"https:\/\/www.karinibutiik.ee\/lv\/piegade-uz\/","og_site_name":"Karini Butiik","article_publisher":"https:\/\/www.facebook.com\/karinibutiik.ee","article_modified_time":"2026-01-02T11:41:27+00:00","og_image":[{"width":1209,"height":835,"url":"https:\/\/www.karinibutiik.ee\/wp-content\/uploads\/2024\/10\/Karinibutiikavaleht.png","type":"image\/png"}],"twitter_card":"summary_large_image","twitter_misc":{"Est. reading time":"1 min\u016bte"},"schema":{"@context":"https:\/\/schema.org","@graph":[{"@type":"WebPage","@id":"https:\/\/www.karinibutiik.ee\/kohaletoimetamine\/","url":"https:\/\/www.karinibutiik.ee\/kohaletoimetamine\/","name":"Pieg\u0101de - Karini Butiik","isPartOf":{"@id":"https:\/\/www.karinibutiik.ee\/#website"},"datePublished":"2024-03-15T12:35:52+00:00","dateModified":"2026-01-02T11:41:27+00:00","breadcrumb":{"@id":"https:\/\/www.karinibutiik.ee\/kohaletoimetamine\/#breadcrumb"},"inLanguage":"lv-LV","potentialAction":[{"@type":"ReadAction","target":["https:\/\/www.karinibutiik.ee\/kohaletoimetamine\/"]}]},{"@type":"BreadcrumbList","@id":"https:\/\/www.karinibutiik.ee\/kohaletoimetamine\/#breadcrumb","itemListElement":[{"@type":"ListItem","position":1,"name":"Home","item":"https:\/\/www.karinibutiik.ee\/"},{"@type":"ListItem","position":2,"name":"Kohaletoimetamine"}]},{"@type":"WebSite","@id":"https:\/\/www.karinibutiik.ee\/#website","url":"https:\/\/www.karinibutiik.ee\/","name":"Karini Butiik","description":"","publisher":{"@id":"https:\/\/www.karinibutiik.ee\/#organization"},"potentialAction":[{"@type":"SearchAction","target":{"@type":"EntryPoint","urlTemplate":"https:\/\/www.karinibutiik.ee\/?s={search_term_string}"},"query-input":{"@type":"PropertyValueSpecification","valueRequired":true,"valueName":"search_term_string"}}],"inLanguage":"lv-LV"},{"@type":"Organization","@id":"https:\/\/www.karinibutiik.ee\/#organization","name":"Karini Butiik","url":"https:\/\/www.karinibutiik.ee\/","logo":{"@type":"ImageObject","inLanguage":"lv-LV","@id":"https:\/\/www.karinibutiik.ee\/#\/schema\/logo\/image\/","url":"https:\/\/www.karinibutiik.ee\/wp-content\/uploads\/2024\/10\/Kuj.-K-koopia.png","contentUrl":"https:\/\/www.karinibutiik.ee\/wp-content\/uploads\/2024\/10\/Kuj.-K-koopia.png","width":500,"height":500,"caption":"Karini Butiik"},"image":{"@id":"https:\/\/www.karinibutiik.ee\/#\/schema\/logo\/image\/"},"sameAs":["https:\/\/www.facebook.com\/karinibutiik.ee","https:\/\/www.instagram.com\/karinibutiik"]}]}},"_links":{"self":[{"href":"https:\/\/www.karinibutiik.ee\/lv\/wp-json\/wp\/v2\/pages\/745","targetHints":{"allow":["GET"]}}],"collection":[{"href":"https:\/\/www.karinibutiik.ee\/lv\/wp-json\/wp\/v2\/pages"}],"about":[{"href":"https:\/\/www.karinibutiik.ee\/lv\/wp-json\/wp\/v2\/types\/page"}],"author":[{"embeddable":true,"href":"https:\/\/www.karinibutiik.ee\/lv\/wp-json\/wp\/v2\/users\/3"}],"replies":[{"embeddable":true,"href":"https:\/\/www.karinibutiik.ee\/lv\/wp-json\/wp\/v2\/comments?post=745"}],"version-history":[{"count":31,"href":"https:\/\/www.karinibutiik.ee\/lv\/wp-json\/wp\/v2\/pages\/745\/revisions"}],"predecessor-version":[{"id":25715,"href":"https:\/\/www.karinibutiik.ee\/lv\/wp-json\/wp\/v2\/pages\/745\/revisions\/25715"}],"wp:attachment":[{"href":"https:\/\/www.karinibutiik.ee\/lv\/wp-json\/wp\/v2\/media?parent=745"}],"curies":[{"name":"wp","href":"https:\/\/api.w.org\/{rel}","templated":true}]}}