{"id":10931,"date":"2024-04-29T09:15:56","date_gmt":"2024-04-29T09:15:56","guid":{"rendered":"https:\/\/www.karinibutiik.ee\/toode\/luksuslik-tullkleit-3\/"},"modified":"2025-07-01T07:21:52","modified_gmt":"2025-07-01T04:21:52","slug":"luksuslik-tullkleit-3","status":"publish","type":"product","link":"https:\/\/www.karinibutiik.ee\/lv\/produkts\/luksuslik-tullkleit-3\/","title":{"rendered":"GREZNA TILLA KLEITA"},"content":{"rendered":"<p>Romantilise ja luksusliku v\u00e4limusega rohke seelikuosaga t\u00fcllkleit, mis lisab liikumisv\u00f5imet ja kaunist vol\u00fc\u00fcmi. Kleidi \u00f5huline ja \u00f5rn t\u00fcllmaterjal loob unistava efekti, samal ajal kui seelikuosa, mis koosneb mitmest kihist, annab kleidile mahtuvuse ja s\u00e4ra. Kaelalt seotav detail toob esile elegantse ja rafineeritud stiili, kleit kinnitub seljalt lukuga. See kleit on ideaalne valik, et teha igast s\u00fcndmusest meeldej\u00e4\u00e4v hetk.<\/p>","protected":false},"excerpt":{"rendered":"<p>Romantilise ja luksusliku v\u00e4limusega rohke seelikuosaga t\u00fcllkleit, mis lisab liikumisv\u00f5imet ja kaunist vol\u00fc\u00fcmi. Kleidi \u00f5huline ja \u00f5rn t\u00fcllmaterjal loob unistava [&hellip;]<\/p>\n","protected":false},"featured_media":10933,"template":"","meta":{"site-sidebar-layout":"default","site-content-layout":"","ast-site-content-layout":"default","site-content-style":"default","site-sidebar-style":"default","ast-global-header-display":"","ast-banner-title-visibility":"","ast-main-header-display":"","ast-hfb-above-header-display":"","ast-hfb-below-header-display":"","ast-hfb-mobile-header-display":"","site-post-title":"","ast-breadcrumbs-content":"","ast-featured-img":"","footer-sml-layout":"","ast-disable-related-posts":"","theme-transparent-header-meta":"default","adv-header-id-meta":"","stick-header-meta":"default","header-above-stick-meta":"","header-main-stick-meta":"","header-below-stick-meta":"","astra-migrate-meta-layouts":"set","ast-page-background-enabled":"default","ast-page-background-meta":{"desktop":{"background-color":"var(--ast-global-color-4)","background-image":"","background-repeat":"repeat","background-position":"center center","background-size":"auto","background-attachment":"scroll","background-type":"","background-media":"","overlay-type":"","overlay-color":"","overlay-opacity":"","overlay-gradient":""},"tablet":{"background-color":"","background-image":"","background-repeat":"repeat","background-position":"center center","background-size":"auto","background-attachment":"scroll","background-type":"","background-media":"","overlay-type":"","overlay-color":"","overlay-opacity":"","overlay-gradient":""},"mobile":{"background-color":"","background-image":"","background-repeat":"repeat","background-position":"center center","background-size":"auto","background-attachment":"scroll","background-type":"","background-media":"","overlay-type":"","overlay-color":"","overlay-opacity":"","overlay-gradient":""}},"ast-content-background-meta":{"desktop":{"background-color":"var(--ast-global-color-5)","background-image":"","background-repeat":"repeat","background-position":"center center","background-size":"auto","background-attachment":"scroll","background-type":"","background-media":"","overlay-type":"","overlay-color":"","overlay-opacity":"","overlay-gradient":""},"tablet":{"background-color":"var(--ast-global-color-5)","background-image":"","background-repeat":"repeat","background-position":"center center","background-size":"auto","background-attachment":"scroll","background-type":"","background-media":"","overlay-type":"","overlay-color":"","overlay-opacity":"","overlay-gradient":""},"mobile":{"background-color":"var(--ast-global-color-5)","background-image":"","background-repeat":"repeat","background-position":"center center","background-size":"auto","background-attachment":"scroll","background-type":"","background-media":"","overlay-type":"","overlay-color":"","overlay-opacity":"","overlay-gradient":""}}},"product_brand":[],"product_cat":[367,347,349,346,380],"product_tag":[475,476,501,477,270,1220,485,647,493,86,90,92,1224,495,506],"class_list":{"0":"post-10931","1":"product","2":"type-product","3":"status-publish","4":"has-post-thumbnail","6":"product_cat-allahindlus","7":"product_cat-kleidid","8":"product_cat-midikleidid","9":"product_cat-naised","10":"product_cat-tullkleidid","11":"product_tag-dresshouse","12":"product_tag-getdressed","13":"product_tag-karini-butiik","14":"product_tag-kleidibutiik","15":"product_tag-kleidid","16":"product_tag-kleidid-tallinnas","17":"product_tag-kleidipood","18":"product_tag-kleidipood-tallinnas","19":"product_tag-kleiditurg","20":"product_tag-kleit","21":"product_tag-lopukleit","22":"product_tag-pidulikud-kleidid","23":"product_tag-taull-kleidid","24":"product_tag-tullkleit","25":"product_tag-valge-kleit","26":"desktop-align-center","27":"tablet-align-center","28":"mobile-align-center","29":"ast-product-gallery-layout-horizontal-slider","30":"ast-product-single-variable","31":"ast-product-tabs-layout-horizontal","33":"first","34":"instock","35":"sale","36":"taxable","37":"shipping-taxable","38":"purchasable","39":"product-type-variable"},"supplier_id":null,"supplier_sku":"","barcode":null,"atum_controlled":true,"out_stock_date":null,"out_stock_threshold":null,"inheritable":true,"inbound_stock":0,"stock_on_hold":0,"sold_today":0,"sales_last_days":0,"reserved_stock":0,"customer_returns":0,"warehouse_damage":0,"lost_in_post":0,"other_logs":0,"out_stock_days":0,"lost_sales":0,"has_location":false,"update_date":"2025-12-05T11:18:46","atum_locations":[],"atum_stock_status":"instock","restock_status":false,"low_stock_amount":"","sales_update_date":"2025-12-05T11:18:46","calc_backorders":null,"yoast_head":"<!-- This site is optimized with the Yoast SEO plugin v26.9 - https:\/\/yoast.com\/product\/yoast-seo-wordpress\/ -->\n<title>LUKSUSLIK T\u00dcLLKLEIT - Karini Butiik<\/title>\n<meta name=\"description\" content=\"Romantilise ja luksusliku v\u00e4limusega rohke seelikuosaga t\u00fcllkleit.\ud83e\udd70 See kleit on ideaalne valik, et teha igast s\u00fcndmusest meeldej\u00e4\u00e4v hetk.\" \/>\n<meta name=\"robots\" content=\"index, follow, max-snippet:-1, max-image-preview:large, max-video-preview:-1\" \/>\n<link rel=\"canonical\" href=\"https:\/\/www.karinibutiik.ee\/lv\/produkts\/luksuslik-tullkleit-3\/\" \/>\n<meta property=\"og:locale\" content=\"lv_LV\" \/>\n<meta property=\"og:type\" content=\"article\" \/>\n<meta property=\"og:title\" content=\"LUKSUSLIK T\u00dcLLKLEIT - Karini Butiik\" \/>\n<meta property=\"og:description\" content=\"Romantilise ja luksusliku v\u00e4limusega rohke seelikuosaga t\u00fcllkleit.\ud83e\udd70 See kleit on ideaalne valik, et teha igast s\u00fcndmusest meeldej\u00e4\u00e4v hetk.\" \/>\n<meta property=\"og:url\" content=\"https:\/\/www.karinibutiik.ee\/lv\/produkts\/luksuslik-tullkleit-3\/\" \/>\n<meta property=\"og:site_name\" content=\"Karini Butiik\" \/>\n<meta property=\"article:publisher\" content=\"https:\/\/www.facebook.com\/karinibutiik.ee\" \/>\n<meta property=\"article:modified_time\" content=\"2025-07-01T04:21:52+00:00\" \/>\n<meta property=\"og:image\" content=\"https:\/\/www.karinibutiik.ee\/wp-content\/uploads\/2024\/04\/120487225_3157777504341330_5283166141933484725_o-e1714563415986.jpg\" \/>\n\t<meta property=\"og:image:width\" content=\"775\" \/>\n\t<meta property=\"og:image:height\" content=\"970\" \/>\n\t<meta property=\"og:image:type\" content=\"image\/jpeg\" \/>\n<meta name=\"twitter:card\" content=\"summary_large_image\" \/>\n<meta name=\"twitter:label1\" content=\"Availability\" \/>\n\t<meta name=\"twitter:data1\" content=\"In stock\" \/>\n<script type=\"application\/ld+json\" class=\"yoast-schema-graph\">{\"@context\":\"https:\/\/schema.org\",\"@graph\":[{\"@type\":\"WebPage\",\"@id\":\"https:\/\/www.karinibutiik.ee\/toode\/luksuslik-tullkleit-3\/\",\"url\":\"https:\/\/www.karinibutiik.ee\/toode\/luksuslik-tullkleit-3\/\",\"name\":\"LUKSUSLIK T\u00dcLLKLEIT - Karini Butiik\",\"isPartOf\":{\"@id\":\"https:\/\/www.karinibutiik.ee\/#website\"},\"primaryImageOfPage\":{\"@id\":\"https:\/\/www.karinibutiik.ee\/toode\/luksuslik-tullkleit-3\/#primaryimage\"},\"image\":{\"@id\":\"https:\/\/www.karinibutiik.ee\/toode\/luksuslik-tullkleit-3\/#primaryimage\"},\"thumbnailUrl\":\"https:\/\/www.karinibutiik.ee\/wp-content\/uploads\/2024\/04\/120487225_3157777504341330_5283166141933484725_o-e1714563415986.jpg\",\"datePublished\":\"2024-04-29T09:15:56+00:00\",\"dateModified\":\"2025-07-01T04:21:52+00:00\",\"description\":\"Romantilise ja luksusliku v\u00e4limusega rohke seelikuosaga t\u00fcllkleit.\ud83e\udd70 See kleit on ideaalne valik, et teha igast s\u00fcndmusest meeldej\u00e4\u00e4v hetk.\",\"breadcrumb\":{\"@id\":\"https:\/\/www.karinibutiik.ee\/toode\/luksuslik-tullkleit-3\/#breadcrumb\"},\"inLanguage\":\"lv-LV\",\"potentialAction\":[{\"@type\":\"ReadAction\",\"target\":[\"https:\/\/www.karinibutiik.ee\/toode\/luksuslik-tullkleit-3\/\"]}]},{\"@type\":\"ImageObject\",\"inLanguage\":\"lv-LV\",\"@id\":\"https:\/\/www.karinibutiik.ee\/toode\/luksuslik-tullkleit-3\/#primaryimage\",\"url\":\"https:\/\/www.karinibutiik.ee\/wp-content\/uploads\/2024\/04\/120487225_3157777504341330_5283166141933484725_o-e1714563415986.jpg\",\"contentUrl\":\"https:\/\/www.karinibutiik.ee\/wp-content\/uploads\/2024\/04\/120487225_3157777504341330_5283166141933484725_o-e1714563415986.jpg\",\"width\":775,\"height\":970},{\"@type\":\"BreadcrumbList\",\"@id\":\"https:\/\/www.karinibutiik.ee\/toode\/luksuslik-tullkleit-3\/#breadcrumb\",\"itemListElement\":[{\"@type\":\"ListItem\",\"position\":1,\"name\":\"Home\",\"item\":\"https:\/\/www.karinibutiik.ee\/\"},{\"@type\":\"ListItem\",\"position\":2,\"name\":\"Pood\",\"item\":\"https:\/\/www.karinibutiik.ee\/pood\/\"},{\"@type\":\"ListItem\",\"position\":3,\"name\":\"LUKSUSLIK T\u00dcLLKLEIT\"}]},{\"@type\":\"WebSite\",\"@id\":\"https:\/\/www.karinibutiik.ee\/#website\",\"url\":\"https:\/\/www.karinibutiik.ee\/\",\"name\":\"Karini Butiik\",\"description\":\"\",\"publisher\":{\"@id\":\"https:\/\/www.karinibutiik.ee\/#organization\"},\"potentialAction\":[{\"@type\":\"SearchAction\",\"target\":{\"@type\":\"EntryPoint\",\"urlTemplate\":\"https:\/\/www.karinibutiik.ee\/?s={search_term_string}\"},\"query-input\":{\"@type\":\"PropertyValueSpecification\",\"valueRequired\":true,\"valueName\":\"search_term_string\"}}],\"inLanguage\":\"lv-LV\"},{\"@type\":\"Organization\",\"@id\":\"https:\/\/www.karinibutiik.ee\/#organization\",\"name\":\"Karini Butiik\",\"url\":\"https:\/\/www.karinibutiik.ee\/\",\"logo\":{\"@type\":\"ImageObject\",\"inLanguage\":\"lv-LV\",\"@id\":\"https:\/\/www.karinibutiik.ee\/#\/schema\/logo\/image\/\",\"url\":\"https:\/\/www.karinibutiik.ee\/wp-content\/uploads\/2024\/10\/Kuj.-K-koopia.png\",\"contentUrl\":\"https:\/\/www.karinibutiik.ee\/wp-content\/uploads\/2024\/10\/Kuj.-K-koopia.png\",\"width\":500,\"height\":500,\"caption\":\"Karini Butiik\"},\"image\":{\"@id\":\"https:\/\/www.karinibutiik.ee\/#\/schema\/logo\/image\/\"},\"sameAs\":[\"https:\/\/www.facebook.com\/karinibutiik.ee\",\"https:\/\/www.instagram.com\/karinibutiik\"]}]}<\/script>\n<meta property=\"og:availability\" content=\"instock\" \/>\n<meta property=\"product:availability\" content=\"instock\" \/>\n<meta property=\"product:retailer_item_id\" content=\"07042\" \/>\n<meta property=\"product:condition\" content=\"new\" \/>\n<!-- \/ Yoast SEO plugin. -->","yoast_head_json":{"title":"LUKSUSLIK T\u00dcLLKLEIT - Karini Butiik","description":"Romantilise ja luksusliku v\u00e4limusega rohke seelikuosaga t\u00fcllkleit.\ud83e\udd70 See kleit on ideaalne valik, et teha igast s\u00fcndmusest meeldej\u00e4\u00e4v hetk.","robots":{"index":"index","follow":"follow","max-snippet":"max-snippet:-1","max-image-preview":"max-image-preview:large","max-video-preview":"max-video-preview:-1"},"canonical":"https:\/\/www.karinibutiik.ee\/lv\/produkts\/luksuslik-tullkleit-3\/","og_locale":"lv_LV","og_type":"article","og_title":"LUKSUSLIK T\u00dcLLKLEIT - Karini Butiik","og_description":"Romantilise ja luksusliku v\u00e4limusega rohke seelikuosaga t\u00fcllkleit.\ud83e\udd70 See kleit on ideaalne valik, et teha igast s\u00fcndmusest meeldej\u00e4\u00e4v hetk.","og_url":"https:\/\/www.karinibutiik.ee\/lv\/produkts\/luksuslik-tullkleit-3\/","og_site_name":"Karini Butiik","article_publisher":"https:\/\/www.facebook.com\/karinibutiik.ee","article_modified_time":"2025-07-01T04:21:52+00:00","og_image":[{"width":775,"height":970,"url":"https:\/\/www.karinibutiik.ee\/wp-content\/uploads\/2024\/04\/120487225_3157777504341330_5283166141933484725_o-e1714563415986.jpg","type":"image\/jpeg"}],"twitter_card":"summary_large_image","twitter_misc":{"Availability":"In stock"},"schema":{"@context":"https:\/\/schema.org","@graph":[{"@type":"WebPage","@id":"https:\/\/www.karinibutiik.ee\/toode\/luksuslik-tullkleit-3\/","url":"https:\/\/www.karinibutiik.ee\/toode\/luksuslik-tullkleit-3\/","name":"LUKSUSLIK T\u00dcLLKLEIT - Karini Butiik","isPartOf":{"@id":"https:\/\/www.karinibutiik.ee\/#website"},"primaryImageOfPage":{"@id":"https:\/\/www.karinibutiik.ee\/toode\/luksuslik-tullkleit-3\/#primaryimage"},"image":{"@id":"https:\/\/www.karinibutiik.ee\/toode\/luksuslik-tullkleit-3\/#primaryimage"},"thumbnailUrl":"https:\/\/www.karinibutiik.ee\/wp-content\/uploads\/2024\/04\/120487225_3157777504341330_5283166141933484725_o-e1714563415986.jpg","datePublished":"2024-04-29T09:15:56+00:00","dateModified":"2025-07-01T04:21:52+00:00","description":"Romantilise ja luksusliku v\u00e4limusega rohke seelikuosaga t\u00fcllkleit.\ud83e\udd70 See kleit on ideaalne valik, et teha igast s\u00fcndmusest meeldej\u00e4\u00e4v hetk.","breadcrumb":{"@id":"https:\/\/www.karinibutiik.ee\/toode\/luksuslik-tullkleit-3\/#breadcrumb"},"inLanguage":"lv-LV","potentialAction":[{"@type":"ReadAction","target":["https:\/\/www.karinibutiik.ee\/toode\/luksuslik-tullkleit-3\/"]}]},{"@type":"ImageObject","inLanguage":"lv-LV","@id":"https:\/\/www.karinibutiik.ee\/toode\/luksuslik-tullkleit-3\/#primaryimage","url":"https:\/\/www.karinibutiik.ee\/wp-content\/uploads\/2024\/04\/120487225_3157777504341330_5283166141933484725_o-e1714563415986.jpg","contentUrl":"https:\/\/www.karinibutiik.ee\/wp-content\/uploads\/2024\/04\/120487225_3157777504341330_5283166141933484725_o-e1714563415986.jpg","width":775,"height":970},{"@type":"BreadcrumbList","@id":"https:\/\/www.karinibutiik.ee\/toode\/luksuslik-tullkleit-3\/#breadcrumb","itemListElement":[{"@type":"ListItem","position":1,"name":"Home","item":"https:\/\/www.karinibutiik.ee\/"},{"@type":"ListItem","position":2,"name":"Pood","item":"https:\/\/www.karinibutiik.ee\/pood\/"},{"@type":"ListItem","position":3,"name":"LUKSUSLIK T\u00dcLLKLEIT"}]},{"@type":"WebSite","@id":"https:\/\/www.karinibutiik.ee\/#website","url":"https:\/\/www.karinibutiik.ee\/","name":"Karini Butiik","description":"","publisher":{"@id":"https:\/\/www.karinibutiik.ee\/#organization"},"potentialAction":[{"@type":"SearchAction","target":{"@type":"EntryPoint","urlTemplate":"https:\/\/www.karinibutiik.ee\/?s={search_term_string}"},"query-input":{"@type":"PropertyValueSpecification","valueRequired":true,"valueName":"search_term_string"}}],"inLanguage":"lv-LV"},{"@type":"Organization","@id":"https:\/\/www.karinibutiik.ee\/#organization","name":"Karini Butiik","url":"https:\/\/www.karinibutiik.ee\/","logo":{"@type":"ImageObject","inLanguage":"lv-LV","@id":"https:\/\/www.karinibutiik.ee\/#\/schema\/logo\/image\/","url":"https:\/\/www.karinibutiik.ee\/wp-content\/uploads\/2024\/10\/Kuj.-K-koopia.png","contentUrl":"https:\/\/www.karinibutiik.ee\/wp-content\/uploads\/2024\/10\/Kuj.-K-koopia.png","width":500,"height":500,"caption":"Karini Butiik"},"image":{"@id":"https:\/\/www.karinibutiik.ee\/#\/schema\/logo\/image\/"},"sameAs":["https:\/\/www.facebook.com\/karinibutiik.ee","https:\/\/www.instagram.com\/karinibutiik"]}]},"og_availability":"instock","product_availability":"instock","product_retailer_item_id":"07042","product_condition":"new"},"_links":{"self":[{"href":"https:\/\/www.karinibutiik.ee\/lv\/wp-json\/wp\/v2\/product\/10931","targetHints":{"allow":["GET"]}}],"collection":[{"href":"https:\/\/www.karinibutiik.ee\/lv\/wp-json\/wp\/v2\/product"}],"about":[{"href":"https:\/\/www.karinibutiik.ee\/lv\/wp-json\/wp\/v2\/types\/product"}],"version-history":[{"count":2,"href":"https:\/\/www.karinibutiik.ee\/lv\/wp-json\/wp\/v2\/product\/10931\/revisions"}],"predecessor-version":[{"id":21470,"href":"https:\/\/www.karinibutiik.ee\/lv\/wp-json\/wp\/v2\/product\/10931\/revisions\/21470"}],"wp:featuredmedia":[{"embeddable":true,"href":"https:\/\/www.karinibutiik.ee\/lv\/wp-json\/wp\/v2\/media\/10933"}],"wp:attachment":[{"href":"https:\/\/www.karinibutiik.ee\/lv\/wp-json\/wp\/v2\/media?parent=10931"}],"wp:term":[{"taxonomy":"product_brand","embeddable":true,"href":"https:\/\/www.karinibutiik.ee\/lv\/wp-json\/wp\/v2\/product_brand?post=10931"},{"taxonomy":"product_cat","embeddable":true,"href":"https:\/\/www.karinibutiik.ee\/lv\/wp-json\/wp\/v2\/product_cat?post=10931"},{"taxonomy":"product_tag","embeddable":true,"href":"https:\/\/www.karinibutiik.ee\/lv\/wp-json\/wp\/v2\/product_tag?post=10931"}],"curies":[{"name":"wp","href":"https:\/\/api.w.org\/{rel}","templated":true}]}}