{"id":12156,"date":"2025-01-03T06:26:07","date_gmt":"2025-01-03T06:26:07","guid":{"rendered":"https:\/\/www.karinibutiik.ee\/toode\/satiinkangast-kehasse-hoidev-maksikleit\/"},"modified":"2026-03-09T13:52:34","modified_gmt":"2026-03-09T11:52:34","slug":"satiinkangast-kehasse-hoidev-maksikleit","status":"publish","type":"product","link":"https:\/\/www.karinibutiik.ee\/lv\/produkts\/satiinkangast-kehasse-hoidev-maksikleit\/","title":{"rendered":"SAT\u012aNA AUDUMA PIEGU\u013bO\u0160A AKNU KLEITA"},"content":{"rendered":"<p>See elegantne satiinkangast maksikleit on ideaalne valik igaks pidulikuks s\u00fcndmuseks. Luksuslik satiinmaterjal annab kleidile pehme ja l\u00e4ikiva viimistluse, mis p\u00fc\u00fcab pilke ja annab kandjale kuningliku s\u00e4ra.<\/p>\n<p>Kleidi disaini t\u00e4iustab maitsekas v-kaelus, mis r\u00f5hutab kaunilt dekolteed ja lisab naiselikku v\u00f5lu. Kleidi seljal asuv lukk on praktiline detail, mis tagab mugava selga panemise ja \u00e4rav\u00f5tmise. Maksikleit on ideaalne valik erinevateks \u00fcritusteks &#8211; olgu see siis pulmad, galad, \u00f5htus\u00f6\u00f6gid v\u00f5i muud pidulikud s\u00fcndmused. Satiinist valmistatud kleit langeb keha \u00fcmber sujuvalt, r\u00f5hutades \u00f5rnalt figuuri ning pakkudes samas piisavalt vaba liikumisruumi. Vali see kaunis maksikleit ja loo m\u00e4lestusi, mis kestavad. Sinu \u00f5htust saab t\u00f5eline stiilin\u00e4ide, kus luksus kohtub elegantsiga.<\/p>","protected":false},"excerpt":{"rendered":"<p>See elegantne satiinkangast maksikleit on ideaalne valik igaks pidulikuks s\u00fcndmuseks. Luksuslik satiinmaterjal annab kleidile pehme ja l\u00e4ikiva viimistluse, mis p\u00fc\u00fcab [&hellip;]<\/p>\n","protected":false},"featured_media":21655,"template":"","meta":{"site-sidebar-layout":"default","site-content-layout":"","ast-site-content-layout":"default","site-content-style":"default","site-sidebar-style":"default","ast-global-header-display":"","ast-banner-title-visibility":"","ast-main-header-display":"","ast-hfb-above-header-display":"","ast-hfb-below-header-display":"","ast-hfb-mobile-header-display":"","site-post-title":"","ast-breadcrumbs-content":"","ast-featured-img":"","footer-sml-layout":"","ast-disable-related-posts":"","theme-transparent-header-meta":"default","adv-header-id-meta":"","stick-header-meta":"default","header-above-stick-meta":"","header-main-stick-meta":"","header-below-stick-meta":"","astra-migrate-meta-layouts":"set","ast-page-background-enabled":"default","ast-page-background-meta":{"desktop":{"background-color":"var(--ast-global-color-4)","background-image":"","background-repeat":"repeat","background-position":"center center","background-size":"auto","background-attachment":"scroll","background-type":"","background-media":"","overlay-type":"","overlay-color":"","overlay-opacity":"","overlay-gradient":""},"tablet":{"background-color":"","background-image":"","background-repeat":"repeat","background-position":"center center","background-size":"auto","background-attachment":"scroll","background-type":"","background-media":"","overlay-type":"","overlay-color":"","overlay-opacity":"","overlay-gradient":""},"mobile":{"background-color":"","background-image":"","background-repeat":"repeat","background-position":"center center","background-size":"auto","background-attachment":"scroll","background-type":"","background-media":"","overlay-type":"","overlay-color":"","overlay-opacity":"","overlay-gradient":""}},"ast-content-background-meta":{"desktop":{"background-color":"var(--ast-global-color-5)","background-image":"","background-repeat":"repeat","background-position":"center center","background-size":"auto","background-attachment":"scroll","background-type":"","background-media":"","overlay-type":"","overlay-color":"","overlay-opacity":"","overlay-gradient":""},"tablet":{"background-color":"var(--ast-global-color-5)","background-image":"","background-repeat":"repeat","background-position":"center center","background-size":"auto","background-attachment":"scroll","background-type":"","background-media":"","overlay-type":"","overlay-color":"","overlay-opacity":"","overlay-gradient":""},"mobile":{"background-color":"var(--ast-global-color-5)","background-image":"","background-repeat":"repeat","background-position":"center center","background-size":"auto","background-attachment":"scroll","background-type":"","background-media":"","overlay-type":"","overlay-color":"","overlay-opacity":"","overlay-gradient":""}}},"product_brand":[],"product_cat":[347,348,357,346,350],"product_tag":[488,475,476,703,501,477,270,485,493,86,91,711,272,489,708,487,710,709,492],"class_list":{"0":"post-12156","1":"product","2":"type-product","3":"status-publish","4":"has-post-thumbnail","6":"product_cat-kleidid","7":"product_cat-lopukleidid","8":"product_cat-maksikleidid","9":"product_cat-naised","10":"product_cat-pulmakleidid-pruutneitside-kleidid","11":"product_tag-ballikleit","12":"product_tag-dresshouse","13":"product_tag-getdressed","14":"product_tag-helesinine","15":"product_tag-karini-butiik","16":"product_tag-kleidibutiik","17":"product_tag-kleidid","18":"product_tag-kleidipood","19":"product_tag-kleiditurg","20":"product_tag-kleit","21":"product_tag-koolilopukleit","22":"product_tag-lilla","23":"product_tag-must","24":"product_tag-punane","25":"product_tag-roheline","26":"product_tag-satiinkleit","27":"product_tag-satiinmaksikleit","28":"product_tag-sinine","29":"product_tag-valge","30":"desktop-align-center","31":"tablet-align-center","32":"mobile-align-center","33":"ast-product-gallery-layout-horizontal-slider","34":"ast-product-single-variable","35":"ast-product-tabs-layout-horizontal","37":"first","38":"instock","39":"taxable","40":"shipping-taxable","41":"purchasable","42":"product-type-variable"},"supplier_id":null,"supplier_sku":"","barcode":null,"atum_controlled":true,"out_stock_date":null,"out_stock_threshold":null,"inheritable":true,"inbound_stock":0,"stock_on_hold":0,"sold_today":0,"sales_last_days":0,"reserved_stock":0,"customer_returns":0,"warehouse_damage":0,"lost_in_post":0,"other_logs":0,"out_stock_days":0,"lost_sales":0,"has_location":false,"update_date":"2025-12-02T01:40:28","atum_locations":[],"atum_stock_status":"instock","restock_status":false,"low_stock_amount":"","sales_update_date":"2025-12-02T01:40:28","calc_backorders":null,"yoast_head":"<!-- This site is optimized with the Yoast SEO plugin v26.9 - https:\/\/yoast.com\/product\/yoast-seo-wordpress\/ -->\n<title>SATIINKANGAST KEHASSE HOIDEV MAKSIKLEIT - Karini Butiik<\/title>\n<meta name=\"description\" content=\"S\u00e4rav ja elegantne maksikleit, mis p\u00fc\u00fcab pilke igal pidulikul s\u00fcndmusel. Tundke end kuninglikult meie luksusliku satiinmaterjali kleidis! \ud83d\udc51\" \/>\n<meta name=\"robots\" content=\"index, follow, max-snippet:-1, max-image-preview:large, max-video-preview:-1\" \/>\n<link rel=\"canonical\" href=\"https:\/\/www.karinibutiik.ee\/lv\/produkts\/satiinkangast-kehasse-hoidev-maksikleit\/\" \/>\n<meta property=\"og:locale\" content=\"lv_LV\" \/>\n<meta property=\"og:type\" content=\"article\" \/>\n<meta property=\"og:title\" content=\"SATIINKANGAST KEHASSE HOIDEV MAKSIKLEIT - Karini Butiik\" \/>\n<meta property=\"og:description\" content=\"S\u00e4rav ja elegantne maksikleit, mis p\u00fc\u00fcab pilke igal pidulikul s\u00fcndmusel. Tundke end kuninglikult meie luksusliku satiinmaterjali kleidis! \ud83d\udc51\" \/>\n<meta property=\"og:url\" content=\"https:\/\/www.karinibutiik.ee\/lv\/produkts\/satiinkangast-kehasse-hoidev-maksikleit\/\" \/>\n<meta property=\"og:site_name\" content=\"Karini Butiik\" \/>\n<meta property=\"article:publisher\" content=\"https:\/\/www.facebook.com\/karinibutiik.ee\" \/>\n<meta property=\"article:modified_time\" content=\"2026-03-09T11:52:34+00:00\" \/>\n<meta property=\"og:image\" content=\"https:\/\/www.karinibutiik.ee\/wp-content\/uploads\/2025\/03\/IMG_0388.jpeg\" \/>\n\t<meta property=\"og:image:width\" content=\"1440\" \/>\n\t<meta property=\"og:image:height\" content=\"1592\" \/>\n\t<meta property=\"og:image:type\" content=\"image\/jpeg\" \/>\n<meta name=\"twitter:card\" content=\"summary_large_image\" \/>\n<meta name=\"twitter:label1\" content=\"Availability\" \/>\n\t<meta name=\"twitter:data1\" content=\"In stock\" \/>\n<script type=\"application\/ld+json\" class=\"yoast-schema-graph\">{\"@context\":\"https:\/\/schema.org\",\"@graph\":[{\"@type\":\"WebPage\",\"@id\":\"https:\/\/www.karinibutiik.ee\/toode\/satiinkangast-kehasse-hoidev-maksikleit\/\",\"url\":\"https:\/\/www.karinibutiik.ee\/toode\/satiinkangast-kehasse-hoidev-maksikleit\/\",\"name\":\"SATIINKANGAST KEHASSE HOIDEV MAKSIKLEIT - Karini Butiik\",\"isPartOf\":{\"@id\":\"https:\/\/www.karinibutiik.ee\/#website\"},\"primaryImageOfPage\":{\"@id\":\"https:\/\/www.karinibutiik.ee\/toode\/satiinkangast-kehasse-hoidev-maksikleit\/#primaryimage\"},\"image\":{\"@id\":\"https:\/\/www.karinibutiik.ee\/toode\/satiinkangast-kehasse-hoidev-maksikleit\/#primaryimage\"},\"thumbnailUrl\":\"https:\/\/www.karinibutiik.ee\/wp-content\/uploads\/2025\/03\/IMG_0388.jpeg\",\"datePublished\":\"2025-01-03T06:26:07+00:00\",\"dateModified\":\"2026-03-09T11:52:34+00:00\",\"description\":\"S\u00e4rav ja elegantne maksikleit, mis p\u00fc\u00fcab pilke igal pidulikul s\u00fcndmusel. Tundke end kuninglikult meie luksusliku satiinmaterjali kleidis! \ud83d\udc51\",\"breadcrumb\":{\"@id\":\"https:\/\/www.karinibutiik.ee\/toode\/satiinkangast-kehasse-hoidev-maksikleit\/#breadcrumb\"},\"inLanguage\":\"lv-LV\",\"potentialAction\":[{\"@type\":\"ReadAction\",\"target\":[\"https:\/\/www.karinibutiik.ee\/toode\/satiinkangast-kehasse-hoidev-maksikleit\/\"]}]},{\"@type\":\"ImageObject\",\"inLanguage\":\"lv-LV\",\"@id\":\"https:\/\/www.karinibutiik.ee\/toode\/satiinkangast-kehasse-hoidev-maksikleit\/#primaryimage\",\"url\":\"https:\/\/www.karinibutiik.ee\/wp-content\/uploads\/2025\/03\/IMG_0388.jpeg\",\"contentUrl\":\"https:\/\/www.karinibutiik.ee\/wp-content\/uploads\/2025\/03\/IMG_0388.jpeg\",\"width\":1440,\"height\":1592},{\"@type\":\"BreadcrumbList\",\"@id\":\"https:\/\/www.karinibutiik.ee\/toode\/satiinkangast-kehasse-hoidev-maksikleit\/#breadcrumb\",\"itemListElement\":[{\"@type\":\"ListItem\",\"position\":1,\"name\":\"Home\",\"item\":\"https:\/\/www.karinibutiik.ee\/\"},{\"@type\":\"ListItem\",\"position\":2,\"name\":\"Pood\",\"item\":\"https:\/\/www.karinibutiik.ee\/pood\/\"},{\"@type\":\"ListItem\",\"position\":3,\"name\":\"SATIINKANGAST KEHASSE HOIDEV MAKSIKLEIT\"}]},{\"@type\":\"WebSite\",\"@id\":\"https:\/\/www.karinibutiik.ee\/#website\",\"url\":\"https:\/\/www.karinibutiik.ee\/\",\"name\":\"Karini Butiik\",\"description\":\"\",\"publisher\":{\"@id\":\"https:\/\/www.karinibutiik.ee\/#organization\"},\"potentialAction\":[{\"@type\":\"SearchAction\",\"target\":{\"@type\":\"EntryPoint\",\"urlTemplate\":\"https:\/\/www.karinibutiik.ee\/?s={search_term_string}\"},\"query-input\":{\"@type\":\"PropertyValueSpecification\",\"valueRequired\":true,\"valueName\":\"search_term_string\"}}],\"inLanguage\":\"lv-LV\"},{\"@type\":\"Organization\",\"@id\":\"https:\/\/www.karinibutiik.ee\/#organization\",\"name\":\"Karini Butiik\",\"url\":\"https:\/\/www.karinibutiik.ee\/\",\"logo\":{\"@type\":\"ImageObject\",\"inLanguage\":\"lv-LV\",\"@id\":\"https:\/\/www.karinibutiik.ee\/#\/schema\/logo\/image\/\",\"url\":\"https:\/\/www.karinibutiik.ee\/wp-content\/uploads\/2024\/10\/Kuj.-K-koopia.png\",\"contentUrl\":\"https:\/\/www.karinibutiik.ee\/wp-content\/uploads\/2024\/10\/Kuj.-K-koopia.png\",\"width\":500,\"height\":500,\"caption\":\"Karini Butiik\"},\"image\":{\"@id\":\"https:\/\/www.karinibutiik.ee\/#\/schema\/logo\/image\/\"},\"sameAs\":[\"https:\/\/www.facebook.com\/karinibutiik.ee\",\"https:\/\/www.instagram.com\/karinibutiik\"]}]}<\/script>\n<meta property=\"og:availability\" content=\"instock\" \/>\n<meta property=\"product:availability\" content=\"instock\" \/>\n<meta property=\"product:retailer_item_id\" content=\"0787\" \/>\n<meta property=\"product:condition\" content=\"new\" \/>\n<!-- \/ Yoast SEO plugin. -->","yoast_head_json":{"title":"SATIINKANGAST KEHASSE HOIDEV MAKSIKLEIT - Karini Butiik","description":"S\u00e4rav ja elegantne maksikleit, mis p\u00fc\u00fcab pilke igal pidulikul s\u00fcndmusel. Tundke end kuninglikult meie luksusliku satiinmaterjali kleidis! \ud83d\udc51","robots":{"index":"index","follow":"follow","max-snippet":"max-snippet:-1","max-image-preview":"max-image-preview:large","max-video-preview":"max-video-preview:-1"},"canonical":"https:\/\/www.karinibutiik.ee\/lv\/produkts\/satiinkangast-kehasse-hoidev-maksikleit\/","og_locale":"lv_LV","og_type":"article","og_title":"SATIINKANGAST KEHASSE HOIDEV MAKSIKLEIT - Karini Butiik","og_description":"S\u00e4rav ja elegantne maksikleit, mis p\u00fc\u00fcab pilke igal pidulikul s\u00fcndmusel. Tundke end kuninglikult meie luksusliku satiinmaterjali kleidis! \ud83d\udc51","og_url":"https:\/\/www.karinibutiik.ee\/lv\/produkts\/satiinkangast-kehasse-hoidev-maksikleit\/","og_site_name":"Karini Butiik","article_publisher":"https:\/\/www.facebook.com\/karinibutiik.ee","article_modified_time":"2026-03-09T11:52:34+00:00","og_image":[{"width":1440,"height":1592,"url":"https:\/\/www.karinibutiik.ee\/wp-content\/uploads\/2025\/03\/IMG_0388.jpeg","type":"image\/jpeg"}],"twitter_card":"summary_large_image","twitter_misc":{"Availability":"In stock"},"schema":{"@context":"https:\/\/schema.org","@graph":[{"@type":"WebPage","@id":"https:\/\/www.karinibutiik.ee\/toode\/satiinkangast-kehasse-hoidev-maksikleit\/","url":"https:\/\/www.karinibutiik.ee\/toode\/satiinkangast-kehasse-hoidev-maksikleit\/","name":"SATIINKANGAST KEHASSE HOIDEV MAKSIKLEIT - Karini Butiik","isPartOf":{"@id":"https:\/\/www.karinibutiik.ee\/#website"},"primaryImageOfPage":{"@id":"https:\/\/www.karinibutiik.ee\/toode\/satiinkangast-kehasse-hoidev-maksikleit\/#primaryimage"},"image":{"@id":"https:\/\/www.karinibutiik.ee\/toode\/satiinkangast-kehasse-hoidev-maksikleit\/#primaryimage"},"thumbnailUrl":"https:\/\/www.karinibutiik.ee\/wp-content\/uploads\/2025\/03\/IMG_0388.jpeg","datePublished":"2025-01-03T06:26:07+00:00","dateModified":"2026-03-09T11:52:34+00:00","description":"S\u00e4rav ja elegantne maksikleit, mis p\u00fc\u00fcab pilke igal pidulikul s\u00fcndmusel. Tundke end kuninglikult meie luksusliku satiinmaterjali kleidis! \ud83d\udc51","breadcrumb":{"@id":"https:\/\/www.karinibutiik.ee\/toode\/satiinkangast-kehasse-hoidev-maksikleit\/#breadcrumb"},"inLanguage":"lv-LV","potentialAction":[{"@type":"ReadAction","target":["https:\/\/www.karinibutiik.ee\/toode\/satiinkangast-kehasse-hoidev-maksikleit\/"]}]},{"@type":"ImageObject","inLanguage":"lv-LV","@id":"https:\/\/www.karinibutiik.ee\/toode\/satiinkangast-kehasse-hoidev-maksikleit\/#primaryimage","url":"https:\/\/www.karinibutiik.ee\/wp-content\/uploads\/2025\/03\/IMG_0388.jpeg","contentUrl":"https:\/\/www.karinibutiik.ee\/wp-content\/uploads\/2025\/03\/IMG_0388.jpeg","width":1440,"height":1592},{"@type":"BreadcrumbList","@id":"https:\/\/www.karinibutiik.ee\/toode\/satiinkangast-kehasse-hoidev-maksikleit\/#breadcrumb","itemListElement":[{"@type":"ListItem","position":1,"name":"Home","item":"https:\/\/www.karinibutiik.ee\/"},{"@type":"ListItem","position":2,"name":"Pood","item":"https:\/\/www.karinibutiik.ee\/pood\/"},{"@type":"ListItem","position":3,"name":"SATIINKANGAST KEHASSE HOIDEV MAKSIKLEIT"}]},{"@type":"WebSite","@id":"https:\/\/www.karinibutiik.ee\/#website","url":"https:\/\/www.karinibutiik.ee\/","name":"Karini Butiik","description":"","publisher":{"@id":"https:\/\/www.karinibutiik.ee\/#organization"},"potentialAction":[{"@type":"SearchAction","target":{"@type":"EntryPoint","urlTemplate":"https:\/\/www.karinibutiik.ee\/?s={search_term_string}"},"query-input":{"@type":"PropertyValueSpecification","valueRequired":true,"valueName":"search_term_string"}}],"inLanguage":"lv-LV"},{"@type":"Organization","@id":"https:\/\/www.karinibutiik.ee\/#organization","name":"Karini Butiik","url":"https:\/\/www.karinibutiik.ee\/","logo":{"@type":"ImageObject","inLanguage":"lv-LV","@id":"https:\/\/www.karinibutiik.ee\/#\/schema\/logo\/image\/","url":"https:\/\/www.karinibutiik.ee\/wp-content\/uploads\/2024\/10\/Kuj.-K-koopia.png","contentUrl":"https:\/\/www.karinibutiik.ee\/wp-content\/uploads\/2024\/10\/Kuj.-K-koopia.png","width":500,"height":500,"caption":"Karini Butiik"},"image":{"@id":"https:\/\/www.karinibutiik.ee\/#\/schema\/logo\/image\/"},"sameAs":["https:\/\/www.facebook.com\/karinibutiik.ee","https:\/\/www.instagram.com\/karinibutiik"]}]},"og_availability":"instock","product_availability":"instock","product_retailer_item_id":"0787","product_condition":"new"},"_links":{"self":[{"href":"https:\/\/www.karinibutiik.ee\/lv\/wp-json\/wp\/v2\/product\/12156","targetHints":{"allow":["GET"]}}],"collection":[{"href":"https:\/\/www.karinibutiik.ee\/lv\/wp-json\/wp\/v2\/product"}],"about":[{"href":"https:\/\/www.karinibutiik.ee\/lv\/wp-json\/wp\/v2\/types\/product"}],"version-history":[{"count":3,"href":"https:\/\/www.karinibutiik.ee\/lv\/wp-json\/wp\/v2\/product\/12156\/revisions"}],"predecessor-version":[{"id":17511,"href":"https:\/\/www.karinibutiik.ee\/lv\/wp-json\/wp\/v2\/product\/12156\/revisions\/17511"}],"wp:featuredmedia":[{"embeddable":true,"href":"https:\/\/www.karinibutiik.ee\/lv\/wp-json\/wp\/v2\/media\/21655"}],"wp:attachment":[{"href":"https:\/\/www.karinibutiik.ee\/lv\/wp-json\/wp\/v2\/media?parent=12156"}],"wp:term":[{"taxonomy":"product_brand","embeddable":true,"href":"https:\/\/www.karinibutiik.ee\/lv\/wp-json\/wp\/v2\/product_brand?post=12156"},{"taxonomy":"product_cat","embeddable":true,"href":"https:\/\/www.karinibutiik.ee\/lv\/wp-json\/wp\/v2\/product_cat?post=12156"},{"taxonomy":"product_tag","embeddable":true,"href":"https:\/\/www.karinibutiik.ee\/lv\/wp-json\/wp\/v2\/product_tag?post=12156"}],"curies":[{"name":"wp","href":"https:\/\/api.w.org\/{rel}","templated":true}]}}