{"id":12251,"date":"2025-10-03T06:26:44","date_gmt":"2025-10-03T03:26:44","guid":{"rendered":"https:\/\/www.karinibutiik.ee\/toode\/satiinkangast-elegantne-maksikleit\/"},"modified":"2026-04-11T17:02:46","modified_gmt":"2026-04-11T14:02:46","slug":"satiinkangast-elegantne-maksikleit","status":"publish","type":"product","link":"https:\/\/www.karinibutiik.ee\/lv\/produkts\/satiinkangast-elegantne-maksikleit\/","title":{"rendered":"ELEGANTA SAT\u012aNA AKNU KLEITA"},"content":{"rendered":"<p>Satiinist Elegants: Kleidi satiinkangas toob esile luksusliku s\u00e4ra ja pehmuse, mis r\u00f5hutab teie naiselikkust ja stiili. See on valmistatud kvaliteetsest materjalist, mis tagab mugavuse ja vastupidavuse. Kleidi pikk seelik ja \u00f5rnalt kujundatud \u00fclaosa loovad unikaalse ja elegantse silueti, mis sobib ideaalselt pidulikeks s\u00fcndmusteks, nagu pulmad, ballid v\u00f5i pidulikud aktused.<\/p>","protected":false},"excerpt":{"rendered":"<p>Satiinist Elegants: Kleidi satiinkangas toob esile luksusliku s\u00e4ra ja pehmuse, mis r\u00f5hutab teie naiselikkust ja stiili. See on valmistatud kvaliteetsest [&hellip;]<\/p>\n","protected":false},"featured_media":25523,"template":"","meta":{"site-sidebar-layout":"default","site-content-layout":"","ast-site-content-layout":"default","site-content-style":"default","site-sidebar-style":"default","ast-global-header-display":"","ast-banner-title-visibility":"","ast-main-header-display":"","ast-hfb-above-header-display":"","ast-hfb-below-header-display":"","ast-hfb-mobile-header-display":"","site-post-title":"","ast-breadcrumbs-content":"","ast-featured-img":"","footer-sml-layout":"","ast-disable-related-posts":"","theme-transparent-header-meta":"default","adv-header-id-meta":"","stick-header-meta":"default","header-above-stick-meta":"","header-main-stick-meta":"","header-below-stick-meta":"","astra-migrate-meta-layouts":"set","ast-page-background-enabled":"default","ast-page-background-meta":{"desktop":{"background-color":"var(--ast-global-color-4)","background-image":"","background-repeat":"repeat","background-position":"center center","background-size":"auto","background-attachment":"scroll","background-type":"","background-media":"","overlay-type":"","overlay-color":"","overlay-opacity":"","overlay-gradient":""},"tablet":{"background-color":"","background-image":"","background-repeat":"repeat","background-position":"center center","background-size":"auto","background-attachment":"scroll","background-type":"","background-media":"","overlay-type":"","overlay-color":"","overlay-opacity":"","overlay-gradient":""},"mobile":{"background-color":"","background-image":"","background-repeat":"repeat","background-position":"center center","background-size":"auto","background-attachment":"scroll","background-type":"","background-media":"","overlay-type":"","overlay-color":"","overlay-opacity":"","overlay-gradient":""}},"ast-content-background-meta":{"desktop":{"background-color":"var(--ast-global-color-5)","background-image":"","background-repeat":"repeat","background-position":"center center","background-size":"auto","background-attachment":"scroll","background-type":"","background-media":"","overlay-type":"","overlay-color":"","overlay-opacity":"","overlay-gradient":""},"tablet":{"background-color":"var(--ast-global-color-5)","background-image":"","background-repeat":"repeat","background-position":"center center","background-size":"auto","background-attachment":"scroll","background-type":"","background-media":"","overlay-type":"","overlay-color":"","overlay-opacity":"","overlay-gradient":""},"mobile":{"background-color":"var(--ast-global-color-5)","background-image":"","background-repeat":"repeat","background-position":"center center","background-size":"auto","background-attachment":"scroll","background-type":"","background-media":"","overlay-type":"","overlay-color":"","overlay-opacity":"","overlay-gradient":""}}},"product_brand":[],"product_cat":[347,348,357,346,350],"product_tag":[475,476,477,270,485,86,91,90,486,109,254,92,253,487,247,110],"class_list":{"0":"post-12251","1":"product","2":"type-product","3":"status-publish","4":"has-post-thumbnail","6":"product_cat-kleidid","7":"product_cat-lopukleidid","8":"product_cat-maksikleidid","9":"product_cat-naised","10":"product_cat-pulmakleidid-pruutneitside-kleidid","11":"product_tag-dresshouse","12":"product_tag-getdressed","13":"product_tag-kleidibutiik","14":"product_tag-kleidid","15":"product_tag-kleidipood","16":"product_tag-kleit","17":"product_tag-koolilopukleit","18":"product_tag-lopukleit","19":"product_tag-maksikleidid","20":"product_tag-maksikleit","21":"product_tag-ohtukleidid","22":"product_tag-pidulikud-kleidid","23":"product_tag-satiinkangast-kleit","24":"product_tag-satiinkleit","25":"product_tag-stiilne","26":"product_tag-varrukatega-maksikleit","27":"desktop-align-center","28":"tablet-align-center","29":"mobile-align-center","30":"ast-product-gallery-layout-horizontal-slider","31":"ast-product-single-variable","32":"ast-product-tabs-layout-horizontal","34":"first","35":"instock","36":"taxable","37":"shipping-taxable","38":"purchasable","39":"product-type-variable"},"supplier_id":null,"supplier_sku":"","barcode":null,"atum_controlled":true,"out_stock_date":null,"out_stock_threshold":null,"inheritable":true,"inbound_stock":0,"stock_on_hold":0,"sold_today":0,"sales_last_days":0,"reserved_stock":0,"customer_returns":0,"warehouse_damage":0,"lost_in_post":0,"other_logs":0,"out_stock_days":0,"lost_sales":0,"has_location":false,"update_date":"2026-02-16T13:18:02","atum_locations":[],"atum_stock_status":"instock","restock_status":false,"low_stock_amount":"","sales_update_date":"2025-12-05T13:59:38","calc_backorders":null,"yoast_head":"<!-- This site is optimized with the Yoast SEO plugin v26.9 - https:\/\/yoast.com\/product\/yoast-seo-wordpress\/ -->\n<title>SATIINKANGAST ELEGANTNE MAKSIKLEIT - Karini Butiik<\/title>\n<meta name=\"description\" content=\"Luksuslik satiinkleit kvaliteetsest kangast \u2013 pehme, vastupidav ja naiselik. Pikk seelik ning elegantne siluett sobivad pulmadeks, ballideks ja aktusteks.\" \/>\n<meta name=\"robots\" content=\"index, follow, max-snippet:-1, max-image-preview:large, max-video-preview:-1\" \/>\n<link rel=\"canonical\" href=\"https:\/\/www.karinibutiik.ee\/lv\/produkts\/satiinkangast-elegantne-maksikleit\/\" \/>\n<meta property=\"og:locale\" content=\"lv_LV\" \/>\n<meta property=\"og:type\" content=\"article\" \/>\n<meta property=\"og:title\" content=\"SATIINKANGAST ELEGANTNE MAKSIKLEIT - Karini Butiik\" \/>\n<meta property=\"og:description\" content=\"Luksuslik satiinkleit kvaliteetsest kangast \u2013 pehme, vastupidav ja naiselik. Pikk seelik ning elegantne siluett sobivad pulmadeks, ballideks ja aktusteks.\" \/>\n<meta property=\"og:url\" content=\"https:\/\/www.karinibutiik.ee\/lv\/produkts\/satiinkangast-elegantne-maksikleit\/\" \/>\n<meta property=\"og:site_name\" content=\"Karini Butiik\" \/>\n<meta property=\"article:publisher\" content=\"https:\/\/www.facebook.com\/karinibutiik.ee\" \/>\n<meta property=\"article:modified_time\" content=\"2026-04-11T14:02:46+00:00\" \/>\n<meta property=\"og:image\" content=\"https:\/\/www.karinibutiik.ee\/wp-content\/uploads\/2025\/12\/385D12F4-773C-4EB6-A7B3-860B641D8EF2.jpeg\" \/>\n\t<meta property=\"og:image:width\" content=\"1929\" \/>\n\t<meta property=\"og:image:height\" content=\"2457\" \/>\n\t<meta property=\"og:image:type\" content=\"image\/jpeg\" \/>\n<meta name=\"twitter:card\" content=\"summary_large_image\" \/>\n<meta name=\"twitter:label1\" content=\"Availability\" \/>\n\t<meta name=\"twitter:data1\" content=\"In stock\" \/>\n<script type=\"application\/ld+json\" class=\"yoast-schema-graph\">{\"@context\":\"https:\/\/schema.org\",\"@graph\":[{\"@type\":\"WebPage\",\"@id\":\"https:\/\/www.karinibutiik.ee\/toode\/satiinkangast-elegantne-maksikleit\/\",\"url\":\"https:\/\/www.karinibutiik.ee\/toode\/satiinkangast-elegantne-maksikleit\/\",\"name\":\"SATIINKANGAST ELEGANTNE MAKSIKLEIT - Karini Butiik\",\"isPartOf\":{\"@id\":\"https:\/\/www.karinibutiik.ee\/#website\"},\"primaryImageOfPage\":{\"@id\":\"https:\/\/www.karinibutiik.ee\/toode\/satiinkangast-elegantne-maksikleit\/#primaryimage\"},\"image\":{\"@id\":\"https:\/\/www.karinibutiik.ee\/toode\/satiinkangast-elegantne-maksikleit\/#primaryimage\"},\"thumbnailUrl\":\"https:\/\/www.karinibutiik.ee\/wp-content\/uploads\/2025\/12\/385D12F4-773C-4EB6-A7B3-860B641D8EF2.jpeg\",\"datePublished\":\"2025-10-03T03:26:44+00:00\",\"dateModified\":\"2026-04-11T14:02:46+00:00\",\"description\":\"Luksuslik satiinkleit kvaliteetsest kangast \u2013 pehme, vastupidav ja naiselik. Pikk seelik ning elegantne siluett sobivad pulmadeks, ballideks ja aktusteks.\",\"breadcrumb\":{\"@id\":\"https:\/\/www.karinibutiik.ee\/toode\/satiinkangast-elegantne-maksikleit\/#breadcrumb\"},\"inLanguage\":\"lv-LV\",\"potentialAction\":[{\"@type\":\"ReadAction\",\"target\":[\"https:\/\/www.karinibutiik.ee\/toode\/satiinkangast-elegantne-maksikleit\/\"]}]},{\"@type\":\"ImageObject\",\"inLanguage\":\"lv-LV\",\"@id\":\"https:\/\/www.karinibutiik.ee\/toode\/satiinkangast-elegantne-maksikleit\/#primaryimage\",\"url\":\"https:\/\/www.karinibutiik.ee\/wp-content\/uploads\/2025\/12\/385D12F4-773C-4EB6-A7B3-860B641D8EF2.jpeg\",\"contentUrl\":\"https:\/\/www.karinibutiik.ee\/wp-content\/uploads\/2025\/12\/385D12F4-773C-4EB6-A7B3-860B641D8EF2.jpeg\",\"width\":1929,\"height\":2457,\"caption\":\"SATIINKANGAST ELEGANTNE MAKSIKLEIT\"},{\"@type\":\"BreadcrumbList\",\"@id\":\"https:\/\/www.karinibutiik.ee\/toode\/satiinkangast-elegantne-maksikleit\/#breadcrumb\",\"itemListElement\":[{\"@type\":\"ListItem\",\"position\":1,\"name\":\"Home\",\"item\":\"https:\/\/www.karinibutiik.ee\/\"},{\"@type\":\"ListItem\",\"position\":2,\"name\":\"Pood\",\"item\":\"https:\/\/www.karinibutiik.ee\/pood\/\"},{\"@type\":\"ListItem\",\"position\":3,\"name\":\"SATIINKANGAST ELEGANTNE MAKSIKLEIT\"}]},{\"@type\":\"WebSite\",\"@id\":\"https:\/\/www.karinibutiik.ee\/#website\",\"url\":\"https:\/\/www.karinibutiik.ee\/\",\"name\":\"Karini Butiik\",\"description\":\"\",\"publisher\":{\"@id\":\"https:\/\/www.karinibutiik.ee\/#organization\"},\"potentialAction\":[{\"@type\":\"SearchAction\",\"target\":{\"@type\":\"EntryPoint\",\"urlTemplate\":\"https:\/\/www.karinibutiik.ee\/?s={search_term_string}\"},\"query-input\":{\"@type\":\"PropertyValueSpecification\",\"valueRequired\":true,\"valueName\":\"search_term_string\"}}],\"inLanguage\":\"lv-LV\"},{\"@type\":\"Organization\",\"@id\":\"https:\/\/www.karinibutiik.ee\/#organization\",\"name\":\"Karini Butiik\",\"url\":\"https:\/\/www.karinibutiik.ee\/\",\"logo\":{\"@type\":\"ImageObject\",\"inLanguage\":\"lv-LV\",\"@id\":\"https:\/\/www.karinibutiik.ee\/#\/schema\/logo\/image\/\",\"url\":\"https:\/\/www.karinibutiik.ee\/wp-content\/uploads\/2024\/10\/Kuj.-K-koopia.png\",\"contentUrl\":\"https:\/\/www.karinibutiik.ee\/wp-content\/uploads\/2024\/10\/Kuj.-K-koopia.png\",\"width\":500,\"height\":500,\"caption\":\"Karini Butiik\"},\"image\":{\"@id\":\"https:\/\/www.karinibutiik.ee\/#\/schema\/logo\/image\/\"},\"sameAs\":[\"https:\/\/www.facebook.com\/karinibutiik.ee\",\"https:\/\/www.instagram.com\/karinibutiik\"]}]}<\/script>\n<meta property=\"og:availability\" content=\"instock\" \/>\n<meta property=\"product:availability\" content=\"instock\" \/>\n<meta property=\"product:retailer_item_id\" content=\"07878\" \/>\n<meta property=\"product:condition\" content=\"new\" \/>\n<!-- \/ Yoast SEO plugin. -->","yoast_head_json":{"title":"SATIINKANGAST ELEGANTNE MAKSIKLEIT - Karini Butiik","description":"Luksuslik satiinkleit kvaliteetsest kangast \u2013 pehme, vastupidav ja naiselik. Pikk seelik ning elegantne siluett sobivad pulmadeks, ballideks ja aktusteks.","robots":{"index":"index","follow":"follow","max-snippet":"max-snippet:-1","max-image-preview":"max-image-preview:large","max-video-preview":"max-video-preview:-1"},"canonical":"https:\/\/www.karinibutiik.ee\/lv\/produkts\/satiinkangast-elegantne-maksikleit\/","og_locale":"lv_LV","og_type":"article","og_title":"SATIINKANGAST ELEGANTNE MAKSIKLEIT - Karini Butiik","og_description":"Luksuslik satiinkleit kvaliteetsest kangast \u2013 pehme, vastupidav ja naiselik. Pikk seelik ning elegantne siluett sobivad pulmadeks, ballideks ja aktusteks.","og_url":"https:\/\/www.karinibutiik.ee\/lv\/produkts\/satiinkangast-elegantne-maksikleit\/","og_site_name":"Karini Butiik","article_publisher":"https:\/\/www.facebook.com\/karinibutiik.ee","article_modified_time":"2026-04-11T14:02:46+00:00","og_image":[{"width":1929,"height":2457,"url":"https:\/\/www.karinibutiik.ee\/wp-content\/uploads\/2025\/12\/385D12F4-773C-4EB6-A7B3-860B641D8EF2.jpeg","type":"image\/jpeg"}],"twitter_card":"summary_large_image","twitter_misc":{"Availability":"In stock"},"schema":{"@context":"https:\/\/schema.org","@graph":[{"@type":"WebPage","@id":"https:\/\/www.karinibutiik.ee\/toode\/satiinkangast-elegantne-maksikleit\/","url":"https:\/\/www.karinibutiik.ee\/toode\/satiinkangast-elegantne-maksikleit\/","name":"SATIINKANGAST ELEGANTNE MAKSIKLEIT - Karini Butiik","isPartOf":{"@id":"https:\/\/www.karinibutiik.ee\/#website"},"primaryImageOfPage":{"@id":"https:\/\/www.karinibutiik.ee\/toode\/satiinkangast-elegantne-maksikleit\/#primaryimage"},"image":{"@id":"https:\/\/www.karinibutiik.ee\/toode\/satiinkangast-elegantne-maksikleit\/#primaryimage"},"thumbnailUrl":"https:\/\/www.karinibutiik.ee\/wp-content\/uploads\/2025\/12\/385D12F4-773C-4EB6-A7B3-860B641D8EF2.jpeg","datePublished":"2025-10-03T03:26:44+00:00","dateModified":"2026-04-11T14:02:46+00:00","description":"Luksuslik satiinkleit kvaliteetsest kangast \u2013 pehme, vastupidav ja naiselik. Pikk seelik ning elegantne siluett sobivad pulmadeks, ballideks ja aktusteks.","breadcrumb":{"@id":"https:\/\/www.karinibutiik.ee\/toode\/satiinkangast-elegantne-maksikleit\/#breadcrumb"},"inLanguage":"lv-LV","potentialAction":[{"@type":"ReadAction","target":["https:\/\/www.karinibutiik.ee\/toode\/satiinkangast-elegantne-maksikleit\/"]}]},{"@type":"ImageObject","inLanguage":"lv-LV","@id":"https:\/\/www.karinibutiik.ee\/toode\/satiinkangast-elegantne-maksikleit\/#primaryimage","url":"https:\/\/www.karinibutiik.ee\/wp-content\/uploads\/2025\/12\/385D12F4-773C-4EB6-A7B3-860B641D8EF2.jpeg","contentUrl":"https:\/\/www.karinibutiik.ee\/wp-content\/uploads\/2025\/12\/385D12F4-773C-4EB6-A7B3-860B641D8EF2.jpeg","width":1929,"height":2457,"caption":"SATIINKANGAST ELEGANTNE MAKSIKLEIT"},{"@type":"BreadcrumbList","@id":"https:\/\/www.karinibutiik.ee\/toode\/satiinkangast-elegantne-maksikleit\/#breadcrumb","itemListElement":[{"@type":"ListItem","position":1,"name":"Home","item":"https:\/\/www.karinibutiik.ee\/"},{"@type":"ListItem","position":2,"name":"Pood","item":"https:\/\/www.karinibutiik.ee\/pood\/"},{"@type":"ListItem","position":3,"name":"SATIINKANGAST ELEGANTNE MAKSIKLEIT"}]},{"@type":"WebSite","@id":"https:\/\/www.karinibutiik.ee\/#website","url":"https:\/\/www.karinibutiik.ee\/","name":"Karini Butiik","description":"","publisher":{"@id":"https:\/\/www.karinibutiik.ee\/#organization"},"potentialAction":[{"@type":"SearchAction","target":{"@type":"EntryPoint","urlTemplate":"https:\/\/www.karinibutiik.ee\/?s={search_term_string}"},"query-input":{"@type":"PropertyValueSpecification","valueRequired":true,"valueName":"search_term_string"}}],"inLanguage":"lv-LV"},{"@type":"Organization","@id":"https:\/\/www.karinibutiik.ee\/#organization","name":"Karini Butiik","url":"https:\/\/www.karinibutiik.ee\/","logo":{"@type":"ImageObject","inLanguage":"lv-LV","@id":"https:\/\/www.karinibutiik.ee\/#\/schema\/logo\/image\/","url":"https:\/\/www.karinibutiik.ee\/wp-content\/uploads\/2024\/10\/Kuj.-K-koopia.png","contentUrl":"https:\/\/www.karinibutiik.ee\/wp-content\/uploads\/2024\/10\/Kuj.-K-koopia.png","width":500,"height":500,"caption":"Karini Butiik"},"image":{"@id":"https:\/\/www.karinibutiik.ee\/#\/schema\/logo\/image\/"},"sameAs":["https:\/\/www.facebook.com\/karinibutiik.ee","https:\/\/www.instagram.com\/karinibutiik"]}]},"og_availability":"instock","product_availability":"instock","product_retailer_item_id":"07878","product_condition":"new"},"_links":{"self":[{"href":"https:\/\/www.karinibutiik.ee\/lv\/wp-json\/wp\/v2\/product\/12251","targetHints":{"allow":["GET"]}}],"collection":[{"href":"https:\/\/www.karinibutiik.ee\/lv\/wp-json\/wp\/v2\/product"}],"about":[{"href":"https:\/\/www.karinibutiik.ee\/lv\/wp-json\/wp\/v2\/types\/product"}],"version-history":[{"count":4,"href":"https:\/\/www.karinibutiik.ee\/lv\/wp-json\/wp\/v2\/product\/12251\/revisions"}],"predecessor-version":[{"id":21909,"href":"https:\/\/www.karinibutiik.ee\/lv\/wp-json\/wp\/v2\/product\/12251\/revisions\/21909"}],"wp:featuredmedia":[{"embeddable":true,"href":"https:\/\/www.karinibutiik.ee\/lv\/wp-json\/wp\/v2\/media\/25523"}],"wp:attachment":[{"href":"https:\/\/www.karinibutiik.ee\/lv\/wp-json\/wp\/v2\/media?parent=12251"}],"wp:term":[{"taxonomy":"product_brand","embeddable":true,"href":"https:\/\/www.karinibutiik.ee\/lv\/wp-json\/wp\/v2\/product_brand?post=12251"},{"taxonomy":"product_cat","embeddable":true,"href":"https:\/\/www.karinibutiik.ee\/lv\/wp-json\/wp\/v2\/product_cat?post=12251"},{"taxonomy":"product_tag","embeddable":true,"href":"https:\/\/www.karinibutiik.ee\/lv\/wp-json\/wp\/v2\/product_tag?post=12251"}],"curies":[{"name":"wp","href":"https:\/\/api.w.org\/{rel}","templated":true}]}}