{"id":15272,"date":"2024-12-10T08:15:22","date_gmt":"2024-12-10T08:15:22","guid":{"rendered":"https:\/\/www.karinibutiik.ee\/?post_type=product&#038;p=15272"},"modified":"2025-12-12T18:04:55","modified_gmt":"2025-12-12T16:04:55","slug":"muguras-no-sasaistes-tilla-maksikleiet-muguras","status":"publish","type":"product","link":"https:\/\/www.karinibutiik.ee\/lv\/produkts\/muguras-no-sasaistes-tilla-maksikleiet-muguras\/","title":{"rendered":"Atpaka\u013c sasaistot tilla maksikleiet"},"content":{"rendered":"<p>T\u00fcllist maksikleit on \u00f5rn ja graatsiline valik, mis sobib suurep\u00e4raselt pidulikeks s\u00fcndmusteks ja erilisteks puhkudeks. See kleit on valmistatud \u00f5rnroosast t\u00fcllmaterjalist, mis annab v\u00e4limusele romantilise ja \u00f5hulise tunde. Kleidi disainis on V-kaelus, mis lisab naiselikkust ja elegantsi.<\/p>\n<p>Avatud seljaga l\u00f5ige toob esile sensuaalsuse, samas kui tagant lukuga kinnitus tagab praktilisuse ja lihtsa selga panemise. Lisades kleidile veelgi v\u00f5lu, on seljale v\u00f5imalik siduda ilus lips, mis annab riietusele dekoratiivse ja individuaalse puudutuse.<\/p>\n<p>See t\u00fcllist maksikleit on t\u00e4iuslik valik neile, kes soovivad tunda end printsessina, \u00fchendades mugavuse ja stiili \u00fches hingematvas r\u00f5ivaesemes.<\/p>","protected":false},"excerpt":{"rendered":"<p>T\u00fcllist maksikleit on \u00f5rn ja graatsiline valik, mis sobib suurep\u00e4raselt pidulikeks s\u00fcndmusteks ja erilisteks puhkudeks. See kleit on valmistatud \u00f5rnroosast [&hellip;]<\/p>\n","protected":false},"featured_media":21778,"template":"","meta":{"site-sidebar-layout":"default","site-content-layout":"","ast-site-content-layout":"default","site-content-style":"default","site-sidebar-style":"default","ast-global-header-display":"","ast-banner-title-visibility":"","ast-main-header-display":"","ast-hfb-above-header-display":"","ast-hfb-below-header-display":"","ast-hfb-mobile-header-display":"","site-post-title":"","ast-breadcrumbs-content":"","ast-featured-img":"","footer-sml-layout":"","ast-disable-related-posts":"","theme-transparent-header-meta":"default","adv-header-id-meta":"","stick-header-meta":"default","header-above-stick-meta":"","header-main-stick-meta":"","header-below-stick-meta":"","astra-migrate-meta-layouts":"set","ast-page-background-enabled":"default","ast-page-background-meta":{"desktop":{"background-color":"var(--ast-global-color-4)","background-image":"","background-repeat":"repeat","background-position":"center center","background-size":"auto","background-attachment":"scroll","background-type":"","background-media":"","overlay-type":"","overlay-color":"","overlay-opacity":"","overlay-gradient":""},"tablet":{"background-color":"","background-image":"","background-repeat":"repeat","background-position":"center center","background-size":"auto","background-attachment":"scroll","background-type":"","background-media":"","overlay-type":"","overlay-color":"","overlay-opacity":"","overlay-gradient":""},"mobile":{"background-color":"","background-image":"","background-repeat":"repeat","background-position":"center center","background-size":"auto","background-attachment":"scroll","background-type":"","background-media":"","overlay-type":"","overlay-color":"","overlay-opacity":"","overlay-gradient":""}},"ast-content-background-meta":{"desktop":{"background-color":"var(--ast-global-color-5)","background-image":"","background-repeat":"repeat","background-position":"center center","background-size":"auto","background-attachment":"scroll","background-type":"","background-media":"","overlay-type":"","overlay-color":"","overlay-opacity":"","overlay-gradient":""},"tablet":{"background-color":"var(--ast-global-color-5)","background-image":"","background-repeat":"repeat","background-position":"center center","background-size":"auto","background-attachment":"scroll","background-type":"","background-media":"","overlay-type":"","overlay-color":"","overlay-opacity":"","overlay-gradient":""},"mobile":{"background-color":"var(--ast-global-color-5)","background-image":"","background-repeat":"repeat","background-position":"center center","background-size":"auto","background-attachment":"scroll","background-type":"","background-media":"","overlay-type":"","overlay-color":"","overlay-opacity":"","overlay-gradient":""}}},"product_brand":[],"product_cat":[367,348,357,346,380],"product_tag":[488,475,248,476,501,477,270,485,493,86,91,90,486,109,92,494,500,511,495,510],"class_list":{"0":"post-15272","1":"product","2":"type-product","3":"status-publish","4":"has-post-thumbnail","6":"product_cat-allahindlus","7":"product_cat-lopukleidid","8":"product_cat-maksikleidid","9":"product_cat-naised","10":"product_cat-tullkleidid","11":"product_tag-ballikleit","12":"product_tag-dresshouse","13":"product_tag-elegants","14":"product_tag-getdressed","15":"product_tag-karini-butiik","16":"product_tag-kleidibutiik","17":"product_tag-kleidid","18":"product_tag-kleidipood","19":"product_tag-kleiditurg","20":"product_tag-kleit","21":"product_tag-koolilopukleit","22":"product_tag-lopukleit","23":"product_tag-maksikleidid","24":"product_tag-maksikleit","25":"product_tag-pidulikud-kleidid","26":"product_tag-pruutneitside-kleidid","27":"product_tag-suvine-kleit","28":"product_tag-tull","29":"product_tag-tullkleit","30":"product_tag-tullmaksikleit","31":"desktop-align-center","32":"tablet-align-center","33":"mobile-align-center","34":"ast-product-gallery-layout-horizontal-slider","35":"ast-product-single-variable","36":"ast-product-tabs-layout-horizontal","38":"first","39":"instock","40":"sale","41":"taxable","42":"shipping-taxable","43":"purchasable","44":"product-type-variable","45":"has-default-attributes"},"supplier_id":null,"supplier_sku":"","barcode":null,"atum_controlled":true,"out_stock_date":null,"out_stock_threshold":null,"inheritable":true,"inbound_stock":0,"stock_on_hold":0,"sold_today":0,"sales_last_days":0,"reserved_stock":0,"customer_returns":0,"warehouse_damage":0,"lost_in_post":0,"other_logs":0,"out_stock_days":0,"lost_sales":0,"has_location":false,"update_date":"2025-12-05T00:00:16","atum_locations":[],"atum_stock_status":"instock","restock_status":false,"low_stock_amount":"","sales_update_date":"2025-12-05T00:00:16","calc_backorders":null,"yoast_head":"<!-- This site is optimized with the Yoast SEO plugin v26.9 - https:\/\/yoast.com\/product\/yoast-seo-wordpress\/ -->\n<title>Seljat seotav t\u00fcll maksikleiet - Karini Butiik<\/title>\n<meta name=\"description\" content=\"Tehke erilisteks s\u00fcndmusteks sammu meie \u00f5hulises roosas t\u00fcllkleidis. V-kaelus lisab naiselikkust ja avatud selga l\u00f5ige tagab lihtsa selga panemise.\" \/>\n<meta name=\"robots\" content=\"index, follow, max-snippet:-1, max-image-preview:large, max-video-preview:-1\" \/>\n<link rel=\"canonical\" href=\"https:\/\/www.karinibutiik.ee\/lv\/produkts\/muguras-no-sasaistes-tilla-maksikleiet-muguras\/\" \/>\n<meta property=\"og:locale\" content=\"lv_LV\" \/>\n<meta property=\"og:type\" content=\"article\" \/>\n<meta property=\"og:title\" content=\"Seljat seotav t\u00fcll maksikleiet - Karini Butiik\" \/>\n<meta property=\"og:description\" content=\"Tehke erilisteks s\u00fcndmusteks sammu meie \u00f5hulises roosas t\u00fcllkleidis. V-kaelus lisab naiselikkust ja avatud selga l\u00f5ige tagab lihtsa selga panemise.\" \/>\n<meta property=\"og:url\" content=\"https:\/\/www.karinibutiik.ee\/lv\/produkts\/muguras-no-sasaistes-tilla-maksikleiet-muguras\/\" \/>\n<meta property=\"og:site_name\" content=\"Karini Butiik\" \/>\n<meta property=\"article:publisher\" content=\"https:\/\/www.facebook.com\/karinibutiik.ee\" \/>\n<meta property=\"article:modified_time\" content=\"2025-12-12T16:04:55+00:00\" \/>\n<meta property=\"og:image\" content=\"https:\/\/www.karinibutiik.ee\/wp-content\/uploads\/2025\/04\/45A858A8-FA2B-4275-B78D-CD67A153923C-scaled.jpeg\" \/>\n\t<meta property=\"og:image:width\" content=\"2048\" \/>\n\t<meta property=\"og:image:height\" content=\"2560\" \/>\n\t<meta property=\"og:image:type\" content=\"image\/jpeg\" \/>\n<meta name=\"twitter:card\" content=\"summary_large_image\" \/>\n<meta name=\"twitter:label1\" content=\"Availability\" \/>\n\t<meta name=\"twitter:data1\" content=\"In stock\" \/>\n<script type=\"application\/ld+json\" class=\"yoast-schema-graph\">{\"@context\":\"https:\/\/schema.org\",\"@graph\":[{\"@type\":\"WebPage\",\"@id\":\"https:\/\/www.karinibutiik.ee\/toode\/seljat-seotav-tull-maksikleiet\/\",\"url\":\"https:\/\/www.karinibutiik.ee\/toode\/seljat-seotav-tull-maksikleiet\/\",\"name\":\"Seljat seotav t\u00fcll maksikleiet - Karini Butiik\",\"isPartOf\":{\"@id\":\"https:\/\/www.karinibutiik.ee\/#website\"},\"primaryImageOfPage\":{\"@id\":\"https:\/\/www.karinibutiik.ee\/toode\/seljat-seotav-tull-maksikleiet\/#primaryimage\"},\"image\":{\"@id\":\"https:\/\/www.karinibutiik.ee\/toode\/seljat-seotav-tull-maksikleiet\/#primaryimage\"},\"thumbnailUrl\":\"https:\/\/www.karinibutiik.ee\/wp-content\/uploads\/2025\/04\/45A858A8-FA2B-4275-B78D-CD67A153923C-scaled.jpeg\",\"datePublished\":\"2024-12-10T08:15:22+00:00\",\"dateModified\":\"2025-12-12T16:04:55+00:00\",\"description\":\"Tehke erilisteks s\u00fcndmusteks sammu meie \u00f5hulises roosas t\u00fcllkleidis. V-kaelus lisab naiselikkust ja avatud selga l\u00f5ige tagab lihtsa selga panemise.\",\"breadcrumb\":{\"@id\":\"https:\/\/www.karinibutiik.ee\/toode\/seljat-seotav-tull-maksikleiet\/#breadcrumb\"},\"inLanguage\":\"lv-LV\",\"potentialAction\":[{\"@type\":\"ReadAction\",\"target\":[\"https:\/\/www.karinibutiik.ee\/toode\/seljat-seotav-tull-maksikleiet\/\"]}]},{\"@type\":\"ImageObject\",\"inLanguage\":\"lv-LV\",\"@id\":\"https:\/\/www.karinibutiik.ee\/toode\/seljat-seotav-tull-maksikleiet\/#primaryimage\",\"url\":\"https:\/\/www.karinibutiik.ee\/wp-content\/uploads\/2025\/04\/45A858A8-FA2B-4275-B78D-CD67A153923C-scaled.jpeg\",\"contentUrl\":\"https:\/\/www.karinibutiik.ee\/wp-content\/uploads\/2025\/04\/45A858A8-FA2B-4275-B78D-CD67A153923C-scaled.jpeg\",\"width\":2048,\"height\":2560},{\"@type\":\"BreadcrumbList\",\"@id\":\"https:\/\/www.karinibutiik.ee\/toode\/seljat-seotav-tull-maksikleiet\/#breadcrumb\",\"itemListElement\":[{\"@type\":\"ListItem\",\"position\":1,\"name\":\"Home\",\"item\":\"https:\/\/www.karinibutiik.ee\/\"},{\"@type\":\"ListItem\",\"position\":2,\"name\":\"Pood\",\"item\":\"https:\/\/www.karinibutiik.ee\/pood\/\"},{\"@type\":\"ListItem\",\"position\":3,\"name\":\"Seljat seotav t\u00fcll maksikleiet\"}]},{\"@type\":\"WebSite\",\"@id\":\"https:\/\/www.karinibutiik.ee\/#website\",\"url\":\"https:\/\/www.karinibutiik.ee\/\",\"name\":\"Karini Butiik\",\"description\":\"\",\"publisher\":{\"@id\":\"https:\/\/www.karinibutiik.ee\/#organization\"},\"potentialAction\":[{\"@type\":\"SearchAction\",\"target\":{\"@type\":\"EntryPoint\",\"urlTemplate\":\"https:\/\/www.karinibutiik.ee\/?s={search_term_string}\"},\"query-input\":{\"@type\":\"PropertyValueSpecification\",\"valueRequired\":true,\"valueName\":\"search_term_string\"}}],\"inLanguage\":\"lv-LV\"},{\"@type\":\"Organization\",\"@id\":\"https:\/\/www.karinibutiik.ee\/#organization\",\"name\":\"Karini Butiik\",\"url\":\"https:\/\/www.karinibutiik.ee\/\",\"logo\":{\"@type\":\"ImageObject\",\"inLanguage\":\"lv-LV\",\"@id\":\"https:\/\/www.karinibutiik.ee\/#\/schema\/logo\/image\/\",\"url\":\"https:\/\/www.karinibutiik.ee\/wp-content\/uploads\/2024\/10\/Kuj.-K-koopia.png\",\"contentUrl\":\"https:\/\/www.karinibutiik.ee\/wp-content\/uploads\/2024\/10\/Kuj.-K-koopia.png\",\"width\":500,\"height\":500,\"caption\":\"Karini Butiik\"},\"image\":{\"@id\":\"https:\/\/www.karinibutiik.ee\/#\/schema\/logo\/image\/\"},\"sameAs\":[\"https:\/\/www.facebook.com\/karinibutiik.ee\",\"https:\/\/www.instagram.com\/karinibutiik\"]}]}<\/script>\n<meta property=\"og:availability\" content=\"instock\" \/>\n<meta property=\"product:availability\" content=\"instock\" \/>\n<meta property=\"product:retailer_item_id\" content=\"78112\" \/>\n<meta property=\"product:condition\" content=\"new\" \/>\n<!-- \/ Yoast SEO plugin. -->","yoast_head_json":{"title":"Tilla maxi kleita ar kaklasaiti mugur\u0101 - Karini Butiik","description":"Iziet \u012bpa\u0161os pas\u0101kumos m\u016bsu caursp\u012bd\u012bgaj\u0101 roz\u0101 tilla kleit\u0101. V veida izgriezums pie\u0161\u0137ir sievi\u0161\u0137\u012bbu, un atv\u0113rtais muguras piegriezums padara to viegli uzvelkamu.","robots":{"index":"index","follow":"follow","max-snippet":"max-snippet:-1","max-image-preview":"max-image-preview:large","max-video-preview":"max-video-preview:-1"},"canonical":"https:\/\/www.karinibutiik.ee\/lv\/produkts\/muguras-no-sasaistes-tilla-maksikleiet-muguras\/","og_locale":"lv_LV","og_type":"article","og_title":"Seljat seotav t\u00fcll maksikleiet - Karini Butiik","og_description":"Tehke erilisteks s\u00fcndmusteks sammu meie \u00f5hulises roosas t\u00fcllkleidis. V-kaelus lisab naiselikkust ja avatud selga l\u00f5ige tagab lihtsa selga panemise.","og_url":"https:\/\/www.karinibutiik.ee\/lv\/produkts\/muguras-no-sasaistes-tilla-maksikleiet-muguras\/","og_site_name":"Karini Butiik","article_publisher":"https:\/\/www.facebook.com\/karinibutiik.ee","article_modified_time":"2025-12-12T16:04:55+00:00","og_image":[{"width":2048,"height":2560,"url":"https:\/\/www.karinibutiik.ee\/wp-content\/uploads\/2025\/04\/45A858A8-FA2B-4275-B78D-CD67A153923C-scaled.jpeg","type":"image\/jpeg"}],"twitter_card":"summary_large_image","twitter_misc":{"Availability":"In stock"},"schema":{"@context":"https:\/\/schema.org","@graph":[{"@type":"WebPage","@id":"https:\/\/www.karinibutiik.ee\/toode\/seljat-seotav-tull-maksikleiet\/","url":"https:\/\/www.karinibutiik.ee\/toode\/seljat-seotav-tull-maksikleiet\/","name":"Tilla maxi kleita ar kaklasaiti mugur\u0101 - Karini Butiik","isPartOf":{"@id":"https:\/\/www.karinibutiik.ee\/#website"},"primaryImageOfPage":{"@id":"https:\/\/www.karinibutiik.ee\/toode\/seljat-seotav-tull-maksikleiet\/#primaryimage"},"image":{"@id":"https:\/\/www.karinibutiik.ee\/toode\/seljat-seotav-tull-maksikleiet\/#primaryimage"},"thumbnailUrl":"https:\/\/www.karinibutiik.ee\/wp-content\/uploads\/2025\/04\/45A858A8-FA2B-4275-B78D-CD67A153923C-scaled.jpeg","datePublished":"2024-12-10T08:15:22+00:00","dateModified":"2025-12-12T16:04:55+00:00","description":"Iziet \u012bpa\u0161os pas\u0101kumos m\u016bsu caursp\u012bd\u012bgaj\u0101 roz\u0101 tilla kleit\u0101. V veida izgriezums pie\u0161\u0137ir sievi\u0161\u0137\u012bbu, un atv\u0113rtais muguras piegriezums padara to viegli uzvelkamu.","breadcrumb":{"@id":"https:\/\/www.karinibutiik.ee\/toode\/seljat-seotav-tull-maksikleiet\/#breadcrumb"},"inLanguage":"lv-LV","potentialAction":[{"@type":"ReadAction","target":["https:\/\/www.karinibutiik.ee\/toode\/seljat-seotav-tull-maksikleiet\/"]}]},{"@type":"ImageObject","inLanguage":"lv-LV","@id":"https:\/\/www.karinibutiik.ee\/toode\/seljat-seotav-tull-maksikleiet\/#primaryimage","url":"https:\/\/www.karinibutiik.ee\/wp-content\/uploads\/2025\/04\/45A858A8-FA2B-4275-B78D-CD67A153923C-scaled.jpeg","contentUrl":"https:\/\/www.karinibutiik.ee\/wp-content\/uploads\/2025\/04\/45A858A8-FA2B-4275-B78D-CD67A153923C-scaled.jpeg","width":2048,"height":2560},{"@type":"BreadcrumbList","@id":"https:\/\/www.karinibutiik.ee\/toode\/seljat-seotav-tull-maksikleiet\/#breadcrumb","itemListElement":[{"@type":"ListItem","position":1,"name":"Home","item":"https:\/\/www.karinibutiik.ee\/"},{"@type":"ListItem","position":2,"name":"Pood","item":"https:\/\/www.karinibutiik.ee\/pood\/"},{"@type":"ListItem","position":3,"name":"Seljat seotav t\u00fcll maksikleiet"}]},{"@type":"WebSite","@id":"https:\/\/www.karinibutiik.ee\/#website","url":"https:\/\/www.karinibutiik.ee\/","name":"Karini Butiik","description":"","publisher":{"@id":"https:\/\/www.karinibutiik.ee\/#organization"},"potentialAction":[{"@type":"SearchAction","target":{"@type":"EntryPoint","urlTemplate":"https:\/\/www.karinibutiik.ee\/?s={search_term_string}"},"query-input":{"@type":"PropertyValueSpecification","valueRequired":true,"valueName":"search_term_string"}}],"inLanguage":"lv-LV"},{"@type":"Organization","@id":"https:\/\/www.karinibutiik.ee\/#organization","name":"Karini Butiik","url":"https:\/\/www.karinibutiik.ee\/","logo":{"@type":"ImageObject","inLanguage":"lv-LV","@id":"https:\/\/www.karinibutiik.ee\/#\/schema\/logo\/image\/","url":"https:\/\/www.karinibutiik.ee\/wp-content\/uploads\/2024\/10\/Kuj.-K-koopia.png","contentUrl":"https:\/\/www.karinibutiik.ee\/wp-content\/uploads\/2024\/10\/Kuj.-K-koopia.png","width":500,"height":500,"caption":"Karini Butiik"},"image":{"@id":"https:\/\/www.karinibutiik.ee\/#\/schema\/logo\/image\/"},"sameAs":["https:\/\/www.facebook.com\/karinibutiik.ee","https:\/\/www.instagram.com\/karinibutiik"]}]},"og_availability":"instock","product_availability":"instock","product_retailer_item_id":"78112","product_condition":"new"},"_links":{"self":[{"href":"https:\/\/www.karinibutiik.ee\/lv\/wp-json\/wp\/v2\/product\/15272","targetHints":{"allow":["GET"]}}],"collection":[{"href":"https:\/\/www.karinibutiik.ee\/lv\/wp-json\/wp\/v2\/product"}],"about":[{"href":"https:\/\/www.karinibutiik.ee\/lv\/wp-json\/wp\/v2\/types\/product"}],"version-history":[{"count":1,"href":"https:\/\/www.karinibutiik.ee\/lv\/wp-json\/wp\/v2\/product\/15272\/revisions"}],"predecessor-version":[{"id":15279,"href":"https:\/\/www.karinibutiik.ee\/lv\/wp-json\/wp\/v2\/product\/15272\/revisions\/15279"}],"wp:featuredmedia":[{"embeddable":true,"href":"https:\/\/www.karinibutiik.ee\/lv\/wp-json\/wp\/v2\/media\/21778"}],"wp:attachment":[{"href":"https:\/\/www.karinibutiik.ee\/lv\/wp-json\/wp\/v2\/media?parent=15272"}],"wp:term":[{"taxonomy":"product_brand","embeddable":true,"href":"https:\/\/www.karinibutiik.ee\/lv\/wp-json\/wp\/v2\/product_brand?post=15272"},{"taxonomy":"product_cat","embeddable":true,"href":"https:\/\/www.karinibutiik.ee\/lv\/wp-json\/wp\/v2\/product_cat?post=15272"},{"taxonomy":"product_tag","embeddable":true,"href":"https:\/\/www.karinibutiik.ee\/lv\/wp-json\/wp\/v2\/product_tag?post=15272"}],"curies":[{"name":"wp","href":"https:\/\/api.w.org\/{rel}","templated":true}]}}