{"id":15428,"date":"2024-06-10T12:28:59","date_gmt":"2024-06-10T12:28:59","guid":{"rendered":"https:\/\/www.karinibutiik.ee\/?post_type=product&#038;p=15428"},"modified":"2025-11-07T15:23:42","modified_gmt":"2025-11-07T13:23:42","slug":"pitsiline-pintsak","status":"publish","type":"product","link":"https:\/\/www.karinibutiik.ee\/lv\/produkts\/pitsiline-pintsak\/","title":{"rendered":"Me\u017e\u0123\u012b\u0146u jaka"},"content":{"rendered":"<div class=\"x14vqqas x11i5rnm xod5an3 xmn8rco x2b8uid xi0ege0\"><\/div>\n<div class=\"x1fqp7bg\">\n<div class=\"xuk3077 x78zum5 x1q0g3np x13a6bvl x2lwn1j xeuugli x1jchvi3 xlxfd2w x1gslohp x126k92a\">\n<div class=\"x6s0dn4 x78zum5 x15zctf7 x2lwn1j xeuugli x193iq5w xh8yej3\">\n<div class=\"xuk3077 x78zum5 xdt5ytf x2lwn1j xeuugli xdl72j9 x1c4vz4f x2lah0s x16fdfms x161msgk x1s9ed0f x1eapu41 x1r944mn\">\n<div id=\"js_35\" class=\"x1rg5ohu x67bb7w\">\n<div class=\"x1y1aw1k xn6708d xwib8y2 x1ye3gou x13faqbe x1eied1y xca6lcq x1pdtjp8 xpctjk2 xg32yw2 x1fr600 xt0e3qv\">\n<p>Pitsiline pintsak on elegantne ja naiselik r\u00f5ivaese, mis lisab igale komplektile luksusliku puudutuse. See peenelt kujundatud pintsak kinnitub eest n\u00f6\u00f6biga, pakkudes klassikalist ja stiilset v\u00e4limust. Pintsakul on ka tsakud, mis annavad lisamugavust ja praktilisust, v\u00f5imaladades kaasa v\u00f5tta\u00a0 v\u00e4ikseid vajalikke esemeid. Pitsmaterjal annab r\u00f5ivale delikaatse ja romantilise ilme, tehes sellest ideaalne valiku nii pidulike s\u00fcndmuste kui ka eriliste \u00f5htuste v\u00e4ljaminekute jaoks.<\/p>\n<p>Meie valikust leiab pintsakule juurde ka samas stiilis pitsilised p\u00fcksid, luues t\u00e4iusliku komplekti, mis \u00fchendab mugavuse ja elegantsi. Kombineerides need kaks eset, saavutad harmoonilise ja \u0161iki v\u00e4limuse, mis kindlasti p\u00fc\u00fcab pilke. See pitsiline pintsak on mitmek\u00fclgne ja \u0161ikk r\u00f5ivaese, mis sobib suurep\u00e4raselt iga garderoobi t\u00e4iustamiseks.<\/p>\n<\/div>\n<\/div>\n<\/div>\n<\/div>\n<\/div>\n<\/div>","protected":false},"excerpt":{"rendered":"<p>Pitsiline pintsak on elegantne ja naiselik r\u00f5ivaese, mis lisab igale komplektile luksusliku puudutuse. See peenelt kujundatud pintsak kinnitub eest n\u00f6\u00f6biga, [&hellip;]<\/p>\n","protected":false},"featured_media":15409,"template":"","meta":{"site-sidebar-layout":"default","site-content-layout":"","ast-site-content-layout":"default","site-content-style":"default","site-sidebar-style":"default","ast-global-header-display":"","ast-banner-title-visibility":"","ast-main-header-display":"","ast-hfb-above-header-display":"","ast-hfb-below-header-display":"","ast-hfb-mobile-header-display":"","site-post-title":"","ast-breadcrumbs-content":"","ast-featured-img":"","footer-sml-layout":"","ast-disable-related-posts":"","theme-transparent-header-meta":"default","adv-header-id-meta":"","stick-header-meta":"default","header-above-stick-meta":"","header-main-stick-meta":"","header-below-stick-meta":"","astra-migrate-meta-layouts":"set","ast-page-background-enabled":"default","ast-page-background-meta":{"desktop":{"background-color":"var(--ast-global-color-4)","background-image":"","background-repeat":"repeat","background-position":"center center","background-size":"auto","background-attachment":"scroll","background-type":"","background-media":"","overlay-type":"","overlay-color":"","overlay-opacity":"","overlay-gradient":""},"tablet":{"background-color":"","background-image":"","background-repeat":"repeat","background-position":"center center","background-size":"auto","background-attachment":"scroll","background-type":"","background-media":"","overlay-type":"","overlay-color":"","overlay-opacity":"","overlay-gradient":""},"mobile":{"background-color":"","background-image":"","background-repeat":"repeat","background-position":"center center","background-size":"auto","background-attachment":"scroll","background-type":"","background-media":"","overlay-type":"","overlay-color":"","overlay-opacity":"","overlay-gradient":""}},"ast-content-background-meta":{"desktop":{"background-color":"var(--ast-global-color-5)","background-image":"","background-repeat":"repeat","background-position":"center center","background-size":"auto","background-attachment":"scroll","background-type":"","background-media":"","overlay-type":"","overlay-color":"","overlay-opacity":"","overlay-gradient":""},"tablet":{"background-color":"var(--ast-global-color-5)","background-image":"","background-repeat":"repeat","background-position":"center center","background-size":"auto","background-attachment":"scroll","background-type":"","background-media":"","overlay-type":"","overlay-color":"","overlay-opacity":"","overlay-gradient":""},"mobile":{"background-color":"var(--ast-global-color-5)","background-image":"","background-repeat":"repeat","background-position":"center center","background-size":"auto","background-attachment":"scroll","background-type":"","background-media":"","overlay-type":"","overlay-color":"","overlay-opacity":"","overlay-gradient":""}}},"product_brand":[],"product_cat":[367,379,387,346,366,355],"product_tag":[475,248,476,103,501,477,485,493,91,272,92,246,100,247],"class_list":{"0":"post-15428","1":"product","2":"type-product","3":"status-publish","4":"has-post-thumbnail","6":"product_cat-allahindlus","7":"product_cat-bleiserkleidid","8":"product_cat-komplektid","9":"product_cat-naised","10":"product_cat-pintsakud","11":"product_cat-pukskostuumid","12":"product_tag-dresshouse","13":"product_tag-elegants","14":"product_tag-getdressed","15":"product_tag-kaheosaline-komplekt","16":"product_tag-karini-butiik","17":"product_tag-kleidibutiik","18":"product_tag-kleidipood","19":"product_tag-kleiditurg","20":"product_tag-koolilopukleit","21":"product_tag-must","22":"product_tag-pidulikud-kleidid","23":"product_tag-pintsak","24":"product_tag-pukskostuum","25":"product_tag-stiilne","26":"desktop-align-center","27":"tablet-align-center","28":"mobile-align-center","29":"ast-product-gallery-layout-horizontal-slider","30":"ast-product-single-variable","31":"ast-product-tabs-layout-horizontal","33":"first","34":"instock","35":"sale","36":"taxable","37":"shipping-taxable","38":"purchasable","39":"product-type-variable"},"supplier_id":null,"supplier_sku":"","barcode":null,"atum_controlled":true,"out_stock_date":null,"out_stock_threshold":null,"inheritable":true,"inbound_stock":0,"stock_on_hold":0,"sold_today":0,"sales_last_days":0,"reserved_stock":0,"customer_returns":0,"warehouse_damage":0,"lost_in_post":0,"other_logs":0,"out_stock_days":0,"lost_sales":0,"has_location":false,"update_date":"2025-12-03T01:42:22","atum_locations":[],"atum_stock_status":"instock","restock_status":false,"low_stock_amount":"","sales_update_date":"2025-12-03T01:42:22","calc_backorders":null,"yoast_head":"<!-- This site is optimized with the Yoast SEO plugin v26.9 - https:\/\/yoast.com\/product\/yoast-seo-wordpress\/ -->\n<title>Pitsiline pintsak - Karini Butiik<\/title>\n<meta name=\"description\" content=\"Lisa luksuslikku elegantsi oma garderoobile selle pitsilise pintsakuga. Ideaalne valik pidulikeks s\u00fcndmusteks ja erilisteks \u00f5htuteks.\" \/>\n<meta name=\"robots\" content=\"index, follow, max-snippet:-1, max-image-preview:large, max-video-preview:-1\" \/>\n<link rel=\"canonical\" href=\"https:\/\/www.karinibutiik.ee\/lv\/produkts\/pitsiline-pintsak\/\" \/>\n<meta property=\"og:locale\" content=\"lv_LV\" \/>\n<meta property=\"og:type\" content=\"article\" \/>\n<meta property=\"og:title\" content=\"Pitsiline pintsak - Karini Butiik\" \/>\n<meta property=\"og:description\" content=\"Lisa luksuslikku elegantsi oma garderoobile selle pitsilise pintsakuga. Ideaalne valik pidulikeks s\u00fcndmusteks ja erilisteks \u00f5htuteks.\" \/>\n<meta property=\"og:url\" content=\"https:\/\/www.karinibutiik.ee\/lv\/produkts\/pitsiline-pintsak\/\" \/>\n<meta property=\"og:site_name\" content=\"Karini Butiik\" \/>\n<meta property=\"article:publisher\" content=\"https:\/\/www.facebook.com\/karinibutiik.ee\" \/>\n<meta property=\"article:modified_time\" content=\"2025-11-07T13:23:42+00:00\" \/>\n<meta property=\"og:image\" content=\"https:\/\/www.karinibutiik.ee\/wp-content\/uploads\/2024\/06\/IMG_1036.jpeg\" \/>\n\t<meta property=\"og:image:width\" content=\"1440\" \/>\n\t<meta property=\"og:image:height\" content=\"1440\" \/>\n\t<meta property=\"og:image:type\" content=\"image\/jpeg\" \/>\n<meta name=\"twitter:card\" content=\"summary_large_image\" \/>\n<meta name=\"twitter:label1\" content=\"Availability\" \/>\n\t<meta name=\"twitter:data1\" content=\"In stock\" \/>\n<script type=\"application\/ld+json\" class=\"yoast-schema-graph\">{\"@context\":\"https:\/\/schema.org\",\"@graph\":[{\"@type\":\"WebPage\",\"@id\":\"https:\/\/www.karinibutiik.ee\/toode\/pitsiline-pintsak\/\",\"url\":\"https:\/\/www.karinibutiik.ee\/toode\/pitsiline-pintsak\/\",\"name\":\"Pitsiline pintsak - Karini Butiik\",\"isPartOf\":{\"@id\":\"https:\/\/www.karinibutiik.ee\/#website\"},\"primaryImageOfPage\":{\"@id\":\"https:\/\/www.karinibutiik.ee\/toode\/pitsiline-pintsak\/#primaryimage\"},\"image\":{\"@id\":\"https:\/\/www.karinibutiik.ee\/toode\/pitsiline-pintsak\/#primaryimage\"},\"thumbnailUrl\":\"https:\/\/www.karinibutiik.ee\/wp-content\/uploads\/2024\/06\/IMG_1036.jpeg\",\"datePublished\":\"2024-06-10T12:28:59+00:00\",\"dateModified\":\"2025-11-07T13:23:42+00:00\",\"description\":\"Lisa luksuslikku elegantsi oma garderoobile selle pitsilise pintsakuga. Ideaalne valik pidulikeks s\u00fcndmusteks ja erilisteks \u00f5htuteks.\",\"breadcrumb\":{\"@id\":\"https:\/\/www.karinibutiik.ee\/toode\/pitsiline-pintsak\/#breadcrumb\"},\"inLanguage\":\"lv-LV\",\"potentialAction\":[{\"@type\":\"ReadAction\",\"target\":[\"https:\/\/www.karinibutiik.ee\/toode\/pitsiline-pintsak\/\"]}]},{\"@type\":\"ImageObject\",\"inLanguage\":\"lv-LV\",\"@id\":\"https:\/\/www.karinibutiik.ee\/toode\/pitsiline-pintsak\/#primaryimage\",\"url\":\"https:\/\/www.karinibutiik.ee\/wp-content\/uploads\/2024\/06\/IMG_1036.jpeg\",\"contentUrl\":\"https:\/\/www.karinibutiik.ee\/wp-content\/uploads\/2024\/06\/IMG_1036.jpeg\",\"width\":1440,\"height\":1440},{\"@type\":\"BreadcrumbList\",\"@id\":\"https:\/\/www.karinibutiik.ee\/toode\/pitsiline-pintsak\/#breadcrumb\",\"itemListElement\":[{\"@type\":\"ListItem\",\"position\":1,\"name\":\"Home\",\"item\":\"https:\/\/www.karinibutiik.ee\/\"},{\"@type\":\"ListItem\",\"position\":2,\"name\":\"Pood\",\"item\":\"https:\/\/www.karinibutiik.ee\/pood\/\"},{\"@type\":\"ListItem\",\"position\":3,\"name\":\"Pitsiline pintsak\"}]},{\"@type\":\"WebSite\",\"@id\":\"https:\/\/www.karinibutiik.ee\/#website\",\"url\":\"https:\/\/www.karinibutiik.ee\/\",\"name\":\"Karini Butiik\",\"description\":\"\",\"publisher\":{\"@id\":\"https:\/\/www.karinibutiik.ee\/#organization\"},\"potentialAction\":[{\"@type\":\"SearchAction\",\"target\":{\"@type\":\"EntryPoint\",\"urlTemplate\":\"https:\/\/www.karinibutiik.ee\/?s={search_term_string}\"},\"query-input\":{\"@type\":\"PropertyValueSpecification\",\"valueRequired\":true,\"valueName\":\"search_term_string\"}}],\"inLanguage\":\"lv-LV\"},{\"@type\":\"Organization\",\"@id\":\"https:\/\/www.karinibutiik.ee\/#organization\",\"name\":\"Karini Butiik\",\"url\":\"https:\/\/www.karinibutiik.ee\/\",\"logo\":{\"@type\":\"ImageObject\",\"inLanguage\":\"lv-LV\",\"@id\":\"https:\/\/www.karinibutiik.ee\/#\/schema\/logo\/image\/\",\"url\":\"https:\/\/www.karinibutiik.ee\/wp-content\/uploads\/2024\/10\/Kuj.-K-koopia.png\",\"contentUrl\":\"https:\/\/www.karinibutiik.ee\/wp-content\/uploads\/2024\/10\/Kuj.-K-koopia.png\",\"width\":500,\"height\":500,\"caption\":\"Karini Butiik\"},\"image\":{\"@id\":\"https:\/\/www.karinibutiik.ee\/#\/schema\/logo\/image\/\"},\"sameAs\":[\"https:\/\/www.facebook.com\/karinibutiik.ee\",\"https:\/\/www.instagram.com\/karinibutiik\"]}]}<\/script>\n<meta property=\"og:availability\" content=\"instock\" \/>\n<meta property=\"product:availability\" content=\"instock\" \/>\n<meta property=\"product:retailer_item_id\" content=\"8517\" \/>\n<meta property=\"product:condition\" content=\"new\" \/>\n<!-- \/ Yoast SEO plugin. -->","yoast_head_json":{"title":"Pitsiline pintsak - Karini Butiik","description":"Lisa luksuslikku elegantsi oma garderoobile selle pitsilise pintsakuga. Ideaalne valik pidulikeks s\u00fcndmusteks ja erilisteks \u00f5htuteks.","robots":{"index":"index","follow":"follow","max-snippet":"max-snippet:-1","max-image-preview":"max-image-preview:large","max-video-preview":"max-video-preview:-1"},"canonical":"https:\/\/www.karinibutiik.ee\/lv\/produkts\/pitsiline-pintsak\/","og_locale":"lv_LV","og_type":"article","og_title":"Pitsiline pintsak - Karini Butiik","og_description":"Lisa luksuslikku elegantsi oma garderoobile selle pitsilise pintsakuga. Ideaalne valik pidulikeks s\u00fcndmusteks ja erilisteks \u00f5htuteks.","og_url":"https:\/\/www.karinibutiik.ee\/lv\/produkts\/pitsiline-pintsak\/","og_site_name":"Karini Butiik","article_publisher":"https:\/\/www.facebook.com\/karinibutiik.ee","article_modified_time":"2025-11-07T13:23:42+00:00","og_image":[{"width":1440,"height":1440,"url":"https:\/\/www.karinibutiik.ee\/wp-content\/uploads\/2024\/06\/IMG_1036.jpeg","type":"image\/jpeg"}],"twitter_card":"summary_large_image","twitter_misc":{"Availability":"In stock"},"schema":{"@context":"https:\/\/schema.org","@graph":[{"@type":"WebPage","@id":"https:\/\/www.karinibutiik.ee\/toode\/pitsiline-pintsak\/","url":"https:\/\/www.karinibutiik.ee\/toode\/pitsiline-pintsak\/","name":"Pitsiline pintsak - Karini Butiik","isPartOf":{"@id":"https:\/\/www.karinibutiik.ee\/#website"},"primaryImageOfPage":{"@id":"https:\/\/www.karinibutiik.ee\/toode\/pitsiline-pintsak\/#primaryimage"},"image":{"@id":"https:\/\/www.karinibutiik.ee\/toode\/pitsiline-pintsak\/#primaryimage"},"thumbnailUrl":"https:\/\/www.karinibutiik.ee\/wp-content\/uploads\/2024\/06\/IMG_1036.jpeg","datePublished":"2024-06-10T12:28:59+00:00","dateModified":"2025-11-07T13:23:42+00:00","description":"Lisa luksuslikku elegantsi oma garderoobile selle pitsilise pintsakuga. Ideaalne valik pidulikeks s\u00fcndmusteks ja erilisteks \u00f5htuteks.","breadcrumb":{"@id":"https:\/\/www.karinibutiik.ee\/toode\/pitsiline-pintsak\/#breadcrumb"},"inLanguage":"lv-LV","potentialAction":[{"@type":"ReadAction","target":["https:\/\/www.karinibutiik.ee\/toode\/pitsiline-pintsak\/"]}]},{"@type":"ImageObject","inLanguage":"lv-LV","@id":"https:\/\/www.karinibutiik.ee\/toode\/pitsiline-pintsak\/#primaryimage","url":"https:\/\/www.karinibutiik.ee\/wp-content\/uploads\/2024\/06\/IMG_1036.jpeg","contentUrl":"https:\/\/www.karinibutiik.ee\/wp-content\/uploads\/2024\/06\/IMG_1036.jpeg","width":1440,"height":1440},{"@type":"BreadcrumbList","@id":"https:\/\/www.karinibutiik.ee\/toode\/pitsiline-pintsak\/#breadcrumb","itemListElement":[{"@type":"ListItem","position":1,"name":"Home","item":"https:\/\/www.karinibutiik.ee\/"},{"@type":"ListItem","position":2,"name":"Pood","item":"https:\/\/www.karinibutiik.ee\/pood\/"},{"@type":"ListItem","position":3,"name":"Pitsiline pintsak"}]},{"@type":"WebSite","@id":"https:\/\/www.karinibutiik.ee\/#website","url":"https:\/\/www.karinibutiik.ee\/","name":"Karini Butiik","description":"","publisher":{"@id":"https:\/\/www.karinibutiik.ee\/#organization"},"potentialAction":[{"@type":"SearchAction","target":{"@type":"EntryPoint","urlTemplate":"https:\/\/www.karinibutiik.ee\/?s={search_term_string}"},"query-input":{"@type":"PropertyValueSpecification","valueRequired":true,"valueName":"search_term_string"}}],"inLanguage":"lv-LV"},{"@type":"Organization","@id":"https:\/\/www.karinibutiik.ee\/#organization","name":"Karini Butiik","url":"https:\/\/www.karinibutiik.ee\/","logo":{"@type":"ImageObject","inLanguage":"lv-LV","@id":"https:\/\/www.karinibutiik.ee\/#\/schema\/logo\/image\/","url":"https:\/\/www.karinibutiik.ee\/wp-content\/uploads\/2024\/10\/Kuj.-K-koopia.png","contentUrl":"https:\/\/www.karinibutiik.ee\/wp-content\/uploads\/2024\/10\/Kuj.-K-koopia.png","width":500,"height":500,"caption":"Karini Butiik"},"image":{"@id":"https:\/\/www.karinibutiik.ee\/#\/schema\/logo\/image\/"},"sameAs":["https:\/\/www.facebook.com\/karinibutiik.ee","https:\/\/www.instagram.com\/karinibutiik"]}]},"og_availability":"instock","product_availability":"instock","product_retailer_item_id":"8517","product_condition":"new"},"_links":{"self":[{"href":"https:\/\/www.karinibutiik.ee\/lv\/wp-json\/wp\/v2\/product\/15428","targetHints":{"allow":["GET"]}}],"collection":[{"href":"https:\/\/www.karinibutiik.ee\/lv\/wp-json\/wp\/v2\/product"}],"about":[{"href":"https:\/\/www.karinibutiik.ee\/lv\/wp-json\/wp\/v2\/types\/product"}],"version-history":[{"count":2,"href":"https:\/\/www.karinibutiik.ee\/lv\/wp-json\/wp\/v2\/product\/15428\/revisions"}],"predecessor-version":[{"id":24825,"href":"https:\/\/www.karinibutiik.ee\/lv\/wp-json\/wp\/v2\/product\/15428\/revisions\/24825"}],"wp:featuredmedia":[{"embeddable":true,"href":"https:\/\/www.karinibutiik.ee\/lv\/wp-json\/wp\/v2\/media\/15409"}],"wp:attachment":[{"href":"https:\/\/www.karinibutiik.ee\/lv\/wp-json\/wp\/v2\/media?parent=15428"}],"wp:term":[{"taxonomy":"product_brand","embeddable":true,"href":"https:\/\/www.karinibutiik.ee\/lv\/wp-json\/wp\/v2\/product_brand?post=15428"},{"taxonomy":"product_cat","embeddable":true,"href":"https:\/\/www.karinibutiik.ee\/lv\/wp-json\/wp\/v2\/product_cat?post=15428"},{"taxonomy":"product_tag","embeddable":true,"href":"https:\/\/www.karinibutiik.ee\/lv\/wp-json\/wp\/v2\/product_tag?post=15428"}],"curies":[{"name":"wp","href":"https:\/\/api.w.org\/{rel}","templated":true}]}}