{"id":15902,"date":"2024-06-18T09:48:20","date_gmt":"2024-06-18T09:48:20","guid":{"rendered":"https:\/\/www.karinibutiik.ee\/?post_type=product&#038;p=15902"},"modified":"2025-07-15T14:40:54","modified_gmt":"2025-07-15T11:40:54","slug":"meeste-ulikond-napoli","status":"publish","type":"product","link":"https:\/\/www.karinibutiik.ee\/lv\/produkts\/meeste-ulikond-napoli\/","title":{"rendered":"V\u012aRIE\u0160U UZVALKS NAPOLI"},"content":{"rendered":"<p>Stiilne ja kvaliteetne slim l\u00f5ikega meeste \u00fclikond.<br \/>\nMaterjal 54% vill (virgin wool), 44% poluester, 2% elastaan<br \/>\nSUURUSED:<br \/>\n46 \u2013 rind 92 cm, talje 80, sobib pikkusele 176\/182 cm<br \/>\n48 \u2013 rind 96 cm, talje 84, sobib pikkusele 176\/182 cm<br \/>\n50 \u2013 rind 100 cm, talje 88, sobib pikkusele 176\/182 cm<br \/>\n52 \u2013 rind 104 cm, talje 90, sobib pikkusele 176\/182 cm<br \/>\n54 \u2013 rind 108 cm, talje 94, sobib pikkusele 176\/182 cm<br \/>\n56 \u2013 rind 112 cm, talje 98, sobib pikkusele 176\/182 cm<br \/>\n58 \u2013 rind 116 cm, talje 100, sobib pikkusele 176\/182 cm<\/p>","protected":false},"excerpt":{"rendered":"<p>Stiilne ja kvaliteetne slim l\u00f5ikega meeste \u00fclikond. Materjal 54% vill (virgin wool), 44% poluester, 2% elastaan SUURUSED: 46 \u2013 rind [&hellip;]<\/p>\n","protected":false},"featured_media":15905,"template":"","meta":{"site-sidebar-layout":"default","site-content-layout":"","ast-site-content-layout":"default","site-content-style":"default","site-sidebar-style":"default","ast-global-header-display":"","ast-banner-title-visibility":"","ast-main-header-display":"","ast-hfb-above-header-display":"","ast-hfb-below-header-display":"","ast-hfb-mobile-header-display":"","site-post-title":"","ast-breadcrumbs-content":"","ast-featured-img":"","footer-sml-layout":"","ast-disable-related-posts":"","theme-transparent-header-meta":"default","adv-header-id-meta":"","stick-header-meta":"default","header-above-stick-meta":"","header-main-stick-meta":"","header-below-stick-meta":"","astra-migrate-meta-layouts":"set","ast-page-background-enabled":"default","ast-page-background-meta":{"desktop":{"background-color":"var(--ast-global-color-4)","background-image":"","background-repeat":"repeat","background-position":"center center","background-size":"auto","background-attachment":"scroll","background-type":"","background-media":"","overlay-type":"","overlay-color":"","overlay-opacity":"","overlay-gradient":""},"tablet":{"background-color":"","background-image":"","background-repeat":"repeat","background-position":"center center","background-size":"auto","background-attachment":"scroll","background-type":"","background-media":"","overlay-type":"","overlay-color":"","overlay-opacity":"","overlay-gradient":""},"mobile":{"background-color":"","background-image":"","background-repeat":"repeat","background-position":"center center","background-size":"auto","background-attachment":"scroll","background-type":"","background-media":"","overlay-type":"","overlay-color":"","overlay-opacity":"","overlay-gradient":""}},"ast-content-background-meta":{"desktop":{"background-color":"var(--ast-global-color-5)","background-image":"","background-repeat":"repeat","background-position":"center center","background-size":"auto","background-attachment":"scroll","background-type":"","background-media":"","overlay-type":"","overlay-color":"","overlay-opacity":"","overlay-gradient":""},"tablet":{"background-color":"var(--ast-global-color-5)","background-image":"","background-repeat":"repeat","background-position":"center center","background-size":"auto","background-attachment":"scroll","background-type":"","background-media":"","overlay-type":"","overlay-color":"","overlay-opacity":"","overlay-gradient":""},"mobile":{"background-color":"var(--ast-global-color-5)","background-image":"","background-repeat":"repeat","background-position":"center center","background-size":"auto","background-attachment":"scroll","background-type":"","background-media":"","overlay-type":"","overlay-color":"","overlay-opacity":"","overlay-gradient":""}}},"product_brand":[],"product_cat":[361,362],"product_tag":[573,540,564,574,572],"class_list":{"0":"post-15902","1":"product","2":"type-product","3":"status-publish","4":"has-post-thumbnail","6":"product_cat-mehed","7":"product_cat-ulikonnad","8":"product_tag-koolilopu-ulikond","9":"product_tag-meeste-mood","10":"product_tag-meeste-ulikond","11":"product_tag-pidulikud-meeste-riided","12":"product_tag-pulmaulikond","13":"desktop-align-center","14":"tablet-align-center","15":"mobile-align-center","16":"ast-product-gallery-layout-horizontal-slider","17":"ast-product-single-variable","18":"ast-product-tabs-layout-horizontal","20":"first","21":"instock","22":"taxable","23":"shipping-taxable","24":"purchasable","25":"product-type-variable"},"supplier_id":null,"supplier_sku":"","barcode":null,"atum_controlled":true,"out_stock_date":null,"out_stock_threshold":null,"inheritable":true,"inbound_stock":0,"stock_on_hold":0,"sold_today":0,"sales_last_days":0,"reserved_stock":0,"customer_returns":0,"warehouse_damage":0,"lost_in_post":0,"other_logs":0,"out_stock_days":0,"lost_sales":0,"has_location":false,"update_date":"2025-12-04T10:21:31","atum_locations":[],"atum_stock_status":"instock","restock_status":false,"low_stock_amount":"","sales_update_date":"2025-12-04T10:21:31","calc_backorders":null,"yoast_head":"<!-- This site is optimized with the Yoast SEO plugin v26.9 - https:\/\/yoast.com\/product\/yoast-seo-wordpress\/ -->\n<title>MEESTE \u00dcLIKOND NAPOLI - Karini Butiik<\/title>\n<meta name=\"description\" content=\"Meeste \u00fclikondade meistriteosed. K\u00f5rge kvaliteet, stiilne disain ja slim l\u00f5ige. Saavuta k\u00f5ikv\u00f5imas enesekindlus \u00fclikonnaga!\" \/>\n<meta name=\"robots\" content=\"index, follow, max-snippet:-1, max-image-preview:large, max-video-preview:-1\" \/>\n<link rel=\"canonical\" href=\"https:\/\/www.karinibutiik.ee\/lv\/produkts\/meeste-ulikond-napoli\/\" \/>\n<meta property=\"og:locale\" content=\"lv_LV\" \/>\n<meta property=\"og:type\" content=\"article\" \/>\n<meta property=\"og:title\" content=\"MEESTE \u00dcLIKOND NAPOLI - Karini Butiik\" \/>\n<meta property=\"og:description\" content=\"Meeste \u00fclikondade meistriteosed. K\u00f5rge kvaliteet, stiilne disain ja slim l\u00f5ige. Saavuta k\u00f5ikv\u00f5imas enesekindlus \u00fclikonnaga!\" \/>\n<meta property=\"og:url\" content=\"https:\/\/www.karinibutiik.ee\/lv\/produkts\/meeste-ulikond-napoli\/\" \/>\n<meta property=\"og:site_name\" content=\"Karini Butiik\" \/>\n<meta property=\"article:publisher\" content=\"https:\/\/www.facebook.com\/karinibutiik.ee\" \/>\n<meta property=\"article:modified_time\" content=\"2025-07-15T11:40:54+00:00\" \/>\n<meta property=\"og:image\" content=\"https:\/\/www.karinibutiik.ee\/wp-content\/uploads\/2024\/06\/napoli-sale-suits-men-s-napoli-slim-fit-solid-blue-two-button-half-canvassed-italian-wool-suit-31879000162486_1280x.webp\" \/>\n\t<meta property=\"og:image:width\" content=\"1200\" \/>\n\t<meta property=\"og:image:height\" content=\"1600\" \/>\n\t<meta property=\"og:image:type\" content=\"image\/webp\" \/>\n<meta name=\"twitter:card\" content=\"summary_large_image\" \/>\n<meta name=\"twitter:label1\" content=\"Availability\" \/>\n\t<meta name=\"twitter:data1\" content=\"In stock\" \/>\n<script type=\"application\/ld+json\" class=\"yoast-schema-graph\">{\"@context\":\"https:\/\/schema.org\",\"@graph\":[{\"@type\":\"WebPage\",\"@id\":\"https:\/\/www.karinibutiik.ee\/toode\/meeste-ulikond-napoli\/\",\"url\":\"https:\/\/www.karinibutiik.ee\/toode\/meeste-ulikond-napoli\/\",\"name\":\"MEESTE \u00dcLIKOND NAPOLI - Karini Butiik\",\"isPartOf\":{\"@id\":\"https:\/\/www.karinibutiik.ee\/#website\"},\"primaryImageOfPage\":{\"@id\":\"https:\/\/www.karinibutiik.ee\/toode\/meeste-ulikond-napoli\/#primaryimage\"},\"image\":{\"@id\":\"https:\/\/www.karinibutiik.ee\/toode\/meeste-ulikond-napoli\/#primaryimage\"},\"thumbnailUrl\":\"https:\/\/www.karinibutiik.ee\/wp-content\/uploads\/2024\/06\/napoli-sale-suits-men-s-napoli-slim-fit-solid-blue-two-button-half-canvassed-italian-wool-suit-31879000162486_1280x.webp\",\"datePublished\":\"2024-06-18T09:48:20+00:00\",\"dateModified\":\"2025-07-15T11:40:54+00:00\",\"description\":\"Meeste \u00fclikondade meistriteosed. K\u00f5rge kvaliteet, stiilne disain ja slim l\u00f5ige. Saavuta k\u00f5ikv\u00f5imas enesekindlus \u00fclikonnaga!\",\"breadcrumb\":{\"@id\":\"https:\/\/www.karinibutiik.ee\/toode\/meeste-ulikond-napoli\/#breadcrumb\"},\"inLanguage\":\"lv-LV\",\"potentialAction\":[{\"@type\":\"ReadAction\",\"target\":[\"https:\/\/www.karinibutiik.ee\/toode\/meeste-ulikond-napoli\/\"]}]},{\"@type\":\"ImageObject\",\"inLanguage\":\"lv-LV\",\"@id\":\"https:\/\/www.karinibutiik.ee\/toode\/meeste-ulikond-napoli\/#primaryimage\",\"url\":\"https:\/\/www.karinibutiik.ee\/wp-content\/uploads\/2024\/06\/napoli-sale-suits-men-s-napoli-slim-fit-solid-blue-two-button-half-canvassed-italian-wool-suit-31879000162486_1280x.webp\",\"contentUrl\":\"https:\/\/www.karinibutiik.ee\/wp-content\/uploads\/2024\/06\/napoli-sale-suits-men-s-napoli-slim-fit-solid-blue-two-button-half-canvassed-italian-wool-suit-31879000162486_1280x.webp\",\"width\":1200,\"height\":1600,\"caption\":\"NAPOLI\"},{\"@type\":\"BreadcrumbList\",\"@id\":\"https:\/\/www.karinibutiik.ee\/toode\/meeste-ulikond-napoli\/#breadcrumb\",\"itemListElement\":[{\"@type\":\"ListItem\",\"position\":1,\"name\":\"Home\",\"item\":\"https:\/\/www.karinibutiik.ee\/\"},{\"@type\":\"ListItem\",\"position\":2,\"name\":\"Pood\",\"item\":\"https:\/\/www.karinibutiik.ee\/pood\/\"},{\"@type\":\"ListItem\",\"position\":3,\"name\":\"MEESTE \u00dcLIKOND NAPOLI\"}]},{\"@type\":\"WebSite\",\"@id\":\"https:\/\/www.karinibutiik.ee\/#website\",\"url\":\"https:\/\/www.karinibutiik.ee\/\",\"name\":\"Karini Butiik\",\"description\":\"\",\"publisher\":{\"@id\":\"https:\/\/www.karinibutiik.ee\/#organization\"},\"potentialAction\":[{\"@type\":\"SearchAction\",\"target\":{\"@type\":\"EntryPoint\",\"urlTemplate\":\"https:\/\/www.karinibutiik.ee\/?s={search_term_string}\"},\"query-input\":{\"@type\":\"PropertyValueSpecification\",\"valueRequired\":true,\"valueName\":\"search_term_string\"}}],\"inLanguage\":\"lv-LV\"},{\"@type\":\"Organization\",\"@id\":\"https:\/\/www.karinibutiik.ee\/#organization\",\"name\":\"Karini Butiik\",\"url\":\"https:\/\/www.karinibutiik.ee\/\",\"logo\":{\"@type\":\"ImageObject\",\"inLanguage\":\"lv-LV\",\"@id\":\"https:\/\/www.karinibutiik.ee\/#\/schema\/logo\/image\/\",\"url\":\"https:\/\/www.karinibutiik.ee\/wp-content\/uploads\/2024\/10\/Kuj.-K-koopia.png\",\"contentUrl\":\"https:\/\/www.karinibutiik.ee\/wp-content\/uploads\/2024\/10\/Kuj.-K-koopia.png\",\"width\":500,\"height\":500,\"caption\":\"Karini Butiik\"},\"image\":{\"@id\":\"https:\/\/www.karinibutiik.ee\/#\/schema\/logo\/image\/\"},\"sameAs\":[\"https:\/\/www.facebook.com\/karinibutiik.ee\",\"https:\/\/www.instagram.com\/karinibutiik\"]}]}<\/script>\n<meta property=\"og:availability\" content=\"instock\" \/>\n<meta property=\"product:availability\" content=\"instock\" \/>\n<meta property=\"product:retailer_item_id\" content=\"7663\" \/>\n<meta property=\"product:condition\" content=\"new\" \/>\n<!-- \/ Yoast SEO plugin. -->","yoast_head_json":{"title":"MEESTE \u00dcLIKOND NAPOLI - Karini Butiik","description":"Meeste \u00fclikondade meistriteosed. K\u00f5rge kvaliteet, stiilne disain ja slim l\u00f5ige. Saavuta k\u00f5ikv\u00f5imas enesekindlus \u00fclikonnaga!","robots":{"index":"index","follow":"follow","max-snippet":"max-snippet:-1","max-image-preview":"max-image-preview:large","max-video-preview":"max-video-preview:-1"},"canonical":"https:\/\/www.karinibutiik.ee\/lv\/produkts\/meeste-ulikond-napoli\/","og_locale":"lv_LV","og_type":"article","og_title":"MEESTE \u00dcLIKOND NAPOLI - Karini Butiik","og_description":"Meeste \u00fclikondade meistriteosed. K\u00f5rge kvaliteet, stiilne disain ja slim l\u00f5ige. Saavuta k\u00f5ikv\u00f5imas enesekindlus \u00fclikonnaga!","og_url":"https:\/\/www.karinibutiik.ee\/lv\/produkts\/meeste-ulikond-napoli\/","og_site_name":"Karini Butiik","article_publisher":"https:\/\/www.facebook.com\/karinibutiik.ee","article_modified_time":"2025-07-15T11:40:54+00:00","og_image":[{"width":1200,"height":1600,"url":"https:\/\/www.karinibutiik.ee\/wp-content\/uploads\/2024\/06\/napoli-sale-suits-men-s-napoli-slim-fit-solid-blue-two-button-half-canvassed-italian-wool-suit-31879000162486_1280x.webp","type":"image\/webp"}],"twitter_card":"summary_large_image","twitter_misc":{"Availability":"In stock"},"schema":{"@context":"https:\/\/schema.org","@graph":[{"@type":"WebPage","@id":"https:\/\/www.karinibutiik.ee\/toode\/meeste-ulikond-napoli\/","url":"https:\/\/www.karinibutiik.ee\/toode\/meeste-ulikond-napoli\/","name":"MEESTE \u00dcLIKOND NAPOLI - Karini Butiik","isPartOf":{"@id":"https:\/\/www.karinibutiik.ee\/#website"},"primaryImageOfPage":{"@id":"https:\/\/www.karinibutiik.ee\/toode\/meeste-ulikond-napoli\/#primaryimage"},"image":{"@id":"https:\/\/www.karinibutiik.ee\/toode\/meeste-ulikond-napoli\/#primaryimage"},"thumbnailUrl":"https:\/\/www.karinibutiik.ee\/wp-content\/uploads\/2024\/06\/napoli-sale-suits-men-s-napoli-slim-fit-solid-blue-two-button-half-canvassed-italian-wool-suit-31879000162486_1280x.webp","datePublished":"2024-06-18T09:48:20+00:00","dateModified":"2025-07-15T11:40:54+00:00","description":"Meeste \u00fclikondade meistriteosed. K\u00f5rge kvaliteet, stiilne disain ja slim l\u00f5ige. Saavuta k\u00f5ikv\u00f5imas enesekindlus \u00fclikonnaga!","breadcrumb":{"@id":"https:\/\/www.karinibutiik.ee\/toode\/meeste-ulikond-napoli\/#breadcrumb"},"inLanguage":"lv-LV","potentialAction":[{"@type":"ReadAction","target":["https:\/\/www.karinibutiik.ee\/toode\/meeste-ulikond-napoli\/"]}]},{"@type":"ImageObject","inLanguage":"lv-LV","@id":"https:\/\/www.karinibutiik.ee\/toode\/meeste-ulikond-napoli\/#primaryimage","url":"https:\/\/www.karinibutiik.ee\/wp-content\/uploads\/2024\/06\/napoli-sale-suits-men-s-napoli-slim-fit-solid-blue-two-button-half-canvassed-italian-wool-suit-31879000162486_1280x.webp","contentUrl":"https:\/\/www.karinibutiik.ee\/wp-content\/uploads\/2024\/06\/napoli-sale-suits-men-s-napoli-slim-fit-solid-blue-two-button-half-canvassed-italian-wool-suit-31879000162486_1280x.webp","width":1200,"height":1600,"caption":"NAPOLI"},{"@type":"BreadcrumbList","@id":"https:\/\/www.karinibutiik.ee\/toode\/meeste-ulikond-napoli\/#breadcrumb","itemListElement":[{"@type":"ListItem","position":1,"name":"Home","item":"https:\/\/www.karinibutiik.ee\/"},{"@type":"ListItem","position":2,"name":"Pood","item":"https:\/\/www.karinibutiik.ee\/pood\/"},{"@type":"ListItem","position":3,"name":"MEESTE \u00dcLIKOND NAPOLI"}]},{"@type":"WebSite","@id":"https:\/\/www.karinibutiik.ee\/#website","url":"https:\/\/www.karinibutiik.ee\/","name":"Karini Butiik","description":"","publisher":{"@id":"https:\/\/www.karinibutiik.ee\/#organization"},"potentialAction":[{"@type":"SearchAction","target":{"@type":"EntryPoint","urlTemplate":"https:\/\/www.karinibutiik.ee\/?s={search_term_string}"},"query-input":{"@type":"PropertyValueSpecification","valueRequired":true,"valueName":"search_term_string"}}],"inLanguage":"lv-LV"},{"@type":"Organization","@id":"https:\/\/www.karinibutiik.ee\/#organization","name":"Karini Butiik","url":"https:\/\/www.karinibutiik.ee\/","logo":{"@type":"ImageObject","inLanguage":"lv-LV","@id":"https:\/\/www.karinibutiik.ee\/#\/schema\/logo\/image\/","url":"https:\/\/www.karinibutiik.ee\/wp-content\/uploads\/2024\/10\/Kuj.-K-koopia.png","contentUrl":"https:\/\/www.karinibutiik.ee\/wp-content\/uploads\/2024\/10\/Kuj.-K-koopia.png","width":500,"height":500,"caption":"Karini Butiik"},"image":{"@id":"https:\/\/www.karinibutiik.ee\/#\/schema\/logo\/image\/"},"sameAs":["https:\/\/www.facebook.com\/karinibutiik.ee","https:\/\/www.instagram.com\/karinibutiik"]}]},"og_availability":"instock","product_availability":"instock","product_retailer_item_id":"7663","product_condition":"new"},"_links":{"self":[{"href":"https:\/\/www.karinibutiik.ee\/lv\/wp-json\/wp\/v2\/product\/15902","targetHints":{"allow":["GET"]}}],"collection":[{"href":"https:\/\/www.karinibutiik.ee\/lv\/wp-json\/wp\/v2\/product"}],"about":[{"href":"https:\/\/www.karinibutiik.ee\/lv\/wp-json\/wp\/v2\/types\/product"}],"version-history":[{"count":1,"href":"https:\/\/www.karinibutiik.ee\/lv\/wp-json\/wp\/v2\/product\/15902\/revisions"}],"predecessor-version":[{"id":15910,"href":"https:\/\/www.karinibutiik.ee\/lv\/wp-json\/wp\/v2\/product\/15902\/revisions\/15910"}],"wp:featuredmedia":[{"embeddable":true,"href":"https:\/\/www.karinibutiik.ee\/lv\/wp-json\/wp\/v2\/media\/15905"}],"wp:attachment":[{"href":"https:\/\/www.karinibutiik.ee\/lv\/wp-json\/wp\/v2\/media?parent=15902"}],"wp:term":[{"taxonomy":"product_brand","embeddable":true,"href":"https:\/\/www.karinibutiik.ee\/lv\/wp-json\/wp\/v2\/product_brand?post=15902"},{"taxonomy":"product_cat","embeddable":true,"href":"https:\/\/www.karinibutiik.ee\/lv\/wp-json\/wp\/v2\/product_cat?post=15902"},{"taxonomy":"product_tag","embeddable":true,"href":"https:\/\/www.karinibutiik.ee\/lv\/wp-json\/wp\/v2\/product_tag?post=15902"}],"curies":[{"name":"wp","href":"https:\/\/api.w.org\/{rel}","templated":true}]}}