{"id":16201,"date":"2024-06-21T07:53:03","date_gmt":"2024-06-21T07:53:03","guid":{"rendered":"https:\/\/www.karinibutiik.ee\/?post_type=product&#038;p=16201"},"modified":"2026-03-06T12:47:33","modified_gmt":"2026-03-06T10:47:33","slug":"luhem-kaherealine-trench-coat","status":"publish","type":"product","link":"https:\/\/www.karinibutiik.ee\/lv\/produkts\/luhem-kaherealine-trench-coat\/","title":{"rendered":"\u012aS\u0100KS DIVVIRSJAST\u016aRVEIDA TREN\u010cS \/ PAVASARA-RUDENS M\u0112TE\u013bI"},"content":{"rendered":"<p>Stiilne ja ajatu kaherealine trench-coat on t\u00e4iuslik valik kevad- ja s\u00fcgishooajaks. See elegantne mantel on disainitud pakkuma nii mugavust kui ka kaitset jahedamate ilmade eest. Klassikaline l\u00f5ige ja v\u00f6\u00f6kohta r\u00f5hutav v\u00f6\u00f6 lisavad kandjale rafineeritud v\u00e4limuse. Trench-coat on valmistatud kvaliteetsest, vetth\u00fclgavast materjalist, mis tagab kaitse vihma ja tuule eest. Mantelil on praktilised taskud ja reguleeritavad mansetid, mis lisavad funktsionaalsust ja mugavust. Saadaval mitmes erinevas v\u00e4rvitoonis, sobib see mantel ideaalselt igap\u00e4evaseks kandmiseks nii t\u00f6\u00f6l kui vabal ajal.<\/p>","protected":false},"excerpt":{"rendered":"<p>Stiilne ja ajatu kaherealine trench-coat on t\u00e4iuslik valik kevad- ja s\u00fcgishooajaks. See elegantne mantel on disainitud pakkuma nii mugavust kui [&hellip;]<\/p>\n","protected":false},"featured_media":16213,"template":"","meta":{"site-sidebar-layout":"default","site-content-layout":"","ast-site-content-layout":"default","site-content-style":"default","site-sidebar-style":"default","ast-global-header-display":"","ast-banner-title-visibility":"","ast-main-header-display":"","ast-hfb-above-header-display":"","ast-hfb-below-header-display":"","ast-hfb-mobile-header-display":"","site-post-title":"","ast-breadcrumbs-content":"","ast-featured-img":"","footer-sml-layout":"","ast-disable-related-posts":"","theme-transparent-header-meta":"default","adv-header-id-meta":"","stick-header-meta":"default","header-above-stick-meta":"","header-main-stick-meta":"","header-below-stick-meta":"","astra-migrate-meta-layouts":"set","ast-page-background-enabled":"default","ast-page-background-meta":{"desktop":{"background-color":"var(--ast-global-color-4)","background-image":"","background-repeat":"repeat","background-position":"center center","background-size":"auto","background-attachment":"scroll","background-type":"","background-media":"","overlay-type":"","overlay-color":"","overlay-opacity":"","overlay-gradient":""},"tablet":{"background-color":"","background-image":"","background-repeat":"repeat","background-position":"center center","background-size":"auto","background-attachment":"scroll","background-type":"","background-media":"","overlay-type":"","overlay-color":"","overlay-opacity":"","overlay-gradient":""},"mobile":{"background-color":"","background-image":"","background-repeat":"repeat","background-position":"center center","background-size":"auto","background-attachment":"scroll","background-type":"","background-media":"","overlay-type":"","overlay-color":"","overlay-opacity":"","overlay-gradient":""}},"ast-content-background-meta":{"desktop":{"background-color":"var(--ast-global-color-5)","background-image":"","background-repeat":"repeat","background-position":"center center","background-size":"auto","background-attachment":"scroll","background-type":"","background-media":"","overlay-type":"","overlay-color":"","overlay-opacity":"","overlay-gradient":""},"tablet":{"background-color":"var(--ast-global-color-5)","background-image":"","background-repeat":"repeat","background-position":"center center","background-size":"auto","background-attachment":"scroll","background-type":"","background-media":"","overlay-type":"","overlay-color":"","overlay-opacity":"","overlay-gradient":""},"mobile":{"background-color":"var(--ast-global-color-5)","background-image":"","background-repeat":"repeat","background-position":"center center","background-size":"auto","background-attachment":"scroll","background-type":"","background-media":"","overlay-type":"","overlay-color":"","overlay-opacity":"","overlay-gradient":""}}},"product_brand":[],"product_cat":[453,367,430,346,365,369],"product_tag":[604,610,263,607,608],"class_list":{"0":"post-16201","1":"product","2":"type-product","3":"status-publish","4":"has-post-thumbnail","6":"product_cat-soodus","7":"product_cat-allahindlus","8":"product_cat-lopumuuk","9":"product_cat-naised","10":"product_cat-uleriided","11":"product_cat-mantlid","12":"product_tag-kevad-sugis-mantel","13":"product_tag-luhem-mantel","14":"product_tag-mantel","15":"product_tag-trench-coat","16":"product_tag-vihmamantel","17":"desktop-align-center","18":"tablet-align-center","19":"mobile-align-center","20":"ast-product-gallery-layout-horizontal-slider","21":"ast-product-single-variable","22":"ast-product-tabs-layout-horizontal","24":"first","25":"outofstock","26":"taxable","27":"shipping-taxable","28":"product-type-variable"},"supplier_id":null,"supplier_sku":"","barcode":null,"atum_controlled":true,"out_stock_date":null,"out_stock_threshold":null,"inheritable":true,"inbound_stock":0,"stock_on_hold":0,"sold_today":0,"sales_last_days":0,"reserved_stock":0,"customer_returns":0,"warehouse_damage":0,"lost_in_post":0,"other_logs":0,"out_stock_days":0,"lost_sales":0,"has_location":false,"update_date":"2025-12-04T01:45:39","atum_locations":[],"atum_stock_status":"instock","restock_status":false,"low_stock_amount":"","sales_update_date":"2025-12-04T01:45:39","calc_backorders":null,"yoast_head":"<!-- This site is optimized with the Yoast SEO plugin v26.9 - https:\/\/yoast.com\/product\/yoast-seo-wordpress\/ -->\n<title>L\u00dcHEM KAHEREALINE TRENCH-COAT \/ KEVAD-S\u00dcGIS MANTEL - Karini Butiik<\/title>\n<meta name=\"description\" content=\"Stiilne kaherealine trench-coat muudab sinu kevade ja s\u00fcgise imeliseks. Klassikaline l\u00f5ige ja reguleeritavad mansetid t\u00e4iendavad sinu v\u00e4limust ja mugavust.\" \/>\n<meta name=\"robots\" content=\"index, follow, max-snippet:-1, max-image-preview:large, max-video-preview:-1\" \/>\n<link rel=\"canonical\" href=\"https:\/\/www.karinibutiik.ee\/lv\/produkts\/luhem-kaherealine-trench-coat\/\" \/>\n<meta property=\"og:locale\" content=\"lv_LV\" \/>\n<meta property=\"og:type\" content=\"article\" \/>\n<meta property=\"og:title\" content=\"L\u00dcHEM KAHEREALINE TRENCH-COAT \/ KEVAD-S\u00dcGIS MANTEL - Karini Butiik\" \/>\n<meta property=\"og:description\" content=\"Stiilne kaherealine trench-coat muudab sinu kevade ja s\u00fcgise imeliseks. Klassikaline l\u00f5ige ja reguleeritavad mansetid t\u00e4iendavad sinu v\u00e4limust ja mugavust.\" \/>\n<meta property=\"og:url\" content=\"https:\/\/www.karinibutiik.ee\/lv\/produkts\/luhem-kaherealine-trench-coat\/\" \/>\n<meta property=\"og:site_name\" content=\"Karini Butiik\" \/>\n<meta property=\"article:publisher\" content=\"https:\/\/www.facebook.com\/karinibutiik.ee\" \/>\n<meta property=\"article:modified_time\" content=\"2026-03-06T10:47:33+00:00\" \/>\n<meta property=\"og:image\" content=\"https:\/\/www.karinibutiik.ee\/wp-content\/uploads\/2024\/06\/1C7C8F3F-D362-41F2-804D-9ABDAE2C0BA8.jpeg\" \/>\n\t<meta property=\"og:image:width\" content=\"1200\" \/>\n\t<meta property=\"og:image:height\" content=\"1500\" \/>\n\t<meta property=\"og:image:type\" content=\"image\/jpeg\" \/>\n<meta name=\"twitter:card\" content=\"summary_large_image\" \/>\n<meta name=\"twitter:label1\" content=\"Availability\" \/>\n\t<meta name=\"twitter:data1\" content=\"Out of stock\" \/>\n<script type=\"application\/ld+json\" class=\"yoast-schema-graph\">{\"@context\":\"https:\/\/schema.org\",\"@graph\":[{\"@type\":\"WebPage\",\"@id\":\"https:\/\/www.karinibutiik.ee\/toode\/luhem-kaherealine-trench-coat\/\",\"url\":\"https:\/\/www.karinibutiik.ee\/toode\/luhem-kaherealine-trench-coat\/\",\"name\":\"L\u00dcHEM KAHEREALINE TRENCH-COAT \/ KEVAD-S\u00dcGIS MANTEL - Karini Butiik\",\"isPartOf\":{\"@id\":\"https:\/\/www.karinibutiik.ee\/#website\"},\"primaryImageOfPage\":{\"@id\":\"https:\/\/www.karinibutiik.ee\/toode\/luhem-kaherealine-trench-coat\/#primaryimage\"},\"image\":{\"@id\":\"https:\/\/www.karinibutiik.ee\/toode\/luhem-kaherealine-trench-coat\/#primaryimage\"},\"thumbnailUrl\":\"https:\/\/www.karinibutiik.ee\/wp-content\/uploads\/2024\/06\/1C7C8F3F-D362-41F2-804D-9ABDAE2C0BA8.jpeg\",\"datePublished\":\"2024-06-21T07:53:03+00:00\",\"dateModified\":\"2026-03-06T10:47:33+00:00\",\"description\":\"Stiilne kaherealine trench-coat muudab sinu kevade ja s\u00fcgise imeliseks. Klassikaline l\u00f5ige ja reguleeritavad mansetid t\u00e4iendavad sinu v\u00e4limust ja mugavust.\",\"breadcrumb\":{\"@id\":\"https:\/\/www.karinibutiik.ee\/toode\/luhem-kaherealine-trench-coat\/#breadcrumb\"},\"inLanguage\":\"lv-LV\",\"potentialAction\":[{\"@type\":\"ReadAction\",\"target\":[\"https:\/\/www.karinibutiik.ee\/toode\/luhem-kaherealine-trench-coat\/\"]}]},{\"@type\":\"ImageObject\",\"inLanguage\":\"lv-LV\",\"@id\":\"https:\/\/www.karinibutiik.ee\/toode\/luhem-kaherealine-trench-coat\/#primaryimage\",\"url\":\"https:\/\/www.karinibutiik.ee\/wp-content\/uploads\/2024\/06\/1C7C8F3F-D362-41F2-804D-9ABDAE2C0BA8.jpeg\",\"contentUrl\":\"https:\/\/www.karinibutiik.ee\/wp-content\/uploads\/2024\/06\/1C7C8F3F-D362-41F2-804D-9ABDAE2C0BA8.jpeg\",\"width\":1200,\"height\":1500},{\"@type\":\"BreadcrumbList\",\"@id\":\"https:\/\/www.karinibutiik.ee\/toode\/luhem-kaherealine-trench-coat\/#breadcrumb\",\"itemListElement\":[{\"@type\":\"ListItem\",\"position\":1,\"name\":\"Home\",\"item\":\"https:\/\/www.karinibutiik.ee\/\"},{\"@type\":\"ListItem\",\"position\":2,\"name\":\"Pood\",\"item\":\"https:\/\/www.karinibutiik.ee\/pood\/\"},{\"@type\":\"ListItem\",\"position\":3,\"name\":\"L\u00dcHEM KAHEREALINE TRENCH-COAT \/ KEVAD-S\u00dcGIS MANTEL\"}]},{\"@type\":\"WebSite\",\"@id\":\"https:\/\/www.karinibutiik.ee\/#website\",\"url\":\"https:\/\/www.karinibutiik.ee\/\",\"name\":\"Karini Butiik\",\"description\":\"\",\"publisher\":{\"@id\":\"https:\/\/www.karinibutiik.ee\/#organization\"},\"potentialAction\":[{\"@type\":\"SearchAction\",\"target\":{\"@type\":\"EntryPoint\",\"urlTemplate\":\"https:\/\/www.karinibutiik.ee\/?s={search_term_string}\"},\"query-input\":{\"@type\":\"PropertyValueSpecification\",\"valueRequired\":true,\"valueName\":\"search_term_string\"}}],\"inLanguage\":\"lv-LV\"},{\"@type\":\"Organization\",\"@id\":\"https:\/\/www.karinibutiik.ee\/#organization\",\"name\":\"Karini Butiik\",\"url\":\"https:\/\/www.karinibutiik.ee\/\",\"logo\":{\"@type\":\"ImageObject\",\"inLanguage\":\"lv-LV\",\"@id\":\"https:\/\/www.karinibutiik.ee\/#\/schema\/logo\/image\/\",\"url\":\"https:\/\/www.karinibutiik.ee\/wp-content\/uploads\/2024\/10\/Kuj.-K-koopia.png\",\"contentUrl\":\"https:\/\/www.karinibutiik.ee\/wp-content\/uploads\/2024\/10\/Kuj.-K-koopia.png\",\"width\":500,\"height\":500,\"caption\":\"Karini Butiik\"},\"image\":{\"@id\":\"https:\/\/www.karinibutiik.ee\/#\/schema\/logo\/image\/\"},\"sameAs\":[\"https:\/\/www.facebook.com\/karinibutiik.ee\",\"https:\/\/www.instagram.com\/karinibutiik\"]}]}<\/script>\n<meta property=\"og:availability\" content=\"out of stock\" \/>\n<meta property=\"product:availability\" content=\"out of stock\" \/>\n<meta property=\"product:retailer_item_id\" content=\"2109\" \/>\n<meta property=\"product:condition\" content=\"new\" \/>\n<!-- \/ Yoast SEO plugin. -->","yoast_head_json":{"title":"L\u00dcHEM KAHEREALINE TRENCH-COAT \/ KEVAD-S\u00dcGIS MANTEL - Karini Butiik","description":"Stiilne kaherealine trench-coat muudab sinu kevade ja s\u00fcgise imeliseks. Klassikaline l\u00f5ige ja reguleeritavad mansetid t\u00e4iendavad sinu v\u00e4limust ja mugavust.","robots":{"index":"index","follow":"follow","max-snippet":"max-snippet:-1","max-image-preview":"max-image-preview:large","max-video-preview":"max-video-preview:-1"},"canonical":"https:\/\/www.karinibutiik.ee\/lv\/produkts\/luhem-kaherealine-trench-coat\/","og_locale":"lv_LV","og_type":"article","og_title":"L\u00dcHEM KAHEREALINE TRENCH-COAT \/ KEVAD-S\u00dcGIS MANTEL - Karini Butiik","og_description":"Stiilne kaherealine trench-coat muudab sinu kevade ja s\u00fcgise imeliseks. Klassikaline l\u00f5ige ja reguleeritavad mansetid t\u00e4iendavad sinu v\u00e4limust ja mugavust.","og_url":"https:\/\/www.karinibutiik.ee\/lv\/produkts\/luhem-kaherealine-trench-coat\/","og_site_name":"Karini Butiik","article_publisher":"https:\/\/www.facebook.com\/karinibutiik.ee","article_modified_time":"2026-03-06T10:47:33+00:00","og_image":[{"width":1200,"height":1500,"url":"https:\/\/www.karinibutiik.ee\/wp-content\/uploads\/2024\/06\/1C7C8F3F-D362-41F2-804D-9ABDAE2C0BA8.jpeg","type":"image\/jpeg"}],"twitter_card":"summary_large_image","twitter_misc":{"Availability":"Out of stock"},"schema":{"@context":"https:\/\/schema.org","@graph":[{"@type":"WebPage","@id":"https:\/\/www.karinibutiik.ee\/toode\/luhem-kaherealine-trench-coat\/","url":"https:\/\/www.karinibutiik.ee\/toode\/luhem-kaherealine-trench-coat\/","name":"L\u00dcHEM KAHEREALINE TRENCH-COAT \/ KEVAD-S\u00dcGIS MANTEL - Karini Butiik","isPartOf":{"@id":"https:\/\/www.karinibutiik.ee\/#website"},"primaryImageOfPage":{"@id":"https:\/\/www.karinibutiik.ee\/toode\/luhem-kaherealine-trench-coat\/#primaryimage"},"image":{"@id":"https:\/\/www.karinibutiik.ee\/toode\/luhem-kaherealine-trench-coat\/#primaryimage"},"thumbnailUrl":"https:\/\/www.karinibutiik.ee\/wp-content\/uploads\/2024\/06\/1C7C8F3F-D362-41F2-804D-9ABDAE2C0BA8.jpeg","datePublished":"2024-06-21T07:53:03+00:00","dateModified":"2026-03-06T10:47:33+00:00","description":"Stiilne kaherealine trench-coat muudab sinu kevade ja s\u00fcgise imeliseks. Klassikaline l\u00f5ige ja reguleeritavad mansetid t\u00e4iendavad sinu v\u00e4limust ja mugavust.","breadcrumb":{"@id":"https:\/\/www.karinibutiik.ee\/toode\/luhem-kaherealine-trench-coat\/#breadcrumb"},"inLanguage":"lv-LV","potentialAction":[{"@type":"ReadAction","target":["https:\/\/www.karinibutiik.ee\/toode\/luhem-kaherealine-trench-coat\/"]}]},{"@type":"ImageObject","inLanguage":"lv-LV","@id":"https:\/\/www.karinibutiik.ee\/toode\/luhem-kaherealine-trench-coat\/#primaryimage","url":"https:\/\/www.karinibutiik.ee\/wp-content\/uploads\/2024\/06\/1C7C8F3F-D362-41F2-804D-9ABDAE2C0BA8.jpeg","contentUrl":"https:\/\/www.karinibutiik.ee\/wp-content\/uploads\/2024\/06\/1C7C8F3F-D362-41F2-804D-9ABDAE2C0BA8.jpeg","width":1200,"height":1500},{"@type":"BreadcrumbList","@id":"https:\/\/www.karinibutiik.ee\/toode\/luhem-kaherealine-trench-coat\/#breadcrumb","itemListElement":[{"@type":"ListItem","position":1,"name":"Home","item":"https:\/\/www.karinibutiik.ee\/"},{"@type":"ListItem","position":2,"name":"Pood","item":"https:\/\/www.karinibutiik.ee\/pood\/"},{"@type":"ListItem","position":3,"name":"L\u00dcHEM KAHEREALINE TRENCH-COAT \/ KEVAD-S\u00dcGIS MANTEL"}]},{"@type":"WebSite","@id":"https:\/\/www.karinibutiik.ee\/#website","url":"https:\/\/www.karinibutiik.ee\/","name":"Karini Butiik","description":"","publisher":{"@id":"https:\/\/www.karinibutiik.ee\/#organization"},"potentialAction":[{"@type":"SearchAction","target":{"@type":"EntryPoint","urlTemplate":"https:\/\/www.karinibutiik.ee\/?s={search_term_string}"},"query-input":{"@type":"PropertyValueSpecification","valueRequired":true,"valueName":"search_term_string"}}],"inLanguage":"lv-LV"},{"@type":"Organization","@id":"https:\/\/www.karinibutiik.ee\/#organization","name":"Karini Butiik","url":"https:\/\/www.karinibutiik.ee\/","logo":{"@type":"ImageObject","inLanguage":"lv-LV","@id":"https:\/\/www.karinibutiik.ee\/#\/schema\/logo\/image\/","url":"https:\/\/www.karinibutiik.ee\/wp-content\/uploads\/2024\/10\/Kuj.-K-koopia.png","contentUrl":"https:\/\/www.karinibutiik.ee\/wp-content\/uploads\/2024\/10\/Kuj.-K-koopia.png","width":500,"height":500,"caption":"Karini Butiik"},"image":{"@id":"https:\/\/www.karinibutiik.ee\/#\/schema\/logo\/image\/"},"sameAs":["https:\/\/www.facebook.com\/karinibutiik.ee","https:\/\/www.instagram.com\/karinibutiik"]}]},"og_availability":"out of stock","product_availability":"out of stock","product_retailer_item_id":"2109","product_condition":"new"},"_links":{"self":[{"href":"https:\/\/www.karinibutiik.ee\/lv\/wp-json\/wp\/v2\/product\/16201","targetHints":{"allow":["GET"]}}],"collection":[{"href":"https:\/\/www.karinibutiik.ee\/lv\/wp-json\/wp\/v2\/product"}],"about":[{"href":"https:\/\/www.karinibutiik.ee\/lv\/wp-json\/wp\/v2\/types\/product"}],"version-history":[{"count":1,"href":"https:\/\/www.karinibutiik.ee\/lv\/wp-json\/wp\/v2\/product\/16201\/revisions"}],"predecessor-version":[{"id":16220,"href":"https:\/\/www.karinibutiik.ee\/lv\/wp-json\/wp\/v2\/product\/16201\/revisions\/16220"}],"wp:featuredmedia":[{"embeddable":true,"href":"https:\/\/www.karinibutiik.ee\/lv\/wp-json\/wp\/v2\/media\/16213"}],"wp:attachment":[{"href":"https:\/\/www.karinibutiik.ee\/lv\/wp-json\/wp\/v2\/media?parent=16201"}],"wp:term":[{"taxonomy":"product_brand","embeddable":true,"href":"https:\/\/www.karinibutiik.ee\/lv\/wp-json\/wp\/v2\/product_brand?post=16201"},{"taxonomy":"product_cat","embeddable":true,"href":"https:\/\/www.karinibutiik.ee\/lv\/wp-json\/wp\/v2\/product_cat?post=16201"},{"taxonomy":"product_tag","embeddable":true,"href":"https:\/\/www.karinibutiik.ee\/lv\/wp-json\/wp\/v2\/product_tag?post=16201"}],"curies":[{"name":"wp","href":"https:\/\/api.w.org\/{rel}","templated":true}]}}