{"id":16712,"date":"2024-07-08T14:20:05","date_gmt":"2024-07-08T14:20:05","guid":{"rendered":"https:\/\/www.karinibutiik.ee\/?post_type=product&#038;p=16712"},"modified":"2025-11-07T15:12:39","modified_gmt":"2025-11-07T13:12:39","slug":"vabalt-langev-kleit","status":"publish","type":"product","link":"https:\/\/www.karinibutiik.ee\/lv\/produkts\/vabalt-langev-kleit\/","title":{"rendered":"VABALT LANGEV KLEIT"},"content":{"rendered":"<p>Vabalt langev keit , varrukatega.Kanna v\u00f6\u00f6ga v\u00f5i ilma. (v\u00f6\u00f6 ei ole kaasas)<\/p>","protected":false},"excerpt":{"rendered":"<p>Vabalt langev keit , varrukatega.Kanna v\u00f6\u00f6ga v\u00f5i ilma. (v\u00f6\u00f6 ei ole kaasas)<\/p>","protected":false},"featured_media":16725,"template":"","meta":{"site-sidebar-layout":"default","site-content-layout":"","ast-site-content-layout":"default","site-content-style":"default","site-sidebar-style":"default","ast-global-header-display":"","ast-banner-title-visibility":"","ast-main-header-display":"","ast-hfb-above-header-display":"","ast-hfb-below-header-display":"","ast-hfb-mobile-header-display":"","site-post-title":"","ast-breadcrumbs-content":"","ast-featured-img":"","footer-sml-layout":"","ast-disable-related-posts":"","theme-transparent-header-meta":"default","adv-header-id-meta":"","stick-header-meta":"default","header-above-stick-meta":"","header-main-stick-meta":"","header-below-stick-meta":"","astra-migrate-meta-layouts":"set","ast-page-background-enabled":"default","ast-page-background-meta":{"desktop":{"background-color":"var(--ast-global-color-4)","background-image":"","background-repeat":"repeat","background-position":"center center","background-size":"auto","background-attachment":"scroll","background-type":"","background-media":"","overlay-type":"","overlay-color":"","overlay-opacity":"","overlay-gradient":""},"tablet":{"background-color":"","background-image":"","background-repeat":"repeat","background-position":"center center","background-size":"auto","background-attachment":"scroll","background-type":"","background-media":"","overlay-type":"","overlay-color":"","overlay-opacity":"","overlay-gradient":""},"mobile":{"background-color":"","background-image":"","background-repeat":"repeat","background-position":"center center","background-size":"auto","background-attachment":"scroll","background-type":"","background-media":"","overlay-type":"","overlay-color":"","overlay-opacity":"","overlay-gradient":""}},"ast-content-background-meta":{"desktop":{"background-color":"var(--ast-global-color-5)","background-image":"","background-repeat":"repeat","background-position":"center center","background-size":"auto","background-attachment":"scroll","background-type":"","background-media":"","overlay-type":"","overlay-color":"","overlay-opacity":"","overlay-gradient":""},"tablet":{"background-color":"var(--ast-global-color-5)","background-image":"","background-repeat":"repeat","background-position":"center center","background-size":"auto","background-attachment":"scroll","background-type":"","background-media":"","overlay-type":"","overlay-color":"","overlay-opacity":"","overlay-gradient":""},"mobile":{"background-color":"var(--ast-global-color-5)","background-image":"","background-repeat":"repeat","background-position":"center center","background-size":"auto","background-attachment":"scroll","background-type":"","background-media":"","overlay-type":"","overlay-color":"","overlay-opacity":"","overlay-gradient":""}}},"product_brand":[],"product_cat":[367,347,349,346],"product_tag":[475,476,501,477,270,485,493,86,91,87,500,632],"class_list":{"0":"post-16712","1":"product","2":"type-product","3":"status-publish","4":"has-post-thumbnail","6":"product_cat-allahindlus","7":"product_cat-kleidid","8":"product_cat-midikleidid","9":"product_cat-naised","10":"product_tag-dresshouse","11":"product_tag-getdressed","12":"product_tag-karini-butiik","13":"product_tag-kleidibutiik","14":"product_tag-kleidid","15":"product_tag-kleidipood","16":"product_tag-kleiditurg","17":"product_tag-kleit","18":"product_tag-koolilopukleit","19":"product_tag-midikleit","20":"product_tag-suvine-kleit","21":"product_tag-suvinekleit","22":"desktop-align-center","23":"tablet-align-center","24":"mobile-align-center","25":"ast-product-gallery-layout-horizontal-slider","26":"ast-product-single-variable","27":"ast-product-tabs-layout-horizontal","29":"first","30":"instock","31":"sale","32":"taxable","33":"shipping-taxable","34":"purchasable","35":"product-type-variable"},"supplier_id":null,"supplier_sku":"","barcode":null,"atum_controlled":true,"out_stock_date":null,"out_stock_threshold":null,"inheritable":true,"inbound_stock":0,"stock_on_hold":0,"sold_today":0,"sales_last_days":0,"reserved_stock":0,"customer_returns":0,"warehouse_damage":0,"lost_in_post":0,"other_logs":0,"out_stock_days":0,"lost_sales":0,"has_location":false,"update_date":"2025-12-03T01:20:31","atum_locations":[],"atum_stock_status":"instock","restock_status":false,"low_stock_amount":"","sales_update_date":"2025-12-03T01:20:31","calc_backorders":null,"yoast_head":"<!-- This site is optimized with the Yoast SEO plugin v26.9 - https:\/\/yoast.com\/product\/yoast-seo-wordpress\/ -->\n<title>VABALT LANGEV KLEIT - Karini Butiik<\/title>\n<meta name=\"description\" content=\"Elegantne ja mugav midikleit sobib suurep\u00e4raselt igaks s\u00fcndmuseks. Lisage v\u00f6\u00f6, et r\u00f5hutada oma siluetti. Osta kohe!\" \/>\n<meta name=\"robots\" content=\"index, follow, max-snippet:-1, max-image-preview:large, max-video-preview:-1\" \/>\n<link rel=\"canonical\" href=\"https:\/\/www.karinibutiik.ee\/lv\/produkts\/vabalt-langev-kleit\/\" \/>\n<meta property=\"og:locale\" content=\"lv_LV\" \/>\n<meta property=\"og:type\" content=\"article\" \/>\n<meta property=\"og:title\" content=\"VABALT LANGEV KLEIT - Karini Butiik\" \/>\n<meta property=\"og:description\" content=\"Elegantne ja mugav midikleit sobib suurep\u00e4raselt igaks s\u00fcndmuseks. Lisage v\u00f6\u00f6, et r\u00f5hutada oma siluetti. Osta kohe!\" \/>\n<meta property=\"og:url\" content=\"https:\/\/www.karinibutiik.ee\/lv\/produkts\/vabalt-langev-kleit\/\" \/>\n<meta property=\"og:site_name\" content=\"Karini Butiik\" \/>\n<meta property=\"article:publisher\" content=\"https:\/\/www.facebook.com\/karinibutiik.ee\" \/>\n<meta property=\"article:modified_time\" content=\"2025-11-07T13:12:39+00:00\" \/>\n<meta property=\"og:image\" content=\"https:\/\/www.karinibutiik.ee\/wp-content\/uploads\/2024\/07\/IMG_7319.jpeg\" \/>\n\t<meta property=\"og:image:width\" content=\"1200\" \/>\n\t<meta property=\"og:image:height\" content=\"1500\" \/>\n\t<meta property=\"og:image:type\" content=\"image\/jpeg\" \/>\n<meta name=\"twitter:card\" content=\"summary_large_image\" \/>\n<meta name=\"twitter:label1\" content=\"Availability\" \/>\n\t<meta name=\"twitter:data1\" content=\"In stock\" \/>\n<script type=\"application\/ld+json\" class=\"yoast-schema-graph\">{\"@context\":\"https:\/\/schema.org\",\"@graph\":[{\"@type\":\"WebPage\",\"@id\":\"https:\/\/www.karinibutiik.ee\/toode\/vabalt-langev-kleit\/\",\"url\":\"https:\/\/www.karinibutiik.ee\/toode\/vabalt-langev-kleit\/\",\"name\":\"VABALT LANGEV KLEIT - Karini Butiik\",\"isPartOf\":{\"@id\":\"https:\/\/www.karinibutiik.ee\/#website\"},\"primaryImageOfPage\":{\"@id\":\"https:\/\/www.karinibutiik.ee\/toode\/vabalt-langev-kleit\/#primaryimage\"},\"image\":{\"@id\":\"https:\/\/www.karinibutiik.ee\/toode\/vabalt-langev-kleit\/#primaryimage\"},\"thumbnailUrl\":\"https:\/\/www.karinibutiik.ee\/wp-content\/uploads\/2024\/07\/IMG_7319.jpeg\",\"datePublished\":\"2024-07-08T14:20:05+00:00\",\"dateModified\":\"2025-11-07T13:12:39+00:00\",\"description\":\"Elegantne ja mugav midikleit sobib suurep\u00e4raselt igaks s\u00fcndmuseks. Lisage v\u00f6\u00f6, et r\u00f5hutada oma siluetti. Osta kohe!\",\"breadcrumb\":{\"@id\":\"https:\/\/www.karinibutiik.ee\/toode\/vabalt-langev-kleit\/#breadcrumb\"},\"inLanguage\":\"lv-LV\",\"potentialAction\":[{\"@type\":\"ReadAction\",\"target\":[\"https:\/\/www.karinibutiik.ee\/toode\/vabalt-langev-kleit\/\"]}]},{\"@type\":\"ImageObject\",\"inLanguage\":\"lv-LV\",\"@id\":\"https:\/\/www.karinibutiik.ee\/toode\/vabalt-langev-kleit\/#primaryimage\",\"url\":\"https:\/\/www.karinibutiik.ee\/wp-content\/uploads\/2024\/07\/IMG_7319.jpeg\",\"contentUrl\":\"https:\/\/www.karinibutiik.ee\/wp-content\/uploads\/2024\/07\/IMG_7319.jpeg\",\"width\":1200,\"height\":1500},{\"@type\":\"BreadcrumbList\",\"@id\":\"https:\/\/www.karinibutiik.ee\/toode\/vabalt-langev-kleit\/#breadcrumb\",\"itemListElement\":[{\"@type\":\"ListItem\",\"position\":1,\"name\":\"Home\",\"item\":\"https:\/\/www.karinibutiik.ee\/\"},{\"@type\":\"ListItem\",\"position\":2,\"name\":\"Pood\",\"item\":\"https:\/\/www.karinibutiik.ee\/pood\/\"},{\"@type\":\"ListItem\",\"position\":3,\"name\":\"VABALT LANGEV KLEIT\"}]},{\"@type\":\"WebSite\",\"@id\":\"https:\/\/www.karinibutiik.ee\/#website\",\"url\":\"https:\/\/www.karinibutiik.ee\/\",\"name\":\"Karini Butiik\",\"description\":\"\",\"publisher\":{\"@id\":\"https:\/\/www.karinibutiik.ee\/#organization\"},\"potentialAction\":[{\"@type\":\"SearchAction\",\"target\":{\"@type\":\"EntryPoint\",\"urlTemplate\":\"https:\/\/www.karinibutiik.ee\/?s={search_term_string}\"},\"query-input\":{\"@type\":\"PropertyValueSpecification\",\"valueRequired\":true,\"valueName\":\"search_term_string\"}}],\"inLanguage\":\"lv-LV\"},{\"@type\":\"Organization\",\"@id\":\"https:\/\/www.karinibutiik.ee\/#organization\",\"name\":\"Karini Butiik\",\"url\":\"https:\/\/www.karinibutiik.ee\/\",\"logo\":{\"@type\":\"ImageObject\",\"inLanguage\":\"lv-LV\",\"@id\":\"https:\/\/www.karinibutiik.ee\/#\/schema\/logo\/image\/\",\"url\":\"https:\/\/www.karinibutiik.ee\/wp-content\/uploads\/2024\/10\/Kuj.-K-koopia.png\",\"contentUrl\":\"https:\/\/www.karinibutiik.ee\/wp-content\/uploads\/2024\/10\/Kuj.-K-koopia.png\",\"width\":500,\"height\":500,\"caption\":\"Karini Butiik\"},\"image\":{\"@id\":\"https:\/\/www.karinibutiik.ee\/#\/schema\/logo\/image\/\"},\"sameAs\":[\"https:\/\/www.facebook.com\/karinibutiik.ee\",\"https:\/\/www.instagram.com\/karinibutiik\"]}]}<\/script>\n<meta property=\"og:availability\" content=\"instock\" \/>\n<meta property=\"product:availability\" content=\"instock\" \/>\n<meta property=\"product:retailer_item_id\" content=\"1787\" \/>\n<meta property=\"product:condition\" content=\"new\" \/>\n<!-- \/ Yoast SEO plugin. -->","yoast_head_json":{"title":"VABALT LANGEV KLEIT - Karini Butiik","description":"Elegantne ja mugav midikleit sobib suurep\u00e4raselt igaks s\u00fcndmuseks. Lisage v\u00f6\u00f6, et r\u00f5hutada oma siluetti. Osta kohe!","robots":{"index":"index","follow":"follow","max-snippet":"max-snippet:-1","max-image-preview":"max-image-preview:large","max-video-preview":"max-video-preview:-1"},"canonical":"https:\/\/www.karinibutiik.ee\/lv\/produkts\/vabalt-langev-kleit\/","og_locale":"lv_LV","og_type":"article","og_title":"VABALT LANGEV KLEIT - Karini Butiik","og_description":"Elegantne ja mugav midikleit sobib suurep\u00e4raselt igaks s\u00fcndmuseks. Lisage v\u00f6\u00f6, et r\u00f5hutada oma siluetti. Osta kohe!","og_url":"https:\/\/www.karinibutiik.ee\/lv\/produkts\/vabalt-langev-kleit\/","og_site_name":"Karini Butiik","article_publisher":"https:\/\/www.facebook.com\/karinibutiik.ee","article_modified_time":"2025-11-07T13:12:39+00:00","og_image":[{"width":1200,"height":1500,"url":"https:\/\/www.karinibutiik.ee\/wp-content\/uploads\/2024\/07\/IMG_7319.jpeg","type":"image\/jpeg"}],"twitter_card":"summary_large_image","twitter_misc":{"Availability":"In stock"},"schema":{"@context":"https:\/\/schema.org","@graph":[{"@type":"WebPage","@id":"https:\/\/www.karinibutiik.ee\/toode\/vabalt-langev-kleit\/","url":"https:\/\/www.karinibutiik.ee\/toode\/vabalt-langev-kleit\/","name":"VABALT LANGEV KLEIT - Karini Butiik","isPartOf":{"@id":"https:\/\/www.karinibutiik.ee\/#website"},"primaryImageOfPage":{"@id":"https:\/\/www.karinibutiik.ee\/toode\/vabalt-langev-kleit\/#primaryimage"},"image":{"@id":"https:\/\/www.karinibutiik.ee\/toode\/vabalt-langev-kleit\/#primaryimage"},"thumbnailUrl":"https:\/\/www.karinibutiik.ee\/wp-content\/uploads\/2024\/07\/IMG_7319.jpeg","datePublished":"2024-07-08T14:20:05+00:00","dateModified":"2025-11-07T13:12:39+00:00","description":"Elegantne ja mugav midikleit sobib suurep\u00e4raselt igaks s\u00fcndmuseks. Lisage v\u00f6\u00f6, et r\u00f5hutada oma siluetti. Osta kohe!","breadcrumb":{"@id":"https:\/\/www.karinibutiik.ee\/toode\/vabalt-langev-kleit\/#breadcrumb"},"inLanguage":"lv-LV","potentialAction":[{"@type":"ReadAction","target":["https:\/\/www.karinibutiik.ee\/toode\/vabalt-langev-kleit\/"]}]},{"@type":"ImageObject","inLanguage":"lv-LV","@id":"https:\/\/www.karinibutiik.ee\/toode\/vabalt-langev-kleit\/#primaryimage","url":"https:\/\/www.karinibutiik.ee\/wp-content\/uploads\/2024\/07\/IMG_7319.jpeg","contentUrl":"https:\/\/www.karinibutiik.ee\/wp-content\/uploads\/2024\/07\/IMG_7319.jpeg","width":1200,"height":1500},{"@type":"BreadcrumbList","@id":"https:\/\/www.karinibutiik.ee\/toode\/vabalt-langev-kleit\/#breadcrumb","itemListElement":[{"@type":"ListItem","position":1,"name":"Home","item":"https:\/\/www.karinibutiik.ee\/"},{"@type":"ListItem","position":2,"name":"Pood","item":"https:\/\/www.karinibutiik.ee\/pood\/"},{"@type":"ListItem","position":3,"name":"VABALT LANGEV KLEIT"}]},{"@type":"WebSite","@id":"https:\/\/www.karinibutiik.ee\/#website","url":"https:\/\/www.karinibutiik.ee\/","name":"Karini Butiik","description":"","publisher":{"@id":"https:\/\/www.karinibutiik.ee\/#organization"},"potentialAction":[{"@type":"SearchAction","target":{"@type":"EntryPoint","urlTemplate":"https:\/\/www.karinibutiik.ee\/?s={search_term_string}"},"query-input":{"@type":"PropertyValueSpecification","valueRequired":true,"valueName":"search_term_string"}}],"inLanguage":"lv-LV"},{"@type":"Organization","@id":"https:\/\/www.karinibutiik.ee\/#organization","name":"Karini Butiik","url":"https:\/\/www.karinibutiik.ee\/","logo":{"@type":"ImageObject","inLanguage":"lv-LV","@id":"https:\/\/www.karinibutiik.ee\/#\/schema\/logo\/image\/","url":"https:\/\/www.karinibutiik.ee\/wp-content\/uploads\/2024\/10\/Kuj.-K-koopia.png","contentUrl":"https:\/\/www.karinibutiik.ee\/wp-content\/uploads\/2024\/10\/Kuj.-K-koopia.png","width":500,"height":500,"caption":"Karini Butiik"},"image":{"@id":"https:\/\/www.karinibutiik.ee\/#\/schema\/logo\/image\/"},"sameAs":["https:\/\/www.facebook.com\/karinibutiik.ee","https:\/\/www.instagram.com\/karinibutiik"]}]},"og_availability":"instock","product_availability":"instock","product_retailer_item_id":"1787","product_condition":"new"},"_links":{"self":[{"href":"https:\/\/www.karinibutiik.ee\/lv\/wp-json\/wp\/v2\/product\/16712","targetHints":{"allow":["GET"]}}],"collection":[{"href":"https:\/\/www.karinibutiik.ee\/lv\/wp-json\/wp\/v2\/product"}],"about":[{"href":"https:\/\/www.karinibutiik.ee\/lv\/wp-json\/wp\/v2\/types\/product"}],"version-history":[{"count":1,"href":"https:\/\/www.karinibutiik.ee\/lv\/wp-json\/wp\/v2\/product\/16712\/revisions"}],"predecessor-version":[{"id":16733,"href":"https:\/\/www.karinibutiik.ee\/lv\/wp-json\/wp\/v2\/product\/16712\/revisions\/16733"}],"wp:featuredmedia":[{"embeddable":true,"href":"https:\/\/www.karinibutiik.ee\/lv\/wp-json\/wp\/v2\/media\/16725"}],"wp:attachment":[{"href":"https:\/\/www.karinibutiik.ee\/lv\/wp-json\/wp\/v2\/media?parent=16712"}],"wp:term":[{"taxonomy":"product_brand","embeddable":true,"href":"https:\/\/www.karinibutiik.ee\/lv\/wp-json\/wp\/v2\/product_brand?post=16712"},{"taxonomy":"product_cat","embeddable":true,"href":"https:\/\/www.karinibutiik.ee\/lv\/wp-json\/wp\/v2\/product_cat?post=16712"},{"taxonomy":"product_tag","embeddable":true,"href":"https:\/\/www.karinibutiik.ee\/lv\/wp-json\/wp\/v2\/product_tag?post=16712"}],"curies":[{"name":"wp","href":"https:\/\/api.w.org\/{rel}","templated":true}]}}