{"id":16990,"date":"2024-07-11T10:22:29","date_gmt":"2024-07-11T10:22:29","guid":{"rendered":"https:\/\/www.karinibutiik.ee\/?post_type=product&#038;p=16990"},"modified":"2026-03-14T15:19:08","modified_gmt":"2026-03-14T13:19:08","slug":"pitsiline-holmikkleit-pikkade-varrukatega","status":"publish","type":"product","link":"https:\/\/www.karinibutiik.ee\/lv\/produkts\/pitsiline-holmikkleit-pikkade-varrukatega\/","title":{"rendered":"Me\u017e\u0123\u012b\u0146u ginkgo kleita ar gar\u0101m piedurkn\u0113m"},"content":{"rendered":"<p>Elegantne pitsiline h\u00f5lmikkleit pikkade varrukatega, mis lisab sinu garderoobi romantilisust ja naiselikkust. Kauni pitsi ja pehme kangaga valmistatud kleit on ideaalne valik nii pidulikeks \u00fcritusteks kui ka igap\u00e4evaseks kandmiseks, pakkudes mugavust ja stiili igas olukorras. Loo oma unustamatu v\u00e4limus selle v\u00f5rratu kleidiga!<\/p>","protected":false},"excerpt":{"rendered":"<p>Elegantne pitsiline h\u00f5lmikkleit pikkade varrukatega, mis lisab sinu garderoobi romantilisust ja naiselikkust. Kauni pitsi ja pehme kangaga valmistatud kleit on [&hellip;]<\/p>\n","protected":false},"featured_media":16992,"template":"","meta":{"site-sidebar-layout":"default","site-content-layout":"","ast-site-content-layout":"default","site-content-style":"default","site-sidebar-style":"default","ast-global-header-display":"","ast-banner-title-visibility":"","ast-main-header-display":"","ast-hfb-above-header-display":"","ast-hfb-below-header-display":"","ast-hfb-mobile-header-display":"","site-post-title":"","ast-breadcrumbs-content":"","ast-featured-img":"","footer-sml-layout":"","ast-disable-related-posts":"","theme-transparent-header-meta":"default","adv-header-id-meta":"","stick-header-meta":"default","header-above-stick-meta":"","header-main-stick-meta":"","header-below-stick-meta":"","astra-migrate-meta-layouts":"set","ast-page-background-enabled":"default","ast-page-background-meta":{"desktop":{"background-color":"var(--ast-global-color-4)","background-image":"","background-repeat":"repeat","background-position":"center center","background-size":"auto","background-attachment":"scroll","background-type":"","background-media":"","overlay-type":"","overlay-color":"","overlay-opacity":"","overlay-gradient":""},"tablet":{"background-color":"","background-image":"","background-repeat":"repeat","background-position":"center center","background-size":"auto","background-attachment":"scroll","background-type":"","background-media":"","overlay-type":"","overlay-color":"","overlay-opacity":"","overlay-gradient":""},"mobile":{"background-color":"","background-image":"","background-repeat":"repeat","background-position":"center center","background-size":"auto","background-attachment":"scroll","background-type":"","background-media":"","overlay-type":"","overlay-color":"","overlay-opacity":"","overlay-gradient":""}},"ast-content-background-meta":{"desktop":{"background-color":"var(--ast-global-color-5)","background-image":"","background-repeat":"repeat","background-position":"center center","background-size":"auto","background-attachment":"scroll","background-type":"","background-media":"","overlay-type":"","overlay-color":"","overlay-opacity":"","overlay-gradient":""},"tablet":{"background-color":"var(--ast-global-color-5)","background-image":"","background-repeat":"repeat","background-position":"center center","background-size":"auto","background-attachment":"scroll","background-type":"","background-media":"","overlay-type":"","overlay-color":"","overlay-opacity":"","overlay-gradient":""},"mobile":{"background-color":"var(--ast-global-color-5)","background-image":"","background-repeat":"repeat","background-position":"center center","background-size":"auto","background-attachment":"scroll","background-type":"","background-media":"","overlay-type":"","overlay-color":"","overlay-opacity":"","overlay-gradient":""}}},"product_brand":[],"product_cat":[367,347,364,346],"product_tag":[475,476,499,501,477,485,91,90,661,455],"class_list":{"0":"post-16990","1":"product","2":"type-product","3":"status-publish","4":"has-post-thumbnail","6":"product_cat-allahindlus","7":"product_cat-kleidid","8":"product_cat-minikleidid","9":"product_cat-naised","10":"product_tag-dresshouse","11":"product_tag-getdressed","12":"product_tag-holmikkleit","13":"product_tag-karini-butiik","14":"product_tag-kleidibutiik","15":"product_tag-kleidipood","16":"product_tag-koolilopukleit","17":"product_tag-lopukleit","18":"product_tag-pitskleit","19":"product_tag-varrukaga-kleit","20":"desktop-align-center","21":"tablet-align-center","22":"mobile-align-center","23":"ast-product-gallery-layout-horizontal-slider","24":"ast-product-single-variable","25":"ast-product-tabs-layout-horizontal","27":"first","28":"outofstock","29":"sale","30":"taxable","31":"shipping-taxable","32":"product-type-variable"},"supplier_id":null,"supplier_sku":"","barcode":null,"atum_controlled":true,"out_stock_date":null,"out_stock_threshold":null,"inheritable":true,"inbound_stock":0,"stock_on_hold":0,"sold_today":0,"sales_last_days":0,"reserved_stock":0,"customer_returns":0,"warehouse_damage":0,"lost_in_post":0,"other_logs":0,"out_stock_days":0,"lost_sales":0,"has_location":false,"update_date":"2025-12-03T01:20:31","atum_locations":[],"atum_stock_status":"instock","restock_status":false,"low_stock_amount":"","sales_update_date":"2025-12-03T01:20:31","calc_backorders":null,"yoast_head":"<!-- This site is optimized with the Yoast SEO plugin v26.9 - https:\/\/yoast.com\/product\/yoast-seo-wordpress\/ -->\n<title>Pitsiline h\u00f5lmikkleit pikkade varrukatega - Karini Butiik<\/title>\n<meta name=\"description\" content=\"Saavuta romantiline ja naiselik v\u00e4limus selle elegantse pitsilise h\u00f5lmikkleidiga. Ideaalne valik pidulikeks s\u00fcndmusteks ja igap\u00e4evaseks stiiliks. \ud83d\udc57\" \/>\n<meta name=\"robots\" content=\"index, follow, max-snippet:-1, max-image-preview:large, max-video-preview:-1\" \/>\n<link rel=\"canonical\" href=\"https:\/\/www.karinibutiik.ee\/lv\/produkts\/pitsiline-holmikkleit-pikkade-varrukatega\/\" \/>\n<meta property=\"og:locale\" content=\"lv_LV\" \/>\n<meta property=\"og:type\" content=\"article\" \/>\n<meta property=\"og:title\" content=\"Pitsiline h\u00f5lmikkleit pikkade varrukatega - Karini Butiik\" \/>\n<meta property=\"og:description\" content=\"Saavuta romantiline ja naiselik v\u00e4limus selle elegantse pitsilise h\u00f5lmikkleidiga. Ideaalne valik pidulikeks s\u00fcndmusteks ja igap\u00e4evaseks stiiliks. \ud83d\udc57\" \/>\n<meta property=\"og:url\" content=\"https:\/\/www.karinibutiik.ee\/lv\/produkts\/pitsiline-holmikkleit-pikkade-varrukatega\/\" \/>\n<meta property=\"og:site_name\" content=\"Karini Butiik\" \/>\n<meta property=\"article:publisher\" content=\"https:\/\/www.facebook.com\/karinibutiik.ee\" \/>\n<meta property=\"article:modified_time\" content=\"2026-03-14T13:19:08+00:00\" \/>\n<meta property=\"og:image\" content=\"https:\/\/www.karinibutiik.ee\/wp-content\/uploads\/2024\/07\/IMG_1749.jpeg\" \/>\n\t<meta property=\"og:image:width\" content=\"1200\" \/>\n\t<meta property=\"og:image:height\" content=\"1500\" \/>\n\t<meta property=\"og:image:type\" content=\"image\/jpeg\" \/>\n<meta name=\"twitter:card\" content=\"summary_large_image\" \/>\n<meta name=\"twitter:label1\" content=\"Availability\" \/>\n\t<meta name=\"twitter:data1\" content=\"Out of stock\" \/>\n<script type=\"application\/ld+json\" class=\"yoast-schema-graph\">{\"@context\":\"https:\/\/schema.org\",\"@graph\":[{\"@type\":\"WebPage\",\"@id\":\"https:\/\/www.karinibutiik.ee\/toode\/pitsiline-holmikkleit-pikkade-varrukatega\/\",\"url\":\"https:\/\/www.karinibutiik.ee\/toode\/pitsiline-holmikkleit-pikkade-varrukatega\/\",\"name\":\"Pitsiline h\u00f5lmikkleit pikkade varrukatega - Karini Butiik\",\"isPartOf\":{\"@id\":\"https:\/\/www.karinibutiik.ee\/#website\"},\"primaryImageOfPage\":{\"@id\":\"https:\/\/www.karinibutiik.ee\/toode\/pitsiline-holmikkleit-pikkade-varrukatega\/#primaryimage\"},\"image\":{\"@id\":\"https:\/\/www.karinibutiik.ee\/toode\/pitsiline-holmikkleit-pikkade-varrukatega\/#primaryimage\"},\"thumbnailUrl\":\"https:\/\/www.karinibutiik.ee\/wp-content\/uploads\/2024\/07\/IMG_1749.jpeg\",\"datePublished\":\"2024-07-11T10:22:29+00:00\",\"dateModified\":\"2026-03-14T13:19:08+00:00\",\"description\":\"Saavuta romantiline ja naiselik v\u00e4limus selle elegantse pitsilise h\u00f5lmikkleidiga. Ideaalne valik pidulikeks s\u00fcndmusteks ja igap\u00e4evaseks stiiliks. \ud83d\udc57\",\"breadcrumb\":{\"@id\":\"https:\/\/www.karinibutiik.ee\/toode\/pitsiline-holmikkleit-pikkade-varrukatega\/#breadcrumb\"},\"inLanguage\":\"lv-LV\",\"potentialAction\":[{\"@type\":\"ReadAction\",\"target\":[\"https:\/\/www.karinibutiik.ee\/toode\/pitsiline-holmikkleit-pikkade-varrukatega\/\"]}]},{\"@type\":\"ImageObject\",\"inLanguage\":\"lv-LV\",\"@id\":\"https:\/\/www.karinibutiik.ee\/toode\/pitsiline-holmikkleit-pikkade-varrukatega\/#primaryimage\",\"url\":\"https:\/\/www.karinibutiik.ee\/wp-content\/uploads\/2024\/07\/IMG_1749.jpeg\",\"contentUrl\":\"https:\/\/www.karinibutiik.ee\/wp-content\/uploads\/2024\/07\/IMG_1749.jpeg\",\"width\":1200,\"height\":1500},{\"@type\":\"BreadcrumbList\",\"@id\":\"https:\/\/www.karinibutiik.ee\/toode\/pitsiline-holmikkleit-pikkade-varrukatega\/#breadcrumb\",\"itemListElement\":[{\"@type\":\"ListItem\",\"position\":1,\"name\":\"Home\",\"item\":\"https:\/\/www.karinibutiik.ee\/\"},{\"@type\":\"ListItem\",\"position\":2,\"name\":\"Pood\",\"item\":\"https:\/\/www.karinibutiik.ee\/pood\/\"},{\"@type\":\"ListItem\",\"position\":3,\"name\":\"Pitsiline h\u00f5lmikkleit pikkade varrukatega\"}]},{\"@type\":\"WebSite\",\"@id\":\"https:\/\/www.karinibutiik.ee\/#website\",\"url\":\"https:\/\/www.karinibutiik.ee\/\",\"name\":\"Karini Butiik\",\"description\":\"\",\"publisher\":{\"@id\":\"https:\/\/www.karinibutiik.ee\/#organization\"},\"potentialAction\":[{\"@type\":\"SearchAction\",\"target\":{\"@type\":\"EntryPoint\",\"urlTemplate\":\"https:\/\/www.karinibutiik.ee\/?s={search_term_string}\"},\"query-input\":{\"@type\":\"PropertyValueSpecification\",\"valueRequired\":true,\"valueName\":\"search_term_string\"}}],\"inLanguage\":\"lv-LV\"},{\"@type\":\"Organization\",\"@id\":\"https:\/\/www.karinibutiik.ee\/#organization\",\"name\":\"Karini Butiik\",\"url\":\"https:\/\/www.karinibutiik.ee\/\",\"logo\":{\"@type\":\"ImageObject\",\"inLanguage\":\"lv-LV\",\"@id\":\"https:\/\/www.karinibutiik.ee\/#\/schema\/logo\/image\/\",\"url\":\"https:\/\/www.karinibutiik.ee\/wp-content\/uploads\/2024\/10\/Kuj.-K-koopia.png\",\"contentUrl\":\"https:\/\/www.karinibutiik.ee\/wp-content\/uploads\/2024\/10\/Kuj.-K-koopia.png\",\"width\":500,\"height\":500,\"caption\":\"Karini Butiik\"},\"image\":{\"@id\":\"https:\/\/www.karinibutiik.ee\/#\/schema\/logo\/image\/\"},\"sameAs\":[\"https:\/\/www.facebook.com\/karinibutiik.ee\",\"https:\/\/www.instagram.com\/karinibutiik\"]}]}<\/script>\n<meta property=\"og:availability\" content=\"out of stock\" \/>\n<meta property=\"product:availability\" content=\"out of stock\" \/>\n<meta property=\"product:retailer_item_id\" content=\"20173\" \/>\n<meta property=\"product:condition\" content=\"new\" \/>\n<!-- \/ Yoast SEO plugin. -->","yoast_head_json":{"title":"Pitsiline h\u00f5lmikkleit pikkade varrukatega - Karini Butiik","description":"Saavuta romantiline ja naiselik v\u00e4limus selle elegantse pitsilise h\u00f5lmikkleidiga. Ideaalne valik pidulikeks s\u00fcndmusteks ja igap\u00e4evaseks stiiliks. \ud83d\udc57","robots":{"index":"index","follow":"follow","max-snippet":"max-snippet:-1","max-image-preview":"max-image-preview:large","max-video-preview":"max-video-preview:-1"},"canonical":"https:\/\/www.karinibutiik.ee\/lv\/produkts\/pitsiline-holmikkleit-pikkade-varrukatega\/","og_locale":"lv_LV","og_type":"article","og_title":"Pitsiline h\u00f5lmikkleit pikkade varrukatega - Karini Butiik","og_description":"Saavuta romantiline ja naiselik v\u00e4limus selle elegantse pitsilise h\u00f5lmikkleidiga. Ideaalne valik pidulikeks s\u00fcndmusteks ja igap\u00e4evaseks stiiliks. \ud83d\udc57","og_url":"https:\/\/www.karinibutiik.ee\/lv\/produkts\/pitsiline-holmikkleit-pikkade-varrukatega\/","og_site_name":"Karini Butiik","article_publisher":"https:\/\/www.facebook.com\/karinibutiik.ee","article_modified_time":"2026-03-14T13:19:08+00:00","og_image":[{"width":1200,"height":1500,"url":"https:\/\/www.karinibutiik.ee\/wp-content\/uploads\/2024\/07\/IMG_1749.jpeg","type":"image\/jpeg"}],"twitter_card":"summary_large_image","twitter_misc":{"Availability":"Out of stock"},"schema":{"@context":"https:\/\/schema.org","@graph":[{"@type":"WebPage","@id":"https:\/\/www.karinibutiik.ee\/toode\/pitsiline-holmikkleit-pikkade-varrukatega\/","url":"https:\/\/www.karinibutiik.ee\/toode\/pitsiline-holmikkleit-pikkade-varrukatega\/","name":"Pitsiline h\u00f5lmikkleit pikkade varrukatega - Karini Butiik","isPartOf":{"@id":"https:\/\/www.karinibutiik.ee\/#website"},"primaryImageOfPage":{"@id":"https:\/\/www.karinibutiik.ee\/toode\/pitsiline-holmikkleit-pikkade-varrukatega\/#primaryimage"},"image":{"@id":"https:\/\/www.karinibutiik.ee\/toode\/pitsiline-holmikkleit-pikkade-varrukatega\/#primaryimage"},"thumbnailUrl":"https:\/\/www.karinibutiik.ee\/wp-content\/uploads\/2024\/07\/IMG_1749.jpeg","datePublished":"2024-07-11T10:22:29+00:00","dateModified":"2026-03-14T13:19:08+00:00","description":"Saavuta romantiline ja naiselik v\u00e4limus selle elegantse pitsilise h\u00f5lmikkleidiga. Ideaalne valik pidulikeks s\u00fcndmusteks ja igap\u00e4evaseks stiiliks. \ud83d\udc57","breadcrumb":{"@id":"https:\/\/www.karinibutiik.ee\/toode\/pitsiline-holmikkleit-pikkade-varrukatega\/#breadcrumb"},"inLanguage":"lv-LV","potentialAction":[{"@type":"ReadAction","target":["https:\/\/www.karinibutiik.ee\/toode\/pitsiline-holmikkleit-pikkade-varrukatega\/"]}]},{"@type":"ImageObject","inLanguage":"lv-LV","@id":"https:\/\/www.karinibutiik.ee\/toode\/pitsiline-holmikkleit-pikkade-varrukatega\/#primaryimage","url":"https:\/\/www.karinibutiik.ee\/wp-content\/uploads\/2024\/07\/IMG_1749.jpeg","contentUrl":"https:\/\/www.karinibutiik.ee\/wp-content\/uploads\/2024\/07\/IMG_1749.jpeg","width":1200,"height":1500},{"@type":"BreadcrumbList","@id":"https:\/\/www.karinibutiik.ee\/toode\/pitsiline-holmikkleit-pikkade-varrukatega\/#breadcrumb","itemListElement":[{"@type":"ListItem","position":1,"name":"Home","item":"https:\/\/www.karinibutiik.ee\/"},{"@type":"ListItem","position":2,"name":"Pood","item":"https:\/\/www.karinibutiik.ee\/pood\/"},{"@type":"ListItem","position":3,"name":"Pitsiline h\u00f5lmikkleit pikkade varrukatega"}]},{"@type":"WebSite","@id":"https:\/\/www.karinibutiik.ee\/#website","url":"https:\/\/www.karinibutiik.ee\/","name":"Karini Butiik","description":"","publisher":{"@id":"https:\/\/www.karinibutiik.ee\/#organization"},"potentialAction":[{"@type":"SearchAction","target":{"@type":"EntryPoint","urlTemplate":"https:\/\/www.karinibutiik.ee\/?s={search_term_string}"},"query-input":{"@type":"PropertyValueSpecification","valueRequired":true,"valueName":"search_term_string"}}],"inLanguage":"lv-LV"},{"@type":"Organization","@id":"https:\/\/www.karinibutiik.ee\/#organization","name":"Karini Butiik","url":"https:\/\/www.karinibutiik.ee\/","logo":{"@type":"ImageObject","inLanguage":"lv-LV","@id":"https:\/\/www.karinibutiik.ee\/#\/schema\/logo\/image\/","url":"https:\/\/www.karinibutiik.ee\/wp-content\/uploads\/2024\/10\/Kuj.-K-koopia.png","contentUrl":"https:\/\/www.karinibutiik.ee\/wp-content\/uploads\/2024\/10\/Kuj.-K-koopia.png","width":500,"height":500,"caption":"Karini Butiik"},"image":{"@id":"https:\/\/www.karinibutiik.ee\/#\/schema\/logo\/image\/"},"sameAs":["https:\/\/www.facebook.com\/karinibutiik.ee","https:\/\/www.instagram.com\/karinibutiik"]}]},"og_availability":"out of stock","product_availability":"out of stock","product_retailer_item_id":"20173","product_condition":"new"},"_links":{"self":[{"href":"https:\/\/www.karinibutiik.ee\/lv\/wp-json\/wp\/v2\/product\/16990","targetHints":{"allow":["GET"]}}],"collection":[{"href":"https:\/\/www.karinibutiik.ee\/lv\/wp-json\/wp\/v2\/product"}],"about":[{"href":"https:\/\/www.karinibutiik.ee\/lv\/wp-json\/wp\/v2\/types\/product"}],"version-history":[{"count":1,"href":"https:\/\/www.karinibutiik.ee\/lv\/wp-json\/wp\/v2\/product\/16990\/revisions"}],"predecessor-version":[{"id":17005,"href":"https:\/\/www.karinibutiik.ee\/lv\/wp-json\/wp\/v2\/product\/16990\/revisions\/17005"}],"wp:featuredmedia":[{"embeddable":true,"href":"https:\/\/www.karinibutiik.ee\/lv\/wp-json\/wp\/v2\/media\/16992"}],"wp:attachment":[{"href":"https:\/\/www.karinibutiik.ee\/lv\/wp-json\/wp\/v2\/media?parent=16990"}],"wp:term":[{"taxonomy":"product_brand","embeddable":true,"href":"https:\/\/www.karinibutiik.ee\/lv\/wp-json\/wp\/v2\/product_brand?post=16990"},{"taxonomy":"product_cat","embeddable":true,"href":"https:\/\/www.karinibutiik.ee\/lv\/wp-json\/wp\/v2\/product_cat?post=16990"},{"taxonomy":"product_tag","embeddable":true,"href":"https:\/\/www.karinibutiik.ee\/lv\/wp-json\/wp\/v2\/product_tag?post=16990"}],"curies":[{"name":"wp","href":"https:\/\/api.w.org\/{rel}","templated":true}]}}