{"id":17231,"date":"2025-07-12T09:18:11","date_gmt":"2025-07-12T06:18:11","guid":{"rendered":"https:\/\/www.karinibutiik.ee\/?post_type=product&#038;p=17231"},"modified":"2026-04-11T14:44:45","modified_gmt":"2026-04-11T11:44:45","slug":"plecu-siksninas-bluze-ar-regulejamam-siksninam","status":"publish","type":"product","link":"https:\/\/www.karinibutiik.ee\/lv\/produkts\/plecu-siksninas-bluze-ar-regulejamam-siksninam\/","title":{"rendered":"Bl\u016bze ar regul\u0113jam\u0101m plecu lenc\u0113m"},"content":{"rendered":"<div class=\"html-div xe8uvvx xdj266r x11i5rnm xat24cr x1mh8g0r xexx8yu xkhd6sd x1eb86dx x78zum5 x1c4vz4f x2lah0s x9q6w0x xd5rl1\">\n<div class=\"html-div xe8uvvx xdj266r x11i5rnm xat24cr x1mh8g0r xexx8yu x4uap5 x18d9i69 xkhd6sd x78zum5 xpvyfi4\">\n<div class=\"html-div xe8uvvx xdj266r x11i5rnm xat24cr x1mh8g0r xexx8yu x18d9i69 x1h91t0o xkh2ocl x78zum5 xdt5ytf x13a6bvl x193iq5w x1c4vz4f x1eb86dx x1sxyh0 x1nvil2r\" role=\"presentation\">\n<div class=\"xgd8bvy\">\n<div class=\"xuk3077 x78zum5 x2lah0s x1fgtraw x193iq5w xgd8bvy\" aria-hidden=\"true\"><\/div>\n<\/div>\n<\/div>\n<\/div>\n<\/div>\n<div class=\"html-div xe8uvvx xdj266r x11i5rnm xat24cr x1mh8g0r xexx8yu x4uap5 x18d9i69 xkhd6sd xeuugli x1vjfegm\">\n<div class=\"html-div xe8uvvx xdj266r x11i5rnm xat24cr x1mh8g0r xexx8yu x4uap5 x18d9i69 xkhd6sd x78zum5 xh8yej3\" role=\"presentation\">\n<div class=\"x1cy8zhl x78zum5 xdt5ytf x193iq5w x1n2onr6 x1kxipp6\">\n<div class=\"x78zum5 xh8yej3\" role=\"none\">\n<div class=\"html-div xe8uvvx xdj266r x11i5rnm xat24cr x1mh8g0r xexx8yu x4uap5 x18d9i69 xkhd6sd x6ikm8r x10wlt62\">\n<div class=\"html-div xe8uvvx xdj266r x11i5rnm xat24cr x1mh8g0r x14ctfv x1okitfd x1k4qllp x6ikm8r x10wlt62 xerhiuh x1pn3fxy x12xxe5f x1szedp3 x1n2onr6 x1vjfegm x1mzt3pk x13faqbe x1xr0vuk x1jm4cbz x1lmq8lz xrrpcnn x1xtl47e x13fuv20 xu3j5b3 x1q0q8m5 x26u7qi x19livfd x2t687o x3p3xfz x5od304 xp5s12f x11ucwad xgtuqic x155c047\" role=\"presentation\">\n<div class=\"html-div xe8uvvx xexx8yu x4uap5 x18d9i69 xkhd6sd x1gslohp x11i5rnm x12nagc x1mh8g0r x1yc453h x126k92a x18lvrbx\" dir=\"auto\">\u00a0Atkl\u0101jiet jaunu favor\u012btu savai stil\u012bgajai garderobei - elegantu bl\u016bzi ar plecu siksni\u0146\u0101m, regul\u0113jam\u0101m plecu lenc\u0113m un kr\u012bto\u0161u apkakli. \u0160\u012b bl\u016bze ir lieliska izv\u0113le ikdienas valk\u0101\u0161anai. M\u012bkstais un pl\u016bsto\u0161ais siksni\u0146u bl\u016bzes audums nodro\u0161ina \u0113rtu piegul\u0113\u0161anu, kas skaisti kr\u012bt uz \u0137erme\u0146a. Atlaid\u012bg\u0101 apkakle pie\u0161\u0137ir bl\u016bzei unik\u0101lu un sievi\u0161\u0137\u012bgu \u0161armu, veidojot smalku un stil\u012bgu dekolt\u0113, kas piem\u0113rots vis\u0101m \u0137erme\u0146a form\u0101m. Plakan\u0101s apkakles dizains izce\u013c bl\u016bzes minim\u0101lisma skaistumu, pie\u0161\u0137irot tai vieglu un romantisku noska\u0146u. Regul\u0113jam\u0101s plecu siksni\u0146as \u013cauj piel\u0101got bl\u016bzes piegul\u0113jumu l\u012bdz piln\u012bbai, pied\u0101v\u0101jot iesp\u0113ju main\u012bt izgriezuma dzi\u013cumu atbilsto\u0161i sav\u0101m v\u0113lm\u0113m. \u0160\u012b praktisk\u0101 deta\u013ca nodro\u0161ina, ka bl\u016bze vienm\u0113r b\u016bs \u0113rta un p\u0101rliecino\u0161a neatkar\u012bgi no situ\u0101cijas. \u0160\u012b daudzpus\u012bg\u0101 bl\u016bze bez plecu izgriezuma ir lielisks papildin\u0101jums jebkurai garderobei, kas labi sader\u0113s ar d\u017einsiem vai sv\u0101rkiem. Neatkar\u012bgi no t\u0101, vai t\u0101 b\u016bs vasaras pastaiga, romantiskas vakari\u0146as vai svin\u012bgs pas\u0101kums, \u0161\u012b bl\u016bze vienm\u0113r pie\u0161\u0137irs j\u016bsu ap\u0123\u0113rbam stilu un eleganci. Papildiniet savu kolekciju ar \u0161o skaisto un praktisko bl\u016bzi ar regul\u0113jam\u0101m plecu lenc\u0113m un kr\u012bto\u0161u apkakli un izbaudiet perfektu stila un komforta kombin\u0101ciju ik uz so\u013ca!<\/div>\n<\/div>\n<\/div>\n<\/div>\n<\/div>\n<\/div>\n<\/div>","protected":false},"excerpt":{"rendered":"<p>\u00a0Avasta oma stiilse garderoobi uus lemmik &#8211; elegantne \u00f5lapaeltega pluus, reguleeritavate \u00f5lapaelte ja kukkuva kraega. See pluus on ideaalne valik [&hellip;]<\/p>\n","protected":false},"featured_media":17303,"template":"","meta":{"site-sidebar-layout":"default","site-content-layout":"","ast-site-content-layout":"default","site-content-style":"default","site-sidebar-style":"default","ast-global-header-display":"","ast-banner-title-visibility":"","ast-main-header-display":"","ast-hfb-above-header-display":"","ast-hfb-below-header-display":"","ast-hfb-mobile-header-display":"","site-post-title":"","ast-breadcrumbs-content":"","ast-featured-img":"","footer-sml-layout":"","ast-disable-related-posts":"","theme-transparent-header-meta":"default","adv-header-id-meta":"","stick-header-meta":"default","header-above-stick-meta":"","header-main-stick-meta":"","header-below-stick-meta":"","astra-migrate-meta-layouts":"set","ast-page-background-enabled":"default","ast-page-background-meta":{"desktop":{"background-color":"var(--ast-global-color-4)","background-image":"","background-repeat":"repeat","background-position":"center center","background-size":"auto","background-attachment":"scroll","background-type":"","background-media":"","overlay-type":"","overlay-color":"","overlay-opacity":"","overlay-gradient":""},"tablet":{"background-color":"","background-image":"","background-repeat":"repeat","background-position":"center center","background-size":"auto","background-attachment":"scroll","background-type":"","background-media":"","overlay-type":"","overlay-color":"","overlay-opacity":"","overlay-gradient":""},"mobile":{"background-color":"","background-image":"","background-repeat":"repeat","background-position":"center center","background-size":"auto","background-attachment":"scroll","background-type":"","background-media":"","overlay-type":"","overlay-color":"","overlay-opacity":"","overlay-gradient":""}},"ast-content-background-meta":{"desktop":{"background-color":"var(--ast-global-color-5)","background-image":"","background-repeat":"repeat","background-position":"center center","background-size":"auto","background-attachment":"scroll","background-type":"","background-media":"","overlay-type":"","overlay-color":"","overlay-opacity":"","overlay-gradient":""},"tablet":{"background-color":"var(--ast-global-color-5)","background-image":"","background-repeat":"repeat","background-position":"center center","background-size":"auto","background-attachment":"scroll","background-type":"","background-media":"","overlay-type":"","overlay-color":"","overlay-opacity":"","overlay-gradient":""},"mobile":{"background-color":"var(--ast-global-color-5)","background-image":"","background-repeat":"repeat","background-position":"center center","background-size":"auto","background-attachment":"scroll","background-type":"","background-media":"","overlay-type":"","overlay-color":"","overlay-opacity":"","overlay-gradient":""}}},"product_brand":[],"product_cat":[346,352,353],"product_tag":[475,248,476,501,477,270,485,493,272,684,587,97,685,686],"class_list":{"0":"post-17231","1":"product","2":"type-product","3":"status-publish","4":"has-post-thumbnail","6":"product_cat-naised","7":"product_cat-pluusid-bodid","8":"product_cat-pluusid","9":"product_tag-dresshouse","10":"product_tag-elegants","11":"product_tag-getdressed","12":"product_tag-karini-butiik","13":"product_tag-kleidibutiik","14":"product_tag-kleidid","15":"product_tag-kleidipood","16":"product_tag-kleiditurg","17":"product_tag-must","18":"product_tag-olapaeltega-pluus","19":"product_tag-pluus","20":"product_tag-pluusid","21":"product_tag-stiilne-pluus","22":"product_tag-suvine","23":"desktop-align-center","24":"tablet-align-center","25":"mobile-align-center","26":"ast-product-gallery-layout-horizontal-slider","27":"ast-product-single-variable","28":"ast-product-tabs-layout-horizontal","30":"first","31":"instock","32":"taxable","33":"shipping-taxable","34":"purchasable","35":"product-type-variable"},"supplier_id":null,"supplier_sku":"","barcode":null,"atum_controlled":true,"out_stock_date":null,"out_stock_threshold":null,"inheritable":true,"inbound_stock":0,"stock_on_hold":0,"sold_today":0,"sales_last_days":0,"reserved_stock":0,"customer_returns":0,"warehouse_damage":0,"lost_in_post":0,"other_logs":0,"out_stock_days":0,"lost_sales":0,"has_location":false,"update_date":"2026-03-28T08:40:20","atum_locations":[],"atum_stock_status":"instock","restock_status":false,"low_stock_amount":"","sales_update_date":"2025-12-03T01:42:28","calc_backorders":null,"yoast_head":"<!-- This site is optimized with the Yoast SEO plugin v26.9 - https:\/\/yoast.com\/product\/yoast-seo-wordpress\/ -->\n<title>Reguleeritavate \u00f5lapaeltega pluus - Karini Butiik<\/title>\n<meta name=\"description\" content=\"Saavuta suurep\u00e4rane stiil ja mugavus selle elegantse \u00f5lapaeltega pluusiga. Reguleeri \u00f5lapaelu vastavalt oma eelistustele. Lisage s\u00e4rtsu oma riietusele!\" \/>\n<meta name=\"robots\" content=\"index, follow, max-snippet:-1, max-image-preview:large, max-video-preview:-1\" \/>\n<link rel=\"canonical\" href=\"https:\/\/www.karinibutiik.ee\/lv\/produkts\/plecu-siksninas-bluze-ar-regulejamam-siksninam\/\" \/>\n<meta property=\"og:locale\" content=\"lv_LV\" \/>\n<meta property=\"og:type\" content=\"article\" \/>\n<meta property=\"og:title\" content=\"Reguleeritavate \u00f5lapaeltega pluus - Karini Butiik\" \/>\n<meta property=\"og:description\" content=\"Saavuta suurep\u00e4rane stiil ja mugavus selle elegantse \u00f5lapaeltega pluusiga. Reguleeri \u00f5lapaelu vastavalt oma eelistustele. Lisage s\u00e4rtsu oma riietusele!\" \/>\n<meta property=\"og:url\" content=\"https:\/\/www.karinibutiik.ee\/lv\/produkts\/plecu-siksninas-bluze-ar-regulejamam-siksninam\/\" \/>\n<meta property=\"og:site_name\" content=\"Karini Butiik\" \/>\n<meta property=\"article:publisher\" content=\"https:\/\/www.facebook.com\/karinibutiik.ee\" \/>\n<meta property=\"article:modified_time\" content=\"2026-04-11T11:44:45+00:00\" \/>\n<meta property=\"og:image\" content=\"https:\/\/www.karinibutiik.ee\/wp-content\/uploads\/2024\/07\/240723_Karini_Butiik_Erlend_A-taub215-scaled.jpg\" \/>\n\t<meta property=\"og:image:width\" content=\"2048\" \/>\n\t<meta property=\"og:image:height\" content=\"2560\" \/>\n\t<meta property=\"og:image:type\" content=\"image\/jpeg\" \/>\n<meta name=\"twitter:card\" content=\"summary_large_image\" \/>\n<meta name=\"twitter:label1\" content=\"Availability\" \/>\n\t<meta name=\"twitter:data1\" content=\"In stock\" \/>\n<script type=\"application\/ld+json\" class=\"yoast-schema-graph\">{\"@context\":\"https:\/\/schema.org\",\"@graph\":[{\"@type\":\"WebPage\",\"@id\":\"https:\/\/www.karinibutiik.ee\/toode\/olapaeltega-pluus-reguleeritavate-paeltega\/\",\"url\":\"https:\/\/www.karinibutiik.ee\/toode\/olapaeltega-pluus-reguleeritavate-paeltega\/\",\"name\":\"Reguleeritavate \u00f5lapaeltega pluus - Karini Butiik\",\"isPartOf\":{\"@id\":\"https:\/\/www.karinibutiik.ee\/#website\"},\"primaryImageOfPage\":{\"@id\":\"https:\/\/www.karinibutiik.ee\/toode\/olapaeltega-pluus-reguleeritavate-paeltega\/#primaryimage\"},\"image\":{\"@id\":\"https:\/\/www.karinibutiik.ee\/toode\/olapaeltega-pluus-reguleeritavate-paeltega\/#primaryimage\"},\"thumbnailUrl\":\"https:\/\/www.karinibutiik.ee\/wp-content\/uploads\/2024\/07\/240723_Karini_Butiik_Erlend_A-taub215-scaled.jpg\",\"datePublished\":\"2025-07-12T06:18:11+00:00\",\"dateModified\":\"2026-04-11T11:44:45+00:00\",\"description\":\"Saavuta suurep\u00e4rane stiil ja mugavus selle elegantse \u00f5lapaeltega pluusiga. Reguleeri \u00f5lapaelu vastavalt oma eelistustele. Lisage s\u00e4rtsu oma riietusele!\",\"breadcrumb\":{\"@id\":\"https:\/\/www.karinibutiik.ee\/toode\/olapaeltega-pluus-reguleeritavate-paeltega\/#breadcrumb\"},\"inLanguage\":\"lv-LV\",\"potentialAction\":[{\"@type\":\"ReadAction\",\"target\":[\"https:\/\/www.karinibutiik.ee\/toode\/olapaeltega-pluus-reguleeritavate-paeltega\/\"]}]},{\"@type\":\"ImageObject\",\"inLanguage\":\"lv-LV\",\"@id\":\"https:\/\/www.karinibutiik.ee\/toode\/olapaeltega-pluus-reguleeritavate-paeltega\/#primaryimage\",\"url\":\"https:\/\/www.karinibutiik.ee\/wp-content\/uploads\/2024\/07\/240723_Karini_Butiik_Erlend_A-taub215-scaled.jpg\",\"contentUrl\":\"https:\/\/www.karinibutiik.ee\/wp-content\/uploads\/2024\/07\/240723_Karini_Butiik_Erlend_A-taub215-scaled.jpg\",\"width\":2048,\"height\":2560},{\"@type\":\"BreadcrumbList\",\"@id\":\"https:\/\/www.karinibutiik.ee\/toode\/olapaeltega-pluus-reguleeritavate-paeltega\/#breadcrumb\",\"itemListElement\":[{\"@type\":\"ListItem\",\"position\":1,\"name\":\"Home\",\"item\":\"https:\/\/www.karinibutiik.ee\/\"},{\"@type\":\"ListItem\",\"position\":2,\"name\":\"Pood\",\"item\":\"https:\/\/www.karinibutiik.ee\/pood\/\"},{\"@type\":\"ListItem\",\"position\":3,\"name\":\"Reguleeritavate \u00f5lapaeltega pluus\"}]},{\"@type\":\"WebSite\",\"@id\":\"https:\/\/www.karinibutiik.ee\/#website\",\"url\":\"https:\/\/www.karinibutiik.ee\/\",\"name\":\"Karini Butiik\",\"description\":\"\",\"publisher\":{\"@id\":\"https:\/\/www.karinibutiik.ee\/#organization\"},\"potentialAction\":[{\"@type\":\"SearchAction\",\"target\":{\"@type\":\"EntryPoint\",\"urlTemplate\":\"https:\/\/www.karinibutiik.ee\/?s={search_term_string}\"},\"query-input\":{\"@type\":\"PropertyValueSpecification\",\"valueRequired\":true,\"valueName\":\"search_term_string\"}}],\"inLanguage\":\"lv-LV\"},{\"@type\":\"Organization\",\"@id\":\"https:\/\/www.karinibutiik.ee\/#organization\",\"name\":\"Karini Butiik\",\"url\":\"https:\/\/www.karinibutiik.ee\/\",\"logo\":{\"@type\":\"ImageObject\",\"inLanguage\":\"lv-LV\",\"@id\":\"https:\/\/www.karinibutiik.ee\/#\/schema\/logo\/image\/\",\"url\":\"https:\/\/www.karinibutiik.ee\/wp-content\/uploads\/2024\/10\/Kuj.-K-koopia.png\",\"contentUrl\":\"https:\/\/www.karinibutiik.ee\/wp-content\/uploads\/2024\/10\/Kuj.-K-koopia.png\",\"width\":500,\"height\":500,\"caption\":\"Karini Butiik\"},\"image\":{\"@id\":\"https:\/\/www.karinibutiik.ee\/#\/schema\/logo\/image\/\"},\"sameAs\":[\"https:\/\/www.facebook.com\/karinibutiik.ee\",\"https:\/\/www.instagram.com\/karinibutiik\"]}]}<\/script>\n<meta property=\"og:availability\" content=\"instock\" \/>\n<meta property=\"product:availability\" content=\"instock\" \/>\n<meta property=\"product:retailer_item_id\" content=\"8601\" \/>\n<meta property=\"product:condition\" content=\"new\" \/>\n<!-- \/ Yoast SEO plugin. -->","yoast_head_json":{"title":"Bl\u016bze ar regul\u0113jam\u0101m plecu lenc\u0113m - Karini Butiik","description":"Ieg\u016bstiet lielisku stilu un komfortu ar \u0161o eleganto plecu bl\u016bzi. Piel\u0101gojiet plecu siksni\u0146as atbilsto\u0161i sav\u0101m v\u0113lm\u0113m. Pie\u0161\u0137iriet savam t\u0113rpam izsmalcin\u0101t\u012bbu!","robots":{"index":"index","follow":"follow","max-snippet":"max-snippet:-1","max-image-preview":"max-image-preview:large","max-video-preview":"max-video-preview:-1"},"canonical":"https:\/\/www.karinibutiik.ee\/lv\/produkts\/plecu-siksninas-bluze-ar-regulejamam-siksninam\/","og_locale":"lv_LV","og_type":"article","og_title":"Reguleeritavate \u00f5lapaeltega pluus - Karini Butiik","og_description":"Saavuta suurep\u00e4rane stiil ja mugavus selle elegantse \u00f5lapaeltega pluusiga. Reguleeri \u00f5lapaelu vastavalt oma eelistustele. Lisage s\u00e4rtsu oma riietusele!","og_url":"https:\/\/www.karinibutiik.ee\/lv\/produkts\/plecu-siksninas-bluze-ar-regulejamam-siksninam\/","og_site_name":"Karini Butiik","article_publisher":"https:\/\/www.facebook.com\/karinibutiik.ee","article_modified_time":"2026-04-11T11:44:45+00:00","og_image":[{"width":2048,"height":2560,"url":"https:\/\/www.karinibutiik.ee\/wp-content\/uploads\/2024\/07\/240723_Karini_Butiik_Erlend_A-taub215-scaled.jpg","type":"image\/jpeg"}],"twitter_card":"summary_large_image","twitter_misc":{"Availability":"In stock"},"schema":{"@context":"https:\/\/schema.org","@graph":[{"@type":"WebPage","@id":"https:\/\/www.karinibutiik.ee\/toode\/olapaeltega-pluus-reguleeritavate-paeltega\/","url":"https:\/\/www.karinibutiik.ee\/toode\/olapaeltega-pluus-reguleeritavate-paeltega\/","name":"Bl\u016bze ar regul\u0113jam\u0101m plecu lenc\u0113m - Karini Butiik","isPartOf":{"@id":"https:\/\/www.karinibutiik.ee\/#website"},"primaryImageOfPage":{"@id":"https:\/\/www.karinibutiik.ee\/toode\/olapaeltega-pluus-reguleeritavate-paeltega\/#primaryimage"},"image":{"@id":"https:\/\/www.karinibutiik.ee\/toode\/olapaeltega-pluus-reguleeritavate-paeltega\/#primaryimage"},"thumbnailUrl":"https:\/\/www.karinibutiik.ee\/wp-content\/uploads\/2024\/07\/240723_Karini_Butiik_Erlend_A-taub215-scaled.jpg","datePublished":"2025-07-12T06:18:11+00:00","dateModified":"2026-04-11T11:44:45+00:00","description":"Ieg\u016bstiet lielisku stilu un komfortu ar \u0161o eleganto plecu bl\u016bzi. Piel\u0101gojiet plecu siksni\u0146as atbilsto\u0161i sav\u0101m v\u0113lm\u0113m. Pie\u0161\u0137iriet savam t\u0113rpam izsmalcin\u0101t\u012bbu!","breadcrumb":{"@id":"https:\/\/www.karinibutiik.ee\/toode\/olapaeltega-pluus-reguleeritavate-paeltega\/#breadcrumb"},"inLanguage":"lv-LV","potentialAction":[{"@type":"ReadAction","target":["https:\/\/www.karinibutiik.ee\/toode\/olapaeltega-pluus-reguleeritavate-paeltega\/"]}]},{"@type":"ImageObject","inLanguage":"lv-LV","@id":"https:\/\/www.karinibutiik.ee\/toode\/olapaeltega-pluus-reguleeritavate-paeltega\/#primaryimage","url":"https:\/\/www.karinibutiik.ee\/wp-content\/uploads\/2024\/07\/240723_Karini_Butiik_Erlend_A-taub215-scaled.jpg","contentUrl":"https:\/\/www.karinibutiik.ee\/wp-content\/uploads\/2024\/07\/240723_Karini_Butiik_Erlend_A-taub215-scaled.jpg","width":2048,"height":2560},{"@type":"BreadcrumbList","@id":"https:\/\/www.karinibutiik.ee\/toode\/olapaeltega-pluus-reguleeritavate-paeltega\/#breadcrumb","itemListElement":[{"@type":"ListItem","position":1,"name":"Home","item":"https:\/\/www.karinibutiik.ee\/"},{"@type":"ListItem","position":2,"name":"Pood","item":"https:\/\/www.karinibutiik.ee\/pood\/"},{"@type":"ListItem","position":3,"name":"Reguleeritavate \u00f5lapaeltega pluus"}]},{"@type":"WebSite","@id":"https:\/\/www.karinibutiik.ee\/#website","url":"https:\/\/www.karinibutiik.ee\/","name":"Karini Butiik","description":"","publisher":{"@id":"https:\/\/www.karinibutiik.ee\/#organization"},"potentialAction":[{"@type":"SearchAction","target":{"@type":"EntryPoint","urlTemplate":"https:\/\/www.karinibutiik.ee\/?s={search_term_string}"},"query-input":{"@type":"PropertyValueSpecification","valueRequired":true,"valueName":"search_term_string"}}],"inLanguage":"lv-LV"},{"@type":"Organization","@id":"https:\/\/www.karinibutiik.ee\/#organization","name":"Karini Butiik","url":"https:\/\/www.karinibutiik.ee\/","logo":{"@type":"ImageObject","inLanguage":"lv-LV","@id":"https:\/\/www.karinibutiik.ee\/#\/schema\/logo\/image\/","url":"https:\/\/www.karinibutiik.ee\/wp-content\/uploads\/2024\/10\/Kuj.-K-koopia.png","contentUrl":"https:\/\/www.karinibutiik.ee\/wp-content\/uploads\/2024\/10\/Kuj.-K-koopia.png","width":500,"height":500,"caption":"Karini Butiik"},"image":{"@id":"https:\/\/www.karinibutiik.ee\/#\/schema\/logo\/image\/"},"sameAs":["https:\/\/www.facebook.com\/karinibutiik.ee","https:\/\/www.instagram.com\/karinibutiik"]}]},"og_availability":"instock","product_availability":"instock","product_retailer_item_id":"8601","product_condition":"new"},"_links":{"self":[{"href":"https:\/\/www.karinibutiik.ee\/lv\/wp-json\/wp\/v2\/product\/17231","targetHints":{"allow":["GET"]}}],"collection":[{"href":"https:\/\/www.karinibutiik.ee\/lv\/wp-json\/wp\/v2\/product"}],"about":[{"href":"https:\/\/www.karinibutiik.ee\/lv\/wp-json\/wp\/v2\/types\/product"}],"version-history":[{"count":2,"href":"https:\/\/www.karinibutiik.ee\/lv\/wp-json\/wp\/v2\/product\/17231\/revisions"}],"predecessor-version":[{"id":17329,"href":"https:\/\/www.karinibutiik.ee\/lv\/wp-json\/wp\/v2\/product\/17231\/revisions\/17329"}],"wp:featuredmedia":[{"embeddable":true,"href":"https:\/\/www.karinibutiik.ee\/lv\/wp-json\/wp\/v2\/media\/17303"}],"wp:attachment":[{"href":"https:\/\/www.karinibutiik.ee\/lv\/wp-json\/wp\/v2\/media?parent=17231"}],"wp:term":[{"taxonomy":"product_brand","embeddable":true,"href":"https:\/\/www.karinibutiik.ee\/lv\/wp-json\/wp\/v2\/product_brand?post=17231"},{"taxonomy":"product_cat","embeddable":true,"href":"https:\/\/www.karinibutiik.ee\/lv\/wp-json\/wp\/v2\/product_cat?post=17231"},{"taxonomy":"product_tag","embeddable":true,"href":"https:\/\/www.karinibutiik.ee\/lv\/wp-json\/wp\/v2\/product_tag?post=17231"}],"curies":[{"name":"wp","href":"https:\/\/api.w.org\/{rel}","templated":true}]}}