{"id":17525,"date":"2025-04-09T16:27:35","date_gmt":"2025-04-09T16:27:35","guid":{"rendered":"https:\/\/www.karinibutiik.ee\/?post_type=product&#038;p=17525"},"modified":"2025-09-27T07:36:07","modified_gmt":"2025-09-27T04:36:07","slug":"rohke-tulli-ja-tikandkaunistustega-pulmakleit-garden","status":"publish","type":"product","link":"https:\/\/www.karinibutiik.ee\/lv\/produkts\/rohke-tulli-ja-tikandkaunistustega-pulmakleit-garden\/","title":{"rendered":"K\u0101zu kleita ar bag\u0101t\u012bgu tilla un iz\u0161uvumu D\u0101rzs"},"content":{"rendered":"<div class=\"xdj266r x11i5rnm xat24cr x1mh8g0r x1vvkbs x126k92a\">\n<div dir=\"auto\">Sinu unistuste Pulmakleit: Valge t\u00fcll ja tikandid \u00f5rnroosal aluskangal<\/div>\n<\/div>\n<div class=\"x11i5rnm xat24cr x1mh8g0r x1vvkbs xtlvy1s x126k92a\">\n<div dir=\"auto\">Tutvustame seda unistuste pulmakleiti, mis on loodud tooma esile iga pruudi ilu. See vapustav valge t\u00fcllist ja tikanditega kaunistatud kleit on ideaalne valik neile, kes otsivad midagi klassikalist, kuid samas omap\u00e4rase n\u00fcansiga.<\/div>\n<\/div>\n<div class=\"x11i5rnm xat24cr x1mh8g0r x1vvkbs xtlvy1s x126k92a\">\n<div dir=\"auto\">Kleidi p\u00f5hikangas on \u00f5rnroosa, mis lisab kleidile peenetundelist v\u00e4rvikihistust, olles samas piisavalt tagasihoidlik, et s\u00e4ilitada traditsioonilist pulmakleidi v\u00e4limust. Pealmine t\u00fcllikiht on kaunistatud peente lillemotiividega tikanditega, mis toovad esile kleidi ainulaadse disaini ja lisavad romantilist h\u00f5ngu. Tikandid on meisterlikult tehtud, kujutades liilia\u00f5isi, mis s\u00fcmboliseerivad puhtust ja ilu.<\/div>\n<\/div>\n<div class=\"x11i5rnm xat24cr x1mh8g0r x1vvkbs xtlvy1s x126k92a\">\n<div dir=\"auto\">Kleit kinnitub mugavalt seljataga asetseva peidetud lukuga, mis tagab t\u00e4iusliku istuvuse ja lihtsasti kantavuse. See disainilahendus mitte ainult ei s\u00e4ilita kleidi elegantset joont, vaid tagab ka selle, et pruut saab oma eriliselt p\u00e4eval vabalt liikuda ja tunda end mugavalt.<\/div>\n<\/div>\n<div class=\"x11i5rnm xat24cr x1mh8g0r x1vvkbs xtlvy1s x126k92a\">\n<div dir=\"auto\">Olgu tegemist romantilise \u00f5htuse tseremoonia v\u00f5i suursuguse p\u00e4evase pulmapeoga, see valge t\u00fcllist ja \u00f5rnroosa aluskangaga pulmakleit on ideaalne valik igale pruudile, kes soovib oma erilisel p\u00e4eval s\u00e4rada. Luba sellel kleidil olla osa sinu armastusloost ja loo m\u00e4lestusi, mis j\u00e4\u00e4vad eluks ajaks meelde!<\/div>\n<\/div>","protected":false},"excerpt":{"rendered":"<p>Sinu unistuste Pulmakleit: Valge t\u00fcll ja tikandid \u00f5rnroosal aluskangal Tutvustame seda unistuste pulmakleiti, mis on loodud tooma esile iga pruudi [&hellip;]<\/p>\n","protected":false},"featured_media":17519,"template":"","meta":{"site-sidebar-layout":"default","site-content-layout":"","ast-site-content-layout":"default","site-content-style":"default","site-sidebar-style":"default","ast-global-header-display":"","ast-banner-title-visibility":"","ast-main-header-display":"","ast-hfb-above-header-display":"","ast-hfb-below-header-display":"","ast-hfb-mobile-header-display":"","site-post-title":"","ast-breadcrumbs-content":"","ast-featured-img":"","footer-sml-layout":"","ast-disable-related-posts":"","theme-transparent-header-meta":"default","adv-header-id-meta":"","stick-header-meta":"default","header-above-stick-meta":"","header-main-stick-meta":"","header-below-stick-meta":"","astra-migrate-meta-layouts":"set","ast-page-background-enabled":"default","ast-page-background-meta":{"desktop":{"background-color":"var(--ast-global-color-4)","background-image":"","background-repeat":"repeat","background-position":"center center","background-size":"auto","background-attachment":"scroll","background-type":"","background-media":"","overlay-type":"","overlay-color":"","overlay-opacity":"","overlay-gradient":""},"tablet":{"background-color":"","background-image":"","background-repeat":"repeat","background-position":"center center","background-size":"auto","background-attachment":"scroll","background-type":"","background-media":"","overlay-type":"","overlay-color":"","overlay-opacity":"","overlay-gradient":""},"mobile":{"background-color":"","background-image":"","background-repeat":"repeat","background-position":"center center","background-size":"auto","background-attachment":"scroll","background-type":"","background-media":"","overlay-type":"","overlay-color":"","overlay-opacity":"","overlay-gradient":""}},"ast-content-background-meta":{"desktop":{"background-color":"var(--ast-global-color-5)","background-image":"","background-repeat":"repeat","background-position":"center center","background-size":"auto","background-attachment":"scroll","background-type":"","background-media":"","overlay-type":"","overlay-color":"","overlay-opacity":"","overlay-gradient":""},"tablet":{"background-color":"var(--ast-global-color-5)","background-image":"","background-repeat":"repeat","background-position":"center center","background-size":"auto","background-attachment":"scroll","background-type":"","background-media":"","overlay-type":"","overlay-color":"","overlay-opacity":"","overlay-gradient":""},"mobile":{"background-color":"var(--ast-global-color-5)","background-image":"","background-repeat":"repeat","background-position":"center center","background-size":"auto","background-attachment":"scroll","background-type":"","background-media":"","overlay-type":"","overlay-color":"","overlay-opacity":"","overlay-gradient":""}}},"product_brand":[],"product_cat":[452,346,347,350,357],"product_tag":[250,488,475,476,501,477,270,485,486,109,92,712,93],"class_list":{"0":"post-17525","1":"product","2":"type-product","3":"status-publish","4":"has-post-thumbnail","6":"product_cat-bestseller","7":"product_cat-naised","8":"product_cat-kleidid","9":"product_cat-pulmakleidid-pruutneitside-kleidid","10":"product_cat-maksikleidid","11":"product_tag-ametlik-sundmus","12":"product_tag-ballikleit","13":"product_tag-dresshouse","14":"product_tag-getdressed","15":"product_tag-karini-butiik","16":"product_tag-kleidibutiik","17":"product_tag-kleidid","18":"product_tag-kleidipood","19":"product_tag-maksikleidid","20":"product_tag-maksikleit","21":"product_tag-pidulikud-kleidid","22":"product_tag-pruudikleit","23":"product_tag-pulmakleidid","24":"desktop-align-center","25":"tablet-align-center","26":"mobile-align-center","27":"ast-product-gallery-layout-horizontal-slider","28":"ast-product-single-variable","29":"ast-product-tabs-layout-horizontal","31":"first","32":"instock","33":"taxable","34":"shipping-taxable","35":"purchasable","36":"product-type-variable"},"supplier_id":null,"supplier_sku":"","barcode":null,"atum_controlled":true,"out_stock_date":null,"out_stock_threshold":null,"inheritable":true,"inbound_stock":0,"stock_on_hold":0,"sold_today":0,"sales_last_days":0,"reserved_stock":0,"customer_returns":0,"warehouse_damage":0,"lost_in_post":0,"other_logs":0,"out_stock_days":0,"lost_sales":0,"has_location":false,"update_date":"2025-12-04T01:45:36","atum_locations":[],"atum_stock_status":"instock","restock_status":false,"low_stock_amount":"","sales_update_date":"2025-12-04T01:45:36","calc_backorders":null,"yoast_head":"<!-- This site is optimized with the Yoast SEO plugin v26.9 - https:\/\/yoast.com\/product\/yoast-seo-wordpress\/ -->\n<title>Rohke t\u00fclli ja tikanditega pulmakleit Garden - Karini Butiik<\/title>\n<meta name=\"description\" content=\"Tutvu meie unistuste pulmakleidiga. Klassikaline valge t\u00fcll kleit, millel kaunid tikandid ja \u00f5rnroosa aluskangas. \ud83c\udf3a\" \/>\n<meta name=\"robots\" content=\"index, follow, max-snippet:-1, max-image-preview:large, max-video-preview:-1\" \/>\n<link rel=\"canonical\" href=\"https:\/\/www.karinibutiik.ee\/lv\/produkts\/rohke-tulli-ja-tikandkaunistustega-pulmakleit-garden\/\" \/>\n<meta property=\"og:locale\" content=\"lv_LV\" \/>\n<meta property=\"og:type\" content=\"article\" \/>\n<meta property=\"og:title\" content=\"Rohke t\u00fclli ja tikanditega pulmakleit Garden - Karini Butiik\" \/>\n<meta property=\"og:description\" content=\"Tutvu meie unistuste pulmakleidiga. Klassikaline valge t\u00fcll kleit, millel kaunid tikandid ja \u00f5rnroosa aluskangas. \ud83c\udf3a\" \/>\n<meta property=\"og:url\" content=\"https:\/\/www.karinibutiik.ee\/lv\/produkts\/rohke-tulli-ja-tikandkaunistustega-pulmakleit-garden\/\" \/>\n<meta property=\"og:site_name\" content=\"Karini Butiik\" \/>\n<meta property=\"article:publisher\" content=\"https:\/\/www.facebook.com\/karinibutiik.ee\" \/>\n<meta property=\"article:modified_time\" content=\"2025-09-27T04:36:07+00:00\" \/>\n<meta property=\"og:image\" content=\"https:\/\/www.karinibutiik.ee\/wp-content\/uploads\/2024\/07\/240723_Karini_Butiik_Erlend_Staub17-scaled.jpg\" \/>\n\t<meta property=\"og:image:width\" content=\"2048\" \/>\n\t<meta property=\"og:image:height\" content=\"2560\" \/>\n\t<meta property=\"og:image:type\" content=\"image\/jpeg\" \/>\n<meta name=\"twitter:card\" content=\"summary_large_image\" \/>\n<meta name=\"twitter:label1\" content=\"Availability\" \/>\n\t<meta name=\"twitter:data1\" content=\"In stock\" \/>\n<script type=\"application\/ld+json\" class=\"yoast-schema-graph\">{\"@context\":\"https:\/\/schema.org\",\"@graph\":[{\"@type\":\"WebPage\",\"@id\":\"https:\/\/www.karinibutiik.ee\/toode\/rohke-tulli-ja-tikandkaunistustega-pulmakleit-garden\/\",\"url\":\"https:\/\/www.karinibutiik.ee\/toode\/rohke-tulli-ja-tikandkaunistustega-pulmakleit-garden\/\",\"name\":\"Rohke t\u00fclli ja tikanditega pulmakleit Garden - Karini Butiik\",\"isPartOf\":{\"@id\":\"https:\/\/www.karinibutiik.ee\/#website\"},\"primaryImageOfPage\":{\"@id\":\"https:\/\/www.karinibutiik.ee\/toode\/rohke-tulli-ja-tikandkaunistustega-pulmakleit-garden\/#primaryimage\"},\"image\":{\"@id\":\"https:\/\/www.karinibutiik.ee\/toode\/rohke-tulli-ja-tikandkaunistustega-pulmakleit-garden\/#primaryimage\"},\"thumbnailUrl\":\"https:\/\/www.karinibutiik.ee\/wp-content\/uploads\/2024\/07\/240723_Karini_Butiik_Erlend_Staub17-scaled.jpg\",\"datePublished\":\"2025-04-09T16:27:35+00:00\",\"dateModified\":\"2025-09-27T04:36:07+00:00\",\"description\":\"Tutvu meie unistuste pulmakleidiga. Klassikaline valge t\u00fcll kleit, millel kaunid tikandid ja \u00f5rnroosa aluskangas. \ud83c\udf3a\",\"breadcrumb\":{\"@id\":\"https:\/\/www.karinibutiik.ee\/toode\/rohke-tulli-ja-tikandkaunistustega-pulmakleit-garden\/#breadcrumb\"},\"inLanguage\":\"lv-LV\",\"potentialAction\":[{\"@type\":\"ReadAction\",\"target\":[\"https:\/\/www.karinibutiik.ee\/toode\/rohke-tulli-ja-tikandkaunistustega-pulmakleit-garden\/\"]}]},{\"@type\":\"ImageObject\",\"inLanguage\":\"lv-LV\",\"@id\":\"https:\/\/www.karinibutiik.ee\/toode\/rohke-tulli-ja-tikandkaunistustega-pulmakleit-garden\/#primaryimage\",\"url\":\"https:\/\/www.karinibutiik.ee\/wp-content\/uploads\/2024\/07\/240723_Karini_Butiik_Erlend_Staub17-scaled.jpg\",\"contentUrl\":\"https:\/\/www.karinibutiik.ee\/wp-content\/uploads\/2024\/07\/240723_Karini_Butiik_Erlend_Staub17-scaled.jpg\",\"width\":2048,\"height\":2560,\"caption\":\"Rohke t\u00fclli ja tikandkaunistustega pulmakleit\"},{\"@type\":\"BreadcrumbList\",\"@id\":\"https:\/\/www.karinibutiik.ee\/toode\/rohke-tulli-ja-tikandkaunistustega-pulmakleit-garden\/#breadcrumb\",\"itemListElement\":[{\"@type\":\"ListItem\",\"position\":1,\"name\":\"Home\",\"item\":\"https:\/\/www.karinibutiik.ee\/\"},{\"@type\":\"ListItem\",\"position\":2,\"name\":\"Pood\",\"item\":\"https:\/\/www.karinibutiik.ee\/pood\/\"},{\"@type\":\"ListItem\",\"position\":3,\"name\":\"Rohke t\u00fclli ja tikanditega pulmakleit Garden\"}]},{\"@type\":\"WebSite\",\"@id\":\"https:\/\/www.karinibutiik.ee\/#website\",\"url\":\"https:\/\/www.karinibutiik.ee\/\",\"name\":\"Karini Butiik\",\"description\":\"\",\"publisher\":{\"@id\":\"https:\/\/www.karinibutiik.ee\/#organization\"},\"potentialAction\":[{\"@type\":\"SearchAction\",\"target\":{\"@type\":\"EntryPoint\",\"urlTemplate\":\"https:\/\/www.karinibutiik.ee\/?s={search_term_string}\"},\"query-input\":{\"@type\":\"PropertyValueSpecification\",\"valueRequired\":true,\"valueName\":\"search_term_string\"}}],\"inLanguage\":\"lv-LV\"},{\"@type\":\"Organization\",\"@id\":\"https:\/\/www.karinibutiik.ee\/#organization\",\"name\":\"Karini Butiik\",\"url\":\"https:\/\/www.karinibutiik.ee\/\",\"logo\":{\"@type\":\"ImageObject\",\"inLanguage\":\"lv-LV\",\"@id\":\"https:\/\/www.karinibutiik.ee\/#\/schema\/logo\/image\/\",\"url\":\"https:\/\/www.karinibutiik.ee\/wp-content\/uploads\/2024\/10\/Kuj.-K-koopia.png\",\"contentUrl\":\"https:\/\/www.karinibutiik.ee\/wp-content\/uploads\/2024\/10\/Kuj.-K-koopia.png\",\"width\":500,\"height\":500,\"caption\":\"Karini Butiik\"},\"image\":{\"@id\":\"https:\/\/www.karinibutiik.ee\/#\/schema\/logo\/image\/\"},\"sameAs\":[\"https:\/\/www.facebook.com\/karinibutiik.ee\",\"https:\/\/www.instagram.com\/karinibutiik\"]}]}<\/script>\n<meta property=\"og:availability\" content=\"instock\" \/>\n<meta property=\"product:availability\" content=\"instock\" \/>\n<meta property=\"product:retailer_item_id\" content=\"87003\" \/>\n<meta property=\"product:condition\" content=\"new\" \/>\n<!-- \/ Yoast SEO plugin. -->","yoast_head_json":{"title":"Rohke t\u00fclli ja tikanditega pulmakleit Garden - Karini Butiik","description":"Tutvu meie unistuste pulmakleidiga. Klassikaline valge t\u00fcll kleit, millel kaunid tikandid ja \u00f5rnroosa aluskangas. \ud83c\udf3a","robots":{"index":"index","follow":"follow","max-snippet":"max-snippet:-1","max-image-preview":"max-image-preview:large","max-video-preview":"max-video-preview:-1"},"canonical":"https:\/\/www.karinibutiik.ee\/lv\/produkts\/rohke-tulli-ja-tikandkaunistustega-pulmakleit-garden\/","og_locale":"lv_LV","og_type":"article","og_title":"Rohke t\u00fclli ja tikanditega pulmakleit Garden - Karini Butiik","og_description":"Tutvu meie unistuste pulmakleidiga. Klassikaline valge t\u00fcll kleit, millel kaunid tikandid ja \u00f5rnroosa aluskangas. \ud83c\udf3a","og_url":"https:\/\/www.karinibutiik.ee\/lv\/produkts\/rohke-tulli-ja-tikandkaunistustega-pulmakleit-garden\/","og_site_name":"Karini Butiik","article_publisher":"https:\/\/www.facebook.com\/karinibutiik.ee","article_modified_time":"2025-09-27T04:36:07+00:00","og_image":[{"width":2048,"height":2560,"url":"https:\/\/www.karinibutiik.ee\/wp-content\/uploads\/2024\/07\/240723_Karini_Butiik_Erlend_Staub17-scaled.jpg","type":"image\/jpeg"}],"twitter_card":"summary_large_image","twitter_misc":{"Availability":"In stock"},"schema":{"@context":"https:\/\/schema.org","@graph":[{"@type":"WebPage","@id":"https:\/\/www.karinibutiik.ee\/toode\/rohke-tulli-ja-tikandkaunistustega-pulmakleit-garden\/","url":"https:\/\/www.karinibutiik.ee\/toode\/rohke-tulli-ja-tikandkaunistustega-pulmakleit-garden\/","name":"Rohke t\u00fclli ja tikanditega pulmakleit Garden - Karini Butiik","isPartOf":{"@id":"https:\/\/www.karinibutiik.ee\/#website"},"primaryImageOfPage":{"@id":"https:\/\/www.karinibutiik.ee\/toode\/rohke-tulli-ja-tikandkaunistustega-pulmakleit-garden\/#primaryimage"},"image":{"@id":"https:\/\/www.karinibutiik.ee\/toode\/rohke-tulli-ja-tikandkaunistustega-pulmakleit-garden\/#primaryimage"},"thumbnailUrl":"https:\/\/www.karinibutiik.ee\/wp-content\/uploads\/2024\/07\/240723_Karini_Butiik_Erlend_Staub17-scaled.jpg","datePublished":"2025-04-09T16:27:35+00:00","dateModified":"2025-09-27T04:36:07+00:00","description":"Tutvu meie unistuste pulmakleidiga. Klassikaline valge t\u00fcll kleit, millel kaunid tikandid ja \u00f5rnroosa aluskangas. \ud83c\udf3a","breadcrumb":{"@id":"https:\/\/www.karinibutiik.ee\/toode\/rohke-tulli-ja-tikandkaunistustega-pulmakleit-garden\/#breadcrumb"},"inLanguage":"lv-LV","potentialAction":[{"@type":"ReadAction","target":["https:\/\/www.karinibutiik.ee\/toode\/rohke-tulli-ja-tikandkaunistustega-pulmakleit-garden\/"]}]},{"@type":"ImageObject","inLanguage":"lv-LV","@id":"https:\/\/www.karinibutiik.ee\/toode\/rohke-tulli-ja-tikandkaunistustega-pulmakleit-garden\/#primaryimage","url":"https:\/\/www.karinibutiik.ee\/wp-content\/uploads\/2024\/07\/240723_Karini_Butiik_Erlend_Staub17-scaled.jpg","contentUrl":"https:\/\/www.karinibutiik.ee\/wp-content\/uploads\/2024\/07\/240723_Karini_Butiik_Erlend_Staub17-scaled.jpg","width":2048,"height":2560,"caption":"Rohke t\u00fclli ja tikandkaunistustega pulmakleit"},{"@type":"BreadcrumbList","@id":"https:\/\/www.karinibutiik.ee\/toode\/rohke-tulli-ja-tikandkaunistustega-pulmakleit-garden\/#breadcrumb","itemListElement":[{"@type":"ListItem","position":1,"name":"Home","item":"https:\/\/www.karinibutiik.ee\/"},{"@type":"ListItem","position":2,"name":"Pood","item":"https:\/\/www.karinibutiik.ee\/pood\/"},{"@type":"ListItem","position":3,"name":"Rohke t\u00fclli ja tikanditega pulmakleit Garden"}]},{"@type":"WebSite","@id":"https:\/\/www.karinibutiik.ee\/#website","url":"https:\/\/www.karinibutiik.ee\/","name":"Karini Butiik","description":"","publisher":{"@id":"https:\/\/www.karinibutiik.ee\/#organization"},"potentialAction":[{"@type":"SearchAction","target":{"@type":"EntryPoint","urlTemplate":"https:\/\/www.karinibutiik.ee\/?s={search_term_string}"},"query-input":{"@type":"PropertyValueSpecification","valueRequired":true,"valueName":"search_term_string"}}],"inLanguage":"lv-LV"},{"@type":"Organization","@id":"https:\/\/www.karinibutiik.ee\/#organization","name":"Karini Butiik","url":"https:\/\/www.karinibutiik.ee\/","logo":{"@type":"ImageObject","inLanguage":"lv-LV","@id":"https:\/\/www.karinibutiik.ee\/#\/schema\/logo\/image\/","url":"https:\/\/www.karinibutiik.ee\/wp-content\/uploads\/2024\/10\/Kuj.-K-koopia.png","contentUrl":"https:\/\/www.karinibutiik.ee\/wp-content\/uploads\/2024\/10\/Kuj.-K-koopia.png","width":500,"height":500,"caption":"Karini Butiik"},"image":{"@id":"https:\/\/www.karinibutiik.ee\/#\/schema\/logo\/image\/"},"sameAs":["https:\/\/www.facebook.com\/karinibutiik.ee","https:\/\/www.instagram.com\/karinibutiik"]}]},"og_availability":"instock","product_availability":"instock","product_retailer_item_id":"87003","product_condition":"new"},"_links":{"self":[{"href":"https:\/\/www.karinibutiik.ee\/lv\/wp-json\/wp\/v2\/product\/17525","targetHints":{"allow":["GET"]}}],"collection":[{"href":"https:\/\/www.karinibutiik.ee\/lv\/wp-json\/wp\/v2\/product"}],"about":[{"href":"https:\/\/www.karinibutiik.ee\/lv\/wp-json\/wp\/v2\/types\/product"}],"version-history":[{"count":3,"href":"https:\/\/www.karinibutiik.ee\/lv\/wp-json\/wp\/v2\/product\/17525\/revisions"}],"predecessor-version":[{"id":21881,"href":"https:\/\/www.karinibutiik.ee\/lv\/wp-json\/wp\/v2\/product\/17525\/revisions\/21881"}],"wp:featuredmedia":[{"embeddable":true,"href":"https:\/\/www.karinibutiik.ee\/lv\/wp-json\/wp\/v2\/media\/17519"}],"wp:attachment":[{"href":"https:\/\/www.karinibutiik.ee\/lv\/wp-json\/wp\/v2\/media?parent=17525"}],"wp:term":[{"taxonomy":"product_brand","embeddable":true,"href":"https:\/\/www.karinibutiik.ee\/lv\/wp-json\/wp\/v2\/product_brand?post=17525"},{"taxonomy":"product_cat","embeddable":true,"href":"https:\/\/www.karinibutiik.ee\/lv\/wp-json\/wp\/v2\/product_cat?post=17525"},{"taxonomy":"product_tag","embeddable":true,"href":"https:\/\/www.karinibutiik.ee\/lv\/wp-json\/wp\/v2\/product_tag?post=17525"}],"curies":[{"name":"wp","href":"https:\/\/api.w.org\/{rel}","templated":true}]}}