{"id":17900,"date":"2024-08-09T07:49:44","date_gmt":"2024-08-09T07:49:44","guid":{"rendered":"https:\/\/www.karinibutiik.ee\/?post_type=product&#038;p=17900"},"modified":"2026-04-06T09:25:46","modified_gmt":"2026-04-06T06:25:46","slug":"mini-kleita-ar-plankumiem-un-puskiem","status":"publish","type":"product","link":"https:\/\/www.karinibutiik.ee\/lv\/produkts\/mini-kleita-ar-plankumiem-un-puskiem\/","title":{"rendered":"MINI KLEITA AR SP\u012aDUMU UN MIRDZUMU"},"content":{"rendered":"<p>Ieej uzman\u012bbas centr\u0101 ar \u0161o piegu\u013co\u0161o asimetrisko mini kleitu, kas saglab\u0101 sp\u012bdumu un mirdzumu. \u0160\u012b uzman\u012bbu piesaisto\u0161\u0101 kleita izcels j\u016bsu fig\u016bru, vienlaikus pied\u0101v\u0101jot kr\u0101\u0161\u0146u un mirdzo\u0161u izskatu. Asimetriskais dizains pie\u0161\u0137ir kleitai modernu un unik\u0101lu stilu. Pieejama tr\u012bs elegant\u0101s kr\u0101s\u0101s, lai j\u016bs var\u0113tu izv\u0113l\u0113ties sev piem\u0113rot\u0101ko. \u0160\u012b kleita ir ide\u0101la izv\u0113le svin\u012bgiem pas\u0101kumiem vai naktsdz\u012bves glam\u016brai, un t\u0101 nodro\u0161ina, ka vienm\u0113r b\u016bsiet uzman\u012bbas centr\u0101.<\/p>","protected":false},"excerpt":{"rendered":"<p>Astuge t\u00e4helepanu keskpunkti selle l\u00e4ike ja s\u00e4delusega kehasse hoidva as\u00fcmmeetrilise minikleidiga. See pilkup\u00fc\u00fcdev kleit toob esile teie figuuri, pakkudes samal [&hellip;]<\/p>\n","protected":false},"featured_media":17895,"template":"","meta":{"site-sidebar-layout":"default","site-content-layout":"","ast-site-content-layout":"default","site-content-style":"default","site-sidebar-style":"default","ast-global-header-display":"","ast-banner-title-visibility":"","ast-main-header-display":"","ast-hfb-above-header-display":"","ast-hfb-below-header-display":"","ast-hfb-mobile-header-display":"","site-post-title":"","ast-breadcrumbs-content":"","ast-featured-img":"","footer-sml-layout":"","ast-disable-related-posts":"","theme-transparent-header-meta":"default","adv-header-id-meta":"","stick-header-meta":"default","header-above-stick-meta":"","header-main-stick-meta":"","header-below-stick-meta":"","astra-migrate-meta-layouts":"set","ast-page-background-enabled":"default","ast-page-background-meta":{"desktop":{"background-color":"var(--ast-global-color-4)","background-image":"","background-repeat":"repeat","background-position":"center center","background-size":"auto","background-attachment":"scroll","background-type":"","background-media":"","overlay-type":"","overlay-color":"","overlay-opacity":"","overlay-gradient":""},"tablet":{"background-color":"","background-image":"","background-repeat":"repeat","background-position":"center center","background-size":"auto","background-attachment":"scroll","background-type":"","background-media":"","overlay-type":"","overlay-color":"","overlay-opacity":"","overlay-gradient":""},"mobile":{"background-color":"","background-image":"","background-repeat":"repeat","background-position":"center center","background-size":"auto","background-attachment":"scroll","background-type":"","background-media":"","overlay-type":"","overlay-color":"","overlay-opacity":"","overlay-gradient":""}},"ast-content-background-meta":{"desktop":{"background-color":"var(--ast-global-color-5)","background-image":"","background-repeat":"repeat","background-position":"center center","background-size":"auto","background-attachment":"scroll","background-type":"","background-media":"","overlay-type":"","overlay-color":"","overlay-opacity":"","overlay-gradient":""},"tablet":{"background-color":"var(--ast-global-color-5)","background-image":"","background-repeat":"repeat","background-position":"center center","background-size":"auto","background-attachment":"scroll","background-type":"","background-media":"","overlay-type":"","overlay-color":"","overlay-opacity":"","overlay-gradient":""},"mobile":{"background-color":"var(--ast-global-color-5)","background-image":"","background-repeat":"repeat","background-position":"center center","background-size":"auto","background-attachment":"scroll","background-type":"","background-media":"","overlay-type":"","overlay-color":"","overlay-opacity":"","overlay-gradient":""}}},"product_brand":[],"product_cat":[453,367,430,346,347,377,364],"product_tag":[775,475,248,476,501,477,485,493,86,239,92],"class_list":{"0":"post-17900","1":"product","2":"type-product","3":"status-publish","4":"has-post-thumbnail","6":"product_cat-soodus","7":"product_cat-allahindlus","8":"product_cat-lopumuuk","9":"product_cat-naised","10":"product_cat-kleidid","11":"product_cat-litter-ja-glitterkleidid","12":"product_cat-minikleidid","13":"product_tag-diskokleit","14":"product_tag-dresshouse","15":"product_tag-elegants","16":"product_tag-getdressed","17":"product_tag-karini-butiik","18":"product_tag-kleidibutiik","19":"product_tag-kleidipood","20":"product_tag-kleiditurg","21":"product_tag-kleit","22":"product_tag-minikleit","23":"product_tag-pidulikud-kleidid","24":"desktop-align-center","25":"tablet-align-center","26":"mobile-align-center","27":"ast-product-gallery-layout-horizontal-slider","28":"ast-product-single-variable","29":"ast-product-tabs-layout-horizontal","31":"first","32":"instock","33":"sale","34":"taxable","35":"shipping-taxable","36":"purchasable","37":"product-type-variable"},"supplier_id":null,"supplier_sku":"","barcode":null,"atum_controlled":true,"out_stock_date":null,"out_stock_threshold":null,"inheritable":true,"inbound_stock":0,"stock_on_hold":0,"sold_today":0,"sales_last_days":0,"reserved_stock":0,"customer_returns":0,"warehouse_damage":0,"lost_in_post":0,"other_logs":0,"out_stock_days":0,"lost_sales":0,"has_location":false,"update_date":"2025-12-03T01:20:33","atum_locations":[],"atum_stock_status":"instock","restock_status":false,"low_stock_amount":"","sales_update_date":"2025-12-03T01:20:33","calc_backorders":null,"yoast_head":"<!-- This site is optimized with the Yoast SEO plugin v26.9 - https:\/\/yoast.com\/product\/yoast-seo-wordpress\/ -->\n<title>L\u00c4IKE JA S\u00c4DELUSEGA MINIKLEIT - Karini Butiik<\/title>\n<meta name=\"description\" content=\"Silmapaistva l\u00e4ike ja s\u00e4delusega minikleit, mis toob esile teie figuuri. Valige sobiv v\u00e4rvitoon ja s\u00e4rage pidulikel s\u00fcndmustel v\u00f5i \u00f6\u00f6elus! \ud83d\udcab\" \/>\n<meta name=\"robots\" content=\"index, follow, max-snippet:-1, max-image-preview:large, max-video-preview:-1\" \/>\n<link rel=\"canonical\" href=\"https:\/\/www.karinibutiik.ee\/lv\/produkts\/mini-kleita-ar-plankumiem-un-puskiem\/\" \/>\n<meta property=\"og:locale\" content=\"lv_LV\" \/>\n<meta property=\"og:type\" content=\"article\" \/>\n<meta property=\"og:title\" content=\"L\u00c4IKE JA S\u00c4DELUSEGA MINIKLEIT - Karini Butiik\" \/>\n<meta property=\"og:description\" content=\"Silmapaistva l\u00e4ike ja s\u00e4delusega minikleit, mis toob esile teie figuuri. Valige sobiv v\u00e4rvitoon ja s\u00e4rage pidulikel s\u00fcndmustel v\u00f5i \u00f6\u00f6elus! \ud83d\udcab\" \/>\n<meta property=\"og:url\" content=\"https:\/\/www.karinibutiik.ee\/lv\/produkts\/mini-kleita-ar-plankumiem-un-puskiem\/\" \/>\n<meta property=\"og:site_name\" content=\"Karini Butiik\" \/>\n<meta property=\"article:publisher\" content=\"https:\/\/www.facebook.com\/karinibutiik.ee\" \/>\n<meta property=\"article:modified_time\" content=\"2026-04-06T06:25:46+00:00\" \/>\n<meta property=\"og:image\" content=\"https:\/\/www.karinibutiik.ee\/wp-content\/uploads\/2024\/08\/230831_Karini_Butiik_Erlend_Staub_137.jpg\" \/>\n\t<meta property=\"og:image:width\" content=\"1200\" \/>\n\t<meta property=\"og:image:height\" content=\"1500\" \/>\n\t<meta property=\"og:image:type\" content=\"image\/jpeg\" \/>\n<meta name=\"twitter:card\" content=\"summary_large_image\" \/>\n<meta name=\"twitter:label1\" content=\"Availability\" \/>\n\t<meta name=\"twitter:data1\" content=\"In stock\" \/>\n<script type=\"application\/ld+json\" class=\"yoast-schema-graph\">{\"@context\":\"https:\/\/schema.org\",\"@graph\":[{\"@type\":\"WebPage\",\"@id\":\"https:\/\/www.karinibutiik.ee\/toode\/laike-ja-sadelusega-minikleit\/\",\"url\":\"https:\/\/www.karinibutiik.ee\/toode\/laike-ja-sadelusega-minikleit\/\",\"name\":\"L\u00c4IKE JA S\u00c4DELUSEGA MINIKLEIT - Karini Butiik\",\"isPartOf\":{\"@id\":\"https:\/\/www.karinibutiik.ee\/#website\"},\"primaryImageOfPage\":{\"@id\":\"https:\/\/www.karinibutiik.ee\/toode\/laike-ja-sadelusega-minikleit\/#primaryimage\"},\"image\":{\"@id\":\"https:\/\/www.karinibutiik.ee\/toode\/laike-ja-sadelusega-minikleit\/#primaryimage\"},\"thumbnailUrl\":\"https:\/\/www.karinibutiik.ee\/wp-content\/uploads\/2024\/08\/230831_Karini_Butiik_Erlend_Staub_137.jpg\",\"datePublished\":\"2024-08-09T07:49:44+00:00\",\"dateModified\":\"2026-04-06T06:25:46+00:00\",\"description\":\"Silmapaistva l\u00e4ike ja s\u00e4delusega minikleit, mis toob esile teie figuuri. Valige sobiv v\u00e4rvitoon ja s\u00e4rage pidulikel s\u00fcndmustel v\u00f5i \u00f6\u00f6elus! \ud83d\udcab\",\"breadcrumb\":{\"@id\":\"https:\/\/www.karinibutiik.ee\/toode\/laike-ja-sadelusega-minikleit\/#breadcrumb\"},\"inLanguage\":\"lv-LV\",\"potentialAction\":[{\"@type\":\"ReadAction\",\"target\":[\"https:\/\/www.karinibutiik.ee\/toode\/laike-ja-sadelusega-minikleit\/\"]}]},{\"@type\":\"ImageObject\",\"inLanguage\":\"lv-LV\",\"@id\":\"https:\/\/www.karinibutiik.ee\/toode\/laike-ja-sadelusega-minikleit\/#primaryimage\",\"url\":\"https:\/\/www.karinibutiik.ee\/wp-content\/uploads\/2024\/08\/230831_Karini_Butiik_Erlend_Staub_137.jpg\",\"contentUrl\":\"https:\/\/www.karinibutiik.ee\/wp-content\/uploads\/2024\/08\/230831_Karini_Butiik_Erlend_Staub_137.jpg\",\"width\":1200,\"height\":1500},{\"@type\":\"BreadcrumbList\",\"@id\":\"https:\/\/www.karinibutiik.ee\/toode\/laike-ja-sadelusega-minikleit\/#breadcrumb\",\"itemListElement\":[{\"@type\":\"ListItem\",\"position\":1,\"name\":\"Home\",\"item\":\"https:\/\/www.karinibutiik.ee\/\"},{\"@type\":\"ListItem\",\"position\":2,\"name\":\"Pood\",\"item\":\"https:\/\/www.karinibutiik.ee\/pood\/\"},{\"@type\":\"ListItem\",\"position\":3,\"name\":\"L\u00c4IKE JA S\u00c4DELUSEGA MINIKLEIT\"}]},{\"@type\":\"WebSite\",\"@id\":\"https:\/\/www.karinibutiik.ee\/#website\",\"url\":\"https:\/\/www.karinibutiik.ee\/\",\"name\":\"Karini Butiik\",\"description\":\"\",\"publisher\":{\"@id\":\"https:\/\/www.karinibutiik.ee\/#organization\"},\"potentialAction\":[{\"@type\":\"SearchAction\",\"target\":{\"@type\":\"EntryPoint\",\"urlTemplate\":\"https:\/\/www.karinibutiik.ee\/?s={search_term_string}\"},\"query-input\":{\"@type\":\"PropertyValueSpecification\",\"valueRequired\":true,\"valueName\":\"search_term_string\"}}],\"inLanguage\":\"lv-LV\"},{\"@type\":\"Organization\",\"@id\":\"https:\/\/www.karinibutiik.ee\/#organization\",\"name\":\"Karini Butiik\",\"url\":\"https:\/\/www.karinibutiik.ee\/\",\"logo\":{\"@type\":\"ImageObject\",\"inLanguage\":\"lv-LV\",\"@id\":\"https:\/\/www.karinibutiik.ee\/#\/schema\/logo\/image\/\",\"url\":\"https:\/\/www.karinibutiik.ee\/wp-content\/uploads\/2024\/10\/Kuj.-K-koopia.png\",\"contentUrl\":\"https:\/\/www.karinibutiik.ee\/wp-content\/uploads\/2024\/10\/Kuj.-K-koopia.png\",\"width\":500,\"height\":500,\"caption\":\"Karini Butiik\"},\"image\":{\"@id\":\"https:\/\/www.karinibutiik.ee\/#\/schema\/logo\/image\/\"},\"sameAs\":[\"https:\/\/www.facebook.com\/karinibutiik.ee\",\"https:\/\/www.instagram.com\/karinibutiik\"]}]}<\/script>\n<meta property=\"og:availability\" content=\"instock\" \/>\n<meta property=\"product:availability\" content=\"instock\" \/>\n<meta property=\"product:retailer_item_id\" content=\"29986\" \/>\n<meta property=\"product:condition\" content=\"new\" \/>\n<!-- \/ Yoast SEO plugin. -->","yoast_head_json":{"title":"L\u012aDZEKLIS UN AR BUTTONU - Karini Butiik - Karini Butiik","description":"Mini kleita ar izcilu sp\u012bdumu un mirdzumu, kas izcels j\u016bsu fig\u016bru. Izv\u0113lieties pareizo toni un mirdziet ball\u012bt\u0113s vai naktsdz\u012bv\u0113! \ud83d\udcab","robots":{"index":"index","follow":"follow","max-snippet":"max-snippet:-1","max-image-preview":"max-image-preview:large","max-video-preview":"max-video-preview:-1"},"canonical":"https:\/\/www.karinibutiik.ee\/lv\/produkts\/mini-kleita-ar-plankumiem-un-puskiem\/","og_locale":"lv_LV","og_type":"article","og_title":"L\u00c4IKE JA S\u00c4DELUSEGA MINIKLEIT - Karini Butiik","og_description":"Silmapaistva l\u00e4ike ja s\u00e4delusega minikleit, mis toob esile teie figuuri. Valige sobiv v\u00e4rvitoon ja s\u00e4rage pidulikel s\u00fcndmustel v\u00f5i \u00f6\u00f6elus! \ud83d\udcab","og_url":"https:\/\/www.karinibutiik.ee\/lv\/produkts\/mini-kleita-ar-plankumiem-un-puskiem\/","og_site_name":"Karini Butiik","article_publisher":"https:\/\/www.facebook.com\/karinibutiik.ee","article_modified_time":"2026-04-06T06:25:46+00:00","og_image":[{"width":1200,"height":1500,"url":"https:\/\/www.karinibutiik.ee\/wp-content\/uploads\/2024\/08\/230831_Karini_Butiik_Erlend_Staub_137.jpg","type":"image\/jpeg"}],"twitter_card":"summary_large_image","twitter_misc":{"Availability":"In stock"},"schema":{"@context":"https:\/\/schema.org","@graph":[{"@type":"WebPage","@id":"https:\/\/www.karinibutiik.ee\/toode\/laike-ja-sadelusega-minikleit\/","url":"https:\/\/www.karinibutiik.ee\/toode\/laike-ja-sadelusega-minikleit\/","name":"L\u012aDZEKLIS UN AR BUTTONU - Karini Butiik - Karini Butiik","isPartOf":{"@id":"https:\/\/www.karinibutiik.ee\/#website"},"primaryImageOfPage":{"@id":"https:\/\/www.karinibutiik.ee\/toode\/laike-ja-sadelusega-minikleit\/#primaryimage"},"image":{"@id":"https:\/\/www.karinibutiik.ee\/toode\/laike-ja-sadelusega-minikleit\/#primaryimage"},"thumbnailUrl":"https:\/\/www.karinibutiik.ee\/wp-content\/uploads\/2024\/08\/230831_Karini_Butiik_Erlend_Staub_137.jpg","datePublished":"2024-08-09T07:49:44+00:00","dateModified":"2026-04-06T06:25:46+00:00","description":"Mini kleita ar izcilu sp\u012bdumu un mirdzumu, kas izcels j\u016bsu fig\u016bru. Izv\u0113lieties pareizo toni un mirdziet ball\u012bt\u0113s vai naktsdz\u012bv\u0113! \ud83d\udcab","breadcrumb":{"@id":"https:\/\/www.karinibutiik.ee\/toode\/laike-ja-sadelusega-minikleit\/#breadcrumb"},"inLanguage":"lv-LV","potentialAction":[{"@type":"ReadAction","target":["https:\/\/www.karinibutiik.ee\/toode\/laike-ja-sadelusega-minikleit\/"]}]},{"@type":"ImageObject","inLanguage":"lv-LV","@id":"https:\/\/www.karinibutiik.ee\/toode\/laike-ja-sadelusega-minikleit\/#primaryimage","url":"https:\/\/www.karinibutiik.ee\/wp-content\/uploads\/2024\/08\/230831_Karini_Butiik_Erlend_Staub_137.jpg","contentUrl":"https:\/\/www.karinibutiik.ee\/wp-content\/uploads\/2024\/08\/230831_Karini_Butiik_Erlend_Staub_137.jpg","width":1200,"height":1500},{"@type":"BreadcrumbList","@id":"https:\/\/www.karinibutiik.ee\/toode\/laike-ja-sadelusega-minikleit\/#breadcrumb","itemListElement":[{"@type":"ListItem","position":1,"name":"Home","item":"https:\/\/www.karinibutiik.ee\/"},{"@type":"ListItem","position":2,"name":"Pood","item":"https:\/\/www.karinibutiik.ee\/pood\/"},{"@type":"ListItem","position":3,"name":"L\u00c4IKE JA S\u00c4DELUSEGA MINIKLEIT"}]},{"@type":"WebSite","@id":"https:\/\/www.karinibutiik.ee\/#website","url":"https:\/\/www.karinibutiik.ee\/","name":"Karini Butiik","description":"","publisher":{"@id":"https:\/\/www.karinibutiik.ee\/#organization"},"potentialAction":[{"@type":"SearchAction","target":{"@type":"EntryPoint","urlTemplate":"https:\/\/www.karinibutiik.ee\/?s={search_term_string}"},"query-input":{"@type":"PropertyValueSpecification","valueRequired":true,"valueName":"search_term_string"}}],"inLanguage":"lv-LV"},{"@type":"Organization","@id":"https:\/\/www.karinibutiik.ee\/#organization","name":"Karini Butiik","url":"https:\/\/www.karinibutiik.ee\/","logo":{"@type":"ImageObject","inLanguage":"lv-LV","@id":"https:\/\/www.karinibutiik.ee\/#\/schema\/logo\/image\/","url":"https:\/\/www.karinibutiik.ee\/wp-content\/uploads\/2024\/10\/Kuj.-K-koopia.png","contentUrl":"https:\/\/www.karinibutiik.ee\/wp-content\/uploads\/2024\/10\/Kuj.-K-koopia.png","width":500,"height":500,"caption":"Karini Butiik"},"image":{"@id":"https:\/\/www.karinibutiik.ee\/#\/schema\/logo\/image\/"},"sameAs":["https:\/\/www.facebook.com\/karinibutiik.ee","https:\/\/www.instagram.com\/karinibutiik"]}]},"og_availability":"instock","product_availability":"instock","product_retailer_item_id":"29986","product_condition":"new"},"_links":{"self":[{"href":"https:\/\/www.karinibutiik.ee\/lv\/wp-json\/wp\/v2\/product\/17900","targetHints":{"allow":["GET"]}}],"collection":[{"href":"https:\/\/www.karinibutiik.ee\/lv\/wp-json\/wp\/v2\/product"}],"about":[{"href":"https:\/\/www.karinibutiik.ee\/lv\/wp-json\/wp\/v2\/types\/product"}],"version-history":[{"count":1,"href":"https:\/\/www.karinibutiik.ee\/lv\/wp-json\/wp\/v2\/product\/17900\/revisions"}],"predecessor-version":[{"id":17904,"href":"https:\/\/www.karinibutiik.ee\/lv\/wp-json\/wp\/v2\/product\/17900\/revisions\/17904"}],"wp:featuredmedia":[{"embeddable":true,"href":"https:\/\/www.karinibutiik.ee\/lv\/wp-json\/wp\/v2\/media\/17895"}],"wp:attachment":[{"href":"https:\/\/www.karinibutiik.ee\/lv\/wp-json\/wp\/v2\/media?parent=17900"}],"wp:term":[{"taxonomy":"product_brand","embeddable":true,"href":"https:\/\/www.karinibutiik.ee\/lv\/wp-json\/wp\/v2\/product_brand?post=17900"},{"taxonomy":"product_cat","embeddable":true,"href":"https:\/\/www.karinibutiik.ee\/lv\/wp-json\/wp\/v2\/product_cat?post=17900"},{"taxonomy":"product_tag","embeddable":true,"href":"https:\/\/www.karinibutiik.ee\/lv\/wp-json\/wp\/v2\/product_tag?post=17900"}],"curies":[{"name":"wp","href":"https:\/\/api.w.org\/{rel}","templated":true}]}}