{"id":17926,"date":"2024-08-10T07:45:58","date_gmt":"2024-08-10T07:45:58","guid":{"rendered":"https:\/\/www.karinibutiik.ee\/?post_type=product&#038;p=17926"},"modified":"2026-02-28T00:27:49","modified_gmt":"2026-02-27T22:27:49","slug":"daleji-serlinga-zabaki-ar-zemu-ieksejo-kazokadu","status":"publish","type":"product","link":"https:\/\/www.karinibutiik.ee\/lv\/produkts\/daleji-serlinga-zabaki-ar-zemu-ieksejo-kazokadu\/","title":{"rendered":"Da\u013c\u0113ji \u0161erlinga z\u0101baki ar zemu iek\u0161\u0113jo apmatojumu"},"content":{"rendered":"<p>\u0160\u012bs elegant\u0101s da\u013c\u0113ji caursp\u012bd\u012bg\u0101s sievie\u0161u ze\u0137es ir izstr\u0101d\u0101tas t\u0101, lai nodro\u0161in\u0101tu siltumu un stilu pat aukst\u0101kaj\u0101s dien\u0101s. Ze\u0137u iek\u0161puse ir izkl\u0101ta ar m\u012bkstu, m\u012bkstu, mazsl\u0101\u0146ainu ka\u017eok\u0101du, kas nodro\u0161ina komfortu un papildu siltumu. Augstais pap\u0113dis pie\u0161\u0137ir garumu un eleganci, padarot \u0161os z\u0101bakus par ide\u0101lu izv\u0113li gan ikdieni\u0161\u0137iem, gan svin\u012bg\u0101kiem gad\u012bjumiem. S\u0101nu spr\u0101dze nodro\u0161ina vieglu uzvilk\u0161anu un novilk\u0161anu un pie\u0161\u0137ir stil\u012bgu deta\u013cu. \u0160ie z\u0101baki ir ide\u0101ls komforta un modes apvienojums, kas nodro\u0161in\u0101s j\u016bsu k\u0101j\u0101m siltumu un stilu visu ziemu.<\/p>","protected":false},"excerpt":{"rendered":"<p>Need elegantsed seemisriidest naistesaapad on loodud pakkuma soojust ja stiili ka k\u00f5ige k\u00fclmematel p\u00e4evadel. Seest on saapad vooderdatud pehme madala [&hellip;]<\/p>\n","protected":false},"featured_media":17928,"template":"","meta":{"site-sidebar-layout":"default","site-content-layout":"","ast-site-content-layout":"default","site-content-style":"default","site-sidebar-style":"default","ast-global-header-display":"","ast-banner-title-visibility":"","ast-main-header-display":"","ast-hfb-above-header-display":"","ast-hfb-below-header-display":"","ast-hfb-mobile-header-display":"","site-post-title":"","ast-breadcrumbs-content":"","ast-featured-img":"","footer-sml-layout":"","ast-disable-related-posts":"","theme-transparent-header-meta":"default","adv-header-id-meta":"","stick-header-meta":"default","header-above-stick-meta":"","header-main-stick-meta":"","header-below-stick-meta":"","astra-migrate-meta-layouts":"set","ast-page-background-enabled":"default","ast-page-background-meta":{"desktop":{"background-color":"var(--ast-global-color-4)","background-image":"","background-repeat":"repeat","background-position":"center center","background-size":"auto","background-attachment":"scroll","background-type":"","background-media":"","overlay-type":"","overlay-color":"","overlay-opacity":"","overlay-gradient":""},"tablet":{"background-color":"","background-image":"","background-repeat":"repeat","background-position":"center center","background-size":"auto","background-attachment":"scroll","background-type":"","background-media":"","overlay-type":"","overlay-color":"","overlay-opacity":"","overlay-gradient":""},"mobile":{"background-color":"","background-image":"","background-repeat":"repeat","background-position":"center center","background-size":"auto","background-attachment":"scroll","background-type":"","background-media":"","overlay-type":"","overlay-color":"","overlay-opacity":"","overlay-gradient":""}},"ast-content-background-meta":{"desktop":{"background-color":"var(--ast-global-color-5)","background-image":"","background-repeat":"repeat","background-position":"center center","background-size":"auto","background-attachment":"scroll","background-type":"","background-media":"","overlay-type":"","overlay-color":"","overlay-opacity":"","overlay-gradient":""},"tablet":{"background-color":"var(--ast-global-color-5)","background-image":"","background-repeat":"repeat","background-position":"center center","background-size":"auto","background-attachment":"scroll","background-type":"","background-media":"","overlay-type":"","overlay-color":"","overlay-opacity":"","overlay-gradient":""},"mobile":{"background-color":"var(--ast-global-color-5)","background-image":"","background-repeat":"repeat","background-position":"center center","background-size":"auto","background-attachment":"scroll","background-type":"","background-media":"","overlay-type":"","overlay-color":"","overlay-opacity":"","overlay-gradient":""}}},"product_brand":[],"product_cat":[367,346,390,392],"product_tag":[673,789,501,787,758,777,788,786,781],"class_list":{"0":"post-17926","1":"product","2":"type-product","3":"status-publish","4":"has-post-thumbnail","6":"product_cat-allahindlus","7":"product_cat-naised","8":"product_cat-jalanoud","9":"product_cat-saapad","10":"product_tag-jalanoude-epood","11":"product_tag-jalatsid","12":"product_tag-karini-butiik","13":"product_tag-korge-kontsaga-talvesaapad","14":"product_tag-mustad-saapad","15":"product_tag-naiste-jalanoud","16":"product_tag-seemisriidest-talvesaapad","17":"product_tag-soojad-talvesaapad","18":"product_tag-talvesaapad","19":"desktop-align-center","20":"tablet-align-center","21":"mobile-align-center","22":"ast-product-gallery-layout-horizontal-slider","23":"ast-product-single-variable","24":"ast-product-tabs-layout-horizontal","26":"first","27":"instock","28":"sale","29":"taxable","30":"shipping-taxable","31":"purchasable","32":"product-type-variable"},"supplier_id":null,"supplier_sku":"","barcode":null,"atum_controlled":true,"out_stock_date":null,"out_stock_threshold":null,"inheritable":true,"inbound_stock":0,"stock_on_hold":0,"sold_today":0,"sales_last_days":0,"reserved_stock":0,"customer_returns":0,"warehouse_damage":0,"lost_in_post":0,"other_logs":0,"out_stock_days":0,"lost_sales":0,"has_location":false,"update_date":"2026-01-06T09:22:35","atum_locations":[],"atum_stock_status":"instock","restock_status":false,"low_stock_amount":"","sales_update_date":"2025-12-04T01:45:37","calc_backorders":null,"yoast_head":"<!-- This site is optimized with the Yoast SEO plugin v26.9 - https:\/\/yoast.com\/product\/yoast-seo-wordpress\/ -->\n<title>Seemisriidest seest madala karvaga saapad - Karini Butiik<\/title>\n<meta name=\"description\" content=\"Karini butiik pakub k\u00f5rgklassi elegantsi neile, kes soovivad k\u00f5rge kontsaga saapad ja vooderdatud luksust! Lase end imestada \ud83c\udf1f\" \/>\n<meta name=\"robots\" content=\"index, follow, max-snippet:-1, max-image-preview:large, max-video-preview:-1\" \/>\n<link rel=\"canonical\" href=\"https:\/\/www.karinibutiik.ee\/lv\/produkts\/daleji-serlinga-zabaki-ar-zemu-ieksejo-kazokadu\/\" \/>\n<meta property=\"og:locale\" content=\"lv_LV\" \/>\n<meta property=\"og:type\" content=\"article\" \/>\n<meta property=\"og:title\" content=\"Seemisriidest seest madala karvaga saapad - Karini Butiik\" \/>\n<meta property=\"og:description\" content=\"Karini butiik pakub k\u00f5rgklassi elegantsi neile, kes soovivad k\u00f5rge kontsaga saapad ja vooderdatud luksust! Lase end imestada \ud83c\udf1f\" \/>\n<meta property=\"og:url\" content=\"https:\/\/www.karinibutiik.ee\/lv\/produkts\/daleji-serlinga-zabaki-ar-zemu-ieksejo-kazokadu\/\" \/>\n<meta property=\"og:site_name\" content=\"Karini Butiik\" \/>\n<meta property=\"article:publisher\" content=\"https:\/\/www.facebook.com\/karinibutiik.ee\" \/>\n<meta property=\"article:modified_time\" content=\"2026-02-27T22:27:49+00:00\" \/>\n<meta property=\"og:image\" content=\"https:\/\/www.karinibutiik.ee\/wp-content\/uploads\/2024\/08\/9302F346-FBA3-4805-A399-18C3D40F89D6.jpeg\" \/>\n\t<meta property=\"og:image:width\" content=\"1200\" \/>\n\t<meta property=\"og:image:height\" content=\"1500\" \/>\n\t<meta property=\"og:image:type\" content=\"image\/jpeg\" \/>\n<meta name=\"twitter:card\" content=\"summary_large_image\" \/>\n<meta name=\"twitter:label1\" content=\"Availability\" \/>\n\t<meta name=\"twitter:data1\" content=\"In stock\" \/>\n<script type=\"application\/ld+json\" class=\"yoast-schema-graph\">{\"@context\":\"https:\/\/schema.org\",\"@graph\":[{\"@type\":\"WebPage\",\"@id\":\"https:\/\/www.karinibutiik.ee\/toode\/seemisriidest-seest-madala-karvaga-saapad\/\",\"url\":\"https:\/\/www.karinibutiik.ee\/toode\/seemisriidest-seest-madala-karvaga-saapad\/\",\"name\":\"Seemisriidest seest madala karvaga saapad - Karini Butiik\",\"isPartOf\":{\"@id\":\"https:\/\/www.karinibutiik.ee\/#website\"},\"primaryImageOfPage\":{\"@id\":\"https:\/\/www.karinibutiik.ee\/toode\/seemisriidest-seest-madala-karvaga-saapad\/#primaryimage\"},\"image\":{\"@id\":\"https:\/\/www.karinibutiik.ee\/toode\/seemisriidest-seest-madala-karvaga-saapad\/#primaryimage\"},\"thumbnailUrl\":\"https:\/\/www.karinibutiik.ee\/wp-content\/uploads\/2024\/08\/9302F346-FBA3-4805-A399-18C3D40F89D6.jpeg\",\"datePublished\":\"2024-08-10T07:45:58+00:00\",\"dateModified\":\"2026-02-27T22:27:49+00:00\",\"description\":\"Karini butiik pakub k\u00f5rgklassi elegantsi neile, kes soovivad k\u00f5rge kontsaga saapad ja vooderdatud luksust! Lase end imestada \ud83c\udf1f\",\"breadcrumb\":{\"@id\":\"https:\/\/www.karinibutiik.ee\/toode\/seemisriidest-seest-madala-karvaga-saapad\/#breadcrumb\"},\"inLanguage\":\"lv-LV\",\"potentialAction\":[{\"@type\":\"ReadAction\",\"target\":[\"https:\/\/www.karinibutiik.ee\/toode\/seemisriidest-seest-madala-karvaga-saapad\/\"]}]},{\"@type\":\"ImageObject\",\"inLanguage\":\"lv-LV\",\"@id\":\"https:\/\/www.karinibutiik.ee\/toode\/seemisriidest-seest-madala-karvaga-saapad\/#primaryimage\",\"url\":\"https:\/\/www.karinibutiik.ee\/wp-content\/uploads\/2024\/08\/9302F346-FBA3-4805-A399-18C3D40F89D6.jpeg\",\"contentUrl\":\"https:\/\/www.karinibutiik.ee\/wp-content\/uploads\/2024\/08\/9302F346-FBA3-4805-A399-18C3D40F89D6.jpeg\",\"width\":1200,\"height\":1500},{\"@type\":\"BreadcrumbList\",\"@id\":\"https:\/\/www.karinibutiik.ee\/toode\/seemisriidest-seest-madala-karvaga-saapad\/#breadcrumb\",\"itemListElement\":[{\"@type\":\"ListItem\",\"position\":1,\"name\":\"Home\",\"item\":\"https:\/\/www.karinibutiik.ee\/\"},{\"@type\":\"ListItem\",\"position\":2,\"name\":\"Pood\",\"item\":\"https:\/\/www.karinibutiik.ee\/pood\/\"},{\"@type\":\"ListItem\",\"position\":3,\"name\":\"Seemisriidest seest madala karvaga saapad\"}]},{\"@type\":\"WebSite\",\"@id\":\"https:\/\/www.karinibutiik.ee\/#website\",\"url\":\"https:\/\/www.karinibutiik.ee\/\",\"name\":\"Karini Butiik\",\"description\":\"\",\"publisher\":{\"@id\":\"https:\/\/www.karinibutiik.ee\/#organization\"},\"potentialAction\":[{\"@type\":\"SearchAction\",\"target\":{\"@type\":\"EntryPoint\",\"urlTemplate\":\"https:\/\/www.karinibutiik.ee\/?s={search_term_string}\"},\"query-input\":{\"@type\":\"PropertyValueSpecification\",\"valueRequired\":true,\"valueName\":\"search_term_string\"}}],\"inLanguage\":\"lv-LV\"},{\"@type\":\"Organization\",\"@id\":\"https:\/\/www.karinibutiik.ee\/#organization\",\"name\":\"Karini Butiik\",\"url\":\"https:\/\/www.karinibutiik.ee\/\",\"logo\":{\"@type\":\"ImageObject\",\"inLanguage\":\"lv-LV\",\"@id\":\"https:\/\/www.karinibutiik.ee\/#\/schema\/logo\/image\/\",\"url\":\"https:\/\/www.karinibutiik.ee\/wp-content\/uploads\/2024\/10\/Kuj.-K-koopia.png\",\"contentUrl\":\"https:\/\/www.karinibutiik.ee\/wp-content\/uploads\/2024\/10\/Kuj.-K-koopia.png\",\"width\":500,\"height\":500,\"caption\":\"Karini Butiik\"},\"image\":{\"@id\":\"https:\/\/www.karinibutiik.ee\/#\/schema\/logo\/image\/\"},\"sameAs\":[\"https:\/\/www.facebook.com\/karinibutiik.ee\",\"https:\/\/www.instagram.com\/karinibutiik\"]}]}<\/script>\n<meta property=\"og:availability\" content=\"instock\" \/>\n<meta property=\"product:availability\" content=\"instock\" \/>\n<meta property=\"product:retailer_item_id\" content=\"0651\" \/>\n<meta property=\"product:condition\" content=\"new\" \/>\n<!-- \/ Yoast SEO plugin. -->","yoast_head_json":{"title":"Da\u013c\u0113ji \u0161erlinga z\u0101baki ar zemu ka\u017eok\u0101du iek\u0161pus\u0113 - Karini Butiik","description":"Karini's boutique pied\u0101v\u0101 augstas klases eleganci tiem, kas v\u0113las augstpap\u0113\u017eu z\u0101bakus un izkl\u0101tu grezn\u012bbu! Esiet p\u0101rsteigti \ud83c\udf1f","robots":{"index":"index","follow":"follow","max-snippet":"max-snippet:-1","max-image-preview":"max-image-preview:large","max-video-preview":"max-video-preview:-1"},"canonical":"https:\/\/www.karinibutiik.ee\/lv\/produkts\/daleji-serlinga-zabaki-ar-zemu-ieksejo-kazokadu\/","og_locale":"lv_LV","og_type":"article","og_title":"Seemisriidest seest madala karvaga saapad - Karini Butiik","og_description":"Karini butiik pakub k\u00f5rgklassi elegantsi neile, kes soovivad k\u00f5rge kontsaga saapad ja vooderdatud luksust! Lase end imestada \ud83c\udf1f","og_url":"https:\/\/www.karinibutiik.ee\/lv\/produkts\/daleji-serlinga-zabaki-ar-zemu-ieksejo-kazokadu\/","og_site_name":"Karini Butiik","article_publisher":"https:\/\/www.facebook.com\/karinibutiik.ee","article_modified_time":"2026-02-27T22:27:49+00:00","og_image":[{"width":1200,"height":1500,"url":"https:\/\/www.karinibutiik.ee\/wp-content\/uploads\/2024\/08\/9302F346-FBA3-4805-A399-18C3D40F89D6.jpeg","type":"image\/jpeg"}],"twitter_card":"summary_large_image","twitter_misc":{"Availability":"In stock"},"schema":{"@context":"https:\/\/schema.org","@graph":[{"@type":"WebPage","@id":"https:\/\/www.karinibutiik.ee\/toode\/seemisriidest-seest-madala-karvaga-saapad\/","url":"https:\/\/www.karinibutiik.ee\/toode\/seemisriidest-seest-madala-karvaga-saapad\/","name":"Da\u013c\u0113ji \u0161erlinga z\u0101baki ar zemu ka\u017eok\u0101du iek\u0161pus\u0113 - Karini Butiik","isPartOf":{"@id":"https:\/\/www.karinibutiik.ee\/#website"},"primaryImageOfPage":{"@id":"https:\/\/www.karinibutiik.ee\/toode\/seemisriidest-seest-madala-karvaga-saapad\/#primaryimage"},"image":{"@id":"https:\/\/www.karinibutiik.ee\/toode\/seemisriidest-seest-madala-karvaga-saapad\/#primaryimage"},"thumbnailUrl":"https:\/\/www.karinibutiik.ee\/wp-content\/uploads\/2024\/08\/9302F346-FBA3-4805-A399-18C3D40F89D6.jpeg","datePublished":"2024-08-10T07:45:58+00:00","dateModified":"2026-02-27T22:27:49+00:00","description":"Karini's boutique pied\u0101v\u0101 augstas klases eleganci tiem, kas v\u0113las augstpap\u0113\u017eu z\u0101bakus un izkl\u0101tu grezn\u012bbu! Esiet p\u0101rsteigti \ud83c\udf1f","breadcrumb":{"@id":"https:\/\/www.karinibutiik.ee\/toode\/seemisriidest-seest-madala-karvaga-saapad\/#breadcrumb"},"inLanguage":"lv-LV","potentialAction":[{"@type":"ReadAction","target":["https:\/\/www.karinibutiik.ee\/toode\/seemisriidest-seest-madala-karvaga-saapad\/"]}]},{"@type":"ImageObject","inLanguage":"lv-LV","@id":"https:\/\/www.karinibutiik.ee\/toode\/seemisriidest-seest-madala-karvaga-saapad\/#primaryimage","url":"https:\/\/www.karinibutiik.ee\/wp-content\/uploads\/2024\/08\/9302F346-FBA3-4805-A399-18C3D40F89D6.jpeg","contentUrl":"https:\/\/www.karinibutiik.ee\/wp-content\/uploads\/2024\/08\/9302F346-FBA3-4805-A399-18C3D40F89D6.jpeg","width":1200,"height":1500},{"@type":"BreadcrumbList","@id":"https:\/\/www.karinibutiik.ee\/toode\/seemisriidest-seest-madala-karvaga-saapad\/#breadcrumb","itemListElement":[{"@type":"ListItem","position":1,"name":"Home","item":"https:\/\/www.karinibutiik.ee\/"},{"@type":"ListItem","position":2,"name":"Pood","item":"https:\/\/www.karinibutiik.ee\/pood\/"},{"@type":"ListItem","position":3,"name":"Seemisriidest seest madala karvaga saapad"}]},{"@type":"WebSite","@id":"https:\/\/www.karinibutiik.ee\/#website","url":"https:\/\/www.karinibutiik.ee\/","name":"Karini Butiik","description":"","publisher":{"@id":"https:\/\/www.karinibutiik.ee\/#organization"},"potentialAction":[{"@type":"SearchAction","target":{"@type":"EntryPoint","urlTemplate":"https:\/\/www.karinibutiik.ee\/?s={search_term_string}"},"query-input":{"@type":"PropertyValueSpecification","valueRequired":true,"valueName":"search_term_string"}}],"inLanguage":"lv-LV"},{"@type":"Organization","@id":"https:\/\/www.karinibutiik.ee\/#organization","name":"Karini Butiik","url":"https:\/\/www.karinibutiik.ee\/","logo":{"@type":"ImageObject","inLanguage":"lv-LV","@id":"https:\/\/www.karinibutiik.ee\/#\/schema\/logo\/image\/","url":"https:\/\/www.karinibutiik.ee\/wp-content\/uploads\/2024\/10\/Kuj.-K-koopia.png","contentUrl":"https:\/\/www.karinibutiik.ee\/wp-content\/uploads\/2024\/10\/Kuj.-K-koopia.png","width":500,"height":500,"caption":"Karini Butiik"},"image":{"@id":"https:\/\/www.karinibutiik.ee\/#\/schema\/logo\/image\/"},"sameAs":["https:\/\/www.facebook.com\/karinibutiik.ee","https:\/\/www.instagram.com\/karinibutiik"]}]},"og_availability":"instock","product_availability":"instock","product_retailer_item_id":"0651","product_condition":"new"},"_links":{"self":[{"href":"https:\/\/www.karinibutiik.ee\/lv\/wp-json\/wp\/v2\/product\/17926","targetHints":{"allow":["GET"]}}],"collection":[{"href":"https:\/\/www.karinibutiik.ee\/lv\/wp-json\/wp\/v2\/product"}],"about":[{"href":"https:\/\/www.karinibutiik.ee\/lv\/wp-json\/wp\/v2\/types\/product"}],"version-history":[{"count":2,"href":"https:\/\/www.karinibutiik.ee\/lv\/wp-json\/wp\/v2\/product\/17926\/revisions"}],"predecessor-version":[{"id":23911,"href":"https:\/\/www.karinibutiik.ee\/lv\/wp-json\/wp\/v2\/product\/17926\/revisions\/23911"}],"wp:featuredmedia":[{"embeddable":true,"href":"https:\/\/www.karinibutiik.ee\/lv\/wp-json\/wp\/v2\/media\/17928"}],"wp:attachment":[{"href":"https:\/\/www.karinibutiik.ee\/lv\/wp-json\/wp\/v2\/media?parent=17926"}],"wp:term":[{"taxonomy":"product_brand","embeddable":true,"href":"https:\/\/www.karinibutiik.ee\/lv\/wp-json\/wp\/v2\/product_brand?post=17926"},{"taxonomy":"product_cat","embeddable":true,"href":"https:\/\/www.karinibutiik.ee\/lv\/wp-json\/wp\/v2\/product_cat?post=17926"},{"taxonomy":"product_tag","embeddable":true,"href":"https:\/\/www.karinibutiik.ee\/lv\/wp-json\/wp\/v2\/product_tag?post=17926"}],"curies":[{"name":"wp","href":"https:\/\/api.w.org\/{rel}","templated":true}]}}