{"id":18360,"date":"2024-09-22T10:24:08","date_gmt":"2024-09-22T10:24:08","guid":{"rendered":"https:\/\/www.karinibutiik.ee\/?post_type=product&#038;p=18360"},"modified":"2025-11-11T17:47:21","modified_gmt":"2025-11-11T15:47:21","slug":"litterkleid-2-ar-garam-piedurknem","status":"publish","type":"product","link":"https:\/\/www.karinibutiik.ee\/lv\/produkts\/litterkleid-2-ar-garam-piedurknem\/","title":{"rendered":"KLEITA AR GAR\u0100M PIEDURKN\u0112M"},"content":{"rendered":"<p>Izgaismojiet savu \u012bpa\u0161o vakaru ar \u0161o pasakaino litter kleitu ar gar\u0101m piedurkn\u0113m! Kleita ir maksim\u0101la garuma ar elegantu \u0161\u0137\u0113lumu, kas pie\u0161\u0137ir stilam un stilam papildu dramatismu. Mugurpus\u0113 ir \u0113rta aizdare, kas nodro\u0161ina ide\u0101lu piegulumu. Pieejama tr\u012bs kr\u0101\u0161\u0146\u0101s kr\u0101s\u0101s: klasisk\u0101 meln\u0101, tum\u0161i tum\u0161i za\u013c\u0101 un grezn\u0101 zelta.<\/p>\n<p><strong>Funkcijas:<\/strong><\/p>\n<ul>\n<li><em>Maxi garums<\/em>: Elegants garums, ide\u0101li piem\u0113rots sv\u0113tku reiz\u0113m.<\/li>\n<li><em>Gar\u0101m piedurkn\u0113m<\/em>: Pie\u0161\u0137iriet stilu un komfortu v\u0113s\u0101kos vakaros.<\/li>\n<li><em>Skimming<\/em>: Pie\u0161\u0137ir kleitai kust\u012bbu un burv\u012bgu izskatu.<\/li>\n<li><em>Aizdares aizdare aizmugur\u0113<\/em>: Nodro\u0161ina vienm\u0113r\u012bgu un \u0113rtu piegul\u0113\u0161anu.<\/li>\n<li><em>Kr\u0101sas<\/em>: Melna, tum\u0161i za\u013ca un zelta - izv\u0113lieties sev t\u012bkam\u0101ko!<\/li>\n<\/ul>\n<p>Ide\u0101la izv\u0113le, lai justos kr\u0101\u0161\u0146i un p\u0101rliecino\u0161i jebkur\u0101 sv\u0113tku pas\u0101kum\u0101!<\/p>","protected":false},"excerpt":{"rendered":"<p>S\u00e4ra oma erilisel \u00f5htul selle v\u00f5rratu pikkade varrukatega litterkleidiga! Kleit on maksi pikkuses, elegantse l\u00f5hikuga, mis lisab dramaatilisust ja stiili. [&hellip;]<\/p>\n","protected":false},"featured_media":18345,"template":"","meta":{"site-sidebar-layout":"default","site-content-layout":"","ast-site-content-layout":"default","site-content-style":"default","site-sidebar-style":"default","ast-global-header-display":"","ast-banner-title-visibility":"","ast-main-header-display":"","ast-hfb-above-header-display":"","ast-hfb-below-header-display":"","ast-hfb-mobile-header-display":"","site-post-title":"","ast-breadcrumbs-content":"","ast-featured-img":"","footer-sml-layout":"","ast-disable-related-posts":"","theme-transparent-header-meta":"default","adv-header-id-meta":"","stick-header-meta":"default","header-above-stick-meta":"","header-main-stick-meta":"","header-below-stick-meta":"","astra-migrate-meta-layouts":"set","ast-page-background-enabled":"default","ast-page-background-meta":{"desktop":{"background-color":"var(--ast-global-color-4)","background-image":"","background-repeat":"repeat","background-position":"center center","background-size":"auto","background-attachment":"scroll","background-type":"","background-media":"","overlay-type":"","overlay-color":"","overlay-opacity":"","overlay-gradient":""},"tablet":{"background-color":"","background-image":"","background-repeat":"repeat","background-position":"center center","background-size":"auto","background-attachment":"scroll","background-type":"","background-media":"","overlay-type":"","overlay-color":"","overlay-opacity":"","overlay-gradient":""},"mobile":{"background-color":"","background-image":"","background-repeat":"repeat","background-position":"center center","background-size":"auto","background-attachment":"scroll","background-type":"","background-media":"","overlay-type":"","overlay-color":"","overlay-opacity":"","overlay-gradient":""}},"ast-content-background-meta":{"desktop":{"background-color":"var(--ast-global-color-5)","background-image":"","background-repeat":"repeat","background-position":"center center","background-size":"auto","background-attachment":"scroll","background-type":"","background-media":"","overlay-type":"","overlay-color":"","overlay-opacity":"","overlay-gradient":""},"tablet":{"background-color":"var(--ast-global-color-5)","background-image":"","background-repeat":"repeat","background-position":"center center","background-size":"auto","background-attachment":"scroll","background-type":"","background-media":"","overlay-type":"","overlay-color":"","overlay-opacity":"","overlay-gradient":""},"mobile":{"background-color":"var(--ast-global-color-5)","background-image":"","background-repeat":"repeat","background-position":"center center","background-size":"auto","background-attachment":"scroll","background-type":"","background-media":"","overlay-type":"","overlay-color":"","overlay-opacity":"","overlay-gradient":""}}},"product_brand":[],"product_cat":[367,347,377,357,346,453],"product_tag":[903,475,905,596,501,477,877,640,637,109,92],"class_list":{"0":"post-18360","1":"product","2":"type-product","3":"status-publish","4":"has-post-thumbnail","6":"product_cat-allahindlus","7":"product_cat-kleidid","8":"product_cat-litter-ja-glitterkleidid","9":"product_cat-maksikleidid","10":"product_cat-naised","11":"product_cat-soodus","12":"product_tag-aastavahetuse-gaala-kleidid","13":"product_tag-dresshouse","14":"product_tag-gaala-kleidid","15":"product_tag-get-dressed","16":"product_tag-karini-butiik","17":"product_tag-kleidibutiik","18":"product_tag-litritega-kleidid","19":"product_tag-litterkleidid","20":"product_tag-litterkleit","21":"product_tag-maksikleit","22":"product_tag-pidulikud-kleidid","23":"desktop-align-center","24":"tablet-align-center","25":"mobile-align-center","26":"ast-product-gallery-layout-horizontal-slider","27":"ast-product-single-variable","28":"ast-product-tabs-layout-horizontal","30":"first","31":"instock","32":"sale","33":"taxable","34":"shipping-taxable","35":"purchasable","36":"product-type-variable"},"supplier_id":null,"supplier_sku":"","barcode":null,"atum_controlled":true,"out_stock_date":null,"out_stock_threshold":null,"inheritable":true,"inbound_stock":0,"stock_on_hold":0,"sold_today":0,"sales_last_days":0,"reserved_stock":0,"customer_returns":0,"warehouse_damage":0,"lost_in_post":0,"other_logs":0,"out_stock_days":0,"lost_sales":0,"has_location":false,"update_date":"2025-12-05T12:49:35","atum_locations":[],"atum_stock_status":"instock","restock_status":false,"low_stock_amount":"","sales_update_date":"2025-12-05T12:49:35","calc_backorders":null,"yoast_head":"<!-- This site is optimized with the Yoast SEO plugin v26.9 - https:\/\/yoast.com\/product\/yoast-seo-wordpress\/ -->\n<title>PIKKADE VARRUKATEGA LITTERKLEIT - Karini Butiik<\/title>\n<meta name=\"description\" content=\"Ole t\u00e4helepanu keskpunktis meie v\u00f5rratu pikkade varrukatega litterkleidiga! Vali kuldne, must v\u00f5i tumeroheline. S\u00e4rava v\u00e4limuse tagab elegantne l\u00f5hik.\" \/>\n<meta name=\"robots\" content=\"index, follow, max-snippet:-1, max-image-preview:large, max-video-preview:-1\" \/>\n<link rel=\"canonical\" href=\"https:\/\/www.karinibutiik.ee\/lv\/produkts\/litterkleid-2-ar-garam-piedurknem\/\" \/>\n<meta property=\"og:locale\" content=\"lv_LV\" \/>\n<meta property=\"og:type\" content=\"article\" \/>\n<meta property=\"og:title\" content=\"PIKKADE VARRUKATEGA LITTERKLEIT - Karini Butiik\" \/>\n<meta property=\"og:description\" content=\"Ole t\u00e4helepanu keskpunktis meie v\u00f5rratu pikkade varrukatega litterkleidiga! Vali kuldne, must v\u00f5i tumeroheline. S\u00e4rava v\u00e4limuse tagab elegantne l\u00f5hik.\" \/>\n<meta property=\"og:url\" content=\"https:\/\/www.karinibutiik.ee\/lv\/produkts\/litterkleid-2-ar-garam-piedurknem\/\" \/>\n<meta property=\"og:site_name\" content=\"Karini Butiik\" \/>\n<meta property=\"article:publisher\" content=\"https:\/\/www.facebook.com\/karinibutiik.ee\" \/>\n<meta property=\"article:modified_time\" content=\"2025-11-11T15:47:21+00:00\" \/>\n<meta property=\"og:image\" content=\"https:\/\/www.karinibutiik.ee\/wp-content\/uploads\/2024\/08\/IMG_5654.jpeg\" \/>\n\t<meta property=\"og:image:width\" content=\"1200\" \/>\n\t<meta property=\"og:image:height\" content=\"1500\" \/>\n\t<meta property=\"og:image:type\" content=\"image\/jpeg\" \/>\n<meta name=\"twitter:card\" content=\"summary_large_image\" \/>\n<meta name=\"twitter:label1\" content=\"Availability\" \/>\n\t<meta name=\"twitter:data1\" content=\"In stock\" \/>\n<script type=\"application\/ld+json\" class=\"yoast-schema-graph\">{\"@context\":\"https:\/\/schema.org\",\"@graph\":[{\"@type\":\"WebPage\",\"@id\":\"https:\/\/www.karinibutiik.ee\/toode\/pikkade-varrukatega-litterkleit-2\/\",\"url\":\"https:\/\/www.karinibutiik.ee\/toode\/pikkade-varrukatega-litterkleit-2\/\",\"name\":\"PIKKADE VARRUKATEGA LITTERKLEIT - Karini Butiik\",\"isPartOf\":{\"@id\":\"https:\/\/www.karinibutiik.ee\/#website\"},\"primaryImageOfPage\":{\"@id\":\"https:\/\/www.karinibutiik.ee\/toode\/pikkade-varrukatega-litterkleit-2\/#primaryimage\"},\"image\":{\"@id\":\"https:\/\/www.karinibutiik.ee\/toode\/pikkade-varrukatega-litterkleit-2\/#primaryimage\"},\"thumbnailUrl\":\"https:\/\/www.karinibutiik.ee\/wp-content\/uploads\/2024\/08\/IMG_5654.jpeg\",\"datePublished\":\"2024-09-22T10:24:08+00:00\",\"dateModified\":\"2025-11-11T15:47:21+00:00\",\"description\":\"Ole t\u00e4helepanu keskpunktis meie v\u00f5rratu pikkade varrukatega litterkleidiga! Vali kuldne, must v\u00f5i tumeroheline. S\u00e4rava v\u00e4limuse tagab elegantne l\u00f5hik.\",\"breadcrumb\":{\"@id\":\"https:\/\/www.karinibutiik.ee\/toode\/pikkade-varrukatega-litterkleit-2\/#breadcrumb\"},\"inLanguage\":\"lv-LV\",\"potentialAction\":[{\"@type\":\"ReadAction\",\"target\":[\"https:\/\/www.karinibutiik.ee\/toode\/pikkade-varrukatega-litterkleit-2\/\"]}]},{\"@type\":\"ImageObject\",\"inLanguage\":\"lv-LV\",\"@id\":\"https:\/\/www.karinibutiik.ee\/toode\/pikkade-varrukatega-litterkleit-2\/#primaryimage\",\"url\":\"https:\/\/www.karinibutiik.ee\/wp-content\/uploads\/2024\/08\/IMG_5654.jpeg\",\"contentUrl\":\"https:\/\/www.karinibutiik.ee\/wp-content\/uploads\/2024\/08\/IMG_5654.jpeg\",\"width\":1200,\"height\":1500},{\"@type\":\"BreadcrumbList\",\"@id\":\"https:\/\/www.karinibutiik.ee\/toode\/pikkade-varrukatega-litterkleit-2\/#breadcrumb\",\"itemListElement\":[{\"@type\":\"ListItem\",\"position\":1,\"name\":\"Home\",\"item\":\"https:\/\/www.karinibutiik.ee\/\"},{\"@type\":\"ListItem\",\"position\":2,\"name\":\"Pood\",\"item\":\"https:\/\/www.karinibutiik.ee\/pood\/\"},{\"@type\":\"ListItem\",\"position\":3,\"name\":\"PIKKADE VARRUKATEGA LITTERKLEIT\"}]},{\"@type\":\"WebSite\",\"@id\":\"https:\/\/www.karinibutiik.ee\/#website\",\"url\":\"https:\/\/www.karinibutiik.ee\/\",\"name\":\"Karini Butiik\",\"description\":\"\",\"publisher\":{\"@id\":\"https:\/\/www.karinibutiik.ee\/#organization\"},\"potentialAction\":[{\"@type\":\"SearchAction\",\"target\":{\"@type\":\"EntryPoint\",\"urlTemplate\":\"https:\/\/www.karinibutiik.ee\/?s={search_term_string}\"},\"query-input\":{\"@type\":\"PropertyValueSpecification\",\"valueRequired\":true,\"valueName\":\"search_term_string\"}}],\"inLanguage\":\"lv-LV\"},{\"@type\":\"Organization\",\"@id\":\"https:\/\/www.karinibutiik.ee\/#organization\",\"name\":\"Karini Butiik\",\"url\":\"https:\/\/www.karinibutiik.ee\/\",\"logo\":{\"@type\":\"ImageObject\",\"inLanguage\":\"lv-LV\",\"@id\":\"https:\/\/www.karinibutiik.ee\/#\/schema\/logo\/image\/\",\"url\":\"https:\/\/www.karinibutiik.ee\/wp-content\/uploads\/2024\/10\/Kuj.-K-koopia.png\",\"contentUrl\":\"https:\/\/www.karinibutiik.ee\/wp-content\/uploads\/2024\/10\/Kuj.-K-koopia.png\",\"width\":500,\"height\":500,\"caption\":\"Karini Butiik\"},\"image\":{\"@id\":\"https:\/\/www.karinibutiik.ee\/#\/schema\/logo\/image\/\"},\"sameAs\":[\"https:\/\/www.facebook.com\/karinibutiik.ee\",\"https:\/\/www.instagram.com\/karinibutiik\"]}]}<\/script>\n<meta property=\"og:availability\" content=\"instock\" \/>\n<meta property=\"product:availability\" content=\"instock\" \/>\n<meta property=\"product:retailer_item_id\" content=\"12935\" \/>\n<meta property=\"product:condition\" content=\"new\" \/>\n<!-- \/ Yoast SEO plugin. -->","yoast_head_json":{"title":"LIETENS AUDUMS AR GARIEM STEMPLIEM - Karini Butiik","description":"Esiet uzman\u012bbas centr\u0101 ar m\u016bsu pasakaino litter kleitu ar gar\u0101m piedurkn\u0113m! Izv\u0113lieties zelta, melnu vai tum\u0161i za\u013cu kr\u0101su. Elegants \u0161\u0137\u0113lums kr\u0101\u0161\u0146am izskatam.","robots":{"index":"index","follow":"follow","max-snippet":"max-snippet:-1","max-image-preview":"max-image-preview:large","max-video-preview":"max-video-preview:-1"},"canonical":"https:\/\/www.karinibutiik.ee\/lv\/produkts\/litterkleid-2-ar-garam-piedurknem\/","og_locale":"lv_LV","og_type":"article","og_title":"PIKKADE VARRUKATEGA LITTERKLEIT - Karini Butiik","og_description":"Ole t\u00e4helepanu keskpunktis meie v\u00f5rratu pikkade varrukatega litterkleidiga! Vali kuldne, must v\u00f5i tumeroheline. S\u00e4rava v\u00e4limuse tagab elegantne l\u00f5hik.","og_url":"https:\/\/www.karinibutiik.ee\/lv\/produkts\/litterkleid-2-ar-garam-piedurknem\/","og_site_name":"Karini Butiik","article_publisher":"https:\/\/www.facebook.com\/karinibutiik.ee","article_modified_time":"2025-11-11T15:47:21+00:00","og_image":[{"width":1200,"height":1500,"url":"https:\/\/www.karinibutiik.ee\/wp-content\/uploads\/2024\/08\/IMG_5654.jpeg","type":"image\/jpeg"}],"twitter_card":"summary_large_image","twitter_misc":{"Availability":"In stock"},"schema":{"@context":"https:\/\/schema.org","@graph":[{"@type":"WebPage","@id":"https:\/\/www.karinibutiik.ee\/toode\/pikkade-varrukatega-litterkleit-2\/","url":"https:\/\/www.karinibutiik.ee\/toode\/pikkade-varrukatega-litterkleit-2\/","name":"LIETENS AUDUMS AR GARIEM STEMPLIEM - Karini Butiik","isPartOf":{"@id":"https:\/\/www.karinibutiik.ee\/#website"},"primaryImageOfPage":{"@id":"https:\/\/www.karinibutiik.ee\/toode\/pikkade-varrukatega-litterkleit-2\/#primaryimage"},"image":{"@id":"https:\/\/www.karinibutiik.ee\/toode\/pikkade-varrukatega-litterkleit-2\/#primaryimage"},"thumbnailUrl":"https:\/\/www.karinibutiik.ee\/wp-content\/uploads\/2024\/08\/IMG_5654.jpeg","datePublished":"2024-09-22T10:24:08+00:00","dateModified":"2025-11-11T15:47:21+00:00","description":"Esiet uzman\u012bbas centr\u0101 ar m\u016bsu pasakaino litter kleitu ar gar\u0101m piedurkn\u0113m! Izv\u0113lieties zelta, melnu vai tum\u0161i za\u013cu kr\u0101su. Elegants \u0161\u0137\u0113lums kr\u0101\u0161\u0146am izskatam.","breadcrumb":{"@id":"https:\/\/www.karinibutiik.ee\/toode\/pikkade-varrukatega-litterkleit-2\/#breadcrumb"},"inLanguage":"lv-LV","potentialAction":[{"@type":"ReadAction","target":["https:\/\/www.karinibutiik.ee\/toode\/pikkade-varrukatega-litterkleit-2\/"]}]},{"@type":"ImageObject","inLanguage":"lv-LV","@id":"https:\/\/www.karinibutiik.ee\/toode\/pikkade-varrukatega-litterkleit-2\/#primaryimage","url":"https:\/\/www.karinibutiik.ee\/wp-content\/uploads\/2024\/08\/IMG_5654.jpeg","contentUrl":"https:\/\/www.karinibutiik.ee\/wp-content\/uploads\/2024\/08\/IMG_5654.jpeg","width":1200,"height":1500},{"@type":"BreadcrumbList","@id":"https:\/\/www.karinibutiik.ee\/toode\/pikkade-varrukatega-litterkleit-2\/#breadcrumb","itemListElement":[{"@type":"ListItem","position":1,"name":"Home","item":"https:\/\/www.karinibutiik.ee\/"},{"@type":"ListItem","position":2,"name":"Pood","item":"https:\/\/www.karinibutiik.ee\/pood\/"},{"@type":"ListItem","position":3,"name":"PIKKADE VARRUKATEGA LITTERKLEIT"}]},{"@type":"WebSite","@id":"https:\/\/www.karinibutiik.ee\/#website","url":"https:\/\/www.karinibutiik.ee\/","name":"Karini Butiik","description":"","publisher":{"@id":"https:\/\/www.karinibutiik.ee\/#organization"},"potentialAction":[{"@type":"SearchAction","target":{"@type":"EntryPoint","urlTemplate":"https:\/\/www.karinibutiik.ee\/?s={search_term_string}"},"query-input":{"@type":"PropertyValueSpecification","valueRequired":true,"valueName":"search_term_string"}}],"inLanguage":"lv-LV"},{"@type":"Organization","@id":"https:\/\/www.karinibutiik.ee\/#organization","name":"Karini Butiik","url":"https:\/\/www.karinibutiik.ee\/","logo":{"@type":"ImageObject","inLanguage":"lv-LV","@id":"https:\/\/www.karinibutiik.ee\/#\/schema\/logo\/image\/","url":"https:\/\/www.karinibutiik.ee\/wp-content\/uploads\/2024\/10\/Kuj.-K-koopia.png","contentUrl":"https:\/\/www.karinibutiik.ee\/wp-content\/uploads\/2024\/10\/Kuj.-K-koopia.png","width":500,"height":500,"caption":"Karini Butiik"},"image":{"@id":"https:\/\/www.karinibutiik.ee\/#\/schema\/logo\/image\/"},"sameAs":["https:\/\/www.facebook.com\/karinibutiik.ee","https:\/\/www.instagram.com\/karinibutiik"]}]},"og_availability":"instock","product_availability":"instock","product_retailer_item_id":"12935","product_condition":"new"},"_links":{"self":[{"href":"https:\/\/www.karinibutiik.ee\/lv\/wp-json\/wp\/v2\/product\/18360","targetHints":{"allow":["GET"]}}],"collection":[{"href":"https:\/\/www.karinibutiik.ee\/lv\/wp-json\/wp\/v2\/product"}],"about":[{"href":"https:\/\/www.karinibutiik.ee\/lv\/wp-json\/wp\/v2\/types\/product"}],"version-history":[{"count":1,"href":"https:\/\/www.karinibutiik.ee\/lv\/wp-json\/wp\/v2\/product\/18360\/revisions"}],"predecessor-version":[{"id":18378,"href":"https:\/\/www.karinibutiik.ee\/lv\/wp-json\/wp\/v2\/product\/18360\/revisions\/18378"}],"wp:featuredmedia":[{"embeddable":true,"href":"https:\/\/www.karinibutiik.ee\/lv\/wp-json\/wp\/v2\/media\/18345"}],"wp:attachment":[{"href":"https:\/\/www.karinibutiik.ee\/lv\/wp-json\/wp\/v2\/media?parent=18360"}],"wp:term":[{"taxonomy":"product_brand","embeddable":true,"href":"https:\/\/www.karinibutiik.ee\/lv\/wp-json\/wp\/v2\/product_brand?post=18360"},{"taxonomy":"product_cat","embeddable":true,"href":"https:\/\/www.karinibutiik.ee\/lv\/wp-json\/wp\/v2\/product_cat?post=18360"},{"taxonomy":"product_tag","embeddable":true,"href":"https:\/\/www.karinibutiik.ee\/lv\/wp-json\/wp\/v2\/product_tag?post=18360"}],"curies":[{"name":"wp","href":"https:\/\/api.w.org\/{rel}","templated":true}]}}