{"id":18379,"date":"2024-09-22T10:48:43","date_gmt":"2024-09-22T10:48:43","guid":{"rendered":"https:\/\/www.karinibutiik.ee\/?post_type=product&#038;p=18379"},"modified":"2026-02-23T16:14:24","modified_gmt":"2026-02-23T14:14:24","slug":"aknas-ar-litriem-2","status":"publish","type":"product","link":"https:\/\/www.karinibutiik.ee\/lv\/produkts\/aknas-ar-litriem-2\/","title":{"rendered":"AKNU KLEITA AR LITRIEM"},"content":{"rendered":"<p>Mirdziet un piev\u0113rsiet uzman\u012bbu m\u016bsu smalkaj\u0101 plecu siksni\u0146u metiena kleit\u0101! \u0160\u012b aknu kleita ir \u012bsts paraugdemonstr\u0113jums, kas lieliski piem\u0113rots sv\u0113tku reiz\u0113m.<\/p>\n<p><strong>Funkcijas:<\/strong><\/p>\n<ul>\n<li><em>Glam\u016br\u012bgs litterdesign<\/em>: Kleita ir rot\u0101ta ar mirdzo\u0161iem fliteriem, kas pie\u0161\u0137ir greznu un kr\u0101\u0161\u0146u mirdzumu.<\/li>\n<li><em>Smalkas plecu siksnas<\/em>: Smalki plecu siksni\u0146as veido elegantu un sievi\u0161\u0137\u012bgu siluetu.<\/li>\n<li><em>Maksim\u0101lais garums un \u0161\u0137\u0113lums<\/em>: Gar\u0101ks piegriezums un augsts \u0161\u0137\u0113lums pie\u0161\u0137ir kleitai dramatisku un kr\u0101\u0161\u0146u izskatu, vienlaikus nodro\u0161inot kust\u012bbu br\u012bv\u012bbu.<\/li>\n<li><em>Aizmugur\u0113 uzst\u0101d\u012bta sl\u0113dzene<\/em>: Diskr\u0113ta aizmugur\u0113j\u0101 aizdare \u0113rtai un dro\u0161ai piegu\u013co\u0161anai.<\/li>\n<li><em>Kr\u0101su opcijas<\/em>: Pieejami tr\u012bs stil\u012bgos to\u0146os - klasisk\u0101 meln\u0101, tum\u0161i tum\u0161i violet\u0101 un grezn\u0101 zelta.<\/li>\n<\/ul>\n<p>Papildiniet savu garderobi ar glam\u016bru un eleganci, izv\u0113loties m\u016bsu litter kleitu, kas ir rad\u012bta, lai j\u016bs sp\u012bd\u0113tu jebkur\u0101 ball\u012bt\u0113!<\/p>","protected":false},"excerpt":{"rendered":"<p>S\u00e4ra ja t\u00f5mba t\u00e4helepanu meie peenete \u00f5lapaeltega litterkleidis! See maksikleit on t\u00f5eline showstopper, ideaalne pidulikeks s\u00fcndmusteks. Omadused: Glamuurne litterdisain: Kleit [&hellip;]<\/p>\n","protected":false},"featured_media":18381,"template":"","meta":{"site-sidebar-layout":"default","site-content-layout":"","ast-site-content-layout":"default","site-content-style":"default","site-sidebar-style":"default","ast-global-header-display":"","ast-banner-title-visibility":"","ast-main-header-display":"","ast-hfb-above-header-display":"","ast-hfb-below-header-display":"","ast-hfb-mobile-header-display":"","site-post-title":"","ast-breadcrumbs-content":"","ast-featured-img":"","footer-sml-layout":"","ast-disable-related-posts":"","theme-transparent-header-meta":"default","adv-header-id-meta":"","stick-header-meta":"default","header-above-stick-meta":"","header-main-stick-meta":"","header-below-stick-meta":"","astra-migrate-meta-layouts":"set","ast-page-background-enabled":"default","ast-page-background-meta":{"desktop":{"background-color":"var(--ast-global-color-4)","background-image":"","background-repeat":"repeat","background-position":"center center","background-size":"auto","background-attachment":"scroll","background-type":"","background-media":"","overlay-type":"","overlay-color":"","overlay-opacity":"","overlay-gradient":""},"tablet":{"background-color":"","background-image":"","background-repeat":"repeat","background-position":"center center","background-size":"auto","background-attachment":"scroll","background-type":"","background-media":"","overlay-type":"","overlay-color":"","overlay-opacity":"","overlay-gradient":""},"mobile":{"background-color":"","background-image":"","background-repeat":"repeat","background-position":"center center","background-size":"auto","background-attachment":"scroll","background-type":"","background-media":"","overlay-type":"","overlay-color":"","overlay-opacity":"","overlay-gradient":""}},"ast-content-background-meta":{"desktop":{"background-color":"var(--ast-global-color-5)","background-image":"","background-repeat":"repeat","background-position":"center center","background-size":"auto","background-attachment":"scroll","background-type":"","background-media":"","overlay-type":"","overlay-color":"","overlay-opacity":"","overlay-gradient":""},"tablet":{"background-color":"var(--ast-global-color-5)","background-image":"","background-repeat":"repeat","background-position":"center center","background-size":"auto","background-attachment":"scroll","background-type":"","background-media":"","overlay-type":"","overlay-color":"","overlay-opacity":"","overlay-gradient":""},"mobile":{"background-color":"var(--ast-global-color-5)","background-image":"","background-repeat":"repeat","background-position":"center center","background-size":"auto","background-attachment":"scroll","background-type":"","background-media":"","overlay-type":"","overlay-color":"","overlay-opacity":"","overlay-gradient":""}}},"product_brand":[],"product_cat":[367,347,377,357,346,453],"product_tag":[903,475,905,596,501,477,877,640,637,109,92],"class_list":{"0":"post-18379","1":"product","2":"type-product","3":"status-publish","4":"has-post-thumbnail","6":"product_cat-allahindlus","7":"product_cat-kleidid","8":"product_cat-litter-ja-glitterkleidid","9":"product_cat-maksikleidid","10":"product_cat-naised","11":"product_cat-soodus","12":"product_tag-aastavahetuse-gaala-kleidid","13":"product_tag-dresshouse","14":"product_tag-gaala-kleidid","15":"product_tag-get-dressed","16":"product_tag-karini-butiik","17":"product_tag-kleidibutiik","18":"product_tag-litritega-kleidid","19":"product_tag-litterkleidid","20":"product_tag-litterkleit","21":"product_tag-maksikleit","22":"product_tag-pidulikud-kleidid","23":"desktop-align-center","24":"tablet-align-center","25":"mobile-align-center","26":"ast-product-gallery-layout-horizontal-slider","27":"ast-product-single-variable","28":"ast-product-tabs-layout-horizontal","30":"first","31":"instock","32":"sale","33":"taxable","34":"shipping-taxable","35":"purchasable","36":"product-type-variable"},"supplier_id":null,"supplier_sku":"","barcode":null,"atum_controlled":true,"out_stock_date":null,"out_stock_threshold":null,"inheritable":true,"inbound_stock":0,"stock_on_hold":0,"sold_today":0,"sales_last_days":0,"reserved_stock":0,"customer_returns":0,"warehouse_damage":0,"lost_in_post":0,"other_logs":0,"out_stock_days":0,"lost_sales":0,"has_location":false,"update_date":"2025-12-05T12:49:40","atum_locations":[],"atum_stock_status":"instock","restock_status":false,"low_stock_amount":"","sales_update_date":"2025-12-05T12:49:40","calc_backorders":null,"yoast_head":"<!-- This site is optimized with the Yoast SEO plugin v26.9 - https:\/\/yoast.com\/product\/yoast-seo-wordpress\/ -->\n<title>LITRITEGA MAKSIKLEIT - Karini Butiik<\/title>\n<meta name=\"description\" content=\"S\u00e4ra peol r\u00f5\u00f5msav\u00e4rvilises s\u00e4delevas litterkleidis. Meie glamuurne maksikleit lisab sulle pidulikku s\u00e4ra ja enesekindlust. Osta juba t\u00e4na!\" \/>\n<meta name=\"robots\" content=\"index, follow, max-snippet:-1, max-image-preview:large, max-video-preview:-1\" \/>\n<link rel=\"canonical\" href=\"https:\/\/www.karinibutiik.ee\/lv\/produkts\/aknas-ar-litriem-2\/\" \/>\n<meta property=\"og:locale\" content=\"lv_LV\" \/>\n<meta property=\"og:type\" content=\"article\" \/>\n<meta property=\"og:title\" content=\"LITRITEGA MAKSIKLEIT - Karini Butiik\" \/>\n<meta property=\"og:description\" content=\"S\u00e4ra peol r\u00f5\u00f5msav\u00e4rvilises s\u00e4delevas litterkleidis. Meie glamuurne maksikleit lisab sulle pidulikku s\u00e4ra ja enesekindlust. Osta juba t\u00e4na!\" \/>\n<meta property=\"og:url\" content=\"https:\/\/www.karinibutiik.ee\/lv\/produkts\/aknas-ar-litriem-2\/\" \/>\n<meta property=\"og:site_name\" content=\"Karini Butiik\" \/>\n<meta property=\"article:publisher\" content=\"https:\/\/www.facebook.com\/karinibutiik.ee\" \/>\n<meta property=\"article:modified_time\" content=\"2026-02-23T14:14:24+00:00\" \/>\n<meta property=\"og:image\" content=\"https:\/\/www.karinibutiik.ee\/wp-content\/uploads\/2024\/08\/IMG_4808-e1724323252843.jpeg\" \/>\n\t<meta property=\"og:image:width\" content=\"980\" \/>\n\t<meta property=\"og:image:height\" content=\"1282\" \/>\n\t<meta property=\"og:image:type\" content=\"image\/jpeg\" \/>\n<meta name=\"twitter:card\" content=\"summary_large_image\" \/>\n<meta name=\"twitter:label1\" content=\"Availability\" \/>\n\t<meta name=\"twitter:data1\" content=\"In stock\" \/>\n<script type=\"application\/ld+json\" class=\"yoast-schema-graph\">{\"@context\":\"https:\/\/schema.org\",\"@graph\":[{\"@type\":\"WebPage\",\"@id\":\"https:\/\/www.karinibutiik.ee\/toode\/litritega-maksikleit-2\/\",\"url\":\"https:\/\/www.karinibutiik.ee\/toode\/litritega-maksikleit-2\/\",\"name\":\"LITRITEGA MAKSIKLEIT - Karini Butiik\",\"isPartOf\":{\"@id\":\"https:\/\/www.karinibutiik.ee\/#website\"},\"primaryImageOfPage\":{\"@id\":\"https:\/\/www.karinibutiik.ee\/toode\/litritega-maksikleit-2\/#primaryimage\"},\"image\":{\"@id\":\"https:\/\/www.karinibutiik.ee\/toode\/litritega-maksikleit-2\/#primaryimage\"},\"thumbnailUrl\":\"https:\/\/www.karinibutiik.ee\/wp-content\/uploads\/2024\/08\/IMG_4808-e1724323252843.jpeg\",\"datePublished\":\"2024-09-22T10:48:43+00:00\",\"dateModified\":\"2026-02-23T14:14:24+00:00\",\"description\":\"S\u00e4ra peol r\u00f5\u00f5msav\u00e4rvilises s\u00e4delevas litterkleidis. Meie glamuurne maksikleit lisab sulle pidulikku s\u00e4ra ja enesekindlust. Osta juba t\u00e4na!\",\"breadcrumb\":{\"@id\":\"https:\/\/www.karinibutiik.ee\/toode\/litritega-maksikleit-2\/#breadcrumb\"},\"inLanguage\":\"lv-LV\",\"potentialAction\":[{\"@type\":\"ReadAction\",\"target\":[\"https:\/\/www.karinibutiik.ee\/toode\/litritega-maksikleit-2\/\"]}]},{\"@type\":\"ImageObject\",\"inLanguage\":\"lv-LV\",\"@id\":\"https:\/\/www.karinibutiik.ee\/toode\/litritega-maksikleit-2\/#primaryimage\",\"url\":\"https:\/\/www.karinibutiik.ee\/wp-content\/uploads\/2024\/08\/IMG_4808-e1724323252843.jpeg\",\"contentUrl\":\"https:\/\/www.karinibutiik.ee\/wp-content\/uploads\/2024\/08\/IMG_4808-e1724323252843.jpeg\",\"width\":980,\"height\":1282},{\"@type\":\"BreadcrumbList\",\"@id\":\"https:\/\/www.karinibutiik.ee\/toode\/litritega-maksikleit-2\/#breadcrumb\",\"itemListElement\":[{\"@type\":\"ListItem\",\"position\":1,\"name\":\"Home\",\"item\":\"https:\/\/www.karinibutiik.ee\/\"},{\"@type\":\"ListItem\",\"position\":2,\"name\":\"Pood\",\"item\":\"https:\/\/www.karinibutiik.ee\/pood\/\"},{\"@type\":\"ListItem\",\"position\":3,\"name\":\"LITRITEGA MAKSIKLEIT\"}]},{\"@type\":\"WebSite\",\"@id\":\"https:\/\/www.karinibutiik.ee\/#website\",\"url\":\"https:\/\/www.karinibutiik.ee\/\",\"name\":\"Karini Butiik\",\"description\":\"\",\"publisher\":{\"@id\":\"https:\/\/www.karinibutiik.ee\/#organization\"},\"potentialAction\":[{\"@type\":\"SearchAction\",\"target\":{\"@type\":\"EntryPoint\",\"urlTemplate\":\"https:\/\/www.karinibutiik.ee\/?s={search_term_string}\"},\"query-input\":{\"@type\":\"PropertyValueSpecification\",\"valueRequired\":true,\"valueName\":\"search_term_string\"}}],\"inLanguage\":\"lv-LV\"},{\"@type\":\"Organization\",\"@id\":\"https:\/\/www.karinibutiik.ee\/#organization\",\"name\":\"Karini Butiik\",\"url\":\"https:\/\/www.karinibutiik.ee\/\",\"logo\":{\"@type\":\"ImageObject\",\"inLanguage\":\"lv-LV\",\"@id\":\"https:\/\/www.karinibutiik.ee\/#\/schema\/logo\/image\/\",\"url\":\"https:\/\/www.karinibutiik.ee\/wp-content\/uploads\/2024\/10\/Kuj.-K-koopia.png\",\"contentUrl\":\"https:\/\/www.karinibutiik.ee\/wp-content\/uploads\/2024\/10\/Kuj.-K-koopia.png\",\"width\":500,\"height\":500,\"caption\":\"Karini Butiik\"},\"image\":{\"@id\":\"https:\/\/www.karinibutiik.ee\/#\/schema\/logo\/image\/\"},\"sameAs\":[\"https:\/\/www.facebook.com\/karinibutiik.ee\",\"https:\/\/www.instagram.com\/karinibutiik\"]}]}<\/script>\n<meta property=\"og:availability\" content=\"instock\" \/>\n<meta property=\"product:availability\" content=\"instock\" \/>\n<meta property=\"product:retailer_item_id\" content=\"12767\" \/>\n<meta property=\"product:condition\" content=\"new\" \/>\n<!-- \/ Yoast SEO plugin. -->","yoast_head_json":{"title":"LITERAT\u016aRA AR MAKSIKLEITU - Karini Butiik","description":"Mirdziet ball\u012bt\u0113 ko\u0161\u0101, ko\u0161\u0101, dzirksto\u0161\u0101 atkritumu kleit\u0101. M\u016bsu kr\u0101\u0161\u0146\u0101 aknu kleita pie\u0161\u0137irs sv\u0113tku mirdzumu un p\u0101rliec\u012bbu. Ieg\u0101d\u0101jieties \u0161odien!","robots":{"index":"index","follow":"follow","max-snippet":"max-snippet:-1","max-image-preview":"max-image-preview:large","max-video-preview":"max-video-preview:-1"},"canonical":"https:\/\/www.karinibutiik.ee\/lv\/produkts\/aknas-ar-litriem-2\/","og_locale":"lv_LV","og_type":"article","og_title":"LITRITEGA MAKSIKLEIT - Karini Butiik","og_description":"S\u00e4ra peol r\u00f5\u00f5msav\u00e4rvilises s\u00e4delevas litterkleidis. Meie glamuurne maksikleit lisab sulle pidulikku s\u00e4ra ja enesekindlust. Osta juba t\u00e4na!","og_url":"https:\/\/www.karinibutiik.ee\/lv\/produkts\/aknas-ar-litriem-2\/","og_site_name":"Karini Butiik","article_publisher":"https:\/\/www.facebook.com\/karinibutiik.ee","article_modified_time":"2026-02-23T14:14:24+00:00","og_image":[{"width":980,"height":1282,"url":"https:\/\/www.karinibutiik.ee\/wp-content\/uploads\/2024\/08\/IMG_4808-e1724323252843.jpeg","type":"image\/jpeg"}],"twitter_card":"summary_large_image","twitter_misc":{"Availability":"In stock"},"schema":{"@context":"https:\/\/schema.org","@graph":[{"@type":"WebPage","@id":"https:\/\/www.karinibutiik.ee\/toode\/litritega-maksikleit-2\/","url":"https:\/\/www.karinibutiik.ee\/toode\/litritega-maksikleit-2\/","name":"LITERAT\u016aRA AR MAKSIKLEITU - Karini Butiik","isPartOf":{"@id":"https:\/\/www.karinibutiik.ee\/#website"},"primaryImageOfPage":{"@id":"https:\/\/www.karinibutiik.ee\/toode\/litritega-maksikleit-2\/#primaryimage"},"image":{"@id":"https:\/\/www.karinibutiik.ee\/toode\/litritega-maksikleit-2\/#primaryimage"},"thumbnailUrl":"https:\/\/www.karinibutiik.ee\/wp-content\/uploads\/2024\/08\/IMG_4808-e1724323252843.jpeg","datePublished":"2024-09-22T10:48:43+00:00","dateModified":"2026-02-23T14:14:24+00:00","description":"Mirdziet ball\u012bt\u0113 ko\u0161\u0101, ko\u0161\u0101, dzirksto\u0161\u0101 atkritumu kleit\u0101. M\u016bsu kr\u0101\u0161\u0146\u0101 aknu kleita pie\u0161\u0137irs sv\u0113tku mirdzumu un p\u0101rliec\u012bbu. Ieg\u0101d\u0101jieties \u0161odien!","breadcrumb":{"@id":"https:\/\/www.karinibutiik.ee\/toode\/litritega-maksikleit-2\/#breadcrumb"},"inLanguage":"lv-LV","potentialAction":[{"@type":"ReadAction","target":["https:\/\/www.karinibutiik.ee\/toode\/litritega-maksikleit-2\/"]}]},{"@type":"ImageObject","inLanguage":"lv-LV","@id":"https:\/\/www.karinibutiik.ee\/toode\/litritega-maksikleit-2\/#primaryimage","url":"https:\/\/www.karinibutiik.ee\/wp-content\/uploads\/2024\/08\/IMG_4808-e1724323252843.jpeg","contentUrl":"https:\/\/www.karinibutiik.ee\/wp-content\/uploads\/2024\/08\/IMG_4808-e1724323252843.jpeg","width":980,"height":1282},{"@type":"BreadcrumbList","@id":"https:\/\/www.karinibutiik.ee\/toode\/litritega-maksikleit-2\/#breadcrumb","itemListElement":[{"@type":"ListItem","position":1,"name":"Home","item":"https:\/\/www.karinibutiik.ee\/"},{"@type":"ListItem","position":2,"name":"Pood","item":"https:\/\/www.karinibutiik.ee\/pood\/"},{"@type":"ListItem","position":3,"name":"LITRITEGA MAKSIKLEIT"}]},{"@type":"WebSite","@id":"https:\/\/www.karinibutiik.ee\/#website","url":"https:\/\/www.karinibutiik.ee\/","name":"Karini Butiik","description":"","publisher":{"@id":"https:\/\/www.karinibutiik.ee\/#organization"},"potentialAction":[{"@type":"SearchAction","target":{"@type":"EntryPoint","urlTemplate":"https:\/\/www.karinibutiik.ee\/?s={search_term_string}"},"query-input":{"@type":"PropertyValueSpecification","valueRequired":true,"valueName":"search_term_string"}}],"inLanguage":"lv-LV"},{"@type":"Organization","@id":"https:\/\/www.karinibutiik.ee\/#organization","name":"Karini Butiik","url":"https:\/\/www.karinibutiik.ee\/","logo":{"@type":"ImageObject","inLanguage":"lv-LV","@id":"https:\/\/www.karinibutiik.ee\/#\/schema\/logo\/image\/","url":"https:\/\/www.karinibutiik.ee\/wp-content\/uploads\/2024\/10\/Kuj.-K-koopia.png","contentUrl":"https:\/\/www.karinibutiik.ee\/wp-content\/uploads\/2024\/10\/Kuj.-K-koopia.png","width":500,"height":500,"caption":"Karini Butiik"},"image":{"@id":"https:\/\/www.karinibutiik.ee\/#\/schema\/logo\/image\/"},"sameAs":["https:\/\/www.facebook.com\/karinibutiik.ee","https:\/\/www.instagram.com\/karinibutiik"]}]},"og_availability":"instock","product_availability":"instock","product_retailer_item_id":"12767","product_condition":"new"},"_links":{"self":[{"href":"https:\/\/www.karinibutiik.ee\/lv\/wp-json\/wp\/v2\/product\/18379","targetHints":{"allow":["GET"]}}],"collection":[{"href":"https:\/\/www.karinibutiik.ee\/lv\/wp-json\/wp\/v2\/product"}],"about":[{"href":"https:\/\/www.karinibutiik.ee\/lv\/wp-json\/wp\/v2\/types\/product"}],"version-history":[{"count":1,"href":"https:\/\/www.karinibutiik.ee\/lv\/wp-json\/wp\/v2\/product\/18379\/revisions"}],"predecessor-version":[{"id":18396,"href":"https:\/\/www.karinibutiik.ee\/lv\/wp-json\/wp\/v2\/product\/18379\/revisions\/18396"}],"wp:featuredmedia":[{"embeddable":true,"href":"https:\/\/www.karinibutiik.ee\/lv\/wp-json\/wp\/v2\/media\/18381"}],"wp:attachment":[{"href":"https:\/\/www.karinibutiik.ee\/lv\/wp-json\/wp\/v2\/media?parent=18379"}],"wp:term":[{"taxonomy":"product_brand","embeddable":true,"href":"https:\/\/www.karinibutiik.ee\/lv\/wp-json\/wp\/v2\/product_brand?post=18379"},{"taxonomy":"product_cat","embeddable":true,"href":"https:\/\/www.karinibutiik.ee\/lv\/wp-json\/wp\/v2\/product_cat?post=18379"},{"taxonomy":"product_tag","embeddable":true,"href":"https:\/\/www.karinibutiik.ee\/lv\/wp-json\/wp\/v2\/product_tag?post=18379"}],"curies":[{"name":"wp","href":"https:\/\/api.w.org\/{rel}","templated":true}]}}